{"id":81479,"date":"2020-01-30T11:11:21","date_gmt":"2020-01-30T10:11:21","guid":{"rendered":"https:\/\/www.bagnoitalia.com\/product\/bathroom-cabinet-85-90-or-100-cm-glossy-white-matt-gray-light-oak-dark-oak-mirror-included-giusy3-model-2"},"modified":"2025-12-18T10:17:46","modified_gmt":"2025-12-18T09:17:46","slug":"bathroom-cabinet-85-90-or-100-cm-glossy-white-matt-gray-light-oak-dark-oak-mirror-included-giusy3-model-2","status":"publish","type":"product","link":"https:\/\/www.bagnoitalia.com\/de\/produkt\/bathroom-cabinet-85-90-or-100-cm-glossy-white-matt-gray-light-oak-dark-oak-mirror-included-giusy3-model-2.html","title":{"rendered":"Giusy3 Badezimmerschrank 85, 90 oder 100 cm in 9 Farben, modernes Wandmodell mit Spiegel und Waschbecken"},"content":{"rendered":"<p><strong><span dir=\"auto\">GIUSY3 BADEZIMMERM\u00d6BEL<\/span><\/strong><\/p>\n<p>&nbsp;<\/p>\n<p><span dir=\"auto\">Moderne, wandh\u00e4ngende Badezimmerm\u00f6bel sind in folgenden Gr\u00f6\u00dfen erh\u00e4ltlich (w\u00e4hlen Sie aus dem Men\u00fc oben):<\/span><\/p>\n<p>&nbsp;<\/p>\n<p><span dir=\"auto\">\u2013 90 cm Schrank\u00a0<\/span><strong><span dir=\"auto\">,\u00a0<\/span><\/strong><span dir=\"auto\">2 Schubladen<\/span><span dir=\"auto\">\u00a0mit\u00a070\u00d790 cm\u00a0<\/span><strong><span dir=\"auto\">Spiegel<\/span><\/strong><\/p>\n<p><span dir=\"auto\">\u2013 100 cm Schrank\u00a0<\/span><strong><span dir=\"auto\">,\u00a0<\/span><\/strong><span dir=\"auto\">2 Schubladen<\/span>\u00a0<span dir=\"auto\">mit<\/span><span dir=\"auto\">\u00a070\u00d7100 cm\u00a0<\/span><strong><span dir=\"auto\">Spiegel<\/span><\/strong><\/p>\n<p><span dir=\"auto\">\u2013 85 cm breiter Schrank\u00a0<\/span><strong><span dir=\"auto\">,\u00a0<\/span><\/strong><span dir=\"auto\">2 Schubladen + 1 T\u00fcr (mit\u00a0<\/span><strong><span dir=\"auto\">Sp\u00fcle rechts oder links<\/span><\/strong><span dir=\"auto\">\u00a0)<\/span>\u00a0<span dir=\"auto\">mit<\/span><span dir=\"auto\">\u00a070\u00d790 cm\u00a0<\/span><strong><span dir=\"auto\">gro\u00dfem Spiegel<\/span><\/strong><\/p>\n<p>&nbsp;<\/p>\n<p><span dir=\"auto\">Die\u00a0<\/span><strong><span dir=\"auto\">Tiefe<\/span><\/strong><span dir=\"auto\">\u00a0des Schranks betr\u00e4gt 46 cm.<\/span><\/p>\n<p><span dir=\"auto\">Die H\u00f6he betr\u00e4gt\u00a0<\/span><strong><span dir=\"auto\">54 cm.<\/span><\/strong><\/p>\n<p><span dir=\"auto\">Keramikwaschbecken (91, 101 oder 86,5 cm) mit Hahnloch und \u00dcberlauf<\/span><\/p>\n<p><span dir=\"auto\">Grifflose M\u00f6bel, das \u00d6ffnen wird durch eine Nut erleichtert<\/span><\/p>\n<p><span dir=\"auto\">Scharniere mit Soft-Close-System (ged\u00e4mpftes Schlie\u00dfen)<\/span><\/p>\n<p><span dir=\"auto\">Wendbarer rechteckiger Spiegel inklusive<\/span><\/p>\n<p><span dir=\"auto\">9 verf\u00fcgbare Farben: Satinschwarz, Glanzwei\u00df, Satinwei\u00df, Atlaseiche, Maya-Walnuss, Afrika-Eiche, Satingr\u00fcn, Satinblau, Satinrot<\/span><\/p>\n<p>&nbsp;<\/p>\n<p><span dir=\"auto\">Hinweis: Wasserh\u00e4hne, Abfluss und Wandleuchte sind nicht im Preis enthalten.<\/span><\/p>\n<p><span dir=\"auto\">Sie k\u00f6nnen eine passende Wandleuchte und\/oder S\u00e4ule hinzuf\u00fcgen, indem Sie diese aus dem obigen Dropdown-Men\u00fc ausw\u00e4hlen.<\/span><\/p>\n<p>&nbsp;<\/p>\n","protected":false},"excerpt":{"rendered":"<div class=\"woocommerce-product-details__short-description\">\n<p><span dir=\"auto\">Moderner, wandh\u00e4ngender Waschtisch, erh\u00e4ltlich in 90 und 100 cm Breite mit zwei Schubladen oder in 85 cm Breite mit zwei Schubladen und einer T\u00fcr. Verf\u00fcgbare Farben: Satinschwarz, Glanzwei\u00df, Satinwei\u00df, Atlas-Eiche, Maya-Nussbaum, Afrikanische Eiche, Satingr\u00fcn, Satinblau, Satinrot. Spiegel und Keramikwaschbecken inklusive.<\/span><\/p>\n<\/div>\n<div class=\"woocommerce-product-rating\">\n<div class=\"star-rating\" role=\"img\" aria-label=\"Bewertung: 5,00 von 5 Sternen\"><\/div>\n<\/div>\n","protected":false},"featured_media":115301,"comment_status":"open","ping_status":"closed","template":"","meta":[],"product_brand":[9883],"product_cat":[10116],"product_tag":[],"class_list":{"0":"post-81479","1":"product","2":"type-product","3":"status-publish","4":"has-post-thumbnail","6":"product_brand-deghi-de","7":"product_cat-senza-categoria-de","9":"first","10":"outofstock","11":"taxable","12":"shipping-taxable","13":"purchasable","14":"product-type-simple"},"exclude_global_add_ons":false,"addons":[{"name":"Typ","type":"multiple_choice","position":0,"required":true,"title_format":"label","default":"","description_enable":false,"description":"","placeholder_enable":false,"placeholder":"","display":"select","restrictions_type":"any_text","adjust_price":false,"price":"","price_type":"flat_fee","restrictions":false,"min":"0","max":"0","options":[{"label":"90cm Satinschwarz","price":"","price_type":"quantity_based","image":0,"visibility":true},{"label":"90cm Glanzwei\u00df","price":"","price_type":"quantity_based","image":0,"visibility":true},{"label":"90cm Satinwei\u00df","price":"","price_type":"quantity_based","image":0,"visibility":true},{"label":"90cm Atlaseiche - Rovere Atlas","price":"","price_type":"quantity_based","image":0,"visibility":true},{"label":"90cm Maya Walnuss - Noce maya","price":"","price_type":"quantity_based","image":0,"visibility":true},{"label":"90cm Afrika Eiche - Rovere Africa","price":"","price_type":"quantity_based","image":0,"visibility":true},{"label":"90cm Satingr\u00fcn","price":"","price_type":"quantity_based","image":0,"visibility":true},{"label":"90cm Satinblau","price":"","price_type":"quantity_based","image":0,"visibility":true},{"label":"90cm Satinrot","price":"","price_type":"quantity_based","image":0,"visibility":true},{"label":"100cm Satinschwarz","price":"40","price_type":"quantity_based","image":0,"visibility":true},{"label":"100cm Hochglanzwei\u00df","price":"40","price_type":"quantity_based","image":0,"visibility":true},{"label":"100cm Satinwei\u00df","price":"40","price_type":"quantity_based","image":0,"visibility":true},{"label":"100cm Atlaseiche - Rovere Atlas","price":"40","price_type":"quantity_based","image":0,"visibility":true},{"label":"100cm Maya Walnuss - Noce maya","price":"40","price_type":"quantity_based","image":0,"visibility":true},{"label":"100cm Afrika Eiche - Rovere Africa","price":"40","price_type":"quantity_based","image":0,"visibility":true},{"label":"100cm Satingr\u00fcn","price":"40","price_type":"quantity_based","image":0,"visibility":true},{"label":"100cm Satinblau","price":"40","price_type":"quantity_based","image":0,"visibility":true},{"label":"100cm Satinrot","price":"40","price_type":"quantity_based","image":0,"visibility":true},{"label":"85cm Waschbecken rechts- Satinschwarz","price":"30","price_type":"quantity_based","image":0,"visibility":true},{"label":"85cm Waschbecken rechts- Hochglanzwei\u00df","price":"30","price_type":"quantity_based","image":0,"visibility":true},{"label":"85cm Waschbecken rechts- Satinwei\u00df","price":"30","price_type":"quantity_based","image":0,"visibility":true},{"label":"85cm Waschbecken rechts- Atlaseiche - Rovere Atlas","price":"30","price_type":"quantity_based","image":0,"visibility":true},{"label":"85cm Waschbecken rechts- Maya Walnuss - Noce maya","price":"30","price_type":"quantity_based","image":0,"visibility":true},{"label":"85cm Waschbecken rechts- Afrika Eiche - Rovere Africa","price":"30","price_type":"quantity_based","image":0,"visibility":true},{"label":"85cm Waschbecken rechts- Satingr\u00fcn","price":"30","price_type":"quantity_based","image":0,"visibility":true},{"label":"85cm Waschbecken rechts- Satinblau","price":"30","price_type":"quantity_based","image":0,"visibility":true},{"label":"85cm Waschbecken rechts- Satinrot","price":"30","price_type":"quantity_based","image":0,"visibility":true},{"label":"85cm Waschbecken links- Satinschwarz","price":"30","price_type":"quantity_based","image":0,"visibility":true},{"label":"85cm Waschbecken links- Hochglanzwei\u00df","price":"30","price_type":"quantity_based","image":0,"visibility":true},{"label":"85cm Waschbecken links- Satinwei\u00df","price":"30","price_type":"quantity_based","image":0,"visibility":true},{"label":"85cm Waschbecken links- Atlaseiche - Rovere Atlas","price":"30","price_type":"quantity_based","image":0,"visibility":true},{"label":"85cm Waschbecken links- Maya Walnuss - Noce maya","price":"30","price_type":"quantity_based","image":0,"visibility":true},{"label":"85cm Waschbecken links- Afrika Eiche - Rovere Africa","price":"30","price_type":"quantity_based","image":0,"visibility":true},{"label":"85cm Waschbecken links- Satingr\u00fcn","price":"30","price_type":"quantity_based","image":0,"visibility":true},{"label":"85cm Waschbecken links- Satinblau","price":"30","price_type":"quantity_based","image":0,"visibility":true},{"label":"85cm Waschbecken links- Satinrot","price":"30","price_type":"quantity_based","image":0,"visibility":true}],"id":1745417895},{"name":"Wandleuchte","type":"multiple_choice","position":1,"required":true,"title_format":"heading","default":"","description_enable":false,"description":"","placeholder_enable":false,"placeholder":"","display":"select","restrictions_type":"any_text","adjust_price":false,"price":"","price_type":"flat_fee","restrictions":false,"min":"0","max":"0","options":[{"label":"KEINE Wandleuchte","price":"","price_type":"quantity_based","image":0,"visibility":true},{"label":"verchromte LED-Wandleuchte","price":"20","price_type":"quantity_based","image":0,"visibility":true},{"label":"schwarze LED-Wandleuchte","price":"25","price_type":"quantity_based","image":0,"visibility":true}],"id":1717601124},{"name":"Spalte","type":"multiple_choice","position":2,"required":true,"title_format":"heading","default":"","description_enable":false,"description":"","placeholder_enable":false,"placeholder":"","display":"select","restrictions_type":"any_text","adjust_price":false,"price":"","price_type":"flat_fee","restrictions":false,"min":"0","max":"0","options":[{"label":"Nein","price":"","price_type":"quantity_based","image":0,"visibility":true},{"label":"S\u00e4ule 30xT24,2xH140 cm","price":"309","price_type":"quantity_based","image":0,"visibility":true}],"id":1717601125}],"yoast_head":"<!-- This site is optimized with the Yoast SEO plugin v26.7 - https:\/\/yoast.com\/wordpress\/plugins\/seo\/ -->\n<title>Badezimmerschrank 85 90 oder 100 cm gl\u00e4nzend wei\u00df matt grau helle Eiche dunkle Eiche Spiegel enthalten Modell Giusy3<\/title>\n<meta name=\"description\" content=\"Modernes H\u00e4ngem\u00f6bel f\u00fcr das Badezimmer, erh\u00e4ltlich in 90 und 100 cm mit 2 Schubladen oder 85 cm mit 2 Schubladen und einer T\u00fcr. 4 Farben verf\u00fcgbar. Inklusive Spiegel und Keramik-Waschbecken.\" \/>\n<meta name=\"robots\" content=\"index, follow, max-snippet:-1, max-image-preview:large, max-video-preview:-1\" \/>\n<link rel=\"canonical\" href=\"https:\/\/www.bagnoitalia.com\/de\/produkt\/bathroom-cabinet-85-90-or-100-cm-glossy-white-matt-gray-light-oak-dark-oak-mirror-included-giusy3-model-2.html\" \/>\n<meta property=\"og:locale\" content=\"de_DE\" \/>\n<meta property=\"og:type\" content=\"article\" \/>\n<meta property=\"og:title\" content=\"Badezimmerschrank 85 90 oder 100 cm gl\u00e4nzend wei\u00df matt grau helle Eiche dunkle Eiche Spiegel enthalten Modell Giusy3\" \/>\n<meta property=\"og:description\" content=\"Modernes H\u00e4ngem\u00f6bel f\u00fcr das Badezimmer, erh\u00e4ltlich in 90 und 100 cm mit 2 Schubladen oder 85 cm mit 2 Schubladen und einer T\u00fcr. 4 Farben verf\u00fcgbar. Inklusive Spiegel und Keramik-Waschbecken.\" \/>\n<meta property=\"og:url\" content=\"https:\/\/www.bagnoitalia.com\/de\/produkt\/bathroom-cabinet-85-90-or-100-cm-glossy-white-matt-gray-light-oak-dark-oak-mirror-included-giusy3-model-2.html\" \/>\n<meta property=\"og:site_name\" content=\"Bagno Italia\" \/>\n<meta property=\"article:modified_time\" content=\"2025-12-18T09:17:46+00:00\" \/>\n<meta property=\"og:image\" content=\"https:\/\/img.bagnoitalia.com\/wp-content\/uploads\/mobile-bagno-giusy3-sospeso-moderno-85-90-100-colori.jpg\" \/>\n\t<meta property=\"og:image:width\" content=\"1000\" \/>\n\t<meta property=\"og:image:height\" content=\"1000\" \/>\n\t<meta property=\"og:image:type\" content=\"image\/jpeg\" \/>\n<meta name=\"twitter:card\" content=\"summary_large_image\" \/>\n<meta name=\"twitter:label1\" content=\"Gesch\u00e4tzte Lesezeit\" \/>\n\t<meta name=\"twitter:data1\" content=\"1\u00a0Minute\" \/>\n<script type=\"application\/ld+json\" class=\"yoast-schema-graph\">{\"@context\":\"https:\/\/schema.org\",\"@graph\":[{\"@type\":\"WebPage\",\"@id\":\"https:\/\/www.bagnoitalia.com\/de\/produkt\/bathroom-cabinet-85-90-or-100-cm-glossy-white-matt-gray-light-oak-dark-oak-mirror-included-giusy3-model-2.html\",\"url\":\"https:\/\/www.bagnoitalia.com\/de\/produkt\/bathroom-cabinet-85-90-or-100-cm-glossy-white-matt-gray-light-oak-dark-oak-mirror-included-giusy3-model-2.html\",\"name\":\"Badezimmerschrank 85 90 oder 100 cm gl\u00e4nzend wei\u00df matt grau helle Eiche dunkle Eiche Spiegel enthalten Modell Giusy3\",\"isPartOf\":{\"@id\":\"https:\/\/www.bagnoitalia.com\/de#website\"},\"primaryImageOfPage\":{\"@id\":\"https:\/\/www.bagnoitalia.com\/de\/produkt\/bathroom-cabinet-85-90-or-100-cm-glossy-white-matt-gray-light-oak-dark-oak-mirror-included-giusy3-model-2.html#primaryimage\"},\"image\":{\"@id\":\"https:\/\/www.bagnoitalia.com\/de\/produkt\/bathroom-cabinet-85-90-or-100-cm-glossy-white-matt-gray-light-oak-dark-oak-mirror-included-giusy3-model-2.html#primaryimage\"},\"thumbnailUrl\":\"https:\/\/img.bagnoitalia.com\/wp-content\/uploads\/mobile-bagno-giusy3-sospeso-moderno-85-90-100-colori.jpg\",\"datePublished\":\"2020-01-30T10:11:21+00:00\",\"dateModified\":\"2025-12-18T09:17:46+00:00\",\"description\":\"Modernes H\u00e4ngem\u00f6bel f\u00fcr das Badezimmer, erh\u00e4ltlich in 90 und 100 cm mit 2 Schubladen oder 85 cm mit 2 Schubladen und einer T\u00fcr. 4 Farben verf\u00fcgbar. Inklusive Spiegel und Keramik-Waschbecken.\",\"breadcrumb\":{\"@id\":\"https:\/\/www.bagnoitalia.com\/de\/produkt\/bathroom-cabinet-85-90-or-100-cm-glossy-white-matt-gray-light-oak-dark-oak-mirror-included-giusy3-model-2.html#breadcrumb\"},\"inLanguage\":\"de\",\"potentialAction\":[{\"@type\":\"ReadAction\",\"target\":[\"https:\/\/www.bagnoitalia.com\/de\/produkt\/bathroom-cabinet-85-90-or-100-cm-glossy-white-matt-gray-light-oak-dark-oak-mirror-included-giusy3-model-2.html\"]}]},{\"@type\":\"ImageObject\",\"inLanguage\":\"de\",\"@id\":\"https:\/\/www.bagnoitalia.com\/de\/produkt\/bathroom-cabinet-85-90-or-100-cm-glossy-white-matt-gray-light-oak-dark-oak-mirror-included-giusy3-model-2.html#primaryimage\",\"url\":\"https:\/\/img.bagnoitalia.com\/wp-content\/uploads\/mobile-bagno-giusy3-sospeso-moderno-85-90-100-colori.jpg\",\"contentUrl\":\"https:\/\/img.bagnoitalia.com\/wp-content\/uploads\/mobile-bagno-giusy3-sospeso-moderno-85-90-100-colori.jpg\",\"width\":1000,\"height\":1000},{\"@type\":\"BreadcrumbList\",\"@id\":\"https:\/\/www.bagnoitalia.com\/de\/produkt\/bathroom-cabinet-85-90-or-100-cm-glossy-white-matt-gray-light-oak-dark-oak-mirror-included-giusy3-model-2.html#breadcrumb\",\"itemListElement\":[{\"@type\":\"ListItem\",\"position\":1,\"name\":\"Home\",\"item\":\"https:\/\/www.bagnoitalia.com\/de\"},{\"@type\":\"ListItem\",\"position\":2,\"name\":\"Produkte\",\"item\":\"https:\/\/www.bagnoitalia.com\/de\/shop\"},{\"@type\":\"ListItem\",\"position\":3,\"name\":\"Giusy3 Badezimmerschrank 85, 90 oder 100 cm in 9 Farben, modernes Wandmodell mit Spiegel und Waschbecken\"}]},{\"@type\":\"WebSite\",\"@id\":\"https:\/\/www.bagnoitalia.com\/de#website\",\"url\":\"https:\/\/www.bagnoitalia.com\/de\",\"name\":\"Bagno Italia\",\"description\":\"\",\"publisher\":{\"@id\":\"https:\/\/www.bagnoitalia.com\/de#organization\"},\"potentialAction\":[{\"@type\":\"SearchAction\",\"target\":{\"@type\":\"EntryPoint\",\"urlTemplate\":\"https:\/\/www.bagnoitalia.com\/de?s={search_term_string}\"},\"query-input\":{\"@type\":\"PropertyValueSpecification\",\"valueRequired\":true,\"valueName\":\"search_term_string\"}}],\"inLanguage\":\"de\"},{\"@type\":\"Organization\",\"@id\":\"https:\/\/www.bagnoitalia.com\/de#organization\",\"name\":\"Bagno Italia\",\"url\":\"https:\/\/www.bagnoitalia.com\/de\",\"logo\":{\"@type\":\"ImageObject\",\"inLanguage\":\"de\",\"@id\":\"https:\/\/www.bagnoitalia.com\/de#\/schema\/logo\/image\/\",\"url\":\"https:\/\/img.bagnoitalia.com\/wp-content\/uploads\/logo-bagnoitalia.webp\",\"contentUrl\":\"https:\/\/img.bagnoitalia.com\/wp-content\/uploads\/logo-bagnoitalia.webp\",\"width\":400,\"height\":70,\"caption\":\"Bagno Italia\"},\"image\":{\"@id\":\"https:\/\/www.bagnoitalia.com\/de#\/schema\/logo\/image\/\"}}]}<\/script>\n<!-- \/ Yoast SEO plugin. -->","yoast_head_json":{"title":"Badezimmerschrank 85 90 oder 100 cm gl\u00e4nzend wei\u00df matt grau helle Eiche dunkle Eiche Spiegel enthalten Modell Giusy3","description":"Modernes H\u00e4ngem\u00f6bel f\u00fcr das Badezimmer, erh\u00e4ltlich in 90 und 100 cm mit 2 Schubladen oder 85 cm mit 2 Schubladen und einer T\u00fcr. 4 Farben verf\u00fcgbar. Inklusive Spiegel und Keramik-Waschbecken.","robots":{"index":"index","follow":"follow","max-snippet":"max-snippet:-1","max-image-preview":"max-image-preview:large","max-video-preview":"max-video-preview:-1"},"canonical":"https:\/\/www.bagnoitalia.com\/de\/produkt\/bathroom-cabinet-85-90-or-100-cm-glossy-white-matt-gray-light-oak-dark-oak-mirror-included-giusy3-model-2.html","og_locale":"de_DE","og_type":"article","og_title":"Badezimmerschrank 85 90 oder 100 cm gl\u00e4nzend wei\u00df matt grau helle Eiche dunkle Eiche Spiegel enthalten Modell Giusy3","og_description":"Modernes H\u00e4ngem\u00f6bel f\u00fcr das Badezimmer, erh\u00e4ltlich in 90 und 100 cm mit 2 Schubladen oder 85 cm mit 2 Schubladen und einer T\u00fcr. 4 Farben verf\u00fcgbar. Inklusive Spiegel und Keramik-Waschbecken.","og_url":"https:\/\/www.bagnoitalia.com\/de\/produkt\/bathroom-cabinet-85-90-or-100-cm-glossy-white-matt-gray-light-oak-dark-oak-mirror-included-giusy3-model-2.html","og_site_name":"Bagno Italia","article_modified_time":"2025-12-18T09:17:46+00:00","og_image":[{"width":1000,"height":1000,"url":"https:\/\/img.bagnoitalia.com\/wp-content\/uploads\/mobile-bagno-giusy3-sospeso-moderno-85-90-100-colori.jpg","type":"image\/jpeg"}],"twitter_card":"summary_large_image","twitter_misc":{"Gesch\u00e4tzte Lesezeit":"1\u00a0Minute"},"schema":{"@context":"https:\/\/schema.org","@graph":[{"@type":"WebPage","@id":"https:\/\/www.bagnoitalia.com\/de\/produkt\/bathroom-cabinet-85-90-or-100-cm-glossy-white-matt-gray-light-oak-dark-oak-mirror-included-giusy3-model-2.html","url":"https:\/\/www.bagnoitalia.com\/de\/produkt\/bathroom-cabinet-85-90-or-100-cm-glossy-white-matt-gray-light-oak-dark-oak-mirror-included-giusy3-model-2.html","name":"Badezimmerschrank 85 90 oder 100 cm gl\u00e4nzend wei\u00df matt grau helle Eiche dunkle Eiche Spiegel enthalten Modell Giusy3","isPartOf":{"@id":"https:\/\/www.bagnoitalia.com\/de#website"},"primaryImageOfPage":{"@id":"https:\/\/www.bagnoitalia.com\/de\/produkt\/bathroom-cabinet-85-90-or-100-cm-glossy-white-matt-gray-light-oak-dark-oak-mirror-included-giusy3-model-2.html#primaryimage"},"image":{"@id":"https:\/\/www.bagnoitalia.com\/de\/produkt\/bathroom-cabinet-85-90-or-100-cm-glossy-white-matt-gray-light-oak-dark-oak-mirror-included-giusy3-model-2.html#primaryimage"},"thumbnailUrl":"https:\/\/img.bagnoitalia.com\/wp-content\/uploads\/mobile-bagno-giusy3-sospeso-moderno-85-90-100-colori.jpg","datePublished":"2020-01-30T10:11:21+00:00","dateModified":"2025-12-18T09:17:46+00:00","description":"Modernes H\u00e4ngem\u00f6bel f\u00fcr das Badezimmer, erh\u00e4ltlich in 90 und 100 cm mit 2 Schubladen oder 85 cm mit 2 Schubladen und einer T\u00fcr. 4 Farben verf\u00fcgbar. Inklusive Spiegel und Keramik-Waschbecken.","breadcrumb":{"@id":"https:\/\/www.bagnoitalia.com\/de\/produkt\/bathroom-cabinet-85-90-or-100-cm-glossy-white-matt-gray-light-oak-dark-oak-mirror-included-giusy3-model-2.html#breadcrumb"},"inLanguage":"de","potentialAction":[{"@type":"ReadAction","target":["https:\/\/www.bagnoitalia.com\/de\/produkt\/bathroom-cabinet-85-90-or-100-cm-glossy-white-matt-gray-light-oak-dark-oak-mirror-included-giusy3-model-2.html"]}]},{"@type":"ImageObject","inLanguage":"de","@id":"https:\/\/www.bagnoitalia.com\/de\/produkt\/bathroom-cabinet-85-90-or-100-cm-glossy-white-matt-gray-light-oak-dark-oak-mirror-included-giusy3-model-2.html#primaryimage","url":"https:\/\/img.bagnoitalia.com\/wp-content\/uploads\/mobile-bagno-giusy3-sospeso-moderno-85-90-100-colori.jpg","contentUrl":"https:\/\/img.bagnoitalia.com\/wp-content\/uploads\/mobile-bagno-giusy3-sospeso-moderno-85-90-100-colori.jpg","width":1000,"height":1000},{"@type":"BreadcrumbList","@id":"https:\/\/www.bagnoitalia.com\/de\/produkt\/bathroom-cabinet-85-90-or-100-cm-glossy-white-matt-gray-light-oak-dark-oak-mirror-included-giusy3-model-2.html#breadcrumb","itemListElement":[{"@type":"ListItem","position":1,"name":"Home","item":"https:\/\/www.bagnoitalia.com\/de"},{"@type":"ListItem","position":2,"name":"Produkte","item":"https:\/\/www.bagnoitalia.com\/de\/shop"},{"@type":"ListItem","position":3,"name":"Giusy3 Badezimmerschrank 85, 90 oder 100 cm in 9 Farben, modernes Wandmodell mit Spiegel und Waschbecken"}]},{"@type":"WebSite","@id":"https:\/\/www.bagnoitalia.com\/de#website","url":"https:\/\/www.bagnoitalia.com\/de","name":"Bagno Italia","description":"","publisher":{"@id":"https:\/\/www.bagnoitalia.com\/de#organization"},"potentialAction":[{"@type":"SearchAction","target":{"@type":"EntryPoint","urlTemplate":"https:\/\/www.bagnoitalia.com\/de?s={search_term_string}"},"query-input":{"@type":"PropertyValueSpecification","valueRequired":true,"valueName":"search_term_string"}}],"inLanguage":"de"},{"@type":"Organization","@id":"https:\/\/www.bagnoitalia.com\/de#organization","name":"Bagno Italia","url":"https:\/\/www.bagnoitalia.com\/de","logo":{"@type":"ImageObject","inLanguage":"de","@id":"https:\/\/www.bagnoitalia.com\/de#\/schema\/logo\/image\/","url":"https:\/\/img.bagnoitalia.com\/wp-content\/uploads\/logo-bagnoitalia.webp","contentUrl":"https:\/\/img.bagnoitalia.com\/wp-content\/uploads\/logo-bagnoitalia.webp","width":400,"height":70,"caption":"Bagno Italia"},"image":{"@id":"https:\/\/www.bagnoitalia.com\/de#\/schema\/logo\/image\/"}}]}},"_links":{"self":[{"href":"https:\/\/www.bagnoitalia.com\/de\/wp-json\/wp\/v2\/product\/81479","targetHints":{"allow":["GET"]}}],"collection":[{"href":"https:\/\/www.bagnoitalia.com\/de\/wp-json\/wp\/v2\/product"}],"about":[{"href":"https:\/\/www.bagnoitalia.com\/de\/wp-json\/wp\/v2\/types\/product"}],"replies":[{"embeddable":true,"href":"https:\/\/www.bagnoitalia.com\/de\/wp-json\/wp\/v2\/comments?post=81479"}],"version-history":[{"count":5,"href":"https:\/\/www.bagnoitalia.com\/de\/wp-json\/wp\/v2\/product\/81479\/revisions"}],"predecessor-version":[{"id":115427,"href":"https:\/\/www.bagnoitalia.com\/de\/wp-json\/wp\/v2\/product\/81479\/revisions\/115427"}],"wp:featuredmedia":[{"embeddable":true,"href":"https:\/\/www.bagnoitalia.com\/de\/wp-json\/wp\/v2\/media\/115301"}],"wp:attachment":[{"href":"https:\/\/www.bagnoitalia.com\/de\/wp-json\/wp\/v2\/media?parent=81479"}],"wp:term":[{"taxonomy":"product_brand","embeddable":true,"href":"https:\/\/www.bagnoitalia.com\/de\/wp-json\/wp\/v2\/product_brand?post=81479"},{"taxonomy":"product_cat","embeddable":true,"href":"https:\/\/www.bagnoitalia.com\/de\/wp-json\/wp\/v2\/product_cat?post=81479"},{"taxonomy":"product_tag","embeddable":true,"href":"https:\/\/www.bagnoitalia.com\/de\/wp-json\/wp\/v2\/product_tag?post=81479"}],"curies":[{"name":"wp","href":"https:\/\/api.w.org\/{rel}","templated":true}]}}