{"id":81449,"date":"2019-09-17T13:00:15","date_gmt":"2019-09-17T11:00:15","guid":{"rendered":"https:\/\/www.bagnoitalia.com\/product\/floor-mounted-sanitary-ware-wc-and-bidet-modern-design-with-wc-cover-and-translated-exhaust-rock-model-2"},"modified":"2024-06-03T11:31:04","modified_gmt":"2024-06-03T09:31:04","slug":"floor-mounted-sanitary-ware-wc-and-bidet-modern-design-with-wc-cover-and-translated-exhaust-rock-model-2","status":"publish","type":"product","link":"https:\/\/www.bagnoitalia.com\/de\/produkt\/floor-mounted-sanitary-ware-wc-and-bidet-modern-design-with-wc-cover-and-translated-exhaust-rock-model-2.html","title":{"rendered":"Rock Tiefsp\u00fcl-WC mit Bidet, modernes Design, mit WC-Deckel"},"content":{"rendered":"<p><span style=\"font-size: 12pt;\"><strong>Rock Tiefsp\u00fcl-WC<\/strong><\/span><\/p>\n<p>&nbsp;<\/p>\n<p><span style=\"text-decoration: underline; font-size: 12pt;\">Der Preis beinhaltet:<\/span><\/p>\n<p><span style=\"font-size: 12pt;\">1 Toilette: 55x37x41cm<\/span><\/p>\n<p><span style=\"font-size: 12pt;\">1 Bidet: 51x37x41cm<\/span><\/p>\n<p><span style=\"font-size: 12pt;\">1 duroplastischer WC-Deckel (\u00fcber das Seitenmen\u00fc kann der Sitz mit soft-close-System bestellt werden)<br \/>\n<\/span><\/p>\n<p>&nbsp;<\/p>\n<p><span style=\"font-size: 12pt;\">Material: Keramik, wei\u00df<\/span><\/p>\n<p><span style=\"font-size: 12pt;\">Bodenmontage<\/span><\/p>\n<p>&nbsp;<\/p>\n<p><span style=\"font-size: 12pt;\">Bemerkung: Bogen und Mischer sind nicht im Preis inbegriffen.<\/span><\/p>\n<p>&nbsp;<\/p>\n<p>&nbsp;<\/p>\n","protected":false},"excerpt":{"rendered":"<p>Sanit\u00e4ranlagen aus wei\u00dfer Keramik, wandb\u00fcndig, mit \u00fcbertragenem Abfluss. Mit klassischem WC-Deckel oder mit soft-close-System.<\/p>\n","protected":false},"featured_media":44994,"comment_status":"open","ping_status":"closed","template":"","meta":[],"product_brand":[5006],"product_cat":[9696],"product_tag":[],"class_list":{"0":"post-81449","1":"product","2":"type-product","3":"status-publish","4":"has-post-thumbnail","6":"product_brand-deghi","7":"product_cat-badkeramik","9":"first","10":"instock","11":"sale","12":"taxable","13":"shipping-taxable","14":"purchasable","15":"product-type-simple"},"exclude_global_add_ons":false,"addons":[{"name":"Toilettendeckel","type":"multiple_choice","position":0,"required":true,"title_format":"heading","default":"","description_enable":false,"description":"","placeholder_enable":false,"placeholder":"","display":"select","restrictions_type":"any_text","adjust_price":false,"price":"","price_type":"flat_fee","restrictions":false,"min":"0","max":"0","options":[{"label":"Standard-Toilettendeckel","price":"","price_type":"quantity_based","image":0,"visibility":true},{"label":"Toilettendeckel mit Absenkautomatik","price":"10","price_type":"quantity_based","image":0,"visibility":true}],"id":1717414264}],"yoast_head":"<!-- This site is optimized with the Yoast SEO plugin v26.7 - https:\/\/yoast.com\/wordpress\/plugins\/seo\/ -->\n<title>Floor mounted sanitary ware wc and bidet modern design with wc cover and translated exhaust Rock model<\/title>\n<meta name=\"description\" content=\"Pair of sanitary ware in white ceramic, flush, with translated exhaust\" \/>\n<meta name=\"robots\" content=\"index, follow, max-snippet:-1, max-image-preview:large, max-video-preview:-1\" \/>\n<link rel=\"canonical\" href=\"https:\/\/www.bagnoitalia.com\/de\/produkt\/floor-mounted-sanitary-ware-wc-and-bidet-modern-design-with-wc-cover-and-translated-exhaust-rock-model-2.html\" \/>\n<meta property=\"og:locale\" content=\"de_DE\" \/>\n<meta property=\"og:type\" content=\"article\" \/>\n<meta property=\"og:title\" content=\"Floor mounted sanitary ware wc and bidet modern design with wc cover and translated exhaust Rock model\" \/>\n<meta property=\"og:description\" content=\"Pair of sanitary ware in white ceramic, flush, with translated exhaust\" \/>\n<meta property=\"og:url\" content=\"https:\/\/www.bagnoitalia.com\/de\/produkt\/floor-mounted-sanitary-ware-wc-and-bidet-modern-design-with-wc-cover-and-translated-exhaust-rock-model-2.html\" \/>\n<meta property=\"og:site_name\" content=\"Bagno Italia\" \/>\n<meta property=\"article:modified_time\" content=\"2024-06-03T09:31:04+00:00\" \/>\n<meta property=\"og:image\" content=\"https:\/\/img.bagnoitalia.com\/wp-content\/uploads\/virtuemart\/product\/sanitari-filomuro-a-terra-ceramica-traslato.jpg\" \/>\n\t<meta property=\"og:image:width\" content=\"550\" \/>\n\t<meta property=\"og:image:height\" content=\"550\" \/>\n\t<meta property=\"og:image:type\" content=\"image\/jpeg\" \/>\n<meta name=\"twitter:card\" content=\"summary_large_image\" \/>\n<meta name=\"twitter:label1\" content=\"Gesch\u00e4tzte Lesezeit\" \/>\n\t<meta name=\"twitter:data1\" content=\"1\u00a0Minute\" \/>\n<script type=\"application\/ld+json\" class=\"yoast-schema-graph\">{\"@context\":\"https:\/\/schema.org\",\"@graph\":[{\"@type\":\"WebPage\",\"@id\":\"https:\/\/www.bagnoitalia.com\/de\/produkt\/floor-mounted-sanitary-ware-wc-and-bidet-modern-design-with-wc-cover-and-translated-exhaust-rock-model-2.html\",\"url\":\"https:\/\/www.bagnoitalia.com\/de\/produkt\/floor-mounted-sanitary-ware-wc-and-bidet-modern-design-with-wc-cover-and-translated-exhaust-rock-model-2.html\",\"name\":\"Floor mounted sanitary ware wc and bidet modern design with wc cover and translated exhaust Rock model\",\"isPartOf\":{\"@id\":\"https:\/\/www.bagnoitalia.com\/de#website\"},\"primaryImageOfPage\":{\"@id\":\"https:\/\/www.bagnoitalia.com\/de\/produkt\/floor-mounted-sanitary-ware-wc-and-bidet-modern-design-with-wc-cover-and-translated-exhaust-rock-model-2.html#primaryimage\"},\"image\":{\"@id\":\"https:\/\/www.bagnoitalia.com\/de\/produkt\/floor-mounted-sanitary-ware-wc-and-bidet-modern-design-with-wc-cover-and-translated-exhaust-rock-model-2.html#primaryimage\"},\"thumbnailUrl\":\"https:\/\/img.bagnoitalia.com\/wp-content\/uploads\/virtuemart\/product\/sanitari-filomuro-a-terra-ceramica-traslato.jpg\",\"datePublished\":\"2019-09-17T11:00:15+00:00\",\"dateModified\":\"2024-06-03T09:31:04+00:00\",\"description\":\"Pair of sanitary ware in white ceramic, flush, with translated exhaust\",\"breadcrumb\":{\"@id\":\"https:\/\/www.bagnoitalia.com\/de\/produkt\/floor-mounted-sanitary-ware-wc-and-bidet-modern-design-with-wc-cover-and-translated-exhaust-rock-model-2.html#breadcrumb\"},\"inLanguage\":\"de\",\"potentialAction\":[{\"@type\":\"ReadAction\",\"target\":[\"https:\/\/www.bagnoitalia.com\/de\/produkt\/floor-mounted-sanitary-ware-wc-and-bidet-modern-design-with-wc-cover-and-translated-exhaust-rock-model-2.html\"]}]},{\"@type\":\"ImageObject\",\"inLanguage\":\"de\",\"@id\":\"https:\/\/www.bagnoitalia.com\/de\/produkt\/floor-mounted-sanitary-ware-wc-and-bidet-modern-design-with-wc-cover-and-translated-exhaust-rock-model-2.html#primaryimage\",\"url\":\"https:\/\/img.bagnoitalia.com\/wp-content\/uploads\/virtuemart\/product\/sanitari-filomuro-a-terra-ceramica-traslato.jpg\",\"contentUrl\":\"https:\/\/img.bagnoitalia.com\/wp-content\/uploads\/virtuemart\/product\/sanitari-filomuro-a-terra-ceramica-traslato.jpg\",\"width\":550,\"height\":550},{\"@type\":\"BreadcrumbList\",\"@id\":\"https:\/\/www.bagnoitalia.com\/de\/produkt\/floor-mounted-sanitary-ware-wc-and-bidet-modern-design-with-wc-cover-and-translated-exhaust-rock-model-2.html#breadcrumb\",\"itemListElement\":[{\"@type\":\"ListItem\",\"position\":1,\"name\":\"Home\",\"item\":\"https:\/\/www.bagnoitalia.com\/de\"},{\"@type\":\"ListItem\",\"position\":2,\"name\":\"Produkte\",\"item\":\"https:\/\/www.bagnoitalia.com\/de\/shop\"},{\"@type\":\"ListItem\",\"position\":3,\"name\":\"Rock Tiefsp\u00fcl-WC mit Bidet, modernes Design, mit WC-Deckel\"}]},{\"@type\":\"WebSite\",\"@id\":\"https:\/\/www.bagnoitalia.com\/de#website\",\"url\":\"https:\/\/www.bagnoitalia.com\/de\",\"name\":\"Bagno Italia\",\"description\":\"\",\"publisher\":{\"@id\":\"https:\/\/www.bagnoitalia.com\/de#organization\"},\"potentialAction\":[{\"@type\":\"SearchAction\",\"target\":{\"@type\":\"EntryPoint\",\"urlTemplate\":\"https:\/\/www.bagnoitalia.com\/de?s={search_term_string}\"},\"query-input\":{\"@type\":\"PropertyValueSpecification\",\"valueRequired\":true,\"valueName\":\"search_term_string\"}}],\"inLanguage\":\"de\"},{\"@type\":\"Organization\",\"@id\":\"https:\/\/www.bagnoitalia.com\/de#organization\",\"name\":\"Bagno Italia\",\"url\":\"https:\/\/www.bagnoitalia.com\/de\",\"logo\":{\"@type\":\"ImageObject\",\"inLanguage\":\"de\",\"@id\":\"https:\/\/www.bagnoitalia.com\/de#\/schema\/logo\/image\/\",\"url\":\"https:\/\/img.bagnoitalia.com\/wp-content\/uploads\/logo-bagnoitalia.webp\",\"contentUrl\":\"https:\/\/img.bagnoitalia.com\/wp-content\/uploads\/logo-bagnoitalia.webp\",\"width\":400,\"height\":70,\"caption\":\"Bagno Italia\"},\"image\":{\"@id\":\"https:\/\/www.bagnoitalia.com\/de#\/schema\/logo\/image\/\"}}]}<\/script>\n<!-- \/ Yoast SEO plugin. -->","yoast_head_json":{"title":"Floor mounted sanitary ware wc and bidet modern design with wc cover and translated exhaust Rock model","description":"Pair of sanitary ware in white ceramic, flush, with translated exhaust","robots":{"index":"index","follow":"follow","max-snippet":"max-snippet:-1","max-image-preview":"max-image-preview:large","max-video-preview":"max-video-preview:-1"},"canonical":"https:\/\/www.bagnoitalia.com\/de\/produkt\/floor-mounted-sanitary-ware-wc-and-bidet-modern-design-with-wc-cover-and-translated-exhaust-rock-model-2.html","og_locale":"de_DE","og_type":"article","og_title":"Floor mounted sanitary ware wc and bidet modern design with wc cover and translated exhaust Rock model","og_description":"Pair of sanitary ware in white ceramic, flush, with translated exhaust","og_url":"https:\/\/www.bagnoitalia.com\/de\/produkt\/floor-mounted-sanitary-ware-wc-and-bidet-modern-design-with-wc-cover-and-translated-exhaust-rock-model-2.html","og_site_name":"Bagno Italia","article_modified_time":"2024-06-03T09:31:04+00:00","og_image":[{"width":550,"height":550,"url":"https:\/\/img.bagnoitalia.com\/wp-content\/uploads\/virtuemart\/product\/sanitari-filomuro-a-terra-ceramica-traslato.jpg","type":"image\/jpeg"}],"twitter_card":"summary_large_image","twitter_misc":{"Gesch\u00e4tzte Lesezeit":"1\u00a0Minute"},"schema":{"@context":"https:\/\/schema.org","@graph":[{"@type":"WebPage","@id":"https:\/\/www.bagnoitalia.com\/de\/produkt\/floor-mounted-sanitary-ware-wc-and-bidet-modern-design-with-wc-cover-and-translated-exhaust-rock-model-2.html","url":"https:\/\/www.bagnoitalia.com\/de\/produkt\/floor-mounted-sanitary-ware-wc-and-bidet-modern-design-with-wc-cover-and-translated-exhaust-rock-model-2.html","name":"Floor mounted sanitary ware wc and bidet modern design with wc cover and translated exhaust Rock model","isPartOf":{"@id":"https:\/\/www.bagnoitalia.com\/de#website"},"primaryImageOfPage":{"@id":"https:\/\/www.bagnoitalia.com\/de\/produkt\/floor-mounted-sanitary-ware-wc-and-bidet-modern-design-with-wc-cover-and-translated-exhaust-rock-model-2.html#primaryimage"},"image":{"@id":"https:\/\/www.bagnoitalia.com\/de\/produkt\/floor-mounted-sanitary-ware-wc-and-bidet-modern-design-with-wc-cover-and-translated-exhaust-rock-model-2.html#primaryimage"},"thumbnailUrl":"https:\/\/img.bagnoitalia.com\/wp-content\/uploads\/virtuemart\/product\/sanitari-filomuro-a-terra-ceramica-traslato.jpg","datePublished":"2019-09-17T11:00:15+00:00","dateModified":"2024-06-03T09:31:04+00:00","description":"Pair of sanitary ware in white ceramic, flush, with translated exhaust","breadcrumb":{"@id":"https:\/\/www.bagnoitalia.com\/de\/produkt\/floor-mounted-sanitary-ware-wc-and-bidet-modern-design-with-wc-cover-and-translated-exhaust-rock-model-2.html#breadcrumb"},"inLanguage":"de","potentialAction":[{"@type":"ReadAction","target":["https:\/\/www.bagnoitalia.com\/de\/produkt\/floor-mounted-sanitary-ware-wc-and-bidet-modern-design-with-wc-cover-and-translated-exhaust-rock-model-2.html"]}]},{"@type":"ImageObject","inLanguage":"de","@id":"https:\/\/www.bagnoitalia.com\/de\/produkt\/floor-mounted-sanitary-ware-wc-and-bidet-modern-design-with-wc-cover-and-translated-exhaust-rock-model-2.html#primaryimage","url":"https:\/\/img.bagnoitalia.com\/wp-content\/uploads\/virtuemart\/product\/sanitari-filomuro-a-terra-ceramica-traslato.jpg","contentUrl":"https:\/\/img.bagnoitalia.com\/wp-content\/uploads\/virtuemart\/product\/sanitari-filomuro-a-terra-ceramica-traslato.jpg","width":550,"height":550},{"@type":"BreadcrumbList","@id":"https:\/\/www.bagnoitalia.com\/de\/produkt\/floor-mounted-sanitary-ware-wc-and-bidet-modern-design-with-wc-cover-and-translated-exhaust-rock-model-2.html#breadcrumb","itemListElement":[{"@type":"ListItem","position":1,"name":"Home","item":"https:\/\/www.bagnoitalia.com\/de"},{"@type":"ListItem","position":2,"name":"Produkte","item":"https:\/\/www.bagnoitalia.com\/de\/shop"},{"@type":"ListItem","position":3,"name":"Rock Tiefsp\u00fcl-WC mit Bidet, modernes Design, mit WC-Deckel"}]},{"@type":"WebSite","@id":"https:\/\/www.bagnoitalia.com\/de#website","url":"https:\/\/www.bagnoitalia.com\/de","name":"Bagno Italia","description":"","publisher":{"@id":"https:\/\/www.bagnoitalia.com\/de#organization"},"potentialAction":[{"@type":"SearchAction","target":{"@type":"EntryPoint","urlTemplate":"https:\/\/www.bagnoitalia.com\/de?s={search_term_string}"},"query-input":{"@type":"PropertyValueSpecification","valueRequired":true,"valueName":"search_term_string"}}],"inLanguage":"de"},{"@type":"Organization","@id":"https:\/\/www.bagnoitalia.com\/de#organization","name":"Bagno Italia","url":"https:\/\/www.bagnoitalia.com\/de","logo":{"@type":"ImageObject","inLanguage":"de","@id":"https:\/\/www.bagnoitalia.com\/de#\/schema\/logo\/image\/","url":"https:\/\/img.bagnoitalia.com\/wp-content\/uploads\/logo-bagnoitalia.webp","contentUrl":"https:\/\/img.bagnoitalia.com\/wp-content\/uploads\/logo-bagnoitalia.webp","width":400,"height":70,"caption":"Bagno Italia"},"image":{"@id":"https:\/\/www.bagnoitalia.com\/de#\/schema\/logo\/image\/"}}]}},"_links":{"self":[{"href":"https:\/\/www.bagnoitalia.com\/de\/wp-json\/wp\/v2\/product\/81449","targetHints":{"allow":["GET"]}}],"collection":[{"href":"https:\/\/www.bagnoitalia.com\/de\/wp-json\/wp\/v2\/product"}],"about":[{"href":"https:\/\/www.bagnoitalia.com\/de\/wp-json\/wp\/v2\/types\/product"}],"replies":[{"embeddable":true,"href":"https:\/\/www.bagnoitalia.com\/de\/wp-json\/wp\/v2\/comments?post=81449"}],"version-history":[{"count":1,"href":"https:\/\/www.bagnoitalia.com\/de\/wp-json\/wp\/v2\/product\/81449\/revisions"}],"predecessor-version":[{"id":89093,"href":"https:\/\/www.bagnoitalia.com\/de\/wp-json\/wp\/v2\/product\/81449\/revisions\/89093"}],"wp:featuredmedia":[{"embeddable":true,"href":"https:\/\/www.bagnoitalia.com\/de\/wp-json\/wp\/v2\/media\/44994"}],"wp:attachment":[{"href":"https:\/\/www.bagnoitalia.com\/de\/wp-json\/wp\/v2\/media?parent=81449"}],"wp:term":[{"taxonomy":"product_brand","embeddable":true,"href":"https:\/\/www.bagnoitalia.com\/de\/wp-json\/wp\/v2\/product_brand?post=81449"},{"taxonomy":"product_cat","embeddable":true,"href":"https:\/\/www.bagnoitalia.com\/de\/wp-json\/wp\/v2\/product_cat?post=81449"},{"taxonomy":"product_tag","embeddable":true,"href":"https:\/\/www.bagnoitalia.com\/de\/wp-json\/wp\/v2\/product_tag?post=81449"}],"curies":[{"name":"wp","href":"https:\/\/api.w.org\/{rel}","templated":true}]}}