{"id":81435,"date":"2019-09-16T14:54:10","date_gmt":"2019-09-16T12:54:10","guid":{"rendered":"https:\/\/www.bagnoitalia.com\/product\/bathtub-mixer-with-hand-shower-and-wall-support-in-2-models-rb66-2"},"modified":"2024-05-23T15:44:44","modified_gmt":"2024-05-23T13:44:44","slug":"bathtub-mixer-with-hand-shower-and-wall-support-in-2-models-rb66-2","status":"publish","type":"product","link":"https:\/\/www.bagnoitalia.com\/de\/produkt\/bathtub-mixer-with-hand-shower-and-wall-support-in-2-models-rb66-2.html","title":{"rendered":"Badmischer mit Duschkopf und Wandhalterung, in 2 verschiedenen Modellen erh\u00e4ltlich"},"content":{"rendered":"<p>&nbsp;<\/p>\n<p><span style=\"font-size: 12pt;\"><strong>Moderner Wasserhahn f\u00fcr Badewannen in zwei verschiedenen Modellen\u00a0<\/strong><\/span><\/p>\n<p>&nbsp;<\/p>\n<p><span style=\"font-size: 12pt;\">Aus dem Seitenmen\u00fc k\u00f6nnen Sie das erste oder zweite Modell w\u00e4hlen.<\/span><\/p>\n<p>&nbsp;<\/p>\n<p><span style=\"text-decoration: underline;\"><span style=\"font-size: 12pt;\">Der Preis beinhaltet:<\/span><\/span><\/p>\n<p><span style=\"font-size: 12pt;\">1 Duschkopf<\/span><\/p>\n<p><span style=\"font-size: 12pt;\">1 Knopf f\u00fcr die Wasserverteilung (vom Wasserhahn zum Duschknopf und zur\u00fcck)<\/span><\/p>\n<p><span style=\"font-size: 12pt;\">1 Anschlussschlauch<\/span><\/p>\n<p><span style=\"font-size: 12pt;\">1 Mischer<\/span><\/p>\n<p><span style=\"font-size: 12pt;\">1 Halterung f\u00fcr die Wand (f\u00fcr den Duschkopf)<\/span><\/p>\n<p>&nbsp;<\/p>\n<p>&nbsp;<\/p>\n","protected":false},"excerpt":{"rendered":"<p>moderner Badmischer mit Duschkopf, Verteiler und Wandhalterung. Produkt in 2 verschiedenen Modellen erh\u00e4ltlich.<\/p>\n","protected":false},"featured_media":44816,"comment_status":"open","ping_status":"closed","template":"","meta":[],"product_brand":[9901,9955],"product_cat":[10037],"product_tag":[],"class_list":{"0":"post-81435","1":"product","2":"type-product","3":"status-publish","4":"has-post-thumbnail","6":"product_brand-baritermo-de","7":"product_brand-thermo-professional-de","8":"product_cat-wannenarmaturen","10":"first","11":"instock","12":"sale","13":"taxable","14":"shipping-taxable","15":"purchasable","16":"product-type-simple"},"exclude_global_add_ons":false,"addons":[{"name":"Typ","type":"multiple_choice","position":0,"required":true,"title_format":"heading","default":"","description_enable":false,"description":"","placeholder_enable":false,"placeholder":"","display":"select","restrictions_type":"any_text","adjust_price":false,"price":"","price_type":"flat_fee","restrictions":false,"min":"0","max":"0","options":[{"label":"Modell 1","price":"","price_type":"quantity_based","image":0,"visibility":true},{"label":"Modell 2","price":"11","price_type":"quantity_based","image":0,"visibility":true}],"id":1716479085}],"yoast_head":"<!-- This site is optimized with the Yoast SEO plugin v26.7 - https:\/\/yoast.com\/wordpress\/plugins\/seo\/ -->\n<title>Bathtub mixer with hand shower and wall support in 2 models RB66<\/title>\n<meta name=\"description\" content=\"Modern bathtub tap available in two types, equipped with mixer, hand shower and diverter. Wall support included\" \/>\n<meta name=\"robots\" content=\"index, follow, max-snippet:-1, max-image-preview:large, max-video-preview:-1\" \/>\n<link rel=\"canonical\" href=\"https:\/\/www.bagnoitalia.com\/de\/produkt\/bathtub-mixer-with-hand-shower-and-wall-support-in-2-models-rb66-2.html\" \/>\n<meta property=\"og:locale\" content=\"de_DE\" \/>\n<meta property=\"og:type\" content=\"article\" \/>\n<meta property=\"og:title\" content=\"Bathtub mixer with hand shower and wall support in 2 models RB66\" \/>\n<meta property=\"og:description\" content=\"Modern bathtub tap available in two types, equipped with mixer, hand shower and diverter. Wall support included\" \/>\n<meta property=\"og:url\" content=\"https:\/\/www.bagnoitalia.com\/de\/produkt\/bathtub-mixer-with-hand-shower-and-wall-support-in-2-models-rb66-2.html\" \/>\n<meta property=\"og:site_name\" content=\"Bagno Italia\" \/>\n<meta property=\"article:modified_time\" content=\"2024-05-23T13:44:44+00:00\" \/>\n<meta property=\"og:image\" content=\"https:\/\/img.bagnoitalia.com\/wp-content\/uploads\/virtuemart\/product\/bathtub-mixer-with-hand-shower_1568645701_18.jpg\" \/>\n\t<meta property=\"og:image:width\" content=\"728\" \/>\n\t<meta property=\"og:image:height\" content=\"728\" \/>\n\t<meta property=\"og:image:type\" content=\"image\/jpeg\" \/>\n<meta name=\"twitter:card\" content=\"summary_large_image\" \/>\n<meta name=\"twitter:label1\" content=\"Gesch\u00e4tzte Lesezeit\" \/>\n\t<meta name=\"twitter:data1\" content=\"1\u00a0Minute\" \/>\n<script type=\"application\/ld+json\" class=\"yoast-schema-graph\">{\"@context\":\"https:\/\/schema.org\",\"@graph\":[{\"@type\":\"WebPage\",\"@id\":\"https:\/\/www.bagnoitalia.com\/de\/produkt\/bathtub-mixer-with-hand-shower-and-wall-support-in-2-models-rb66-2.html\",\"url\":\"https:\/\/www.bagnoitalia.com\/de\/produkt\/bathtub-mixer-with-hand-shower-and-wall-support-in-2-models-rb66-2.html\",\"name\":\"Bathtub mixer with hand shower and wall support in 2 models RB66\",\"isPartOf\":{\"@id\":\"https:\/\/www.bagnoitalia.com\/de#website\"},\"primaryImageOfPage\":{\"@id\":\"https:\/\/www.bagnoitalia.com\/de\/produkt\/bathtub-mixer-with-hand-shower-and-wall-support-in-2-models-rb66-2.html#primaryimage\"},\"image\":{\"@id\":\"https:\/\/www.bagnoitalia.com\/de\/produkt\/bathtub-mixer-with-hand-shower-and-wall-support-in-2-models-rb66-2.html#primaryimage\"},\"thumbnailUrl\":\"https:\/\/img.bagnoitalia.com\/wp-content\/uploads\/virtuemart\/product\/bathtub-mixer-with-hand-shower_1568645701_18.jpg\",\"datePublished\":\"2019-09-16T12:54:10+00:00\",\"dateModified\":\"2024-05-23T13:44:44+00:00\",\"description\":\"Modern bathtub tap available in two types, equipped with mixer, hand shower and diverter. Wall support included\",\"breadcrumb\":{\"@id\":\"https:\/\/www.bagnoitalia.com\/de\/produkt\/bathtub-mixer-with-hand-shower-and-wall-support-in-2-models-rb66-2.html#breadcrumb\"},\"inLanguage\":\"de\",\"potentialAction\":[{\"@type\":\"ReadAction\",\"target\":[\"https:\/\/www.bagnoitalia.com\/de\/produkt\/bathtub-mixer-with-hand-shower-and-wall-support-in-2-models-rb66-2.html\"]}]},{\"@type\":\"ImageObject\",\"inLanguage\":\"de\",\"@id\":\"https:\/\/www.bagnoitalia.com\/de\/produkt\/bathtub-mixer-with-hand-shower-and-wall-support-in-2-models-rb66-2.html#primaryimage\",\"url\":\"https:\/\/img.bagnoitalia.com\/wp-content\/uploads\/virtuemart\/product\/bathtub-mixer-with-hand-shower_1568645701_18.jpg\",\"contentUrl\":\"https:\/\/img.bagnoitalia.com\/wp-content\/uploads\/virtuemart\/product\/bathtub-mixer-with-hand-shower_1568645701_18.jpg\",\"width\":728,\"height\":728},{\"@type\":\"BreadcrumbList\",\"@id\":\"https:\/\/www.bagnoitalia.com\/de\/produkt\/bathtub-mixer-with-hand-shower-and-wall-support-in-2-models-rb66-2.html#breadcrumb\",\"itemListElement\":[{\"@type\":\"ListItem\",\"position\":1,\"name\":\"Home\",\"item\":\"https:\/\/www.bagnoitalia.com\/de\"},{\"@type\":\"ListItem\",\"position\":2,\"name\":\"Produkte\",\"item\":\"https:\/\/www.bagnoitalia.com\/de\/shop\"},{\"@type\":\"ListItem\",\"position\":3,\"name\":\"Badmischer mit Duschkopf und Wandhalterung, in 2 verschiedenen Modellen erh\u00e4ltlich\"}]},{\"@type\":\"WebSite\",\"@id\":\"https:\/\/www.bagnoitalia.com\/de#website\",\"url\":\"https:\/\/www.bagnoitalia.com\/de\",\"name\":\"Bagno Italia\",\"description\":\"\",\"publisher\":{\"@id\":\"https:\/\/www.bagnoitalia.com\/de#organization\"},\"potentialAction\":[{\"@type\":\"SearchAction\",\"target\":{\"@type\":\"EntryPoint\",\"urlTemplate\":\"https:\/\/www.bagnoitalia.com\/de?s={search_term_string}\"},\"query-input\":{\"@type\":\"PropertyValueSpecification\",\"valueRequired\":true,\"valueName\":\"search_term_string\"}}],\"inLanguage\":\"de\"},{\"@type\":\"Organization\",\"@id\":\"https:\/\/www.bagnoitalia.com\/de#organization\",\"name\":\"Bagno Italia\",\"url\":\"https:\/\/www.bagnoitalia.com\/de\",\"logo\":{\"@type\":\"ImageObject\",\"inLanguage\":\"de\",\"@id\":\"https:\/\/www.bagnoitalia.com\/de#\/schema\/logo\/image\/\",\"url\":\"https:\/\/img.bagnoitalia.com\/wp-content\/uploads\/logo-bagnoitalia.webp\",\"contentUrl\":\"https:\/\/img.bagnoitalia.com\/wp-content\/uploads\/logo-bagnoitalia.webp\",\"width\":400,\"height\":70,\"caption\":\"Bagno Italia\"},\"image\":{\"@id\":\"https:\/\/www.bagnoitalia.com\/de#\/schema\/logo\/image\/\"}}]}<\/script>\n<!-- \/ Yoast SEO plugin. -->","yoast_head_json":{"title":"Bathtub mixer with hand shower and wall support in 2 models RB66","description":"Modern bathtub tap available in two types, equipped with mixer, hand shower and diverter. Wall support included","robots":{"index":"index","follow":"follow","max-snippet":"max-snippet:-1","max-image-preview":"max-image-preview:large","max-video-preview":"max-video-preview:-1"},"canonical":"https:\/\/www.bagnoitalia.com\/de\/produkt\/bathtub-mixer-with-hand-shower-and-wall-support-in-2-models-rb66-2.html","og_locale":"de_DE","og_type":"article","og_title":"Bathtub mixer with hand shower and wall support in 2 models RB66","og_description":"Modern bathtub tap available in two types, equipped with mixer, hand shower and diverter. Wall support included","og_url":"https:\/\/www.bagnoitalia.com\/de\/produkt\/bathtub-mixer-with-hand-shower-and-wall-support-in-2-models-rb66-2.html","og_site_name":"Bagno Italia","article_modified_time":"2024-05-23T13:44:44+00:00","og_image":[{"width":728,"height":728,"url":"https:\/\/img.bagnoitalia.com\/wp-content\/uploads\/virtuemart\/product\/bathtub-mixer-with-hand-shower_1568645701_18.jpg","type":"image\/jpeg"}],"twitter_card":"summary_large_image","twitter_misc":{"Gesch\u00e4tzte Lesezeit":"1\u00a0Minute"},"schema":{"@context":"https:\/\/schema.org","@graph":[{"@type":"WebPage","@id":"https:\/\/www.bagnoitalia.com\/de\/produkt\/bathtub-mixer-with-hand-shower-and-wall-support-in-2-models-rb66-2.html","url":"https:\/\/www.bagnoitalia.com\/de\/produkt\/bathtub-mixer-with-hand-shower-and-wall-support-in-2-models-rb66-2.html","name":"Bathtub mixer with hand shower and wall support in 2 models RB66","isPartOf":{"@id":"https:\/\/www.bagnoitalia.com\/de#website"},"primaryImageOfPage":{"@id":"https:\/\/www.bagnoitalia.com\/de\/produkt\/bathtub-mixer-with-hand-shower-and-wall-support-in-2-models-rb66-2.html#primaryimage"},"image":{"@id":"https:\/\/www.bagnoitalia.com\/de\/produkt\/bathtub-mixer-with-hand-shower-and-wall-support-in-2-models-rb66-2.html#primaryimage"},"thumbnailUrl":"https:\/\/img.bagnoitalia.com\/wp-content\/uploads\/virtuemart\/product\/bathtub-mixer-with-hand-shower_1568645701_18.jpg","datePublished":"2019-09-16T12:54:10+00:00","dateModified":"2024-05-23T13:44:44+00:00","description":"Modern bathtub tap available in two types, equipped with mixer, hand shower and diverter. Wall support included","breadcrumb":{"@id":"https:\/\/www.bagnoitalia.com\/de\/produkt\/bathtub-mixer-with-hand-shower-and-wall-support-in-2-models-rb66-2.html#breadcrumb"},"inLanguage":"de","potentialAction":[{"@type":"ReadAction","target":["https:\/\/www.bagnoitalia.com\/de\/produkt\/bathtub-mixer-with-hand-shower-and-wall-support-in-2-models-rb66-2.html"]}]},{"@type":"ImageObject","inLanguage":"de","@id":"https:\/\/www.bagnoitalia.com\/de\/produkt\/bathtub-mixer-with-hand-shower-and-wall-support-in-2-models-rb66-2.html#primaryimage","url":"https:\/\/img.bagnoitalia.com\/wp-content\/uploads\/virtuemart\/product\/bathtub-mixer-with-hand-shower_1568645701_18.jpg","contentUrl":"https:\/\/img.bagnoitalia.com\/wp-content\/uploads\/virtuemart\/product\/bathtub-mixer-with-hand-shower_1568645701_18.jpg","width":728,"height":728},{"@type":"BreadcrumbList","@id":"https:\/\/www.bagnoitalia.com\/de\/produkt\/bathtub-mixer-with-hand-shower-and-wall-support-in-2-models-rb66-2.html#breadcrumb","itemListElement":[{"@type":"ListItem","position":1,"name":"Home","item":"https:\/\/www.bagnoitalia.com\/de"},{"@type":"ListItem","position":2,"name":"Produkte","item":"https:\/\/www.bagnoitalia.com\/de\/shop"},{"@type":"ListItem","position":3,"name":"Badmischer mit Duschkopf und Wandhalterung, in 2 verschiedenen Modellen erh\u00e4ltlich"}]},{"@type":"WebSite","@id":"https:\/\/www.bagnoitalia.com\/de#website","url":"https:\/\/www.bagnoitalia.com\/de","name":"Bagno Italia","description":"","publisher":{"@id":"https:\/\/www.bagnoitalia.com\/de#organization"},"potentialAction":[{"@type":"SearchAction","target":{"@type":"EntryPoint","urlTemplate":"https:\/\/www.bagnoitalia.com\/de?s={search_term_string}"},"query-input":{"@type":"PropertyValueSpecification","valueRequired":true,"valueName":"search_term_string"}}],"inLanguage":"de"},{"@type":"Organization","@id":"https:\/\/www.bagnoitalia.com\/de#organization","name":"Bagno Italia","url":"https:\/\/www.bagnoitalia.com\/de","logo":{"@type":"ImageObject","inLanguage":"de","@id":"https:\/\/www.bagnoitalia.com\/de#\/schema\/logo\/image\/","url":"https:\/\/img.bagnoitalia.com\/wp-content\/uploads\/logo-bagnoitalia.webp","contentUrl":"https:\/\/img.bagnoitalia.com\/wp-content\/uploads\/logo-bagnoitalia.webp","width":400,"height":70,"caption":"Bagno Italia"},"image":{"@id":"https:\/\/www.bagnoitalia.com\/de#\/schema\/logo\/image\/"}}]}},"_links":{"self":[{"href":"https:\/\/www.bagnoitalia.com\/de\/wp-json\/wp\/v2\/product\/81435","targetHints":{"allow":["GET"]}}],"collection":[{"href":"https:\/\/www.bagnoitalia.com\/de\/wp-json\/wp\/v2\/product"}],"about":[{"href":"https:\/\/www.bagnoitalia.com\/de\/wp-json\/wp\/v2\/types\/product"}],"replies":[{"embeddable":true,"href":"https:\/\/www.bagnoitalia.com\/de\/wp-json\/wp\/v2\/comments?post=81435"}],"version-history":[{"count":1,"href":"https:\/\/www.bagnoitalia.com\/de\/wp-json\/wp\/v2\/product\/81435\/revisions"}],"predecessor-version":[{"id":87877,"href":"https:\/\/www.bagnoitalia.com\/de\/wp-json\/wp\/v2\/product\/81435\/revisions\/87877"}],"wp:featuredmedia":[{"embeddable":true,"href":"https:\/\/www.bagnoitalia.com\/de\/wp-json\/wp\/v2\/media\/44816"}],"wp:attachment":[{"href":"https:\/\/www.bagnoitalia.com\/de\/wp-json\/wp\/v2\/media?parent=81435"}],"wp:term":[{"taxonomy":"product_brand","embeddable":true,"href":"https:\/\/www.bagnoitalia.com\/de\/wp-json\/wp\/v2\/product_brand?post=81435"},{"taxonomy":"product_cat","embeddable":true,"href":"https:\/\/www.bagnoitalia.com\/de\/wp-json\/wp\/v2\/product_cat?post=81435"},{"taxonomy":"product_tag","embeddable":true,"href":"https:\/\/www.bagnoitalia.com\/de\/wp-json\/wp\/v2\/product_tag?post=81435"}],"curies":[{"name":"wp","href":"https:\/\/api.w.org\/{rel}","templated":true}]}}