{"id":81398,"date":"2019-07-02T11:33:48","date_gmt":"2019-07-02T09:33:48","guid":{"rendered":"https:\/\/www.bagnoitalia.com\/product\/sofa-bed-camilla-190x110-cm-with-storage-compartment-available-in-fabric-grey-or-cappuccino-2"},"modified":"2024-06-18T15:17:11","modified_gmt":"2024-06-18T13:17:11","slug":"sofa-bed-camilla-190x110-cm-with-storage-compartment-available-in-fabric-grey-or-cappuccino-2","status":"publish","type":"product","link":"https:\/\/www.bagnoitalia.com\/de\/produkt\/sofa-bed-camilla-190x110-cm-with-storage-compartment-available-in-fabric-grey-or-cappuccino-2.html","title":{"rendered":"Camilla Bettsofa aus Stoff, 190x110cm, mit Verstauraum, erh\u00e4ltlich in grau oder cappccino"},"content":{"rendered":"<p><strong><span style=\"text-decoration: underline;\"><span style=\"font-size: xx-large;\">BETTSOFA CAMILLA<br \/>\n<\/span><\/span><\/strong><\/p>\n<p>Bettsofa mit Verstauraum<\/p>\n<p>&nbsp;<\/p>\n<p><span style=\"font-size: 12pt;\"><strong style=\"font-family: 'Arial Unicode MS', sans-serif;\">Eigenschaften:<\/strong><\/span><\/p>\n<p><span style=\"font-size: 12pt;\">Bettma\u00dfe: 190x110cm<br \/>\n<\/span><\/p>\n<p><span style=\"font-size: 12pt;\">Sofagr\u00f6\u00dfe: 225x86x88cm<br \/>\n<\/span><\/p>\n<p><span style=\"font-size: 12pt;\">\u00dcberzug: Stoff<\/span><\/p>\n<p><span style=\"font-size: 12pt;\">Farben: cappuccino, grau<\/span><\/p>\n","protected":false},"excerpt":{"rendered":"<p>Das Bettsofa Camilla ist mit einem Verstauraum best\u00fcckt. Es ist aus Stoff und in den Farben grau oder cappuccino erh\u00e4ltlich. Sofagr\u00f6\u00dfe 225x86x88cm; Bettma\u00dfen 190x110cm<\/p>\n","protected":false},"featured_media":44395,"comment_status":"open","ping_status":"closed","template":"","meta":[],"product_brand":[5004],"product_cat":[9796],"product_tag":[],"class_list":{"0":"post-81398","1":"product","2":"type-product","3":"status-publish","4":"has-post-thumbnail","6":"product_brand-vari-produttori","7":"product_cat-schlafsofa-inneneinrichtung","9":"first","10":"instock","11":"sale","12":"taxable","13":"shipping-taxable","14":"purchasable","15":"product-type-simple"},"exclude_global_add_ons":false,"addons":[{"name":"Farbe","type":"multiple_choice","position":0,"required":true,"title_format":"heading","default":"","description_enable":false,"description":"","placeholder_enable":false,"placeholder":"","display":"select","restrictions_type":"any_text","adjust_price":false,"price":"","price_type":"flat_fee","restrictions":false,"min":"0","max":"0","options":[{"label":"grau","price":"","price_type":"quantity_based","image":0,"visibility":true},{"label":"cappuccino","price":"","price_type":"quantity_based","image":0,"visibility":true}],"id":1718723832}],"yoast_head":"<!-- This site is optimized with the Yoast SEO plugin v26.7 - https:\/\/yoast.com\/wordpress\/plugins\/seo\/ -->\n<title>Sofa bed Camilla 190x110 cm with storage compartment available in fabric grey or cappuccino<\/title>\n<meta name=\"description\" content=\"Sofa bed Camilla equipped with compartment fabric in 2 colours. Size when closed 225x86x88h cm; size when wide open (bed) 190x110 cm\" \/>\n<meta name=\"robots\" content=\"index, follow, max-snippet:-1, max-image-preview:large, max-video-preview:-1\" \/>\n<link rel=\"canonical\" href=\"https:\/\/www.bagnoitalia.com\/de\/produkt\/sofa-bed-camilla-190x110-cm-with-storage-compartment-available-in-fabric-grey-or-cappuccino-2.html\" \/>\n<meta property=\"og:locale\" content=\"de_DE\" \/>\n<meta property=\"og:type\" content=\"article\" \/>\n<meta property=\"og:title\" content=\"Sofa bed Camilla 190x110 cm with storage compartment available in fabric grey or cappuccino\" \/>\n<meta property=\"og:description\" content=\"Sofa bed Camilla equipped with compartment fabric in 2 colours. Size when closed 225x86x88h cm; size when wide open (bed) 190x110 cm\" \/>\n<meta property=\"og:url\" content=\"https:\/\/www.bagnoitalia.com\/de\/produkt\/sofa-bed-camilla-190x110-cm-with-storage-compartment-available-in-fabric-grey-or-cappuccino-2.html\" \/>\n<meta property=\"og:site_name\" content=\"Bagno Italia\" \/>\n<meta property=\"article:modified_time\" content=\"2024-06-18T13:17:11+00:00\" \/>\n<meta property=\"og:image\" content=\"https:\/\/img.bagnoitalia.com\/wp-content\/uploads\/virtuemart\/product\/divano-letto-camilla-2-colori_1_1562067292_105.jpg\" \/>\n\t<meta property=\"og:image:width\" content=\"550\" \/>\n\t<meta property=\"og:image:height\" content=\"550\" \/>\n\t<meta property=\"og:image:type\" content=\"image\/jpeg\" \/>\n<meta name=\"twitter:card\" content=\"summary_large_image\" \/>\n<meta name=\"twitter:label1\" content=\"Gesch\u00e4tzte Lesezeit\" \/>\n\t<meta name=\"twitter:data1\" content=\"1\u00a0Minute\" \/>\n<script type=\"application\/ld+json\" class=\"yoast-schema-graph\">{\"@context\":\"https:\/\/schema.org\",\"@graph\":[{\"@type\":\"WebPage\",\"@id\":\"https:\/\/www.bagnoitalia.com\/de\/produkt\/sofa-bed-camilla-190x110-cm-with-storage-compartment-available-in-fabric-grey-or-cappuccino-2.html\",\"url\":\"https:\/\/www.bagnoitalia.com\/de\/produkt\/sofa-bed-camilla-190x110-cm-with-storage-compartment-available-in-fabric-grey-or-cappuccino-2.html\",\"name\":\"Sofa bed Camilla 190x110 cm with storage compartment available in fabric grey or cappuccino\",\"isPartOf\":{\"@id\":\"https:\/\/www.bagnoitalia.com\/de#website\"},\"primaryImageOfPage\":{\"@id\":\"https:\/\/www.bagnoitalia.com\/de\/produkt\/sofa-bed-camilla-190x110-cm-with-storage-compartment-available-in-fabric-grey-or-cappuccino-2.html#primaryimage\"},\"image\":{\"@id\":\"https:\/\/www.bagnoitalia.com\/de\/produkt\/sofa-bed-camilla-190x110-cm-with-storage-compartment-available-in-fabric-grey-or-cappuccino-2.html#primaryimage\"},\"thumbnailUrl\":\"https:\/\/img.bagnoitalia.com\/wp-content\/uploads\/virtuemart\/product\/divano-letto-camilla-2-colori_1_1562067292_105.jpg\",\"datePublished\":\"2019-07-02T09:33:48+00:00\",\"dateModified\":\"2024-06-18T13:17:11+00:00\",\"description\":\"Sofa bed Camilla equipped with compartment fabric in 2 colours. Size when closed 225x86x88h cm; size when wide open (bed) 190x110 cm\",\"breadcrumb\":{\"@id\":\"https:\/\/www.bagnoitalia.com\/de\/produkt\/sofa-bed-camilla-190x110-cm-with-storage-compartment-available-in-fabric-grey-or-cappuccino-2.html#breadcrumb\"},\"inLanguage\":\"de\",\"potentialAction\":[{\"@type\":\"ReadAction\",\"target\":[\"https:\/\/www.bagnoitalia.com\/de\/produkt\/sofa-bed-camilla-190x110-cm-with-storage-compartment-available-in-fabric-grey-or-cappuccino-2.html\"]}]},{\"@type\":\"ImageObject\",\"inLanguage\":\"de\",\"@id\":\"https:\/\/www.bagnoitalia.com\/de\/produkt\/sofa-bed-camilla-190x110-cm-with-storage-compartment-available-in-fabric-grey-or-cappuccino-2.html#primaryimage\",\"url\":\"https:\/\/img.bagnoitalia.com\/wp-content\/uploads\/virtuemart\/product\/divano-letto-camilla-2-colori_1_1562067292_105.jpg\",\"contentUrl\":\"https:\/\/img.bagnoitalia.com\/wp-content\/uploads\/virtuemart\/product\/divano-letto-camilla-2-colori_1_1562067292_105.jpg\",\"width\":550,\"height\":550},{\"@type\":\"BreadcrumbList\",\"@id\":\"https:\/\/www.bagnoitalia.com\/de\/produkt\/sofa-bed-camilla-190x110-cm-with-storage-compartment-available-in-fabric-grey-or-cappuccino-2.html#breadcrumb\",\"itemListElement\":[{\"@type\":\"ListItem\",\"position\":1,\"name\":\"Home\",\"item\":\"https:\/\/www.bagnoitalia.com\/de\"},{\"@type\":\"ListItem\",\"position\":2,\"name\":\"Produkte\",\"item\":\"https:\/\/www.bagnoitalia.com\/de\/shop\"},{\"@type\":\"ListItem\",\"position\":3,\"name\":\"Camilla Bettsofa aus Stoff, 190x110cm, mit Verstauraum, erh\u00e4ltlich in grau oder cappccino\"}]},{\"@type\":\"WebSite\",\"@id\":\"https:\/\/www.bagnoitalia.com\/de#website\",\"url\":\"https:\/\/www.bagnoitalia.com\/de\",\"name\":\"Bagno Italia\",\"description\":\"\",\"publisher\":{\"@id\":\"https:\/\/www.bagnoitalia.com\/de#organization\"},\"potentialAction\":[{\"@type\":\"SearchAction\",\"target\":{\"@type\":\"EntryPoint\",\"urlTemplate\":\"https:\/\/www.bagnoitalia.com\/de?s={search_term_string}\"},\"query-input\":{\"@type\":\"PropertyValueSpecification\",\"valueRequired\":true,\"valueName\":\"search_term_string\"}}],\"inLanguage\":\"de\"},{\"@type\":\"Organization\",\"@id\":\"https:\/\/www.bagnoitalia.com\/de#organization\",\"name\":\"Bagno Italia\",\"url\":\"https:\/\/www.bagnoitalia.com\/de\",\"logo\":{\"@type\":\"ImageObject\",\"inLanguage\":\"de\",\"@id\":\"https:\/\/www.bagnoitalia.com\/de#\/schema\/logo\/image\/\",\"url\":\"https:\/\/img.bagnoitalia.com\/wp-content\/uploads\/logo-bagnoitalia.webp\",\"contentUrl\":\"https:\/\/img.bagnoitalia.com\/wp-content\/uploads\/logo-bagnoitalia.webp\",\"width\":400,\"height\":70,\"caption\":\"Bagno Italia\"},\"image\":{\"@id\":\"https:\/\/www.bagnoitalia.com\/de#\/schema\/logo\/image\/\"}}]}<\/script>\n<!-- \/ Yoast SEO plugin. -->","yoast_head_json":{"title":"Sofa bed Camilla 190x110 cm with storage compartment available in fabric grey or cappuccino","description":"Sofa bed Camilla equipped with compartment fabric in 2 colours. Size when closed 225x86x88h cm; size when wide open (bed) 190x110 cm","robots":{"index":"index","follow":"follow","max-snippet":"max-snippet:-1","max-image-preview":"max-image-preview:large","max-video-preview":"max-video-preview:-1"},"canonical":"https:\/\/www.bagnoitalia.com\/de\/produkt\/sofa-bed-camilla-190x110-cm-with-storage-compartment-available-in-fabric-grey-or-cappuccino-2.html","og_locale":"de_DE","og_type":"article","og_title":"Sofa bed Camilla 190x110 cm with storage compartment available in fabric grey or cappuccino","og_description":"Sofa bed Camilla equipped with compartment fabric in 2 colours. Size when closed 225x86x88h cm; size when wide open (bed) 190x110 cm","og_url":"https:\/\/www.bagnoitalia.com\/de\/produkt\/sofa-bed-camilla-190x110-cm-with-storage-compartment-available-in-fabric-grey-or-cappuccino-2.html","og_site_name":"Bagno Italia","article_modified_time":"2024-06-18T13:17:11+00:00","og_image":[{"width":550,"height":550,"url":"https:\/\/img.bagnoitalia.com\/wp-content\/uploads\/virtuemart\/product\/divano-letto-camilla-2-colori_1_1562067292_105.jpg","type":"image\/jpeg"}],"twitter_card":"summary_large_image","twitter_misc":{"Gesch\u00e4tzte Lesezeit":"1\u00a0Minute"},"schema":{"@context":"https:\/\/schema.org","@graph":[{"@type":"WebPage","@id":"https:\/\/www.bagnoitalia.com\/de\/produkt\/sofa-bed-camilla-190x110-cm-with-storage-compartment-available-in-fabric-grey-or-cappuccino-2.html","url":"https:\/\/www.bagnoitalia.com\/de\/produkt\/sofa-bed-camilla-190x110-cm-with-storage-compartment-available-in-fabric-grey-or-cappuccino-2.html","name":"Sofa bed Camilla 190x110 cm with storage compartment available in fabric grey or cappuccino","isPartOf":{"@id":"https:\/\/www.bagnoitalia.com\/de#website"},"primaryImageOfPage":{"@id":"https:\/\/www.bagnoitalia.com\/de\/produkt\/sofa-bed-camilla-190x110-cm-with-storage-compartment-available-in-fabric-grey-or-cappuccino-2.html#primaryimage"},"image":{"@id":"https:\/\/www.bagnoitalia.com\/de\/produkt\/sofa-bed-camilla-190x110-cm-with-storage-compartment-available-in-fabric-grey-or-cappuccino-2.html#primaryimage"},"thumbnailUrl":"https:\/\/img.bagnoitalia.com\/wp-content\/uploads\/virtuemart\/product\/divano-letto-camilla-2-colori_1_1562067292_105.jpg","datePublished":"2019-07-02T09:33:48+00:00","dateModified":"2024-06-18T13:17:11+00:00","description":"Sofa bed Camilla equipped with compartment fabric in 2 colours. Size when closed 225x86x88h cm; size when wide open (bed) 190x110 cm","breadcrumb":{"@id":"https:\/\/www.bagnoitalia.com\/de\/produkt\/sofa-bed-camilla-190x110-cm-with-storage-compartment-available-in-fabric-grey-or-cappuccino-2.html#breadcrumb"},"inLanguage":"de","potentialAction":[{"@type":"ReadAction","target":["https:\/\/www.bagnoitalia.com\/de\/produkt\/sofa-bed-camilla-190x110-cm-with-storage-compartment-available-in-fabric-grey-or-cappuccino-2.html"]}]},{"@type":"ImageObject","inLanguage":"de","@id":"https:\/\/www.bagnoitalia.com\/de\/produkt\/sofa-bed-camilla-190x110-cm-with-storage-compartment-available-in-fabric-grey-or-cappuccino-2.html#primaryimage","url":"https:\/\/img.bagnoitalia.com\/wp-content\/uploads\/virtuemart\/product\/divano-letto-camilla-2-colori_1_1562067292_105.jpg","contentUrl":"https:\/\/img.bagnoitalia.com\/wp-content\/uploads\/virtuemart\/product\/divano-letto-camilla-2-colori_1_1562067292_105.jpg","width":550,"height":550},{"@type":"BreadcrumbList","@id":"https:\/\/www.bagnoitalia.com\/de\/produkt\/sofa-bed-camilla-190x110-cm-with-storage-compartment-available-in-fabric-grey-or-cappuccino-2.html#breadcrumb","itemListElement":[{"@type":"ListItem","position":1,"name":"Home","item":"https:\/\/www.bagnoitalia.com\/de"},{"@type":"ListItem","position":2,"name":"Produkte","item":"https:\/\/www.bagnoitalia.com\/de\/shop"},{"@type":"ListItem","position":3,"name":"Camilla Bettsofa aus Stoff, 190x110cm, mit Verstauraum, erh\u00e4ltlich in grau oder cappccino"}]},{"@type":"WebSite","@id":"https:\/\/www.bagnoitalia.com\/de#website","url":"https:\/\/www.bagnoitalia.com\/de","name":"Bagno Italia","description":"","publisher":{"@id":"https:\/\/www.bagnoitalia.com\/de#organization"},"potentialAction":[{"@type":"SearchAction","target":{"@type":"EntryPoint","urlTemplate":"https:\/\/www.bagnoitalia.com\/de?s={search_term_string}"},"query-input":{"@type":"PropertyValueSpecification","valueRequired":true,"valueName":"search_term_string"}}],"inLanguage":"de"},{"@type":"Organization","@id":"https:\/\/www.bagnoitalia.com\/de#organization","name":"Bagno Italia","url":"https:\/\/www.bagnoitalia.com\/de","logo":{"@type":"ImageObject","inLanguage":"de","@id":"https:\/\/www.bagnoitalia.com\/de#\/schema\/logo\/image\/","url":"https:\/\/img.bagnoitalia.com\/wp-content\/uploads\/logo-bagnoitalia.webp","contentUrl":"https:\/\/img.bagnoitalia.com\/wp-content\/uploads\/logo-bagnoitalia.webp","width":400,"height":70,"caption":"Bagno Italia"},"image":{"@id":"https:\/\/www.bagnoitalia.com\/de#\/schema\/logo\/image\/"}}]}},"_links":{"self":[{"href":"https:\/\/www.bagnoitalia.com\/de\/wp-json\/wp\/v2\/product\/81398","targetHints":{"allow":["GET"]}}],"collection":[{"href":"https:\/\/www.bagnoitalia.com\/de\/wp-json\/wp\/v2\/product"}],"about":[{"href":"https:\/\/www.bagnoitalia.com\/de\/wp-json\/wp\/v2\/types\/product"}],"replies":[{"embeddable":true,"href":"https:\/\/www.bagnoitalia.com\/de\/wp-json\/wp\/v2\/comments?post=81398"}],"version-history":[{"count":1,"href":"https:\/\/www.bagnoitalia.com\/de\/wp-json\/wp\/v2\/product\/81398\/revisions"}],"predecessor-version":[{"id":90671,"href":"https:\/\/www.bagnoitalia.com\/de\/wp-json\/wp\/v2\/product\/81398\/revisions\/90671"}],"wp:featuredmedia":[{"embeddable":true,"href":"https:\/\/www.bagnoitalia.com\/de\/wp-json\/wp\/v2\/media\/44395"}],"wp:attachment":[{"href":"https:\/\/www.bagnoitalia.com\/de\/wp-json\/wp\/v2\/media?parent=81398"}],"wp:term":[{"taxonomy":"product_brand","embeddable":true,"href":"https:\/\/www.bagnoitalia.com\/de\/wp-json\/wp\/v2\/product_brand?post=81398"},{"taxonomy":"product_cat","embeddable":true,"href":"https:\/\/www.bagnoitalia.com\/de\/wp-json\/wp\/v2\/product_cat?post=81398"},{"taxonomy":"product_tag","embeddable":true,"href":"https:\/\/www.bagnoitalia.com\/de\/wp-json\/wp\/v2\/product_tag?post=81398"}],"curies":[{"name":"wp","href":"https:\/\/api.w.org\/{rel}","templated":true}]}}