{"id":81341,"date":"2019-05-10T12:58:19","date_gmt":"2019-05-10T10:58:19","guid":{"rendered":"https:\/\/www.bagnoitalia.com\/product\/200-cm-circular-hydromassage-hot-tub-with-bluetooth-thermostatic-heater-and-3-hydromassage-pumps-2"},"modified":"2025-07-28T12:07:21","modified_gmt":"2025-07-28T10:07:21","slug":"200-cm-circular-hydromassage-hot-tub-with-bluetooth-thermostatic-heater-and-3-hydromassage-pumps-2","status":"publish","type":"product","link":"https:\/\/www.bagnoitalia.com\/de\/produkt\/200-cm-circular-hydromassage-hot-tub-with-bluetooth-thermostatic-heater-and-3-hydromassage-pumps-2.html","title":{"rendered":"Minipool, 200cm, rund, mit Bluetooth, Thermostator und 3 Hydromassagepumpen MP11"},"content":{"rendered":"<p><strong><span style=\"font-size: 12pt;\">MINIPOOL f\u00fcr 6 bis 8 Personen mit Hydromassage MP11<\/span><\/strong><\/p>\n<p>&nbsp;<\/p>\n<p><strong>PRODUKTDETAILS<\/strong>\u00a0:<\/p>\n<p>200x200x80 cm gro\u00dfe Hydromassagewanne<\/p>\n<p>37 Jets:<\/p>\n<p>\u2013 19 kleine Messingteile<\/p>\n<p>\u2013 6 gro\u00dfe Chromteile<\/p>\n<p>\u2013 12 Luftbecken<\/p>\n<p>2 x 1,0 PS Wasserpumpen + zus\u00e4tzliche 0,25 PS Luftpumpe<\/p>\n<p>Bluetooth<\/p>\n<p>Ozontherapie<\/p>\n<p>Thermostatheizung<\/p>\n<p>Verst\u00e4rkte Rohre<\/p>\n<p>T-f\u00f6rmiger Wassereinlass<\/p>\n<p>Elektronischer Wasserstandsensor<\/p>\n<p>Fassungsverm\u00f6gen 1200 Liter<\/p>\n<p>4 Kopfst\u00fctzen<\/p>\n<p>UKW-Radio<\/p>\n<p>Lautsprecher<\/p>\n<p>Elektronischer Lebensretter<\/p>\n<p>Multifunktions-Kontrolldisplay<\/p>\n<p>Farbtherapie<\/p>\n<p>Wasserh\u00e4hne mit amerikanischem Wasserfall, Multifunktionsduschkopf und Warm-\/Kaltwasserregler<\/p>\n<p>&nbsp;<\/p>\n<p>&nbsp;<\/p>\n<p>Hinweis:\u00a0<strong>Durch den Kauf des Kits mit Abdeckung und Fernbedienung (\u00fcber das Men\u00fc oben)<\/strong>\u00a0verf\u00fcgen Sie sowohl \u00fcber das digitale Kontrolldisplay am Mini-Pool als auch \u00fcber eine Fernbedienung, um die Funktionen aus der Ferne zu steuern<\/p>\n<p>&nbsp;<\/p>\n<p>MATERIALIEN:<\/p>\n<p>Struktur: 4 Schichten Harz<\/p>\n<p>Rahmen: Stahl<\/p>\n<p>Bespannung: 2 cm Glasfaser<\/p>\n<p>&nbsp;<\/p>\n<p>&nbsp;<\/p>\n","protected":false},"excerpt":{"rendered":"<p>Outdoor-Pool zu 200x200x80cm f\u00fcr 6-8 Personen. Mit 1 Luftpumpe, 2 Wasserpumpen und 37 D\u00fcsen best\u00fcckt.<\/p>\n","protected":false},"featured_media":43485,"comment_status":"open","ping_status":"closed","template":"","meta":[],"product_brand":[9925],"product_cat":[10070,9744,9708],"product_tag":[],"class_list":{"0":"post-81341","1":"product","2":"type-product","3":"status-publish","4":"has-post-thumbnail","6":"product_brand-predator-arredo-casa-de","7":"product_cat-whirlpools-im-freien","8":"product_cat-ausenwhirlpool","9":"product_cat-whirlpool","11":"first","12":"instock","13":"sale","14":"taxable","15":"shipping-taxable","16":"purchasable","17":"product-type-simple"},"exclude_global_add_ons":false,"addons":[{"name":"Typologie","type":"multiple_choice","position":0,"required":true,"title_format":"heading","default":"","description_enable":false,"description":"","placeholder_enable":false,"placeholder":"","display":"select","restrictions_type":"any_text","adjust_price":false,"price":"","price_type":"flat_fee","restrictions":false,"min":"0","max":"0","options":[{"label":"Ohne Abdeckung","price":"","price_type":"quantity_based","image":0,"visibility":true},{"label":"Mit Abdeckung + Fernbedienung","price":"239","price_type":"quantity_based","image":0,"visibility":true}],"id":1716222690}],"yoast_head":"<!-- This site is optimized with the Yoast SEO plugin v26.7 - https:\/\/yoast.com\/wordpress\/plugins\/seo\/ -->\n<title>200 cm circular hydromassage hot tub with bluetooth thermostatic heater and 3 hydromassage pumps MP11<\/title>\n<meta name=\"description\" content=\"Jacuzzi 200x200x80 cm for outdoor use. Pool for 6-8 people. 1 air pump and 2 water pump, 37 jets\" \/>\n<meta name=\"robots\" content=\"index, follow, max-snippet:-1, max-image-preview:large, max-video-preview:-1\" \/>\n<link rel=\"canonical\" href=\"https:\/\/www.bagnoitalia.com\/de\/produkt\/200-cm-circular-hydromassage-hot-tub-with-bluetooth-thermostatic-heater-and-3-hydromassage-pumps-2.html\" \/>\n<meta property=\"og:locale\" content=\"de_DE\" \/>\n<meta property=\"og:type\" content=\"article\" \/>\n<meta property=\"og:title\" content=\"200 cm circular hydromassage hot tub with bluetooth thermostatic heater and 3 hydromassage pumps MP11\" \/>\n<meta property=\"og:description\" content=\"Jacuzzi 200x200x80 cm for outdoor use. Pool for 6-8 people. 1 air pump and 2 water pump, 37 jets\" \/>\n<meta property=\"og:url\" content=\"https:\/\/www.bagnoitalia.com\/de\/produkt\/200-cm-circular-hydromassage-hot-tub-with-bluetooth-thermostatic-heater-and-3-hydromassage-pumps-2.html\" \/>\n<meta property=\"og:site_name\" content=\"Bagno Italia\" \/>\n<meta property=\"article:modified_time\" content=\"2025-07-28T10:07:21+00:00\" \/>\n<meta property=\"og:image\" content=\"https:\/\/img.bagnoitalia.com\/wp-content\/uploads\/virtuemart\/product\/200-cm-circular-hydromassage-hot-tub-123_1557493161_295.jpg\" \/>\n\t<meta property=\"og:image:width\" content=\"550\" \/>\n\t<meta property=\"og:image:height\" content=\"423\" \/>\n\t<meta property=\"og:image:type\" content=\"image\/jpeg\" \/>\n<meta name=\"twitter:card\" content=\"summary_large_image\" \/>\n<meta name=\"twitter:label1\" content=\"Gesch\u00e4tzte Lesezeit\" \/>\n\t<meta name=\"twitter:data1\" content=\"1\u00a0Minute\" \/>\n<script type=\"application\/ld+json\" class=\"yoast-schema-graph\">{\"@context\":\"https:\/\/schema.org\",\"@graph\":[{\"@type\":\"WebPage\",\"@id\":\"https:\/\/www.bagnoitalia.com\/de\/produkt\/200-cm-circular-hydromassage-hot-tub-with-bluetooth-thermostatic-heater-and-3-hydromassage-pumps-2.html\",\"url\":\"https:\/\/www.bagnoitalia.com\/de\/produkt\/200-cm-circular-hydromassage-hot-tub-with-bluetooth-thermostatic-heater-and-3-hydromassage-pumps-2.html\",\"name\":\"200 cm circular hydromassage hot tub with bluetooth thermostatic heater and 3 hydromassage pumps MP11\",\"isPartOf\":{\"@id\":\"https:\/\/www.bagnoitalia.com\/de#website\"},\"primaryImageOfPage\":{\"@id\":\"https:\/\/www.bagnoitalia.com\/de\/produkt\/200-cm-circular-hydromassage-hot-tub-with-bluetooth-thermostatic-heater-and-3-hydromassage-pumps-2.html#primaryimage\"},\"image\":{\"@id\":\"https:\/\/www.bagnoitalia.com\/de\/produkt\/200-cm-circular-hydromassage-hot-tub-with-bluetooth-thermostatic-heater-and-3-hydromassage-pumps-2.html#primaryimage\"},\"thumbnailUrl\":\"https:\/\/img.bagnoitalia.com\/wp-content\/uploads\/virtuemart\/product\/200-cm-circular-hydromassage-hot-tub-123_1557493161_295.jpg\",\"datePublished\":\"2019-05-10T10:58:19+00:00\",\"dateModified\":\"2025-07-28T10:07:21+00:00\",\"description\":\"Jacuzzi 200x200x80 cm for outdoor use. Pool for 6-8 people. 1 air pump and 2 water pump, 37 jets\",\"breadcrumb\":{\"@id\":\"https:\/\/www.bagnoitalia.com\/de\/produkt\/200-cm-circular-hydromassage-hot-tub-with-bluetooth-thermostatic-heater-and-3-hydromassage-pumps-2.html#breadcrumb\"},\"inLanguage\":\"de\",\"potentialAction\":[{\"@type\":\"ReadAction\",\"target\":[\"https:\/\/www.bagnoitalia.com\/de\/produkt\/200-cm-circular-hydromassage-hot-tub-with-bluetooth-thermostatic-heater-and-3-hydromassage-pumps-2.html\"]}]},{\"@type\":\"ImageObject\",\"inLanguage\":\"de\",\"@id\":\"https:\/\/www.bagnoitalia.com\/de\/produkt\/200-cm-circular-hydromassage-hot-tub-with-bluetooth-thermostatic-heater-and-3-hydromassage-pumps-2.html#primaryimage\",\"url\":\"https:\/\/img.bagnoitalia.com\/wp-content\/uploads\/virtuemart\/product\/200-cm-circular-hydromassage-hot-tub-123_1557493161_295.jpg\",\"contentUrl\":\"https:\/\/img.bagnoitalia.com\/wp-content\/uploads\/virtuemart\/product\/200-cm-circular-hydromassage-hot-tub-123_1557493161_295.jpg\",\"width\":550,\"height\":423},{\"@type\":\"BreadcrumbList\",\"@id\":\"https:\/\/www.bagnoitalia.com\/de\/produkt\/200-cm-circular-hydromassage-hot-tub-with-bluetooth-thermostatic-heater-and-3-hydromassage-pumps-2.html#breadcrumb\",\"itemListElement\":[{\"@type\":\"ListItem\",\"position\":1,\"name\":\"Home\",\"item\":\"https:\/\/www.bagnoitalia.com\/de\"},{\"@type\":\"ListItem\",\"position\":2,\"name\":\"Produkte\",\"item\":\"https:\/\/www.bagnoitalia.com\/de\/shop\"},{\"@type\":\"ListItem\",\"position\":3,\"name\":\"Minipool, 200cm, rund, mit Bluetooth, Thermostator und 3 Hydromassagepumpen MP11\"}]},{\"@type\":\"WebSite\",\"@id\":\"https:\/\/www.bagnoitalia.com\/de#website\",\"url\":\"https:\/\/www.bagnoitalia.com\/de\",\"name\":\"Bagno Italia\",\"description\":\"\",\"publisher\":{\"@id\":\"https:\/\/www.bagnoitalia.com\/de#organization\"},\"potentialAction\":[{\"@type\":\"SearchAction\",\"target\":{\"@type\":\"EntryPoint\",\"urlTemplate\":\"https:\/\/www.bagnoitalia.com\/de?s={search_term_string}\"},\"query-input\":{\"@type\":\"PropertyValueSpecification\",\"valueRequired\":true,\"valueName\":\"search_term_string\"}}],\"inLanguage\":\"de\"},{\"@type\":\"Organization\",\"@id\":\"https:\/\/www.bagnoitalia.com\/de#organization\",\"name\":\"Bagno Italia\",\"url\":\"https:\/\/www.bagnoitalia.com\/de\",\"logo\":{\"@type\":\"ImageObject\",\"inLanguage\":\"de\",\"@id\":\"https:\/\/www.bagnoitalia.com\/de#\/schema\/logo\/image\/\",\"url\":\"https:\/\/img.bagnoitalia.com\/wp-content\/uploads\/logo-bagnoitalia.webp\",\"contentUrl\":\"https:\/\/img.bagnoitalia.com\/wp-content\/uploads\/logo-bagnoitalia.webp\",\"width\":400,\"height\":70,\"caption\":\"Bagno Italia\"},\"image\":{\"@id\":\"https:\/\/www.bagnoitalia.com\/de#\/schema\/logo\/image\/\"}}]}<\/script>\n<!-- \/ Yoast SEO plugin. -->","yoast_head_json":{"title":"200 cm circular hydromassage hot tub with bluetooth thermostatic heater and 3 hydromassage pumps MP11","description":"Jacuzzi 200x200x80 cm for outdoor use. Pool for 6-8 people. 1 air pump and 2 water pump, 37 jets","robots":{"index":"index","follow":"follow","max-snippet":"max-snippet:-1","max-image-preview":"max-image-preview:large","max-video-preview":"max-video-preview:-1"},"canonical":"https:\/\/www.bagnoitalia.com\/de\/produkt\/200-cm-circular-hydromassage-hot-tub-with-bluetooth-thermostatic-heater-and-3-hydromassage-pumps-2.html","og_locale":"de_DE","og_type":"article","og_title":"200 cm circular hydromassage hot tub with bluetooth thermostatic heater and 3 hydromassage pumps MP11","og_description":"Jacuzzi 200x200x80 cm for outdoor use. Pool for 6-8 people. 1 air pump and 2 water pump, 37 jets","og_url":"https:\/\/www.bagnoitalia.com\/de\/produkt\/200-cm-circular-hydromassage-hot-tub-with-bluetooth-thermostatic-heater-and-3-hydromassage-pumps-2.html","og_site_name":"Bagno Italia","article_modified_time":"2025-07-28T10:07:21+00:00","og_image":[{"width":550,"height":423,"url":"https:\/\/img.bagnoitalia.com\/wp-content\/uploads\/virtuemart\/product\/200-cm-circular-hydromassage-hot-tub-123_1557493161_295.jpg","type":"image\/jpeg"}],"twitter_card":"summary_large_image","twitter_misc":{"Gesch\u00e4tzte Lesezeit":"1\u00a0Minute"},"schema":{"@context":"https:\/\/schema.org","@graph":[{"@type":"WebPage","@id":"https:\/\/www.bagnoitalia.com\/de\/produkt\/200-cm-circular-hydromassage-hot-tub-with-bluetooth-thermostatic-heater-and-3-hydromassage-pumps-2.html","url":"https:\/\/www.bagnoitalia.com\/de\/produkt\/200-cm-circular-hydromassage-hot-tub-with-bluetooth-thermostatic-heater-and-3-hydromassage-pumps-2.html","name":"200 cm circular hydromassage hot tub with bluetooth thermostatic heater and 3 hydromassage pumps MP11","isPartOf":{"@id":"https:\/\/www.bagnoitalia.com\/de#website"},"primaryImageOfPage":{"@id":"https:\/\/www.bagnoitalia.com\/de\/produkt\/200-cm-circular-hydromassage-hot-tub-with-bluetooth-thermostatic-heater-and-3-hydromassage-pumps-2.html#primaryimage"},"image":{"@id":"https:\/\/www.bagnoitalia.com\/de\/produkt\/200-cm-circular-hydromassage-hot-tub-with-bluetooth-thermostatic-heater-and-3-hydromassage-pumps-2.html#primaryimage"},"thumbnailUrl":"https:\/\/img.bagnoitalia.com\/wp-content\/uploads\/virtuemart\/product\/200-cm-circular-hydromassage-hot-tub-123_1557493161_295.jpg","datePublished":"2019-05-10T10:58:19+00:00","dateModified":"2025-07-28T10:07:21+00:00","description":"Jacuzzi 200x200x80 cm for outdoor use. Pool for 6-8 people. 1 air pump and 2 water pump, 37 jets","breadcrumb":{"@id":"https:\/\/www.bagnoitalia.com\/de\/produkt\/200-cm-circular-hydromassage-hot-tub-with-bluetooth-thermostatic-heater-and-3-hydromassage-pumps-2.html#breadcrumb"},"inLanguage":"de","potentialAction":[{"@type":"ReadAction","target":["https:\/\/www.bagnoitalia.com\/de\/produkt\/200-cm-circular-hydromassage-hot-tub-with-bluetooth-thermostatic-heater-and-3-hydromassage-pumps-2.html"]}]},{"@type":"ImageObject","inLanguage":"de","@id":"https:\/\/www.bagnoitalia.com\/de\/produkt\/200-cm-circular-hydromassage-hot-tub-with-bluetooth-thermostatic-heater-and-3-hydromassage-pumps-2.html#primaryimage","url":"https:\/\/img.bagnoitalia.com\/wp-content\/uploads\/virtuemart\/product\/200-cm-circular-hydromassage-hot-tub-123_1557493161_295.jpg","contentUrl":"https:\/\/img.bagnoitalia.com\/wp-content\/uploads\/virtuemart\/product\/200-cm-circular-hydromassage-hot-tub-123_1557493161_295.jpg","width":550,"height":423},{"@type":"BreadcrumbList","@id":"https:\/\/www.bagnoitalia.com\/de\/produkt\/200-cm-circular-hydromassage-hot-tub-with-bluetooth-thermostatic-heater-and-3-hydromassage-pumps-2.html#breadcrumb","itemListElement":[{"@type":"ListItem","position":1,"name":"Home","item":"https:\/\/www.bagnoitalia.com\/de"},{"@type":"ListItem","position":2,"name":"Produkte","item":"https:\/\/www.bagnoitalia.com\/de\/shop"},{"@type":"ListItem","position":3,"name":"Minipool, 200cm, rund, mit Bluetooth, Thermostator und 3 Hydromassagepumpen MP11"}]},{"@type":"WebSite","@id":"https:\/\/www.bagnoitalia.com\/de#website","url":"https:\/\/www.bagnoitalia.com\/de","name":"Bagno Italia","description":"","publisher":{"@id":"https:\/\/www.bagnoitalia.com\/de#organization"},"potentialAction":[{"@type":"SearchAction","target":{"@type":"EntryPoint","urlTemplate":"https:\/\/www.bagnoitalia.com\/de?s={search_term_string}"},"query-input":{"@type":"PropertyValueSpecification","valueRequired":true,"valueName":"search_term_string"}}],"inLanguage":"de"},{"@type":"Organization","@id":"https:\/\/www.bagnoitalia.com\/de#organization","name":"Bagno Italia","url":"https:\/\/www.bagnoitalia.com\/de","logo":{"@type":"ImageObject","inLanguage":"de","@id":"https:\/\/www.bagnoitalia.com\/de#\/schema\/logo\/image\/","url":"https:\/\/img.bagnoitalia.com\/wp-content\/uploads\/logo-bagnoitalia.webp","contentUrl":"https:\/\/img.bagnoitalia.com\/wp-content\/uploads\/logo-bagnoitalia.webp","width":400,"height":70,"caption":"Bagno Italia"},"image":{"@id":"https:\/\/www.bagnoitalia.com\/de#\/schema\/logo\/image\/"}}]}},"_links":{"self":[{"href":"https:\/\/www.bagnoitalia.com\/de\/wp-json\/wp\/v2\/product\/81341","targetHints":{"allow":["GET"]}}],"collection":[{"href":"https:\/\/www.bagnoitalia.com\/de\/wp-json\/wp\/v2\/product"}],"about":[{"href":"https:\/\/www.bagnoitalia.com\/de\/wp-json\/wp\/v2\/types\/product"}],"replies":[{"embeddable":true,"href":"https:\/\/www.bagnoitalia.com\/de\/wp-json\/wp\/v2\/comments?post=81341"}],"version-history":[{"count":3,"href":"https:\/\/www.bagnoitalia.com\/de\/wp-json\/wp\/v2\/product\/81341\/revisions"}],"predecessor-version":[{"id":109976,"href":"https:\/\/www.bagnoitalia.com\/de\/wp-json\/wp\/v2\/product\/81341\/revisions\/109976"}],"wp:featuredmedia":[{"embeddable":true,"href":"https:\/\/www.bagnoitalia.com\/de\/wp-json\/wp\/v2\/media\/43485"}],"wp:attachment":[{"href":"https:\/\/www.bagnoitalia.com\/de\/wp-json\/wp\/v2\/media?parent=81341"}],"wp:term":[{"taxonomy":"product_brand","embeddable":true,"href":"https:\/\/www.bagnoitalia.com\/de\/wp-json\/wp\/v2\/product_brand?post=81341"},{"taxonomy":"product_cat","embeddable":true,"href":"https:\/\/www.bagnoitalia.com\/de\/wp-json\/wp\/v2\/product_cat?post=81341"},{"taxonomy":"product_tag","embeddable":true,"href":"https:\/\/www.bagnoitalia.com\/de\/wp-json\/wp\/v2\/product_tag?post=81341"}],"curies":[{"name":"wp","href":"https:\/\/api.w.org\/{rel}","templated":true}]}}