{"id":81335,"date":"2019-05-10T10:01:33","date_gmt":"2019-05-10T08:01:33","guid":{"rendered":"https:\/\/www.bagnoitalia.com\/product\/aurora-suspended-bathroom-cabinet-available-in-6-sizes-with-washbasin-mirror-and-column-2"},"modified":"2019-05-10T10:01:33","modified_gmt":"2019-05-10T08:01:33","slug":"aurora-suspended-bathroom-cabinet-available-in-6-sizes-with-washbasin-mirror-and-column-2","status":"publish","type":"product","link":"https:\/\/www.bagnoitalia.com\/de\/produkt\/aurora-suspended-bathroom-cabinet-available-in-6-sizes-with-washbasin-mirror-and-column-2.html","title":{"rendered":"Aurora Bad-H\u00e4ngeschrank, in 6 Gr\u00f6\u00dfen, mit LED-Spiegel, Waschbecken und Schranks\u00e4ule inklusive"},"content":{"rendered":"<p>&nbsp;<\/p>\n<p><span class=\"tlid-translation translation\" lang=\"en\" style=\"font-size: 12pt;\"><strong><span title=\"\">AURORA MODERNER BADSCHRANK<\/span><\/strong><\/p>\n<p>Waschbeckenunterschrank<span title=\"\"> in 6 Gr\u00f6\u00dfen:<\/span><\/p>\n<p><span title=\"\">&#8211; 60x50x58cm mit 2 T\u00fcren<\/span><\/p>\n<p><span title=\"\">&#8211; 70x50x58cm mit 1 T\u00fcr und 2 Schubladen<\/span><br \/>&#8211; 80x50x58cm mit <\/span><span class=\"tlid-translation translation\" lang=\"en\" style=\"font-size: 12pt;\"><span title=\"\">1 T\u00fcr und 2 Schubladen<\/span><\/span><span class=\"tlid-translation translation\" lang=\"en\" style=\"font-size: 12pt;\"><br \/><\/span><\/p>\n<p><span class=\"tlid-translation translation\" lang=\"en\" style=\"font-size: 12pt;\"><span title=\"\">&#8211; 90x50x58cm mit 2 T\u00fcren und 2 Schubladen<\/span><\/p>\n<p><span title=\"\">&#8211; 100x50x58cm mit 2 T\u00fcren und 2 Schubladen<\/span><\/p>\n<p><span title=\"\">&#8211; 120x50x58 cm mit 2 T\u00fcren und 2 Schubladen<\/span><\/p>\n<p>&nbsp;<br \/><span title=\"\">30x25xH100cm Schranks\u00e4ule <\/span>GESCHENKT<br \/><\/span><\/p>\n<p><span class=\"tlid-translation translation\" lang=\"en\" style=\"font-size: 12pt;\">Wei\u00dfer runder Waschbecken<\/p>\n<p><span title=\"\">Wei\u00dfe Platte<\/span><\/p>\n<p><span title=\"\">Farbe: eichenbraun<\/span><\/p>\n<p><span title=\"\">LED-Spiegel:<\/span><\/p>\n<p>&nbsp;&nbsp;&nbsp;&nbsp; <span title=\"\">60x80cm (f\u00fcr den 60 und 70cm Schrank)<\/span><br \/>&nbsp;&nbsp;&nbsp;&nbsp; <span title=\"\">80x60cm (f\u00fcr den 80cm Schrank)<\/span><br \/>&nbsp;&nbsp;&nbsp;&nbsp; <span title=\"\">90x80cm (f\u00fcr den 90cm und 100cm Schrank)<\/span><br \/>&nbsp;&nbsp;&nbsp;&nbsp; <span title=\"\">120x80cm (f\u00fcr den 120cm Schrank)<\/span><\/p>\n<p>&nbsp;<br \/><span title=\"\">EIGENSCHAFTEN<\/span><span title=\"\">:<\/span><\/p>\n<p><span title=\"\">Sturktur: MDF mit wasser- und anti-schnitt-resistentem Harz<\/span><br \/><\/span><\/p>\n<div><span title=\"\"><\/span><\/div>\n<div><span title=\"\">Waschbecken: Keramik<\/span><\/div>\n<p><span class=\"tlid-translation translation\" lang=\"en\" style=\"font-size: 12pt;\"><br \/><span title=\"\">Platte: Marmor<\/span><\/p>\n<p><span title=\"\">Soft-close-System bei T\u00fcren und Schubladen<\/span><\/p>\n<p>&nbsp;<\/p>\n<p><span title=\"\">ABSPERRVORRICHTUNG NICHT IM PREIS INBEGRIFFEN<\/span><\/span><\/p>\n<p>&nbsp;<\/p>\n","protected":false},"excerpt":{"rendered":"<p>Badschrank in 60, 70, 80, 90, 100 oder 120cm. Entspannender Waldeffekt durch Eichenfarbe. Washbecken aus Keramik, LED-Spiegel und wei\u00dfe Platte inklusive. Die Schranks\u00e4ule  wird Ihnen geschenkt.<\/p>\n","protected":false},"featured_media":43382,"comment_status":"open","ping_status":"closed","template":"","meta":[],"product_brand":[9952],"product_cat":[15],"product_tag":[],"class_list":{"0":"post-81335","1":"product","2":"type-product","3":"status-publish","4":"has-post-thumbnail","6":"product_brand-importforme-de","7":"product_cat-senza-categoria","9":"first","10":"outofstock","11":"taxable","12":"shipping-taxable","13":"purchasable","14":"product-type-simple"},"exclude_global_add_ons":false,"addons":[{"name":"CAMPI_BASE\r\n","type":"select","position":0,"required":true,"title_format":"label","default":"","description_enable":false,"description":"","placeholder_enable":false,"placeholder":"","display":"select","restrictions_type":"any_text","adjust_price":false,"price":"","price_type":"","restrictions":false,"min":"0","max":"0","options":[]}],"yoast_head":"<!-- This site is optimized with the Yoast SEO plugin v26.7 - https:\/\/yoast.com\/wordpress\/plugins\/seo\/ -->\n<title>Aurora suspended bathroom cabinet available in 6 sizes with washbasin mirror and column<\/title>\n<meta name=\"description\" content=\"Bathroom furniture 60, 70, 80, 90, 100, 120 cm. Wood effect oak color. Ceramic washbasin, mirror with led lights and white top included in the price. Column for free\" \/>\n<meta name=\"robots\" content=\"index, follow, max-snippet:-1, max-image-preview:large, max-video-preview:-1\" \/>\n<link rel=\"canonical\" href=\"https:\/\/www.bagnoitalia.com\/de\/produkt\/aurora-suspended-bathroom-cabinet-available-in-6-sizes-with-washbasin-mirror-and-column-2.html\" \/>\n<meta property=\"og:locale\" content=\"de_DE\" \/>\n<meta property=\"og:type\" content=\"article\" \/>\n<meta property=\"og:title\" content=\"Aurora suspended bathroom cabinet available in 6 sizes with washbasin mirror and column\" \/>\n<meta property=\"og:description\" content=\"Bathroom furniture 60, 70, 80, 90, 100, 120 cm. Wood effect oak color. Ceramic washbasin, mirror with led lights and white top included in the price. Column for free\" \/>\n<meta property=\"og:url\" content=\"https:\/\/www.bagnoitalia.com\/de\/produkt\/aurora-suspended-bathroom-cabinet-available-in-6-sizes-with-washbasin-mirror-and-column-2.html\" \/>\n<meta property=\"og:site_name\" content=\"Bagno Italia\" \/>\n<meta property=\"og:image\" content=\"https:\/\/img.bagnoitalia.com\/wp-content\/uploads\/virtuemart\/product\/aurora-suspended-bathroom-cabinet-123_1557482605_11.jpg\" \/>\n\t<meta property=\"og:image:width\" content=\"550\" \/>\n\t<meta property=\"og:image:height\" content=\"550\" \/>\n\t<meta property=\"og:image:type\" content=\"image\/jpeg\" \/>\n<meta name=\"twitter:card\" content=\"summary_large_image\" \/>\n<meta name=\"twitter:label1\" content=\"Gesch\u00e4tzte Lesezeit\" \/>\n\t<meta name=\"twitter:data1\" content=\"1\u00a0Minute\" \/>\n<script type=\"application\/ld+json\" class=\"yoast-schema-graph\">{\"@context\":\"https:\/\/schema.org\",\"@graph\":[{\"@type\":\"WebPage\",\"@id\":\"https:\/\/www.bagnoitalia.com\/de\/produkt\/aurora-suspended-bathroom-cabinet-available-in-6-sizes-with-washbasin-mirror-and-column-2.html\",\"url\":\"https:\/\/www.bagnoitalia.com\/de\/produkt\/aurora-suspended-bathroom-cabinet-available-in-6-sizes-with-washbasin-mirror-and-column-2.html\",\"name\":\"Aurora suspended bathroom cabinet available in 6 sizes with washbasin mirror and column\",\"isPartOf\":{\"@id\":\"https:\/\/www.bagnoitalia.com\/de#website\"},\"primaryImageOfPage\":{\"@id\":\"https:\/\/www.bagnoitalia.com\/de\/produkt\/aurora-suspended-bathroom-cabinet-available-in-6-sizes-with-washbasin-mirror-and-column-2.html#primaryimage\"},\"image\":{\"@id\":\"https:\/\/www.bagnoitalia.com\/de\/produkt\/aurora-suspended-bathroom-cabinet-available-in-6-sizes-with-washbasin-mirror-and-column-2.html#primaryimage\"},\"thumbnailUrl\":\"https:\/\/img.bagnoitalia.com\/wp-content\/uploads\/virtuemart\/product\/aurora-suspended-bathroom-cabinet-123_1557482605_11.jpg\",\"datePublished\":\"2019-05-10T08:01:33+00:00\",\"description\":\"Bathroom furniture 60, 70, 80, 90, 100, 120 cm. Wood effect oak color. Ceramic washbasin, mirror with led lights and white top included in the price. Column for free\",\"breadcrumb\":{\"@id\":\"https:\/\/www.bagnoitalia.com\/de\/produkt\/aurora-suspended-bathroom-cabinet-available-in-6-sizes-with-washbasin-mirror-and-column-2.html#breadcrumb\"},\"inLanguage\":\"de\",\"potentialAction\":[{\"@type\":\"ReadAction\",\"target\":[\"https:\/\/www.bagnoitalia.com\/de\/produkt\/aurora-suspended-bathroom-cabinet-available-in-6-sizes-with-washbasin-mirror-and-column-2.html\"]}]},{\"@type\":\"ImageObject\",\"inLanguage\":\"de\",\"@id\":\"https:\/\/www.bagnoitalia.com\/de\/produkt\/aurora-suspended-bathroom-cabinet-available-in-6-sizes-with-washbasin-mirror-and-column-2.html#primaryimage\",\"url\":\"https:\/\/img.bagnoitalia.com\/wp-content\/uploads\/virtuemart\/product\/aurora-suspended-bathroom-cabinet-123_1557482605_11.jpg\",\"contentUrl\":\"https:\/\/img.bagnoitalia.com\/wp-content\/uploads\/virtuemart\/product\/aurora-suspended-bathroom-cabinet-123_1557482605_11.jpg\",\"width\":550,\"height\":550},{\"@type\":\"BreadcrumbList\",\"@id\":\"https:\/\/www.bagnoitalia.com\/de\/produkt\/aurora-suspended-bathroom-cabinet-available-in-6-sizes-with-washbasin-mirror-and-column-2.html#breadcrumb\",\"itemListElement\":[{\"@type\":\"ListItem\",\"position\":1,\"name\":\"Home\",\"item\":\"https:\/\/www.bagnoitalia.com\/de\"},{\"@type\":\"ListItem\",\"position\":2,\"name\":\"Produkte\",\"item\":\"https:\/\/www.bagnoitalia.com\/de\/shop\"},{\"@type\":\"ListItem\",\"position\":3,\"name\":\"Aurora Bad-H\u00e4ngeschrank, in 6 Gr\u00f6\u00dfen, mit LED-Spiegel, Waschbecken und Schranks\u00e4ule inklusive\"}]},{\"@type\":\"WebSite\",\"@id\":\"https:\/\/www.bagnoitalia.com\/de#website\",\"url\":\"https:\/\/www.bagnoitalia.com\/de\",\"name\":\"Bagno Italia\",\"description\":\"\",\"publisher\":{\"@id\":\"https:\/\/www.bagnoitalia.com\/de#organization\"},\"potentialAction\":[{\"@type\":\"SearchAction\",\"target\":{\"@type\":\"EntryPoint\",\"urlTemplate\":\"https:\/\/www.bagnoitalia.com\/de?s={search_term_string}\"},\"query-input\":{\"@type\":\"PropertyValueSpecification\",\"valueRequired\":true,\"valueName\":\"search_term_string\"}}],\"inLanguage\":\"de\"},{\"@type\":\"Organization\",\"@id\":\"https:\/\/www.bagnoitalia.com\/de#organization\",\"name\":\"Bagno Italia\",\"url\":\"https:\/\/www.bagnoitalia.com\/de\",\"logo\":{\"@type\":\"ImageObject\",\"inLanguage\":\"de\",\"@id\":\"https:\/\/www.bagnoitalia.com\/de#\/schema\/logo\/image\/\",\"url\":\"https:\/\/img.bagnoitalia.com\/wp-content\/uploads\/logo-bagnoitalia.webp\",\"contentUrl\":\"https:\/\/img.bagnoitalia.com\/wp-content\/uploads\/logo-bagnoitalia.webp\",\"width\":400,\"height\":70,\"caption\":\"Bagno Italia\"},\"image\":{\"@id\":\"https:\/\/www.bagnoitalia.com\/de#\/schema\/logo\/image\/\"}}]}<\/script>\n<!-- \/ Yoast SEO plugin. -->","yoast_head_json":{"title":"Aurora suspended bathroom cabinet available in 6 sizes with washbasin mirror and column","description":"Bathroom furniture 60, 70, 80, 90, 100, 120 cm. Wood effect oak color. Ceramic washbasin, mirror with led lights and white top included in the price. Column for free","robots":{"index":"index","follow":"follow","max-snippet":"max-snippet:-1","max-image-preview":"max-image-preview:large","max-video-preview":"max-video-preview:-1"},"canonical":"https:\/\/www.bagnoitalia.com\/de\/produkt\/aurora-suspended-bathroom-cabinet-available-in-6-sizes-with-washbasin-mirror-and-column-2.html","og_locale":"de_DE","og_type":"article","og_title":"Aurora suspended bathroom cabinet available in 6 sizes with washbasin mirror and column","og_description":"Bathroom furniture 60, 70, 80, 90, 100, 120 cm. Wood effect oak color. Ceramic washbasin, mirror with led lights and white top included in the price. Column for free","og_url":"https:\/\/www.bagnoitalia.com\/de\/produkt\/aurora-suspended-bathroom-cabinet-available-in-6-sizes-with-washbasin-mirror-and-column-2.html","og_site_name":"Bagno Italia","og_image":[{"width":550,"height":550,"url":"https:\/\/img.bagnoitalia.com\/wp-content\/uploads\/virtuemart\/product\/aurora-suspended-bathroom-cabinet-123_1557482605_11.jpg","type":"image\/jpeg"}],"twitter_card":"summary_large_image","twitter_misc":{"Gesch\u00e4tzte Lesezeit":"1\u00a0Minute"},"schema":{"@context":"https:\/\/schema.org","@graph":[{"@type":"WebPage","@id":"https:\/\/www.bagnoitalia.com\/de\/produkt\/aurora-suspended-bathroom-cabinet-available-in-6-sizes-with-washbasin-mirror-and-column-2.html","url":"https:\/\/www.bagnoitalia.com\/de\/produkt\/aurora-suspended-bathroom-cabinet-available-in-6-sizes-with-washbasin-mirror-and-column-2.html","name":"Aurora suspended bathroom cabinet available in 6 sizes with washbasin mirror and column","isPartOf":{"@id":"https:\/\/www.bagnoitalia.com\/de#website"},"primaryImageOfPage":{"@id":"https:\/\/www.bagnoitalia.com\/de\/produkt\/aurora-suspended-bathroom-cabinet-available-in-6-sizes-with-washbasin-mirror-and-column-2.html#primaryimage"},"image":{"@id":"https:\/\/www.bagnoitalia.com\/de\/produkt\/aurora-suspended-bathroom-cabinet-available-in-6-sizes-with-washbasin-mirror-and-column-2.html#primaryimage"},"thumbnailUrl":"https:\/\/img.bagnoitalia.com\/wp-content\/uploads\/virtuemart\/product\/aurora-suspended-bathroom-cabinet-123_1557482605_11.jpg","datePublished":"2019-05-10T08:01:33+00:00","description":"Bathroom furniture 60, 70, 80, 90, 100, 120 cm. Wood effect oak color. Ceramic washbasin, mirror with led lights and white top included in the price. Column for free","breadcrumb":{"@id":"https:\/\/www.bagnoitalia.com\/de\/produkt\/aurora-suspended-bathroom-cabinet-available-in-6-sizes-with-washbasin-mirror-and-column-2.html#breadcrumb"},"inLanguage":"de","potentialAction":[{"@type":"ReadAction","target":["https:\/\/www.bagnoitalia.com\/de\/produkt\/aurora-suspended-bathroom-cabinet-available-in-6-sizes-with-washbasin-mirror-and-column-2.html"]}]},{"@type":"ImageObject","inLanguage":"de","@id":"https:\/\/www.bagnoitalia.com\/de\/produkt\/aurora-suspended-bathroom-cabinet-available-in-6-sizes-with-washbasin-mirror-and-column-2.html#primaryimage","url":"https:\/\/img.bagnoitalia.com\/wp-content\/uploads\/virtuemart\/product\/aurora-suspended-bathroom-cabinet-123_1557482605_11.jpg","contentUrl":"https:\/\/img.bagnoitalia.com\/wp-content\/uploads\/virtuemart\/product\/aurora-suspended-bathroom-cabinet-123_1557482605_11.jpg","width":550,"height":550},{"@type":"BreadcrumbList","@id":"https:\/\/www.bagnoitalia.com\/de\/produkt\/aurora-suspended-bathroom-cabinet-available-in-6-sizes-with-washbasin-mirror-and-column-2.html#breadcrumb","itemListElement":[{"@type":"ListItem","position":1,"name":"Home","item":"https:\/\/www.bagnoitalia.com\/de"},{"@type":"ListItem","position":2,"name":"Produkte","item":"https:\/\/www.bagnoitalia.com\/de\/shop"},{"@type":"ListItem","position":3,"name":"Aurora Bad-H\u00e4ngeschrank, in 6 Gr\u00f6\u00dfen, mit LED-Spiegel, Waschbecken und Schranks\u00e4ule inklusive"}]},{"@type":"WebSite","@id":"https:\/\/www.bagnoitalia.com\/de#website","url":"https:\/\/www.bagnoitalia.com\/de","name":"Bagno Italia","description":"","publisher":{"@id":"https:\/\/www.bagnoitalia.com\/de#organization"},"potentialAction":[{"@type":"SearchAction","target":{"@type":"EntryPoint","urlTemplate":"https:\/\/www.bagnoitalia.com\/de?s={search_term_string}"},"query-input":{"@type":"PropertyValueSpecification","valueRequired":true,"valueName":"search_term_string"}}],"inLanguage":"de"},{"@type":"Organization","@id":"https:\/\/www.bagnoitalia.com\/de#organization","name":"Bagno Italia","url":"https:\/\/www.bagnoitalia.com\/de","logo":{"@type":"ImageObject","inLanguage":"de","@id":"https:\/\/www.bagnoitalia.com\/de#\/schema\/logo\/image\/","url":"https:\/\/img.bagnoitalia.com\/wp-content\/uploads\/logo-bagnoitalia.webp","contentUrl":"https:\/\/img.bagnoitalia.com\/wp-content\/uploads\/logo-bagnoitalia.webp","width":400,"height":70,"caption":"Bagno Italia"},"image":{"@id":"https:\/\/www.bagnoitalia.com\/de#\/schema\/logo\/image\/"}}]}},"_links":{"self":[{"href":"https:\/\/www.bagnoitalia.com\/de\/wp-json\/wp\/v2\/product\/81335","targetHints":{"allow":["GET"]}}],"collection":[{"href":"https:\/\/www.bagnoitalia.com\/de\/wp-json\/wp\/v2\/product"}],"about":[{"href":"https:\/\/www.bagnoitalia.com\/de\/wp-json\/wp\/v2\/types\/product"}],"replies":[{"embeddable":true,"href":"https:\/\/www.bagnoitalia.com\/de\/wp-json\/wp\/v2\/comments?post=81335"}],"version-history":[{"count":0,"href":"https:\/\/www.bagnoitalia.com\/de\/wp-json\/wp\/v2\/product\/81335\/revisions"}],"wp:featuredmedia":[{"embeddable":true,"href":"https:\/\/www.bagnoitalia.com\/de\/wp-json\/wp\/v2\/media\/43382"}],"wp:attachment":[{"href":"https:\/\/www.bagnoitalia.com\/de\/wp-json\/wp\/v2\/media?parent=81335"}],"wp:term":[{"taxonomy":"product_brand","embeddable":true,"href":"https:\/\/www.bagnoitalia.com\/de\/wp-json\/wp\/v2\/product_brand?post=81335"},{"taxonomy":"product_cat","embeddable":true,"href":"https:\/\/www.bagnoitalia.com\/de\/wp-json\/wp\/v2\/product_cat?post=81335"},{"taxonomy":"product_tag","embeddable":true,"href":"https:\/\/www.bagnoitalia.com\/de\/wp-json\/wp\/v2\/product_tag?post=81335"}],"curies":[{"name":"wp","href":"https:\/\/api.w.org\/{rel}","templated":true}]}}