{"id":81279,"date":"2019-01-25T15:23:36","date_gmt":"2019-01-25T14:23:36","guid":{"rendered":"https:\/\/www.bagnoitalia.com\/product\/nancy-schrank-niedriger-tv-stander-2-modelle-in-verschiedenen-grosen-mattweis-und-glanzender-tv-stander-1"},"modified":"2019-01-25T15:23:36","modified_gmt":"2019-01-25T14:23:36","slug":"nancy-schrank-niedriger-tv-stander-2-modelle-in-verschiedenen-grosen-mattweis-und-glanzender-tv-stander-1","status":"publish","type":"product","link":"https:\/\/www.bagnoitalia.com\/de\/produkt\/nancy-schrank-niedriger-tv-stander-2-modelle-in-verschiedenen-grosen-mattweis-und-glanzender-tv-stander-1.html","title":{"rendered":"Nancy Schrank Niedriger TV-St\u00e4nder 2 Modelle in verschiedenen Gr\u00f6\u00dfen mattwei\u00df und gl\u00e4nzender TV-St\u00e4nder"},"content":{"rendered":"<p> <span style=\"font-size: 14pt; font-family: 'arial black', 'avant garde';\">Low NANCY Fernsehschrank<\/span> <\/p>\n<p style=\"text-align: justify;\"> <span style=\"font-size: 10pt;\">Das mobile TV <strong>Nancy<\/strong> T\u00fcr ist aus <strong>massivem Pappelholz,<\/strong> <strong><strong>wei\u00df lackiert<\/strong><\/strong> <strong>gefertigt<\/strong> und<\/span> zeichnet <span style=\"font-size: 10pt;\">sich durch seine einfache und elegante Design aus.<\/span> <span style=\"font-size: 10pt;\">Garantiert <strong>in Italien hergestellt<\/strong> , wird das TV-Geh\u00e4use von Nancy bereits montiert geliefert und verf\u00fcgt \u00fcber zwei F\u00e4cher und zwei gro\u00dfe offene Regale.<\/span> <\/p>\n<\/p>\n<p> <span style=\"font-size: 14pt; font-family: 'times new roman', times;\">Erh\u00e4ltlich in zwei verschiedenen Modellen<\/span> <\/p>\n<p> <span style=\"text-decoration: underline;\"><span style=\"font-family: 'comic sans ms', sans-serif; font-size: 13px; color: #ff0000; text-decoration: underline;\">Kn\u00f6pfe enthalten, Loch f\u00fcr Kn\u00f6pfe nicht vorhanden<\/span><\/span> <\/p>\n<\/p>\n<p> <span style=\"font-size: 14pt; font-family: 'times new roman', times;\">Niedriger mattwei\u00dfer TV-St\u00e4nder 164x46x64h<\/span> <\/p>\n<p><img fetchpriority=\"high\" decoding=\"async\" class=\" size-full wp-image-23966\" src=\"https:\/\/img.bagnoitalia.com\/wp-content\/uploads\/virtuemart\/product\/14424.jpg\" alt=\"T\u00fcr-tv.jpg_product_product_product_product_product_product_product_product_product_product_product_product_product_product\" width=\"418\" height=\"418\" srcset=\"https:\/\/img.bagnoitalia.com\/wp-content\/uploads\/virtuemart\/product\/14424.jpg 418w, https:\/\/img.bagnoitalia.com\/wp-content\/uploads\/virtuemart\/product\/14424-100x100.jpg 100w, https:\/\/img.bagnoitalia.com\/wp-content\/uploads\/virtuemart\/product\/14424-150x150.jpg 150w\" sizes=\"(max-width: 418px) 100vw, 418px\" \/><\/p>\n<p> <span style=\"font-size: 12pt; font-family: 'arial black', 'avant garde'; color: #0000ff;\">cod. 1442<\/span> <\/p>\n<p> _______________________________________________________________________ <\/p>\n<p> <span style=\"font-size: 14pt; font-family: 'times new roman', times;\">Niedriger gl\u00e4nzender wei\u00dfer Fernsehstandplatz von 195x50x60h<\/span> <\/p>\n<p><img decoding=\"async\" class=\" size-full wp-image-23971\" src=\"https:\/\/img.bagnoitalia.com\/wp-content\/uploads\/virtuemart\/product\/4826.jpg\" alt=\"T\u00fcr-tv.jpg_product_product_product_product_product_product_product_product_product_product_product_product_product_product\" width=\"418\" height=\"418\" srcset=\"https:\/\/img.bagnoitalia.com\/wp-content\/uploads\/virtuemart\/product\/4826.jpg 418w, https:\/\/img.bagnoitalia.com\/wp-content\/uploads\/virtuemart\/product\/4826-100x100.jpg 100w, https:\/\/img.bagnoitalia.com\/wp-content\/uploads\/virtuemart\/product\/4826-150x150.jpg 150w\" sizes=\"(max-width: 418px) 100vw, 418px\" \/><\/p>\n<p> <span style=\"font-family: 'arial black', 'avant garde'; font-size: 12pt; color: #0000ff;\">cod. 482<\/span> <\/p>\n","protected":false},"excerpt":{"rendered":"<p>Nancy Schrank Niedriger TV-St\u00e4nder 2 Modelle in verschiedenen Gr\u00f6\u00dfen mattwei\u00df und gl\u00e4nzender TV-St\u00e4nder<\/p>\n","protected":false},"featured_media":0,"comment_status":"open","ping_status":"closed","template":"","meta":[],"product_brand":[9946],"product_cat":[15],"product_tag":[],"class_list":{"0":"post-81279","1":"product","2":"type-product","3":"status-publish","5":"product_brand-tempesta-lineatavoli-de","6":"product_cat-senza-categoria","8":"first","9":"outofstock","10":"taxable","11":"shipping-taxable","12":"purchasable","13":"product-type-simple"},"exclude_global_add_ons":[],"addons":[],"yoast_head":"<!-- This site is optimized with the Yoast SEO plugin v26.7 - https:\/\/yoast.com\/wordpress\/plugins\/seo\/ -->\n<title>Nancy Schrank Niedriger TV-St\u00e4nder 2 Modelle in verschiedenen Gr\u00f6\u00dfen mattwei\u00df und gl\u00e4nzender TV-St\u00e4nder - Bagno Italia<\/title>\n<meta name=\"robots\" content=\"index, follow, max-snippet:-1, max-image-preview:large, max-video-preview:-1\" \/>\n<link rel=\"canonical\" href=\"https:\/\/www.bagnoitalia.com\/de\/produkt\/nancy-schrank-niedriger-tv-stander-2-modelle-in-verschiedenen-grosen-mattweis-und-glanzender-tv-stander-1.html\" \/>\n<meta property=\"og:locale\" content=\"de_DE\" \/>\n<meta property=\"og:type\" content=\"article\" \/>\n<meta property=\"og:title\" content=\"Nancy Schrank Niedriger TV-St\u00e4nder 2 Modelle in verschiedenen Gr\u00f6\u00dfen mattwei\u00df und gl\u00e4nzender TV-St\u00e4nder - Bagno Italia\" \/>\n<meta property=\"og:description\" content=\"Nancy Schrank Niedriger TV-St\u00e4nder 2 Modelle in verschiedenen Gr\u00f6\u00dfen mattwei\u00df und gl\u00e4nzender TV-St\u00e4nder\" \/>\n<meta property=\"og:url\" content=\"https:\/\/www.bagnoitalia.com\/de\/produkt\/nancy-schrank-niedriger-tv-stander-2-modelle-in-verschiedenen-grosen-mattweis-und-glanzender-tv-stander-1.html\" \/>\n<meta property=\"og:site_name\" content=\"Bagno Italia\" \/>\n<meta property=\"og:image\" content=\"https:\/\/img.bagnoitalia.com\/wp-content\/uploads\/virtuemart\/product\/14424.jpg\" \/>\n<meta name=\"twitter:card\" content=\"summary_large_image\" \/>\n<script type=\"application\/ld+json\" class=\"yoast-schema-graph\">{\"@context\":\"https:\/\/schema.org\",\"@graph\":[{\"@type\":\"WebPage\",\"@id\":\"https:\/\/www.bagnoitalia.com\/de\/produkt\/nancy-schrank-niedriger-tv-stander-2-modelle-in-verschiedenen-grosen-mattweis-und-glanzender-tv-stander-1.html\",\"url\":\"https:\/\/www.bagnoitalia.com\/de\/produkt\/nancy-schrank-niedriger-tv-stander-2-modelle-in-verschiedenen-grosen-mattweis-und-glanzender-tv-stander-1.html\",\"name\":\"Nancy Schrank Niedriger TV-St\u00e4nder 2 Modelle in verschiedenen Gr\u00f6\u00dfen mattwei\u00df und gl\u00e4nzender TV-St\u00e4nder - Bagno Italia\",\"isPartOf\":{\"@id\":\"https:\/\/www.bagnoitalia.com\/de#website\"},\"primaryImageOfPage\":{\"@id\":\"https:\/\/www.bagnoitalia.com\/de\/produkt\/nancy-schrank-niedriger-tv-stander-2-modelle-in-verschiedenen-grosen-mattweis-und-glanzender-tv-stander-1.html#primaryimage\"},\"image\":{\"@id\":\"https:\/\/www.bagnoitalia.com\/de\/produkt\/nancy-schrank-niedriger-tv-stander-2-modelle-in-verschiedenen-grosen-mattweis-und-glanzender-tv-stander-1.html#primaryimage\"},\"thumbnailUrl\":\"https:\/\/img.bagnoitalia.com\/wp-content\/uploads\/virtuemart\/product\/14424.jpg\",\"datePublished\":\"2019-01-25T14:23:36+00:00\",\"breadcrumb\":{\"@id\":\"https:\/\/www.bagnoitalia.com\/de\/produkt\/nancy-schrank-niedriger-tv-stander-2-modelle-in-verschiedenen-grosen-mattweis-und-glanzender-tv-stander-1.html#breadcrumb\"},\"inLanguage\":\"de\",\"potentialAction\":[{\"@type\":\"ReadAction\",\"target\":[\"https:\/\/www.bagnoitalia.com\/de\/produkt\/nancy-schrank-niedriger-tv-stander-2-modelle-in-verschiedenen-grosen-mattweis-und-glanzender-tv-stander-1.html\"]}]},{\"@type\":\"ImageObject\",\"inLanguage\":\"de\",\"@id\":\"https:\/\/www.bagnoitalia.com\/de\/produkt\/nancy-schrank-niedriger-tv-stander-2-modelle-in-verschiedenen-grosen-mattweis-und-glanzender-tv-stander-1.html#primaryimage\",\"url\":\"https:\/\/img.bagnoitalia.com\/wp-content\/uploads\/virtuemart\/product\/14424.jpg\",\"contentUrl\":\"https:\/\/img.bagnoitalia.com\/wp-content\/uploads\/virtuemart\/product\/14424.jpg\"},{\"@type\":\"BreadcrumbList\",\"@id\":\"https:\/\/www.bagnoitalia.com\/de\/produkt\/nancy-schrank-niedriger-tv-stander-2-modelle-in-verschiedenen-grosen-mattweis-und-glanzender-tv-stander-1.html#breadcrumb\",\"itemListElement\":[{\"@type\":\"ListItem\",\"position\":1,\"name\":\"Home\",\"item\":\"https:\/\/www.bagnoitalia.com\/de\"},{\"@type\":\"ListItem\",\"position\":2,\"name\":\"Produkte\",\"item\":\"https:\/\/www.bagnoitalia.com\/de\/shop\"},{\"@type\":\"ListItem\",\"position\":3,\"name\":\"Nancy Schrank Niedriger TV-St\u00e4nder 2 Modelle in verschiedenen Gr\u00f6\u00dfen mattwei\u00df und gl\u00e4nzender TV-St\u00e4nder\"}]},{\"@type\":\"WebSite\",\"@id\":\"https:\/\/www.bagnoitalia.com\/de#website\",\"url\":\"https:\/\/www.bagnoitalia.com\/de\",\"name\":\"Bagno Italia\",\"description\":\"\",\"publisher\":{\"@id\":\"https:\/\/www.bagnoitalia.com\/de#organization\"},\"potentialAction\":[{\"@type\":\"SearchAction\",\"target\":{\"@type\":\"EntryPoint\",\"urlTemplate\":\"https:\/\/www.bagnoitalia.com\/de?s={search_term_string}\"},\"query-input\":{\"@type\":\"PropertyValueSpecification\",\"valueRequired\":true,\"valueName\":\"search_term_string\"}}],\"inLanguage\":\"de\"},{\"@type\":\"Organization\",\"@id\":\"https:\/\/www.bagnoitalia.com\/de#organization\",\"name\":\"Bagno Italia\",\"url\":\"https:\/\/www.bagnoitalia.com\/de\",\"logo\":{\"@type\":\"ImageObject\",\"inLanguage\":\"de\",\"@id\":\"https:\/\/www.bagnoitalia.com\/de#\/schema\/logo\/image\/\",\"url\":\"https:\/\/img.bagnoitalia.com\/wp-content\/uploads\/logo-bagnoitalia.webp\",\"contentUrl\":\"https:\/\/img.bagnoitalia.com\/wp-content\/uploads\/logo-bagnoitalia.webp\",\"width\":400,\"height\":70,\"caption\":\"Bagno Italia\"},\"image\":{\"@id\":\"https:\/\/www.bagnoitalia.com\/de#\/schema\/logo\/image\/\"}}]}<\/script>\n<!-- \/ Yoast SEO plugin. -->","yoast_head_json":{"title":"Nancy Schrank Niedriger TV-St\u00e4nder 2 Modelle in verschiedenen Gr\u00f6\u00dfen mattwei\u00df und gl\u00e4nzender TV-St\u00e4nder - Bagno Italia","robots":{"index":"index","follow":"follow","max-snippet":"max-snippet:-1","max-image-preview":"max-image-preview:large","max-video-preview":"max-video-preview:-1"},"canonical":"https:\/\/www.bagnoitalia.com\/de\/produkt\/nancy-schrank-niedriger-tv-stander-2-modelle-in-verschiedenen-grosen-mattweis-und-glanzender-tv-stander-1.html","og_locale":"de_DE","og_type":"article","og_title":"Nancy Schrank Niedriger TV-St\u00e4nder 2 Modelle in verschiedenen Gr\u00f6\u00dfen mattwei\u00df und gl\u00e4nzender TV-St\u00e4nder - Bagno Italia","og_description":"Nancy Schrank Niedriger TV-St\u00e4nder 2 Modelle in verschiedenen Gr\u00f6\u00dfen mattwei\u00df und gl\u00e4nzender TV-St\u00e4nder","og_url":"https:\/\/www.bagnoitalia.com\/de\/produkt\/nancy-schrank-niedriger-tv-stander-2-modelle-in-verschiedenen-grosen-mattweis-und-glanzender-tv-stander-1.html","og_site_name":"Bagno Italia","og_image":[{"url":"https:\/\/img.bagnoitalia.com\/wp-content\/uploads\/virtuemart\/product\/14424.jpg","type":"","width":"","height":""}],"twitter_card":"summary_large_image","schema":{"@context":"https:\/\/schema.org","@graph":[{"@type":"WebPage","@id":"https:\/\/www.bagnoitalia.com\/de\/produkt\/nancy-schrank-niedriger-tv-stander-2-modelle-in-verschiedenen-grosen-mattweis-und-glanzender-tv-stander-1.html","url":"https:\/\/www.bagnoitalia.com\/de\/produkt\/nancy-schrank-niedriger-tv-stander-2-modelle-in-verschiedenen-grosen-mattweis-und-glanzender-tv-stander-1.html","name":"Nancy Schrank Niedriger TV-St\u00e4nder 2 Modelle in verschiedenen Gr\u00f6\u00dfen mattwei\u00df und gl\u00e4nzender TV-St\u00e4nder - Bagno Italia","isPartOf":{"@id":"https:\/\/www.bagnoitalia.com\/de#website"},"primaryImageOfPage":{"@id":"https:\/\/www.bagnoitalia.com\/de\/produkt\/nancy-schrank-niedriger-tv-stander-2-modelle-in-verschiedenen-grosen-mattweis-und-glanzender-tv-stander-1.html#primaryimage"},"image":{"@id":"https:\/\/www.bagnoitalia.com\/de\/produkt\/nancy-schrank-niedriger-tv-stander-2-modelle-in-verschiedenen-grosen-mattweis-und-glanzender-tv-stander-1.html#primaryimage"},"thumbnailUrl":"https:\/\/img.bagnoitalia.com\/wp-content\/uploads\/virtuemart\/product\/14424.jpg","datePublished":"2019-01-25T14:23:36+00:00","breadcrumb":{"@id":"https:\/\/www.bagnoitalia.com\/de\/produkt\/nancy-schrank-niedriger-tv-stander-2-modelle-in-verschiedenen-grosen-mattweis-und-glanzender-tv-stander-1.html#breadcrumb"},"inLanguage":"de","potentialAction":[{"@type":"ReadAction","target":["https:\/\/www.bagnoitalia.com\/de\/produkt\/nancy-schrank-niedriger-tv-stander-2-modelle-in-verschiedenen-grosen-mattweis-und-glanzender-tv-stander-1.html"]}]},{"@type":"ImageObject","inLanguage":"de","@id":"https:\/\/www.bagnoitalia.com\/de\/produkt\/nancy-schrank-niedriger-tv-stander-2-modelle-in-verschiedenen-grosen-mattweis-und-glanzender-tv-stander-1.html#primaryimage","url":"https:\/\/img.bagnoitalia.com\/wp-content\/uploads\/virtuemart\/product\/14424.jpg","contentUrl":"https:\/\/img.bagnoitalia.com\/wp-content\/uploads\/virtuemart\/product\/14424.jpg"},{"@type":"BreadcrumbList","@id":"https:\/\/www.bagnoitalia.com\/de\/produkt\/nancy-schrank-niedriger-tv-stander-2-modelle-in-verschiedenen-grosen-mattweis-und-glanzender-tv-stander-1.html#breadcrumb","itemListElement":[{"@type":"ListItem","position":1,"name":"Home","item":"https:\/\/www.bagnoitalia.com\/de"},{"@type":"ListItem","position":2,"name":"Produkte","item":"https:\/\/www.bagnoitalia.com\/de\/shop"},{"@type":"ListItem","position":3,"name":"Nancy Schrank Niedriger TV-St\u00e4nder 2 Modelle in verschiedenen Gr\u00f6\u00dfen mattwei\u00df und gl\u00e4nzender TV-St\u00e4nder"}]},{"@type":"WebSite","@id":"https:\/\/www.bagnoitalia.com\/de#website","url":"https:\/\/www.bagnoitalia.com\/de","name":"Bagno Italia","description":"","publisher":{"@id":"https:\/\/www.bagnoitalia.com\/de#organization"},"potentialAction":[{"@type":"SearchAction","target":{"@type":"EntryPoint","urlTemplate":"https:\/\/www.bagnoitalia.com\/de?s={search_term_string}"},"query-input":{"@type":"PropertyValueSpecification","valueRequired":true,"valueName":"search_term_string"}}],"inLanguage":"de"},{"@type":"Organization","@id":"https:\/\/www.bagnoitalia.com\/de#organization","name":"Bagno Italia","url":"https:\/\/www.bagnoitalia.com\/de","logo":{"@type":"ImageObject","inLanguage":"de","@id":"https:\/\/www.bagnoitalia.com\/de#\/schema\/logo\/image\/","url":"https:\/\/img.bagnoitalia.com\/wp-content\/uploads\/logo-bagnoitalia.webp","contentUrl":"https:\/\/img.bagnoitalia.com\/wp-content\/uploads\/logo-bagnoitalia.webp","width":400,"height":70,"caption":"Bagno Italia"},"image":{"@id":"https:\/\/www.bagnoitalia.com\/de#\/schema\/logo\/image\/"}}]}},"_links":{"self":[{"href":"https:\/\/www.bagnoitalia.com\/de\/wp-json\/wp\/v2\/product\/81279","targetHints":{"allow":["GET"]}}],"collection":[{"href":"https:\/\/www.bagnoitalia.com\/de\/wp-json\/wp\/v2\/product"}],"about":[{"href":"https:\/\/www.bagnoitalia.com\/de\/wp-json\/wp\/v2\/types\/product"}],"replies":[{"embeddable":true,"href":"https:\/\/www.bagnoitalia.com\/de\/wp-json\/wp\/v2\/comments?post=81279"}],"version-history":[{"count":0,"href":"https:\/\/www.bagnoitalia.com\/de\/wp-json\/wp\/v2\/product\/81279\/revisions"}],"wp:attachment":[{"href":"https:\/\/www.bagnoitalia.com\/de\/wp-json\/wp\/v2\/media?parent=81279"}],"wp:term":[{"taxonomy":"product_brand","embeddable":true,"href":"https:\/\/www.bagnoitalia.com\/de\/wp-json\/wp\/v2\/product_brand?post=81279"},{"taxonomy":"product_cat","embeddable":true,"href":"https:\/\/www.bagnoitalia.com\/de\/wp-json\/wp\/v2\/product_cat?post=81279"},{"taxonomy":"product_tag","embeddable":true,"href":"https:\/\/www.bagnoitalia.com\/de\/wp-json\/wp\/v2\/product_tag?post=81279"}],"curies":[{"name":"wp","href":"https:\/\/api.w.org\/{rel}","templated":true}]}}