{"id":81267,"date":"2019-01-07T16:04:27","date_gmt":"2019-01-07T15:04:27","guid":{"rendered":"https:\/\/www.bagnoitalia.com\/product\/silene-227x174-weises-oder-schwarzes-doppelbett-aus-gestepptem-kunstleder-mit-stahlfusen-1"},"modified":"2024-06-11T15:01:03","modified_gmt":"2024-06-11T13:01:03","slug":"silene-227x174-weises-oder-schwarzes-doppelbett-aus-gestepptem-kunstleder-mit-stahlfusen-1","status":"publish","type":"product","link":"https:\/\/www.bagnoitalia.com\/de\/produkt\/silene-227x174-weises-oder-schwarzes-doppelbett-aus-gestepptem-kunstleder-mit-stahlfusen-1.html","title":{"rendered":"Orchidea 227&#215;174 wei\u00dfes oder schwarzes Doppelbett aus gestepptem Kunstleder mit Stahlf\u00fc\u00dfen"},"content":{"rendered":"<p>&nbsp;<\/p>\n<p style=\"margin-bottom: 0cm;\"><span style=\"font-family: 'Arial Unicode MS', sans-serif; font-size: 12pt;\">Das komplett aus <strong>Kunstleder<\/strong> gefertigte <strong>Orchidea-<\/strong> Doppelbett bietet einen modernen Stil und ein besonderes und avantgardistisches Design, das durch einfache Formen und die geschwungene Linie mit einer soliden gepolsterten Struktur und Metallf\u00fc\u00dfen hervorgehoben wird<\/span><\/p>\n<p><img fetchpriority=\"high\" decoding=\"async\" class=\" size-full wp-image-33954\" style=\"display: block; margin-left: auto; margin-right: auto;\" src=\"https:\/\/img.bagnoitalia.com\/wp-content\/uploads\/letto-matrimoniale-silene.jpg\" alt=\"Doppelbett Silene\" width=\"396\" height=\"264\" srcset=\"https:\/\/img.bagnoitalia.com\/wp-content\/uploads\/letto-matrimoniale-silene.jpg 1200w, https:\/\/img.bagnoitalia.com\/wp-content\/uploads\/letto-matrimoniale-silene-768x512.jpg 768w, https:\/\/img.bagnoitalia.com\/wp-content\/uploads\/letto-matrimoniale-silene-990x660.jpg 990w, https:\/\/img.bagnoitalia.com\/wp-content\/uploads\/letto-matrimoniale-silene-441x294.jpg 441w, https:\/\/img.bagnoitalia.com\/wp-content\/uploads\/letto-matrimoniale-silene-600x400.jpg 600w, https:\/\/img.bagnoitalia.com\/wp-content\/uploads\/letto-matrimoniale-silene-150x100.jpg 150w\" sizes=\"(max-width: 396px) 100vw, 396px\" \/><\/p>\n<p style=\"margin-bottom: 0cm;\"><span style=\"font-family: 'Arial Unicode MS', sans-serif; font-size: 12pt;\">Es ist in zwei Farben (schwarz und wei\u00df) hergestellt und mit seiner <span style=\"text-decoration: underline;\">gesteppten Polsterung<\/span> wird dieses Design-Bett perfekt sein, um in seinem Schlafzimmer eine edle und schicke Atmosph\u00e4re zu akzentuieren, die eine originelle dekorative Wirkung garantiert.<\/span><\/p>\n<p style=\"margin-bottom: 0cm;\"><span style=\"font-family: 'Arial Unicode MS', sans-serif; font-size: 12pt;\"><span style=\"text-decoration: underline;\"><strong>FEATURES<\/strong><\/span><\/span><\/p>\n<ul>\n<li>\n<p style=\"margin-bottom: 0cm;\"><span style=\"color: #000000; font-size: 12pt;\"><span style=\"font-family: 'Arial Unicode MS', sans-serif;\"><strong>Au\u00dfenma\u00dfe:<\/strong> L227 x P174 \u00d7 H87 cm<\/span><\/span><\/p>\n<\/li>\n<li>\n<p style=\"margin-bottom: 0cm; line-height: 0.71cm;\"><span style=\"color: #000000; font-size: 12pt;\"><span style=\"font-family: 'Arial Unicode MS', sans-serif;\">Abmessungen des <strong>Bettabteils<\/strong> : 160 \u00d7 200 cm<\/span><\/span><\/p>\n<\/li>\n<li>\n<p style=\"margin-bottom: 0cm; line-height: 0.71cm;\"><span style=\"color: #000000; font-size: 12pt;\"><span style=\"font-family: 'Arial Unicode MS', sans-serif;\">Leicht zu reinigen<\/span><\/span><\/p>\n<\/li>\n<li>\n<p style=\"margin-bottom: 0cm; line-height: 0.71cm;\"><span style=\"color: #000000; font-size: 12pt;\"><span style=\"font-family: 'Arial Unicode MS', sans-serif;\"><strong>verschlei\u00dffest<\/strong> <img decoding=\"async\" class=\" alignright size-full wp-image-33958\" style=\"margin-right: 20px; float: right;\" src=\"https:\/\/img.bagnoitalia.com\/wp-content\/uploads\/letto-matrimoniale-contenitore-silete-bianco-moderno-dettaglio.jpg\" alt=\"modernes wei\u00dfes silete Beh\u00e4lterdoppelbettdetail\" width=\"500\" height=\"333\" srcset=\"https:\/\/img.bagnoitalia.com\/wp-content\/uploads\/letto-matrimoniale-contenitore-silete-bianco-moderno-dettaglio.jpg 1200w, https:\/\/img.bagnoitalia.com\/wp-content\/uploads\/letto-matrimoniale-contenitore-silete-bianco-moderno-dettaglio-768x512.jpg 768w, https:\/\/img.bagnoitalia.com\/wp-content\/uploads\/letto-matrimoniale-contenitore-silete-bianco-moderno-dettaglio-990x660.jpg 990w, https:\/\/img.bagnoitalia.com\/wp-content\/uploads\/letto-matrimoniale-contenitore-silete-bianco-moderno-dettaglio-441x294.jpg 441w, https:\/\/img.bagnoitalia.com\/wp-content\/uploads\/letto-matrimoniale-contenitore-silete-bianco-moderno-dettaglio-600x400.jpg 600w, https:\/\/img.bagnoitalia.com\/wp-content\/uploads\/letto-matrimoniale-contenitore-silete-bianco-moderno-dettaglio-150x100.jpg 150w\" sizes=\"(max-width: 500px) 100vw, 500px\" \/><\/span><\/span><\/p>\n<\/li>\n<li>\n<p style=\"margin-bottom: 0cm; line-height: 0.71cm;\"><span style=\"color: #000000; font-size: 12pt;\"><span style=\"font-family: 'Arial Unicode MS', sans-serif;\"><strong>gepolsterte<\/strong> Kissen<\/span><\/span><\/p>\n<\/li>\n<li>\n<p style=\"margin-bottom: 0cm; line-height: 0.71cm;\"><span style=\"color: #000000; font-size: 12pt;\"><span style=\"font-family: 'Arial Unicode MS', sans-serif;\">Hand fertig<\/span><\/span><\/p>\n<\/li>\n<li>\n<p style=\"margin-bottom: 0cm; line-height: 0.71cm;\"><span style=\"color: #000000; font-size: 12pt;\"><span style=\"font-family: 'Arial Unicode MS', sans-serif;\">nat\u00fcrliche Elastizit\u00e4t<\/span><\/span><\/p>\n<\/li>\n<li>\n<p style=\"margin-bottom: 0cm; line-height: 0.71cm;\"><span style=\"color: #000000; font-size: 12pt;\"><span style=\"font-family: 'Arial Unicode MS', sans-serif;\"><strong>verst\u00e4rkter<\/strong> Rahmen<\/span><\/span><\/p>\n<\/li>\n<\/ul>\n<p style=\"margin-bottom: 0cm;\"><span style=\"font-family: 'Arial Unicode MS', sans-serif; font-size: 12pt;\"><span style=\"text-decoration: underline;\"><strong>MATERIAL<\/strong><\/span><\/span><\/p>\n<ul>\n<li>\n<p style=\"margin-bottom: 0cm;\"><span style=\"color: #000000; font-size: 12pt;\"><span style=\"font-family: 'Arial Unicode MS', sans-serif;\"><span style=\"text-decoration: underline;\">Bettfl\u00e4che<\/span> :<\/span><\/span><\/p>\n<ul>\n<li>\n<p style=\"margin-bottom: 0cm;\"><span style=\"color: #000000; font-size: 12pt;\"><span style=\"font-family: 'Arial Unicode MS', sans-serif;\">10% Polyurethan<\/span><\/span><\/p>\n<\/li>\n<li>\n<p style=\"margin-bottom: 0cm;\"><span style=\"color: #000000; font-size: 12pt;\"><span style=\"font-family: 'Arial Unicode MS', sans-serif;\">35% PVC<\/span><\/span><\/p>\n<\/li>\n<li>\n<p style=\"margin-bottom: 0cm;\"><span style=\"color: #000000; font-size: 12pt;\"><span style=\"font-family: 'Arial Unicode MS', sans-serif;\">35% Polyester<\/span><\/span><\/p>\n<\/li>\n<li>\n<p style=\"margin-bottom: 0cm;\"><span style=\"color: #000000; font-size: 12pt;\"><span style=\"font-family: 'Arial Unicode MS', sans-serif;\">20% Baumwolle<\/span><\/span><\/p>\n<\/li>\n<\/ul>\n<\/li>\n<li>\n<p style=\"margin-bottom: 0cm; line-height: 0.71cm;\"><span style=\"color: #000000; font-size: 12pt;\"><span style=\"font-family: 'Arial Unicode MS', sans-serif;\"><span style=\"text-decoration: underline;\">Kopfteil<\/span> : Kunstleder<\/span><\/span><\/p>\n<\/li>\n<li>\n<p style=\"margin-bottom: 0cm; line-height: 0.71cm;\"><span style=\"color: #000000; font-size: 12pt;\"><span style=\"font-family: 'Arial Unicode MS', sans-serif;\"><span style=\"text-decoration: underline;\">Bezug<\/span> : Kunstleder<\/span><\/span><\/p>\n<\/li>\n<li>\n<p style=\"margin-bottom: 0cm; line-height: 0.71cm;\"><span style=\"color: #000000; font-size: 12pt;\"><span style=\"font-family: 'Arial Unicode MS', sans-serif;\"><span style=\"text-decoration: underline;\">F\u00fc\u00dfe<\/span> : Metall<\/span><\/span><\/p>\n<\/li>\n<\/ul>\n<p style=\"margin-bottom: 0cm; line-height: 0.71cm;\"><span style=\"color: #000000; font-size: 12pt;\"><span style=\"font-family: 'Arial Unicode MS', sans-serif;\">Verwenden Sie zu <strong>Reinigungszwecken<\/strong> nur ein weiches, leicht angefeuchtetes Tuch. Verwenden <span style=\"text-decoration: underline;\">Sie<\/span> keine rauen T\u00fccher oder Scheuerschw\u00e4mme, die die Oberfl\u00e4che zerkratzen k\u00f6nnten. Verwenden <span style=\"text-decoration: underline;\">Sie keine<\/span> aggressiven Reinigungsmittel.<\/span><\/span><\/p>\n","protected":false},"excerpt":{"rendered":"<p>Das Orchidea -Bett ist in zwei Farben (schwarz und wei\u00df) gefertigt. Mit seiner gesteppten Polsterung wird dieses Design-Bett perfekt sein, um in seinem Schlafzimmer eine edle und schicke Atmosph\u00e4re zu akzentuieren, die eine originelle dekorative Wirkung garantiert.<\/p>\n","protected":false},"featured_media":42678,"comment_status":"open","ping_status":"closed","template":"","meta":[],"product_brand":[9925],"product_cat":[9800],"product_tag":[],"class_list":{"0":"post-81267","1":"product","2":"type-product","3":"status-publish","4":"has-post-thumbnail","6":"product_brand-predator-arredo-casa-de","7":"product_cat-betten-inneneinrichtung","9":"first","10":"instock","11":"sale","12":"taxable","13":"shipping-taxable","14":"purchasable","15":"product-type-simple"},"exclude_global_add_ons":false,"addons":[{"name":"Farbe","type":"multiple_choice","position":0,"required":true,"title_format":"heading","default":"","description_enable":false,"description":"","placeholder_enable":false,"placeholder":"","display":"select","restrictions_type":"any_text","adjust_price":false,"price":"","price_type":"flat_fee","restrictions":false,"min":"0","max":"0","options":[{"label":"wei\u00df","price":"","price_type":"quantity_based","image":0,"visibility":true},{"label":"schwarz","price":"","price_type":"quantity_based","image":0,"visibility":true}],"id":1718118064}],"yoast_head":"<!-- This site is optimized with the Yoast SEO plugin v26.7 - https:\/\/yoast.com\/wordpress\/plugins\/seo\/ -->\n<title>Orchidea Bett zwei Quadrate 227x174 wei\u00dfe oder schwarze Kunstleder gesteppte F\u00fc\u00dfe aus satiniertem Stahl<\/title>\n<meta name=\"robots\" content=\"index, follow, max-snippet:-1, max-image-preview:large, max-video-preview:-1\" \/>\n<link rel=\"canonical\" href=\"https:\/\/www.bagnoitalia.com\/de\/produkt\/silene-227x174-weises-oder-schwarzes-doppelbett-aus-gestepptem-kunstleder-mit-stahlfusen-1.html\" \/>\n<meta property=\"og:locale\" content=\"de_DE\" \/>\n<meta property=\"og:type\" content=\"article\" \/>\n<meta property=\"og:title\" content=\"Orchidea Bett zwei Quadrate 227x174 wei\u00dfe oder schwarze Kunstleder gesteppte F\u00fc\u00dfe aus satiniertem Stahl\" \/>\n<meta property=\"og:description\" content=\"Das Orchidea -Bett ist in zwei Farben (schwarz und wei\u00df) gefertigt. Mit seiner gesteppten Polsterung wird dieses Design-Bett perfekt sein, um in seinem Schlafzimmer eine edle und schicke Atmosph\u00e4re zu akzentuieren, die eine originelle dekorative Wirkung garantiert.\" \/>\n<meta property=\"og:url\" content=\"https:\/\/www.bagnoitalia.com\/de\/produkt\/silene-227x174-weises-oder-schwarzes-doppelbett-aus-gestepptem-kunstleder-mit-stahlfusen-1.html\" \/>\n<meta property=\"og:site_name\" content=\"Bagno Italia\" \/>\n<meta property=\"article:modified_time\" content=\"2024-06-11T13:01:03+00:00\" \/>\n<meta property=\"og:image\" content=\"https:\/\/img.bagnoitalia.com\/wp-content\/uploads\/virtuemart\/product\/double-bed-220x174-strip-led-orchidea-model-5555_1546878047_690.jpg\" \/>\n\t<meta property=\"og:image:width\" content=\"550\" \/>\n\t<meta property=\"og:image:height\" content=\"550\" \/>\n\t<meta property=\"og:image:type\" content=\"image\/jpeg\" \/>\n<meta name=\"twitter:card\" content=\"summary_large_image\" \/>\n<meta name=\"twitter:label1\" content=\"Gesch\u00e4tzte Lesezeit\" \/>\n\t<meta name=\"twitter:data1\" content=\"2\u00a0Minuten\" \/>\n<script type=\"application\/ld+json\" class=\"yoast-schema-graph\">{\"@context\":\"https:\/\/schema.org\",\"@graph\":[{\"@type\":\"WebPage\",\"@id\":\"https:\/\/www.bagnoitalia.com\/de\/produkt\/silene-227x174-weises-oder-schwarzes-doppelbett-aus-gestepptem-kunstleder-mit-stahlfusen-1.html\",\"url\":\"https:\/\/www.bagnoitalia.com\/de\/produkt\/silene-227x174-weises-oder-schwarzes-doppelbett-aus-gestepptem-kunstleder-mit-stahlfusen-1.html\",\"name\":\"Orchidea Bett zwei Quadrate 227x174 wei\u00dfe oder schwarze Kunstleder gesteppte F\u00fc\u00dfe aus satiniertem Stahl\",\"isPartOf\":{\"@id\":\"https:\/\/www.bagnoitalia.com\/de#website\"},\"primaryImageOfPage\":{\"@id\":\"https:\/\/www.bagnoitalia.com\/de\/produkt\/silene-227x174-weises-oder-schwarzes-doppelbett-aus-gestepptem-kunstleder-mit-stahlfusen-1.html#primaryimage\"},\"image\":{\"@id\":\"https:\/\/www.bagnoitalia.com\/de\/produkt\/silene-227x174-weises-oder-schwarzes-doppelbett-aus-gestepptem-kunstleder-mit-stahlfusen-1.html#primaryimage\"},\"thumbnailUrl\":\"https:\/\/img.bagnoitalia.com\/wp-content\/uploads\/virtuemart\/product\/double-bed-220x174-strip-led-orchidea-model-5555_1546878047_690.jpg\",\"datePublished\":\"2019-01-07T15:04:27+00:00\",\"dateModified\":\"2024-06-11T13:01:03+00:00\",\"breadcrumb\":{\"@id\":\"https:\/\/www.bagnoitalia.com\/de\/produkt\/silene-227x174-weises-oder-schwarzes-doppelbett-aus-gestepptem-kunstleder-mit-stahlfusen-1.html#breadcrumb\"},\"inLanguage\":\"de\",\"potentialAction\":[{\"@type\":\"ReadAction\",\"target\":[\"https:\/\/www.bagnoitalia.com\/de\/produkt\/silene-227x174-weises-oder-schwarzes-doppelbett-aus-gestepptem-kunstleder-mit-stahlfusen-1.html\"]}]},{\"@type\":\"ImageObject\",\"inLanguage\":\"de\",\"@id\":\"https:\/\/www.bagnoitalia.com\/de\/produkt\/silene-227x174-weises-oder-schwarzes-doppelbett-aus-gestepptem-kunstleder-mit-stahlfusen-1.html#primaryimage\",\"url\":\"https:\/\/img.bagnoitalia.com\/wp-content\/uploads\/virtuemart\/product\/double-bed-220x174-strip-led-orchidea-model-5555_1546878047_690.jpg\",\"contentUrl\":\"https:\/\/img.bagnoitalia.com\/wp-content\/uploads\/virtuemart\/product\/double-bed-220x174-strip-led-orchidea-model-5555_1546878047_690.jpg\",\"width\":550,\"height\":550},{\"@type\":\"BreadcrumbList\",\"@id\":\"https:\/\/www.bagnoitalia.com\/de\/produkt\/silene-227x174-weises-oder-schwarzes-doppelbett-aus-gestepptem-kunstleder-mit-stahlfusen-1.html#breadcrumb\",\"itemListElement\":[{\"@type\":\"ListItem\",\"position\":1,\"name\":\"Home\",\"item\":\"https:\/\/www.bagnoitalia.com\/de\"},{\"@type\":\"ListItem\",\"position\":2,\"name\":\"Produkte\",\"item\":\"https:\/\/www.bagnoitalia.com\/de\/shop\"},{\"@type\":\"ListItem\",\"position\":3,\"name\":\"Orchidea 227&#215;174 wei\u00dfes oder schwarzes Doppelbett aus gestepptem Kunstleder mit Stahlf\u00fc\u00dfen\"}]},{\"@type\":\"WebSite\",\"@id\":\"https:\/\/www.bagnoitalia.com\/de#website\",\"url\":\"https:\/\/www.bagnoitalia.com\/de\",\"name\":\"Bagno Italia\",\"description\":\"\",\"publisher\":{\"@id\":\"https:\/\/www.bagnoitalia.com\/de#organization\"},\"potentialAction\":[{\"@type\":\"SearchAction\",\"target\":{\"@type\":\"EntryPoint\",\"urlTemplate\":\"https:\/\/www.bagnoitalia.com\/de?s={search_term_string}\"},\"query-input\":{\"@type\":\"PropertyValueSpecification\",\"valueRequired\":true,\"valueName\":\"search_term_string\"}}],\"inLanguage\":\"de\"},{\"@type\":\"Organization\",\"@id\":\"https:\/\/www.bagnoitalia.com\/de#organization\",\"name\":\"Bagno Italia\",\"url\":\"https:\/\/www.bagnoitalia.com\/de\",\"logo\":{\"@type\":\"ImageObject\",\"inLanguage\":\"de\",\"@id\":\"https:\/\/www.bagnoitalia.com\/de#\/schema\/logo\/image\/\",\"url\":\"https:\/\/img.bagnoitalia.com\/wp-content\/uploads\/logo-bagnoitalia.webp\",\"contentUrl\":\"https:\/\/img.bagnoitalia.com\/wp-content\/uploads\/logo-bagnoitalia.webp\",\"width\":400,\"height\":70,\"caption\":\"Bagno Italia\"},\"image\":{\"@id\":\"https:\/\/www.bagnoitalia.com\/de#\/schema\/logo\/image\/\"}}]}<\/script>\n<!-- \/ Yoast SEO plugin. -->","yoast_head_json":{"title":"Orchidea Bett zwei Quadrate 227x174 wei\u00dfe oder schwarze Kunstleder gesteppte F\u00fc\u00dfe aus satiniertem Stahl","robots":{"index":"index","follow":"follow","max-snippet":"max-snippet:-1","max-image-preview":"max-image-preview:large","max-video-preview":"max-video-preview:-1"},"canonical":"https:\/\/www.bagnoitalia.com\/de\/produkt\/silene-227x174-weises-oder-schwarzes-doppelbett-aus-gestepptem-kunstleder-mit-stahlfusen-1.html","og_locale":"de_DE","og_type":"article","og_title":"Orchidea Bett zwei Quadrate 227x174 wei\u00dfe oder schwarze Kunstleder gesteppte F\u00fc\u00dfe aus satiniertem Stahl","og_description":"Das Orchidea -Bett ist in zwei Farben (schwarz und wei\u00df) gefertigt. Mit seiner gesteppten Polsterung wird dieses Design-Bett perfekt sein, um in seinem Schlafzimmer eine edle und schicke Atmosph\u00e4re zu akzentuieren, die eine originelle dekorative Wirkung garantiert.","og_url":"https:\/\/www.bagnoitalia.com\/de\/produkt\/silene-227x174-weises-oder-schwarzes-doppelbett-aus-gestepptem-kunstleder-mit-stahlfusen-1.html","og_site_name":"Bagno Italia","article_modified_time":"2024-06-11T13:01:03+00:00","og_image":[{"width":550,"height":550,"url":"https:\/\/img.bagnoitalia.com\/wp-content\/uploads\/virtuemart\/product\/double-bed-220x174-strip-led-orchidea-model-5555_1546878047_690.jpg","type":"image\/jpeg"}],"twitter_card":"summary_large_image","twitter_misc":{"Gesch\u00e4tzte Lesezeit":"2\u00a0Minuten"},"schema":{"@context":"https:\/\/schema.org","@graph":[{"@type":"WebPage","@id":"https:\/\/www.bagnoitalia.com\/de\/produkt\/silene-227x174-weises-oder-schwarzes-doppelbett-aus-gestepptem-kunstleder-mit-stahlfusen-1.html","url":"https:\/\/www.bagnoitalia.com\/de\/produkt\/silene-227x174-weises-oder-schwarzes-doppelbett-aus-gestepptem-kunstleder-mit-stahlfusen-1.html","name":"Orchidea Bett zwei Quadrate 227x174 wei\u00dfe oder schwarze Kunstleder gesteppte F\u00fc\u00dfe aus satiniertem Stahl","isPartOf":{"@id":"https:\/\/www.bagnoitalia.com\/de#website"},"primaryImageOfPage":{"@id":"https:\/\/www.bagnoitalia.com\/de\/produkt\/silene-227x174-weises-oder-schwarzes-doppelbett-aus-gestepptem-kunstleder-mit-stahlfusen-1.html#primaryimage"},"image":{"@id":"https:\/\/www.bagnoitalia.com\/de\/produkt\/silene-227x174-weises-oder-schwarzes-doppelbett-aus-gestepptem-kunstleder-mit-stahlfusen-1.html#primaryimage"},"thumbnailUrl":"https:\/\/img.bagnoitalia.com\/wp-content\/uploads\/virtuemart\/product\/double-bed-220x174-strip-led-orchidea-model-5555_1546878047_690.jpg","datePublished":"2019-01-07T15:04:27+00:00","dateModified":"2024-06-11T13:01:03+00:00","breadcrumb":{"@id":"https:\/\/www.bagnoitalia.com\/de\/produkt\/silene-227x174-weises-oder-schwarzes-doppelbett-aus-gestepptem-kunstleder-mit-stahlfusen-1.html#breadcrumb"},"inLanguage":"de","potentialAction":[{"@type":"ReadAction","target":["https:\/\/www.bagnoitalia.com\/de\/produkt\/silene-227x174-weises-oder-schwarzes-doppelbett-aus-gestepptem-kunstleder-mit-stahlfusen-1.html"]}]},{"@type":"ImageObject","inLanguage":"de","@id":"https:\/\/www.bagnoitalia.com\/de\/produkt\/silene-227x174-weises-oder-schwarzes-doppelbett-aus-gestepptem-kunstleder-mit-stahlfusen-1.html#primaryimage","url":"https:\/\/img.bagnoitalia.com\/wp-content\/uploads\/virtuemart\/product\/double-bed-220x174-strip-led-orchidea-model-5555_1546878047_690.jpg","contentUrl":"https:\/\/img.bagnoitalia.com\/wp-content\/uploads\/virtuemart\/product\/double-bed-220x174-strip-led-orchidea-model-5555_1546878047_690.jpg","width":550,"height":550},{"@type":"BreadcrumbList","@id":"https:\/\/www.bagnoitalia.com\/de\/produkt\/silene-227x174-weises-oder-schwarzes-doppelbett-aus-gestepptem-kunstleder-mit-stahlfusen-1.html#breadcrumb","itemListElement":[{"@type":"ListItem","position":1,"name":"Home","item":"https:\/\/www.bagnoitalia.com\/de"},{"@type":"ListItem","position":2,"name":"Produkte","item":"https:\/\/www.bagnoitalia.com\/de\/shop"},{"@type":"ListItem","position":3,"name":"Orchidea 227&#215;174 wei\u00dfes oder schwarzes Doppelbett aus gestepptem Kunstleder mit Stahlf\u00fc\u00dfen"}]},{"@type":"WebSite","@id":"https:\/\/www.bagnoitalia.com\/de#website","url":"https:\/\/www.bagnoitalia.com\/de","name":"Bagno Italia","description":"","publisher":{"@id":"https:\/\/www.bagnoitalia.com\/de#organization"},"potentialAction":[{"@type":"SearchAction","target":{"@type":"EntryPoint","urlTemplate":"https:\/\/www.bagnoitalia.com\/de?s={search_term_string}"},"query-input":{"@type":"PropertyValueSpecification","valueRequired":true,"valueName":"search_term_string"}}],"inLanguage":"de"},{"@type":"Organization","@id":"https:\/\/www.bagnoitalia.com\/de#organization","name":"Bagno Italia","url":"https:\/\/www.bagnoitalia.com\/de","logo":{"@type":"ImageObject","inLanguage":"de","@id":"https:\/\/www.bagnoitalia.com\/de#\/schema\/logo\/image\/","url":"https:\/\/img.bagnoitalia.com\/wp-content\/uploads\/logo-bagnoitalia.webp","contentUrl":"https:\/\/img.bagnoitalia.com\/wp-content\/uploads\/logo-bagnoitalia.webp","width":400,"height":70,"caption":"Bagno Italia"},"image":{"@id":"https:\/\/www.bagnoitalia.com\/de#\/schema\/logo\/image\/"}}]}},"_links":{"self":[{"href":"https:\/\/www.bagnoitalia.com\/de\/wp-json\/wp\/v2\/product\/81267","targetHints":{"allow":["GET"]}}],"collection":[{"href":"https:\/\/www.bagnoitalia.com\/de\/wp-json\/wp\/v2\/product"}],"about":[{"href":"https:\/\/www.bagnoitalia.com\/de\/wp-json\/wp\/v2\/types\/product"}],"replies":[{"embeddable":true,"href":"https:\/\/www.bagnoitalia.com\/de\/wp-json\/wp\/v2\/comments?post=81267"}],"version-history":[{"count":1,"href":"https:\/\/www.bagnoitalia.com\/de\/wp-json\/wp\/v2\/product\/81267\/revisions"}],"predecessor-version":[{"id":89904,"href":"https:\/\/www.bagnoitalia.com\/de\/wp-json\/wp\/v2\/product\/81267\/revisions\/89904"}],"wp:featuredmedia":[{"embeddable":true,"href":"https:\/\/www.bagnoitalia.com\/de\/wp-json\/wp\/v2\/media\/42678"}],"wp:attachment":[{"href":"https:\/\/www.bagnoitalia.com\/de\/wp-json\/wp\/v2\/media?parent=81267"}],"wp:term":[{"taxonomy":"product_brand","embeddable":true,"href":"https:\/\/www.bagnoitalia.com\/de\/wp-json\/wp\/v2\/product_brand?post=81267"},{"taxonomy":"product_cat","embeddable":true,"href":"https:\/\/www.bagnoitalia.com\/de\/wp-json\/wp\/v2\/product_cat?post=81267"},{"taxonomy":"product_tag","embeddable":true,"href":"https:\/\/www.bagnoitalia.com\/de\/wp-json\/wp\/v2\/product_tag?post=81267"}],"curies":[{"name":"wp","href":"https:\/\/api.w.org\/{rel}","templated":true}]}}