{"id":81263,"date":"2019-01-03T14:56:53","date_gmt":"2019-01-03T13:56:53","guid":{"rendered":"https:\/\/www.bagnoitalia.com\/product\/modernes-giglio-120-cm-wand-badezimmer-in-3-farben-mit-spiegel-1"},"modified":"2019-01-03T14:56:53","modified_gmt":"2019-01-03T13:56:53","slug":"modernes-giglio-120-cm-wand-badezimmer-in-3-farben-mit-spiegel-1","status":"publish","type":"product","link":"https:\/\/www.bagnoitalia.com\/de\/produkt\/modernes-giglio-120-cm-wand-badezimmer-in-3-farben-mit-spiegel-1.html","title":{"rendered":"Gemma Bad-H\u00e4ngeschrank,120cm, modern, in 4 Farben erh\u00e4ltlich, mit Spiegel"},"content":{"rendered":"<p style=\"margin-bottom: 0cm;\"><span style=\"text-decoration: underline; font-size: 14pt;\"><strong>Gemma Badschrank 120cm mit Waschbecken aus Mineralmarmor<\/strong><\/span><\/p>\n<p>&nbsp;<\/p>\n<p>&nbsp;<\/p>\n<p style=\"margin-bottom: 0cm;\"><span style=\"text-decoration: underline;\"><strong><span style=\"font-size: 12pt;\">Der Preis beinhaltet:<\/span><\/strong><\/span><\/p>\n<p style=\"margin-bottom: 0cm;\"><span style=\"font-size: 12pt;\">1 Unterwaschbecken mit 2 Schubladen und 2 T\u00fcren: 120cm&nbsp;<br \/><\/span><\/p>\n<p style=\"margin-bottom: 0cm;\"><span style=\"font-size: 12pt;\">1 Waschbecken in Mineralmarmor&nbsp;<\/span><\/p>\n<p style=\"margin-bottom: 0cm;\"><span style=\"font-size: 12pt;\">1 Spiegel: 110x70cm&nbsp;<br \/><\/span><\/p>\n<p>&nbsp;<\/p>\n<p>&nbsp;<\/p>\n<p style=\"margin-bottom: 0cm;\"><strong><span style=\"text-decoration: underline;\"><span style=\"font-size: medium;\">Eigenschaften<span><span>:<\/span><\/span><\/span><\/span><\/strong><\/p>\n<p style=\"margin-bottom: 0cm;\"><span style=\"font-size: 12pt;\"><span style=\"text-decoration: underline;\"><\/span>Gr\u00f6\u00dfe des Schranks: 120x55x52cm<\/span><\/p>\n<p style=\"margin-bottom: 0cm;\"><span style=\"font-size: 12pt;\">Struktur: MDF-Holz<\/span><\/p>\n<p style=\"margin-bottom: 0cm;\"><span style=\"font-size: 12pt;\">Mineralmarmorwaschbecken: 90cm <\/span><\/p>\n<p style=\"margin-bottom: 0cm;\"><span style=\"font-size: medium;\">S<span>eitliche Auflagefl\u00e4che des Waschbeckens: <span>30cm<\/span> <br \/><\/span><\/span><\/p>\n<p style=\"margin-bottom: 0cm;\"><span style=\"font-size: 12pt;\"><\/span><\/p>\n<p style=\"margin-bottom: 0cm;\"><span style=\"font-size: 12pt;\">Absperrvorrichtung und Wandleuchten nicht im Preis enthalten.<\/span><\/p>\n<p>&nbsp;<\/p>\n<p>&nbsp;<\/p>\n","protected":false},"excerpt":{"rendered":"<p>Der moderne Gemma Badschrank ist 120cm gro\u00df und mit einem Waschbecken aus Mineralmarmor best\u00fcckt. Der Schrank besteht aus 2 Schubladen und 2 Schrankt\u00fcren und ist in den Farben helle\/dunkle Eiche, gl\u00e4nzendem Anthrazit oder gl\u00e4nzendem Wei\u00df lieferbar.<\/p>\n","protected":false},"featured_media":42634,"comment_status":"open","ping_status":"closed","template":"","meta":[],"product_brand":[9883],"product_cat":[15],"product_tag":[],"class_list":{"0":"post-81263","1":"product","2":"type-product","3":"status-publish","4":"has-post-thumbnail","6":"product_brand-deghi-de","7":"product_cat-senza-categoria","9":"first","10":"outofstock","11":"taxable","12":"shipping-taxable","13":"purchasable","14":"product-type-simple"},"exclude_global_add_ons":false,"addons":[{"name":"CAMPI_COLORE_DEL_MOBILE\r\n","type":"select","position":0,"required":true,"title_format":"label","default":"","description_enable":false,"description":"","placeholder_enable":false,"placeholder":"","display":"select","restrictions_type":"any_text","adjust_price":false,"price":"","price_type":"","restrictions":false,"min":"0","max":"0","options":[]},{"name":"CAMPI_COLONNA\r\n","type":"select","position":0,"required":true,"title_format":"label","default":"","description_enable":false,"description":"","placeholder_enable":false,"placeholder":"","display":"select","restrictions_type":"any_text","adjust_price":false,"price":"","price_type":"","restrictions":false,"min":"0","max":"0","options":[]}],"yoast_head":"<!-- This site is optimized with the Yoast SEO plugin v26.7 - https:\/\/yoast.com\/wordpress\/plugins\/seo\/ -->\n<title>Moderner Badezimmerschrank Giglio 120 cm schwebendes Mineralmarmoholz MDF in 3 Farben erh\u00e4ltlich<\/title>\n<meta name=\"description\" content=\"Moderner Badezimmerschrank Typ Giglio 120 cm mit Mineralmarmo-Waschbecken, Untergestell aus MDF-Holz und in 3 Farben erh\u00e4ltlich\" \/>\n<meta name=\"robots\" content=\"index, follow, max-snippet:-1, max-image-preview:large, max-video-preview:-1\" \/>\n<link rel=\"canonical\" href=\"https:\/\/www.bagnoitalia.com\/de\/produkt\/modernes-giglio-120-cm-wand-badezimmer-in-3-farben-mit-spiegel-1.html\" \/>\n<meta property=\"og:locale\" content=\"de_DE\" \/>\n<meta property=\"og:type\" content=\"article\" \/>\n<meta property=\"og:title\" content=\"Moderner Badezimmerschrank Giglio 120 cm schwebendes Mineralmarmoholz MDF in 3 Farben erh\u00e4ltlich\" \/>\n<meta property=\"og:description\" content=\"Moderner Badezimmerschrank Typ Giglio 120 cm mit Mineralmarmo-Waschbecken, Untergestell aus MDF-Holz und in 3 Farben erh\u00e4ltlich\" \/>\n<meta property=\"og:url\" content=\"https:\/\/www.bagnoitalia.com\/de\/produkt\/modernes-giglio-120-cm-wand-badezimmer-in-3-farben-mit-spiegel-1.html\" \/>\n<meta property=\"og:site_name\" content=\"Bagno Italia\" \/>\n<meta property=\"og:image\" content=\"https:\/\/img.bagnoitalia.com\/wp-content\/uploads\/virtuemart\/product\/wall-hung-bathroom-vanity-gemma-4-colors_1556013925_419.jpg\" \/>\n\t<meta property=\"og:image:width\" content=\"550\" \/>\n\t<meta property=\"og:image:height\" content=\"550\" \/>\n\t<meta property=\"og:image:type\" content=\"image\/jpeg\" \/>\n<meta name=\"twitter:card\" content=\"summary_large_image\" \/>\n<script type=\"application\/ld+json\" class=\"yoast-schema-graph\">{\"@context\":\"https:\/\/schema.org\",\"@graph\":[{\"@type\":\"WebPage\",\"@id\":\"https:\/\/www.bagnoitalia.com\/de\/produkt\/modernes-giglio-120-cm-wand-badezimmer-in-3-farben-mit-spiegel-1.html\",\"url\":\"https:\/\/www.bagnoitalia.com\/de\/produkt\/modernes-giglio-120-cm-wand-badezimmer-in-3-farben-mit-spiegel-1.html\",\"name\":\"Moderner Badezimmerschrank Giglio 120 cm schwebendes Mineralmarmoholz MDF in 3 Farben erh\u00e4ltlich\",\"isPartOf\":{\"@id\":\"https:\/\/www.bagnoitalia.com\/de#website\"},\"primaryImageOfPage\":{\"@id\":\"https:\/\/www.bagnoitalia.com\/de\/produkt\/modernes-giglio-120-cm-wand-badezimmer-in-3-farben-mit-spiegel-1.html#primaryimage\"},\"image\":{\"@id\":\"https:\/\/www.bagnoitalia.com\/de\/produkt\/modernes-giglio-120-cm-wand-badezimmer-in-3-farben-mit-spiegel-1.html#primaryimage\"},\"thumbnailUrl\":\"https:\/\/img.bagnoitalia.com\/wp-content\/uploads\/virtuemart\/product\/wall-hung-bathroom-vanity-gemma-4-colors_1556013925_419.jpg\",\"datePublished\":\"2019-01-03T13:56:53+00:00\",\"description\":\"Moderner Badezimmerschrank Typ Giglio 120 cm mit Mineralmarmo-Waschbecken, Untergestell aus MDF-Holz und in 3 Farben erh\u00e4ltlich\",\"breadcrumb\":{\"@id\":\"https:\/\/www.bagnoitalia.com\/de\/produkt\/modernes-giglio-120-cm-wand-badezimmer-in-3-farben-mit-spiegel-1.html#breadcrumb\"},\"inLanguage\":\"de\",\"potentialAction\":[{\"@type\":\"ReadAction\",\"target\":[\"https:\/\/www.bagnoitalia.com\/de\/produkt\/modernes-giglio-120-cm-wand-badezimmer-in-3-farben-mit-spiegel-1.html\"]}]},{\"@type\":\"ImageObject\",\"inLanguage\":\"de\",\"@id\":\"https:\/\/www.bagnoitalia.com\/de\/produkt\/modernes-giglio-120-cm-wand-badezimmer-in-3-farben-mit-spiegel-1.html#primaryimage\",\"url\":\"https:\/\/img.bagnoitalia.com\/wp-content\/uploads\/virtuemart\/product\/wall-hung-bathroom-vanity-gemma-4-colors_1556013925_419.jpg\",\"contentUrl\":\"https:\/\/img.bagnoitalia.com\/wp-content\/uploads\/virtuemart\/product\/wall-hung-bathroom-vanity-gemma-4-colors_1556013925_419.jpg\",\"width\":550,\"height\":550},{\"@type\":\"BreadcrumbList\",\"@id\":\"https:\/\/www.bagnoitalia.com\/de\/produkt\/modernes-giglio-120-cm-wand-badezimmer-in-3-farben-mit-spiegel-1.html#breadcrumb\",\"itemListElement\":[{\"@type\":\"ListItem\",\"position\":1,\"name\":\"Home\",\"item\":\"https:\/\/www.bagnoitalia.com\/de\"},{\"@type\":\"ListItem\",\"position\":2,\"name\":\"Produkte\",\"item\":\"https:\/\/www.bagnoitalia.com\/de\/shop\"},{\"@type\":\"ListItem\",\"position\":3,\"name\":\"Gemma Bad-H\u00e4ngeschrank,120cm, modern, in 4 Farben erh\u00e4ltlich, mit Spiegel\"}]},{\"@type\":\"WebSite\",\"@id\":\"https:\/\/www.bagnoitalia.com\/de#website\",\"url\":\"https:\/\/www.bagnoitalia.com\/de\",\"name\":\"Bagno Italia\",\"description\":\"\",\"publisher\":{\"@id\":\"https:\/\/www.bagnoitalia.com\/de#organization\"},\"potentialAction\":[{\"@type\":\"SearchAction\",\"target\":{\"@type\":\"EntryPoint\",\"urlTemplate\":\"https:\/\/www.bagnoitalia.com\/de?s={search_term_string}\"},\"query-input\":{\"@type\":\"PropertyValueSpecification\",\"valueRequired\":true,\"valueName\":\"search_term_string\"}}],\"inLanguage\":\"de\"},{\"@type\":\"Organization\",\"@id\":\"https:\/\/www.bagnoitalia.com\/de#organization\",\"name\":\"Bagno Italia\",\"url\":\"https:\/\/www.bagnoitalia.com\/de\",\"logo\":{\"@type\":\"ImageObject\",\"inLanguage\":\"de\",\"@id\":\"https:\/\/www.bagnoitalia.com\/de#\/schema\/logo\/image\/\",\"url\":\"https:\/\/img.bagnoitalia.com\/wp-content\/uploads\/logo-bagnoitalia.webp\",\"contentUrl\":\"https:\/\/img.bagnoitalia.com\/wp-content\/uploads\/logo-bagnoitalia.webp\",\"width\":400,\"height\":70,\"caption\":\"Bagno Italia\"},\"image\":{\"@id\":\"https:\/\/www.bagnoitalia.com\/de#\/schema\/logo\/image\/\"}}]}<\/script>\n<!-- \/ Yoast SEO plugin. -->","yoast_head_json":{"title":"Moderner Badezimmerschrank Giglio 120 cm schwebendes Mineralmarmoholz MDF in 3 Farben erh\u00e4ltlich","description":"Moderner Badezimmerschrank Typ Giglio 120 cm mit Mineralmarmo-Waschbecken, Untergestell aus MDF-Holz und in 3 Farben erh\u00e4ltlich","robots":{"index":"index","follow":"follow","max-snippet":"max-snippet:-1","max-image-preview":"max-image-preview:large","max-video-preview":"max-video-preview:-1"},"canonical":"https:\/\/www.bagnoitalia.com\/de\/produkt\/modernes-giglio-120-cm-wand-badezimmer-in-3-farben-mit-spiegel-1.html","og_locale":"de_DE","og_type":"article","og_title":"Moderner Badezimmerschrank Giglio 120 cm schwebendes Mineralmarmoholz MDF in 3 Farben erh\u00e4ltlich","og_description":"Moderner Badezimmerschrank Typ Giglio 120 cm mit Mineralmarmo-Waschbecken, Untergestell aus MDF-Holz und in 3 Farben erh\u00e4ltlich","og_url":"https:\/\/www.bagnoitalia.com\/de\/produkt\/modernes-giglio-120-cm-wand-badezimmer-in-3-farben-mit-spiegel-1.html","og_site_name":"Bagno Italia","og_image":[{"width":550,"height":550,"url":"https:\/\/img.bagnoitalia.com\/wp-content\/uploads\/virtuemart\/product\/wall-hung-bathroom-vanity-gemma-4-colors_1556013925_419.jpg","type":"image\/jpeg"}],"twitter_card":"summary_large_image","schema":{"@context":"https:\/\/schema.org","@graph":[{"@type":"WebPage","@id":"https:\/\/www.bagnoitalia.com\/de\/produkt\/modernes-giglio-120-cm-wand-badezimmer-in-3-farben-mit-spiegel-1.html","url":"https:\/\/www.bagnoitalia.com\/de\/produkt\/modernes-giglio-120-cm-wand-badezimmer-in-3-farben-mit-spiegel-1.html","name":"Moderner Badezimmerschrank Giglio 120 cm schwebendes Mineralmarmoholz MDF in 3 Farben erh\u00e4ltlich","isPartOf":{"@id":"https:\/\/www.bagnoitalia.com\/de#website"},"primaryImageOfPage":{"@id":"https:\/\/www.bagnoitalia.com\/de\/produkt\/modernes-giglio-120-cm-wand-badezimmer-in-3-farben-mit-spiegel-1.html#primaryimage"},"image":{"@id":"https:\/\/www.bagnoitalia.com\/de\/produkt\/modernes-giglio-120-cm-wand-badezimmer-in-3-farben-mit-spiegel-1.html#primaryimage"},"thumbnailUrl":"https:\/\/img.bagnoitalia.com\/wp-content\/uploads\/virtuemart\/product\/wall-hung-bathroom-vanity-gemma-4-colors_1556013925_419.jpg","datePublished":"2019-01-03T13:56:53+00:00","description":"Moderner Badezimmerschrank Typ Giglio 120 cm mit Mineralmarmo-Waschbecken, Untergestell aus MDF-Holz und in 3 Farben erh\u00e4ltlich","breadcrumb":{"@id":"https:\/\/www.bagnoitalia.com\/de\/produkt\/modernes-giglio-120-cm-wand-badezimmer-in-3-farben-mit-spiegel-1.html#breadcrumb"},"inLanguage":"de","potentialAction":[{"@type":"ReadAction","target":["https:\/\/www.bagnoitalia.com\/de\/produkt\/modernes-giglio-120-cm-wand-badezimmer-in-3-farben-mit-spiegel-1.html"]}]},{"@type":"ImageObject","inLanguage":"de","@id":"https:\/\/www.bagnoitalia.com\/de\/produkt\/modernes-giglio-120-cm-wand-badezimmer-in-3-farben-mit-spiegel-1.html#primaryimage","url":"https:\/\/img.bagnoitalia.com\/wp-content\/uploads\/virtuemart\/product\/wall-hung-bathroom-vanity-gemma-4-colors_1556013925_419.jpg","contentUrl":"https:\/\/img.bagnoitalia.com\/wp-content\/uploads\/virtuemart\/product\/wall-hung-bathroom-vanity-gemma-4-colors_1556013925_419.jpg","width":550,"height":550},{"@type":"BreadcrumbList","@id":"https:\/\/www.bagnoitalia.com\/de\/produkt\/modernes-giglio-120-cm-wand-badezimmer-in-3-farben-mit-spiegel-1.html#breadcrumb","itemListElement":[{"@type":"ListItem","position":1,"name":"Home","item":"https:\/\/www.bagnoitalia.com\/de"},{"@type":"ListItem","position":2,"name":"Produkte","item":"https:\/\/www.bagnoitalia.com\/de\/shop"},{"@type":"ListItem","position":3,"name":"Gemma Bad-H\u00e4ngeschrank,120cm, modern, in 4 Farben erh\u00e4ltlich, mit Spiegel"}]},{"@type":"WebSite","@id":"https:\/\/www.bagnoitalia.com\/de#website","url":"https:\/\/www.bagnoitalia.com\/de","name":"Bagno Italia","description":"","publisher":{"@id":"https:\/\/www.bagnoitalia.com\/de#organization"},"potentialAction":[{"@type":"SearchAction","target":{"@type":"EntryPoint","urlTemplate":"https:\/\/www.bagnoitalia.com\/de?s={search_term_string}"},"query-input":{"@type":"PropertyValueSpecification","valueRequired":true,"valueName":"search_term_string"}}],"inLanguage":"de"},{"@type":"Organization","@id":"https:\/\/www.bagnoitalia.com\/de#organization","name":"Bagno Italia","url":"https:\/\/www.bagnoitalia.com\/de","logo":{"@type":"ImageObject","inLanguage":"de","@id":"https:\/\/www.bagnoitalia.com\/de#\/schema\/logo\/image\/","url":"https:\/\/img.bagnoitalia.com\/wp-content\/uploads\/logo-bagnoitalia.webp","contentUrl":"https:\/\/img.bagnoitalia.com\/wp-content\/uploads\/logo-bagnoitalia.webp","width":400,"height":70,"caption":"Bagno Italia"},"image":{"@id":"https:\/\/www.bagnoitalia.com\/de#\/schema\/logo\/image\/"}}]}},"_links":{"self":[{"href":"https:\/\/www.bagnoitalia.com\/de\/wp-json\/wp\/v2\/product\/81263","targetHints":{"allow":["GET"]}}],"collection":[{"href":"https:\/\/www.bagnoitalia.com\/de\/wp-json\/wp\/v2\/product"}],"about":[{"href":"https:\/\/www.bagnoitalia.com\/de\/wp-json\/wp\/v2\/types\/product"}],"replies":[{"embeddable":true,"href":"https:\/\/www.bagnoitalia.com\/de\/wp-json\/wp\/v2\/comments?post=81263"}],"version-history":[{"count":0,"href":"https:\/\/www.bagnoitalia.com\/de\/wp-json\/wp\/v2\/product\/81263\/revisions"}],"wp:featuredmedia":[{"embeddable":true,"href":"https:\/\/www.bagnoitalia.com\/de\/wp-json\/wp\/v2\/media\/42634"}],"wp:attachment":[{"href":"https:\/\/www.bagnoitalia.com\/de\/wp-json\/wp\/v2\/media?parent=81263"}],"wp:term":[{"taxonomy":"product_brand","embeddable":true,"href":"https:\/\/www.bagnoitalia.com\/de\/wp-json\/wp\/v2\/product_brand?post=81263"},{"taxonomy":"product_cat","embeddable":true,"href":"https:\/\/www.bagnoitalia.com\/de\/wp-json\/wp\/v2\/product_cat?post=81263"},{"taxonomy":"product_tag","embeddable":true,"href":"https:\/\/www.bagnoitalia.com\/de\/wp-json\/wp\/v2\/product_tag?post=81263"}],"curies":[{"name":"wp","href":"https:\/\/api.w.org\/{rel}","templated":true}]}}