{"id":81251,"date":"2018-12-21T15:25:23","date_gmt":"2018-12-21T14:25:23","guid":{"rendered":"https:\/\/www.bagnoitalia.com\/product\/hydromassagekabine-80x80-90x90-95x95-multifunktionsduschkabine-auch-mit-sauna-cb057-1"},"modified":"2018-12-21T15:25:23","modified_gmt":"2018-12-21T14:25:23","slug":"hydromassagekabine-80x80-90x90-95x95-multifunktionsduschkabine-auch-mit-sauna-cb057-1","status":"publish","type":"product","link":"https:\/\/www.bagnoitalia.com\/de\/produkt\/hydromassagekabine-80x80-90x90-95x95-multifunktionsduschkabine-auch-mit-sauna-cb057-1.html","title":{"rendered":"CB057 Hydromassagekabine, 80&#215;80, 90&#215;90 oder 95x95cm, multifunktional, auch mit Sauna"},"content":{"rendered":"<p><span style=\"text-decoration: underline; font-size: 12pt;\"><strong>Multifunktions-Hydromassagekabine, Modell CB057<\/strong><\/span><\/p>\n<p>&nbsp;<\/p>\n<p><span style=\"text-decoration: underline;\"><strong>Eigenschaften:<\/strong><\/span><\/p>\n<p>Gr\u00f6\u00dfe: 80&#215;80, 90&#215;90 oder 95&#215;95 cm<\/p>\n<p>H\u00f6he: 215cm<\/p>\n<p>5mm dickes geh\u00e4rtetes Rauchglas<\/p>\n<p>Ozontherapie<\/p>\n<p>Farbtherapie <\/p>\n<div>\n<p>Anrufentgegennahmem\u00f6glichkeit<\/p>\n<\/div>\n<p>Zentraler Duschkopf<\/p>\n<p>Aromatherapie&nbsp;<\/p>\n<p>Flaschenhalter&nbsp;<\/p>\n<p>Fu\u00dfmassage&nbsp;<\/p>\n<p>6 D\u00fcsen<\/p>\n<p>seitlich herausziehbare Handbrause<\/p>\n<p>Radio<\/p>\n<address>&nbsp;<\/address>\n<address>&nbsp;<\/address>\n<address>Die Kabine ist auch mit <strong>Dampfbad erh\u00e4ltlich.<\/strong> Klicken Sie im Men\u00fc &#8222;mit Sauna&#8220; an, um diese zu bestellen.<\/address>\n<address>&nbsp;<\/address>\n<address>&nbsp;<\/address>\n<p><strong>Material:<\/strong><\/p>\n<p>Wannenboden: aus rutschfestem ABS<\/p>\n<p>Profil: Aluminium<\/p>\n<address>&nbsp;<\/address>\n<address>&nbsp;<\/address>\n<address>&nbsp;<\/address>\n<address>&nbsp;<\/address>\n","protected":false},"excerpt":{"rendered":"<p>CB057 multifunktionale Duschkabine in den Gr\u00f6\u00dfen: 80&#215;80, 90&#215;90 oder 95x95cm. Produkt mit Farbtherapie, 6 Hydromassaged\u00fcsen, Radio, und (auf Wunsch) Sauna.<\/p>\n","protected":false},"featured_media":42462,"comment_status":"open","ping_status":"closed","template":"","meta":[],"product_brand":[9952],"product_cat":[15],"product_tag":[],"class_list":{"0":"post-81251","1":"product","2":"type-product","3":"status-publish","4":"has-post-thumbnail","6":"product_brand-importforme-de","7":"product_cat-senza-categoria","9":"first","10":"outofstock","11":"taxable","12":"shipping-taxable","13":"purchasable","14":"product-type-simple"},"exclude_global_add_ons":false,"addons":[{"name":"CAMPI_DIMENSIONI\r\n","type":"select","position":0,"required":true,"title_format":"label","default":"","description_enable":false,"description":"","placeholder_enable":false,"placeholder":"","display":"select","restrictions_type":"any_text","adjust_price":false,"price":"","price_type":"","restrictions":false,"min":"0","max":"0","options":[]}],"yoast_head":"<!-- This site is optimized with the Yoast SEO plugin v26.7 - https:\/\/yoast.com\/wordpress\/plugins\/seo\/ -->\n<title>Whirlpoolbox mit Radio-Chromotherapie in 3 Gr\u00f6\u00dfen auch mit Sauna<\/title>\n<meta name=\"description\" content=\"Hydromassage-Duschkabine mit oder ohne Sauna in verschiedenen Gr\u00f6\u00dfen mit ABS-Duschwanne erh\u00e4ltlich\" \/>\n<meta name=\"robots\" content=\"index, follow, max-snippet:-1, max-image-preview:large, max-video-preview:-1\" \/>\n<link rel=\"canonical\" href=\"https:\/\/www.bagnoitalia.com\/de\/produkt\/hydromassagekabine-80x80-90x90-95x95-multifunktionsduschkabine-auch-mit-sauna-cb057-1.html\" \/>\n<meta property=\"og:locale\" content=\"de_DE\" \/>\n<meta property=\"og:type\" content=\"article\" \/>\n<meta property=\"og:title\" content=\"Whirlpoolbox mit Radio-Chromotherapie in 3 Gr\u00f6\u00dfen auch mit Sauna\" \/>\n<meta property=\"og:description\" content=\"Hydromassage-Duschkabine mit oder ohne Sauna in verschiedenen Gr\u00f6\u00dfen mit ABS-Duschwanne erh\u00e4ltlich\" \/>\n<meta property=\"og:url\" content=\"https:\/\/www.bagnoitalia.com\/de\/produkt\/hydromassagekabine-80x80-90x90-95x95-multifunktionsduschkabine-auch-mit-sauna-cb057-1.html\" \/>\n<meta property=\"og:site_name\" content=\"Bagno Italia\" \/>\n<meta property=\"og:image\" content=\"https:\/\/img.bagnoitalia.com\/wp-content\/uploads\/virtuemart\/product\/hydromassage-shower-cabin-150x90-160x85-cb066-394_1545406224_834.jpg\" \/>\n\t<meta property=\"og:image:width\" content=\"550\" \/>\n\t<meta property=\"og:image:height\" content=\"550\" \/>\n\t<meta property=\"og:image:type\" content=\"image\/jpeg\" \/>\n<meta name=\"twitter:card\" content=\"summary_large_image\" \/>\n<script type=\"application\/ld+json\" class=\"yoast-schema-graph\">{\"@context\":\"https:\/\/schema.org\",\"@graph\":[{\"@type\":\"WebPage\",\"@id\":\"https:\/\/www.bagnoitalia.com\/de\/produkt\/hydromassagekabine-80x80-90x90-95x95-multifunktionsduschkabine-auch-mit-sauna-cb057-1.html\",\"url\":\"https:\/\/www.bagnoitalia.com\/de\/produkt\/hydromassagekabine-80x80-90x90-95x95-multifunktionsduschkabine-auch-mit-sauna-cb057-1.html\",\"name\":\"Whirlpoolbox mit Radio-Chromotherapie in 3 Gr\u00f6\u00dfen auch mit Sauna\",\"isPartOf\":{\"@id\":\"https:\/\/www.bagnoitalia.com\/de#website\"},\"primaryImageOfPage\":{\"@id\":\"https:\/\/www.bagnoitalia.com\/de\/produkt\/hydromassagekabine-80x80-90x90-95x95-multifunktionsduschkabine-auch-mit-sauna-cb057-1.html#primaryimage\"},\"image\":{\"@id\":\"https:\/\/www.bagnoitalia.com\/de\/produkt\/hydromassagekabine-80x80-90x90-95x95-multifunktionsduschkabine-auch-mit-sauna-cb057-1.html#primaryimage\"},\"thumbnailUrl\":\"https:\/\/img.bagnoitalia.com\/wp-content\/uploads\/virtuemart\/product\/hydromassage-shower-cabin-150x90-160x85-cb066-394_1545406224_834.jpg\",\"datePublished\":\"2018-12-21T14:25:23+00:00\",\"description\":\"Hydromassage-Duschkabine mit oder ohne Sauna in verschiedenen Gr\u00f6\u00dfen mit ABS-Duschwanne erh\u00e4ltlich\",\"breadcrumb\":{\"@id\":\"https:\/\/www.bagnoitalia.com\/de\/produkt\/hydromassagekabine-80x80-90x90-95x95-multifunktionsduschkabine-auch-mit-sauna-cb057-1.html#breadcrumb\"},\"inLanguage\":\"de\",\"potentialAction\":[{\"@type\":\"ReadAction\",\"target\":[\"https:\/\/www.bagnoitalia.com\/de\/produkt\/hydromassagekabine-80x80-90x90-95x95-multifunktionsduschkabine-auch-mit-sauna-cb057-1.html\"]}]},{\"@type\":\"ImageObject\",\"inLanguage\":\"de\",\"@id\":\"https:\/\/www.bagnoitalia.com\/de\/produkt\/hydromassagekabine-80x80-90x90-95x95-multifunktionsduschkabine-auch-mit-sauna-cb057-1.html#primaryimage\",\"url\":\"https:\/\/img.bagnoitalia.com\/wp-content\/uploads\/virtuemart\/product\/hydromassage-shower-cabin-150x90-160x85-cb066-394_1545406224_834.jpg\",\"contentUrl\":\"https:\/\/img.bagnoitalia.com\/wp-content\/uploads\/virtuemart\/product\/hydromassage-shower-cabin-150x90-160x85-cb066-394_1545406224_834.jpg\",\"width\":550,\"height\":550},{\"@type\":\"BreadcrumbList\",\"@id\":\"https:\/\/www.bagnoitalia.com\/de\/produkt\/hydromassagekabine-80x80-90x90-95x95-multifunktionsduschkabine-auch-mit-sauna-cb057-1.html#breadcrumb\",\"itemListElement\":[{\"@type\":\"ListItem\",\"position\":1,\"name\":\"Home\",\"item\":\"https:\/\/www.bagnoitalia.com\/de\"},{\"@type\":\"ListItem\",\"position\":2,\"name\":\"Produkte\",\"item\":\"https:\/\/www.bagnoitalia.com\/de\/shop\"},{\"@type\":\"ListItem\",\"position\":3,\"name\":\"CB057 Hydromassagekabine, 80&#215;80, 90&#215;90 oder 95x95cm, multifunktional, auch mit Sauna\"}]},{\"@type\":\"WebSite\",\"@id\":\"https:\/\/www.bagnoitalia.com\/de#website\",\"url\":\"https:\/\/www.bagnoitalia.com\/de\",\"name\":\"Bagno Italia\",\"description\":\"\",\"publisher\":{\"@id\":\"https:\/\/www.bagnoitalia.com\/de#organization\"},\"potentialAction\":[{\"@type\":\"SearchAction\",\"target\":{\"@type\":\"EntryPoint\",\"urlTemplate\":\"https:\/\/www.bagnoitalia.com\/de?s={search_term_string}\"},\"query-input\":{\"@type\":\"PropertyValueSpecification\",\"valueRequired\":true,\"valueName\":\"search_term_string\"}}],\"inLanguage\":\"de\"},{\"@type\":\"Organization\",\"@id\":\"https:\/\/www.bagnoitalia.com\/de#organization\",\"name\":\"Bagno Italia\",\"url\":\"https:\/\/www.bagnoitalia.com\/de\",\"logo\":{\"@type\":\"ImageObject\",\"inLanguage\":\"de\",\"@id\":\"https:\/\/www.bagnoitalia.com\/de#\/schema\/logo\/image\/\",\"url\":\"https:\/\/img.bagnoitalia.com\/wp-content\/uploads\/logo-bagnoitalia.webp\",\"contentUrl\":\"https:\/\/img.bagnoitalia.com\/wp-content\/uploads\/logo-bagnoitalia.webp\",\"width\":400,\"height\":70,\"caption\":\"Bagno Italia\"},\"image\":{\"@id\":\"https:\/\/www.bagnoitalia.com\/de#\/schema\/logo\/image\/\"}}]}<\/script>\n<!-- \/ Yoast SEO plugin. -->","yoast_head_json":{"title":"Whirlpoolbox mit Radio-Chromotherapie in 3 Gr\u00f6\u00dfen auch mit Sauna","description":"Hydromassage-Duschkabine mit oder ohne Sauna in verschiedenen Gr\u00f6\u00dfen mit ABS-Duschwanne erh\u00e4ltlich","robots":{"index":"index","follow":"follow","max-snippet":"max-snippet:-1","max-image-preview":"max-image-preview:large","max-video-preview":"max-video-preview:-1"},"canonical":"https:\/\/www.bagnoitalia.com\/de\/produkt\/hydromassagekabine-80x80-90x90-95x95-multifunktionsduschkabine-auch-mit-sauna-cb057-1.html","og_locale":"de_DE","og_type":"article","og_title":"Whirlpoolbox mit Radio-Chromotherapie in 3 Gr\u00f6\u00dfen auch mit Sauna","og_description":"Hydromassage-Duschkabine mit oder ohne Sauna in verschiedenen Gr\u00f6\u00dfen mit ABS-Duschwanne erh\u00e4ltlich","og_url":"https:\/\/www.bagnoitalia.com\/de\/produkt\/hydromassagekabine-80x80-90x90-95x95-multifunktionsduschkabine-auch-mit-sauna-cb057-1.html","og_site_name":"Bagno Italia","og_image":[{"width":550,"height":550,"url":"https:\/\/img.bagnoitalia.com\/wp-content\/uploads\/virtuemart\/product\/hydromassage-shower-cabin-150x90-160x85-cb066-394_1545406224_834.jpg","type":"image\/jpeg"}],"twitter_card":"summary_large_image","schema":{"@context":"https:\/\/schema.org","@graph":[{"@type":"WebPage","@id":"https:\/\/www.bagnoitalia.com\/de\/produkt\/hydromassagekabine-80x80-90x90-95x95-multifunktionsduschkabine-auch-mit-sauna-cb057-1.html","url":"https:\/\/www.bagnoitalia.com\/de\/produkt\/hydromassagekabine-80x80-90x90-95x95-multifunktionsduschkabine-auch-mit-sauna-cb057-1.html","name":"Whirlpoolbox mit Radio-Chromotherapie in 3 Gr\u00f6\u00dfen auch mit Sauna","isPartOf":{"@id":"https:\/\/www.bagnoitalia.com\/de#website"},"primaryImageOfPage":{"@id":"https:\/\/www.bagnoitalia.com\/de\/produkt\/hydromassagekabine-80x80-90x90-95x95-multifunktionsduschkabine-auch-mit-sauna-cb057-1.html#primaryimage"},"image":{"@id":"https:\/\/www.bagnoitalia.com\/de\/produkt\/hydromassagekabine-80x80-90x90-95x95-multifunktionsduschkabine-auch-mit-sauna-cb057-1.html#primaryimage"},"thumbnailUrl":"https:\/\/img.bagnoitalia.com\/wp-content\/uploads\/virtuemart\/product\/hydromassage-shower-cabin-150x90-160x85-cb066-394_1545406224_834.jpg","datePublished":"2018-12-21T14:25:23+00:00","description":"Hydromassage-Duschkabine mit oder ohne Sauna in verschiedenen Gr\u00f6\u00dfen mit ABS-Duschwanne erh\u00e4ltlich","breadcrumb":{"@id":"https:\/\/www.bagnoitalia.com\/de\/produkt\/hydromassagekabine-80x80-90x90-95x95-multifunktionsduschkabine-auch-mit-sauna-cb057-1.html#breadcrumb"},"inLanguage":"de","potentialAction":[{"@type":"ReadAction","target":["https:\/\/www.bagnoitalia.com\/de\/produkt\/hydromassagekabine-80x80-90x90-95x95-multifunktionsduschkabine-auch-mit-sauna-cb057-1.html"]}]},{"@type":"ImageObject","inLanguage":"de","@id":"https:\/\/www.bagnoitalia.com\/de\/produkt\/hydromassagekabine-80x80-90x90-95x95-multifunktionsduschkabine-auch-mit-sauna-cb057-1.html#primaryimage","url":"https:\/\/img.bagnoitalia.com\/wp-content\/uploads\/virtuemart\/product\/hydromassage-shower-cabin-150x90-160x85-cb066-394_1545406224_834.jpg","contentUrl":"https:\/\/img.bagnoitalia.com\/wp-content\/uploads\/virtuemart\/product\/hydromassage-shower-cabin-150x90-160x85-cb066-394_1545406224_834.jpg","width":550,"height":550},{"@type":"BreadcrumbList","@id":"https:\/\/www.bagnoitalia.com\/de\/produkt\/hydromassagekabine-80x80-90x90-95x95-multifunktionsduschkabine-auch-mit-sauna-cb057-1.html#breadcrumb","itemListElement":[{"@type":"ListItem","position":1,"name":"Home","item":"https:\/\/www.bagnoitalia.com\/de"},{"@type":"ListItem","position":2,"name":"Produkte","item":"https:\/\/www.bagnoitalia.com\/de\/shop"},{"@type":"ListItem","position":3,"name":"CB057 Hydromassagekabine, 80&#215;80, 90&#215;90 oder 95x95cm, multifunktional, auch mit Sauna"}]},{"@type":"WebSite","@id":"https:\/\/www.bagnoitalia.com\/de#website","url":"https:\/\/www.bagnoitalia.com\/de","name":"Bagno Italia","description":"","publisher":{"@id":"https:\/\/www.bagnoitalia.com\/de#organization"},"potentialAction":[{"@type":"SearchAction","target":{"@type":"EntryPoint","urlTemplate":"https:\/\/www.bagnoitalia.com\/de?s={search_term_string}"},"query-input":{"@type":"PropertyValueSpecification","valueRequired":true,"valueName":"search_term_string"}}],"inLanguage":"de"},{"@type":"Organization","@id":"https:\/\/www.bagnoitalia.com\/de#organization","name":"Bagno Italia","url":"https:\/\/www.bagnoitalia.com\/de","logo":{"@type":"ImageObject","inLanguage":"de","@id":"https:\/\/www.bagnoitalia.com\/de#\/schema\/logo\/image\/","url":"https:\/\/img.bagnoitalia.com\/wp-content\/uploads\/logo-bagnoitalia.webp","contentUrl":"https:\/\/img.bagnoitalia.com\/wp-content\/uploads\/logo-bagnoitalia.webp","width":400,"height":70,"caption":"Bagno Italia"},"image":{"@id":"https:\/\/www.bagnoitalia.com\/de#\/schema\/logo\/image\/"}}]}},"_links":{"self":[{"href":"https:\/\/www.bagnoitalia.com\/de\/wp-json\/wp\/v2\/product\/81251","targetHints":{"allow":["GET"]}}],"collection":[{"href":"https:\/\/www.bagnoitalia.com\/de\/wp-json\/wp\/v2\/product"}],"about":[{"href":"https:\/\/www.bagnoitalia.com\/de\/wp-json\/wp\/v2\/types\/product"}],"replies":[{"embeddable":true,"href":"https:\/\/www.bagnoitalia.com\/de\/wp-json\/wp\/v2\/comments?post=81251"}],"version-history":[{"count":0,"href":"https:\/\/www.bagnoitalia.com\/de\/wp-json\/wp\/v2\/product\/81251\/revisions"}],"wp:featuredmedia":[{"embeddable":true,"href":"https:\/\/www.bagnoitalia.com\/de\/wp-json\/wp\/v2\/media\/42462"}],"wp:attachment":[{"href":"https:\/\/www.bagnoitalia.com\/de\/wp-json\/wp\/v2\/media?parent=81251"}],"wp:term":[{"taxonomy":"product_brand","embeddable":true,"href":"https:\/\/www.bagnoitalia.com\/de\/wp-json\/wp\/v2\/product_brand?post=81251"},{"taxonomy":"product_cat","embeddable":true,"href":"https:\/\/www.bagnoitalia.com\/de\/wp-json\/wp\/v2\/product_cat?post=81251"},{"taxonomy":"product_tag","embeddable":true,"href":"https:\/\/www.bagnoitalia.com\/de\/wp-json\/wp\/v2\/product_tag?post=81251"}],"curies":[{"name":"wp","href":"https:\/\/api.w.org\/{rel}","templated":true}]}}