{"id":81247,"date":"2018-12-21T15:04:54","date_gmt":"2018-12-21T14:04:54","guid":{"rendered":"https:\/\/www.bagnoitalia.com\/product\/hydromassagekabine-160x85cm-whirlpool-kabine-mit-160x85-cm-badewanne-mit-bluetooth-auch-mit-turkischem-bad-verfugbar-cb065"},"modified":"2026-03-11T14:23:41","modified_gmt":"2026-03-11T13:23:41","slug":"hydromassagekabine-160x85cm-whirlpool-kabine-mit-160x85-cm-badewanne-mit-bluetooth-auch-mit-turkischem-bad-verfugbar-cb065","status":"publish","type":"product","link":"https:\/\/www.bagnoitalia.com\/de\/produkt\/hydromassagekabine-160x85cm-whirlpool-kabine-mit-160x85-cm-badewanne-mit-bluetooth-auch-mit-turkischem-bad-verfugbar-cb065.html","title":{"rendered":"Hydromassagekabine, 160x85cm, WHIRLPOOL-KABINE MIT 160X85 CM BADEWANNE MIT BLUETOOTH AUCH MIT T\u00dcRKISCHEM BAD VERF\u00dcGBAR. CB065"},"content":{"rendered":"<p>&nbsp;<\/p>\n<p>EIGENSCHAFTEN:<\/p>\n<p>Kabine mit Wanne. Ma\u00dfe 160x85xH215 cm<\/p>\n<p>Wanne mit rutschfestem Boden aus verst\u00e4rktem ABS (H\u00f6he vom Boden 52 cm)<\/p>\n<p>6,5 mm dickes, bruchsicheres Rauchglas (das Hauptbild bezieht sich auf das Fahrerhaus mit eingeschalteter Innenbeleuchtung)<\/p>\n<p>6 D\u00fcsen entlang der Duschs\u00e4ule<\/p>\n<p>Bluetooth<\/p>\n<p>1,5 PS Whirlpoolpumpe<\/p>\n<p>FM-Radio<\/p>\n<p>Touchscreen-Bedienfeld<\/p>\n<p>Dach mit zentralem Duschkopf<\/p>\n<p>Farbtherapie<\/p>\n<p>Flaschenhalterregal<\/p>\n<p>Handtuchhalter<\/p>\n<p>R\u00fchrger\u00e4t<\/p>\n<p>Fu\u00dfmassage<\/p>\n<p>Hintere LEDs<\/p>\n<p>Telefonh\u00f6rer<\/p>\n<p>Lautsprecher<\/p>\n<p>Fan<\/p>\n<p>AUS DEM DROP-DOWN-MEN\u00dc kann auch die Version mit Whirlpool und (Dampfbad) T\u00fcrkischem Bad ausgew\u00e4hlt werden, die au\u00dferdem \u00fcber folgende Funktionen verf\u00fcgt:<\/p>\n<p>5 Hydromassaged\u00fcsen in der Wanne<br \/>\nDampfgenerator f\u00fcr t\u00fcrkisches Bad<br \/>\nOzontherapie<\/p>\n","protected":false},"excerpt":{"rendered":"<p>Hydromassage-Box mit Wanne, Fu\u00dfmassage, Bluetooth, UKW-Radio und CD-Player, auch mit T\u00fcrkischer Badfunktion (Dampfbad), Ozontherapie und Hydromassage-Wanne erh\u00e4ltlich.<\/p>\n","protected":false},"featured_media":42434,"comment_status":"open","ping_status":"closed","template":"","meta":[],"product_brand":[9925],"product_cat":[9736],"product_tag":[],"class_list":{"0":"post-81247","1":"product","2":"type-product","3":"status-publish","4":"has-post-thumbnail","6":"product_brand-predator-arredo-casa-de","7":"product_cat-whirlpool-duschkabine","9":"first","10":"instock","11":"sale","12":"taxable","13":"shipping-taxable","14":"purchasable","15":"product-type-simple"},"exclude_global_add_ons":false,"addons":[{"name":"Typologie","type":"multiple_choice","position":0,"required":true,"title_format":"heading","default":"","description_enable":false,"description":"","placeholder_enable":false,"placeholder":"","display":"select","restrictions_type":"any_text","adjust_price":false,"price":"","price_type":"flat_fee","restrictions":false,"min":"0","max":"0","options":[{"label":"standard","price":"","price_type":"quantity_based","image":0,"visibility":true},{"label":"mit Hydromassagewanne und Dampfbad","price":"550","price_type":"quantity_based","image":0,"visibility":true}],"id":1716393173}],"yoast_head":"<!-- This site is optimized with the Yoast SEO plugin v26.7 - https:\/\/yoast.com\/wordpress\/plugins\/seo\/ -->\n<title>Hydromassagekabine, 160x85cm, WHIRLPOOL-KABINE MIT 160X85 CM BADEWANNE MIT BLUETOOTH AUCH MIT T\u00dcRKISCHEM BAD VERF\u00dcGBAR. CB065<\/title>\n<meta name=\"description\" content=\"Hydromassage-Box mit Wanne, Fu\u00dfmassage, Bluetooth, UKW-Radio und CD-Player, auch mit T\u00fcrkischer Badfunktion, Ozontherapie und Hydromassage-Wanne erh\u00e4ltlich.\" \/>\n<meta name=\"robots\" content=\"index, follow, max-snippet:-1, max-image-preview:large, max-video-preview:-1\" \/>\n<link rel=\"canonical\" href=\"https:\/\/www.bagnoitalia.com\/de\/produkt\/hydromassagekabine-160x85cm-whirlpool-kabine-mit-160x85-cm-badewanne-mit-bluetooth-auch-mit-turkischem-bad-verfugbar-cb065.html\" \/>\n<meta property=\"og:locale\" content=\"de_DE\" \/>\n<meta property=\"og:type\" content=\"article\" \/>\n<meta property=\"og:title\" content=\"Hydromassagekabine, 160x85cm, WHIRLPOOL-KABINE MIT 160X85 CM BADEWANNE MIT BLUETOOTH AUCH MIT T\u00dcRKISCHEM BAD VERF\u00dcGBAR. CB065\" \/>\n<meta property=\"og:description\" content=\"Hydromassage-Box mit Wanne, Fu\u00dfmassage, Bluetooth, UKW-Radio und CD-Player, auch mit T\u00fcrkischer Badfunktion, Ozontherapie und Hydromassage-Wanne erh\u00e4ltlich.\" \/>\n<meta property=\"og:url\" content=\"https:\/\/www.bagnoitalia.com\/de\/produkt\/hydromassagekabine-160x85cm-whirlpool-kabine-mit-160x85-cm-badewanne-mit-bluetooth-auch-mit-turkischem-bad-verfugbar-cb065.html\" \/>\n<meta property=\"og:site_name\" content=\"Bagno Italia\" \/>\n<meta property=\"article:modified_time\" content=\"2026-03-11T13:23:41+00:00\" \/>\n<meta property=\"og:image\" content=\"https:\/\/img.bagnoitalia.com\/wp-content\/uploads\/virtuemart\/product\/hydromassage-shower-cabin-160x85-cb065-13213_1545404922_295.jpg\" \/>\n\t<meta property=\"og:image:width\" content=\"550\" \/>\n\t<meta property=\"og:image:height\" content=\"550\" \/>\n\t<meta property=\"og:image:type\" content=\"image\/jpeg\" \/>\n<meta name=\"twitter:card\" content=\"summary_large_image\" \/>\n<meta name=\"twitter:label1\" content=\"Gesch\u00e4tzte Lesezeit\" \/>\n\t<meta name=\"twitter:data1\" content=\"1\u00a0Minute\" \/>\n<script type=\"application\/ld+json\" class=\"yoast-schema-graph\">{\"@context\":\"https:\/\/schema.org\",\"@graph\":[{\"@type\":\"WebPage\",\"@id\":\"https:\/\/www.bagnoitalia.com\/de\/produkt\/hydromassagekabine-160x85cm-whirlpool-kabine-mit-160x85-cm-badewanne-mit-bluetooth-auch-mit-turkischem-bad-verfugbar-cb065.html\",\"url\":\"https:\/\/www.bagnoitalia.com\/de\/produkt\/hydromassagekabine-160x85cm-whirlpool-kabine-mit-160x85-cm-badewanne-mit-bluetooth-auch-mit-turkischem-bad-verfugbar-cb065.html\",\"name\":\"Hydromassagekabine, 160x85cm, WHIRLPOOL-KABINE MIT 160X85 CM BADEWANNE MIT BLUETOOTH AUCH MIT T\u00dcRKISCHEM BAD VERF\u00dcGBAR. CB065\",\"isPartOf\":{\"@id\":\"https:\/\/www.bagnoitalia.com\/de#website\"},\"primaryImageOfPage\":{\"@id\":\"https:\/\/www.bagnoitalia.com\/de\/produkt\/hydromassagekabine-160x85cm-whirlpool-kabine-mit-160x85-cm-badewanne-mit-bluetooth-auch-mit-turkischem-bad-verfugbar-cb065.html#primaryimage\"},\"image\":{\"@id\":\"https:\/\/www.bagnoitalia.com\/de\/produkt\/hydromassagekabine-160x85cm-whirlpool-kabine-mit-160x85-cm-badewanne-mit-bluetooth-auch-mit-turkischem-bad-verfugbar-cb065.html#primaryimage\"},\"thumbnailUrl\":\"https:\/\/img.bagnoitalia.com\/wp-content\/uploads\/virtuemart\/product\/hydromassage-shower-cabin-160x85-cb065-13213_1545404922_295.jpg\",\"datePublished\":\"2018-12-21T14:04:54+00:00\",\"dateModified\":\"2026-03-11T13:23:41+00:00\",\"description\":\"Hydromassage-Box mit Wanne, Fu\u00dfmassage, Bluetooth, UKW-Radio und CD-Player, auch mit T\u00fcrkischer Badfunktion, Ozontherapie und Hydromassage-Wanne erh\u00e4ltlich.\",\"breadcrumb\":{\"@id\":\"https:\/\/www.bagnoitalia.com\/de\/produkt\/hydromassagekabine-160x85cm-whirlpool-kabine-mit-160x85-cm-badewanne-mit-bluetooth-auch-mit-turkischem-bad-verfugbar-cb065.html#breadcrumb\"},\"inLanguage\":\"de\",\"potentialAction\":[{\"@type\":\"ReadAction\",\"target\":[\"https:\/\/www.bagnoitalia.com\/de\/produkt\/hydromassagekabine-160x85cm-whirlpool-kabine-mit-160x85-cm-badewanne-mit-bluetooth-auch-mit-turkischem-bad-verfugbar-cb065.html\"]}]},{\"@type\":\"ImageObject\",\"inLanguage\":\"de\",\"@id\":\"https:\/\/www.bagnoitalia.com\/de\/produkt\/hydromassagekabine-160x85cm-whirlpool-kabine-mit-160x85-cm-badewanne-mit-bluetooth-auch-mit-turkischem-bad-verfugbar-cb065.html#primaryimage\",\"url\":\"https:\/\/img.bagnoitalia.com\/wp-content\/uploads\/virtuemart\/product\/hydromassage-shower-cabin-160x85-cb065-13213_1545404922_295.jpg\",\"contentUrl\":\"https:\/\/img.bagnoitalia.com\/wp-content\/uploads\/virtuemart\/product\/hydromassage-shower-cabin-160x85-cb065-13213_1545404922_295.jpg\",\"width\":550,\"height\":550},{\"@type\":\"BreadcrumbList\",\"@id\":\"https:\/\/www.bagnoitalia.com\/de\/produkt\/hydromassagekabine-160x85cm-whirlpool-kabine-mit-160x85-cm-badewanne-mit-bluetooth-auch-mit-turkischem-bad-verfugbar-cb065.html#breadcrumb\",\"itemListElement\":[{\"@type\":\"ListItem\",\"position\":1,\"name\":\"Home\",\"item\":\"https:\/\/www.bagnoitalia.com\/de\"},{\"@type\":\"ListItem\",\"position\":2,\"name\":\"Produkte\",\"item\":\"https:\/\/www.bagnoitalia.com\/de\/shop\"},{\"@type\":\"ListItem\",\"position\":3,\"name\":\"Hydromassagekabine, 160x85cm, WHIRLPOOL-KABINE MIT 160X85 CM BADEWANNE MIT BLUETOOTH AUCH MIT T\u00dcRKISCHEM BAD VERF\u00dcGBAR. CB065\"}]},{\"@type\":\"WebSite\",\"@id\":\"https:\/\/www.bagnoitalia.com\/de#website\",\"url\":\"https:\/\/www.bagnoitalia.com\/de\",\"name\":\"Bagno Italia\",\"description\":\"\",\"publisher\":{\"@id\":\"https:\/\/www.bagnoitalia.com\/de#organization\"},\"potentialAction\":[{\"@type\":\"SearchAction\",\"target\":{\"@type\":\"EntryPoint\",\"urlTemplate\":\"https:\/\/www.bagnoitalia.com\/de?s={search_term_string}\"},\"query-input\":{\"@type\":\"PropertyValueSpecification\",\"valueRequired\":true,\"valueName\":\"search_term_string\"}}],\"inLanguage\":\"de\"},{\"@type\":\"Organization\",\"@id\":\"https:\/\/www.bagnoitalia.com\/de#organization\",\"name\":\"Bagno Italia\",\"url\":\"https:\/\/www.bagnoitalia.com\/de\",\"logo\":{\"@type\":\"ImageObject\",\"inLanguage\":\"de\",\"@id\":\"https:\/\/www.bagnoitalia.com\/de#\/schema\/logo\/image\/\",\"url\":\"https:\/\/img.bagnoitalia.com\/wp-content\/uploads\/logo-bagnoitalia.webp\",\"contentUrl\":\"https:\/\/img.bagnoitalia.com\/wp-content\/uploads\/logo-bagnoitalia.webp\",\"width\":400,\"height\":70,\"caption\":\"Bagno Italia\"},\"image\":{\"@id\":\"https:\/\/www.bagnoitalia.com\/de#\/schema\/logo\/image\/\"}}]}<\/script>\n<!-- \/ Yoast SEO plugin. -->","yoast_head_json":{"title":"Hydromassagekabine, 160x85cm, WHIRLPOOL-KABINE MIT 160X85 CM BADEWANNE MIT BLUETOOTH AUCH MIT T\u00dcRKISCHEM BAD VERF\u00dcGBAR. CB065","description":"Hydromassage-Box mit Wanne, Fu\u00dfmassage, Bluetooth, UKW-Radio und CD-Player, auch mit T\u00fcrkischer Badfunktion, Ozontherapie und Hydromassage-Wanne erh\u00e4ltlich.","robots":{"index":"index","follow":"follow","max-snippet":"max-snippet:-1","max-image-preview":"max-image-preview:large","max-video-preview":"max-video-preview:-1"},"canonical":"https:\/\/www.bagnoitalia.com\/de\/produkt\/hydromassagekabine-160x85cm-whirlpool-kabine-mit-160x85-cm-badewanne-mit-bluetooth-auch-mit-turkischem-bad-verfugbar-cb065.html","og_locale":"de_DE","og_type":"article","og_title":"Hydromassagekabine, 160x85cm, WHIRLPOOL-KABINE MIT 160X85 CM BADEWANNE MIT BLUETOOTH AUCH MIT T\u00dcRKISCHEM BAD VERF\u00dcGBAR. CB065","og_description":"Hydromassage-Box mit Wanne, Fu\u00dfmassage, Bluetooth, UKW-Radio und CD-Player, auch mit T\u00fcrkischer Badfunktion, Ozontherapie und Hydromassage-Wanne erh\u00e4ltlich.","og_url":"https:\/\/www.bagnoitalia.com\/de\/produkt\/hydromassagekabine-160x85cm-whirlpool-kabine-mit-160x85-cm-badewanne-mit-bluetooth-auch-mit-turkischem-bad-verfugbar-cb065.html","og_site_name":"Bagno Italia","article_modified_time":"2026-03-11T13:23:41+00:00","og_image":[{"width":550,"height":550,"url":"https:\/\/img.bagnoitalia.com\/wp-content\/uploads\/virtuemart\/product\/hydromassage-shower-cabin-160x85-cb065-13213_1545404922_295.jpg","type":"image\/jpeg"}],"twitter_card":"summary_large_image","twitter_misc":{"Gesch\u00e4tzte Lesezeit":"1\u00a0Minute"},"schema":{"@context":"https:\/\/schema.org","@graph":[{"@type":"WebPage","@id":"https:\/\/www.bagnoitalia.com\/de\/produkt\/hydromassagekabine-160x85cm-whirlpool-kabine-mit-160x85-cm-badewanne-mit-bluetooth-auch-mit-turkischem-bad-verfugbar-cb065.html","url":"https:\/\/www.bagnoitalia.com\/de\/produkt\/hydromassagekabine-160x85cm-whirlpool-kabine-mit-160x85-cm-badewanne-mit-bluetooth-auch-mit-turkischem-bad-verfugbar-cb065.html","name":"Hydromassagekabine, 160x85cm, WHIRLPOOL-KABINE MIT 160X85 CM BADEWANNE MIT BLUETOOTH AUCH MIT T\u00dcRKISCHEM BAD VERF\u00dcGBAR. CB065","isPartOf":{"@id":"https:\/\/www.bagnoitalia.com\/de#website"},"primaryImageOfPage":{"@id":"https:\/\/www.bagnoitalia.com\/de\/produkt\/hydromassagekabine-160x85cm-whirlpool-kabine-mit-160x85-cm-badewanne-mit-bluetooth-auch-mit-turkischem-bad-verfugbar-cb065.html#primaryimage"},"image":{"@id":"https:\/\/www.bagnoitalia.com\/de\/produkt\/hydromassagekabine-160x85cm-whirlpool-kabine-mit-160x85-cm-badewanne-mit-bluetooth-auch-mit-turkischem-bad-verfugbar-cb065.html#primaryimage"},"thumbnailUrl":"https:\/\/img.bagnoitalia.com\/wp-content\/uploads\/virtuemart\/product\/hydromassage-shower-cabin-160x85-cb065-13213_1545404922_295.jpg","datePublished":"2018-12-21T14:04:54+00:00","dateModified":"2026-03-11T13:23:41+00:00","description":"Hydromassage-Box mit Wanne, Fu\u00dfmassage, Bluetooth, UKW-Radio und CD-Player, auch mit T\u00fcrkischer Badfunktion, Ozontherapie und Hydromassage-Wanne erh\u00e4ltlich.","breadcrumb":{"@id":"https:\/\/www.bagnoitalia.com\/de\/produkt\/hydromassagekabine-160x85cm-whirlpool-kabine-mit-160x85-cm-badewanne-mit-bluetooth-auch-mit-turkischem-bad-verfugbar-cb065.html#breadcrumb"},"inLanguage":"de","potentialAction":[{"@type":"ReadAction","target":["https:\/\/www.bagnoitalia.com\/de\/produkt\/hydromassagekabine-160x85cm-whirlpool-kabine-mit-160x85-cm-badewanne-mit-bluetooth-auch-mit-turkischem-bad-verfugbar-cb065.html"]}]},{"@type":"ImageObject","inLanguage":"de","@id":"https:\/\/www.bagnoitalia.com\/de\/produkt\/hydromassagekabine-160x85cm-whirlpool-kabine-mit-160x85-cm-badewanne-mit-bluetooth-auch-mit-turkischem-bad-verfugbar-cb065.html#primaryimage","url":"https:\/\/img.bagnoitalia.com\/wp-content\/uploads\/virtuemart\/product\/hydromassage-shower-cabin-160x85-cb065-13213_1545404922_295.jpg","contentUrl":"https:\/\/img.bagnoitalia.com\/wp-content\/uploads\/virtuemart\/product\/hydromassage-shower-cabin-160x85-cb065-13213_1545404922_295.jpg","width":550,"height":550},{"@type":"BreadcrumbList","@id":"https:\/\/www.bagnoitalia.com\/de\/produkt\/hydromassagekabine-160x85cm-whirlpool-kabine-mit-160x85-cm-badewanne-mit-bluetooth-auch-mit-turkischem-bad-verfugbar-cb065.html#breadcrumb","itemListElement":[{"@type":"ListItem","position":1,"name":"Home","item":"https:\/\/www.bagnoitalia.com\/de"},{"@type":"ListItem","position":2,"name":"Produkte","item":"https:\/\/www.bagnoitalia.com\/de\/shop"},{"@type":"ListItem","position":3,"name":"Hydromassagekabine, 160x85cm, WHIRLPOOL-KABINE MIT 160X85 CM BADEWANNE MIT BLUETOOTH AUCH MIT T\u00dcRKISCHEM BAD VERF\u00dcGBAR. CB065"}]},{"@type":"WebSite","@id":"https:\/\/www.bagnoitalia.com\/de#website","url":"https:\/\/www.bagnoitalia.com\/de","name":"Bagno Italia","description":"","publisher":{"@id":"https:\/\/www.bagnoitalia.com\/de#organization"},"potentialAction":[{"@type":"SearchAction","target":{"@type":"EntryPoint","urlTemplate":"https:\/\/www.bagnoitalia.com\/de?s={search_term_string}"},"query-input":{"@type":"PropertyValueSpecification","valueRequired":true,"valueName":"search_term_string"}}],"inLanguage":"de"},{"@type":"Organization","@id":"https:\/\/www.bagnoitalia.com\/de#organization","name":"Bagno Italia","url":"https:\/\/www.bagnoitalia.com\/de","logo":{"@type":"ImageObject","inLanguage":"de","@id":"https:\/\/www.bagnoitalia.com\/de#\/schema\/logo\/image\/","url":"https:\/\/img.bagnoitalia.com\/wp-content\/uploads\/logo-bagnoitalia.webp","contentUrl":"https:\/\/img.bagnoitalia.com\/wp-content\/uploads\/logo-bagnoitalia.webp","width":400,"height":70,"caption":"Bagno Italia"},"image":{"@id":"https:\/\/www.bagnoitalia.com\/de#\/schema\/logo\/image\/"}}]}},"_links":{"self":[{"href":"https:\/\/www.bagnoitalia.com\/de\/wp-json\/wp\/v2\/product\/81247","targetHints":{"allow":["GET"]}}],"collection":[{"href":"https:\/\/www.bagnoitalia.com\/de\/wp-json\/wp\/v2\/product"}],"about":[{"href":"https:\/\/www.bagnoitalia.com\/de\/wp-json\/wp\/v2\/types\/product"}],"replies":[{"embeddable":true,"href":"https:\/\/www.bagnoitalia.com\/de\/wp-json\/wp\/v2\/comments?post=81247"}],"version-history":[{"count":3,"href":"https:\/\/www.bagnoitalia.com\/de\/wp-json\/wp\/v2\/product\/81247\/revisions"}],"predecessor-version":[{"id":95113,"href":"https:\/\/www.bagnoitalia.com\/de\/wp-json\/wp\/v2\/product\/81247\/revisions\/95113"}],"wp:featuredmedia":[{"embeddable":true,"href":"https:\/\/www.bagnoitalia.com\/de\/wp-json\/wp\/v2\/media\/42434"}],"wp:attachment":[{"href":"https:\/\/www.bagnoitalia.com\/de\/wp-json\/wp\/v2\/media?parent=81247"}],"wp:term":[{"taxonomy":"product_brand","embeddable":true,"href":"https:\/\/www.bagnoitalia.com\/de\/wp-json\/wp\/v2\/product_brand?post=81247"},{"taxonomy":"product_cat","embeddable":true,"href":"https:\/\/www.bagnoitalia.com\/de\/wp-json\/wp\/v2\/product_cat?post=81247"},{"taxonomy":"product_tag","embeddable":true,"href":"https:\/\/www.bagnoitalia.com\/de\/wp-json\/wp\/v2\/product_tag?post=81247"}],"curies":[{"name":"wp","href":"https:\/\/api.w.org\/{rel}","templated":true}]}}