{"id":81215,"date":"2018-12-20T15:00:47","date_gmt":"2018-12-20T14:00:47","guid":{"rendered":"https:\/\/www.bagnoitalia.com\/product\/liberty-badezimmerschrank-74-oder-100-cm-in-larche-weis-glanzend-weiche-eichenfarben-1"},"modified":"2024-12-03T15:52:45","modified_gmt":"2024-12-03T14:52:45","slug":"cosmo-badezimmerschrank-80-cm-dunkle-nordik-eiche-oder-helle-eiche-mit-keramikwaschbecken-und-spiegel-inklusive","status":"publish","type":"product","link":"https:\/\/www.bagnoitalia.com\/de\/produkt\/cosmo-badezimmerschrank-80-cm-dunkle-nordik-eiche-oder-helle-eiche-mit-keramikwaschbecken-und-spiegel-inklusive.html","title":{"rendered":"Cosmo Badezimmerschrank 80 cm dunkle nordik Eiche oder helle Eiche mit Keramikwaschbecken und Spiegel inklusive"},"content":{"rendered":"<p><strong>Cosmo Badezimmerschrank<br \/>\n<\/strong><\/p>\n<p>&nbsp;<\/p>\n<p><strong>Eigenschaften:<\/strong><\/p>\n<p>Nr. 1 Waschbeckenunterbau 80x45x64 cm mit 2 T\u00fcren und einem offenen Fach<\/p>\n<p>Nr. 1 Waschbecken 81\u00d746 cm (Innenma\u00dfe der Wanne 45,5x26xH13)<\/p>\n<p>Nr. 1 Spiegel 80\u00d758 cm<\/p>\n<p>Eichenfarbe mit Maserungseffekt, hell oder dunkel erh\u00e4ltlich<\/p>\n<p>&nbsp;<\/p>\n<p>&nbsp;<\/p>\n<p>Applikationen und Wasserh\u00e4hne NICHT im Preis inbegriffen<\/p>\n<p>&nbsp;<\/p>\n<p><strong>\u00dcBER DIE SEITLICHEN MEN\u00dcS K\u00d6NNEN SIE:<\/strong><\/p>\n<ul>\n<li>F\u00fcgen Sie eine oder mehrere\u00a0<strong>S\u00e4ulen<\/strong>\u00a0mit den Ma\u00dfen 30 x 26 x 140 cm hinzu<\/li>\n<li>Kaufen Sie den Schrank\u00a0<strong>OHNE SP\u00dcLE<\/strong>\u00a0(nur Sockel) zu einem reduzierten Preis<\/li>\n<li>F\u00fcgen Sie die\u00a0<strong>Wandleuchte<\/strong>\u00a0f\u00fcr den Spiegel hinzu, mit schwarzer oder verchromter Struktur<\/li>\n<\/ul>\n<p><strong>ACHTUNG<\/strong>\u00a0: Die S\u00e4ule ist derzeit NUR IN DER FARBE\u00a0<strong>dunkle nordik Eiche<br \/>\n<\/strong><\/p>\n<p>&nbsp;<\/p>\n<p>&nbsp;<\/p>\n<p>&nbsp;<\/p>\n<p><strong>Materialien:<\/strong><\/p>\n<p>Struktur aus Melamin<\/p>\n<p>Kanten mit 0,6 mm PVC bedeckt<\/p>\n<p>Keramiksp\u00fcle (mit nur einem Loch f\u00fcr den Mixer)<\/p>\n<p>&nbsp;<\/p>\n","protected":false},"excerpt":{"rendered":"<p>Cosmo Badezimmerm\u00f6bel in der Farbe nordische dunkle Eiche oder helle Eiche. Auch mit H\u00e4nges\u00e4ule aus dunkler Nordik-Eiche erh\u00e4ltlich. Spiegel im Angebot enthalten.<\/p>\n<p>&nbsp;<\/p>\n","protected":false},"featured_media":91966,"comment_status":"open","ping_status":"closed","template":"","meta":[],"product_brand":[5004],"product_cat":[9720],"product_tag":[],"class_list":{"0":"post-81215","1":"product","2":"type-product","3":"status-publish","4":"has-post-thumbnail","6":"product_brand-vari-produttori","7":"product_cat-badmobel-von-71-bis-100-cm-moderne-mobel","9":"first","10":"instock","11":"sale","12":"taxable","13":"shipping-taxable","14":"purchasable","15":"product-type-simple"},"exclude_global_add_ons":false,"addons":[{"name":"farbe","type":"multiple_choice","position":0,"required":true,"title_format":"heading","default":"","description_enable":false,"description":"","placeholder_enable":false,"placeholder":"","display":"select","restrictions_type":"any_text","adjust_price":false,"price":"","price_type":"flat_fee","restrictions":false,"min":"0","max":"0","options":[{"label":"dunkle nordik Eiche","price":"","price_type":"quantity_based","image":0,"visibility":true},{"label":"helle Eiche","price":"","price_type":"quantity_based","image":0,"visibility":true}],"id":1726846026},{"name":"Waschtisch","type":"multiple_choice","position":1,"required":true,"title_format":"heading","default":"","description_enable":false,"description":"","placeholder_enable":false,"placeholder":"","display":"select","restrictions_type":"any_text","adjust_price":false,"price":"","price_type":"flat_fee","restrictions":false,"min":"0","max":"0","options":[{"label":"ja","price":"","price_type":"quantity_based","image":0,"visibility":true},{"label":"nein","price":"-50","price_type":"quantity_based","image":0,"visibility":true}],"id":1717607148},{"name":"S\u00e4ule","type":"multiple_choice","position":2,"required":true,"title_format":"heading","default":"","description_enable":false,"description":"","placeholder_enable":false,"placeholder":"","display":"select","restrictions_type":"any_text","adjust_price":false,"price":"","price_type":"flat_fee","restrictions":false,"min":"0","max":"0","options":[{"label":"nein","price":"","price_type":"quantity_based","image":0,"visibility":true},{"label":"1 dunkle nordik Eiche S\u00e4ule","price":"100","price_type":"quantity_based","image":0,"visibility":true},{"label":"2 dunkle nordik Eiche S\u00e4ulen","price":"200","price_type":"quantity_based","image":0,"visibility":true}],"id":1717607146},{"name":"Applique","type":"multiple_choice","position":3,"required":true,"title_format":"heading","default":"","description_enable":false,"description":"","placeholder_enable":false,"placeholder":"","display":"select","restrictions_type":"any_text","adjust_price":false,"price":"","price_type":"flat_fee","restrictions":false,"min":"0","max":"0","options":[{"label":"Nein","price":"","price_type":"quantity_based","image":0,"visibility":true},{"label":"Led-Strahler Chrom","price":"20","price_type":"quantity_based","image":0,"visibility":true},{"label":"Led Spotlight Mattschwarz","price":"25","price_type":"quantity_based","image":0,"visibility":true}],"id":1717607149}],"yoast_head":"<!-- This site is optimized with the Yoast SEO plugin v26.7 - https:\/\/yoast.com\/wordpress\/plugins\/seo\/ -->\n<title>Liberty Badezimmerschrank 74 oder 100 cm in L\u00e4rche, wei\u00df gl\u00e4nzend, weiche Eichenfarben<\/title>\n<meta name=\"description\" content=\"Liberty Badezimmerschrank in zwei Gr\u00f6\u00dfen erh\u00e4ltlich: 100x46 oder 74x46 mit Keramiksp\u00fcle. Es ist m\u00f6glich, den Spiegel und die S\u00e4ule zu kombinieren.\" \/>\n<meta name=\"robots\" content=\"index, follow, max-snippet:-1, max-image-preview:large, max-video-preview:-1\" \/>\n<link rel=\"canonical\" href=\"https:\/\/www.bagnoitalia.com\/de\/produkt\/cosmo-badezimmerschrank-80-cm-dunkle-nordik-eiche-oder-helle-eiche-mit-keramikwaschbecken-und-spiegel-inklusive.html\" \/>\n<meta property=\"og:locale\" content=\"de_DE\" \/>\n<meta property=\"og:type\" content=\"article\" \/>\n<meta property=\"og:title\" content=\"Liberty Badezimmerschrank 74 oder 100 cm in L\u00e4rche, wei\u00df gl\u00e4nzend, weiche Eichenfarben\" \/>\n<meta property=\"og:description\" content=\"Liberty Badezimmerschrank in zwei Gr\u00f6\u00dfen erh\u00e4ltlich: 100x46 oder 74x46 mit Keramiksp\u00fcle. Es ist m\u00f6glich, den Spiegel und die S\u00e4ule zu kombinieren.\" \/>\n<meta property=\"og:url\" content=\"https:\/\/www.bagnoitalia.com\/de\/produkt\/cosmo-badezimmerschrank-80-cm-dunkle-nordik-eiche-oder-helle-eiche-mit-keramikwaschbecken-und-spiegel-inklusive.html\" \/>\n<meta property=\"og:site_name\" content=\"Bagno Italia\" \/>\n<meta property=\"article:modified_time\" content=\"2024-12-03T14:52:45+00:00\" \/>\n<meta property=\"og:image\" content=\"https:\/\/img.bagnoitalia.com\/wp-content\/uploads\/mobile-bagno-arredo-sospeso-moderno-rovere-chiaro-scuro-nordik.jpg\" \/>\n\t<meta property=\"og:image:width\" content=\"1000\" \/>\n\t<meta property=\"og:image:height\" content=\"1000\" \/>\n\t<meta property=\"og:image:type\" content=\"image\/jpeg\" \/>\n<meta name=\"twitter:card\" content=\"summary_large_image\" \/>\n<meta name=\"twitter:label1\" content=\"Gesch\u00e4tzte Lesezeit\" \/>\n\t<meta name=\"twitter:data1\" content=\"1\u00a0Minute\" \/>\n<script type=\"application\/ld+json\" class=\"yoast-schema-graph\">{\"@context\":\"https:\/\/schema.org\",\"@graph\":[{\"@type\":\"WebPage\",\"@id\":\"https:\/\/www.bagnoitalia.com\/de\/produkt\/cosmo-badezimmerschrank-80-cm-dunkle-nordik-eiche-oder-helle-eiche-mit-keramikwaschbecken-und-spiegel-inklusive.html\",\"url\":\"https:\/\/www.bagnoitalia.com\/de\/produkt\/cosmo-badezimmerschrank-80-cm-dunkle-nordik-eiche-oder-helle-eiche-mit-keramikwaschbecken-und-spiegel-inklusive.html\",\"name\":\"Liberty Badezimmerschrank 74 oder 100 cm in L\u00e4rche, wei\u00df gl\u00e4nzend, weiche Eichenfarben\",\"isPartOf\":{\"@id\":\"https:\/\/www.bagnoitalia.com\/de#website\"},\"primaryImageOfPage\":{\"@id\":\"https:\/\/www.bagnoitalia.com\/de\/produkt\/cosmo-badezimmerschrank-80-cm-dunkle-nordik-eiche-oder-helle-eiche-mit-keramikwaschbecken-und-spiegel-inklusive.html#primaryimage\"},\"image\":{\"@id\":\"https:\/\/www.bagnoitalia.com\/de\/produkt\/cosmo-badezimmerschrank-80-cm-dunkle-nordik-eiche-oder-helle-eiche-mit-keramikwaschbecken-und-spiegel-inklusive.html#primaryimage\"},\"thumbnailUrl\":\"https:\/\/img.bagnoitalia.com\/wp-content\/uploads\/mobile-bagno-arredo-sospeso-moderno-rovere-chiaro-scuro-nordik.jpg\",\"datePublished\":\"2018-12-20T14:00:47+00:00\",\"dateModified\":\"2024-12-03T14:52:45+00:00\",\"description\":\"Liberty Badezimmerschrank in zwei Gr\u00f6\u00dfen erh\u00e4ltlich: 100x46 oder 74x46 mit Keramiksp\u00fcle. Es ist m\u00f6glich, den Spiegel und die S\u00e4ule zu kombinieren.\",\"breadcrumb\":{\"@id\":\"https:\/\/www.bagnoitalia.com\/de\/produkt\/cosmo-badezimmerschrank-80-cm-dunkle-nordik-eiche-oder-helle-eiche-mit-keramikwaschbecken-und-spiegel-inklusive.html#breadcrumb\"},\"inLanguage\":\"de\",\"potentialAction\":[{\"@type\":\"ReadAction\",\"target\":[\"https:\/\/www.bagnoitalia.com\/de\/produkt\/cosmo-badezimmerschrank-80-cm-dunkle-nordik-eiche-oder-helle-eiche-mit-keramikwaschbecken-und-spiegel-inklusive.html\"]}]},{\"@type\":\"ImageObject\",\"inLanguage\":\"de\",\"@id\":\"https:\/\/www.bagnoitalia.com\/de\/produkt\/cosmo-badezimmerschrank-80-cm-dunkle-nordik-eiche-oder-helle-eiche-mit-keramikwaschbecken-und-spiegel-inklusive.html#primaryimage\",\"url\":\"https:\/\/img.bagnoitalia.com\/wp-content\/uploads\/mobile-bagno-arredo-sospeso-moderno-rovere-chiaro-scuro-nordik.jpg\",\"contentUrl\":\"https:\/\/img.bagnoitalia.com\/wp-content\/uploads\/mobile-bagno-arredo-sospeso-moderno-rovere-chiaro-scuro-nordik.jpg\",\"width\":1000,\"height\":1000},{\"@type\":\"BreadcrumbList\",\"@id\":\"https:\/\/www.bagnoitalia.com\/de\/produkt\/cosmo-badezimmerschrank-80-cm-dunkle-nordik-eiche-oder-helle-eiche-mit-keramikwaschbecken-und-spiegel-inklusive.html#breadcrumb\",\"itemListElement\":[{\"@type\":\"ListItem\",\"position\":1,\"name\":\"Home\",\"item\":\"https:\/\/www.bagnoitalia.com\/de\"},{\"@type\":\"ListItem\",\"position\":2,\"name\":\"Produkte\",\"item\":\"https:\/\/www.bagnoitalia.com\/de\/shop\"},{\"@type\":\"ListItem\",\"position\":3,\"name\":\"Cosmo Badezimmerschrank 80 cm dunkle nordik Eiche oder helle Eiche mit Keramikwaschbecken und Spiegel inklusive\"}]},{\"@type\":\"WebSite\",\"@id\":\"https:\/\/www.bagnoitalia.com\/de#website\",\"url\":\"https:\/\/www.bagnoitalia.com\/de\",\"name\":\"Bagno Italia\",\"description\":\"\",\"publisher\":{\"@id\":\"https:\/\/www.bagnoitalia.com\/de#organization\"},\"potentialAction\":[{\"@type\":\"SearchAction\",\"target\":{\"@type\":\"EntryPoint\",\"urlTemplate\":\"https:\/\/www.bagnoitalia.com\/de?s={search_term_string}\"},\"query-input\":{\"@type\":\"PropertyValueSpecification\",\"valueRequired\":true,\"valueName\":\"search_term_string\"}}],\"inLanguage\":\"de\"},{\"@type\":\"Organization\",\"@id\":\"https:\/\/www.bagnoitalia.com\/de#organization\",\"name\":\"Bagno Italia\",\"url\":\"https:\/\/www.bagnoitalia.com\/de\",\"logo\":{\"@type\":\"ImageObject\",\"inLanguage\":\"de\",\"@id\":\"https:\/\/www.bagnoitalia.com\/de#\/schema\/logo\/image\/\",\"url\":\"https:\/\/img.bagnoitalia.com\/wp-content\/uploads\/logo-bagnoitalia.webp\",\"contentUrl\":\"https:\/\/img.bagnoitalia.com\/wp-content\/uploads\/logo-bagnoitalia.webp\",\"width\":400,\"height\":70,\"caption\":\"Bagno Italia\"},\"image\":{\"@id\":\"https:\/\/www.bagnoitalia.com\/de#\/schema\/logo\/image\/\"}}]}<\/script>\n<!-- \/ Yoast SEO plugin. -->","yoast_head_json":{"title":"Liberty Badezimmerschrank 74 oder 100 cm in L\u00e4rche, wei\u00df gl\u00e4nzend, weiche Eichenfarben","description":"Liberty Badezimmerschrank in zwei Gr\u00f6\u00dfen erh\u00e4ltlich: 100x46 oder 74x46 mit Keramiksp\u00fcle. Es ist m\u00f6glich, den Spiegel und die S\u00e4ule zu kombinieren.","robots":{"index":"index","follow":"follow","max-snippet":"max-snippet:-1","max-image-preview":"max-image-preview:large","max-video-preview":"max-video-preview:-1"},"canonical":"https:\/\/www.bagnoitalia.com\/de\/produkt\/cosmo-badezimmerschrank-80-cm-dunkle-nordik-eiche-oder-helle-eiche-mit-keramikwaschbecken-und-spiegel-inklusive.html","og_locale":"de_DE","og_type":"article","og_title":"Liberty Badezimmerschrank 74 oder 100 cm in L\u00e4rche, wei\u00df gl\u00e4nzend, weiche Eichenfarben","og_description":"Liberty Badezimmerschrank in zwei Gr\u00f6\u00dfen erh\u00e4ltlich: 100x46 oder 74x46 mit Keramiksp\u00fcle. Es ist m\u00f6glich, den Spiegel und die S\u00e4ule zu kombinieren.","og_url":"https:\/\/www.bagnoitalia.com\/de\/produkt\/cosmo-badezimmerschrank-80-cm-dunkle-nordik-eiche-oder-helle-eiche-mit-keramikwaschbecken-und-spiegel-inklusive.html","og_site_name":"Bagno Italia","article_modified_time":"2024-12-03T14:52:45+00:00","og_image":[{"width":1000,"height":1000,"url":"https:\/\/img.bagnoitalia.com\/wp-content\/uploads\/mobile-bagno-arredo-sospeso-moderno-rovere-chiaro-scuro-nordik.jpg","type":"image\/jpeg"}],"twitter_card":"summary_large_image","twitter_misc":{"Gesch\u00e4tzte Lesezeit":"1\u00a0Minute"},"schema":{"@context":"https:\/\/schema.org","@graph":[{"@type":"WebPage","@id":"https:\/\/www.bagnoitalia.com\/de\/produkt\/cosmo-badezimmerschrank-80-cm-dunkle-nordik-eiche-oder-helle-eiche-mit-keramikwaschbecken-und-spiegel-inklusive.html","url":"https:\/\/www.bagnoitalia.com\/de\/produkt\/cosmo-badezimmerschrank-80-cm-dunkle-nordik-eiche-oder-helle-eiche-mit-keramikwaschbecken-und-spiegel-inklusive.html","name":"Liberty Badezimmerschrank 74 oder 100 cm in L\u00e4rche, wei\u00df gl\u00e4nzend, weiche Eichenfarben","isPartOf":{"@id":"https:\/\/www.bagnoitalia.com\/de#website"},"primaryImageOfPage":{"@id":"https:\/\/www.bagnoitalia.com\/de\/produkt\/cosmo-badezimmerschrank-80-cm-dunkle-nordik-eiche-oder-helle-eiche-mit-keramikwaschbecken-und-spiegel-inklusive.html#primaryimage"},"image":{"@id":"https:\/\/www.bagnoitalia.com\/de\/produkt\/cosmo-badezimmerschrank-80-cm-dunkle-nordik-eiche-oder-helle-eiche-mit-keramikwaschbecken-und-spiegel-inklusive.html#primaryimage"},"thumbnailUrl":"https:\/\/img.bagnoitalia.com\/wp-content\/uploads\/mobile-bagno-arredo-sospeso-moderno-rovere-chiaro-scuro-nordik.jpg","datePublished":"2018-12-20T14:00:47+00:00","dateModified":"2024-12-03T14:52:45+00:00","description":"Liberty Badezimmerschrank in zwei Gr\u00f6\u00dfen erh\u00e4ltlich: 100x46 oder 74x46 mit Keramiksp\u00fcle. Es ist m\u00f6glich, den Spiegel und die S\u00e4ule zu kombinieren.","breadcrumb":{"@id":"https:\/\/www.bagnoitalia.com\/de\/produkt\/cosmo-badezimmerschrank-80-cm-dunkle-nordik-eiche-oder-helle-eiche-mit-keramikwaschbecken-und-spiegel-inklusive.html#breadcrumb"},"inLanguage":"de","potentialAction":[{"@type":"ReadAction","target":["https:\/\/www.bagnoitalia.com\/de\/produkt\/cosmo-badezimmerschrank-80-cm-dunkle-nordik-eiche-oder-helle-eiche-mit-keramikwaschbecken-und-spiegel-inklusive.html"]}]},{"@type":"ImageObject","inLanguage":"de","@id":"https:\/\/www.bagnoitalia.com\/de\/produkt\/cosmo-badezimmerschrank-80-cm-dunkle-nordik-eiche-oder-helle-eiche-mit-keramikwaschbecken-und-spiegel-inklusive.html#primaryimage","url":"https:\/\/img.bagnoitalia.com\/wp-content\/uploads\/mobile-bagno-arredo-sospeso-moderno-rovere-chiaro-scuro-nordik.jpg","contentUrl":"https:\/\/img.bagnoitalia.com\/wp-content\/uploads\/mobile-bagno-arredo-sospeso-moderno-rovere-chiaro-scuro-nordik.jpg","width":1000,"height":1000},{"@type":"BreadcrumbList","@id":"https:\/\/www.bagnoitalia.com\/de\/produkt\/cosmo-badezimmerschrank-80-cm-dunkle-nordik-eiche-oder-helle-eiche-mit-keramikwaschbecken-und-spiegel-inklusive.html#breadcrumb","itemListElement":[{"@type":"ListItem","position":1,"name":"Home","item":"https:\/\/www.bagnoitalia.com\/de"},{"@type":"ListItem","position":2,"name":"Produkte","item":"https:\/\/www.bagnoitalia.com\/de\/shop"},{"@type":"ListItem","position":3,"name":"Cosmo Badezimmerschrank 80 cm dunkle nordik Eiche oder helle Eiche mit Keramikwaschbecken und Spiegel inklusive"}]},{"@type":"WebSite","@id":"https:\/\/www.bagnoitalia.com\/de#website","url":"https:\/\/www.bagnoitalia.com\/de","name":"Bagno Italia","description":"","publisher":{"@id":"https:\/\/www.bagnoitalia.com\/de#organization"},"potentialAction":[{"@type":"SearchAction","target":{"@type":"EntryPoint","urlTemplate":"https:\/\/www.bagnoitalia.com\/de?s={search_term_string}"},"query-input":{"@type":"PropertyValueSpecification","valueRequired":true,"valueName":"search_term_string"}}],"inLanguage":"de"},{"@type":"Organization","@id":"https:\/\/www.bagnoitalia.com\/de#organization","name":"Bagno Italia","url":"https:\/\/www.bagnoitalia.com\/de","logo":{"@type":"ImageObject","inLanguage":"de","@id":"https:\/\/www.bagnoitalia.com\/de#\/schema\/logo\/image\/","url":"https:\/\/img.bagnoitalia.com\/wp-content\/uploads\/logo-bagnoitalia.webp","contentUrl":"https:\/\/img.bagnoitalia.com\/wp-content\/uploads\/logo-bagnoitalia.webp","width":400,"height":70,"caption":"Bagno Italia"},"image":{"@id":"https:\/\/www.bagnoitalia.com\/de#\/schema\/logo\/image\/"}}]}},"_links":{"self":[{"href":"https:\/\/www.bagnoitalia.com\/de\/wp-json\/wp\/v2\/product\/81215","targetHints":{"allow":["GET"]}}],"collection":[{"href":"https:\/\/www.bagnoitalia.com\/de\/wp-json\/wp\/v2\/product"}],"about":[{"href":"https:\/\/www.bagnoitalia.com\/de\/wp-json\/wp\/v2\/types\/product"}],"replies":[{"embeddable":true,"href":"https:\/\/www.bagnoitalia.com\/de\/wp-json\/wp\/v2\/comments?post=81215"}],"version-history":[{"count":5,"href":"https:\/\/www.bagnoitalia.com\/de\/wp-json\/wp\/v2\/product\/81215\/revisions"}],"predecessor-version":[{"id":97969,"href":"https:\/\/www.bagnoitalia.com\/de\/wp-json\/wp\/v2\/product\/81215\/revisions\/97969"}],"wp:featuredmedia":[{"embeddable":true,"href":"https:\/\/www.bagnoitalia.com\/de\/wp-json\/wp\/v2\/media\/91966"}],"wp:attachment":[{"href":"https:\/\/www.bagnoitalia.com\/de\/wp-json\/wp\/v2\/media?parent=81215"}],"wp:term":[{"taxonomy":"product_brand","embeddable":true,"href":"https:\/\/www.bagnoitalia.com\/de\/wp-json\/wp\/v2\/product_brand?post=81215"},{"taxonomy":"product_cat","embeddable":true,"href":"https:\/\/www.bagnoitalia.com\/de\/wp-json\/wp\/v2\/product_cat?post=81215"},{"taxonomy":"product_tag","embeddable":true,"href":"https:\/\/www.bagnoitalia.com\/de\/wp-json\/wp\/v2\/product_tag?post=81215"}],"curies":[{"name":"wp","href":"https:\/\/api.w.org\/{rel}","templated":true}]}}