{"id":81187,"date":"2018-12-19T09:05:12","date_gmt":"2018-12-19T08:05:12","guid":{"rendered":"https:\/\/www.bagnoitalia.com\/product\/duschsaulenhandbrause-in-zwei-verschiedenen-ausfuhrungen-1"},"modified":"2024-05-24T14:46:42","modified_gmt":"2024-05-24T12:46:42","slug":"duschsaulenhandbrause-in-zwei-verschiedenen-ausfuhrungen-1","status":"publish","type":"product","link":"https:\/\/www.bagnoitalia.com\/de\/produkt\/duschsaulenhandbrause-in-zwei-verschiedenen-ausfuhrungen-1.html","title":{"rendered":"Duschs\u00e4ule mit Thermostatmischer, h\u00f6henverstellbar, in zwei verschiedenen Ausf\u00fchrungen DC002"},"content":{"rendered":"<p style=\"text-align: left;\"><span style=\"font-size: 12pt;\"><strong>Duschs\u00e4ule mit h\u00f6henverstellbare Handbrause in zwei verschiedenen Ausf\u00fchrungen<\/strong><\/span><\/p>\n<p><strong><span style=\"font-size: 10pt;\"><span style=\"color: #b00000;\">Eigenschaften:<\/span><\/span><\/strong><\/p>\n<p><span style=\"font-size: 12pt;\"><span style=\"font-size: 10pt;\">Thermostatmischer<\/span><\/span><\/p>\n<p><span style=\"font-size: 10pt;\">Duschkopf: 20x20cm (<span style=\"text-decoration: underline;\">viereckiger)<\/span> oder 20cm (<span style=\"text-decoration: underline;\">rund)<\/span><\/span><\/p>\n<p><span style=\"font-size: 10pt;\">Verteiler (Duschkopf und Handbrause)<\/span><\/p>\n<p><span style=\"font-size: 10pt;\">H\u00f6henverstellbar<\/span><\/p>\n<p>&nbsp;<\/p>\n<p><strong><span style=\"font-size: 14pt;\"><span style=\"color: #ff0000;\">Hinweis:<\/span> W\u00e4hlen Sie den gew\u00fcnschten Typ im obigen Men\u00fc<\/span><\/strong><\/p>\n<p>&nbsp;<\/p>\n<p><span style=\"font-size: 12pt;\"><span style=\"font-size: 12pt;\">Runder<\/span> <span style=\"font-size: 12pt;\">Duschkopf<\/span> \u00a0 \u00a0 \u00a0 \u00a0 \u00a0 \u00a0 \u00a0 \u00a0 \u00a0 \u00a0 \u00a0 \u00a0 \u00a0 \u00a0 \u00a0 \u00a0 \u00a0 \u00a0 \u00a0 \u00a0 \u00a0 \u00a0 \u00a0 \u00a0 \u00a0 \u00a0 \u00a0 <span style=\"font-size: 12pt;\">Quadratischer<\/span> <span style=\"font-size: 12pt;\">Duschkopf <\/span><\/span><\/p>\n<p><img fetchpriority=\"high\" decoding=\"async\" class=\" alignleft size-full wp-image-41138\" style=\"float: left;\" src=\"https:\/\/img.bagnoitalia.com\/wp-content\/uploads\/saliscendi-soffione-colonna-doccia-termostatico-2modelli-1001.jpg\" alt=\"\" width=\"174\" height=\"574\" srcset=\"https:\/\/img.bagnoitalia.com\/wp-content\/uploads\/saliscendi-soffione-colonna-doccia-termostatico-2modelli-1001.jpg 406w, https:\/\/img.bagnoitalia.com\/wp-content\/uploads\/saliscendi-soffione-colonna-doccia-termostatico-2modelli-1001-150x496.jpg 150w\" sizes=\"(max-width: 174px) 100vw, 174px\" \/><img decoding=\"async\" class=\" size-full wp-image-41142\" style=\"display: block; margin-left: auto; margin-right: auto;\" src=\"https:\/\/img.bagnoitalia.com\/wp-content\/uploads\/saliscendi-soffione-colonna-doccia-termostatico-2modelli-1000.jpg\" alt=\"\" width=\"230\" height=\"653\" srcset=\"https:\/\/img.bagnoitalia.com\/wp-content\/uploads\/saliscendi-soffione-colonna-doccia-termostatico-2modelli-1000.jpg 451w, https:\/\/img.bagnoitalia.com\/wp-content\/uploads\/saliscendi-soffione-colonna-doccia-termostatico-2modelli-1000-441x1253.jpg 441w, https:\/\/img.bagnoitalia.com\/wp-content\/uploads\/saliscendi-soffione-colonna-doccia-termostatico-2modelli-1000-150x426.jpg 150w\" sizes=\"(max-width: 230px) 100vw, 230px\" \/><\/p>\n<p>&nbsp;<\/p>\n<p>&nbsp;<\/p>\n<p>67NH7<\/p>\n<p>63ZS16<\/p>\n","protected":false},"excerpt":{"rendered":"<p>Duschs\u00e4ule mit h\u00f6henverstellbare Handbrause in zwei verschiedenen Ausf\u00fchrungen mit Thermostatmischer und Verteiler.<\/p>\n","protected":false},"featured_media":41994,"comment_status":"open","ping_status":"closed","template":"","meta":[],"product_brand":[9901,9955],"product_cat":[9764],"product_tag":[],"class_list":{"0":"post-81187","1":"product","2":"type-product","3":"status-publish","4":"has-post-thumbnail","6":"product_brand-baritermo-de","7":"product_brand-thermo-professional-de","8":"product_cat-duschsaule","10":"first","11":"instock","12":"sale","13":"taxable","14":"shipping-taxable","15":"purchasable","16":"product-type-simple"},"exclude_global_add_ons":false,"addons":[{"name":"Typ","type":"multiple_choice","position":0,"required":true,"title_format":"heading","default":"","description_enable":false,"description":"","placeholder_enable":false,"placeholder":"","display":"select","restrictions_type":"any_text","adjust_price":false,"price":"","price_type":"flat_fee","restrictions":false,"min":"0","max":"0","options":[{"label":"Modell 2","price":"","price_type":"quantity_based","image":0,"visibility":true},{"label":"Modell 1","price":"19","price_type":"quantity_based","image":0,"visibility":true}],"id":1716562003}],"yoast_head":"<!-- This site is optimized with the Yoast SEO plugin v26.7 - https:\/\/yoast.com\/wordpress\/plugins\/seo\/ -->\n<title>Duschs\u00e4ulenhandbrause in zwei verschiedenen Ausf\u00fchrungen DC002<\/title>\n<meta name=\"description\" content=\"Duschs\u00e4ule mit Handbrause in zwei verschiedenen Ausf\u00fchrungen mit Thermostatmischer und Umsteller\" \/>\n<meta name=\"robots\" content=\"index, follow, max-snippet:-1, max-image-preview:large, max-video-preview:-1\" \/>\n<link rel=\"canonical\" href=\"https:\/\/www.bagnoitalia.com\/de\/produkt\/duschsaulenhandbrause-in-zwei-verschiedenen-ausfuhrungen-1.html\" \/>\n<meta property=\"og:locale\" content=\"de_DE\" \/>\n<meta property=\"og:type\" content=\"article\" \/>\n<meta property=\"og:title\" content=\"Duschs\u00e4ulenhandbrause in zwei verschiedenen Ausf\u00fchrungen DC002\" \/>\n<meta property=\"og:description\" content=\"Duschs\u00e4ule mit Handbrause in zwei verschiedenen Ausf\u00fchrungen mit Thermostatmischer und Umsteller\" \/>\n<meta property=\"og:url\" content=\"https:\/\/www.bagnoitalia.com\/de\/produkt\/duschsaulenhandbrause-in-zwei-verschiedenen-ausfuhrungen-1.html\" \/>\n<meta property=\"og:site_name\" content=\"Bagno Italia\" \/>\n<meta property=\"article:modified_time\" content=\"2024-05-24T12:46:42+00:00\" \/>\n<meta property=\"og:image\" content=\"https:\/\/img.bagnoitalia.com\/wp-content\/uploads\/virtuemart\/product\/shower-column-with-shower-head-and-handheld-shower-1548_1545210665_171.jpg\" \/>\n\t<meta property=\"og:image:width\" content=\"550\" \/>\n\t<meta property=\"og:image:height\" content=\"550\" \/>\n\t<meta property=\"og:image:type\" content=\"image\/jpeg\" \/>\n<meta name=\"twitter:card\" content=\"summary_large_image\" \/>\n<meta name=\"twitter:label1\" content=\"Gesch\u00e4tzte Lesezeit\" \/>\n\t<meta name=\"twitter:data1\" content=\"1\u00a0Minute\" \/>\n<script type=\"application\/ld+json\" class=\"yoast-schema-graph\">{\"@context\":\"https:\/\/schema.org\",\"@graph\":[{\"@type\":\"WebPage\",\"@id\":\"https:\/\/www.bagnoitalia.com\/de\/produkt\/duschsaulenhandbrause-in-zwei-verschiedenen-ausfuhrungen-1.html\",\"url\":\"https:\/\/www.bagnoitalia.com\/de\/produkt\/duschsaulenhandbrause-in-zwei-verschiedenen-ausfuhrungen-1.html\",\"name\":\"Duschs\u00e4ulenhandbrause in zwei verschiedenen Ausf\u00fchrungen DC002\",\"isPartOf\":{\"@id\":\"https:\/\/www.bagnoitalia.com\/de#website\"},\"primaryImageOfPage\":{\"@id\":\"https:\/\/www.bagnoitalia.com\/de\/produkt\/duschsaulenhandbrause-in-zwei-verschiedenen-ausfuhrungen-1.html#primaryimage\"},\"image\":{\"@id\":\"https:\/\/www.bagnoitalia.com\/de\/produkt\/duschsaulenhandbrause-in-zwei-verschiedenen-ausfuhrungen-1.html#primaryimage\"},\"thumbnailUrl\":\"https:\/\/img.bagnoitalia.com\/wp-content\/uploads\/virtuemart\/product\/shower-column-with-shower-head-and-handheld-shower-1548_1545210665_171.jpg\",\"datePublished\":\"2018-12-19T08:05:12+00:00\",\"dateModified\":\"2024-05-24T12:46:42+00:00\",\"description\":\"Duschs\u00e4ule mit Handbrause in zwei verschiedenen Ausf\u00fchrungen mit Thermostatmischer und Umsteller\",\"breadcrumb\":{\"@id\":\"https:\/\/www.bagnoitalia.com\/de\/produkt\/duschsaulenhandbrause-in-zwei-verschiedenen-ausfuhrungen-1.html#breadcrumb\"},\"inLanguage\":\"de\",\"potentialAction\":[{\"@type\":\"ReadAction\",\"target\":[\"https:\/\/www.bagnoitalia.com\/de\/produkt\/duschsaulenhandbrause-in-zwei-verschiedenen-ausfuhrungen-1.html\"]}]},{\"@type\":\"ImageObject\",\"inLanguage\":\"de\",\"@id\":\"https:\/\/www.bagnoitalia.com\/de\/produkt\/duschsaulenhandbrause-in-zwei-verschiedenen-ausfuhrungen-1.html#primaryimage\",\"url\":\"https:\/\/img.bagnoitalia.com\/wp-content\/uploads\/virtuemart\/product\/shower-column-with-shower-head-and-handheld-shower-1548_1545210665_171.jpg\",\"contentUrl\":\"https:\/\/img.bagnoitalia.com\/wp-content\/uploads\/virtuemart\/product\/shower-column-with-shower-head-and-handheld-shower-1548_1545210665_171.jpg\",\"width\":550,\"height\":550},{\"@type\":\"BreadcrumbList\",\"@id\":\"https:\/\/www.bagnoitalia.com\/de\/produkt\/duschsaulenhandbrause-in-zwei-verschiedenen-ausfuhrungen-1.html#breadcrumb\",\"itemListElement\":[{\"@type\":\"ListItem\",\"position\":1,\"name\":\"Home\",\"item\":\"https:\/\/www.bagnoitalia.com\/de\"},{\"@type\":\"ListItem\",\"position\":2,\"name\":\"Produkte\",\"item\":\"https:\/\/www.bagnoitalia.com\/de\/shop\"},{\"@type\":\"ListItem\",\"position\":3,\"name\":\"Duschs\u00e4ule mit Thermostatmischer, h\u00f6henverstellbar, in zwei verschiedenen Ausf\u00fchrungen DC002\"}]},{\"@type\":\"WebSite\",\"@id\":\"https:\/\/www.bagnoitalia.com\/de#website\",\"url\":\"https:\/\/www.bagnoitalia.com\/de\",\"name\":\"Bagno Italia\",\"description\":\"\",\"publisher\":{\"@id\":\"https:\/\/www.bagnoitalia.com\/de#organization\"},\"potentialAction\":[{\"@type\":\"SearchAction\",\"target\":{\"@type\":\"EntryPoint\",\"urlTemplate\":\"https:\/\/www.bagnoitalia.com\/de?s={search_term_string}\"},\"query-input\":{\"@type\":\"PropertyValueSpecification\",\"valueRequired\":true,\"valueName\":\"search_term_string\"}}],\"inLanguage\":\"de\"},{\"@type\":\"Organization\",\"@id\":\"https:\/\/www.bagnoitalia.com\/de#organization\",\"name\":\"Bagno Italia\",\"url\":\"https:\/\/www.bagnoitalia.com\/de\",\"logo\":{\"@type\":\"ImageObject\",\"inLanguage\":\"de\",\"@id\":\"https:\/\/www.bagnoitalia.com\/de#\/schema\/logo\/image\/\",\"url\":\"https:\/\/img.bagnoitalia.com\/wp-content\/uploads\/logo-bagnoitalia.webp\",\"contentUrl\":\"https:\/\/img.bagnoitalia.com\/wp-content\/uploads\/logo-bagnoitalia.webp\",\"width\":400,\"height\":70,\"caption\":\"Bagno Italia\"},\"image\":{\"@id\":\"https:\/\/www.bagnoitalia.com\/de#\/schema\/logo\/image\/\"}}]}<\/script>\n<!-- \/ Yoast SEO plugin. -->","yoast_head_json":{"title":"Duschs\u00e4ulenhandbrause in zwei verschiedenen Ausf\u00fchrungen DC002","description":"Duschs\u00e4ule mit Handbrause in zwei verschiedenen Ausf\u00fchrungen mit Thermostatmischer und Umsteller","robots":{"index":"index","follow":"follow","max-snippet":"max-snippet:-1","max-image-preview":"max-image-preview:large","max-video-preview":"max-video-preview:-1"},"canonical":"https:\/\/www.bagnoitalia.com\/de\/produkt\/duschsaulenhandbrause-in-zwei-verschiedenen-ausfuhrungen-1.html","og_locale":"de_DE","og_type":"article","og_title":"Duschs\u00e4ulenhandbrause in zwei verschiedenen Ausf\u00fchrungen DC002","og_description":"Duschs\u00e4ule mit Handbrause in zwei verschiedenen Ausf\u00fchrungen mit Thermostatmischer und Umsteller","og_url":"https:\/\/www.bagnoitalia.com\/de\/produkt\/duschsaulenhandbrause-in-zwei-verschiedenen-ausfuhrungen-1.html","og_site_name":"Bagno Italia","article_modified_time":"2024-05-24T12:46:42+00:00","og_image":[{"width":550,"height":550,"url":"https:\/\/img.bagnoitalia.com\/wp-content\/uploads\/virtuemart\/product\/shower-column-with-shower-head-and-handheld-shower-1548_1545210665_171.jpg","type":"image\/jpeg"}],"twitter_card":"summary_large_image","twitter_misc":{"Gesch\u00e4tzte Lesezeit":"1\u00a0Minute"},"schema":{"@context":"https:\/\/schema.org","@graph":[{"@type":"WebPage","@id":"https:\/\/www.bagnoitalia.com\/de\/produkt\/duschsaulenhandbrause-in-zwei-verschiedenen-ausfuhrungen-1.html","url":"https:\/\/www.bagnoitalia.com\/de\/produkt\/duschsaulenhandbrause-in-zwei-verschiedenen-ausfuhrungen-1.html","name":"Duschs\u00e4ulenhandbrause in zwei verschiedenen Ausf\u00fchrungen DC002","isPartOf":{"@id":"https:\/\/www.bagnoitalia.com\/de#website"},"primaryImageOfPage":{"@id":"https:\/\/www.bagnoitalia.com\/de\/produkt\/duschsaulenhandbrause-in-zwei-verschiedenen-ausfuhrungen-1.html#primaryimage"},"image":{"@id":"https:\/\/www.bagnoitalia.com\/de\/produkt\/duschsaulenhandbrause-in-zwei-verschiedenen-ausfuhrungen-1.html#primaryimage"},"thumbnailUrl":"https:\/\/img.bagnoitalia.com\/wp-content\/uploads\/virtuemart\/product\/shower-column-with-shower-head-and-handheld-shower-1548_1545210665_171.jpg","datePublished":"2018-12-19T08:05:12+00:00","dateModified":"2024-05-24T12:46:42+00:00","description":"Duschs\u00e4ule mit Handbrause in zwei verschiedenen Ausf\u00fchrungen mit Thermostatmischer und Umsteller","breadcrumb":{"@id":"https:\/\/www.bagnoitalia.com\/de\/produkt\/duschsaulenhandbrause-in-zwei-verschiedenen-ausfuhrungen-1.html#breadcrumb"},"inLanguage":"de","potentialAction":[{"@type":"ReadAction","target":["https:\/\/www.bagnoitalia.com\/de\/produkt\/duschsaulenhandbrause-in-zwei-verschiedenen-ausfuhrungen-1.html"]}]},{"@type":"ImageObject","inLanguage":"de","@id":"https:\/\/www.bagnoitalia.com\/de\/produkt\/duschsaulenhandbrause-in-zwei-verschiedenen-ausfuhrungen-1.html#primaryimage","url":"https:\/\/img.bagnoitalia.com\/wp-content\/uploads\/virtuemart\/product\/shower-column-with-shower-head-and-handheld-shower-1548_1545210665_171.jpg","contentUrl":"https:\/\/img.bagnoitalia.com\/wp-content\/uploads\/virtuemart\/product\/shower-column-with-shower-head-and-handheld-shower-1548_1545210665_171.jpg","width":550,"height":550},{"@type":"BreadcrumbList","@id":"https:\/\/www.bagnoitalia.com\/de\/produkt\/duschsaulenhandbrause-in-zwei-verschiedenen-ausfuhrungen-1.html#breadcrumb","itemListElement":[{"@type":"ListItem","position":1,"name":"Home","item":"https:\/\/www.bagnoitalia.com\/de"},{"@type":"ListItem","position":2,"name":"Produkte","item":"https:\/\/www.bagnoitalia.com\/de\/shop"},{"@type":"ListItem","position":3,"name":"Duschs\u00e4ule mit Thermostatmischer, h\u00f6henverstellbar, in zwei verschiedenen Ausf\u00fchrungen DC002"}]},{"@type":"WebSite","@id":"https:\/\/www.bagnoitalia.com\/de#website","url":"https:\/\/www.bagnoitalia.com\/de","name":"Bagno Italia","description":"","publisher":{"@id":"https:\/\/www.bagnoitalia.com\/de#organization"},"potentialAction":[{"@type":"SearchAction","target":{"@type":"EntryPoint","urlTemplate":"https:\/\/www.bagnoitalia.com\/de?s={search_term_string}"},"query-input":{"@type":"PropertyValueSpecification","valueRequired":true,"valueName":"search_term_string"}}],"inLanguage":"de"},{"@type":"Organization","@id":"https:\/\/www.bagnoitalia.com\/de#organization","name":"Bagno Italia","url":"https:\/\/www.bagnoitalia.com\/de","logo":{"@type":"ImageObject","inLanguage":"de","@id":"https:\/\/www.bagnoitalia.com\/de#\/schema\/logo\/image\/","url":"https:\/\/img.bagnoitalia.com\/wp-content\/uploads\/logo-bagnoitalia.webp","contentUrl":"https:\/\/img.bagnoitalia.com\/wp-content\/uploads\/logo-bagnoitalia.webp","width":400,"height":70,"caption":"Bagno Italia"},"image":{"@id":"https:\/\/www.bagnoitalia.com\/de#\/schema\/logo\/image\/"}}]}},"_links":{"self":[{"href":"https:\/\/www.bagnoitalia.com\/de\/wp-json\/wp\/v2\/product\/81187","targetHints":{"allow":["GET"]}}],"collection":[{"href":"https:\/\/www.bagnoitalia.com\/de\/wp-json\/wp\/v2\/product"}],"about":[{"href":"https:\/\/www.bagnoitalia.com\/de\/wp-json\/wp\/v2\/types\/product"}],"replies":[{"embeddable":true,"href":"https:\/\/www.bagnoitalia.com\/de\/wp-json\/wp\/v2\/comments?post=81187"}],"version-history":[{"count":1,"href":"https:\/\/www.bagnoitalia.com\/de\/wp-json\/wp\/v2\/product\/81187\/revisions"}],"predecessor-version":[{"id":88149,"href":"https:\/\/www.bagnoitalia.com\/de\/wp-json\/wp\/v2\/product\/81187\/revisions\/88149"}],"wp:featuredmedia":[{"embeddable":true,"href":"https:\/\/www.bagnoitalia.com\/de\/wp-json\/wp\/v2\/media\/41994"}],"wp:attachment":[{"href":"https:\/\/www.bagnoitalia.com\/de\/wp-json\/wp\/v2\/media?parent=81187"}],"wp:term":[{"taxonomy":"product_brand","embeddable":true,"href":"https:\/\/www.bagnoitalia.com\/de\/wp-json\/wp\/v2\/product_brand?post=81187"},{"taxonomy":"product_cat","embeddable":true,"href":"https:\/\/www.bagnoitalia.com\/de\/wp-json\/wp\/v2\/product_cat?post=81187"},{"taxonomy":"product_tag","embeddable":true,"href":"https:\/\/www.bagnoitalia.com\/de\/wp-json\/wp\/v2\/product_tag?post=81187"}],"curies":[{"name":"wp","href":"https:\/\/api.w.org\/{rel}","templated":true}]}}