{"id":81171,"date":"2018-12-18T15:40:52","date_gmt":"2018-12-18T14:40:52","guid":{"rendered":"https:\/\/www.bagnoitalia.com\/product\/platzsparendes-holly-42cm-wand-badmobel-in-4-farben-erhaltlich-inklusive-spiegel-2"},"modified":"2026-01-16T11:15:13","modified_gmt":"2026-01-16T10:15:13","slug":"platzsparendes-holly-42cm-wand-badmobel-in-4-farben-erhaltlich-inklusive-spiegel-2","status":"publish","type":"product","link":"https:\/\/www.bagnoitalia.com\/de\/produkt\/platzsparendes-holly-42cm-wand-badmobel-in-4-farben-erhaltlich-inklusive-spiegel-2.html","title":{"rendered":"Debby Bad-H\u00e4ngeschrank, 60x40cm, in Farben erh\u00e4ltlich, inklusive Spiegel"},"content":{"rendered":"<p><strong><span style=\"color: #ff0000; font-size: 18pt;\">Badezimmerschrank DEBBY 60x40cm<\/span><\/strong><\/p>\n<p><strong><span style=\"text-decoration: underline;\"><span style=\"font-size: x-large;\">EIGENSCHAFTEN:<\/span><\/span><\/strong><\/p>\n<p><span style=\"font-size: 12pt;\">1 Waschbeckenunterschrank: 60&#215;44,3&#215;40 (Tiefe mind. 34cm)<\/span><\/p>\n<p><span style=\"font-size: 12pt;\">1 Waschbecken aus Harz<\/span><\/p>\n<p><span style=\"font-size: 12pt;\">1 Spiegel: 60x80cm (reversibiel, mit Anti-Schnitt-Rand)<\/span><\/p>\n<p>&nbsp;<\/p>\n<p><span style=\"font-size: 12pt;\"><strong>EIGENSCHAFTEN:<\/strong><\/span><\/p>\n<p><span style=\"font-size: 12pt;\">Struktur: MDF Holz<\/span><\/p>\n<p><span style=\"font-size: 12pt;\">Schrank bestehend aus einer Schublade\u00a0<\/span><\/p>\n<p><span style=\"font-size: 12pt;\">soft-close-Verschluss<\/span><\/p>\n<p><span style=\"font-size: 12pt;\">Set f\u00fcr die Wandanheftung ist inklusive<\/span><\/p>\n<p><span style=\"font-size: 12pt;\">Absperrvorrichtung und LED-Leuchte nicht inbegriffen<\/span><\/p>\n<p>&nbsp;<\/p>\n","protected":false},"excerpt":{"rendered":"<p>Debby ist ein 60x40cm gro\u00dfer platzsparender Badschrank. Der H\u00e4ngeschrank ist in 4 Farben erh\u00e4ltlich und verf\u00fcgt \u00fcber einen Spiegel aus MDF-Holz<\/p>\n","protected":false},"featured_media":41811,"comment_status":"open","ping_status":"closed","template":"","meta":[],"product_brand":[9883],"product_cat":[9716],"product_tag":[],"class_list":{"0":"post-81171","1":"product","2":"type-product","3":"status-publish","4":"has-post-thumbnail","6":"product_brand-deghi-de","7":"product_cat-badmobel-von-40-bis-70-cm-moderne-mobel","9":"first","10":"instock","11":"sale","12":"taxable","13":"shipping-taxable","14":"purchasable","15":"product-type-simple"},"exclude_global_add_ons":false,"addons":[{"name":"Farbe","type":"multiple_choice","position":0,"required":true,"title_format":"heading","default":"","description_enable":false,"description":"","placeholder_enable":false,"placeholder":"","display":"select","restrictions_type":"any_text","adjust_price":false,"price":"","price_type":"flat_fee","restrictions":false,"min":"0","max":"0","options":[{"label":"matt Ozeanblau","price":"","price_type":"quantity_based","image":0,"visibility":true},{"label":"wei\u00dfes Holz","price":"","price_type":"quantity_based","image":0,"visibility":true},{"label":"Walnuss","price":"","price_type":"quantity_based","image":0,"visibility":true},{"label":"matt Taubengrau","price":"","price_type":"quantity_based","image":0,"visibility":true},{"label":"Mattwei\u00df","price":"","price_type":"quantity_based","image":0,"visibility":true},{"label":"Eiche","price":"","price_type":"quantity_based","image":0,"visibility":true}],"id":1718710492},{"name":"Wandleuchte","type":"multiple_choice","position":1,"required":true,"title_format":"heading","default":"","description_enable":false,"description":"","placeholder_enable":false,"placeholder":"","display":"select","restrictions_type":"any_text","adjust_price":false,"price":"","price_type":"flat_fee","restrictions":false,"min":"0","max":"0","options":[{"label":"KEINE Wandleuchte","price":"","price_type":"quantity_based","image":0,"visibility":true},{"label":"Verchromte LED-Wandleuchte","price":"20","price_type":"quantity_based","image":0,"visibility":true},{"label":"Schwarze LED-Wandleuchte","price":"25","price_type":"quantity_based","image":0,"visibility":true}],"id":1718710493}],"yoast_head":"<!-- This site is optimized with the Yoast SEO plugin v26.7 - https:\/\/yoast.com\/wordpress\/plugins\/seo\/ -->\n<title>Platzsparendes Holly 42cm Wand-Badm\u00f6bel in 4 Farben erh\u00e4ltlich, inklusive Spiegel<\/title>\n<meta name=\"description\" content=\"Holly 42cm platzsparender Badezimmerschrank 4 Farben erh\u00e4ltlich Spiegel aus MDF-Holz\" \/>\n<meta name=\"robots\" content=\"index, follow, max-snippet:-1, max-image-preview:large, max-video-preview:-1\" \/>\n<link rel=\"canonical\" href=\"https:\/\/www.bagnoitalia.com\/de\/produkt\/platzsparendes-holly-42cm-wand-badmobel-in-4-farben-erhaltlich-inklusive-spiegel-2.html\" \/>\n<meta property=\"og:locale\" content=\"de_DE\" \/>\n<meta property=\"og:type\" content=\"article\" \/>\n<meta property=\"og:title\" content=\"Platzsparendes Holly 42cm Wand-Badm\u00f6bel in 4 Farben erh\u00e4ltlich, inklusive Spiegel\" \/>\n<meta property=\"og:description\" content=\"Holly 42cm platzsparender Badezimmerschrank 4 Farben erh\u00e4ltlich Spiegel aus MDF-Holz\" \/>\n<meta property=\"og:url\" content=\"https:\/\/www.bagnoitalia.com\/de\/produkt\/platzsparendes-holly-42cm-wand-badmobel-in-4-farben-erhaltlich-inklusive-spiegel-2.html\" \/>\n<meta property=\"og:site_name\" content=\"Bagno Italia\" \/>\n<meta property=\"article:modified_time\" content=\"2026-01-16T10:15:13+00:00\" \/>\n<meta property=\"og:image\" content=\"https:\/\/img.bagnoitalia.com\/wp-content\/uploads\/virtuemart\/product\/wall-hung-bathroom-vanity-debby-60x40-colors_1622010849_862.jpg\" \/>\n\t<meta property=\"og:image:width\" content=\"550\" \/>\n\t<meta property=\"og:image:height\" content=\"550\" \/>\n\t<meta property=\"og:image:type\" content=\"image\/jpeg\" \/>\n<meta name=\"twitter:card\" content=\"summary_large_image\" \/>\n<meta name=\"twitter:label1\" content=\"Gesch\u00e4tzte Lesezeit\" \/>\n\t<meta name=\"twitter:data1\" content=\"1\u00a0Minute\" \/>\n<script type=\"application\/ld+json\" class=\"yoast-schema-graph\">{\"@context\":\"https:\/\/schema.org\",\"@graph\":[{\"@type\":\"WebPage\",\"@id\":\"https:\/\/www.bagnoitalia.com\/de\/produkt\/platzsparendes-holly-42cm-wand-badmobel-in-4-farben-erhaltlich-inklusive-spiegel-2.html\",\"url\":\"https:\/\/www.bagnoitalia.com\/de\/produkt\/platzsparendes-holly-42cm-wand-badmobel-in-4-farben-erhaltlich-inklusive-spiegel-2.html\",\"name\":\"Platzsparendes Holly 42cm Wand-Badm\u00f6bel in 4 Farben erh\u00e4ltlich, inklusive Spiegel\",\"isPartOf\":{\"@id\":\"https:\/\/www.bagnoitalia.com\/de#website\"},\"primaryImageOfPage\":{\"@id\":\"https:\/\/www.bagnoitalia.com\/de\/produkt\/platzsparendes-holly-42cm-wand-badmobel-in-4-farben-erhaltlich-inklusive-spiegel-2.html#primaryimage\"},\"image\":{\"@id\":\"https:\/\/www.bagnoitalia.com\/de\/produkt\/platzsparendes-holly-42cm-wand-badmobel-in-4-farben-erhaltlich-inklusive-spiegel-2.html#primaryimage\"},\"thumbnailUrl\":\"https:\/\/img.bagnoitalia.com\/wp-content\/uploads\/virtuemart\/product\/wall-hung-bathroom-vanity-debby-60x40-colors_1622010849_862.jpg\",\"datePublished\":\"2018-12-18T14:40:52+00:00\",\"dateModified\":\"2026-01-16T10:15:13+00:00\",\"description\":\"Holly 42cm platzsparender Badezimmerschrank 4 Farben erh\u00e4ltlich Spiegel aus MDF-Holz\",\"breadcrumb\":{\"@id\":\"https:\/\/www.bagnoitalia.com\/de\/produkt\/platzsparendes-holly-42cm-wand-badmobel-in-4-farben-erhaltlich-inklusive-spiegel-2.html#breadcrumb\"},\"inLanguage\":\"de\",\"potentialAction\":[{\"@type\":\"ReadAction\",\"target\":[\"https:\/\/www.bagnoitalia.com\/de\/produkt\/platzsparendes-holly-42cm-wand-badmobel-in-4-farben-erhaltlich-inklusive-spiegel-2.html\"]}]},{\"@type\":\"ImageObject\",\"inLanguage\":\"de\",\"@id\":\"https:\/\/www.bagnoitalia.com\/de\/produkt\/platzsparendes-holly-42cm-wand-badmobel-in-4-farben-erhaltlich-inklusive-spiegel-2.html#primaryimage\",\"url\":\"https:\/\/img.bagnoitalia.com\/wp-content\/uploads\/virtuemart\/product\/wall-hung-bathroom-vanity-debby-60x40-colors_1622010849_862.jpg\",\"contentUrl\":\"https:\/\/img.bagnoitalia.com\/wp-content\/uploads\/virtuemart\/product\/wall-hung-bathroom-vanity-debby-60x40-colors_1622010849_862.jpg\",\"width\":550,\"height\":550},{\"@type\":\"BreadcrumbList\",\"@id\":\"https:\/\/www.bagnoitalia.com\/de\/produkt\/platzsparendes-holly-42cm-wand-badmobel-in-4-farben-erhaltlich-inklusive-spiegel-2.html#breadcrumb\",\"itemListElement\":[{\"@type\":\"ListItem\",\"position\":1,\"name\":\"Home\",\"item\":\"https:\/\/www.bagnoitalia.com\/de\"},{\"@type\":\"ListItem\",\"position\":2,\"name\":\"Produkte\",\"item\":\"https:\/\/www.bagnoitalia.com\/de\/shop\"},{\"@type\":\"ListItem\",\"position\":3,\"name\":\"Debby Bad-H\u00e4ngeschrank, 60x40cm, in Farben erh\u00e4ltlich, inklusive Spiegel\"}]},{\"@type\":\"WebSite\",\"@id\":\"https:\/\/www.bagnoitalia.com\/de#website\",\"url\":\"https:\/\/www.bagnoitalia.com\/de\",\"name\":\"Bagno Italia\",\"description\":\"\",\"publisher\":{\"@id\":\"https:\/\/www.bagnoitalia.com\/de#organization\"},\"potentialAction\":[{\"@type\":\"SearchAction\",\"target\":{\"@type\":\"EntryPoint\",\"urlTemplate\":\"https:\/\/www.bagnoitalia.com\/de?s={search_term_string}\"},\"query-input\":{\"@type\":\"PropertyValueSpecification\",\"valueRequired\":true,\"valueName\":\"search_term_string\"}}],\"inLanguage\":\"de\"},{\"@type\":\"Organization\",\"@id\":\"https:\/\/www.bagnoitalia.com\/de#organization\",\"name\":\"Bagno Italia\",\"url\":\"https:\/\/www.bagnoitalia.com\/de\",\"logo\":{\"@type\":\"ImageObject\",\"inLanguage\":\"de\",\"@id\":\"https:\/\/www.bagnoitalia.com\/de#\/schema\/logo\/image\/\",\"url\":\"https:\/\/img.bagnoitalia.com\/wp-content\/uploads\/logo-bagnoitalia.webp\",\"contentUrl\":\"https:\/\/img.bagnoitalia.com\/wp-content\/uploads\/logo-bagnoitalia.webp\",\"width\":400,\"height\":70,\"caption\":\"Bagno Italia\"},\"image\":{\"@id\":\"https:\/\/www.bagnoitalia.com\/de#\/schema\/logo\/image\/\"}}]}<\/script>\n<!-- \/ Yoast SEO plugin. -->","yoast_head_json":{"title":"Platzsparendes Holly 42cm Wand-Badm\u00f6bel in 4 Farben erh\u00e4ltlich, inklusive Spiegel","description":"Holly 42cm platzsparender Badezimmerschrank 4 Farben erh\u00e4ltlich Spiegel aus MDF-Holz","robots":{"index":"index","follow":"follow","max-snippet":"max-snippet:-1","max-image-preview":"max-image-preview:large","max-video-preview":"max-video-preview:-1"},"canonical":"https:\/\/www.bagnoitalia.com\/de\/produkt\/platzsparendes-holly-42cm-wand-badmobel-in-4-farben-erhaltlich-inklusive-spiegel-2.html","og_locale":"de_DE","og_type":"article","og_title":"Platzsparendes Holly 42cm Wand-Badm\u00f6bel in 4 Farben erh\u00e4ltlich, inklusive Spiegel","og_description":"Holly 42cm platzsparender Badezimmerschrank 4 Farben erh\u00e4ltlich Spiegel aus MDF-Holz","og_url":"https:\/\/www.bagnoitalia.com\/de\/produkt\/platzsparendes-holly-42cm-wand-badmobel-in-4-farben-erhaltlich-inklusive-spiegel-2.html","og_site_name":"Bagno Italia","article_modified_time":"2026-01-16T10:15:13+00:00","og_image":[{"width":550,"height":550,"url":"https:\/\/img.bagnoitalia.com\/wp-content\/uploads\/virtuemart\/product\/wall-hung-bathroom-vanity-debby-60x40-colors_1622010849_862.jpg","type":"image\/jpeg"}],"twitter_card":"summary_large_image","twitter_misc":{"Gesch\u00e4tzte Lesezeit":"1\u00a0Minute"},"schema":{"@context":"https:\/\/schema.org","@graph":[{"@type":"WebPage","@id":"https:\/\/www.bagnoitalia.com\/de\/produkt\/platzsparendes-holly-42cm-wand-badmobel-in-4-farben-erhaltlich-inklusive-spiegel-2.html","url":"https:\/\/www.bagnoitalia.com\/de\/produkt\/platzsparendes-holly-42cm-wand-badmobel-in-4-farben-erhaltlich-inklusive-spiegel-2.html","name":"Platzsparendes Holly 42cm Wand-Badm\u00f6bel in 4 Farben erh\u00e4ltlich, inklusive Spiegel","isPartOf":{"@id":"https:\/\/www.bagnoitalia.com\/de#website"},"primaryImageOfPage":{"@id":"https:\/\/www.bagnoitalia.com\/de\/produkt\/platzsparendes-holly-42cm-wand-badmobel-in-4-farben-erhaltlich-inklusive-spiegel-2.html#primaryimage"},"image":{"@id":"https:\/\/www.bagnoitalia.com\/de\/produkt\/platzsparendes-holly-42cm-wand-badmobel-in-4-farben-erhaltlich-inklusive-spiegel-2.html#primaryimage"},"thumbnailUrl":"https:\/\/img.bagnoitalia.com\/wp-content\/uploads\/virtuemart\/product\/wall-hung-bathroom-vanity-debby-60x40-colors_1622010849_862.jpg","datePublished":"2018-12-18T14:40:52+00:00","dateModified":"2026-01-16T10:15:13+00:00","description":"Holly 42cm platzsparender Badezimmerschrank 4 Farben erh\u00e4ltlich Spiegel aus MDF-Holz","breadcrumb":{"@id":"https:\/\/www.bagnoitalia.com\/de\/produkt\/platzsparendes-holly-42cm-wand-badmobel-in-4-farben-erhaltlich-inklusive-spiegel-2.html#breadcrumb"},"inLanguage":"de","potentialAction":[{"@type":"ReadAction","target":["https:\/\/www.bagnoitalia.com\/de\/produkt\/platzsparendes-holly-42cm-wand-badmobel-in-4-farben-erhaltlich-inklusive-spiegel-2.html"]}]},{"@type":"ImageObject","inLanguage":"de","@id":"https:\/\/www.bagnoitalia.com\/de\/produkt\/platzsparendes-holly-42cm-wand-badmobel-in-4-farben-erhaltlich-inklusive-spiegel-2.html#primaryimage","url":"https:\/\/img.bagnoitalia.com\/wp-content\/uploads\/virtuemart\/product\/wall-hung-bathroom-vanity-debby-60x40-colors_1622010849_862.jpg","contentUrl":"https:\/\/img.bagnoitalia.com\/wp-content\/uploads\/virtuemart\/product\/wall-hung-bathroom-vanity-debby-60x40-colors_1622010849_862.jpg","width":550,"height":550},{"@type":"BreadcrumbList","@id":"https:\/\/www.bagnoitalia.com\/de\/produkt\/platzsparendes-holly-42cm-wand-badmobel-in-4-farben-erhaltlich-inklusive-spiegel-2.html#breadcrumb","itemListElement":[{"@type":"ListItem","position":1,"name":"Home","item":"https:\/\/www.bagnoitalia.com\/de"},{"@type":"ListItem","position":2,"name":"Produkte","item":"https:\/\/www.bagnoitalia.com\/de\/shop"},{"@type":"ListItem","position":3,"name":"Debby Bad-H\u00e4ngeschrank, 60x40cm, in Farben erh\u00e4ltlich, inklusive Spiegel"}]},{"@type":"WebSite","@id":"https:\/\/www.bagnoitalia.com\/de#website","url":"https:\/\/www.bagnoitalia.com\/de","name":"Bagno Italia","description":"","publisher":{"@id":"https:\/\/www.bagnoitalia.com\/de#organization"},"potentialAction":[{"@type":"SearchAction","target":{"@type":"EntryPoint","urlTemplate":"https:\/\/www.bagnoitalia.com\/de?s={search_term_string}"},"query-input":{"@type":"PropertyValueSpecification","valueRequired":true,"valueName":"search_term_string"}}],"inLanguage":"de"},{"@type":"Organization","@id":"https:\/\/www.bagnoitalia.com\/de#organization","name":"Bagno Italia","url":"https:\/\/www.bagnoitalia.com\/de","logo":{"@type":"ImageObject","inLanguage":"de","@id":"https:\/\/www.bagnoitalia.com\/de#\/schema\/logo\/image\/","url":"https:\/\/img.bagnoitalia.com\/wp-content\/uploads\/logo-bagnoitalia.webp","contentUrl":"https:\/\/img.bagnoitalia.com\/wp-content\/uploads\/logo-bagnoitalia.webp","width":400,"height":70,"caption":"Bagno Italia"},"image":{"@id":"https:\/\/www.bagnoitalia.com\/de#\/schema\/logo\/image\/"}}]}},"_links":{"self":[{"href":"https:\/\/www.bagnoitalia.com\/de\/wp-json\/wp\/v2\/product\/81171","targetHints":{"allow":["GET"]}}],"collection":[{"href":"https:\/\/www.bagnoitalia.com\/de\/wp-json\/wp\/v2\/product"}],"about":[{"href":"https:\/\/www.bagnoitalia.com\/de\/wp-json\/wp\/v2\/types\/product"}],"replies":[{"embeddable":true,"href":"https:\/\/www.bagnoitalia.com\/de\/wp-json\/wp\/v2\/comments?post=81171"}],"version-history":[{"count":1,"href":"https:\/\/www.bagnoitalia.com\/de\/wp-json\/wp\/v2\/product\/81171\/revisions"}],"predecessor-version":[{"id":90424,"href":"https:\/\/www.bagnoitalia.com\/de\/wp-json\/wp\/v2\/product\/81171\/revisions\/90424"}],"wp:featuredmedia":[{"embeddable":true,"href":"https:\/\/www.bagnoitalia.com\/de\/wp-json\/wp\/v2\/media\/41811"}],"wp:attachment":[{"href":"https:\/\/www.bagnoitalia.com\/de\/wp-json\/wp\/v2\/media?parent=81171"}],"wp:term":[{"taxonomy":"product_brand","embeddable":true,"href":"https:\/\/www.bagnoitalia.com\/de\/wp-json\/wp\/v2\/product_brand?post=81171"},{"taxonomy":"product_cat","embeddable":true,"href":"https:\/\/www.bagnoitalia.com\/de\/wp-json\/wp\/v2\/product_cat?post=81171"},{"taxonomy":"product_tag","embeddable":true,"href":"https:\/\/www.bagnoitalia.com\/de\/wp-json\/wp\/v2\/product_tag?post=81171"}],"curies":[{"name":"wp","href":"https:\/\/api.w.org\/{rel}","templated":true}]}}