{"id":81151,"date":"2018-12-17T14:47:29","date_gmt":"2018-12-17T13:47:29","guid":{"rendered":"https:\/\/www.bagnoitalia.com\/product\/gartenmobel-pavillon-mit-schaukel-aus-eisen-mit-vorhangen-und-kissen-aus-ecru-polyester-1"},"modified":"2024-05-20T17:10:37","modified_gmt":"2024-05-20T15:10:37","slug":"gartenmobel-pavillon-mit-schaukel-aus-eisen-mit-vorhangen-und-kissen-aus-ecru-polyester-1","status":"publish","type":"product","link":"https:\/\/www.bagnoitalia.com\/de\/produkt\/gartenmobel-pavillon-mit-schaukel-aus-eisen-mit-vorhangen-und-kissen-aus-ecru-polyester-1.html","title":{"rendered":"\u00dcberdachung f\u00fcr T\u00fcren oder Fenster aus Polycarbonat"},"content":{"rendered":"<p><span style=\"text-decoration: underline; font-size: 14pt;\"><strong>OUTDOOR-\u00dcBERDACHUNG F\u00dcR T\u00dcREN ODER FENSTER AUS POLYCARBONAT<\/strong><\/span><\/p>\n<p>&nbsp;<\/p>\n<p style=\"margin-bottom: 0cm;\"><span style=\"text-decoration: underline;\"><span style=\"font-size: 12pt;\">Eigenschaften:<\/span><\/span><\/p>\n<p><span style=\"font-size: 12pt;\">Eignet sich als T\u00fcr- oder Fenster\u00fcberdachung<\/span><\/p>\n<p>&nbsp;<\/p>\n<p><span style=\"font-size: 12pt;\">Verf\u00fcgbare Gr\u00f6\u00dfen:<\/span><\/p>\n<p><span style=\"font-size: 12pt;\">100&#215;120 cm<\/span><br \/>\n<span style=\"font-size: 12pt;\">100&#215;150 cm<\/span><br \/>\n<span style=\"font-size: 12pt;\">100&#215;200 cm<\/span><br \/>\n<span style=\"font-size: 12pt;\">100&#215;300 cm<\/span><\/p>\n<p>&nbsp;<\/p>\n<ul>\n<li><span style=\"font-size: 12pt;\">Das Gestell ist aus Polypropylen, ein Material, das sehr wetterresistent, witterungsbest\u00e4ndig und schlagfest ist.\u00a0<\/span><\/li>\n<li><\/li>\n<li><\/li>\n<li><span style=\"font-size: 12pt;\">Die Platten sind aus transparentem Polycarbonat.<\/span><\/li>\n<\/ul>\n","protected":false},"excerpt":{"rendered":"<p>Outdoor-\u00dcberdachung f\u00fcr T\u00fcren oder Fenster aus Polycarbonat.<\/p>\n","protected":false},"featured_media":41606,"comment_status":"open","ping_status":"closed","template":"","meta":[],"product_brand":[5021],"product_cat":[10019],"product_tag":[],"class_list":{"0":"post-81151","1":"product","2":"type-product","3":"status-publish","4":"has-post-thumbnail","6":"product_brand-predator-arredo-casa","7":"product_cat-unterstande","9":"first","10":"instock","11":"sale","12":"taxable","13":"shipping-taxable","14":"purchasable","15":"product-type-simple"},"exclude_global_add_ons":false,"addons":[{"name":"Abmessungen","type":"multiple_choice","position":0,"required":true,"title_format":"heading","default":"","description_enable":false,"description":"","placeholder_enable":false,"placeholder":"","display":"select","restrictions_type":"any_text","adjust_price":false,"price":"","price_type":"flat_fee","restrictions":false,"min":"0","max":"0","options":[{"label":"Nicht verf\u00fcgbar - 80x100 cm","price":"","price_type":"quantity_based","image":0,"visibility":true},{"label":"Nicht verf\u00fcgbar - 80x120 cm","price":"6","price_type":"quantity_based","image":0,"visibility":true},{"label":"Nicht verf\u00fcgbar - 80x150 cm","price":"10","price_type":"quantity_based","image":0,"visibility":true},{"label":"Nicht verf\u00fcgbar - 80x200 cm","price":"30","price_type":"quantity_based","image":0,"visibility":true},{"label":"Nicht verf\u00fcgbar - 80x240 cm","price":"36","price_type":"quantity_based","image":0,"visibility":true},{"label":"Nicht verf\u00fcgbar - 80x300 cm","price":"40","price_type":"quantity_based","image":0,"visibility":true},{"label":"100x100 cm","price":"10","price_type":"quantity_based","image":0,"visibility":true},{"label":"100x120 cm","price":"16","price_type":"quantity_based","image":0,"visibility":true},{"label":"Nicht verf\u00fcgbar - 100x150 cm","price":"20","price_type":"quantity_based","image":0,"visibility":true},{"label":"Nicht verf\u00fcgbar - 100x200 cm","price":"50","price_type":"quantity_based","image":0,"visibility":true},{"label":"Nicht verf\u00fcgbar \u2013 100x300 cm","price":"60","price_type":"quantity_based","image":0,"visibility":true}],"id":1716225038}],"yoast_head":"<!-- This site is optimized with the Yoast SEO plugin v26.7 - https:\/\/yoast.com\/wordpress\/plugins\/seo\/ -->\n<title>Gartenm\u00f6bel-Pavillon mit Schaukelstuhl aus Eisen mit Vorh\u00e4ngen und Kissen aus Ecru-Polyester<\/title>\n<meta name=\"description\" content=\"Gartenm\u00f6bel-Pavillon mit Schaukelstuhl aus Eisen mit Vorh\u00e4ngen und Kissen aus Ecru-Polyester\" \/>\n<meta name=\"robots\" content=\"index, follow, max-snippet:-1, max-image-preview:large, max-video-preview:-1\" \/>\n<link rel=\"canonical\" href=\"https:\/\/www.bagnoitalia.com\/de\/produkt\/gartenmobel-pavillon-mit-schaukel-aus-eisen-mit-vorhangen-und-kissen-aus-ecru-polyester-1.html\" \/>\n<meta property=\"og:locale\" content=\"de_DE\" \/>\n<meta property=\"og:type\" content=\"article\" \/>\n<meta property=\"og:title\" content=\"Gartenm\u00f6bel-Pavillon mit Schaukelstuhl aus Eisen mit Vorh\u00e4ngen und Kissen aus Ecru-Polyester\" \/>\n<meta property=\"og:description\" content=\"Gartenm\u00f6bel-Pavillon mit Schaukelstuhl aus Eisen mit Vorh\u00e4ngen und Kissen aus Ecru-Polyester\" \/>\n<meta property=\"og:url\" content=\"https:\/\/www.bagnoitalia.com\/de\/produkt\/gartenmobel-pavillon-mit-schaukel-aus-eisen-mit-vorhangen-und-kissen-aus-ecru-polyester-1.html\" \/>\n<meta property=\"og:site_name\" content=\"Bagno Italia\" \/>\n<meta property=\"article:modified_time\" content=\"2024-05-20T15:10:37+00:00\" \/>\n<meta property=\"og:image\" content=\"https:\/\/img.bagnoitalia.com\/wp-content\/uploads\/virtuemart\/product\/outdoor-polycarbonate-cover-door-or-window-canopy-123_1545058676_614.jpg\" \/>\n\t<meta property=\"og:image:width\" content=\"550\" \/>\n\t<meta property=\"og:image:height\" content=\"507\" \/>\n\t<meta property=\"og:image:type\" content=\"image\/jpeg\" \/>\n<meta name=\"twitter:card\" content=\"summary_large_image\" \/>\n<meta name=\"twitter:label1\" content=\"Gesch\u00e4tzte Lesezeit\" \/>\n\t<meta name=\"twitter:data1\" content=\"1\u00a0Minute\" \/>\n<script type=\"application\/ld+json\" class=\"yoast-schema-graph\">{\"@context\":\"https:\/\/schema.org\",\"@graph\":[{\"@type\":\"WebPage\",\"@id\":\"https:\/\/www.bagnoitalia.com\/de\/produkt\/gartenmobel-pavillon-mit-schaukel-aus-eisen-mit-vorhangen-und-kissen-aus-ecru-polyester-1.html\",\"url\":\"https:\/\/www.bagnoitalia.com\/de\/produkt\/gartenmobel-pavillon-mit-schaukel-aus-eisen-mit-vorhangen-und-kissen-aus-ecru-polyester-1.html\",\"name\":\"Gartenm\u00f6bel-Pavillon mit Schaukelstuhl aus Eisen mit Vorh\u00e4ngen und Kissen aus Ecru-Polyester\",\"isPartOf\":{\"@id\":\"https:\/\/www.bagnoitalia.com\/de#website\"},\"primaryImageOfPage\":{\"@id\":\"https:\/\/www.bagnoitalia.com\/de\/produkt\/gartenmobel-pavillon-mit-schaukel-aus-eisen-mit-vorhangen-und-kissen-aus-ecru-polyester-1.html#primaryimage\"},\"image\":{\"@id\":\"https:\/\/www.bagnoitalia.com\/de\/produkt\/gartenmobel-pavillon-mit-schaukel-aus-eisen-mit-vorhangen-und-kissen-aus-ecru-polyester-1.html#primaryimage\"},\"thumbnailUrl\":\"https:\/\/img.bagnoitalia.com\/wp-content\/uploads\/virtuemart\/product\/outdoor-polycarbonate-cover-door-or-window-canopy-123_1545058676_614.jpg\",\"datePublished\":\"2018-12-17T13:47:29+00:00\",\"dateModified\":\"2024-05-20T15:10:37+00:00\",\"description\":\"Gartenm\u00f6bel-Pavillon mit Schaukelstuhl aus Eisen mit Vorh\u00e4ngen und Kissen aus Ecru-Polyester\",\"breadcrumb\":{\"@id\":\"https:\/\/www.bagnoitalia.com\/de\/produkt\/gartenmobel-pavillon-mit-schaukel-aus-eisen-mit-vorhangen-und-kissen-aus-ecru-polyester-1.html#breadcrumb\"},\"inLanguage\":\"de\",\"potentialAction\":[{\"@type\":\"ReadAction\",\"target\":[\"https:\/\/www.bagnoitalia.com\/de\/produkt\/gartenmobel-pavillon-mit-schaukel-aus-eisen-mit-vorhangen-und-kissen-aus-ecru-polyester-1.html\"]}]},{\"@type\":\"ImageObject\",\"inLanguage\":\"de\",\"@id\":\"https:\/\/www.bagnoitalia.com\/de\/produkt\/gartenmobel-pavillon-mit-schaukel-aus-eisen-mit-vorhangen-und-kissen-aus-ecru-polyester-1.html#primaryimage\",\"url\":\"https:\/\/img.bagnoitalia.com\/wp-content\/uploads\/virtuemart\/product\/outdoor-polycarbonate-cover-door-or-window-canopy-123_1545058676_614.jpg\",\"contentUrl\":\"https:\/\/img.bagnoitalia.com\/wp-content\/uploads\/virtuemart\/product\/outdoor-polycarbonate-cover-door-or-window-canopy-123_1545058676_614.jpg\",\"width\":550,\"height\":507},{\"@type\":\"BreadcrumbList\",\"@id\":\"https:\/\/www.bagnoitalia.com\/de\/produkt\/gartenmobel-pavillon-mit-schaukel-aus-eisen-mit-vorhangen-und-kissen-aus-ecru-polyester-1.html#breadcrumb\",\"itemListElement\":[{\"@type\":\"ListItem\",\"position\":1,\"name\":\"Home\",\"item\":\"https:\/\/www.bagnoitalia.com\/de\"},{\"@type\":\"ListItem\",\"position\":2,\"name\":\"Produkte\",\"item\":\"https:\/\/www.bagnoitalia.com\/de\/shop\"},{\"@type\":\"ListItem\",\"position\":3,\"name\":\"\u00dcberdachung f\u00fcr T\u00fcren oder Fenster aus Polycarbonat\"}]},{\"@type\":\"WebSite\",\"@id\":\"https:\/\/www.bagnoitalia.com\/de#website\",\"url\":\"https:\/\/www.bagnoitalia.com\/de\",\"name\":\"Bagno Italia\",\"description\":\"\",\"publisher\":{\"@id\":\"https:\/\/www.bagnoitalia.com\/de#organization\"},\"potentialAction\":[{\"@type\":\"SearchAction\",\"target\":{\"@type\":\"EntryPoint\",\"urlTemplate\":\"https:\/\/www.bagnoitalia.com\/de?s={search_term_string}\"},\"query-input\":{\"@type\":\"PropertyValueSpecification\",\"valueRequired\":true,\"valueName\":\"search_term_string\"}}],\"inLanguage\":\"de\"},{\"@type\":\"Organization\",\"@id\":\"https:\/\/www.bagnoitalia.com\/de#organization\",\"name\":\"Bagno Italia\",\"url\":\"https:\/\/www.bagnoitalia.com\/de\",\"logo\":{\"@type\":\"ImageObject\",\"inLanguage\":\"de\",\"@id\":\"https:\/\/www.bagnoitalia.com\/de#\/schema\/logo\/image\/\",\"url\":\"https:\/\/img.bagnoitalia.com\/wp-content\/uploads\/logo-bagnoitalia.webp\",\"contentUrl\":\"https:\/\/img.bagnoitalia.com\/wp-content\/uploads\/logo-bagnoitalia.webp\",\"width\":400,\"height\":70,\"caption\":\"Bagno Italia\"},\"image\":{\"@id\":\"https:\/\/www.bagnoitalia.com\/de#\/schema\/logo\/image\/\"}}]}<\/script>\n<!-- \/ Yoast SEO plugin. -->","yoast_head_json":{"title":"Gartenm\u00f6bel-Pavillon mit Schaukelstuhl aus Eisen mit Vorh\u00e4ngen und Kissen aus Ecru-Polyester","description":"Gartenm\u00f6bel-Pavillon mit Schaukelstuhl aus Eisen mit Vorh\u00e4ngen und Kissen aus Ecru-Polyester","robots":{"index":"index","follow":"follow","max-snippet":"max-snippet:-1","max-image-preview":"max-image-preview:large","max-video-preview":"max-video-preview:-1"},"canonical":"https:\/\/www.bagnoitalia.com\/de\/produkt\/gartenmobel-pavillon-mit-schaukel-aus-eisen-mit-vorhangen-und-kissen-aus-ecru-polyester-1.html","og_locale":"de_DE","og_type":"article","og_title":"Gartenm\u00f6bel-Pavillon mit Schaukelstuhl aus Eisen mit Vorh\u00e4ngen und Kissen aus Ecru-Polyester","og_description":"Gartenm\u00f6bel-Pavillon mit Schaukelstuhl aus Eisen mit Vorh\u00e4ngen und Kissen aus Ecru-Polyester","og_url":"https:\/\/www.bagnoitalia.com\/de\/produkt\/gartenmobel-pavillon-mit-schaukel-aus-eisen-mit-vorhangen-und-kissen-aus-ecru-polyester-1.html","og_site_name":"Bagno Italia","article_modified_time":"2024-05-20T15:10:37+00:00","og_image":[{"width":550,"height":507,"url":"https:\/\/img.bagnoitalia.com\/wp-content\/uploads\/virtuemart\/product\/outdoor-polycarbonate-cover-door-or-window-canopy-123_1545058676_614.jpg","type":"image\/jpeg"}],"twitter_card":"summary_large_image","twitter_misc":{"Gesch\u00e4tzte Lesezeit":"1\u00a0Minute"},"schema":{"@context":"https:\/\/schema.org","@graph":[{"@type":"WebPage","@id":"https:\/\/www.bagnoitalia.com\/de\/produkt\/gartenmobel-pavillon-mit-schaukel-aus-eisen-mit-vorhangen-und-kissen-aus-ecru-polyester-1.html","url":"https:\/\/www.bagnoitalia.com\/de\/produkt\/gartenmobel-pavillon-mit-schaukel-aus-eisen-mit-vorhangen-und-kissen-aus-ecru-polyester-1.html","name":"Gartenm\u00f6bel-Pavillon mit Schaukelstuhl aus Eisen mit Vorh\u00e4ngen und Kissen aus Ecru-Polyester","isPartOf":{"@id":"https:\/\/www.bagnoitalia.com\/de#website"},"primaryImageOfPage":{"@id":"https:\/\/www.bagnoitalia.com\/de\/produkt\/gartenmobel-pavillon-mit-schaukel-aus-eisen-mit-vorhangen-und-kissen-aus-ecru-polyester-1.html#primaryimage"},"image":{"@id":"https:\/\/www.bagnoitalia.com\/de\/produkt\/gartenmobel-pavillon-mit-schaukel-aus-eisen-mit-vorhangen-und-kissen-aus-ecru-polyester-1.html#primaryimage"},"thumbnailUrl":"https:\/\/img.bagnoitalia.com\/wp-content\/uploads\/virtuemart\/product\/outdoor-polycarbonate-cover-door-or-window-canopy-123_1545058676_614.jpg","datePublished":"2018-12-17T13:47:29+00:00","dateModified":"2024-05-20T15:10:37+00:00","description":"Gartenm\u00f6bel-Pavillon mit Schaukelstuhl aus Eisen mit Vorh\u00e4ngen und Kissen aus Ecru-Polyester","breadcrumb":{"@id":"https:\/\/www.bagnoitalia.com\/de\/produkt\/gartenmobel-pavillon-mit-schaukel-aus-eisen-mit-vorhangen-und-kissen-aus-ecru-polyester-1.html#breadcrumb"},"inLanguage":"de","potentialAction":[{"@type":"ReadAction","target":["https:\/\/www.bagnoitalia.com\/de\/produkt\/gartenmobel-pavillon-mit-schaukel-aus-eisen-mit-vorhangen-und-kissen-aus-ecru-polyester-1.html"]}]},{"@type":"ImageObject","inLanguage":"de","@id":"https:\/\/www.bagnoitalia.com\/de\/produkt\/gartenmobel-pavillon-mit-schaukel-aus-eisen-mit-vorhangen-und-kissen-aus-ecru-polyester-1.html#primaryimage","url":"https:\/\/img.bagnoitalia.com\/wp-content\/uploads\/virtuemart\/product\/outdoor-polycarbonate-cover-door-or-window-canopy-123_1545058676_614.jpg","contentUrl":"https:\/\/img.bagnoitalia.com\/wp-content\/uploads\/virtuemart\/product\/outdoor-polycarbonate-cover-door-or-window-canopy-123_1545058676_614.jpg","width":550,"height":507},{"@type":"BreadcrumbList","@id":"https:\/\/www.bagnoitalia.com\/de\/produkt\/gartenmobel-pavillon-mit-schaukel-aus-eisen-mit-vorhangen-und-kissen-aus-ecru-polyester-1.html#breadcrumb","itemListElement":[{"@type":"ListItem","position":1,"name":"Home","item":"https:\/\/www.bagnoitalia.com\/de"},{"@type":"ListItem","position":2,"name":"Produkte","item":"https:\/\/www.bagnoitalia.com\/de\/shop"},{"@type":"ListItem","position":3,"name":"\u00dcberdachung f\u00fcr T\u00fcren oder Fenster aus Polycarbonat"}]},{"@type":"WebSite","@id":"https:\/\/www.bagnoitalia.com\/de#website","url":"https:\/\/www.bagnoitalia.com\/de","name":"Bagno Italia","description":"","publisher":{"@id":"https:\/\/www.bagnoitalia.com\/de#organization"},"potentialAction":[{"@type":"SearchAction","target":{"@type":"EntryPoint","urlTemplate":"https:\/\/www.bagnoitalia.com\/de?s={search_term_string}"},"query-input":{"@type":"PropertyValueSpecification","valueRequired":true,"valueName":"search_term_string"}}],"inLanguage":"de"},{"@type":"Organization","@id":"https:\/\/www.bagnoitalia.com\/de#organization","name":"Bagno Italia","url":"https:\/\/www.bagnoitalia.com\/de","logo":{"@type":"ImageObject","inLanguage":"de","@id":"https:\/\/www.bagnoitalia.com\/de#\/schema\/logo\/image\/","url":"https:\/\/img.bagnoitalia.com\/wp-content\/uploads\/logo-bagnoitalia.webp","contentUrl":"https:\/\/img.bagnoitalia.com\/wp-content\/uploads\/logo-bagnoitalia.webp","width":400,"height":70,"caption":"Bagno Italia"},"image":{"@id":"https:\/\/www.bagnoitalia.com\/de#\/schema\/logo\/image\/"}}]}},"_links":{"self":[{"href":"https:\/\/www.bagnoitalia.com\/de\/wp-json\/wp\/v2\/product\/81151","targetHints":{"allow":["GET"]}}],"collection":[{"href":"https:\/\/www.bagnoitalia.com\/de\/wp-json\/wp\/v2\/product"}],"about":[{"href":"https:\/\/www.bagnoitalia.com\/de\/wp-json\/wp\/v2\/types\/product"}],"replies":[{"embeddable":true,"href":"https:\/\/www.bagnoitalia.com\/de\/wp-json\/wp\/v2\/comments?post=81151"}],"version-history":[{"count":1,"href":"https:\/\/www.bagnoitalia.com\/de\/wp-json\/wp\/v2\/product\/81151\/revisions"}],"predecessor-version":[{"id":87099,"href":"https:\/\/www.bagnoitalia.com\/de\/wp-json\/wp\/v2\/product\/81151\/revisions\/87099"}],"wp:featuredmedia":[{"embeddable":true,"href":"https:\/\/www.bagnoitalia.com\/de\/wp-json\/wp\/v2\/media\/41606"}],"wp:attachment":[{"href":"https:\/\/www.bagnoitalia.com\/de\/wp-json\/wp\/v2\/media?parent=81151"}],"wp:term":[{"taxonomy":"product_brand","embeddable":true,"href":"https:\/\/www.bagnoitalia.com\/de\/wp-json\/wp\/v2\/product_brand?post=81151"},{"taxonomy":"product_cat","embeddable":true,"href":"https:\/\/www.bagnoitalia.com\/de\/wp-json\/wp\/v2\/product_cat?post=81151"},{"taxonomy":"product_tag","embeddable":true,"href":"https:\/\/www.bagnoitalia.com\/de\/wp-json\/wp\/v2\/product_tag?post=81151"}],"curies":[{"name":"wp","href":"https:\/\/api.w.org\/{rel}","templated":true}]}}