{"id":81147,"date":"2018-12-17T14:02:47","date_gmt":"2018-12-17T13:02:47","guid":{"rendered":"https:\/\/www.bagnoitalia.com\/product\/duschwanne-aus-harz-marmor-3-cm-mit-siphon-ablauf-in-6-farben-auch-nach-mas-4"},"modified":"2018-12-17T14:02:47","modified_gmt":"2018-12-17T13:02:47","slug":"duschwanne-aus-harz-marmor-3-cm-mit-siphon-ablauf-in-6-farben-auch-nach-mas-4","status":"publish","type":"product","link":"https:\/\/www.bagnoitalia.com\/de\/produkt\/duschwanne-aus-harz-marmor-3-cm-mit-siphon-ablauf-in-6-farben-auch-nach-mas-4.html","title":{"rendered":"Duschplatte aus Glasstone, in 3 Farben und verschiedenen Gr\u00f6\u00dfen"},"content":{"rendered":"<p style=\"margin-top: 0cm; margin-right: 0cm; margin-bottom: 0.0001pt; background-image: initial; background-position: initial; background-repeat: initial; background-attachment: initial; vertical-align: baseline;\">&nbsp;<\/p>\n<p style=\"margin-top: 0cm; margin-right: 0cm; margin-bottom: 0.0001pt; background-image: initial; background-position: initial; background-repeat: initial; background-attachment: initial; vertical-align: baseline;\"><span style=\"font-size: 12pt; text-decoration: underline;\"><strong><span style=\"color: #001000; font-family: Arial,sans-serif;\">Duschplatte aus Glasstone.<\/span><\/strong><\/span><\/p>\n<p>&nbsp;<\/p>\n<p style=\"margin-top: 0cm; margin-right: 0cm; margin-bottom: 0.0001pt; background-image: initial; background-position: initial; background-repeat: initial; background-attachment: initial; vertical-align: baseline;\"><span style=\"font-size: 12pt;\"><strong><span style=\"color: #333333; font-family: Arial,sans-serif;\">Eigenschaften:<\/span><\/strong><\/span><\/p>\n<p><span style=\"font-size: 12pt;\">&#8211; Glasstone ist ein Gemisch aus Harz, Polyesther und Fiberglas&nbsp;<\/span><\/p>\n<p><span style=\"font-size: 12pt;\">&#8211; Farbe: wei\u00df, Antharzit oder Elfenbein<\/span><\/p>\n<p><span style=\"font-size: 12pt;\">&#8211; Die Platte kann <strong>zugeschnitten <\/strong>werden, hat eine Diamantscheibe und kann <strong><span style=\"color: #333333;\">ma\u00dfgefertigt <\/span><\/strong>werden<strong><br \/><\/strong><\/span><\/p>\n<p><span style=\"font-size: 12pt;\">&#8211; Oberfl\u00e4che mit Steineffekt und <strong>rutschfest&nbsp;<\/strong><\/span><\/p>\n<p><span style=\"font-size: 12pt;\">&#8211; ultraleicht, aber hochresistent&nbsp;<\/span><\/p>\n<p><span style=\"font-size: 12pt;\">&#8211; leicht zu s\u00e4ubern<\/span><\/p>\n<p><span style=\"font-size: 12pt;\">&#8211; Platte kann auf oder in den Boden angebracht werden.<\/span><\/p>\n<p><span style=\"font-size: 12pt;\">&#8211; ultraslim (2,5cm dick)<\/span><\/p>\n<p>&nbsp;<\/p>\n<p><span style=\"font-size: 12pt;\">ACHTUNG: Ablaufventil nicht im Preis inbegriffen.<\/span><\/p>\n<p>&nbsp;<\/p>\n","protected":false},"excerpt":{"rendered":"<p>Die Duschplatte ist aus Glasstone und zeichnet sich durch eine besondere Texturierung aus, die der Oberfl\u00e4che einen eleganten Schiefereffekt verleiht und sie rutschfest macht. Das Produkt ist in den Farben wei\u00df, Anthrazit und Elfenbein, sowie in verschiedenen Gr\u00f6\u00dfen erh\u00e4ltlich. <\/p>\n","protected":false},"featured_media":41586,"comment_status":"open","ping_status":"closed","template":"","meta":[],"product_brand":[9919],"product_cat":[15],"product_tag":[],"class_list":{"0":"post-81147","1":"product","2":"type-product","3":"status-publish","4":"has-post-thumbnail","6":"product_brand-goccioline-ambrosia-group-de","7":"product_cat-senza-categoria","9":"first","10":"outofstock","11":"taxable","12":"shipping-taxable","13":"purchasable","14":"product-type-simple"},"exclude_global_add_ons":false,"addons":[{"name":"CAMPI_DIMENSIONI\r\n","type":"select","position":0,"required":true,"title_format":"label","default":"","description_enable":false,"description":"","placeholder_enable":false,"placeholder":"","display":"select","restrictions_type":"any_text","adjust_price":false,"price":"","price_type":"","restrictions":false,"min":"0","max":"0","options":[]},{"name":"CAMPI_PILETTA\r\n","type":"select","position":0,"required":true,"title_format":"label","default":"","description_enable":false,"description":"","placeholder_enable":false,"placeholder":"","display":"select","restrictions_type":"any_text","adjust_price":false,"price":"","price_type":"","restrictions":false,"min":"0","max":"0","options":[]}],"yoast_head":"<!-- This site is optimized with the Yoast SEO plugin v26.7 - https:\/\/yoast.com\/wordpress\/plugins\/seo\/ -->\n<title>3-cm-Kunstharz-Marmor-Duschwanne mit Siphon-Ablauf in 6 Farben und verschiedenen Gr\u00f6\u00dfen in Schieferoptik<\/title>\n<meta name=\"description\" content=\"Die Duschwanne besteht aus Marmorharz, wodurch ein Relief entsteht, das die Oberfl\u00e4che rutschfest macht. Sie ist in Wei\u00df, Beige, Anthrazit, Chrom, Schokolade und Taubengrau erh\u00e4ltlich. In verschiedenen Gr\u00f6\u00dfen hergestellt.\" \/>\n<meta name=\"robots\" content=\"index, follow, max-snippet:-1, max-image-preview:large, max-video-preview:-1\" \/>\n<link rel=\"canonical\" href=\"https:\/\/www.bagnoitalia.com\/de\/produkt\/duschwanne-aus-harz-marmor-3-cm-mit-siphon-ablauf-in-6-farben-auch-nach-mas-4.html\" \/>\n<meta property=\"og:locale\" content=\"de_DE\" \/>\n<meta property=\"og:type\" content=\"article\" \/>\n<meta property=\"og:title\" content=\"3-cm-Kunstharz-Marmor-Duschwanne mit Siphon-Ablauf in 6 Farben und verschiedenen Gr\u00f6\u00dfen in Schieferoptik\" \/>\n<meta property=\"og:description\" content=\"Die Duschwanne besteht aus Marmorharz, wodurch ein Relief entsteht, das die Oberfl\u00e4che rutschfest macht. Sie ist in Wei\u00df, Beige, Anthrazit, Chrom, Schokolade und Taubengrau erh\u00e4ltlich. In verschiedenen Gr\u00f6\u00dfen hergestellt.\" \/>\n<meta property=\"og:url\" content=\"https:\/\/www.bagnoitalia.com\/de\/produkt\/duschwanne-aus-harz-marmor-3-cm-mit-siphon-ablauf-in-6-farben-auch-nach-mas-4.html\" \/>\n<meta property=\"og:site_name\" content=\"Bagno Italia\" \/>\n<meta property=\"og:image\" content=\"https:\/\/img.bagnoitalia.com\/wp-content\/uploads\/virtuemart\/product\/glasstone-shower-tray-made-in-many-sizes-pa017-651_1545055549_538.jpg\" \/>\n\t<meta property=\"og:image:width\" content=\"550\" \/>\n\t<meta property=\"og:image:height\" content=\"550\" \/>\n\t<meta property=\"og:image:type\" content=\"image\/jpeg\" \/>\n<meta name=\"twitter:card\" content=\"summary_large_image\" \/>\n<script type=\"application\/ld+json\" class=\"yoast-schema-graph\">{\"@context\":\"https:\/\/schema.org\",\"@graph\":[{\"@type\":\"WebPage\",\"@id\":\"https:\/\/www.bagnoitalia.com\/de\/produkt\/duschwanne-aus-harz-marmor-3-cm-mit-siphon-ablauf-in-6-farben-auch-nach-mas-4.html\",\"url\":\"https:\/\/www.bagnoitalia.com\/de\/produkt\/duschwanne-aus-harz-marmor-3-cm-mit-siphon-ablauf-in-6-farben-auch-nach-mas-4.html\",\"name\":\"3-cm-Kunstharz-Marmor-Duschwanne mit Siphon-Ablauf in 6 Farben und verschiedenen Gr\u00f6\u00dfen in Schieferoptik\",\"isPartOf\":{\"@id\":\"https:\/\/www.bagnoitalia.com\/de#website\"},\"primaryImageOfPage\":{\"@id\":\"https:\/\/www.bagnoitalia.com\/de\/produkt\/duschwanne-aus-harz-marmor-3-cm-mit-siphon-ablauf-in-6-farben-auch-nach-mas-4.html#primaryimage\"},\"image\":{\"@id\":\"https:\/\/www.bagnoitalia.com\/de\/produkt\/duschwanne-aus-harz-marmor-3-cm-mit-siphon-ablauf-in-6-farben-auch-nach-mas-4.html#primaryimage\"},\"thumbnailUrl\":\"https:\/\/img.bagnoitalia.com\/wp-content\/uploads\/virtuemart\/product\/glasstone-shower-tray-made-in-many-sizes-pa017-651_1545055549_538.jpg\",\"datePublished\":\"2018-12-17T13:02:47+00:00\",\"description\":\"Die Duschwanne besteht aus Marmorharz, wodurch ein Relief entsteht, das die Oberfl\u00e4che rutschfest macht. Sie ist in Wei\u00df, Beige, Anthrazit, Chrom, Schokolade und Taubengrau erh\u00e4ltlich. In verschiedenen Gr\u00f6\u00dfen hergestellt.\",\"breadcrumb\":{\"@id\":\"https:\/\/www.bagnoitalia.com\/de\/produkt\/duschwanne-aus-harz-marmor-3-cm-mit-siphon-ablauf-in-6-farben-auch-nach-mas-4.html#breadcrumb\"},\"inLanguage\":\"de\",\"potentialAction\":[{\"@type\":\"ReadAction\",\"target\":[\"https:\/\/www.bagnoitalia.com\/de\/produkt\/duschwanne-aus-harz-marmor-3-cm-mit-siphon-ablauf-in-6-farben-auch-nach-mas-4.html\"]}]},{\"@type\":\"ImageObject\",\"inLanguage\":\"de\",\"@id\":\"https:\/\/www.bagnoitalia.com\/de\/produkt\/duschwanne-aus-harz-marmor-3-cm-mit-siphon-ablauf-in-6-farben-auch-nach-mas-4.html#primaryimage\",\"url\":\"https:\/\/img.bagnoitalia.com\/wp-content\/uploads\/virtuemart\/product\/glasstone-shower-tray-made-in-many-sizes-pa017-651_1545055549_538.jpg\",\"contentUrl\":\"https:\/\/img.bagnoitalia.com\/wp-content\/uploads\/virtuemart\/product\/glasstone-shower-tray-made-in-many-sizes-pa017-651_1545055549_538.jpg\",\"width\":550,\"height\":550},{\"@type\":\"BreadcrumbList\",\"@id\":\"https:\/\/www.bagnoitalia.com\/de\/produkt\/duschwanne-aus-harz-marmor-3-cm-mit-siphon-ablauf-in-6-farben-auch-nach-mas-4.html#breadcrumb\",\"itemListElement\":[{\"@type\":\"ListItem\",\"position\":1,\"name\":\"Home\",\"item\":\"https:\/\/www.bagnoitalia.com\/de\"},{\"@type\":\"ListItem\",\"position\":2,\"name\":\"Produkte\",\"item\":\"https:\/\/www.bagnoitalia.com\/de\/shop\"},{\"@type\":\"ListItem\",\"position\":3,\"name\":\"Duschplatte aus Glasstone, in 3 Farben und verschiedenen Gr\u00f6\u00dfen\"}]},{\"@type\":\"WebSite\",\"@id\":\"https:\/\/www.bagnoitalia.com\/de#website\",\"url\":\"https:\/\/www.bagnoitalia.com\/de\",\"name\":\"Bagno Italia\",\"description\":\"\",\"publisher\":{\"@id\":\"https:\/\/www.bagnoitalia.com\/de#organization\"},\"potentialAction\":[{\"@type\":\"SearchAction\",\"target\":{\"@type\":\"EntryPoint\",\"urlTemplate\":\"https:\/\/www.bagnoitalia.com\/de?s={search_term_string}\"},\"query-input\":{\"@type\":\"PropertyValueSpecification\",\"valueRequired\":true,\"valueName\":\"search_term_string\"}}],\"inLanguage\":\"de\"},{\"@type\":\"Organization\",\"@id\":\"https:\/\/www.bagnoitalia.com\/de#organization\",\"name\":\"Bagno Italia\",\"url\":\"https:\/\/www.bagnoitalia.com\/de\",\"logo\":{\"@type\":\"ImageObject\",\"inLanguage\":\"de\",\"@id\":\"https:\/\/www.bagnoitalia.com\/de#\/schema\/logo\/image\/\",\"url\":\"https:\/\/img.bagnoitalia.com\/wp-content\/uploads\/logo-bagnoitalia.webp\",\"contentUrl\":\"https:\/\/img.bagnoitalia.com\/wp-content\/uploads\/logo-bagnoitalia.webp\",\"width\":400,\"height\":70,\"caption\":\"Bagno Italia\"},\"image\":{\"@id\":\"https:\/\/www.bagnoitalia.com\/de#\/schema\/logo\/image\/\"}}]}<\/script>\n<!-- \/ Yoast SEO plugin. -->","yoast_head_json":{"title":"3-cm-Kunstharz-Marmor-Duschwanne mit Siphon-Ablauf in 6 Farben und verschiedenen Gr\u00f6\u00dfen in Schieferoptik","description":"Die Duschwanne besteht aus Marmorharz, wodurch ein Relief entsteht, das die Oberfl\u00e4che rutschfest macht. Sie ist in Wei\u00df, Beige, Anthrazit, Chrom, Schokolade und Taubengrau erh\u00e4ltlich. In verschiedenen Gr\u00f6\u00dfen hergestellt.","robots":{"index":"index","follow":"follow","max-snippet":"max-snippet:-1","max-image-preview":"max-image-preview:large","max-video-preview":"max-video-preview:-1"},"canonical":"https:\/\/www.bagnoitalia.com\/de\/produkt\/duschwanne-aus-harz-marmor-3-cm-mit-siphon-ablauf-in-6-farben-auch-nach-mas-4.html","og_locale":"de_DE","og_type":"article","og_title":"3-cm-Kunstharz-Marmor-Duschwanne mit Siphon-Ablauf in 6 Farben und verschiedenen Gr\u00f6\u00dfen in Schieferoptik","og_description":"Die Duschwanne besteht aus Marmorharz, wodurch ein Relief entsteht, das die Oberfl\u00e4che rutschfest macht. Sie ist in Wei\u00df, Beige, Anthrazit, Chrom, Schokolade und Taubengrau erh\u00e4ltlich. In verschiedenen Gr\u00f6\u00dfen hergestellt.","og_url":"https:\/\/www.bagnoitalia.com\/de\/produkt\/duschwanne-aus-harz-marmor-3-cm-mit-siphon-ablauf-in-6-farben-auch-nach-mas-4.html","og_site_name":"Bagno Italia","og_image":[{"width":550,"height":550,"url":"https:\/\/img.bagnoitalia.com\/wp-content\/uploads\/virtuemart\/product\/glasstone-shower-tray-made-in-many-sizes-pa017-651_1545055549_538.jpg","type":"image\/jpeg"}],"twitter_card":"summary_large_image","schema":{"@context":"https:\/\/schema.org","@graph":[{"@type":"WebPage","@id":"https:\/\/www.bagnoitalia.com\/de\/produkt\/duschwanne-aus-harz-marmor-3-cm-mit-siphon-ablauf-in-6-farben-auch-nach-mas-4.html","url":"https:\/\/www.bagnoitalia.com\/de\/produkt\/duschwanne-aus-harz-marmor-3-cm-mit-siphon-ablauf-in-6-farben-auch-nach-mas-4.html","name":"3-cm-Kunstharz-Marmor-Duschwanne mit Siphon-Ablauf in 6 Farben und verschiedenen Gr\u00f6\u00dfen in Schieferoptik","isPartOf":{"@id":"https:\/\/www.bagnoitalia.com\/de#website"},"primaryImageOfPage":{"@id":"https:\/\/www.bagnoitalia.com\/de\/produkt\/duschwanne-aus-harz-marmor-3-cm-mit-siphon-ablauf-in-6-farben-auch-nach-mas-4.html#primaryimage"},"image":{"@id":"https:\/\/www.bagnoitalia.com\/de\/produkt\/duschwanne-aus-harz-marmor-3-cm-mit-siphon-ablauf-in-6-farben-auch-nach-mas-4.html#primaryimage"},"thumbnailUrl":"https:\/\/img.bagnoitalia.com\/wp-content\/uploads\/virtuemart\/product\/glasstone-shower-tray-made-in-many-sizes-pa017-651_1545055549_538.jpg","datePublished":"2018-12-17T13:02:47+00:00","description":"Die Duschwanne besteht aus Marmorharz, wodurch ein Relief entsteht, das die Oberfl\u00e4che rutschfest macht. Sie ist in Wei\u00df, Beige, Anthrazit, Chrom, Schokolade und Taubengrau erh\u00e4ltlich. In verschiedenen Gr\u00f6\u00dfen hergestellt.","breadcrumb":{"@id":"https:\/\/www.bagnoitalia.com\/de\/produkt\/duschwanne-aus-harz-marmor-3-cm-mit-siphon-ablauf-in-6-farben-auch-nach-mas-4.html#breadcrumb"},"inLanguage":"de","potentialAction":[{"@type":"ReadAction","target":["https:\/\/www.bagnoitalia.com\/de\/produkt\/duschwanne-aus-harz-marmor-3-cm-mit-siphon-ablauf-in-6-farben-auch-nach-mas-4.html"]}]},{"@type":"ImageObject","inLanguage":"de","@id":"https:\/\/www.bagnoitalia.com\/de\/produkt\/duschwanne-aus-harz-marmor-3-cm-mit-siphon-ablauf-in-6-farben-auch-nach-mas-4.html#primaryimage","url":"https:\/\/img.bagnoitalia.com\/wp-content\/uploads\/virtuemart\/product\/glasstone-shower-tray-made-in-many-sizes-pa017-651_1545055549_538.jpg","contentUrl":"https:\/\/img.bagnoitalia.com\/wp-content\/uploads\/virtuemart\/product\/glasstone-shower-tray-made-in-many-sizes-pa017-651_1545055549_538.jpg","width":550,"height":550},{"@type":"BreadcrumbList","@id":"https:\/\/www.bagnoitalia.com\/de\/produkt\/duschwanne-aus-harz-marmor-3-cm-mit-siphon-ablauf-in-6-farben-auch-nach-mas-4.html#breadcrumb","itemListElement":[{"@type":"ListItem","position":1,"name":"Home","item":"https:\/\/www.bagnoitalia.com\/de"},{"@type":"ListItem","position":2,"name":"Produkte","item":"https:\/\/www.bagnoitalia.com\/de\/shop"},{"@type":"ListItem","position":3,"name":"Duschplatte aus Glasstone, in 3 Farben und verschiedenen Gr\u00f6\u00dfen"}]},{"@type":"WebSite","@id":"https:\/\/www.bagnoitalia.com\/de#website","url":"https:\/\/www.bagnoitalia.com\/de","name":"Bagno Italia","description":"","publisher":{"@id":"https:\/\/www.bagnoitalia.com\/de#organization"},"potentialAction":[{"@type":"SearchAction","target":{"@type":"EntryPoint","urlTemplate":"https:\/\/www.bagnoitalia.com\/de?s={search_term_string}"},"query-input":{"@type":"PropertyValueSpecification","valueRequired":true,"valueName":"search_term_string"}}],"inLanguage":"de"},{"@type":"Organization","@id":"https:\/\/www.bagnoitalia.com\/de#organization","name":"Bagno Italia","url":"https:\/\/www.bagnoitalia.com\/de","logo":{"@type":"ImageObject","inLanguage":"de","@id":"https:\/\/www.bagnoitalia.com\/de#\/schema\/logo\/image\/","url":"https:\/\/img.bagnoitalia.com\/wp-content\/uploads\/logo-bagnoitalia.webp","contentUrl":"https:\/\/img.bagnoitalia.com\/wp-content\/uploads\/logo-bagnoitalia.webp","width":400,"height":70,"caption":"Bagno Italia"},"image":{"@id":"https:\/\/www.bagnoitalia.com\/de#\/schema\/logo\/image\/"}}]}},"_links":{"self":[{"href":"https:\/\/www.bagnoitalia.com\/de\/wp-json\/wp\/v2\/product\/81147","targetHints":{"allow":["GET"]}}],"collection":[{"href":"https:\/\/www.bagnoitalia.com\/de\/wp-json\/wp\/v2\/product"}],"about":[{"href":"https:\/\/www.bagnoitalia.com\/de\/wp-json\/wp\/v2\/types\/product"}],"replies":[{"embeddable":true,"href":"https:\/\/www.bagnoitalia.com\/de\/wp-json\/wp\/v2\/comments?post=81147"}],"version-history":[{"count":0,"href":"https:\/\/www.bagnoitalia.com\/de\/wp-json\/wp\/v2\/product\/81147\/revisions"}],"wp:featuredmedia":[{"embeddable":true,"href":"https:\/\/www.bagnoitalia.com\/de\/wp-json\/wp\/v2\/media\/41586"}],"wp:attachment":[{"href":"https:\/\/www.bagnoitalia.com\/de\/wp-json\/wp\/v2\/media?parent=81147"}],"wp:term":[{"taxonomy":"product_brand","embeddable":true,"href":"https:\/\/www.bagnoitalia.com\/de\/wp-json\/wp\/v2\/product_brand?post=81147"},{"taxonomy":"product_cat","embeddable":true,"href":"https:\/\/www.bagnoitalia.com\/de\/wp-json\/wp\/v2\/product_cat?post=81147"},{"taxonomy":"product_tag","embeddable":true,"href":"https:\/\/www.bagnoitalia.com\/de\/wp-json\/wp\/v2\/product_tag?post=81147"}],"curies":[{"name":"wp","href":"https:\/\/api.w.org\/{rel}","templated":true}]}}