{"id":81143,"date":"2018-12-14T15:59:53","date_gmt":"2018-12-14T14:59:53","guid":{"rendered":"https:\/\/www.bagnoitalia.com\/product\/hydromassagekabine-mit-80x80-oder-90x90-halbrundem-multifunktions-bluetooth-und-sauna-einschlieslich-cb061-1"},"modified":"2025-04-22T14:38:48","modified_gmt":"2025-04-22T12:38:48","slug":"hydromassagekabine-mit-80x80-oder-90x90-halbrundem-multifunktions-bluetooth-und-sauna-einschlieslich-cb061-1","status":"publish","type":"product","link":"https:\/\/www.bagnoitalia.com\/de\/produkt\/hydromassagekabine-mit-80x80-oder-90x90-halbrundem-multifunktions-bluetooth-und-sauna-einschlieslich-cb061-1.html","title":{"rendered":"Hydromassagekabine, 80&#215;80 oder 90x90cm, halbrund, multifunktional, mit Bluetooth und Dampfbad CB064"},"content":{"rendered":"<p style=\"line-height: normal; margin: 0cm 0cm 10pt; text-align: justify;\" align=\"center\"><span style=\"font-size: 10pt;\"><strong><span style=\"font-family: 'Times New Roman', 'serif';\"><strong><span style=\"font-family: 'Times New Roman', 'serif';\"><span style=\"font-family: 'Times New Roman';\"><strong><span style=\"font-family: 'Times New Roman', 'serif';\"><strong><span style=\"font-family: 'Times New Roman', 'serif';\"><span style=\"font-family: 'Arial';\"><span style=\"text-decoration: underline;\"><span style=\"font-size: 12pt;\">Halbrunde Hydromassagekabine mit Badewanne, Modell CB064<\/span><\/span><br \/>\n<\/span><\/span><\/strong><\/span><\/strong><\/span><\/span><\/strong><\/span><\/strong><\/span><\/p>\n<p>&nbsp;<\/p>\n<p><span style=\"text-decoration: underline;\">Eigenschaften:<\/span><\/p>\n<p>Kabine mit Badewanne: 80&#215;80 oder 90x90cm<\/p>\n<p>H\u00f6he: 210cm<\/p>\n<p>Wanne: ABS, rutschfester Boden<\/p>\n<p>6,5mm dickes, geh\u00e4rtetes und gef\u00e4rbtes Glas<\/p>\n<p>Hydromassage-S\u00e4ule mit 6 D\u00fcsen<\/p>\n<p>Bluetooth<\/p>\n<p>Dampfbad<\/p>\n<p>Ozontherapie<\/p>\n<p>UKW-Radio<\/p>\n<p>Bedienfeld mit Touchscreen<\/p>\n<p>Dach mit zentralem Duschkopf<\/p>\n<p>Farbtherapie<\/p>\n<p>Flaschenhalter<\/p>\n<p>Handtuchhalter<\/p>\n<p>Thermostatmischer<\/p>\n<p>Spiegel<\/p>\n<p>Fu\u00dfmassage<\/p>\n<p>LED-R\u00fcckenleuchten<\/p>\n<div>\n<p>Anrufentgegennahmem\u00f6glichkeit<\/p>\n<\/div>\n<p>Lautsprecherboxen<\/p>\n<p>&nbsp;<\/p>\n<p>&nbsp;<\/p>\n","protected":false},"excerpt":{"rendered":"<p>CB061 Hydromassagekabine in zwei Gr\u00f6\u00dfen erh\u00e4ltlich. T\u00fcren aus Rauchglas. Produkt mit Badewanne, Bluetooth, FM-Radio und Fu\u00dfmassage.<\/p>\n","protected":false},"featured_media":41538,"comment_status":"open","ping_status":"closed","template":"","meta":[],"product_brand":[5021],"product_cat":[9736],"product_tag":[],"class_list":{"0":"post-81143","1":"product","2":"type-product","3":"status-publish","4":"has-post-thumbnail","6":"product_brand-predator-arredo-casa","7":"product_cat-whirlpool-duschkabine","9":"first","10":"instock","11":"sale","12":"taxable","13":"shipping-taxable","14":"purchasable","15":"product-type-simple"},"exclude_global_add_ons":false,"addons":[{"name":"Typologie","type":"multiple_choice","position":0,"required":true,"title_format":"heading","default":"","description_enable":false,"description":"","placeholder_enable":false,"placeholder":"","display":"select","restrictions_type":"any_text","adjust_price":false,"price":"","price_type":"flat_fee","restrictions":false,"min":"0","max":"0","options":[{"label":"120x85 standard","price":"","price_type":"quantity_based","image":0,"visibility":true},{"label":"120x85 mit Dampfbad","price":"410","price_type":"quantity_based","image":0,"visibility":true},{"label":"(Nicht verf\u00fcgbar) 150x85 standard","price":"90","price_type":"quantity_based","image":0,"visibility":true},{"label":"150x85 mit Dampfbad und Hydromassagewanne","price":"780","price_type":"quantity_based","image":0,"visibility":true},{"label":"(Nicht verf\u00fcgbar)170x85 standard","price":"180","price_type":"quantity_based","image":0,"visibility":true},{"label":"170x85 mit Dampfbad und Hydromassagewanne","price":"865","price_type":"quantity_based","image":0,"visibility":true}],"id":1716462557}],"yoast_head":"<!-- This site is optimized with the Yoast SEO plugin v26.7 - https:\/\/yoast.com\/wordpress\/plugins\/seo\/ -->\n<title>Kabine und Whirlpool 80x80 oder 90x90 mit Bluetooth-Farbtherapie-Saunafunktion<\/title>\n<meta name=\"description\" content=\"Whirlpool-Box in zwei Gr\u00f6\u00dfen erh\u00e4ltlich H\u00f6he 210 cm Rauchglas mit Badewanne mit Bluetooth-Verbindung FM-Fu\u00dfmassage\" \/>\n<meta name=\"robots\" content=\"index, follow, max-snippet:-1, max-image-preview:large, max-video-preview:-1\" \/>\n<link rel=\"canonical\" href=\"https:\/\/www.bagnoitalia.com\/de\/produkt\/hydromassagekabine-mit-80x80-oder-90x90-halbrundem-multifunktions-bluetooth-und-sauna-einschlieslich-cb061-1.html\" \/>\n<meta property=\"og:locale\" content=\"de_DE\" \/>\n<meta property=\"og:type\" content=\"article\" \/>\n<meta property=\"og:title\" content=\"Kabine und Whirlpool 80x80 oder 90x90 mit Bluetooth-Farbtherapie-Saunafunktion\" \/>\n<meta property=\"og:description\" content=\"Whirlpool-Box in zwei Gr\u00f6\u00dfen erh\u00e4ltlich H\u00f6he 210 cm Rauchglas mit Badewanne mit Bluetooth-Verbindung FM-Fu\u00dfmassage\" \/>\n<meta property=\"og:url\" content=\"https:\/\/www.bagnoitalia.com\/de\/produkt\/hydromassagekabine-mit-80x80-oder-90x90-halbrundem-multifunktions-bluetooth-und-sauna-einschlieslich-cb061-1.html\" \/>\n<meta property=\"og:site_name\" content=\"Bagno Italia\" \/>\n<meta property=\"article:modified_time\" content=\"2025-04-22T12:38:48+00:00\" \/>\n<meta property=\"og:image\" content=\"https:\/\/img.bagnoitalia.com\/wp-content\/uploads\/virtuemart\/product\/Hydromassage-shower-cabin-cb064-11111_1547654603_5381.jpg\" \/>\n\t<meta property=\"og:image:width\" content=\"420\" \/>\n\t<meta property=\"og:image:height\" content=\"420\" \/>\n\t<meta property=\"og:image:type\" content=\"image\/jpeg\" \/>\n<meta name=\"twitter:card\" content=\"summary_large_image\" \/>\n<meta name=\"twitter:label1\" content=\"Gesch\u00e4tzte Lesezeit\" \/>\n\t<meta name=\"twitter:data1\" content=\"1\u00a0Minute\" \/>\n<script type=\"application\/ld+json\" class=\"yoast-schema-graph\">{\"@context\":\"https:\/\/schema.org\",\"@graph\":[{\"@type\":\"WebPage\",\"@id\":\"https:\/\/www.bagnoitalia.com\/de\/produkt\/hydromassagekabine-mit-80x80-oder-90x90-halbrundem-multifunktions-bluetooth-und-sauna-einschlieslich-cb061-1.html\",\"url\":\"https:\/\/www.bagnoitalia.com\/de\/produkt\/hydromassagekabine-mit-80x80-oder-90x90-halbrundem-multifunktions-bluetooth-und-sauna-einschlieslich-cb061-1.html\",\"name\":\"Kabine und Whirlpool 80x80 oder 90x90 mit Bluetooth-Farbtherapie-Saunafunktion\",\"isPartOf\":{\"@id\":\"https:\/\/www.bagnoitalia.com\/de#website\"},\"primaryImageOfPage\":{\"@id\":\"https:\/\/www.bagnoitalia.com\/de\/produkt\/hydromassagekabine-mit-80x80-oder-90x90-halbrundem-multifunktions-bluetooth-und-sauna-einschlieslich-cb061-1.html#primaryimage\"},\"image\":{\"@id\":\"https:\/\/www.bagnoitalia.com\/de\/produkt\/hydromassagekabine-mit-80x80-oder-90x90-halbrundem-multifunktions-bluetooth-und-sauna-einschlieslich-cb061-1.html#primaryimage\"},\"thumbnailUrl\":\"https:\/\/img.bagnoitalia.com\/wp-content\/uploads\/virtuemart\/product\/Hydromassage-shower-cabin-cb064-11111_1547654603_5381.jpg\",\"datePublished\":\"2018-12-14T14:59:53+00:00\",\"dateModified\":\"2025-04-22T12:38:48+00:00\",\"description\":\"Whirlpool-Box in zwei Gr\u00f6\u00dfen erh\u00e4ltlich H\u00f6he 210 cm Rauchglas mit Badewanne mit Bluetooth-Verbindung FM-Fu\u00dfmassage\",\"breadcrumb\":{\"@id\":\"https:\/\/www.bagnoitalia.com\/de\/produkt\/hydromassagekabine-mit-80x80-oder-90x90-halbrundem-multifunktions-bluetooth-und-sauna-einschlieslich-cb061-1.html#breadcrumb\"},\"inLanguage\":\"de\",\"potentialAction\":[{\"@type\":\"ReadAction\",\"target\":[\"https:\/\/www.bagnoitalia.com\/de\/produkt\/hydromassagekabine-mit-80x80-oder-90x90-halbrundem-multifunktions-bluetooth-und-sauna-einschlieslich-cb061-1.html\"]}]},{\"@type\":\"ImageObject\",\"inLanguage\":\"de\",\"@id\":\"https:\/\/www.bagnoitalia.com\/de\/produkt\/hydromassagekabine-mit-80x80-oder-90x90-halbrundem-multifunktions-bluetooth-und-sauna-einschlieslich-cb061-1.html#primaryimage\",\"url\":\"https:\/\/img.bagnoitalia.com\/wp-content\/uploads\/virtuemart\/product\/Hydromassage-shower-cabin-cb064-11111_1547654603_5381.jpg\",\"contentUrl\":\"https:\/\/img.bagnoitalia.com\/wp-content\/uploads\/virtuemart\/product\/Hydromassage-shower-cabin-cb064-11111_1547654603_5381.jpg\",\"width\":420,\"height\":420},{\"@type\":\"BreadcrumbList\",\"@id\":\"https:\/\/www.bagnoitalia.com\/de\/produkt\/hydromassagekabine-mit-80x80-oder-90x90-halbrundem-multifunktions-bluetooth-und-sauna-einschlieslich-cb061-1.html#breadcrumb\",\"itemListElement\":[{\"@type\":\"ListItem\",\"position\":1,\"name\":\"Home\",\"item\":\"https:\/\/www.bagnoitalia.com\/de\"},{\"@type\":\"ListItem\",\"position\":2,\"name\":\"Produkte\",\"item\":\"https:\/\/www.bagnoitalia.com\/de\/shop\"},{\"@type\":\"ListItem\",\"position\":3,\"name\":\"Hydromassagekabine, 80&#215;80 oder 90x90cm, halbrund, multifunktional, mit Bluetooth und Dampfbad CB064\"}]},{\"@type\":\"WebSite\",\"@id\":\"https:\/\/www.bagnoitalia.com\/de#website\",\"url\":\"https:\/\/www.bagnoitalia.com\/de\",\"name\":\"Bagno Italia\",\"description\":\"\",\"publisher\":{\"@id\":\"https:\/\/www.bagnoitalia.com\/de#organization\"},\"potentialAction\":[{\"@type\":\"SearchAction\",\"target\":{\"@type\":\"EntryPoint\",\"urlTemplate\":\"https:\/\/www.bagnoitalia.com\/de?s={search_term_string}\"},\"query-input\":{\"@type\":\"PropertyValueSpecification\",\"valueRequired\":true,\"valueName\":\"search_term_string\"}}],\"inLanguage\":\"de\"},{\"@type\":\"Organization\",\"@id\":\"https:\/\/www.bagnoitalia.com\/de#organization\",\"name\":\"Bagno Italia\",\"url\":\"https:\/\/www.bagnoitalia.com\/de\",\"logo\":{\"@type\":\"ImageObject\",\"inLanguage\":\"de\",\"@id\":\"https:\/\/www.bagnoitalia.com\/de#\/schema\/logo\/image\/\",\"url\":\"https:\/\/img.bagnoitalia.com\/wp-content\/uploads\/logo-bagnoitalia.webp\",\"contentUrl\":\"https:\/\/img.bagnoitalia.com\/wp-content\/uploads\/logo-bagnoitalia.webp\",\"width\":400,\"height\":70,\"caption\":\"Bagno Italia\"},\"image\":{\"@id\":\"https:\/\/www.bagnoitalia.com\/de#\/schema\/logo\/image\/\"}}]}<\/script>\n<!-- \/ Yoast SEO plugin. -->","yoast_head_json":{"title":"Kabine und Whirlpool 80x80 oder 90x90 mit Bluetooth-Farbtherapie-Saunafunktion","description":"Whirlpool-Box in zwei Gr\u00f6\u00dfen erh\u00e4ltlich H\u00f6he 210 cm Rauchglas mit Badewanne mit Bluetooth-Verbindung FM-Fu\u00dfmassage","robots":{"index":"index","follow":"follow","max-snippet":"max-snippet:-1","max-image-preview":"max-image-preview:large","max-video-preview":"max-video-preview:-1"},"canonical":"https:\/\/www.bagnoitalia.com\/de\/produkt\/hydromassagekabine-mit-80x80-oder-90x90-halbrundem-multifunktions-bluetooth-und-sauna-einschlieslich-cb061-1.html","og_locale":"de_DE","og_type":"article","og_title":"Kabine und Whirlpool 80x80 oder 90x90 mit Bluetooth-Farbtherapie-Saunafunktion","og_description":"Whirlpool-Box in zwei Gr\u00f6\u00dfen erh\u00e4ltlich H\u00f6he 210 cm Rauchglas mit Badewanne mit Bluetooth-Verbindung FM-Fu\u00dfmassage","og_url":"https:\/\/www.bagnoitalia.com\/de\/produkt\/hydromassagekabine-mit-80x80-oder-90x90-halbrundem-multifunktions-bluetooth-und-sauna-einschlieslich-cb061-1.html","og_site_name":"Bagno Italia","article_modified_time":"2025-04-22T12:38:48+00:00","og_image":[{"width":420,"height":420,"url":"https:\/\/img.bagnoitalia.com\/wp-content\/uploads\/virtuemart\/product\/Hydromassage-shower-cabin-cb064-11111_1547654603_5381.jpg","type":"image\/jpeg"}],"twitter_card":"summary_large_image","twitter_misc":{"Gesch\u00e4tzte Lesezeit":"1\u00a0Minute"},"schema":{"@context":"https:\/\/schema.org","@graph":[{"@type":"WebPage","@id":"https:\/\/www.bagnoitalia.com\/de\/produkt\/hydromassagekabine-mit-80x80-oder-90x90-halbrundem-multifunktions-bluetooth-und-sauna-einschlieslich-cb061-1.html","url":"https:\/\/www.bagnoitalia.com\/de\/produkt\/hydromassagekabine-mit-80x80-oder-90x90-halbrundem-multifunktions-bluetooth-und-sauna-einschlieslich-cb061-1.html","name":"Kabine und Whirlpool 80x80 oder 90x90 mit Bluetooth-Farbtherapie-Saunafunktion","isPartOf":{"@id":"https:\/\/www.bagnoitalia.com\/de#website"},"primaryImageOfPage":{"@id":"https:\/\/www.bagnoitalia.com\/de\/produkt\/hydromassagekabine-mit-80x80-oder-90x90-halbrundem-multifunktions-bluetooth-und-sauna-einschlieslich-cb061-1.html#primaryimage"},"image":{"@id":"https:\/\/www.bagnoitalia.com\/de\/produkt\/hydromassagekabine-mit-80x80-oder-90x90-halbrundem-multifunktions-bluetooth-und-sauna-einschlieslich-cb061-1.html#primaryimage"},"thumbnailUrl":"https:\/\/img.bagnoitalia.com\/wp-content\/uploads\/virtuemart\/product\/Hydromassage-shower-cabin-cb064-11111_1547654603_5381.jpg","datePublished":"2018-12-14T14:59:53+00:00","dateModified":"2025-04-22T12:38:48+00:00","description":"Whirlpool-Box in zwei Gr\u00f6\u00dfen erh\u00e4ltlich H\u00f6he 210 cm Rauchglas mit Badewanne mit Bluetooth-Verbindung FM-Fu\u00dfmassage","breadcrumb":{"@id":"https:\/\/www.bagnoitalia.com\/de\/produkt\/hydromassagekabine-mit-80x80-oder-90x90-halbrundem-multifunktions-bluetooth-und-sauna-einschlieslich-cb061-1.html#breadcrumb"},"inLanguage":"de","potentialAction":[{"@type":"ReadAction","target":["https:\/\/www.bagnoitalia.com\/de\/produkt\/hydromassagekabine-mit-80x80-oder-90x90-halbrundem-multifunktions-bluetooth-und-sauna-einschlieslich-cb061-1.html"]}]},{"@type":"ImageObject","inLanguage":"de","@id":"https:\/\/www.bagnoitalia.com\/de\/produkt\/hydromassagekabine-mit-80x80-oder-90x90-halbrundem-multifunktions-bluetooth-und-sauna-einschlieslich-cb061-1.html#primaryimage","url":"https:\/\/img.bagnoitalia.com\/wp-content\/uploads\/virtuemart\/product\/Hydromassage-shower-cabin-cb064-11111_1547654603_5381.jpg","contentUrl":"https:\/\/img.bagnoitalia.com\/wp-content\/uploads\/virtuemart\/product\/Hydromassage-shower-cabin-cb064-11111_1547654603_5381.jpg","width":420,"height":420},{"@type":"BreadcrumbList","@id":"https:\/\/www.bagnoitalia.com\/de\/produkt\/hydromassagekabine-mit-80x80-oder-90x90-halbrundem-multifunktions-bluetooth-und-sauna-einschlieslich-cb061-1.html#breadcrumb","itemListElement":[{"@type":"ListItem","position":1,"name":"Home","item":"https:\/\/www.bagnoitalia.com\/de"},{"@type":"ListItem","position":2,"name":"Produkte","item":"https:\/\/www.bagnoitalia.com\/de\/shop"},{"@type":"ListItem","position":3,"name":"Hydromassagekabine, 80&#215;80 oder 90x90cm, halbrund, multifunktional, mit Bluetooth und Dampfbad CB064"}]},{"@type":"WebSite","@id":"https:\/\/www.bagnoitalia.com\/de#website","url":"https:\/\/www.bagnoitalia.com\/de","name":"Bagno Italia","description":"","publisher":{"@id":"https:\/\/www.bagnoitalia.com\/de#organization"},"potentialAction":[{"@type":"SearchAction","target":{"@type":"EntryPoint","urlTemplate":"https:\/\/www.bagnoitalia.com\/de?s={search_term_string}"},"query-input":{"@type":"PropertyValueSpecification","valueRequired":true,"valueName":"search_term_string"}}],"inLanguage":"de"},{"@type":"Organization","@id":"https:\/\/www.bagnoitalia.com\/de#organization","name":"Bagno Italia","url":"https:\/\/www.bagnoitalia.com\/de","logo":{"@type":"ImageObject","inLanguage":"de","@id":"https:\/\/www.bagnoitalia.com\/de#\/schema\/logo\/image\/","url":"https:\/\/img.bagnoitalia.com\/wp-content\/uploads\/logo-bagnoitalia.webp","contentUrl":"https:\/\/img.bagnoitalia.com\/wp-content\/uploads\/logo-bagnoitalia.webp","width":400,"height":70,"caption":"Bagno Italia"},"image":{"@id":"https:\/\/www.bagnoitalia.com\/de#\/schema\/logo\/image\/"}}]}},"_links":{"self":[{"href":"https:\/\/www.bagnoitalia.com\/de\/wp-json\/wp\/v2\/product\/81143","targetHints":{"allow":["GET"]}}],"collection":[{"href":"https:\/\/www.bagnoitalia.com\/de\/wp-json\/wp\/v2\/product"}],"about":[{"href":"https:\/\/www.bagnoitalia.com\/de\/wp-json\/wp\/v2\/types\/product"}],"replies":[{"embeddable":true,"href":"https:\/\/www.bagnoitalia.com\/de\/wp-json\/wp\/v2\/comments?post=81143"}],"version-history":[{"count":2,"href":"https:\/\/www.bagnoitalia.com\/de\/wp-json\/wp\/v2\/product\/81143\/revisions"}],"predecessor-version":[{"id":95115,"href":"https:\/\/www.bagnoitalia.com\/de\/wp-json\/wp\/v2\/product\/81143\/revisions\/95115"}],"wp:featuredmedia":[{"embeddable":true,"href":"https:\/\/www.bagnoitalia.com\/de\/wp-json\/wp\/v2\/media\/41538"}],"wp:attachment":[{"href":"https:\/\/www.bagnoitalia.com\/de\/wp-json\/wp\/v2\/media?parent=81143"}],"wp:term":[{"taxonomy":"product_brand","embeddable":true,"href":"https:\/\/www.bagnoitalia.com\/de\/wp-json\/wp\/v2\/product_brand?post=81143"},{"taxonomy":"product_cat","embeddable":true,"href":"https:\/\/www.bagnoitalia.com\/de\/wp-json\/wp\/v2\/product_cat?post=81143"},{"taxonomy":"product_tag","embeddable":true,"href":"https:\/\/www.bagnoitalia.com\/de\/wp-json\/wp\/v2\/product_tag?post=81143"}],"curies":[{"name":"wp","href":"https:\/\/api.w.org\/{rel}","templated":true}]}}