{"id":81119,"date":"2018-12-13T17:04:58","date_gmt":"2018-12-13T16:04:58","guid":{"rendered":"https:\/\/www.bagnoitalia.com\/product\/duschwanne-aus-harz-marmor-3-cm-mit-siphon-ablauf-in-6-farben-auch-nach-mas-3"},"modified":"2018-12-13T17:04:58","modified_gmt":"2018-12-13T16:04:58","slug":"duschwanne-aus-harz-marmor-3-cm-mit-siphon-ablauf-in-6-farben-auch-nach-mas-3","status":"publish","type":"product","link":"https:\/\/www.bagnoitalia.com\/de\/produkt\/duschwanne-aus-harz-marmor-3-cm-mit-siphon-ablauf-in-6-farben-auch-nach-mas-3.html","title":{"rendered":"Duschplatte aus Marmorharz, 3cm dick, mit Siphon, in 8 Farben, auch nach Ma\u00df"},"content":{"rendered":"<p style=\"margin-top: 0cm; margin-right: 0cm; margin-bottom: 0.0001pt; background-image: initial; background-position: initial; background-repeat: initial; background-attachment: initial; vertical-align: baseline;\"><span style=\"color: #333333; font-family: Arial,sans-serif; font-size: 12pt;\">Die Duschwanne ist aus <strong>Marmorharz<\/strong> und zeichnet sich durch eine besondere Texturierung aus, die der Oberfl\u00e4che einen eleganten Schiefereffekt verleiht und sie <strong>rutschfest <\/strong>macht.<\/span><\/p>\n<p style=\"margin-top: 0cm; margin-right: 0cm; margin-bottom: 0.0001pt; background-image: initial; background-position: initial; background-repeat: initial; background-attachment: initial; vertical-align: baseline;\"><span style=\"font-size: 12pt; font-family: Arial, sans-serif; color: #333333;\"><\/span><\/p>\n<p><span style=\"font-size: 12pt;\"><\/span><\/p>\n<p><span style=\"font-size: 12pt;\"><strong>Eigenschaften<\/strong><strong><span style=\"font-family: Arial, sans-serif; color: #333333;\">:<\/span><\/strong><\/span><\/p>\n<ul>\n<li><span style=\"font-size: 12pt; font-family: Arial, sans-serif; color: #333333;\">Platte aus <strong>Marmorharz<\/strong><\/span><\/li>\n<\/ul>\n<ul>\n<li><span style=\"font-size: 12pt; font-family: Arial, sans-serif; color: #333333;\">Plattendicke: <strong>3cm<\/strong><\/span><\/li>\n<\/ul>\n<ul>\n<li><span style=\"font-size: 12pt;\"><span style=\"text-decoration: underline;\"><span style=\"font-family: Arial, sans-serif; color: #333333;\">Integriertes<\/span><\/span><span style=\"font-family: Arial, sans-serif; color: #333333;\"> <\/span><span style=\"font-family: Arial, sans-serif; color: #333333;\"><strong>Siphon<\/strong> mit <strong>grauem<\/strong> <strong>Edelstahlgitter<\/strong>&nbsp;<\/span><\/span><\/li>\n<\/ul>\n<ul>\n<li><span style=\"font-size: 12pt; font-family: Arial, sans-serif; color: #333333;\">Farbe: wei\u00df, beige, Anthrazit, Chrom, Schokolade und Taubengrau<\/span><\/li>\n<\/ul>\n<ul>\n<li><span style=\"font-size: 12pt;\"><span style=\"font-family: Arial, sans-serif; color: #333333;\">\u00fcber eine Diamantscheibe vorort ver\u00e4nderbar<\/span><\/span><\/li>\n<\/ul>\n<ul>\n<li><span style=\"font-size: 12pt; font-family: Arial, sans-serif; color: #333333;\"><span style=\"text-decoration: underline;\">leichte <\/span><span style=\"text-decoration: underline;\">Neigung<\/span>, um das Wasser besser abflie\u00dfen zu lassen<\/span><\/li>\n<\/ul>\n<ul>\n<li><span style=\"font-size: 12pt; font-family: Arial, sans-serif; color: #333333;\">perfekt verarbeiteter Rand<\/span><\/li>\n<\/ul>\n<ul>\n<li><span style=\"font-size: 12pt; line-height: 107%; font-family: Arial, sans-serif; color: #333333;\">Einfach und leicht zu reinigen<\/span><\/li>\n<\/ul>\n<ul>\n<li><span style=\"font-size: 12pt; line-height: 107%; font-family: Arial, sans-serif; color: #333333;\">In verschiedenen Gr\u00f6\u00dfen erh\u00e4ltlich<\/span><\/li>\n<\/ul>\n<ul>\n<li><span style=\"font-size: 12pt; line-height: 107%; font-family: Arial, sans-serif; color: #333333;\">Platte aus speziellen Pigmenten hergestellt, die das Vergilben verhindern<\/span><span style=\"font-size: 12pt;\"><strong><span style=\"font-family: Arial, sans-serif; color: #333333;\"><br \/><\/span><\/strong><\/span><\/li>\n<\/ul>\n<div>\n<pre> <span style=\"color: #ff0010; font-family: Arial; font-size: large;\"><span><strong><span style=\"text-decoration: underline;\">Ma\u00dfanfertigung m\u00f6glich, da die Platte geschnitten werden kann.<\/span><\/strong><\/span><\/span><\/pre>\n<\/div>\n<p>&nbsp;<\/p>\n<p style=\"margin-top: 0cm; margin-right: 0cm; margin-bottom: 0.0001pt; background-image: initial; background-position: initial; background-repeat: initial; background-attachment: initial; vertical-align: baseline;\"><span style=\"font-size: 12pt;\"><strong><span style=\"font-family: Arial, sans-serif; color: #333333;\"><span style=\"font-family: Verdana,helvetica,sans-serif;\"><\/span><span style=\"font-size: small;\"><\/span><span style=\"color: #008000;\"><\/span><span style=\"font-family: Verdana,helvetica,sans-serif;\"><\/span><span style=\"font-size: small;\"><\/span>MATERIAL:<\/span><\/strong><\/span><\/p>\n<div>\n<p><span style=\"font-size: 12pt;\">Mischung aus hochwertigem Polyester und Mineralharz aus den Dolomiten.<\/span><\/p>\n<p><span style=\"font-size: 12pt;\">Das Produkt hat eine rutschfeste Oberfl\u00e4che, und zeichnet sich durch seine H\u00e4rte, der angenehmen Haftung und der Widerstandsf\u00e4higkeit gegen \u00e4u\u00dfere Korrosionsmittel aus.<\/span><\/p>\n<\/div>\n<p>&nbsp;<\/p>\n<p>&nbsp;<\/p>\n","protected":false},"excerpt":{"rendered":"<p>Die Duschplatte ist aus Marmorharz und zeichnet sich durch eine besondere Texturierung aus, die der Oberfl\u00e4che einen eleganten Schiefereffekt verleiht und sie rutschfest macht. Das Produkt ist in wei\u00df, beige, Anthrazit, Chrom, Schokolade und taubengrau, sowie in verschiedenen Gr\u00f6\u00dfen erh\u00e4ltlich.<\/p>\n","protected":false},"featured_media":41350,"comment_status":"open","ping_status":"closed","template":"","meta":[],"product_brand":[9880],"product_cat":[15],"product_tag":[],"class_list":{"0":"post-81119","1":"product","2":"type-product","3":"status-publish","4":"has-post-thumbnail","6":"product_brand-vari-produttori-de","7":"product_cat-senza-categoria","9":"first","10":"outofstock","11":"taxable","12":"shipping-taxable","13":"purchasable","14":"product-type-simple"},"exclude_global_add_ons":false,"addons":[{"name":"CAMPI_DIMENSIONI\r\n","type":"select","position":0,"required":true,"title_format":"label","default":"","description_enable":false,"description":"","placeholder_enable":false,"placeholder":"","display":"select","restrictions_type":"any_text","adjust_price":false,"price":"","price_type":"","restrictions":false,"min":"0","max":"0","options":[]},{"name":"CAMPI_COLORE\r\n","type":"select","position":0,"required":true,"title_format":"label","default":"","description_enable":false,"description":"","placeholder_enable":false,"placeholder":"","display":"select","restrictions_type":"any_text","adjust_price":false,"price":"","price_type":"","restrictions":false,"min":"0","max":"0","options":[]}],"yoast_head":"<!-- This site is optimized with the Yoast SEO plugin v26.7 - https:\/\/yoast.com\/wordpress\/plugins\/seo\/ -->\n<title>3-cm-Kunstharz-Marmor-Duschwanne mit Siphon-Ablauf in 6 Farben und verschiedenen Gr\u00f6\u00dfen in Schieferoptik<\/title>\n<meta name=\"description\" content=\"Die Duschwanne besteht aus Marmorharz, wodurch ein Relief entsteht, das die Oberfl\u00e4che rutschfest macht. Sie ist in Wei\u00df, Beige, Anthrazit, Chrom, Schokolade und Taubengrau erh\u00e4ltlich. In verschiedenen Gr\u00f6\u00dfen hergestellt.\" \/>\n<meta name=\"robots\" content=\"index, follow, max-snippet:-1, max-image-preview:large, max-video-preview:-1\" \/>\n<link rel=\"canonical\" href=\"https:\/\/www.bagnoitalia.com\/de\/produkt\/duschwanne-aus-harz-marmor-3-cm-mit-siphon-ablauf-in-6-farben-auch-nach-mas-3.html\" \/>\n<meta property=\"og:locale\" content=\"de_DE\" \/>\n<meta property=\"og:type\" content=\"article\" \/>\n<meta property=\"og:title\" content=\"3-cm-Kunstharz-Marmor-Duschwanne mit Siphon-Ablauf in 6 Farben und verschiedenen Gr\u00f6\u00dfen in Schieferoptik\" \/>\n<meta property=\"og:description\" content=\"Die Duschwanne besteht aus Marmorharz, wodurch ein Relief entsteht, das die Oberfl\u00e4che rutschfest macht. Sie ist in Wei\u00df, Beige, Anthrazit, Chrom, Schokolade und Taubengrau erh\u00e4ltlich. In verschiedenen Gr\u00f6\u00dfen hergestellt.\" \/>\n<meta property=\"og:url\" content=\"https:\/\/www.bagnoitalia.com\/de\/produkt\/duschwanne-aus-harz-marmor-3-cm-mit-siphon-ablauf-in-6-farben-auch-nach-mas-3.html\" \/>\n<meta property=\"og:site_name\" content=\"Bagno Italia\" \/>\n<meta property=\"og:image\" content=\"https:\/\/img.bagnoitalia.com\/wp-content\/uploads\/virtuemart\/product\/marble-resin-shower-tray-with-central-drain-in-8-colors-98_1544720732_751.jpg\" \/>\n\t<meta property=\"og:image:width\" content=\"550\" \/>\n\t<meta property=\"og:image:height\" content=\"550\" \/>\n\t<meta property=\"og:image:type\" content=\"image\/jpeg\" \/>\n<meta name=\"twitter:card\" content=\"summary_large_image\" \/>\n<meta name=\"twitter:label1\" content=\"Gesch\u00e4tzte Lesezeit\" \/>\n\t<meta name=\"twitter:data1\" content=\"1\u00a0Minute\" \/>\n<script type=\"application\/ld+json\" class=\"yoast-schema-graph\">{\"@context\":\"https:\/\/schema.org\",\"@graph\":[{\"@type\":\"WebPage\",\"@id\":\"https:\/\/www.bagnoitalia.com\/de\/produkt\/duschwanne-aus-harz-marmor-3-cm-mit-siphon-ablauf-in-6-farben-auch-nach-mas-3.html\",\"url\":\"https:\/\/www.bagnoitalia.com\/de\/produkt\/duschwanne-aus-harz-marmor-3-cm-mit-siphon-ablauf-in-6-farben-auch-nach-mas-3.html\",\"name\":\"3-cm-Kunstharz-Marmor-Duschwanne mit Siphon-Ablauf in 6 Farben und verschiedenen Gr\u00f6\u00dfen in Schieferoptik\",\"isPartOf\":{\"@id\":\"https:\/\/www.bagnoitalia.com\/de#website\"},\"primaryImageOfPage\":{\"@id\":\"https:\/\/www.bagnoitalia.com\/de\/produkt\/duschwanne-aus-harz-marmor-3-cm-mit-siphon-ablauf-in-6-farben-auch-nach-mas-3.html#primaryimage\"},\"image\":{\"@id\":\"https:\/\/www.bagnoitalia.com\/de\/produkt\/duschwanne-aus-harz-marmor-3-cm-mit-siphon-ablauf-in-6-farben-auch-nach-mas-3.html#primaryimage\"},\"thumbnailUrl\":\"https:\/\/img.bagnoitalia.com\/wp-content\/uploads\/virtuemart\/product\/marble-resin-shower-tray-with-central-drain-in-8-colors-98_1544720732_751.jpg\",\"datePublished\":\"2018-12-13T16:04:58+00:00\",\"description\":\"Die Duschwanne besteht aus Marmorharz, wodurch ein Relief entsteht, das die Oberfl\u00e4che rutschfest macht. Sie ist in Wei\u00df, Beige, Anthrazit, Chrom, Schokolade und Taubengrau erh\u00e4ltlich. In verschiedenen Gr\u00f6\u00dfen hergestellt.\",\"breadcrumb\":{\"@id\":\"https:\/\/www.bagnoitalia.com\/de\/produkt\/duschwanne-aus-harz-marmor-3-cm-mit-siphon-ablauf-in-6-farben-auch-nach-mas-3.html#breadcrumb\"},\"inLanguage\":\"de\",\"potentialAction\":[{\"@type\":\"ReadAction\",\"target\":[\"https:\/\/www.bagnoitalia.com\/de\/produkt\/duschwanne-aus-harz-marmor-3-cm-mit-siphon-ablauf-in-6-farben-auch-nach-mas-3.html\"]}]},{\"@type\":\"ImageObject\",\"inLanguage\":\"de\",\"@id\":\"https:\/\/www.bagnoitalia.com\/de\/produkt\/duschwanne-aus-harz-marmor-3-cm-mit-siphon-ablauf-in-6-farben-auch-nach-mas-3.html#primaryimage\",\"url\":\"https:\/\/img.bagnoitalia.com\/wp-content\/uploads\/virtuemart\/product\/marble-resin-shower-tray-with-central-drain-in-8-colors-98_1544720732_751.jpg\",\"contentUrl\":\"https:\/\/img.bagnoitalia.com\/wp-content\/uploads\/virtuemart\/product\/marble-resin-shower-tray-with-central-drain-in-8-colors-98_1544720732_751.jpg\",\"width\":550,\"height\":550},{\"@type\":\"BreadcrumbList\",\"@id\":\"https:\/\/www.bagnoitalia.com\/de\/produkt\/duschwanne-aus-harz-marmor-3-cm-mit-siphon-ablauf-in-6-farben-auch-nach-mas-3.html#breadcrumb\",\"itemListElement\":[{\"@type\":\"ListItem\",\"position\":1,\"name\":\"Home\",\"item\":\"https:\/\/www.bagnoitalia.com\/de\"},{\"@type\":\"ListItem\",\"position\":2,\"name\":\"Produkte\",\"item\":\"https:\/\/www.bagnoitalia.com\/de\/shop\"},{\"@type\":\"ListItem\",\"position\":3,\"name\":\"Duschplatte aus Marmorharz, 3cm dick, mit Siphon, in 8 Farben, auch nach Ma\u00df\"}]},{\"@type\":\"WebSite\",\"@id\":\"https:\/\/www.bagnoitalia.com\/de#website\",\"url\":\"https:\/\/www.bagnoitalia.com\/de\",\"name\":\"Bagno Italia\",\"description\":\"\",\"publisher\":{\"@id\":\"https:\/\/www.bagnoitalia.com\/de#organization\"},\"potentialAction\":[{\"@type\":\"SearchAction\",\"target\":{\"@type\":\"EntryPoint\",\"urlTemplate\":\"https:\/\/www.bagnoitalia.com\/de?s={search_term_string}\"},\"query-input\":{\"@type\":\"PropertyValueSpecification\",\"valueRequired\":true,\"valueName\":\"search_term_string\"}}],\"inLanguage\":\"de\"},{\"@type\":\"Organization\",\"@id\":\"https:\/\/www.bagnoitalia.com\/de#organization\",\"name\":\"Bagno Italia\",\"url\":\"https:\/\/www.bagnoitalia.com\/de\",\"logo\":{\"@type\":\"ImageObject\",\"inLanguage\":\"de\",\"@id\":\"https:\/\/www.bagnoitalia.com\/de#\/schema\/logo\/image\/\",\"url\":\"https:\/\/img.bagnoitalia.com\/wp-content\/uploads\/logo-bagnoitalia.webp\",\"contentUrl\":\"https:\/\/img.bagnoitalia.com\/wp-content\/uploads\/logo-bagnoitalia.webp\",\"width\":400,\"height\":70,\"caption\":\"Bagno Italia\"},\"image\":{\"@id\":\"https:\/\/www.bagnoitalia.com\/de#\/schema\/logo\/image\/\"}}]}<\/script>\n<!-- \/ Yoast SEO plugin. -->","yoast_head_json":{"title":"3-cm-Kunstharz-Marmor-Duschwanne mit Siphon-Ablauf in 6 Farben und verschiedenen Gr\u00f6\u00dfen in Schieferoptik","description":"Die Duschwanne besteht aus Marmorharz, wodurch ein Relief entsteht, das die Oberfl\u00e4che rutschfest macht. Sie ist in Wei\u00df, Beige, Anthrazit, Chrom, Schokolade und Taubengrau erh\u00e4ltlich. In verschiedenen Gr\u00f6\u00dfen hergestellt.","robots":{"index":"index","follow":"follow","max-snippet":"max-snippet:-1","max-image-preview":"max-image-preview:large","max-video-preview":"max-video-preview:-1"},"canonical":"https:\/\/www.bagnoitalia.com\/de\/produkt\/duschwanne-aus-harz-marmor-3-cm-mit-siphon-ablauf-in-6-farben-auch-nach-mas-3.html","og_locale":"de_DE","og_type":"article","og_title":"3-cm-Kunstharz-Marmor-Duschwanne mit Siphon-Ablauf in 6 Farben und verschiedenen Gr\u00f6\u00dfen in Schieferoptik","og_description":"Die Duschwanne besteht aus Marmorharz, wodurch ein Relief entsteht, das die Oberfl\u00e4che rutschfest macht. Sie ist in Wei\u00df, Beige, Anthrazit, Chrom, Schokolade und Taubengrau erh\u00e4ltlich. In verschiedenen Gr\u00f6\u00dfen hergestellt.","og_url":"https:\/\/www.bagnoitalia.com\/de\/produkt\/duschwanne-aus-harz-marmor-3-cm-mit-siphon-ablauf-in-6-farben-auch-nach-mas-3.html","og_site_name":"Bagno Italia","og_image":[{"width":550,"height":550,"url":"https:\/\/img.bagnoitalia.com\/wp-content\/uploads\/virtuemart\/product\/marble-resin-shower-tray-with-central-drain-in-8-colors-98_1544720732_751.jpg","type":"image\/jpeg"}],"twitter_card":"summary_large_image","twitter_misc":{"Gesch\u00e4tzte Lesezeit":"1\u00a0Minute"},"schema":{"@context":"https:\/\/schema.org","@graph":[{"@type":"WebPage","@id":"https:\/\/www.bagnoitalia.com\/de\/produkt\/duschwanne-aus-harz-marmor-3-cm-mit-siphon-ablauf-in-6-farben-auch-nach-mas-3.html","url":"https:\/\/www.bagnoitalia.com\/de\/produkt\/duschwanne-aus-harz-marmor-3-cm-mit-siphon-ablauf-in-6-farben-auch-nach-mas-3.html","name":"3-cm-Kunstharz-Marmor-Duschwanne mit Siphon-Ablauf in 6 Farben und verschiedenen Gr\u00f6\u00dfen in Schieferoptik","isPartOf":{"@id":"https:\/\/www.bagnoitalia.com\/de#website"},"primaryImageOfPage":{"@id":"https:\/\/www.bagnoitalia.com\/de\/produkt\/duschwanne-aus-harz-marmor-3-cm-mit-siphon-ablauf-in-6-farben-auch-nach-mas-3.html#primaryimage"},"image":{"@id":"https:\/\/www.bagnoitalia.com\/de\/produkt\/duschwanne-aus-harz-marmor-3-cm-mit-siphon-ablauf-in-6-farben-auch-nach-mas-3.html#primaryimage"},"thumbnailUrl":"https:\/\/img.bagnoitalia.com\/wp-content\/uploads\/virtuemart\/product\/marble-resin-shower-tray-with-central-drain-in-8-colors-98_1544720732_751.jpg","datePublished":"2018-12-13T16:04:58+00:00","description":"Die Duschwanne besteht aus Marmorharz, wodurch ein Relief entsteht, das die Oberfl\u00e4che rutschfest macht. Sie ist in Wei\u00df, Beige, Anthrazit, Chrom, Schokolade und Taubengrau erh\u00e4ltlich. In verschiedenen Gr\u00f6\u00dfen hergestellt.","breadcrumb":{"@id":"https:\/\/www.bagnoitalia.com\/de\/produkt\/duschwanne-aus-harz-marmor-3-cm-mit-siphon-ablauf-in-6-farben-auch-nach-mas-3.html#breadcrumb"},"inLanguage":"de","potentialAction":[{"@type":"ReadAction","target":["https:\/\/www.bagnoitalia.com\/de\/produkt\/duschwanne-aus-harz-marmor-3-cm-mit-siphon-ablauf-in-6-farben-auch-nach-mas-3.html"]}]},{"@type":"ImageObject","inLanguage":"de","@id":"https:\/\/www.bagnoitalia.com\/de\/produkt\/duschwanne-aus-harz-marmor-3-cm-mit-siphon-ablauf-in-6-farben-auch-nach-mas-3.html#primaryimage","url":"https:\/\/img.bagnoitalia.com\/wp-content\/uploads\/virtuemart\/product\/marble-resin-shower-tray-with-central-drain-in-8-colors-98_1544720732_751.jpg","contentUrl":"https:\/\/img.bagnoitalia.com\/wp-content\/uploads\/virtuemart\/product\/marble-resin-shower-tray-with-central-drain-in-8-colors-98_1544720732_751.jpg","width":550,"height":550},{"@type":"BreadcrumbList","@id":"https:\/\/www.bagnoitalia.com\/de\/produkt\/duschwanne-aus-harz-marmor-3-cm-mit-siphon-ablauf-in-6-farben-auch-nach-mas-3.html#breadcrumb","itemListElement":[{"@type":"ListItem","position":1,"name":"Home","item":"https:\/\/www.bagnoitalia.com\/de"},{"@type":"ListItem","position":2,"name":"Produkte","item":"https:\/\/www.bagnoitalia.com\/de\/shop"},{"@type":"ListItem","position":3,"name":"Duschplatte aus Marmorharz, 3cm dick, mit Siphon, in 8 Farben, auch nach Ma\u00df"}]},{"@type":"WebSite","@id":"https:\/\/www.bagnoitalia.com\/de#website","url":"https:\/\/www.bagnoitalia.com\/de","name":"Bagno Italia","description":"","publisher":{"@id":"https:\/\/www.bagnoitalia.com\/de#organization"},"potentialAction":[{"@type":"SearchAction","target":{"@type":"EntryPoint","urlTemplate":"https:\/\/www.bagnoitalia.com\/de?s={search_term_string}"},"query-input":{"@type":"PropertyValueSpecification","valueRequired":true,"valueName":"search_term_string"}}],"inLanguage":"de"},{"@type":"Organization","@id":"https:\/\/www.bagnoitalia.com\/de#organization","name":"Bagno Italia","url":"https:\/\/www.bagnoitalia.com\/de","logo":{"@type":"ImageObject","inLanguage":"de","@id":"https:\/\/www.bagnoitalia.com\/de#\/schema\/logo\/image\/","url":"https:\/\/img.bagnoitalia.com\/wp-content\/uploads\/logo-bagnoitalia.webp","contentUrl":"https:\/\/img.bagnoitalia.com\/wp-content\/uploads\/logo-bagnoitalia.webp","width":400,"height":70,"caption":"Bagno Italia"},"image":{"@id":"https:\/\/www.bagnoitalia.com\/de#\/schema\/logo\/image\/"}}]}},"_links":{"self":[{"href":"https:\/\/www.bagnoitalia.com\/de\/wp-json\/wp\/v2\/product\/81119","targetHints":{"allow":["GET"]}}],"collection":[{"href":"https:\/\/www.bagnoitalia.com\/de\/wp-json\/wp\/v2\/product"}],"about":[{"href":"https:\/\/www.bagnoitalia.com\/de\/wp-json\/wp\/v2\/types\/product"}],"replies":[{"embeddable":true,"href":"https:\/\/www.bagnoitalia.com\/de\/wp-json\/wp\/v2\/comments?post=81119"}],"version-history":[{"count":0,"href":"https:\/\/www.bagnoitalia.com\/de\/wp-json\/wp\/v2\/product\/81119\/revisions"}],"wp:featuredmedia":[{"embeddable":true,"href":"https:\/\/www.bagnoitalia.com\/de\/wp-json\/wp\/v2\/media\/41350"}],"wp:attachment":[{"href":"https:\/\/www.bagnoitalia.com\/de\/wp-json\/wp\/v2\/media?parent=81119"}],"wp:term":[{"taxonomy":"product_brand","embeddable":true,"href":"https:\/\/www.bagnoitalia.com\/de\/wp-json\/wp\/v2\/product_brand?post=81119"},{"taxonomy":"product_cat","embeddable":true,"href":"https:\/\/www.bagnoitalia.com\/de\/wp-json\/wp\/v2\/product_cat?post=81119"},{"taxonomy":"product_tag","embeddable":true,"href":"https:\/\/www.bagnoitalia.com\/de\/wp-json\/wp\/v2\/product_tag?post=81119"}],"curies":[{"name":"wp","href":"https:\/\/api.w.org\/{rel}","templated":true}]}}