{"id":81079,"date":"2018-04-13T06:39:41","date_gmt":"2018-04-13T04:39:41","guid":{"rendered":"https:\/\/www.bagnoitalia.com\/product\/170-x-120-whirlpool-fur-zwei-personen-22-dusen-mit-vs085-farbtherapie-und-heizung"},"modified":"2026-04-09T11:34:54","modified_gmt":"2026-04-09T09:34:54","slug":"170-x-120-whirlpool-fur-zwei-personen-22-dusen-mit-vs085-farbtherapie-und-heizung","status":"publish","type":"product","link":"https:\/\/www.bagnoitalia.com\/de\/produkt\/170-x-120-whirlpool-fur-zwei-personen-22-dusen-mit-vs085-farbtherapie-und-heizung.html","title":{"rendered":"Whirlwanne 170&#215;120 cm mit 22 oder 24 D\u00fcsen, Heizung und Farbtherapie VS085"},"content":{"rendered":"<p>&nbsp;<\/p>\n<p>HYDROMASSAGE-BADewanne 170X120 cm VS085<\/p>\n<p>&nbsp;<\/p>\n<p>MERKMALE<\/p>\n<p>Abmessungen 170x120xH61 cm<\/p>\n<p>Verf\u00fcgbar in linker oder rechter Version<\/p>\n<p>4-Schicht-Acrylstruktur<\/p>\n<p>Kaskadenmischer<\/p>\n<p>22 D\u00fcsen (4 gro\u00dfe verchromte Wasserd\u00fcsen, 12 kleine Luftd\u00fcsen in der Messingbasis und 6 kleine Wasserd\u00fcsen in der R\u00fcckenlehne)<\/p>\n<p>Heizung<\/p>\n<p>Doppelpumpe (1,5 PS Wasser und 0,25 PS Luft)<\/p>\n<p>Inklusive Lifesaver<\/p>\n<p>Chromotherapie<\/p>\n<p>Bedienfeld mit Radio und Lautsprechern<\/p>\n<p>Multifunktionaler Duschkopf<\/p>\n<p>T-SHAPE-Wassereinlass<\/p>\n<p>Verst\u00e4rkte Schl\u00e4uche<\/p>\n<p>Schalter<\/p>\n<p>Inklusive R\u00fcckenlehnen<\/p>\n<p>Inklusive Wasserh\u00e4hne<\/p>\n<p>Handtuchhalter<\/p>\n<p>Ozon-Therapie<\/p>\n<p>&nbsp;<\/p>\n<p>ACHTUNG: \u00dcber das Dropdown-Men\u00fc k\u00f6nnen Sie den Wannentyp ausw\u00e4hlen:<\/p>\n<p>Standard<br \/>\nmit Touch Led Display und Bluetooth<br \/>\nSuper ausgestattet, mit 24 D\u00fcsen (12 Luftd\u00fcsen am Boden, 6 Wasserd\u00fcsen unter den Kopfst\u00fctzen, 6 Wasserd\u00fcsen an den Seiten), rgb skirt-Led (mehrfarbige LEDs auf dem Wannenpaneel), wall-Led (LEDs an der Wannenwand), LED Touch Display und Bluetooth<\/p>\n<p><img fetchpriority=\"high\" decoding=\"async\" class=\"alignnone wp-image-109656\" src=\"https:\/\/www.bagnoitalia.it\/wp-content\/uploads\/vasca-170x120-idromassaggio-display-touch-bluetooth.jpg\" alt=\"\" width=\"507\" height=\"507\" \/><\/p>\n<p>&nbsp;<\/p>\n<p>&nbsp;<\/p>\n<p>&nbsp;<\/p>\n<p>&nbsp;<\/p>\n<p>&nbsp;<\/p>\n","protected":false},"excerpt":{"rendered":"<p>Whirlpool rechts oder links Version 170&#215;120 f\u00fcr zwei Personen 22 D\u00fcsen, Chromotherapie, mit Wasserfall Mischer Heizung und Doppelpumpe. Auch erh\u00e4ltlich mit LED-Touch-Display + Bluetooth oder super-ausgestattet.<\/p>\n","protected":false},"featured_media":101995,"comment_status":"open","ping_status":"closed","template":"","meta":[],"product_brand":[9925],"product_cat":[9744,9708],"product_tag":[],"class_list":{"0":"post-81079","1":"product","2":"type-product","3":"status-publish","4":"has-post-thumbnail","6":"product_brand-predator-arredo-casa-de","7":"product_cat-ausenwhirlpool","8":"product_cat-whirlpool","10":"first","11":"instock","12":"sale","13":"taxable","14":"shipping-taxable","15":"purchasable","16":"product-type-simple"},"exclude_global_add_ons":false,"addons":[{"name":"Ausf\u00fchrung","type":"multiple_choice","position":0,"required":true,"title_format":"heading","default":"","description_enable":false,"description":"","placeholder_enable":false,"placeholder":"","display":"select","restrictions_type":"any_text","adjust_price":false,"price":"","price_type":"flat_fee","restrictions":false,"min":"0","max":"0","options":[{"label":"Rechts","price":"","price_type":"quantity_based","image":0,"visibility":true},{"label":"links","price":"","price_type":"quantity_based","image":0,"visibility":true}],"id":1716377824},{"name":"Typologie","type":"multiple_choice","position":1,"required":true,"title_format":"heading","default":"","description_enable":false,"description":"","placeholder_enable":false,"placeholder":"","display":"select","restrictions_type":"any_text","adjust_price":false,"price":"","price_type":"flat_fee","restrictions":false,"min":"0","max":"0","options":[{"label":"(Nicht verf\u00fcgbar) Standard","price":"","price_type":"quantity_based","image":0,"visibility":true},{"label":"(Nicht verf\u00fcgbar) mit LED-Touch-Display und Bluetooth","price":"50","price_type":"quantity_based","image":0,"visibility":true},{"label":"Super ausgestattet","price":"100","price_type":"quantity_based","image":0,"visibility":true}],"id":1732029491}],"yoast_head":"<!-- This site is optimized with the Yoast SEO plugin v26.7 - https:\/\/yoast.com\/wordpress\/plugins\/seo\/ -->\n<title>170 x 120 Whirlpool f\u00fcr zwei Personen 22 D\u00fcsen mit VS085-Farbtherapie und Heizung<\/title>\n<meta name=\"description\" content=\"Badewanne mit Wassermassage 170x120 f\u00fcr zwei Personen 22 D\u00fcsen mit Heizung und Chromotherapie-Kaskadenmischer und Doppelpumpe VS085\" \/>\n<meta name=\"robots\" content=\"index, follow, max-snippet:-1, max-image-preview:large, max-video-preview:-1\" \/>\n<link rel=\"canonical\" href=\"https:\/\/www.bagnoitalia.com\/de\/produkt\/170-x-120-whirlpool-fur-zwei-personen-22-dusen-mit-vs085-farbtherapie-und-heizung.html\" \/>\n<meta property=\"og:locale\" content=\"de_DE\" \/>\n<meta property=\"og:type\" content=\"article\" \/>\n<meta property=\"og:title\" content=\"170 x 120 Whirlpool f\u00fcr zwei Personen 22 D\u00fcsen mit VS085-Farbtherapie und Heizung\" \/>\n<meta property=\"og:description\" content=\"Badewanne mit Wassermassage 170x120 f\u00fcr zwei Personen 22 D\u00fcsen mit Heizung und Chromotherapie-Kaskadenmischer und Doppelpumpe VS085\" \/>\n<meta property=\"og:url\" content=\"https:\/\/www.bagnoitalia.com\/de\/produkt\/170-x-120-whirlpool-fur-zwei-personen-22-dusen-mit-vs085-farbtherapie-und-heizung.html\" \/>\n<meta property=\"og:site_name\" content=\"Bagno Italia\" \/>\n<meta property=\"article:modified_time\" content=\"2026-04-09T09:34:54+00:00\" \/>\n<meta property=\"og:image\" content=\"https:\/\/img.bagnoitalia.com\/wp-content\/uploads\/1-172.webp\" \/>\n\t<meta property=\"og:image:width\" content=\"550\" \/>\n\t<meta property=\"og:image:height\" content=\"550\" \/>\n\t<meta property=\"og:image:type\" content=\"image\/webp\" \/>\n<meta name=\"twitter:card\" content=\"summary_large_image\" \/>\n<meta name=\"twitter:label1\" content=\"Gesch\u00e4tzte Lesezeit\" \/>\n\t<meta name=\"twitter:data1\" content=\"1\u00a0Minute\" \/>\n<script type=\"application\/ld+json\" class=\"yoast-schema-graph\">{\"@context\":\"https:\/\/schema.org\",\"@graph\":[{\"@type\":\"WebPage\",\"@id\":\"https:\/\/www.bagnoitalia.com\/de\/produkt\/170-x-120-whirlpool-fur-zwei-personen-22-dusen-mit-vs085-farbtherapie-und-heizung.html\",\"url\":\"https:\/\/www.bagnoitalia.com\/de\/produkt\/170-x-120-whirlpool-fur-zwei-personen-22-dusen-mit-vs085-farbtherapie-und-heizung.html\",\"name\":\"170 x 120 Whirlpool f\u00fcr zwei Personen 22 D\u00fcsen mit VS085-Farbtherapie und Heizung\",\"isPartOf\":{\"@id\":\"https:\/\/www.bagnoitalia.com\/de#website\"},\"primaryImageOfPage\":{\"@id\":\"https:\/\/www.bagnoitalia.com\/de\/produkt\/170-x-120-whirlpool-fur-zwei-personen-22-dusen-mit-vs085-farbtherapie-und-heizung.html#primaryimage\"},\"image\":{\"@id\":\"https:\/\/www.bagnoitalia.com\/de\/produkt\/170-x-120-whirlpool-fur-zwei-personen-22-dusen-mit-vs085-farbtherapie-und-heizung.html#primaryimage\"},\"thumbnailUrl\":\"https:\/\/img.bagnoitalia.com\/wp-content\/uploads\/1-172.webp\",\"datePublished\":\"2018-04-13T04:39:41+00:00\",\"dateModified\":\"2026-04-09T09:34:54+00:00\",\"description\":\"Badewanne mit Wassermassage 170x120 f\u00fcr zwei Personen 22 D\u00fcsen mit Heizung und Chromotherapie-Kaskadenmischer und Doppelpumpe VS085\",\"breadcrumb\":{\"@id\":\"https:\/\/www.bagnoitalia.com\/de\/produkt\/170-x-120-whirlpool-fur-zwei-personen-22-dusen-mit-vs085-farbtherapie-und-heizung.html#breadcrumb\"},\"inLanguage\":\"de\",\"potentialAction\":[{\"@type\":\"ReadAction\",\"target\":[\"https:\/\/www.bagnoitalia.com\/de\/produkt\/170-x-120-whirlpool-fur-zwei-personen-22-dusen-mit-vs085-farbtherapie-und-heizung.html\"]}]},{\"@type\":\"ImageObject\",\"inLanguage\":\"de\",\"@id\":\"https:\/\/www.bagnoitalia.com\/de\/produkt\/170-x-120-whirlpool-fur-zwei-personen-22-dusen-mit-vs085-farbtherapie-und-heizung.html#primaryimage\",\"url\":\"https:\/\/img.bagnoitalia.com\/wp-content\/uploads\/1-172.webp\",\"contentUrl\":\"https:\/\/img.bagnoitalia.com\/wp-content\/uploads\/1-172.webp\",\"width\":550,\"height\":550},{\"@type\":\"BreadcrumbList\",\"@id\":\"https:\/\/www.bagnoitalia.com\/de\/produkt\/170-x-120-whirlpool-fur-zwei-personen-22-dusen-mit-vs085-farbtherapie-und-heizung.html#breadcrumb\",\"itemListElement\":[{\"@type\":\"ListItem\",\"position\":1,\"name\":\"Home\",\"item\":\"https:\/\/www.bagnoitalia.com\/de\"},{\"@type\":\"ListItem\",\"position\":2,\"name\":\"Produkte\",\"item\":\"https:\/\/www.bagnoitalia.com\/de\/shop\"},{\"@type\":\"ListItem\",\"position\":3,\"name\":\"Whirlwanne 170&#215;120 cm mit 22 oder 24 D\u00fcsen, Heizung und Farbtherapie VS085\"}]},{\"@type\":\"WebSite\",\"@id\":\"https:\/\/www.bagnoitalia.com\/de#website\",\"url\":\"https:\/\/www.bagnoitalia.com\/de\",\"name\":\"Bagno Italia\",\"description\":\"\",\"publisher\":{\"@id\":\"https:\/\/www.bagnoitalia.com\/de#organization\"},\"potentialAction\":[{\"@type\":\"SearchAction\",\"target\":{\"@type\":\"EntryPoint\",\"urlTemplate\":\"https:\/\/www.bagnoitalia.com\/de?s={search_term_string}\"},\"query-input\":{\"@type\":\"PropertyValueSpecification\",\"valueRequired\":true,\"valueName\":\"search_term_string\"}}],\"inLanguage\":\"de\"},{\"@type\":\"Organization\",\"@id\":\"https:\/\/www.bagnoitalia.com\/de#organization\",\"name\":\"Bagno Italia\",\"url\":\"https:\/\/www.bagnoitalia.com\/de\",\"logo\":{\"@type\":\"ImageObject\",\"inLanguage\":\"de\",\"@id\":\"https:\/\/www.bagnoitalia.com\/de#\/schema\/logo\/image\/\",\"url\":\"https:\/\/img.bagnoitalia.com\/wp-content\/uploads\/logo-bagnoitalia.webp\",\"contentUrl\":\"https:\/\/img.bagnoitalia.com\/wp-content\/uploads\/logo-bagnoitalia.webp\",\"width\":400,\"height\":70,\"caption\":\"Bagno Italia\"},\"image\":{\"@id\":\"https:\/\/www.bagnoitalia.com\/de#\/schema\/logo\/image\/\"}}]}<\/script>\n<!-- \/ Yoast SEO plugin. -->","yoast_head_json":{"title":"170 x 120 Whirlpool f\u00fcr zwei Personen 22 D\u00fcsen mit VS085-Farbtherapie und Heizung","description":"Badewanne mit Wassermassage 170x120 f\u00fcr zwei Personen 22 D\u00fcsen mit Heizung und Chromotherapie-Kaskadenmischer und Doppelpumpe VS085","robots":{"index":"index","follow":"follow","max-snippet":"max-snippet:-1","max-image-preview":"max-image-preview:large","max-video-preview":"max-video-preview:-1"},"canonical":"https:\/\/www.bagnoitalia.com\/de\/produkt\/170-x-120-whirlpool-fur-zwei-personen-22-dusen-mit-vs085-farbtherapie-und-heizung.html","og_locale":"de_DE","og_type":"article","og_title":"170 x 120 Whirlpool f\u00fcr zwei Personen 22 D\u00fcsen mit VS085-Farbtherapie und Heizung","og_description":"Badewanne mit Wassermassage 170x120 f\u00fcr zwei Personen 22 D\u00fcsen mit Heizung und Chromotherapie-Kaskadenmischer und Doppelpumpe VS085","og_url":"https:\/\/www.bagnoitalia.com\/de\/produkt\/170-x-120-whirlpool-fur-zwei-personen-22-dusen-mit-vs085-farbtherapie-und-heizung.html","og_site_name":"Bagno Italia","article_modified_time":"2026-04-09T09:34:54+00:00","og_image":[{"width":550,"height":550,"url":"https:\/\/img.bagnoitalia.com\/wp-content\/uploads\/1-172.webp","type":"image\/webp"}],"twitter_card":"summary_large_image","twitter_misc":{"Gesch\u00e4tzte Lesezeit":"1\u00a0Minute"},"schema":{"@context":"https:\/\/schema.org","@graph":[{"@type":"WebPage","@id":"https:\/\/www.bagnoitalia.com\/de\/produkt\/170-x-120-whirlpool-fur-zwei-personen-22-dusen-mit-vs085-farbtherapie-und-heizung.html","url":"https:\/\/www.bagnoitalia.com\/de\/produkt\/170-x-120-whirlpool-fur-zwei-personen-22-dusen-mit-vs085-farbtherapie-und-heizung.html","name":"170 x 120 Whirlpool f\u00fcr zwei Personen 22 D\u00fcsen mit VS085-Farbtherapie und Heizung","isPartOf":{"@id":"https:\/\/www.bagnoitalia.com\/de#website"},"primaryImageOfPage":{"@id":"https:\/\/www.bagnoitalia.com\/de\/produkt\/170-x-120-whirlpool-fur-zwei-personen-22-dusen-mit-vs085-farbtherapie-und-heizung.html#primaryimage"},"image":{"@id":"https:\/\/www.bagnoitalia.com\/de\/produkt\/170-x-120-whirlpool-fur-zwei-personen-22-dusen-mit-vs085-farbtherapie-und-heizung.html#primaryimage"},"thumbnailUrl":"https:\/\/img.bagnoitalia.com\/wp-content\/uploads\/1-172.webp","datePublished":"2018-04-13T04:39:41+00:00","dateModified":"2026-04-09T09:34:54+00:00","description":"Badewanne mit Wassermassage 170x120 f\u00fcr zwei Personen 22 D\u00fcsen mit Heizung und Chromotherapie-Kaskadenmischer und Doppelpumpe VS085","breadcrumb":{"@id":"https:\/\/www.bagnoitalia.com\/de\/produkt\/170-x-120-whirlpool-fur-zwei-personen-22-dusen-mit-vs085-farbtherapie-und-heizung.html#breadcrumb"},"inLanguage":"de","potentialAction":[{"@type":"ReadAction","target":["https:\/\/www.bagnoitalia.com\/de\/produkt\/170-x-120-whirlpool-fur-zwei-personen-22-dusen-mit-vs085-farbtherapie-und-heizung.html"]}]},{"@type":"ImageObject","inLanguage":"de","@id":"https:\/\/www.bagnoitalia.com\/de\/produkt\/170-x-120-whirlpool-fur-zwei-personen-22-dusen-mit-vs085-farbtherapie-und-heizung.html#primaryimage","url":"https:\/\/img.bagnoitalia.com\/wp-content\/uploads\/1-172.webp","contentUrl":"https:\/\/img.bagnoitalia.com\/wp-content\/uploads\/1-172.webp","width":550,"height":550},{"@type":"BreadcrumbList","@id":"https:\/\/www.bagnoitalia.com\/de\/produkt\/170-x-120-whirlpool-fur-zwei-personen-22-dusen-mit-vs085-farbtherapie-und-heizung.html#breadcrumb","itemListElement":[{"@type":"ListItem","position":1,"name":"Home","item":"https:\/\/www.bagnoitalia.com\/de"},{"@type":"ListItem","position":2,"name":"Produkte","item":"https:\/\/www.bagnoitalia.com\/de\/shop"},{"@type":"ListItem","position":3,"name":"Whirlwanne 170&#215;120 cm mit 22 oder 24 D\u00fcsen, Heizung und Farbtherapie VS085"}]},{"@type":"WebSite","@id":"https:\/\/www.bagnoitalia.com\/de#website","url":"https:\/\/www.bagnoitalia.com\/de","name":"Bagno Italia","description":"","publisher":{"@id":"https:\/\/www.bagnoitalia.com\/de#organization"},"potentialAction":[{"@type":"SearchAction","target":{"@type":"EntryPoint","urlTemplate":"https:\/\/www.bagnoitalia.com\/de?s={search_term_string}"},"query-input":{"@type":"PropertyValueSpecification","valueRequired":true,"valueName":"search_term_string"}}],"inLanguage":"de"},{"@type":"Organization","@id":"https:\/\/www.bagnoitalia.com\/de#organization","name":"Bagno Italia","url":"https:\/\/www.bagnoitalia.com\/de","logo":{"@type":"ImageObject","inLanguage":"de","@id":"https:\/\/www.bagnoitalia.com\/de#\/schema\/logo\/image\/","url":"https:\/\/img.bagnoitalia.com\/wp-content\/uploads\/logo-bagnoitalia.webp","contentUrl":"https:\/\/img.bagnoitalia.com\/wp-content\/uploads\/logo-bagnoitalia.webp","width":400,"height":70,"caption":"Bagno Italia"},"image":{"@id":"https:\/\/www.bagnoitalia.com\/de#\/schema\/logo\/image\/"}}]}},"_links":{"self":[{"href":"https:\/\/www.bagnoitalia.com\/de\/wp-json\/wp\/v2\/product\/81079","targetHints":{"allow":["GET"]}}],"collection":[{"href":"https:\/\/www.bagnoitalia.com\/de\/wp-json\/wp\/v2\/product"}],"about":[{"href":"https:\/\/www.bagnoitalia.com\/de\/wp-json\/wp\/v2\/types\/product"}],"replies":[{"embeddable":true,"href":"https:\/\/www.bagnoitalia.com\/de\/wp-json\/wp\/v2\/comments?post=81079"}],"version-history":[{"count":4,"href":"https:\/\/www.bagnoitalia.com\/de\/wp-json\/wp\/v2\/product\/81079\/revisions"}],"predecessor-version":[{"id":102068,"href":"https:\/\/www.bagnoitalia.com\/de\/wp-json\/wp\/v2\/product\/81079\/revisions\/102068"}],"wp:featuredmedia":[{"embeddable":true,"href":"https:\/\/www.bagnoitalia.com\/de\/wp-json\/wp\/v2\/media\/101995"}],"wp:attachment":[{"href":"https:\/\/www.bagnoitalia.com\/de\/wp-json\/wp\/v2\/media?parent=81079"}],"wp:term":[{"taxonomy":"product_brand","embeddable":true,"href":"https:\/\/www.bagnoitalia.com\/de\/wp-json\/wp\/v2\/product_brand?post=81079"},{"taxonomy":"product_cat","embeddable":true,"href":"https:\/\/www.bagnoitalia.com\/de\/wp-json\/wp\/v2\/product_cat?post=81079"},{"taxonomy":"product_tag","embeddable":true,"href":"https:\/\/www.bagnoitalia.com\/de\/wp-json\/wp\/v2\/product_tag?post=81079"}],"curies":[{"name":"wp","href":"https:\/\/api.w.org\/{rel}","templated":true}]}}