{"id":81075,"date":"2018-04-11T14:14:46","date_gmt":"2018-04-11T12:14:46","guid":{"rendered":"https:\/\/www.bagnoitalia.com\/product\/liberty-badezimmerschrank-74-oder-100-cm-in-larche-weis-glanzend-weiche-eichenfarben"},"modified":"2024-05-24T15:13:04","modified_gmt":"2024-05-24T13:13:04","slug":"liberty-badezimmerschrank-74-oder-100-cm-in-larche-weis-glanzend-weiche-eichenfarben","status":"publish","type":"product","link":"https:\/\/www.bagnoitalia.com\/de\/produkt\/liberty-badezimmerschrank-74-oder-100-cm-in-larche-weis-glanzend-weiche-eichenfarben.html","title":{"rendered":"Liberty Badschrank, 74 oder 100cm, in den Farben L\u00e4rche, wei\u00df gl\u00e4nzend, weiche Eiche"},"content":{"rendered":"<p><img fetchpriority=\"high\" decoding=\"async\" class=\" size-full wp-image-8414\" src=\"https:\/\/img.bagnoitalia.com\/wp-content\/uploads\/1a.png\" alt=\"http:\/\/www.bagnoitalia.it\/https:\/\/img.bagnoitalia.com\/wp-content\/uploads\/1a.png\" width=\"676\" height=\"165\" srcset=\"https:\/\/img.bagnoitalia.com\/wp-content\/uploads\/1a.png 676w, https:\/\/img.bagnoitalia.com\/wp-content\/uploads\/1a-441x108.png 441w, https:\/\/img.bagnoitalia.com\/wp-content\/uploads\/1a-600x146.png 600w, https:\/\/img.bagnoitalia.com\/wp-content\/uploads\/1a-150x37.png 150w\" sizes=\"(max-width: 676px) 100vw, 676px\" \/><\/p>\n<p><span style=\"text-decoration: underline; font-size: 12pt;\"><strong>Liberty Badschrank<br \/>\n<\/strong><\/span><\/p>\n<p>&nbsp;<\/p>\n<p><span style=\"text-decoration: underline; font-size: 12pt;\"><strong>Eigenschaften:<\/strong><\/span><\/p>\n<p><span style=\"font-size: 10pt;\">1 Waschbeckenunterschrank: 74x46x55cm (100x46x55cm \u00fcber das Seitenmen\u00fc w\u00e4hlbar)<br \/>\n<\/span><\/p>\n<p><span style=\"font-size: 10pt;\">1 Keramikwaschbecken: 75x46x1.8cm (oder 101x46x1.8cm)<br \/>\n<\/span><\/p>\n<p>&nbsp;<\/p>\n<p>&nbsp;<\/p>\n<p>\u00dcber das Seitenmen\u00fc kann eine 140x35x20cm gro\u00dfe Schranks\u00e4ule hinzugef\u00fcgt werden.<\/p>\n<p>Es sind Spiegel in 2 verschiedenen Gr\u00f6\u00dfen mit Halogen- oder LED-Wandleuchten erh\u00e4ltlich.<\/p>\n<p>Um andere Spiegelarten auszuw\u00e4hlen, <span style=\"font-size: 12pt;\"><a href=\"specchiere\">klicken Sie hier<\/a><\/span><\/p>\n<p>&nbsp;<\/p>\n<p><strong><span style=\"text-decoration: underline;\"><span style=\"font-size: 12pt;\">Material:<\/span><\/span><\/strong><\/p>\n<p><span style=\"font-size: 10pt;\">MDF-Holzstruktur<\/span><\/p>\n<p><span style=\"font-size: 10pt;\">Schubladen aus MDF mit soft-close-System<\/span><\/p>\n<p>&nbsp;<\/p>\n","protected":false},"excerpt":{"rendered":"<p>Der Liberty Badschrank ist in zwei Gr\u00f6\u00dfen erh\u00e4ltlich: 100x46cm oder 74x46cm. Das Produkt beinhaltet ein Keramikwaschbecken. Die Bestellung eines Spiegels oder einer Schranks\u00e4ule zum Badschrank ist m\u00f6glich.<\/p>\n","protected":false},"featured_media":40906,"comment_status":"open","ping_status":"closed","template":"","meta":[],"product_brand":[5011],"product_cat":[9720],"product_tag":[],"class_list":{"0":"post-81075","1":"product","2":"type-product","3":"status-publish","4":"has-post-thumbnail","6":"product_brand-baden-haus","7":"product_cat-badmobel-von-71-bis-100-cm-moderne-mobel","9":"first","10":"instock","11":"sale","12":"taxable","13":"shipping-taxable","14":"purchasable","15":"product-type-simple"},"exclude_global_add_ons":false,"addons":[{"name":"Kabinett","type":"multiple_choice","position":0,"required":true,"title_format":"heading","default":"","description_enable":false,"description":"","placeholder_enable":false,"placeholder":"","display":"select","restrictions_type":"any_text","adjust_price":false,"price":"","price_type":"flat_fee","restrictions":false,"min":"0","max":"0","options":[{"label":"cm 74","price":"","price_type":"quantity_based","image":0,"visibility":true},{"label":"cm 100","price":"30","price_type":"quantity_based","image":0,"visibility":true}],"id":1716563585},{"name":"Farbe des Schranks","type":"multiple_choice","position":1,"required":true,"title_format":"heading","default":"","description_enable":false,"description":"","placeholder_enable":false,"placeholder":"","display":"select","restrictions_type":"any_text","adjust_price":false,"price":"","price_type":"flat_fee","restrictions":false,"min":"0","max":"0","options":[{"label":"Gl\u00e4nzend wei\u00df","price":"","price_type":"quantity_based","image":0,"visibility":true},{"label":"L\u00e4rche","price":"","price_type":"quantity_based","image":0,"visibility":true}],"id":1716563586},{"name":"Spiegel","type":"multiple_choice","position":2,"required":true,"title_format":"heading","default":"","description_enable":false,"description":"","placeholder_enable":false,"placeholder":"","display":"select","restrictions_type":"any_text","adjust_price":false,"price":"","price_type":"flat_fee","restrictions":false,"min":"0","max":"0","options":[{"label":"kein Spiegel","price":"","price_type":"quantity_based","image":0,"visibility":true},{"label":"80x60 Halogen-Wandleuchte","price":"60","price_type":"quantity_based","image":0,"visibility":true},{"label":"80x60 Led Wandleuchte","price":"70","price_type":"quantity_based","image":0,"visibility":true},{"label":"90x55 Halogen-Wandleuchte","price":"60","price_type":"quantity_based","image":0,"visibility":true},{"label":"90x55 Led Wandleuchte","price":"70","price_type":"quantity_based","image":0,"visibility":true}],"id":1716563587},{"name":"S\u00e4ule","type":"multiple_choice","position":3,"required":true,"title_format":"heading","default":"","description_enable":false,"description":"","placeholder_enable":false,"placeholder":"","display":"select","restrictions_type":"any_text","adjust_price":false,"price":"","price_type":"flat_fee","restrictions":false,"min":"0","max":"0","options":[{"label":"nein","price":"","price_type":"quantity_based","image":0,"visibility":true},{"label":"140x35x20","price":"189","price_type":"quantity_based","image":0,"visibility":true}],"id":1716563588}],"yoast_head":"<!-- This site is optimized with the Yoast SEO plugin v26.7 - https:\/\/yoast.com\/wordpress\/plugins\/seo\/ -->\n<title>Liberty Badezimmerschrank 74 oder 100 cm in L\u00e4rche, wei\u00df gl\u00e4nzend, weiche Eichenfarben<\/title>\n<meta name=\"description\" content=\"Liberty Badezimmerschrank in zwei Gr\u00f6\u00dfen erh\u00e4ltlich: 100x46 oder 74x46 mit Keramiksp\u00fcle. Es ist m\u00f6glich, den Spiegel und die S\u00e4ule zu kombinieren.\" \/>\n<meta name=\"robots\" content=\"index, follow, max-snippet:-1, max-image-preview:large, max-video-preview:-1\" \/>\n<link rel=\"canonical\" href=\"https:\/\/www.bagnoitalia.com\/de\/produkt\/liberty-badezimmerschrank-74-oder-100-cm-in-larche-weis-glanzend-weiche-eichenfarben.html\" \/>\n<meta property=\"og:locale\" content=\"de_DE\" \/>\n<meta property=\"og:type\" content=\"article\" \/>\n<meta property=\"og:title\" content=\"Liberty Badezimmerschrank 74 oder 100 cm in L\u00e4rche, wei\u00df gl\u00e4nzend, weiche Eichenfarben\" \/>\n<meta property=\"og:description\" content=\"Liberty Badezimmerschrank in zwei Gr\u00f6\u00dfen erh\u00e4ltlich: 100x46 oder 74x46 mit Keramiksp\u00fcle. Es ist m\u00f6glich, den Spiegel und die S\u00e4ule zu kombinieren.\" \/>\n<meta property=\"og:url\" content=\"https:\/\/www.bagnoitalia.com\/de\/produkt\/liberty-badezimmerschrank-74-oder-100-cm-in-larche-weis-glanzend-weiche-eichenfarben.html\" \/>\n<meta property=\"og:site_name\" content=\"Bagno Italia\" \/>\n<meta property=\"article:modified_time\" content=\"2024-05-24T13:13:04+00:00\" \/>\n<meta property=\"og:image\" content=\"https:\/\/img.bagnoitalia.com\/wp-content\/uploads\/virtuemart\/product\/mobile-bagno-liberty-2-colori_1637570690_87.jpg\" \/>\n\t<meta property=\"og:image:width\" content=\"550\" \/>\n\t<meta property=\"og:image:height\" content=\"550\" \/>\n\t<meta property=\"og:image:type\" content=\"image\/jpeg\" \/>\n<meta name=\"twitter:card\" content=\"summary_large_image\" \/>\n<meta name=\"twitter:label1\" content=\"Gesch\u00e4tzte Lesezeit\" \/>\n\t<meta name=\"twitter:data1\" content=\"1\u00a0Minute\" \/>\n<script type=\"application\/ld+json\" class=\"yoast-schema-graph\">{\"@context\":\"https:\/\/schema.org\",\"@graph\":[{\"@type\":\"WebPage\",\"@id\":\"https:\/\/www.bagnoitalia.com\/de\/produkt\/liberty-badezimmerschrank-74-oder-100-cm-in-larche-weis-glanzend-weiche-eichenfarben.html\",\"url\":\"https:\/\/www.bagnoitalia.com\/de\/produkt\/liberty-badezimmerschrank-74-oder-100-cm-in-larche-weis-glanzend-weiche-eichenfarben.html\",\"name\":\"Liberty Badezimmerschrank 74 oder 100 cm in L\u00e4rche, wei\u00df gl\u00e4nzend, weiche Eichenfarben\",\"isPartOf\":{\"@id\":\"https:\/\/www.bagnoitalia.com\/de#website\"},\"primaryImageOfPage\":{\"@id\":\"https:\/\/www.bagnoitalia.com\/de\/produkt\/liberty-badezimmerschrank-74-oder-100-cm-in-larche-weis-glanzend-weiche-eichenfarben.html#primaryimage\"},\"image\":{\"@id\":\"https:\/\/www.bagnoitalia.com\/de\/produkt\/liberty-badezimmerschrank-74-oder-100-cm-in-larche-weis-glanzend-weiche-eichenfarben.html#primaryimage\"},\"thumbnailUrl\":\"https:\/\/img.bagnoitalia.com\/wp-content\/uploads\/virtuemart\/product\/mobile-bagno-liberty-2-colori_1637570690_87.jpg\",\"datePublished\":\"2018-04-11T12:14:46+00:00\",\"dateModified\":\"2024-05-24T13:13:04+00:00\",\"description\":\"Liberty Badezimmerschrank in zwei Gr\u00f6\u00dfen erh\u00e4ltlich: 100x46 oder 74x46 mit Keramiksp\u00fcle. Es ist m\u00f6glich, den Spiegel und die S\u00e4ule zu kombinieren.\",\"breadcrumb\":{\"@id\":\"https:\/\/www.bagnoitalia.com\/de\/produkt\/liberty-badezimmerschrank-74-oder-100-cm-in-larche-weis-glanzend-weiche-eichenfarben.html#breadcrumb\"},\"inLanguage\":\"de\",\"potentialAction\":[{\"@type\":\"ReadAction\",\"target\":[\"https:\/\/www.bagnoitalia.com\/de\/produkt\/liberty-badezimmerschrank-74-oder-100-cm-in-larche-weis-glanzend-weiche-eichenfarben.html\"]}]},{\"@type\":\"ImageObject\",\"inLanguage\":\"de\",\"@id\":\"https:\/\/www.bagnoitalia.com\/de\/produkt\/liberty-badezimmerschrank-74-oder-100-cm-in-larche-weis-glanzend-weiche-eichenfarben.html#primaryimage\",\"url\":\"https:\/\/img.bagnoitalia.com\/wp-content\/uploads\/virtuemart\/product\/mobile-bagno-liberty-2-colori_1637570690_87.jpg\",\"contentUrl\":\"https:\/\/img.bagnoitalia.com\/wp-content\/uploads\/virtuemart\/product\/mobile-bagno-liberty-2-colori_1637570690_87.jpg\",\"width\":550,\"height\":550},{\"@type\":\"BreadcrumbList\",\"@id\":\"https:\/\/www.bagnoitalia.com\/de\/produkt\/liberty-badezimmerschrank-74-oder-100-cm-in-larche-weis-glanzend-weiche-eichenfarben.html#breadcrumb\",\"itemListElement\":[{\"@type\":\"ListItem\",\"position\":1,\"name\":\"Home\",\"item\":\"https:\/\/www.bagnoitalia.com\/de\"},{\"@type\":\"ListItem\",\"position\":2,\"name\":\"Produkte\",\"item\":\"https:\/\/www.bagnoitalia.com\/de\/shop\"},{\"@type\":\"ListItem\",\"position\":3,\"name\":\"Liberty Badschrank, 74 oder 100cm, in den Farben L\u00e4rche, wei\u00df gl\u00e4nzend, weiche Eiche\"}]},{\"@type\":\"WebSite\",\"@id\":\"https:\/\/www.bagnoitalia.com\/de#website\",\"url\":\"https:\/\/www.bagnoitalia.com\/de\",\"name\":\"Bagno Italia\",\"description\":\"\",\"publisher\":{\"@id\":\"https:\/\/www.bagnoitalia.com\/de#organization\"},\"potentialAction\":[{\"@type\":\"SearchAction\",\"target\":{\"@type\":\"EntryPoint\",\"urlTemplate\":\"https:\/\/www.bagnoitalia.com\/de?s={search_term_string}\"},\"query-input\":{\"@type\":\"PropertyValueSpecification\",\"valueRequired\":true,\"valueName\":\"search_term_string\"}}],\"inLanguage\":\"de\"},{\"@type\":\"Organization\",\"@id\":\"https:\/\/www.bagnoitalia.com\/de#organization\",\"name\":\"Bagno Italia\",\"url\":\"https:\/\/www.bagnoitalia.com\/de\",\"logo\":{\"@type\":\"ImageObject\",\"inLanguage\":\"de\",\"@id\":\"https:\/\/www.bagnoitalia.com\/de#\/schema\/logo\/image\/\",\"url\":\"https:\/\/img.bagnoitalia.com\/wp-content\/uploads\/logo-bagnoitalia.webp\",\"contentUrl\":\"https:\/\/img.bagnoitalia.com\/wp-content\/uploads\/logo-bagnoitalia.webp\",\"width\":400,\"height\":70,\"caption\":\"Bagno Italia\"},\"image\":{\"@id\":\"https:\/\/www.bagnoitalia.com\/de#\/schema\/logo\/image\/\"}}]}<\/script>\n<!-- \/ Yoast SEO plugin. -->","yoast_head_json":{"title":"Liberty Badezimmerschrank 74 oder 100 cm in L\u00e4rche, wei\u00df gl\u00e4nzend, weiche Eichenfarben","description":"Liberty Badezimmerschrank in zwei Gr\u00f6\u00dfen erh\u00e4ltlich: 100x46 oder 74x46 mit Keramiksp\u00fcle. Es ist m\u00f6glich, den Spiegel und die S\u00e4ule zu kombinieren.","robots":{"index":"index","follow":"follow","max-snippet":"max-snippet:-1","max-image-preview":"max-image-preview:large","max-video-preview":"max-video-preview:-1"},"canonical":"https:\/\/www.bagnoitalia.com\/de\/produkt\/liberty-badezimmerschrank-74-oder-100-cm-in-larche-weis-glanzend-weiche-eichenfarben.html","og_locale":"de_DE","og_type":"article","og_title":"Liberty Badezimmerschrank 74 oder 100 cm in L\u00e4rche, wei\u00df gl\u00e4nzend, weiche Eichenfarben","og_description":"Liberty Badezimmerschrank in zwei Gr\u00f6\u00dfen erh\u00e4ltlich: 100x46 oder 74x46 mit Keramiksp\u00fcle. Es ist m\u00f6glich, den Spiegel und die S\u00e4ule zu kombinieren.","og_url":"https:\/\/www.bagnoitalia.com\/de\/produkt\/liberty-badezimmerschrank-74-oder-100-cm-in-larche-weis-glanzend-weiche-eichenfarben.html","og_site_name":"Bagno Italia","article_modified_time":"2024-05-24T13:13:04+00:00","og_image":[{"width":550,"height":550,"url":"https:\/\/img.bagnoitalia.com\/wp-content\/uploads\/virtuemart\/product\/mobile-bagno-liberty-2-colori_1637570690_87.jpg","type":"image\/jpeg"}],"twitter_card":"summary_large_image","twitter_misc":{"Gesch\u00e4tzte Lesezeit":"1\u00a0Minute"},"schema":{"@context":"https:\/\/schema.org","@graph":[{"@type":"WebPage","@id":"https:\/\/www.bagnoitalia.com\/de\/produkt\/liberty-badezimmerschrank-74-oder-100-cm-in-larche-weis-glanzend-weiche-eichenfarben.html","url":"https:\/\/www.bagnoitalia.com\/de\/produkt\/liberty-badezimmerschrank-74-oder-100-cm-in-larche-weis-glanzend-weiche-eichenfarben.html","name":"Liberty Badezimmerschrank 74 oder 100 cm in L\u00e4rche, wei\u00df gl\u00e4nzend, weiche Eichenfarben","isPartOf":{"@id":"https:\/\/www.bagnoitalia.com\/de#website"},"primaryImageOfPage":{"@id":"https:\/\/www.bagnoitalia.com\/de\/produkt\/liberty-badezimmerschrank-74-oder-100-cm-in-larche-weis-glanzend-weiche-eichenfarben.html#primaryimage"},"image":{"@id":"https:\/\/www.bagnoitalia.com\/de\/produkt\/liberty-badezimmerschrank-74-oder-100-cm-in-larche-weis-glanzend-weiche-eichenfarben.html#primaryimage"},"thumbnailUrl":"https:\/\/img.bagnoitalia.com\/wp-content\/uploads\/virtuemart\/product\/mobile-bagno-liberty-2-colori_1637570690_87.jpg","datePublished":"2018-04-11T12:14:46+00:00","dateModified":"2024-05-24T13:13:04+00:00","description":"Liberty Badezimmerschrank in zwei Gr\u00f6\u00dfen erh\u00e4ltlich: 100x46 oder 74x46 mit Keramiksp\u00fcle. Es ist m\u00f6glich, den Spiegel und die S\u00e4ule zu kombinieren.","breadcrumb":{"@id":"https:\/\/www.bagnoitalia.com\/de\/produkt\/liberty-badezimmerschrank-74-oder-100-cm-in-larche-weis-glanzend-weiche-eichenfarben.html#breadcrumb"},"inLanguage":"de","potentialAction":[{"@type":"ReadAction","target":["https:\/\/www.bagnoitalia.com\/de\/produkt\/liberty-badezimmerschrank-74-oder-100-cm-in-larche-weis-glanzend-weiche-eichenfarben.html"]}]},{"@type":"ImageObject","inLanguage":"de","@id":"https:\/\/www.bagnoitalia.com\/de\/produkt\/liberty-badezimmerschrank-74-oder-100-cm-in-larche-weis-glanzend-weiche-eichenfarben.html#primaryimage","url":"https:\/\/img.bagnoitalia.com\/wp-content\/uploads\/virtuemart\/product\/mobile-bagno-liberty-2-colori_1637570690_87.jpg","contentUrl":"https:\/\/img.bagnoitalia.com\/wp-content\/uploads\/virtuemart\/product\/mobile-bagno-liberty-2-colori_1637570690_87.jpg","width":550,"height":550},{"@type":"BreadcrumbList","@id":"https:\/\/www.bagnoitalia.com\/de\/produkt\/liberty-badezimmerschrank-74-oder-100-cm-in-larche-weis-glanzend-weiche-eichenfarben.html#breadcrumb","itemListElement":[{"@type":"ListItem","position":1,"name":"Home","item":"https:\/\/www.bagnoitalia.com\/de"},{"@type":"ListItem","position":2,"name":"Produkte","item":"https:\/\/www.bagnoitalia.com\/de\/shop"},{"@type":"ListItem","position":3,"name":"Liberty Badschrank, 74 oder 100cm, in den Farben L\u00e4rche, wei\u00df gl\u00e4nzend, weiche Eiche"}]},{"@type":"WebSite","@id":"https:\/\/www.bagnoitalia.com\/de#website","url":"https:\/\/www.bagnoitalia.com\/de","name":"Bagno Italia","description":"","publisher":{"@id":"https:\/\/www.bagnoitalia.com\/de#organization"},"potentialAction":[{"@type":"SearchAction","target":{"@type":"EntryPoint","urlTemplate":"https:\/\/www.bagnoitalia.com\/de?s={search_term_string}"},"query-input":{"@type":"PropertyValueSpecification","valueRequired":true,"valueName":"search_term_string"}}],"inLanguage":"de"},{"@type":"Organization","@id":"https:\/\/www.bagnoitalia.com\/de#organization","name":"Bagno Italia","url":"https:\/\/www.bagnoitalia.com\/de","logo":{"@type":"ImageObject","inLanguage":"de","@id":"https:\/\/www.bagnoitalia.com\/de#\/schema\/logo\/image\/","url":"https:\/\/img.bagnoitalia.com\/wp-content\/uploads\/logo-bagnoitalia.webp","contentUrl":"https:\/\/img.bagnoitalia.com\/wp-content\/uploads\/logo-bagnoitalia.webp","width":400,"height":70,"caption":"Bagno Italia"},"image":{"@id":"https:\/\/www.bagnoitalia.com\/de#\/schema\/logo\/image\/"}}]}},"_links":{"self":[{"href":"https:\/\/www.bagnoitalia.com\/de\/wp-json\/wp\/v2\/product\/81075","targetHints":{"allow":["GET"]}}],"collection":[{"href":"https:\/\/www.bagnoitalia.com\/de\/wp-json\/wp\/v2\/product"}],"about":[{"href":"https:\/\/www.bagnoitalia.com\/de\/wp-json\/wp\/v2\/types\/product"}],"replies":[{"embeddable":true,"href":"https:\/\/www.bagnoitalia.com\/de\/wp-json\/wp\/v2\/comments?post=81075"}],"version-history":[{"count":1,"href":"https:\/\/www.bagnoitalia.com\/de\/wp-json\/wp\/v2\/product\/81075\/revisions"}],"predecessor-version":[{"id":88186,"href":"https:\/\/www.bagnoitalia.com\/de\/wp-json\/wp\/v2\/product\/81075\/revisions\/88186"}],"wp:featuredmedia":[{"embeddable":true,"href":"https:\/\/www.bagnoitalia.com\/de\/wp-json\/wp\/v2\/media\/40906"}],"wp:attachment":[{"href":"https:\/\/www.bagnoitalia.com\/de\/wp-json\/wp\/v2\/media?parent=81075"}],"wp:term":[{"taxonomy":"product_brand","embeddable":true,"href":"https:\/\/www.bagnoitalia.com\/de\/wp-json\/wp\/v2\/product_brand?post=81075"},{"taxonomy":"product_cat","embeddable":true,"href":"https:\/\/www.bagnoitalia.com\/de\/wp-json\/wp\/v2\/product_cat?post=81075"},{"taxonomy":"product_tag","embeddable":true,"href":"https:\/\/www.bagnoitalia.com\/de\/wp-json\/wp\/v2\/product_tag?post=81075"}],"curies":[{"name":"wp","href":"https:\/\/api.w.org\/{rel}","templated":true}]}}