{"id":81059,"date":"2018-04-05T15:06:27","date_gmt":"2018-04-05T13:06:27","guid":{"rendered":"https:\/\/www.bagnoitalia.com\/product\/platzsparendes-holly-42cm-wand-badmobel-in-4-farben-erhaltlich-inklusive-spiegel"},"modified":"2025-02-03T15:58:27","modified_gmt":"2025-02-03T14:58:27","slug":"platzsparendes-holly-42cm-wand-badmobel-in-4-farben-erhaltlich-inklusive-spiegel","status":"publish","type":"product","link":"https:\/\/www.bagnoitalia.com\/de\/produkt\/platzsparendes-holly-42cm-wand-badmobel-in-4-farben-erhaltlich-inklusive-spiegel.html","title":{"rendered":"Holly Bad-H\u00e4ngeschrank, 42cm, platzsparend, in 4 Farben erh\u00e4ltlich, Spiegel inklusive"},"content":{"rendered":"<p style=\"text-align: center;\"><span style=\"text-decoration: underline; color: #ff0000; font-size: 18pt;\"><strong>HOLLY 42cm Badezimmerschrank<\/strong><\/span><\/p>\n<p>Der platzsparende, wandmontierte MDF-Holzschrank Holly, bestehend aus einer T\u00fcr und einem Keramikwaschbecken, bietet Qualit\u00e4t zu einem unschlagbaren Preis und erf\u00fcllt die Bed\u00fcrfnisse derjenigen, die ein kleines Badm\u00f6bel (42x23x55,6 cm) suchen, aber nicht auf ein modernes Bad mit klaren und eleganten Linien verzichten wollen. Im Preis inbegriffen ist ein Spiegel mit kleiner Ablage (36,5&#215;12,5&#215;47 cm) und das Keramikwaschbecken mit \u00dcberlaufloch. Erh\u00e4ltlich in Eiche Alpin, Eiche Fass, Eiche Rauch, Eiche Craft<\/p>\n<p>Technische Daten:<\/p>\n<p>Ma\u00dfe: L42xB23XH55,6 cm<\/p>\n<p>Spiegel mit kleiner Ablage: 36,5xD12,5xH47 cm<br \/>\nStruktur aus MDF-Holz<br \/>\nVerf\u00fcgbare Farben: Eiche alpin, Eiche barrel, Eiche smoke, Eiche craft<br \/>\nKeramik-Waschtisch (mit \u00dcberlaufloch)<\/p>\n<p>Mischbatterie und Wandleuchter nicht inbegriffen<\/p>\n<p><span style=\"text-decoration: underline;\"><strong>NB: Sie k\u00f6nnen die Farbe des Schranks aus dem obigen Men\u00fc ausw\u00e4hlen<\/strong><\/span><\/p>\n<p>&nbsp;<\/p>\n<p>&nbsp;<\/p>\n<p>&nbsp;<\/p>\n<p>&nbsp;<\/p>\n<p>&nbsp;<\/p>\n<p>&nbsp;<\/p>\n<p>&nbsp;<\/p>\n<p>&nbsp;<\/p>\n<p>&nbsp;<\/p>\n<p>&nbsp;<\/p>\n<p>&nbsp;<\/p>\n<p>klein<\/p>\n","protected":false},"excerpt":{"rendered":"<p>Der 42cm gro\u00dfe Schrank Holly ist platzsparend und in 4 Farben erh\u00e4ltlich. Der Spiegel ist aus MDF-Holz.<\/p>\n","protected":false},"featured_media":40730,"comment_status":"open","ping_status":"closed","template":"","meta":[],"product_brand":[5006],"product_cat":[9716],"product_tag":[],"class_list":{"0":"post-81059","1":"product","2":"type-product","3":"status-publish","4":"has-post-thumbnail","6":"product_brand-deghi","7":"product_cat-badmobel-von-40-bis-70-cm-moderne-mobel","9":"first","10":"instock","11":"sale","12":"taxable","13":"shipping-taxable","14":"purchasable","15":"product-type-simple"},"exclude_global_add_ons":false,"addons":[{"name":"Farbe","type":"multiple_choice","position":0,"required":true,"title_format":"heading","default":"","description_enable":false,"description":"","placeholder_enable":false,"placeholder":"","display":"select","restrictions_type":"any_text","adjust_price":false,"price":"","price_type":"flat_fee","restrictions":false,"min":"0","max":"0","options":[{"label":"R\u00e4uchereiche","price":"","price_type":"quantity_based","image":0,"visibility":true},{"label":"NICHT VERF\u00dcGBAR - Eiche alpin","price":"","price_type":"quantity_based","image":0,"visibility":true},{"label":"Handwerkliche Eiche","price":"","price_type":"quantity_based","image":0,"visibility":true},{"label":"NICHT VERF\u00dcGBAR - Fass-Eiche","price":"","price_type":"quantity_based","image":0,"visibility":true}],"id":1717773864},{"name":"Applique","type":"multiple_choice","position":1,"required":true,"title_format":"heading","default":"","description_enable":false,"description":"","placeholder_enable":false,"placeholder":"","display":"select","restrictions_type":"any_text","adjust_price":false,"price":"","price_type":"flat_fee","restrictions":false,"min":"0","max":"0","options":[{"label":"nein","price":"","price_type":"quantity_based","image":0,"visibility":true},{"label":"led-scheinwerfer Chrom","price":"20","price_type":"quantity_based","image":0,"visibility":true},{"label":"led-scheinwerfer Mattschwarz","price":"25","price_type":"quantity_based","image":0,"visibility":true}],"id":1717773865}],"yoast_head":"<!-- This site is optimized with the Yoast SEO plugin v26.7 - https:\/\/yoast.com\/wordpress\/plugins\/seo\/ -->\n<title>Platzsparendes Holly 42cm Wand-Badm\u00f6bel in 4 Farben erh\u00e4ltlich, inklusive Spiegel<\/title>\n<meta name=\"description\" content=\"Holly 42cm platzsparender Badezimmerschrank 4 Farben erh\u00e4ltlich Spiegel aus MDF-Holz\" \/>\n<meta name=\"robots\" content=\"index, follow, max-snippet:-1, max-image-preview:large, max-video-preview:-1\" \/>\n<link rel=\"canonical\" href=\"https:\/\/www.bagnoitalia.com\/de\/produkt\/platzsparendes-holly-42cm-wand-badmobel-in-4-farben-erhaltlich-inklusive-spiegel.html\" \/>\n<meta property=\"og:locale\" content=\"de_DE\" \/>\n<meta property=\"og:type\" content=\"article\" \/>\n<meta property=\"og:title\" content=\"Platzsparendes Holly 42cm Wand-Badm\u00f6bel in 4 Farben erh\u00e4ltlich, inklusive Spiegel\" \/>\n<meta property=\"og:description\" content=\"Holly 42cm platzsparender Badezimmerschrank 4 Farben erh\u00e4ltlich Spiegel aus MDF-Holz\" \/>\n<meta property=\"og:url\" content=\"https:\/\/www.bagnoitalia.com\/de\/produkt\/platzsparendes-holly-42cm-wand-badmobel-in-4-farben-erhaltlich-inklusive-spiegel.html\" \/>\n<meta property=\"og:site_name\" content=\"Bagno Italia\" \/>\n<meta property=\"article:modified_time\" content=\"2025-02-03T14:58:27+00:00\" \/>\n<meta property=\"og:image\" content=\"https:\/\/img.bagnoitalia.com\/wp-content\/uploads\/virtuemart\/product\/mobile-bagno-sospeso-42-cm-collage.jpg\" \/>\n\t<meta property=\"og:image:width\" content=\"550\" \/>\n\t<meta property=\"og:image:height\" content=\"550\" \/>\n\t<meta property=\"og:image:type\" content=\"image\/jpeg\" \/>\n<meta name=\"twitter:card\" content=\"summary_large_image\" \/>\n<meta name=\"twitter:label1\" content=\"Gesch\u00e4tzte Lesezeit\" \/>\n\t<meta name=\"twitter:data1\" content=\"1\u00a0Minute\" \/>\n<script type=\"application\/ld+json\" class=\"yoast-schema-graph\">{\"@context\":\"https:\/\/schema.org\",\"@graph\":[{\"@type\":\"WebPage\",\"@id\":\"https:\/\/www.bagnoitalia.com\/de\/produkt\/platzsparendes-holly-42cm-wand-badmobel-in-4-farben-erhaltlich-inklusive-spiegel.html\",\"url\":\"https:\/\/www.bagnoitalia.com\/de\/produkt\/platzsparendes-holly-42cm-wand-badmobel-in-4-farben-erhaltlich-inklusive-spiegel.html\",\"name\":\"Platzsparendes Holly 42cm Wand-Badm\u00f6bel in 4 Farben erh\u00e4ltlich, inklusive Spiegel\",\"isPartOf\":{\"@id\":\"https:\/\/www.bagnoitalia.com\/de#website\"},\"primaryImageOfPage\":{\"@id\":\"https:\/\/www.bagnoitalia.com\/de\/produkt\/platzsparendes-holly-42cm-wand-badmobel-in-4-farben-erhaltlich-inklusive-spiegel.html#primaryimage\"},\"image\":{\"@id\":\"https:\/\/www.bagnoitalia.com\/de\/produkt\/platzsparendes-holly-42cm-wand-badmobel-in-4-farben-erhaltlich-inklusive-spiegel.html#primaryimage\"},\"thumbnailUrl\":\"https:\/\/img.bagnoitalia.com\/wp-content\/uploads\/virtuemart\/product\/mobile-bagno-sospeso-42-cm-collage.jpg\",\"datePublished\":\"2018-04-05T13:06:27+00:00\",\"dateModified\":\"2025-02-03T14:58:27+00:00\",\"description\":\"Holly 42cm platzsparender Badezimmerschrank 4 Farben erh\u00e4ltlich Spiegel aus MDF-Holz\",\"breadcrumb\":{\"@id\":\"https:\/\/www.bagnoitalia.com\/de\/produkt\/platzsparendes-holly-42cm-wand-badmobel-in-4-farben-erhaltlich-inklusive-spiegel.html#breadcrumb\"},\"inLanguage\":\"de\",\"potentialAction\":[{\"@type\":\"ReadAction\",\"target\":[\"https:\/\/www.bagnoitalia.com\/de\/produkt\/platzsparendes-holly-42cm-wand-badmobel-in-4-farben-erhaltlich-inklusive-spiegel.html\"]}]},{\"@type\":\"ImageObject\",\"inLanguage\":\"de\",\"@id\":\"https:\/\/www.bagnoitalia.com\/de\/produkt\/platzsparendes-holly-42cm-wand-badmobel-in-4-farben-erhaltlich-inklusive-spiegel.html#primaryimage\",\"url\":\"https:\/\/img.bagnoitalia.com\/wp-content\/uploads\/virtuemart\/product\/mobile-bagno-sospeso-42-cm-collage.jpg\",\"contentUrl\":\"https:\/\/img.bagnoitalia.com\/wp-content\/uploads\/virtuemart\/product\/mobile-bagno-sospeso-42-cm-collage.jpg\",\"width\":550,\"height\":550},{\"@type\":\"BreadcrumbList\",\"@id\":\"https:\/\/www.bagnoitalia.com\/de\/produkt\/platzsparendes-holly-42cm-wand-badmobel-in-4-farben-erhaltlich-inklusive-spiegel.html#breadcrumb\",\"itemListElement\":[{\"@type\":\"ListItem\",\"position\":1,\"name\":\"Home\",\"item\":\"https:\/\/www.bagnoitalia.com\/de\"},{\"@type\":\"ListItem\",\"position\":2,\"name\":\"Produkte\",\"item\":\"https:\/\/www.bagnoitalia.com\/de\/shop\"},{\"@type\":\"ListItem\",\"position\":3,\"name\":\"Holly Bad-H\u00e4ngeschrank, 42cm, platzsparend, in 4 Farben erh\u00e4ltlich, Spiegel inklusive\"}]},{\"@type\":\"WebSite\",\"@id\":\"https:\/\/www.bagnoitalia.com\/de#website\",\"url\":\"https:\/\/www.bagnoitalia.com\/de\",\"name\":\"Bagno Italia\",\"description\":\"\",\"publisher\":{\"@id\":\"https:\/\/www.bagnoitalia.com\/de#organization\"},\"potentialAction\":[{\"@type\":\"SearchAction\",\"target\":{\"@type\":\"EntryPoint\",\"urlTemplate\":\"https:\/\/www.bagnoitalia.com\/de?s={search_term_string}\"},\"query-input\":{\"@type\":\"PropertyValueSpecification\",\"valueRequired\":true,\"valueName\":\"search_term_string\"}}],\"inLanguage\":\"de\"},{\"@type\":\"Organization\",\"@id\":\"https:\/\/www.bagnoitalia.com\/de#organization\",\"name\":\"Bagno Italia\",\"url\":\"https:\/\/www.bagnoitalia.com\/de\",\"logo\":{\"@type\":\"ImageObject\",\"inLanguage\":\"de\",\"@id\":\"https:\/\/www.bagnoitalia.com\/de#\/schema\/logo\/image\/\",\"url\":\"https:\/\/img.bagnoitalia.com\/wp-content\/uploads\/logo-bagnoitalia.webp\",\"contentUrl\":\"https:\/\/img.bagnoitalia.com\/wp-content\/uploads\/logo-bagnoitalia.webp\",\"width\":400,\"height\":70,\"caption\":\"Bagno Italia\"},\"image\":{\"@id\":\"https:\/\/www.bagnoitalia.com\/de#\/schema\/logo\/image\/\"}}]}<\/script>\n<!-- \/ Yoast SEO plugin. -->","yoast_head_json":{"title":"Platzsparendes Holly 42cm Wand-Badm\u00f6bel in 4 Farben erh\u00e4ltlich, inklusive Spiegel","description":"Holly 42cm platzsparender Badezimmerschrank 4 Farben erh\u00e4ltlich Spiegel aus MDF-Holz","robots":{"index":"index","follow":"follow","max-snippet":"max-snippet:-1","max-image-preview":"max-image-preview:large","max-video-preview":"max-video-preview:-1"},"canonical":"https:\/\/www.bagnoitalia.com\/de\/produkt\/platzsparendes-holly-42cm-wand-badmobel-in-4-farben-erhaltlich-inklusive-spiegel.html","og_locale":"de_DE","og_type":"article","og_title":"Platzsparendes Holly 42cm Wand-Badm\u00f6bel in 4 Farben erh\u00e4ltlich, inklusive Spiegel","og_description":"Holly 42cm platzsparender Badezimmerschrank 4 Farben erh\u00e4ltlich Spiegel aus MDF-Holz","og_url":"https:\/\/www.bagnoitalia.com\/de\/produkt\/platzsparendes-holly-42cm-wand-badmobel-in-4-farben-erhaltlich-inklusive-spiegel.html","og_site_name":"Bagno Italia","article_modified_time":"2025-02-03T14:58:27+00:00","og_image":[{"width":550,"height":550,"url":"https:\/\/img.bagnoitalia.com\/wp-content\/uploads\/virtuemart\/product\/mobile-bagno-sospeso-42-cm-collage.jpg","type":"image\/jpeg"}],"twitter_card":"summary_large_image","twitter_misc":{"Gesch\u00e4tzte Lesezeit":"1\u00a0Minute"},"schema":{"@context":"https:\/\/schema.org","@graph":[{"@type":"WebPage","@id":"https:\/\/www.bagnoitalia.com\/de\/produkt\/platzsparendes-holly-42cm-wand-badmobel-in-4-farben-erhaltlich-inklusive-spiegel.html","url":"https:\/\/www.bagnoitalia.com\/de\/produkt\/platzsparendes-holly-42cm-wand-badmobel-in-4-farben-erhaltlich-inklusive-spiegel.html","name":"Platzsparendes Holly 42cm Wand-Badm\u00f6bel in 4 Farben erh\u00e4ltlich, inklusive Spiegel","isPartOf":{"@id":"https:\/\/www.bagnoitalia.com\/de#website"},"primaryImageOfPage":{"@id":"https:\/\/www.bagnoitalia.com\/de\/produkt\/platzsparendes-holly-42cm-wand-badmobel-in-4-farben-erhaltlich-inklusive-spiegel.html#primaryimage"},"image":{"@id":"https:\/\/www.bagnoitalia.com\/de\/produkt\/platzsparendes-holly-42cm-wand-badmobel-in-4-farben-erhaltlich-inklusive-spiegel.html#primaryimage"},"thumbnailUrl":"https:\/\/img.bagnoitalia.com\/wp-content\/uploads\/virtuemart\/product\/mobile-bagno-sospeso-42-cm-collage.jpg","datePublished":"2018-04-05T13:06:27+00:00","dateModified":"2025-02-03T14:58:27+00:00","description":"Holly 42cm platzsparender Badezimmerschrank 4 Farben erh\u00e4ltlich Spiegel aus MDF-Holz","breadcrumb":{"@id":"https:\/\/www.bagnoitalia.com\/de\/produkt\/platzsparendes-holly-42cm-wand-badmobel-in-4-farben-erhaltlich-inklusive-spiegel.html#breadcrumb"},"inLanguage":"de","potentialAction":[{"@type":"ReadAction","target":["https:\/\/www.bagnoitalia.com\/de\/produkt\/platzsparendes-holly-42cm-wand-badmobel-in-4-farben-erhaltlich-inklusive-spiegel.html"]}]},{"@type":"ImageObject","inLanguage":"de","@id":"https:\/\/www.bagnoitalia.com\/de\/produkt\/platzsparendes-holly-42cm-wand-badmobel-in-4-farben-erhaltlich-inklusive-spiegel.html#primaryimage","url":"https:\/\/img.bagnoitalia.com\/wp-content\/uploads\/virtuemart\/product\/mobile-bagno-sospeso-42-cm-collage.jpg","contentUrl":"https:\/\/img.bagnoitalia.com\/wp-content\/uploads\/virtuemart\/product\/mobile-bagno-sospeso-42-cm-collage.jpg","width":550,"height":550},{"@type":"BreadcrumbList","@id":"https:\/\/www.bagnoitalia.com\/de\/produkt\/platzsparendes-holly-42cm-wand-badmobel-in-4-farben-erhaltlich-inklusive-spiegel.html#breadcrumb","itemListElement":[{"@type":"ListItem","position":1,"name":"Home","item":"https:\/\/www.bagnoitalia.com\/de"},{"@type":"ListItem","position":2,"name":"Produkte","item":"https:\/\/www.bagnoitalia.com\/de\/shop"},{"@type":"ListItem","position":3,"name":"Holly Bad-H\u00e4ngeschrank, 42cm, platzsparend, in 4 Farben erh\u00e4ltlich, Spiegel inklusive"}]},{"@type":"WebSite","@id":"https:\/\/www.bagnoitalia.com\/de#website","url":"https:\/\/www.bagnoitalia.com\/de","name":"Bagno Italia","description":"","publisher":{"@id":"https:\/\/www.bagnoitalia.com\/de#organization"},"potentialAction":[{"@type":"SearchAction","target":{"@type":"EntryPoint","urlTemplate":"https:\/\/www.bagnoitalia.com\/de?s={search_term_string}"},"query-input":{"@type":"PropertyValueSpecification","valueRequired":true,"valueName":"search_term_string"}}],"inLanguage":"de"},{"@type":"Organization","@id":"https:\/\/www.bagnoitalia.com\/de#organization","name":"Bagno Italia","url":"https:\/\/www.bagnoitalia.com\/de","logo":{"@type":"ImageObject","inLanguage":"de","@id":"https:\/\/www.bagnoitalia.com\/de#\/schema\/logo\/image\/","url":"https:\/\/img.bagnoitalia.com\/wp-content\/uploads\/logo-bagnoitalia.webp","contentUrl":"https:\/\/img.bagnoitalia.com\/wp-content\/uploads\/logo-bagnoitalia.webp","width":400,"height":70,"caption":"Bagno Italia"},"image":{"@id":"https:\/\/www.bagnoitalia.com\/de#\/schema\/logo\/image\/"}}]}},"_links":{"self":[{"href":"https:\/\/www.bagnoitalia.com\/de\/wp-json\/wp\/v2\/product\/81059","targetHints":{"allow":["GET"]}}],"collection":[{"href":"https:\/\/www.bagnoitalia.com\/de\/wp-json\/wp\/v2\/product"}],"about":[{"href":"https:\/\/www.bagnoitalia.com\/de\/wp-json\/wp\/v2\/types\/product"}],"replies":[{"embeddable":true,"href":"https:\/\/www.bagnoitalia.com\/de\/wp-json\/wp\/v2\/comments?post=81059"}],"version-history":[{"count":1,"href":"https:\/\/www.bagnoitalia.com\/de\/wp-json\/wp\/v2\/product\/81059\/revisions"}],"predecessor-version":[{"id":89689,"href":"https:\/\/www.bagnoitalia.com\/de\/wp-json\/wp\/v2\/product\/81059\/revisions\/89689"}],"wp:featuredmedia":[{"embeddable":true,"href":"https:\/\/www.bagnoitalia.com\/de\/wp-json\/wp\/v2\/media\/40730"}],"wp:attachment":[{"href":"https:\/\/www.bagnoitalia.com\/de\/wp-json\/wp\/v2\/media?parent=81059"}],"wp:term":[{"taxonomy":"product_brand","embeddable":true,"href":"https:\/\/www.bagnoitalia.com\/de\/wp-json\/wp\/v2\/product_brand?post=81059"},{"taxonomy":"product_cat","embeddable":true,"href":"https:\/\/www.bagnoitalia.com\/de\/wp-json\/wp\/v2\/product_cat?post=81059"},{"taxonomy":"product_tag","embeddable":true,"href":"https:\/\/www.bagnoitalia.com\/de\/wp-json\/wp\/v2\/product_tag?post=81059"}],"curies":[{"name":"wp","href":"https:\/\/api.w.org\/{rel}","templated":true}]}}