{"id":81031,"date":"2018-03-29T09:57:06","date_gmt":"2018-03-29T07:57:06","guid":{"rendered":"https:\/\/www.bagnoitalia.com\/product\/bad-cm-133x67x101-tur-mit-nach-rechts-oder-links-offnendem-vs081"},"modified":"2024-05-22T10:50:28","modified_gmt":"2024-05-22T08:50:28","slug":"bad-cm-133x67x101-tur-mit-nach-rechts-oder-links-offnendem-vs081","status":"publish","type":"product","link":"https:\/\/www.bagnoitalia.com\/de\/produkt\/bad-cm-133x67x101-tur-mit-nach-rechts-oder-links-offnendem-vs081.html","title":{"rendered":"VS081 Badewanne, 133x67x101cm, mit T\u00fcr"},"content":{"rendered":"<p><span style=\"color: #000000; text-decoration: underline;\"><strong><span style=\"font-size: 14pt;\">VS081 Badewanne mit T\u00fcr<\/span><\/strong><\/span><\/p>\n<p>Die Badewanne bietet absoluten Komfort und Sicherheit Dank des rutschfesten Bodens und der T\u00fcr, die einen einfachen Zugang erm\u00f6glicht.<\/p>\n<p>Aus diesem Grund ist das Produkt besonders f\u00fcr \u00e4ltere Personen oder jene mit motorischen Problemen geeignet.<\/p>\n<p>Im Men\u00fc kann ausgew\u00e4hlt werden, ob die T\u00fcr nach links oder rechts ge\u00f6ffnet werden soll.<\/p>\n<p>&nbsp;<\/p>\n<p><span style=\"text-decoration: underline;\">Eigenschfaten:<br style=\"clear: left;\" \/><\/span><\/p>\n<p>Gr\u00f6\u00dfe: 133x67x101cm<\/p>\n<p>Material: Glasfaser<\/p>\n<p>T\u00fcr: \u00d6ffnung nach innen<\/p>\n<p>Erh\u00f6hter Sitz<\/p>\n<p>Leicht zu reinigen<\/p>\n<p>Absperrvorrichtung enthalten<\/p>\n<p>Kopfst\u00fctzkissen enthalten<\/p>\n<p>Griffe<\/p>\n<p>&nbsp;<\/p>\n<p><strong>\u00d6FFNUNG VON RECHTS:<\/strong><\/p>\n<p><img fetchpriority=\"high\" decoding=\"async\" class=\" size-full wp-image-40490\" src=\"https:\/\/img.bagnoitalia.com\/wp-content\/uploads\/grafiche\/vasca-da-bagno-133x67x101-apertura-porta-destra-verso-interno.JPG\" alt=\"\" width=\"478\" height=\"478\" srcset=\"https:\/\/img.bagnoitalia.com\/wp-content\/uploads\/grafiche\/vasca-da-bagno-133x67x101-apertura-porta-destra-verso-interno.JPG 550w, https:\/\/img.bagnoitalia.com\/wp-content\/uploads\/grafiche\/vasca-da-bagno-133x67x101-apertura-porta-destra-verso-interno-441x441.jpg 441w, https:\/\/img.bagnoitalia.com\/wp-content\/uploads\/grafiche\/vasca-da-bagno-133x67x101-apertura-porta-destra-verso-interno-100x100.jpg 100w, https:\/\/img.bagnoitalia.com\/wp-content\/uploads\/grafiche\/vasca-da-bagno-133x67x101-apertura-porta-destra-verso-interno-150x150.jpg 150w\" sizes=\"(max-width: 478px) 100vw, 478px\" \/><\/p>\n<p>&nbsp;<\/p>\n<p>&nbsp;<\/p>\n","protected":false},"excerpt":{"rendered":"<p>VS081 Badewanne mit T\u00fcr f\u00fcr einen bequemen und sicheren Zugang. Die T\u00fcr \u00f6ffnet sich nach innen. Auf Wunsch bringen wir sie mit rechter oder linker \u00d6ffnung an.<\/p>\n","protected":false},"featured_media":40446,"comment_status":"open","ping_status":"closed","template":"","meta":[],"product_brand":[5018],"product_cat":[9965],"product_tag":[],"class_list":{"0":"post-81031","1":"product","2":"type-product","3":"status-publish","4":"has-post-thumbnail","6":"product_brand-brand-store","7":"product_cat-tubs-whith-door-de","9":"first","10":"instock","11":"sale","12":"taxable","13":"shipping-taxable","14":"purchasable","15":"product-type-simple"},"exclude_global_add_ons":false,"addons":[{"name":"Typologie","type":"multiple_choice","position":0,"required":true,"title_format":"heading","default":"","description_enable":false,"description":"","placeholder_enable":false,"placeholder":"","display":"select","restrictions_type":"any_text","adjust_price":false,"price":"","price_type":"flat_fee","restrictions":false,"min":"0","max":"0","options":[{"label":"\u00d6ffnung auf der linken Seite - SINISTRA","price":"","price_type":"quantity_based","image":0,"visibility":true},{"label":"\u00d6ffnung auf der rechten Seite - DESTRA","price":"","price_type":"quantity_based","image":0,"visibility":true}],"id":1716375028}],"yoast_head":"<!-- This site is optimized with the Yoast SEO plugin v26.7 - https:\/\/yoast.com\/wordpress\/plugins\/seo\/ -->\n<title>Bad cm 133x67x101 T\u00fcr mit nach rechts oder links \u00f6ffnendem VS081<\/title>\n<meta name=\"description\" content=\"Badewanne mit Seitent\u00fcr f\u00fcr einen bequemen Zugang und in absoluter Sicherheit.\" \/>\n<meta name=\"robots\" content=\"index, follow, max-snippet:-1, max-image-preview:large, max-video-preview:-1\" \/>\n<link rel=\"canonical\" href=\"https:\/\/www.bagnoitalia.com\/de\/produkt\/bad-cm-133x67x101-tur-mit-nach-rechts-oder-links-offnendem-vs081.html\" \/>\n<meta property=\"og:locale\" content=\"de_DE\" \/>\n<meta property=\"og:type\" content=\"article\" \/>\n<meta property=\"og:title\" content=\"Bad cm 133x67x101 T\u00fcr mit nach rechts oder links \u00f6ffnendem VS081\" \/>\n<meta property=\"og:description\" content=\"Badewanne mit Seitent\u00fcr f\u00fcr einen bequemen Zugang und in absoluter Sicherheit.\" \/>\n<meta property=\"og:url\" content=\"https:\/\/www.bagnoitalia.com\/de\/produkt\/bad-cm-133x67x101-tur-mit-nach-rechts-oder-links-offnendem-vs081.html\" \/>\n<meta property=\"og:site_name\" content=\"Bagno Italia\" \/>\n<meta property=\"article:modified_time\" content=\"2024-05-22T08:50:28+00:00\" \/>\n<meta property=\"og:image\" content=\"https:\/\/img.bagnoitalia.com\/wp-content\/uploads\/virtuemart\/product\/133x67x110-bathtub-1_1541779841_626.jpg\" \/>\n\t<meta property=\"og:image:width\" content=\"550\" \/>\n\t<meta property=\"og:image:height\" content=\"550\" \/>\n\t<meta property=\"og:image:type\" content=\"image\/jpeg\" \/>\n<meta name=\"twitter:card\" content=\"summary_large_image\" \/>\n<meta name=\"twitter:label1\" content=\"Gesch\u00e4tzte Lesezeit\" \/>\n\t<meta name=\"twitter:data1\" content=\"1\u00a0Minute\" \/>\n<script type=\"application\/ld+json\" class=\"yoast-schema-graph\">{\"@context\":\"https:\/\/schema.org\",\"@graph\":[{\"@type\":\"WebPage\",\"@id\":\"https:\/\/www.bagnoitalia.com\/de\/produkt\/bad-cm-133x67x101-tur-mit-nach-rechts-oder-links-offnendem-vs081.html\",\"url\":\"https:\/\/www.bagnoitalia.com\/de\/produkt\/bad-cm-133x67x101-tur-mit-nach-rechts-oder-links-offnendem-vs081.html\",\"name\":\"Bad cm 133x67x101 T\u00fcr mit nach rechts oder links \u00f6ffnendem VS081\",\"isPartOf\":{\"@id\":\"https:\/\/www.bagnoitalia.com\/de#website\"},\"primaryImageOfPage\":{\"@id\":\"https:\/\/www.bagnoitalia.com\/de\/produkt\/bad-cm-133x67x101-tur-mit-nach-rechts-oder-links-offnendem-vs081.html#primaryimage\"},\"image\":{\"@id\":\"https:\/\/www.bagnoitalia.com\/de\/produkt\/bad-cm-133x67x101-tur-mit-nach-rechts-oder-links-offnendem-vs081.html#primaryimage\"},\"thumbnailUrl\":\"https:\/\/img.bagnoitalia.com\/wp-content\/uploads\/virtuemart\/product\/133x67x110-bathtub-1_1541779841_626.jpg\",\"datePublished\":\"2018-03-29T07:57:06+00:00\",\"dateModified\":\"2024-05-22T08:50:28+00:00\",\"description\":\"Badewanne mit Seitent\u00fcr f\u00fcr einen bequemen Zugang und in absoluter Sicherheit.\",\"breadcrumb\":{\"@id\":\"https:\/\/www.bagnoitalia.com\/de\/produkt\/bad-cm-133x67x101-tur-mit-nach-rechts-oder-links-offnendem-vs081.html#breadcrumb\"},\"inLanguage\":\"de\",\"potentialAction\":[{\"@type\":\"ReadAction\",\"target\":[\"https:\/\/www.bagnoitalia.com\/de\/produkt\/bad-cm-133x67x101-tur-mit-nach-rechts-oder-links-offnendem-vs081.html\"]}]},{\"@type\":\"ImageObject\",\"inLanguage\":\"de\",\"@id\":\"https:\/\/www.bagnoitalia.com\/de\/produkt\/bad-cm-133x67x101-tur-mit-nach-rechts-oder-links-offnendem-vs081.html#primaryimage\",\"url\":\"https:\/\/img.bagnoitalia.com\/wp-content\/uploads\/virtuemart\/product\/133x67x110-bathtub-1_1541779841_626.jpg\",\"contentUrl\":\"https:\/\/img.bagnoitalia.com\/wp-content\/uploads\/virtuemart\/product\/133x67x110-bathtub-1_1541779841_626.jpg\",\"width\":550,\"height\":550},{\"@type\":\"BreadcrumbList\",\"@id\":\"https:\/\/www.bagnoitalia.com\/de\/produkt\/bad-cm-133x67x101-tur-mit-nach-rechts-oder-links-offnendem-vs081.html#breadcrumb\",\"itemListElement\":[{\"@type\":\"ListItem\",\"position\":1,\"name\":\"Home\",\"item\":\"https:\/\/www.bagnoitalia.com\/de\"},{\"@type\":\"ListItem\",\"position\":2,\"name\":\"Produkte\",\"item\":\"https:\/\/www.bagnoitalia.com\/de\/shop\"},{\"@type\":\"ListItem\",\"position\":3,\"name\":\"VS081 Badewanne, 133x67x101cm, mit T\u00fcr\"}]},{\"@type\":\"WebSite\",\"@id\":\"https:\/\/www.bagnoitalia.com\/de#website\",\"url\":\"https:\/\/www.bagnoitalia.com\/de\",\"name\":\"Bagno Italia\",\"description\":\"\",\"publisher\":{\"@id\":\"https:\/\/www.bagnoitalia.com\/de#organization\"},\"potentialAction\":[{\"@type\":\"SearchAction\",\"target\":{\"@type\":\"EntryPoint\",\"urlTemplate\":\"https:\/\/www.bagnoitalia.com\/de?s={search_term_string}\"},\"query-input\":{\"@type\":\"PropertyValueSpecification\",\"valueRequired\":true,\"valueName\":\"search_term_string\"}}],\"inLanguage\":\"de\"},{\"@type\":\"Organization\",\"@id\":\"https:\/\/www.bagnoitalia.com\/de#organization\",\"name\":\"Bagno Italia\",\"url\":\"https:\/\/www.bagnoitalia.com\/de\",\"logo\":{\"@type\":\"ImageObject\",\"inLanguage\":\"de\",\"@id\":\"https:\/\/www.bagnoitalia.com\/de#\/schema\/logo\/image\/\",\"url\":\"https:\/\/img.bagnoitalia.com\/wp-content\/uploads\/logo-bagnoitalia.webp\",\"contentUrl\":\"https:\/\/img.bagnoitalia.com\/wp-content\/uploads\/logo-bagnoitalia.webp\",\"width\":400,\"height\":70,\"caption\":\"Bagno Italia\"},\"image\":{\"@id\":\"https:\/\/www.bagnoitalia.com\/de#\/schema\/logo\/image\/\"}}]}<\/script>\n<!-- \/ Yoast SEO plugin. -->","yoast_head_json":{"title":"Bad cm 133x67x101 T\u00fcr mit nach rechts oder links \u00f6ffnendem VS081","description":"Badewanne mit Seitent\u00fcr f\u00fcr einen bequemen Zugang und in absoluter Sicherheit.","robots":{"index":"index","follow":"follow","max-snippet":"max-snippet:-1","max-image-preview":"max-image-preview:large","max-video-preview":"max-video-preview:-1"},"canonical":"https:\/\/www.bagnoitalia.com\/de\/produkt\/bad-cm-133x67x101-tur-mit-nach-rechts-oder-links-offnendem-vs081.html","og_locale":"de_DE","og_type":"article","og_title":"Bad cm 133x67x101 T\u00fcr mit nach rechts oder links \u00f6ffnendem VS081","og_description":"Badewanne mit Seitent\u00fcr f\u00fcr einen bequemen Zugang und in absoluter Sicherheit.","og_url":"https:\/\/www.bagnoitalia.com\/de\/produkt\/bad-cm-133x67x101-tur-mit-nach-rechts-oder-links-offnendem-vs081.html","og_site_name":"Bagno Italia","article_modified_time":"2024-05-22T08:50:28+00:00","og_image":[{"width":550,"height":550,"url":"https:\/\/img.bagnoitalia.com\/wp-content\/uploads\/virtuemart\/product\/133x67x110-bathtub-1_1541779841_626.jpg","type":"image\/jpeg"}],"twitter_card":"summary_large_image","twitter_misc":{"Gesch\u00e4tzte Lesezeit":"1\u00a0Minute"},"schema":{"@context":"https:\/\/schema.org","@graph":[{"@type":"WebPage","@id":"https:\/\/www.bagnoitalia.com\/de\/produkt\/bad-cm-133x67x101-tur-mit-nach-rechts-oder-links-offnendem-vs081.html","url":"https:\/\/www.bagnoitalia.com\/de\/produkt\/bad-cm-133x67x101-tur-mit-nach-rechts-oder-links-offnendem-vs081.html","name":"Bad cm 133x67x101 T\u00fcr mit nach rechts oder links \u00f6ffnendem VS081","isPartOf":{"@id":"https:\/\/www.bagnoitalia.com\/de#website"},"primaryImageOfPage":{"@id":"https:\/\/www.bagnoitalia.com\/de\/produkt\/bad-cm-133x67x101-tur-mit-nach-rechts-oder-links-offnendem-vs081.html#primaryimage"},"image":{"@id":"https:\/\/www.bagnoitalia.com\/de\/produkt\/bad-cm-133x67x101-tur-mit-nach-rechts-oder-links-offnendem-vs081.html#primaryimage"},"thumbnailUrl":"https:\/\/img.bagnoitalia.com\/wp-content\/uploads\/virtuemart\/product\/133x67x110-bathtub-1_1541779841_626.jpg","datePublished":"2018-03-29T07:57:06+00:00","dateModified":"2024-05-22T08:50:28+00:00","description":"Badewanne mit Seitent\u00fcr f\u00fcr einen bequemen Zugang und in absoluter Sicherheit.","breadcrumb":{"@id":"https:\/\/www.bagnoitalia.com\/de\/produkt\/bad-cm-133x67x101-tur-mit-nach-rechts-oder-links-offnendem-vs081.html#breadcrumb"},"inLanguage":"de","potentialAction":[{"@type":"ReadAction","target":["https:\/\/www.bagnoitalia.com\/de\/produkt\/bad-cm-133x67x101-tur-mit-nach-rechts-oder-links-offnendem-vs081.html"]}]},{"@type":"ImageObject","inLanguage":"de","@id":"https:\/\/www.bagnoitalia.com\/de\/produkt\/bad-cm-133x67x101-tur-mit-nach-rechts-oder-links-offnendem-vs081.html#primaryimage","url":"https:\/\/img.bagnoitalia.com\/wp-content\/uploads\/virtuemart\/product\/133x67x110-bathtub-1_1541779841_626.jpg","contentUrl":"https:\/\/img.bagnoitalia.com\/wp-content\/uploads\/virtuemart\/product\/133x67x110-bathtub-1_1541779841_626.jpg","width":550,"height":550},{"@type":"BreadcrumbList","@id":"https:\/\/www.bagnoitalia.com\/de\/produkt\/bad-cm-133x67x101-tur-mit-nach-rechts-oder-links-offnendem-vs081.html#breadcrumb","itemListElement":[{"@type":"ListItem","position":1,"name":"Home","item":"https:\/\/www.bagnoitalia.com\/de"},{"@type":"ListItem","position":2,"name":"Produkte","item":"https:\/\/www.bagnoitalia.com\/de\/shop"},{"@type":"ListItem","position":3,"name":"VS081 Badewanne, 133x67x101cm, mit T\u00fcr"}]},{"@type":"WebSite","@id":"https:\/\/www.bagnoitalia.com\/de#website","url":"https:\/\/www.bagnoitalia.com\/de","name":"Bagno Italia","description":"","publisher":{"@id":"https:\/\/www.bagnoitalia.com\/de#organization"},"potentialAction":[{"@type":"SearchAction","target":{"@type":"EntryPoint","urlTemplate":"https:\/\/www.bagnoitalia.com\/de?s={search_term_string}"},"query-input":{"@type":"PropertyValueSpecification","valueRequired":true,"valueName":"search_term_string"}}],"inLanguage":"de"},{"@type":"Organization","@id":"https:\/\/www.bagnoitalia.com\/de#organization","name":"Bagno Italia","url":"https:\/\/www.bagnoitalia.com\/de","logo":{"@type":"ImageObject","inLanguage":"de","@id":"https:\/\/www.bagnoitalia.com\/de#\/schema\/logo\/image\/","url":"https:\/\/img.bagnoitalia.com\/wp-content\/uploads\/logo-bagnoitalia.webp","contentUrl":"https:\/\/img.bagnoitalia.com\/wp-content\/uploads\/logo-bagnoitalia.webp","width":400,"height":70,"caption":"Bagno Italia"},"image":{"@id":"https:\/\/www.bagnoitalia.com\/de#\/schema\/logo\/image\/"}}]}},"_links":{"self":[{"href":"https:\/\/www.bagnoitalia.com\/de\/wp-json\/wp\/v2\/product\/81031","targetHints":{"allow":["GET"]}}],"collection":[{"href":"https:\/\/www.bagnoitalia.com\/de\/wp-json\/wp\/v2\/product"}],"about":[{"href":"https:\/\/www.bagnoitalia.com\/de\/wp-json\/wp\/v2\/types\/product"}],"replies":[{"embeddable":true,"href":"https:\/\/www.bagnoitalia.com\/de\/wp-json\/wp\/v2\/comments?post=81031"}],"version-history":[{"count":1,"href":"https:\/\/www.bagnoitalia.com\/de\/wp-json\/wp\/v2\/product\/81031\/revisions"}],"predecessor-version":[{"id":87360,"href":"https:\/\/www.bagnoitalia.com\/de\/wp-json\/wp\/v2\/product\/81031\/revisions\/87360"}],"wp:featuredmedia":[{"embeddable":true,"href":"https:\/\/www.bagnoitalia.com\/de\/wp-json\/wp\/v2\/media\/40446"}],"wp:attachment":[{"href":"https:\/\/www.bagnoitalia.com\/de\/wp-json\/wp\/v2\/media?parent=81031"}],"wp:term":[{"taxonomy":"product_brand","embeddable":true,"href":"https:\/\/www.bagnoitalia.com\/de\/wp-json\/wp\/v2\/product_brand?post=81031"},{"taxonomy":"product_cat","embeddable":true,"href":"https:\/\/www.bagnoitalia.com\/de\/wp-json\/wp\/v2\/product_cat?post=81031"},{"taxonomy":"product_tag","embeddable":true,"href":"https:\/\/www.bagnoitalia.com\/de\/wp-json\/wp\/v2\/product_tag?post=81031"}],"curies":[{"name":"wp","href":"https:\/\/api.w.org\/{rel}","templated":true}]}}