{"id":81027,"date":"2018-03-26T09:40:04","date_gmt":"2018-03-26T07:40:04","guid":{"rendered":"https:\/\/www.bagnoitalia.com\/product\/60-90-oder-120-cm-fach-fur-waschtisch-in-zwei-farben-auch-mit-schubladenschrank"},"modified":"2024-06-03T15:43:43","modified_gmt":"2024-06-03T13:43:43","slug":"60-90-oder-120-cm-fach-fur-waschtisch-in-zwei-farben-auch-mit-schubladenschrank","status":"publish","type":"product","link":"https:\/\/www.bagnoitalia.com\/de\/produkt\/60-90-oder-120-cm-fach-fur-waschtisch-in-zwei-farben-auch-mit-schubladenschrank.html","title":{"rendered":"Ablage f\u00fcr Waschbecken, 60, 90 oder 120cm, in zwei Farben, mit Schubladen erh\u00e4ltlich"},"content":{"rendered":"<p><strong>Ablage <\/strong>erh\u00e4ltlich in den Gr\u00f6\u00dfen:<\/p>\n<p>&#8211; 60x43x8cm<\/p>\n<p>&#8211; 90x43x8cm<\/p>\n<p>&#8211; 120x43x8cm<\/p>\n<p>&nbsp;<\/p>\n<p>Das Loch f\u00fcr den Wasserhahn ist nicht vorhanden, kann aber schnell und leicht von Ihrem Klempner gebohrt werden.<\/p>\n<p>&nbsp;<\/p>\n<p>Es k\u00f6nnen aus dem Seitenmen\u00fc 1 oder 2 <strong>Schubladen<\/strong> zu 50x43x30cm hinzugef\u00fcgt werden.<\/p>\n<p>&nbsp;<\/p>\n<p>Schranks\u00e4ule nicht enthalten: <a href=\"pensile-da-bagno-a-giorno-o-con-anta-in-diverse-misure-bianco-nero-rosso-grigio-talpa-rovere-soft.html\"><strong>Wandelemente<\/strong> <strong>(hier klicken)<\/strong><\/a> und <a href=\"colonna-35x140hx20-disponibile-in-nuovi-colori.html\"><strong>S\u00e4ulen (hier klicken)<\/strong><\/a><\/p>\n<p>&nbsp;<\/p>\n<p><strong>Eigenschaften:<\/strong><\/p>\n<p>Beschichtung aus wasserabweisendem und kratzfestem 0,4mm-Polymerblatt, das eine lange Lebensdauer und Zuverl\u00e4ssigkeit garantiert.<br \/>\nUmrandete FOLDING-Struktur.<br \/>\nEinges\u00e4umte Frontalarbeiten<br \/>\nSoft-close-System<br \/>\nALUMINIUM Schublade<br \/>\nKommode mit PUSH-\u00d6ffnung<\/p>\n<p>Erh\u00e4ltlich in den Farben: wei\u00df, tabakbraun oder Eiche.<\/p>\n<p>ACHTUNG: die Farbe Kiefer gebleicht ist nicht mehr erh\u00e4ltlich, sie wird nicht mehr produziert<\/p>\n<p>&nbsp;<\/p>\n<p>Spiegel nicht im Preis enthalten; Sie k\u00f6nnen es in der <a href=\"specchiere\"><span style=\"font-size: 12pt;\">Spiegelkategorie<\/span><\/a> kaufen.<\/p>\n<p>St\u00fctzwaschbecken nicht im Preis enthalten, diese sind in der Kategorie <a href=\"lavabi-dappoggio\"><span style=\"font-size: 12pt;\">St\u00fctzwaschtische<\/span><\/a> zu finden.<\/p>\n<p>&nbsp;<\/p>\n<p>&nbsp;<\/p>\n","protected":false},"excerpt":{"rendered":"<p>Die Ablage ist in wei\u00df, tabakbraun oder Eiche erh\u00e4ltlich. Es kann eine Schubblade hinzugef\u00fcgt werden.<\/p>\n","protected":false},"featured_media":40378,"comment_status":"open","ping_status":"closed","template":"","meta":[],"product_brand":[9898],"product_cat":[9962,9716,9720,9724],"product_tag":[],"class_list":{"0":"post-81027","1":"product","2":"type-product","3":"status-publish","4":"has-post-thumbnail","6":"product_brand-baden-haus-de","7":"product_cat-showroom-de","8":"product_cat-badmobel-von-40-bis-70-cm-moderne-mobel","9":"product_cat-badmobel-von-71-bis-100-cm-moderne-mobel","10":"product_cat-badmobel-von-101-bis-220-cm-moderne-mobel","12":"first","13":"instock","14":"sale","15":"taxable","16":"shipping-taxable","17":"purchasable","18":"product-type-simple"},"exclude_global_add_ons":false,"addons":[{"name":"Abmessungen","type":"multiple_choice","position":0,"required":true,"title_format":"heading","default":"","description_enable":false,"description":"","placeholder_enable":false,"placeholder":"","display":"select","restrictions_type":"any_text","adjust_price":false,"price":"","price_type":"flat_fee","restrictions":false,"min":"0","max":"0","options":[{"label":"60x43x8 cm","price":"","price_type":"quantity_based","image":0,"visibility":true},{"label":"90x43x8 cm","price":"20","price_type":"quantity_based","image":0,"visibility":true},{"label":"120x43x8 cm","price":"40","price_type":"quantity_based","image":0,"visibility":true}],"id":1717429424},{"name":"Kommode mit Schubladen","type":"multiple_choice","position":1,"required":true,"title_format":"heading","default":"","description_enable":false,"description":"","placeholder_enable":false,"placeholder":"","display":"select","restrictions_type":"any_text","adjust_price":false,"price":"","price_type":"flat_fee","restrictions":false,"min":"0","max":"0","options":[{"label":"Nein","price":"","price_type":"quantity_based","image":0,"visibility":true},{"label":"1 Schubladenblock - 50x43x30 cm","price":"183","price_type":"quantity_based","image":0,"visibility":true},{"label":"2 Kommoden - 50x43x30 cm","price":"366","price_type":"quantity_based","image":0,"visibility":true},{"label":"1 Kommode - 75x43x30 cm","price":"199","price_type":"quantity_based","image":0,"visibility":true},{"label":"2 Kommoden - 75x43x30 cm","price":"398","price_type":"quantity_based","image":0,"visibility":true}],"id":1717429425},{"name":"Farbe","type":"multiple_choice","position":2,"required":true,"title_format":"heading","default":"","description_enable":false,"description":"","placeholder_enable":false,"placeholder":"","display":"select","restrictions_type":"any_text","adjust_price":false,"price":"","price_type":"flat_fee","restrictions":false,"min":"0","max":"0","options":[{"label":"Wei\u00df","price":"","price_type":"quantity_based","image":0,"visibility":true},{"label":"Tabakfarbig","price":"","price_type":"quantity_based","image":0,"visibility":true}],"id":1717429426},{"name":"Spiegel","type":"multiple_choice","position":3,"required":false,"title_format":"label","default":"","description_enable":false,"description":"","placeholder_enable":false,"placeholder":"","display":"select","restrictions_type":"any_text","adjust_price":false,"price":"","price_type":"flat_fee","restrictions":false,"min":"0","max":"0","options":[{"label":"nein","price":"","price_type":"flat_fee","image":0,"visibility":true},{"label":"Wandleuchte 80x60 Chrom","price":"71.17","price_type":"flat_fee","image":0,"visibility":true},{"label":"80x60 Wandleuchte schwarz","price":"71.17","price_type":"flat_fee","image":0,"visibility":true},{"label":"90x55 Chrom Wandleuchte","price":"71.17","price_type":"flat_fee","image":0,"visibility":true},{"label":"90x55 wandleuchte schwarz","price":"71.17","price_type":"flat_fee","image":0,"visibility":true}],"id":1717429427}],"yoast_head":"<!-- This site is optimized with the Yoast SEO plugin v26.7 - https:\/\/yoast.com\/wordpress\/plugins\/seo\/ -->\n<title>60,90,120 Regal f\u00fcr Badm\u00f6bel mit Schubladen<\/title>\n<meta name=\"description\" content=\"Regal f\u00fcr Badm\u00f6bel in Wei\u00df oder Tabak Eiche mit der M\u00f6glichkeit, die Kommode hinzuzuf\u00fcgen\" \/>\n<meta name=\"robots\" content=\"index, follow, max-snippet:-1, max-image-preview:large, max-video-preview:-1\" \/>\n<link rel=\"canonical\" href=\"https:\/\/www.bagnoitalia.com\/de\/produkt\/60-90-oder-120-cm-fach-fur-waschtisch-in-zwei-farben-auch-mit-schubladenschrank.html\" \/>\n<meta property=\"og:locale\" content=\"de_DE\" \/>\n<meta property=\"og:type\" content=\"article\" \/>\n<meta property=\"og:title\" content=\"60,90,120 Regal f\u00fcr Badm\u00f6bel mit Schubladen\" \/>\n<meta property=\"og:description\" content=\"Regal f\u00fcr Badm\u00f6bel in Wei\u00df oder Tabak Eiche mit der M\u00f6glichkeit, die Kommode hinzuzuf\u00fcgen\" \/>\n<meta property=\"og:url\" content=\"https:\/\/www.bagnoitalia.com\/de\/produkt\/60-90-oder-120-cm-fach-fur-waschtisch-in-zwei-farben-auch-mit-schubladenschrank.html\" \/>\n<meta property=\"og:site_name\" content=\"Bagno Italia\" \/>\n<meta property=\"article:modified_time\" content=\"2024-06-03T13:43:43+00:00\" \/>\n<meta property=\"og:image\" content=\"https:\/\/img.bagnoitalia.com\/wp-content\/uploads\/virtuemart\/product\/60-90-or-120-cm-shelf-258852_1560334038_927.jpg\" \/>\n\t<meta property=\"og:image:width\" content=\"550\" \/>\n\t<meta property=\"og:image:height\" content=\"550\" \/>\n\t<meta property=\"og:image:type\" content=\"image\/jpeg\" \/>\n<meta name=\"twitter:card\" content=\"summary_large_image\" \/>\n<meta name=\"twitter:label1\" content=\"Gesch\u00e4tzte Lesezeit\" \/>\n\t<meta name=\"twitter:data1\" content=\"1\u00a0Minute\" \/>\n<script type=\"application\/ld+json\" class=\"yoast-schema-graph\">{\"@context\":\"https:\/\/schema.org\",\"@graph\":[{\"@type\":\"WebPage\",\"@id\":\"https:\/\/www.bagnoitalia.com\/de\/produkt\/60-90-oder-120-cm-fach-fur-waschtisch-in-zwei-farben-auch-mit-schubladenschrank.html\",\"url\":\"https:\/\/www.bagnoitalia.com\/de\/produkt\/60-90-oder-120-cm-fach-fur-waschtisch-in-zwei-farben-auch-mit-schubladenschrank.html\",\"name\":\"60,90,120 Regal f\u00fcr Badm\u00f6bel mit Schubladen\",\"isPartOf\":{\"@id\":\"https:\/\/www.bagnoitalia.com\/de#website\"},\"primaryImageOfPage\":{\"@id\":\"https:\/\/www.bagnoitalia.com\/de\/produkt\/60-90-oder-120-cm-fach-fur-waschtisch-in-zwei-farben-auch-mit-schubladenschrank.html#primaryimage\"},\"image\":{\"@id\":\"https:\/\/www.bagnoitalia.com\/de\/produkt\/60-90-oder-120-cm-fach-fur-waschtisch-in-zwei-farben-auch-mit-schubladenschrank.html#primaryimage\"},\"thumbnailUrl\":\"https:\/\/img.bagnoitalia.com\/wp-content\/uploads\/virtuemart\/product\/60-90-or-120-cm-shelf-258852_1560334038_927.jpg\",\"datePublished\":\"2018-03-26T07:40:04+00:00\",\"dateModified\":\"2024-06-03T13:43:43+00:00\",\"description\":\"Regal f\u00fcr Badm\u00f6bel in Wei\u00df oder Tabak Eiche mit der M\u00f6glichkeit, die Kommode hinzuzuf\u00fcgen\",\"breadcrumb\":{\"@id\":\"https:\/\/www.bagnoitalia.com\/de\/produkt\/60-90-oder-120-cm-fach-fur-waschtisch-in-zwei-farben-auch-mit-schubladenschrank.html#breadcrumb\"},\"inLanguage\":\"de\",\"potentialAction\":[{\"@type\":\"ReadAction\",\"target\":[\"https:\/\/www.bagnoitalia.com\/de\/produkt\/60-90-oder-120-cm-fach-fur-waschtisch-in-zwei-farben-auch-mit-schubladenschrank.html\"]}]},{\"@type\":\"ImageObject\",\"inLanguage\":\"de\",\"@id\":\"https:\/\/www.bagnoitalia.com\/de\/produkt\/60-90-oder-120-cm-fach-fur-waschtisch-in-zwei-farben-auch-mit-schubladenschrank.html#primaryimage\",\"url\":\"https:\/\/img.bagnoitalia.com\/wp-content\/uploads\/virtuemart\/product\/60-90-or-120-cm-shelf-258852_1560334038_927.jpg\",\"contentUrl\":\"https:\/\/img.bagnoitalia.com\/wp-content\/uploads\/virtuemart\/product\/60-90-or-120-cm-shelf-258852_1560334038_927.jpg\",\"width\":550,\"height\":550},{\"@type\":\"BreadcrumbList\",\"@id\":\"https:\/\/www.bagnoitalia.com\/de\/produkt\/60-90-oder-120-cm-fach-fur-waschtisch-in-zwei-farben-auch-mit-schubladenschrank.html#breadcrumb\",\"itemListElement\":[{\"@type\":\"ListItem\",\"position\":1,\"name\":\"Home\",\"item\":\"https:\/\/www.bagnoitalia.com\/de\"},{\"@type\":\"ListItem\",\"position\":2,\"name\":\"Produkte\",\"item\":\"https:\/\/www.bagnoitalia.com\/de\/shop\"},{\"@type\":\"ListItem\",\"position\":3,\"name\":\"Ablage f\u00fcr Waschbecken, 60, 90 oder 120cm, in zwei Farben, mit Schubladen erh\u00e4ltlich\"}]},{\"@type\":\"WebSite\",\"@id\":\"https:\/\/www.bagnoitalia.com\/de#website\",\"url\":\"https:\/\/www.bagnoitalia.com\/de\",\"name\":\"Bagno Italia\",\"description\":\"\",\"publisher\":{\"@id\":\"https:\/\/www.bagnoitalia.com\/de#organization\"},\"potentialAction\":[{\"@type\":\"SearchAction\",\"target\":{\"@type\":\"EntryPoint\",\"urlTemplate\":\"https:\/\/www.bagnoitalia.com\/de?s={search_term_string}\"},\"query-input\":{\"@type\":\"PropertyValueSpecification\",\"valueRequired\":true,\"valueName\":\"search_term_string\"}}],\"inLanguage\":\"de\"},{\"@type\":\"Organization\",\"@id\":\"https:\/\/www.bagnoitalia.com\/de#organization\",\"name\":\"Bagno Italia\",\"url\":\"https:\/\/www.bagnoitalia.com\/de\",\"logo\":{\"@type\":\"ImageObject\",\"inLanguage\":\"de\",\"@id\":\"https:\/\/www.bagnoitalia.com\/de#\/schema\/logo\/image\/\",\"url\":\"https:\/\/img.bagnoitalia.com\/wp-content\/uploads\/logo-bagnoitalia.webp\",\"contentUrl\":\"https:\/\/img.bagnoitalia.com\/wp-content\/uploads\/logo-bagnoitalia.webp\",\"width\":400,\"height\":70,\"caption\":\"Bagno Italia\"},\"image\":{\"@id\":\"https:\/\/www.bagnoitalia.com\/de#\/schema\/logo\/image\/\"}}]}<\/script>\n<!-- \/ Yoast SEO plugin. -->","yoast_head_json":{"title":"60,90,120 Regal f\u00fcr Badm\u00f6bel mit Schubladen","description":"Regal f\u00fcr Badm\u00f6bel in Wei\u00df oder Tabak Eiche mit der M\u00f6glichkeit, die Kommode hinzuzuf\u00fcgen","robots":{"index":"index","follow":"follow","max-snippet":"max-snippet:-1","max-image-preview":"max-image-preview:large","max-video-preview":"max-video-preview:-1"},"canonical":"https:\/\/www.bagnoitalia.com\/de\/produkt\/60-90-oder-120-cm-fach-fur-waschtisch-in-zwei-farben-auch-mit-schubladenschrank.html","og_locale":"de_DE","og_type":"article","og_title":"60,90,120 Regal f\u00fcr Badm\u00f6bel mit Schubladen","og_description":"Regal f\u00fcr Badm\u00f6bel in Wei\u00df oder Tabak Eiche mit der M\u00f6glichkeit, die Kommode hinzuzuf\u00fcgen","og_url":"https:\/\/www.bagnoitalia.com\/de\/produkt\/60-90-oder-120-cm-fach-fur-waschtisch-in-zwei-farben-auch-mit-schubladenschrank.html","og_site_name":"Bagno Italia","article_modified_time":"2024-06-03T13:43:43+00:00","og_image":[{"width":550,"height":550,"url":"https:\/\/img.bagnoitalia.com\/wp-content\/uploads\/virtuemart\/product\/60-90-or-120-cm-shelf-258852_1560334038_927.jpg","type":"image\/jpeg"}],"twitter_card":"summary_large_image","twitter_misc":{"Gesch\u00e4tzte Lesezeit":"1\u00a0Minute"},"schema":{"@context":"https:\/\/schema.org","@graph":[{"@type":"WebPage","@id":"https:\/\/www.bagnoitalia.com\/de\/produkt\/60-90-oder-120-cm-fach-fur-waschtisch-in-zwei-farben-auch-mit-schubladenschrank.html","url":"https:\/\/www.bagnoitalia.com\/de\/produkt\/60-90-oder-120-cm-fach-fur-waschtisch-in-zwei-farben-auch-mit-schubladenschrank.html","name":"60,90,120 Regal f\u00fcr Badm\u00f6bel mit Schubladen","isPartOf":{"@id":"https:\/\/www.bagnoitalia.com\/de#website"},"primaryImageOfPage":{"@id":"https:\/\/www.bagnoitalia.com\/de\/produkt\/60-90-oder-120-cm-fach-fur-waschtisch-in-zwei-farben-auch-mit-schubladenschrank.html#primaryimage"},"image":{"@id":"https:\/\/www.bagnoitalia.com\/de\/produkt\/60-90-oder-120-cm-fach-fur-waschtisch-in-zwei-farben-auch-mit-schubladenschrank.html#primaryimage"},"thumbnailUrl":"https:\/\/img.bagnoitalia.com\/wp-content\/uploads\/virtuemart\/product\/60-90-or-120-cm-shelf-258852_1560334038_927.jpg","datePublished":"2018-03-26T07:40:04+00:00","dateModified":"2024-06-03T13:43:43+00:00","description":"Regal f\u00fcr Badm\u00f6bel in Wei\u00df oder Tabak Eiche mit der M\u00f6glichkeit, die Kommode hinzuzuf\u00fcgen","breadcrumb":{"@id":"https:\/\/www.bagnoitalia.com\/de\/produkt\/60-90-oder-120-cm-fach-fur-waschtisch-in-zwei-farben-auch-mit-schubladenschrank.html#breadcrumb"},"inLanguage":"de","potentialAction":[{"@type":"ReadAction","target":["https:\/\/www.bagnoitalia.com\/de\/produkt\/60-90-oder-120-cm-fach-fur-waschtisch-in-zwei-farben-auch-mit-schubladenschrank.html"]}]},{"@type":"ImageObject","inLanguage":"de","@id":"https:\/\/www.bagnoitalia.com\/de\/produkt\/60-90-oder-120-cm-fach-fur-waschtisch-in-zwei-farben-auch-mit-schubladenschrank.html#primaryimage","url":"https:\/\/img.bagnoitalia.com\/wp-content\/uploads\/virtuemart\/product\/60-90-or-120-cm-shelf-258852_1560334038_927.jpg","contentUrl":"https:\/\/img.bagnoitalia.com\/wp-content\/uploads\/virtuemart\/product\/60-90-or-120-cm-shelf-258852_1560334038_927.jpg","width":550,"height":550},{"@type":"BreadcrumbList","@id":"https:\/\/www.bagnoitalia.com\/de\/produkt\/60-90-oder-120-cm-fach-fur-waschtisch-in-zwei-farben-auch-mit-schubladenschrank.html#breadcrumb","itemListElement":[{"@type":"ListItem","position":1,"name":"Home","item":"https:\/\/www.bagnoitalia.com\/de"},{"@type":"ListItem","position":2,"name":"Produkte","item":"https:\/\/www.bagnoitalia.com\/de\/shop"},{"@type":"ListItem","position":3,"name":"Ablage f\u00fcr Waschbecken, 60, 90 oder 120cm, in zwei Farben, mit Schubladen erh\u00e4ltlich"}]},{"@type":"WebSite","@id":"https:\/\/www.bagnoitalia.com\/de#website","url":"https:\/\/www.bagnoitalia.com\/de","name":"Bagno Italia","description":"","publisher":{"@id":"https:\/\/www.bagnoitalia.com\/de#organization"},"potentialAction":[{"@type":"SearchAction","target":{"@type":"EntryPoint","urlTemplate":"https:\/\/www.bagnoitalia.com\/de?s={search_term_string}"},"query-input":{"@type":"PropertyValueSpecification","valueRequired":true,"valueName":"search_term_string"}}],"inLanguage":"de"},{"@type":"Organization","@id":"https:\/\/www.bagnoitalia.com\/de#organization","name":"Bagno Italia","url":"https:\/\/www.bagnoitalia.com\/de","logo":{"@type":"ImageObject","inLanguage":"de","@id":"https:\/\/www.bagnoitalia.com\/de#\/schema\/logo\/image\/","url":"https:\/\/img.bagnoitalia.com\/wp-content\/uploads\/logo-bagnoitalia.webp","contentUrl":"https:\/\/img.bagnoitalia.com\/wp-content\/uploads\/logo-bagnoitalia.webp","width":400,"height":70,"caption":"Bagno Italia"},"image":{"@id":"https:\/\/www.bagnoitalia.com\/de#\/schema\/logo\/image\/"}}]}},"_links":{"self":[{"href":"https:\/\/www.bagnoitalia.com\/de\/wp-json\/wp\/v2\/product\/81027","targetHints":{"allow":["GET"]}}],"collection":[{"href":"https:\/\/www.bagnoitalia.com\/de\/wp-json\/wp\/v2\/product"}],"about":[{"href":"https:\/\/www.bagnoitalia.com\/de\/wp-json\/wp\/v2\/types\/product"}],"replies":[{"embeddable":true,"href":"https:\/\/www.bagnoitalia.com\/de\/wp-json\/wp\/v2\/comments?post=81027"}],"version-history":[{"count":1,"href":"https:\/\/www.bagnoitalia.com\/de\/wp-json\/wp\/v2\/product\/81027\/revisions"}],"predecessor-version":[{"id":89144,"href":"https:\/\/www.bagnoitalia.com\/de\/wp-json\/wp\/v2\/product\/81027\/revisions\/89144"}],"wp:featuredmedia":[{"embeddable":true,"href":"https:\/\/www.bagnoitalia.com\/de\/wp-json\/wp\/v2\/media\/40378"}],"wp:attachment":[{"href":"https:\/\/www.bagnoitalia.com\/de\/wp-json\/wp\/v2\/media?parent=81027"}],"wp:term":[{"taxonomy":"product_brand","embeddable":true,"href":"https:\/\/www.bagnoitalia.com\/de\/wp-json\/wp\/v2\/product_brand?post=81027"},{"taxonomy":"product_cat","embeddable":true,"href":"https:\/\/www.bagnoitalia.com\/de\/wp-json\/wp\/v2\/product_cat?post=81027"},{"taxonomy":"product_tag","embeddable":true,"href":"https:\/\/www.bagnoitalia.com\/de\/wp-json\/wp\/v2\/product_tag?post=81027"}],"curies":[{"name":"wp","href":"https:\/\/api.w.org\/{rel}","templated":true}]}}