{"id":81015,"date":"2018-03-14T17:03:24","date_gmt":"2018-03-14T16:03:24","guid":{"rendered":"https:\/\/www.bagnoitalia.com\/product\/fanny2-badezimmerschrank-60-oder-90-cm-mit-turen-oder-schubladen-aus-eiche-oder-spiegelkitt"},"modified":"2025-07-23T16:25:40","modified_gmt":"2025-07-23T14:25:40","slug":"fanny2-badezimmerschrank-60-oder-90-cm-mit-turen-oder-schubladen-aus-eiche-oder-spiegelkitt","status":"publish","type":"product","link":"https:\/\/www.bagnoitalia.com\/de\/produkt\/fanny2-badezimmerschrank-60-oder-90-cm-mit-turen-oder-schubladen-aus-eiche-oder-spiegelkitt.html","title":{"rendered":"Fanny2 Bad-H\u00e4ngeschrank, 60 oder 90cm, mit T\u00fcren oder Schubladen, in zementgrau oder eichenfarben, Spiegel inklusive"},"content":{"rendered":"<p><strong>Eigenschaften:<\/strong><\/p>\n<p>1 Unterwaschbeckenschrank mit zwei Schubladen\/T\u00fcren: 60x47x57cm (auch in 90x47x57 verf\u00fcgbar, w\u00e4hlbar aus dem Seitenmen\u00fc)<\/p>\n<p>1 Keramikwaschbecken<\/p>\n<p>1 Spiegel: 60x80cm f\u00fcr die 60 und 90cm Schr\u00e4nke mit T\u00fcren (ACHTUNG: f\u00fcr den 90cm Schrank mit Schubladen: Spiegel in 90x80cm)<\/p>\n<p>Farbe: zementgrau, Eiche<\/p>\n<p>&nbsp;<\/p>\n<p>Die 30x24x150cm <strong>Schranks\u00e4ule <\/strong><span style=\"color: #000000;\">kann<\/span> \u00fcber das Men\u00fc hinzugef\u00fcgt werden.<\/p>\n<p>&nbsp;<\/p>\n<p>&nbsp;<\/p>\n<p>&nbsp;<\/p>\n<p>&nbsp;<\/p>\n","protected":false},"excerpt":{"rendered":"<p>Der Fanny2 Schrank zu 60&#215;47 oder 90x47cm ist mit zwei Schubladen, zwei T\u00fcren (oder Schubladen), einem Keramikwaschbecken und einem Spiegel best\u00fcckt. Die Schranks\u00e4ule kann \u00fcber das Men\u00fc hinzugef\u00fcgt werden. <\/p>\n","protected":false},"featured_media":40206,"comment_status":"open","ping_status":"closed","template":"","meta":[],"product_brand":[9916],"product_cat":[9716,9720],"product_tag":[],"class_list":{"0":"post-81015","1":"product","2":"type-product","3":"status-publish","4":"has-post-thumbnail","6":"product_brand-brand-store-de","7":"product_cat-badmobel-von-40-bis-70-cm-moderne-mobel","8":"product_cat-badmobel-von-71-bis-100-cm-moderne-mobel","10":"first","11":"instock","12":"sale","13":"taxable","14":"shipping-taxable","15":"purchasable","16":"product-type-simple"},"exclude_global_add_ons":false,"addons":[{"name":"CAMPI_BASE\r\n","type":"select","position":0,"required":true,"title_format":"label","default":"","description_enable":false,"description":"","placeholder_enable":false,"placeholder":"","display":"select","restrictions_type":"any_text","adjust_price":false,"price":"","price_type":"","restrictions":false,"min":"0","max":"0","options":[]},{"name":"CAMPI_COLORE_DEL_MOBILE\r\n","type":"select","position":0,"required":true,"title_format":"label","default":"","description_enable":false,"description":"","placeholder_enable":false,"placeholder":"","display":"select","restrictions_type":"any_text","adjust_price":false,"price":"","price_type":"","restrictions":false,"min":"0","max":"0","options":[]},{"name":"CAMPI_COLONNA\r\n","type":"select","position":0,"required":true,"title_format":"label","default":"","description_enable":false,"description":"","placeholder_enable":false,"placeholder":"","display":"select","restrictions_type":"any_text","adjust_price":false,"price":"","price_type":"","restrictions":false,"min":"0","max":"0","options":[]},{"name":"CAMPI_APPLIQUE\r\n","type":"select","position":0,"required":true,"title_format":"label","default":"","description_enable":false,"description":"","placeholder_enable":false,"placeholder":"","display":"select","restrictions_type":"any_text","adjust_price":false,"price":"","price_type":"","restrictions":false,"min":"0","max":"0","options":[]}],"yoast_head":"<!-- This site is optimized with the Yoast SEO plugin v26.7 - https:\/\/yoast.com\/wordpress\/plugins\/seo\/ -->\n<title>Fanny Badezimmerschrank von 60 oder 90 mit Schubladen oder Spiegelt\u00fcren<\/title>\n<meta name=\"description\" content=\"Fanny2 Schrank 60x47 mit zwei Schubladen oder 90x47 mit zwei T\u00fcren oder mit zwei Schubladen. Es ist m\u00f6glich, die kombinierte suspendierte S\u00e4ule hinzuzuf\u00fcgen. Der Preis beinhaltet die Keramiksp\u00fcle und den Spiegel\" \/>\n<meta name=\"robots\" content=\"index, follow, max-snippet:-1, max-image-preview:large, max-video-preview:-1\" \/>\n<link rel=\"canonical\" href=\"https:\/\/www.bagnoitalia.com\/de\/produkt\/fanny2-badezimmerschrank-60-oder-90-cm-mit-turen-oder-schubladen-aus-eiche-oder-spiegelkitt.html\" \/>\n<meta property=\"og:locale\" content=\"de_DE\" \/>\n<meta property=\"og:type\" content=\"article\" \/>\n<meta property=\"og:title\" content=\"Fanny Badezimmerschrank von 60 oder 90 mit Schubladen oder Spiegelt\u00fcren\" \/>\n<meta property=\"og:description\" content=\"Fanny2 Schrank 60x47 mit zwei Schubladen oder 90x47 mit zwei T\u00fcren oder mit zwei Schubladen. Es ist m\u00f6glich, die kombinierte suspendierte S\u00e4ule hinzuzuf\u00fcgen. Der Preis beinhaltet die Keramiksp\u00fcle und den Spiegel\" \/>\n<meta property=\"og:url\" content=\"https:\/\/www.bagnoitalia.com\/de\/produkt\/fanny2-badezimmerschrank-60-oder-90-cm-mit-turen-oder-schubladen-aus-eiche-oder-spiegelkitt.html\" \/>\n<meta property=\"og:site_name\" content=\"Bagno Italia\" \/>\n<meta property=\"article:modified_time\" content=\"2025-07-23T14:25:40+00:00\" \/>\n<meta property=\"og:image\" content=\"https:\/\/img.bagnoitalia.com\/wp-content\/uploads\/virtuemart\/product\/Wall-hung-vanity-Fanny2-1_1542205077_908.jpg\" \/>\n\t<meta property=\"og:image:width\" content=\"550\" \/>\n\t<meta property=\"og:image:height\" content=\"550\" \/>\n\t<meta property=\"og:image:type\" content=\"image\/jpeg\" \/>\n<meta name=\"twitter:card\" content=\"summary_large_image\" \/>\n<script type=\"application\/ld+json\" class=\"yoast-schema-graph\">{\"@context\":\"https:\/\/schema.org\",\"@graph\":[{\"@type\":\"WebPage\",\"@id\":\"https:\/\/www.bagnoitalia.com\/de\/produkt\/fanny2-badezimmerschrank-60-oder-90-cm-mit-turen-oder-schubladen-aus-eiche-oder-spiegelkitt.html\",\"url\":\"https:\/\/www.bagnoitalia.com\/de\/produkt\/fanny2-badezimmerschrank-60-oder-90-cm-mit-turen-oder-schubladen-aus-eiche-oder-spiegelkitt.html\",\"name\":\"Fanny Badezimmerschrank von 60 oder 90 mit Schubladen oder Spiegelt\u00fcren\",\"isPartOf\":{\"@id\":\"https:\/\/www.bagnoitalia.com\/de#website\"},\"primaryImageOfPage\":{\"@id\":\"https:\/\/www.bagnoitalia.com\/de\/produkt\/fanny2-badezimmerschrank-60-oder-90-cm-mit-turen-oder-schubladen-aus-eiche-oder-spiegelkitt.html#primaryimage\"},\"image\":{\"@id\":\"https:\/\/www.bagnoitalia.com\/de\/produkt\/fanny2-badezimmerschrank-60-oder-90-cm-mit-turen-oder-schubladen-aus-eiche-oder-spiegelkitt.html#primaryimage\"},\"thumbnailUrl\":\"https:\/\/img.bagnoitalia.com\/wp-content\/uploads\/virtuemart\/product\/Wall-hung-vanity-Fanny2-1_1542205077_908.jpg\",\"datePublished\":\"2018-03-14T16:03:24+00:00\",\"dateModified\":\"2025-07-23T14:25:40+00:00\",\"description\":\"Fanny2 Schrank 60x47 mit zwei Schubladen oder 90x47 mit zwei T\u00fcren oder mit zwei Schubladen. Es ist m\u00f6glich, die kombinierte suspendierte S\u00e4ule hinzuzuf\u00fcgen. Der Preis beinhaltet die Keramiksp\u00fcle und den Spiegel\",\"breadcrumb\":{\"@id\":\"https:\/\/www.bagnoitalia.com\/de\/produkt\/fanny2-badezimmerschrank-60-oder-90-cm-mit-turen-oder-schubladen-aus-eiche-oder-spiegelkitt.html#breadcrumb\"},\"inLanguage\":\"de\",\"potentialAction\":[{\"@type\":\"ReadAction\",\"target\":[\"https:\/\/www.bagnoitalia.com\/de\/produkt\/fanny2-badezimmerschrank-60-oder-90-cm-mit-turen-oder-schubladen-aus-eiche-oder-spiegelkitt.html\"]}]},{\"@type\":\"ImageObject\",\"inLanguage\":\"de\",\"@id\":\"https:\/\/www.bagnoitalia.com\/de\/produkt\/fanny2-badezimmerschrank-60-oder-90-cm-mit-turen-oder-schubladen-aus-eiche-oder-spiegelkitt.html#primaryimage\",\"url\":\"https:\/\/img.bagnoitalia.com\/wp-content\/uploads\/virtuemart\/product\/Wall-hung-vanity-Fanny2-1_1542205077_908.jpg\",\"contentUrl\":\"https:\/\/img.bagnoitalia.com\/wp-content\/uploads\/virtuemart\/product\/Wall-hung-vanity-Fanny2-1_1542205077_908.jpg\",\"width\":550,\"height\":550},{\"@type\":\"BreadcrumbList\",\"@id\":\"https:\/\/www.bagnoitalia.com\/de\/produkt\/fanny2-badezimmerschrank-60-oder-90-cm-mit-turen-oder-schubladen-aus-eiche-oder-spiegelkitt.html#breadcrumb\",\"itemListElement\":[{\"@type\":\"ListItem\",\"position\":1,\"name\":\"Home\",\"item\":\"https:\/\/www.bagnoitalia.com\/de\"},{\"@type\":\"ListItem\",\"position\":2,\"name\":\"Produkte\",\"item\":\"https:\/\/www.bagnoitalia.com\/de\/shop\"},{\"@type\":\"ListItem\",\"position\":3,\"name\":\"Fanny2 Bad-H\u00e4ngeschrank, 60 oder 90cm, mit T\u00fcren oder Schubladen, in zementgrau oder eichenfarben, Spiegel inklusive\"}]},{\"@type\":\"WebSite\",\"@id\":\"https:\/\/www.bagnoitalia.com\/de#website\",\"url\":\"https:\/\/www.bagnoitalia.com\/de\",\"name\":\"Bagno Italia\",\"description\":\"\",\"publisher\":{\"@id\":\"https:\/\/www.bagnoitalia.com\/de#organization\"},\"potentialAction\":[{\"@type\":\"SearchAction\",\"target\":{\"@type\":\"EntryPoint\",\"urlTemplate\":\"https:\/\/www.bagnoitalia.com\/de?s={search_term_string}\"},\"query-input\":{\"@type\":\"PropertyValueSpecification\",\"valueRequired\":true,\"valueName\":\"search_term_string\"}}],\"inLanguage\":\"de\"},{\"@type\":\"Organization\",\"@id\":\"https:\/\/www.bagnoitalia.com\/de#organization\",\"name\":\"Bagno Italia\",\"url\":\"https:\/\/www.bagnoitalia.com\/de\",\"logo\":{\"@type\":\"ImageObject\",\"inLanguage\":\"de\",\"@id\":\"https:\/\/www.bagnoitalia.com\/de#\/schema\/logo\/image\/\",\"url\":\"https:\/\/img.bagnoitalia.com\/wp-content\/uploads\/logo-bagnoitalia.webp\",\"contentUrl\":\"https:\/\/img.bagnoitalia.com\/wp-content\/uploads\/logo-bagnoitalia.webp\",\"width\":400,\"height\":70,\"caption\":\"Bagno Italia\"},\"image\":{\"@id\":\"https:\/\/www.bagnoitalia.com\/de#\/schema\/logo\/image\/\"}}]}<\/script>\n<!-- \/ Yoast SEO plugin. -->","yoast_head_json":{"title":"Fanny Badezimmerschrank von 60 oder 90 mit Schubladen oder Spiegelt\u00fcren","description":"Fanny2 Schrank 60x47 mit zwei Schubladen oder 90x47 mit zwei T\u00fcren oder mit zwei Schubladen. Es ist m\u00f6glich, die kombinierte suspendierte S\u00e4ule hinzuzuf\u00fcgen. Der Preis beinhaltet die Keramiksp\u00fcle und den Spiegel","robots":{"index":"index","follow":"follow","max-snippet":"max-snippet:-1","max-image-preview":"max-image-preview:large","max-video-preview":"max-video-preview:-1"},"canonical":"https:\/\/www.bagnoitalia.com\/de\/produkt\/fanny2-badezimmerschrank-60-oder-90-cm-mit-turen-oder-schubladen-aus-eiche-oder-spiegelkitt.html","og_locale":"de_DE","og_type":"article","og_title":"Fanny Badezimmerschrank von 60 oder 90 mit Schubladen oder Spiegelt\u00fcren","og_description":"Fanny2 Schrank 60x47 mit zwei Schubladen oder 90x47 mit zwei T\u00fcren oder mit zwei Schubladen. Es ist m\u00f6glich, die kombinierte suspendierte S\u00e4ule hinzuzuf\u00fcgen. Der Preis beinhaltet die Keramiksp\u00fcle und den Spiegel","og_url":"https:\/\/www.bagnoitalia.com\/de\/produkt\/fanny2-badezimmerschrank-60-oder-90-cm-mit-turen-oder-schubladen-aus-eiche-oder-spiegelkitt.html","og_site_name":"Bagno Italia","article_modified_time":"2025-07-23T14:25:40+00:00","og_image":[{"width":550,"height":550,"url":"https:\/\/img.bagnoitalia.com\/wp-content\/uploads\/virtuemart\/product\/Wall-hung-vanity-Fanny2-1_1542205077_908.jpg","type":"image\/jpeg"}],"twitter_card":"summary_large_image","schema":{"@context":"https:\/\/schema.org","@graph":[{"@type":"WebPage","@id":"https:\/\/www.bagnoitalia.com\/de\/produkt\/fanny2-badezimmerschrank-60-oder-90-cm-mit-turen-oder-schubladen-aus-eiche-oder-spiegelkitt.html","url":"https:\/\/www.bagnoitalia.com\/de\/produkt\/fanny2-badezimmerschrank-60-oder-90-cm-mit-turen-oder-schubladen-aus-eiche-oder-spiegelkitt.html","name":"Fanny Badezimmerschrank von 60 oder 90 mit Schubladen oder Spiegelt\u00fcren","isPartOf":{"@id":"https:\/\/www.bagnoitalia.com\/de#website"},"primaryImageOfPage":{"@id":"https:\/\/www.bagnoitalia.com\/de\/produkt\/fanny2-badezimmerschrank-60-oder-90-cm-mit-turen-oder-schubladen-aus-eiche-oder-spiegelkitt.html#primaryimage"},"image":{"@id":"https:\/\/www.bagnoitalia.com\/de\/produkt\/fanny2-badezimmerschrank-60-oder-90-cm-mit-turen-oder-schubladen-aus-eiche-oder-spiegelkitt.html#primaryimage"},"thumbnailUrl":"https:\/\/img.bagnoitalia.com\/wp-content\/uploads\/virtuemart\/product\/Wall-hung-vanity-Fanny2-1_1542205077_908.jpg","datePublished":"2018-03-14T16:03:24+00:00","dateModified":"2025-07-23T14:25:40+00:00","description":"Fanny2 Schrank 60x47 mit zwei Schubladen oder 90x47 mit zwei T\u00fcren oder mit zwei Schubladen. Es ist m\u00f6glich, die kombinierte suspendierte S\u00e4ule hinzuzuf\u00fcgen. Der Preis beinhaltet die Keramiksp\u00fcle und den Spiegel","breadcrumb":{"@id":"https:\/\/www.bagnoitalia.com\/de\/produkt\/fanny2-badezimmerschrank-60-oder-90-cm-mit-turen-oder-schubladen-aus-eiche-oder-spiegelkitt.html#breadcrumb"},"inLanguage":"de","potentialAction":[{"@type":"ReadAction","target":["https:\/\/www.bagnoitalia.com\/de\/produkt\/fanny2-badezimmerschrank-60-oder-90-cm-mit-turen-oder-schubladen-aus-eiche-oder-spiegelkitt.html"]}]},{"@type":"ImageObject","inLanguage":"de","@id":"https:\/\/www.bagnoitalia.com\/de\/produkt\/fanny2-badezimmerschrank-60-oder-90-cm-mit-turen-oder-schubladen-aus-eiche-oder-spiegelkitt.html#primaryimage","url":"https:\/\/img.bagnoitalia.com\/wp-content\/uploads\/virtuemart\/product\/Wall-hung-vanity-Fanny2-1_1542205077_908.jpg","contentUrl":"https:\/\/img.bagnoitalia.com\/wp-content\/uploads\/virtuemart\/product\/Wall-hung-vanity-Fanny2-1_1542205077_908.jpg","width":550,"height":550},{"@type":"BreadcrumbList","@id":"https:\/\/www.bagnoitalia.com\/de\/produkt\/fanny2-badezimmerschrank-60-oder-90-cm-mit-turen-oder-schubladen-aus-eiche-oder-spiegelkitt.html#breadcrumb","itemListElement":[{"@type":"ListItem","position":1,"name":"Home","item":"https:\/\/www.bagnoitalia.com\/de"},{"@type":"ListItem","position":2,"name":"Produkte","item":"https:\/\/www.bagnoitalia.com\/de\/shop"},{"@type":"ListItem","position":3,"name":"Fanny2 Bad-H\u00e4ngeschrank, 60 oder 90cm, mit T\u00fcren oder Schubladen, in zementgrau oder eichenfarben, Spiegel inklusive"}]},{"@type":"WebSite","@id":"https:\/\/www.bagnoitalia.com\/de#website","url":"https:\/\/www.bagnoitalia.com\/de","name":"Bagno Italia","description":"","publisher":{"@id":"https:\/\/www.bagnoitalia.com\/de#organization"},"potentialAction":[{"@type":"SearchAction","target":{"@type":"EntryPoint","urlTemplate":"https:\/\/www.bagnoitalia.com\/de?s={search_term_string}"},"query-input":{"@type":"PropertyValueSpecification","valueRequired":true,"valueName":"search_term_string"}}],"inLanguage":"de"},{"@type":"Organization","@id":"https:\/\/www.bagnoitalia.com\/de#organization","name":"Bagno Italia","url":"https:\/\/www.bagnoitalia.com\/de","logo":{"@type":"ImageObject","inLanguage":"de","@id":"https:\/\/www.bagnoitalia.com\/de#\/schema\/logo\/image\/","url":"https:\/\/img.bagnoitalia.com\/wp-content\/uploads\/logo-bagnoitalia.webp","contentUrl":"https:\/\/img.bagnoitalia.com\/wp-content\/uploads\/logo-bagnoitalia.webp","width":400,"height":70,"caption":"Bagno Italia"},"image":{"@id":"https:\/\/www.bagnoitalia.com\/de#\/schema\/logo\/image\/"}}]}},"_links":{"self":[{"href":"https:\/\/www.bagnoitalia.com\/de\/wp-json\/wp\/v2\/product\/81015","targetHints":{"allow":["GET"]}}],"collection":[{"href":"https:\/\/www.bagnoitalia.com\/de\/wp-json\/wp\/v2\/product"}],"about":[{"href":"https:\/\/www.bagnoitalia.com\/de\/wp-json\/wp\/v2\/types\/product"}],"replies":[{"embeddable":true,"href":"https:\/\/www.bagnoitalia.com\/de\/wp-json\/wp\/v2\/comments?post=81015"}],"version-history":[{"count":0,"href":"https:\/\/www.bagnoitalia.com\/de\/wp-json\/wp\/v2\/product\/81015\/revisions"}],"wp:featuredmedia":[{"embeddable":true,"href":"https:\/\/www.bagnoitalia.com\/de\/wp-json\/wp\/v2\/media\/40206"}],"wp:attachment":[{"href":"https:\/\/www.bagnoitalia.com\/de\/wp-json\/wp\/v2\/media?parent=81015"}],"wp:term":[{"taxonomy":"product_brand","embeddable":true,"href":"https:\/\/www.bagnoitalia.com\/de\/wp-json\/wp\/v2\/product_brand?post=81015"},{"taxonomy":"product_cat","embeddable":true,"href":"https:\/\/www.bagnoitalia.com\/de\/wp-json\/wp\/v2\/product_cat?post=81015"},{"taxonomy":"product_tag","embeddable":true,"href":"https:\/\/www.bagnoitalia.com\/de\/wp-json\/wp\/v2\/product_tag?post=81015"}],"curies":[{"name":"wp","href":"https:\/\/api.w.org\/{rel}","templated":true}]}}