{"id":80975,"date":"2018-02-23T16:45:20","date_gmt":"2018-02-23T15:45:20","guid":{"rendered":"https:\/\/www.bagnoitalia.com\/product\/fire2-hangender-badezimmerschrank-70x36-oder-80x36-cm-ultraflach-mit-spiegel-und-zwei-schubladen-in-5-farben"},"modified":"2025-12-09T16:16:48","modified_gmt":"2025-12-09T15:16:48","slug":"fire2-hangender-badezimmerschrank-70x36-oder-80x36-cm-ultraflach-mit-spiegel-und-zwei-schubladen-in-5-farben","status":"publish","type":"product","link":"https:\/\/www.bagnoitalia.com\/de\/produkt\/fire2-hangender-badezimmerschrank-70x36-oder-80x36-cm-ultraflach-mit-spiegel-und-zwei-schubladen-in-5-farben.html","title":{"rendered":"FIRE2 h\u00e4ngender badezimmerschrank 70&#215;36 oder 80&#215;36 cm, ultraflach, mit spiegel und zwei schubladen in 5 farben"},"content":{"rendered":"<p style=\"text-align: center;\"><span style=\"font-size: 14pt;\"><strong><span style=\"color: #ff0000;\">Platzsparender Fire2-Schrank 70&#215;36 oder 80&#215;36 cm mit 2 Schubladen<\/span><\/strong><\/span><\/p>\n<p>&nbsp;<\/p>\n<p><strong>Im Verkaufspreis sind enthalten:<\/strong><\/p>\n<p>Nr. 1 Waschbecken-Unterschrank<\/p>\n<p>Nr. 1 Integriertes Waschbecken aus Kunstharz<\/p>\n<p>Nr. 1 umkehrbarer polierter Spiegel<\/p>\n<p><strong>Ma\u00dfe:<\/strong><\/p>\n<p>Die L\u00e4nge der Basis kann zwischen 70 cm und 80 cm gew\u00e4hlt werden (w\u00e4hlen Sie die Gr\u00f6\u00dfe aus dem Dropdown-Men\u00fc).<\/p>\n<p>Tiefe der Basis: 35,5 cm<\/p>\n<p>Sockelh\u00f6he: 50 cm<\/p>\n<p>Gesamttiefe des Beckens: 36 cm<\/p>\n<p>70&#215;80 cm gro\u00dfer Spiegel<\/p>\n<p><strong>Technische Eigenschaften:<\/strong><\/p>\n<p>Schrank bestehend aus 2 Schubladen<\/p>\n<p>Erh\u00e4ltlich in den Farben: gl\u00e4nzendes Wei\u00df, Anthrazit, Grau, Rot, helle Eiche<\/p>\n<p>Gl\u00e4nzend wei\u00dfes Waschbecken mit \u00dcberlaufloch und Mischloch<\/p>\n<p>Soft-Close-Schubladenverschluss<\/p>\n<p>LED-Armaturen und -Applikationen sind nicht im Preis inbegriffen.<\/p>\n<p>\u00dcber das Dropdown-Men\u00fc ist es m\u00f6glich, die Applikation (Chrom oder Schwarz) mit LED-Licht hinzuzuf\u00fcgen.<\/p>\n<p>&nbsp;<\/p>\n<p>&nbsp;<\/p>\n","protected":false},"excerpt":{"rendered":"<p>Platzsparende, moderne M\u00f6bel, erh\u00e4ltlich in zwei Gr\u00f6\u00dfen, mit Waschbecken aus Kunstharz, Sockel aus MDF-Holz, erh\u00e4ltlich in den Farben: Wei\u00df, Anthrazit, Grau, Rot, helle Eiche.<\/p>\n","protected":false},"featured_media":39750,"comment_status":"open","ping_status":"closed","template":"","meta":[],"product_brand":[9883],"product_cat":[10116],"product_tag":[],"class_list":{"0":"post-80975","1":"product","2":"type-product","3":"status-publish","4":"has-post-thumbnail","6":"product_brand-deghi-de","7":"product_cat-senza-categoria-de","9":"first","10":"outofstock","11":"taxable","12":"shipping-taxable","13":"purchasable","14":"product-type-simple"},"exclude_global_add_ons":false,"addons":[{"name":"Typologie","type":"multiple_choice","position":0,"required":true,"title_format":"heading","default":"","description_enable":false,"description":"","placeholder_enable":false,"placeholder":"","display":"select","restrictions_type":"any_text","adjust_price":false,"price":"","price_type":"flat_fee","restrictions":false,"min":"0","max":"0","options":[{"label":"70 cm Brik rot","price":"","price_type":"quantity_based","image":0,"visibility":true},{"label":"(Nicht verf\u00fcgbar) 70 cm Eiche hell","price":"","price_type":"quantity_based","image":0,"visibility":true},{"label":"(Nicht verf\u00fcgbar) 70 cm Wei\u00df Hochglanz","price":"","price_type":"quantity_based","image":0,"visibility":true},{"label":"(Nicht verf\u00fcgbar) 70 cm Anthrazit","price":"","price_type":"quantity_based","image":0,"visibility":true},{"label":"(Nicht verf\u00fcgbar) 70 cm Sturmgrau","price":"","price_type":"quantity_based","image":0,"visibility":true},{"label":"(Nicht verf\u00fcgbar) 80 cm Brik rot","price":"40","price_type":"quantity_based","image":0,"visibility":true},{"label":"(Nicht verf\u00fcgbar) 80 cm Eiche hell","price":"40","price_type":"quantity_based","image":0,"visibility":true},{"label":"(Nicht verf\u00fcgbar) 80 cm Wei\u00df Hochglanz","price":"40","price_type":"quantity_based","image":0,"visibility":true},{"label":"80 cm Anthrazit","price":"40","price_type":"quantity_based","image":0,"visibility":true},{"label":"(Nicht verf\u00fcgbar) 80 cm Sturmgrau","price":"40","price_type":"quantity_based","image":0,"visibility":true}],"id":1717514108},{"name":"Applique","type":"multiple_choice","position":1,"required":true,"title_format":"heading","default":"","description_enable":false,"description":"","placeholder_enable":false,"placeholder":"","display":"select","restrictions_type":"any_text","adjust_price":false,"price":"","price_type":"flat_fee","restrictions":false,"min":"0","max":"0","options":[{"label":"Nein","price":"","price_type":"quantity_based","image":0,"visibility":true},{"label":"Led-Strahler Chrom","price":"20","price_type":"quantity_based","image":0,"visibility":true},{"label":"Led-Spotlight Mattschwarz","price":"25","price_type":"quantity_based","image":0,"visibility":true}],"id":1717514109}],"yoast_head":"<!-- This site is optimized with the Yoast SEO plugin v26.7 - https:\/\/yoast.com\/wordpress\/plugins\/seo\/ -->\n<title>FIRE2 h\u00e4ngender badezimmerschrank 70x36 oder 80x36 cm, ultraflach, mit spiegel und zwei schubladen in 5 farben<\/title>\n<meta name=\"description\" content=\"Platzsparende, moderne M\u00f6bel, erh\u00e4ltlich in zwei Gr\u00f6\u00dfen, mit Waschbecken aus Kunstharz, Sockel aus MDF-Holz, erh\u00e4ltlich in den Farben: Wei\u00df, Anthrazit, Grau, Rot, helle Eiche.\" \/>\n<meta name=\"robots\" content=\"index, follow, max-snippet:-1, max-image-preview:large, max-video-preview:-1\" \/>\n<link rel=\"canonical\" href=\"https:\/\/www.bagnoitalia.com\/de\/produkt\/fire2-hangender-badezimmerschrank-70x36-oder-80x36-cm-ultraflach-mit-spiegel-und-zwei-schubladen-in-5-farben.html\" \/>\n<meta property=\"og:locale\" content=\"de_DE\" \/>\n<meta property=\"og:type\" content=\"article\" \/>\n<meta property=\"og:title\" content=\"FIRE2 h\u00e4ngender badezimmerschrank 70x36 oder 80x36 cm, ultraflach, mit spiegel und zwei schubladen in 5 farben\" \/>\n<meta property=\"og:description\" content=\"Platzsparende, moderne M\u00f6bel, erh\u00e4ltlich in zwei Gr\u00f6\u00dfen, mit Waschbecken aus Kunstharz, Sockel aus MDF-Holz, erh\u00e4ltlich in den Farben: Wei\u00df, Anthrazit, Grau, Rot, helle Eiche.\" \/>\n<meta property=\"og:url\" content=\"https:\/\/www.bagnoitalia.com\/de\/produkt\/fire2-hangender-badezimmerschrank-70x36-oder-80x36-cm-ultraflach-mit-spiegel-und-zwei-schubladen-in-5-farben.html\" \/>\n<meta property=\"og:site_name\" content=\"Bagno Italia\" \/>\n<meta property=\"article:modified_time\" content=\"2025-12-09T15:16:48+00:00\" \/>\n<meta property=\"og:image\" content=\"https:\/\/img.bagnoitalia.com\/wp-content\/uploads\/virtuemart\/product\/cabinet-bathroom-70-cm-drawers-colours-1.jpg\" \/>\n\t<meta property=\"og:image:width\" content=\"550\" \/>\n\t<meta property=\"og:image:height\" content=\"550\" \/>\n\t<meta property=\"og:image:type\" content=\"image\/jpeg\" \/>\n<meta name=\"twitter:card\" content=\"summary_large_image\" \/>\n<meta name=\"twitter:label1\" content=\"Gesch\u00e4tzte Lesezeit\" \/>\n\t<meta name=\"twitter:data1\" content=\"1\u00a0Minute\" \/>\n<script type=\"application\/ld+json\" class=\"yoast-schema-graph\">{\"@context\":\"https:\/\/schema.org\",\"@graph\":[{\"@type\":\"WebPage\",\"@id\":\"https:\/\/www.bagnoitalia.com\/de\/produkt\/fire2-hangender-badezimmerschrank-70x36-oder-80x36-cm-ultraflach-mit-spiegel-und-zwei-schubladen-in-5-farben.html\",\"url\":\"https:\/\/www.bagnoitalia.com\/de\/produkt\/fire2-hangender-badezimmerschrank-70x36-oder-80x36-cm-ultraflach-mit-spiegel-und-zwei-schubladen-in-5-farben.html\",\"name\":\"FIRE2 h\u00e4ngender badezimmerschrank 70x36 oder 80x36 cm, ultraflach, mit spiegel und zwei schubladen in 5 farben\",\"isPartOf\":{\"@id\":\"https:\/\/www.bagnoitalia.com\/de#website\"},\"primaryImageOfPage\":{\"@id\":\"https:\/\/www.bagnoitalia.com\/de\/produkt\/fire2-hangender-badezimmerschrank-70x36-oder-80x36-cm-ultraflach-mit-spiegel-und-zwei-schubladen-in-5-farben.html#primaryimage\"},\"image\":{\"@id\":\"https:\/\/www.bagnoitalia.com\/de\/produkt\/fire2-hangender-badezimmerschrank-70x36-oder-80x36-cm-ultraflach-mit-spiegel-und-zwei-schubladen-in-5-farben.html#primaryimage\"},\"thumbnailUrl\":\"https:\/\/img.bagnoitalia.com\/wp-content\/uploads\/virtuemart\/product\/cabinet-bathroom-70-cm-drawers-colours-1.jpg\",\"datePublished\":\"2018-02-23T15:45:20+00:00\",\"dateModified\":\"2025-12-09T15:16:48+00:00\",\"description\":\"Platzsparende, moderne M\u00f6bel, erh\u00e4ltlich in zwei Gr\u00f6\u00dfen, mit Waschbecken aus Kunstharz, Sockel aus MDF-Holz, erh\u00e4ltlich in den Farben: Wei\u00df, Anthrazit, Grau, Rot, helle Eiche.\",\"breadcrumb\":{\"@id\":\"https:\/\/www.bagnoitalia.com\/de\/produkt\/fire2-hangender-badezimmerschrank-70x36-oder-80x36-cm-ultraflach-mit-spiegel-und-zwei-schubladen-in-5-farben.html#breadcrumb\"},\"inLanguage\":\"de\",\"potentialAction\":[{\"@type\":\"ReadAction\",\"target\":[\"https:\/\/www.bagnoitalia.com\/de\/produkt\/fire2-hangender-badezimmerschrank-70x36-oder-80x36-cm-ultraflach-mit-spiegel-und-zwei-schubladen-in-5-farben.html\"]}]},{\"@type\":\"ImageObject\",\"inLanguage\":\"de\",\"@id\":\"https:\/\/www.bagnoitalia.com\/de\/produkt\/fire2-hangender-badezimmerschrank-70x36-oder-80x36-cm-ultraflach-mit-spiegel-und-zwei-schubladen-in-5-farben.html#primaryimage\",\"url\":\"https:\/\/img.bagnoitalia.com\/wp-content\/uploads\/virtuemart\/product\/cabinet-bathroom-70-cm-drawers-colours-1.jpg\",\"contentUrl\":\"https:\/\/img.bagnoitalia.com\/wp-content\/uploads\/virtuemart\/product\/cabinet-bathroom-70-cm-drawers-colours-1.jpg\",\"width\":550,\"height\":550},{\"@type\":\"BreadcrumbList\",\"@id\":\"https:\/\/www.bagnoitalia.com\/de\/produkt\/fire2-hangender-badezimmerschrank-70x36-oder-80x36-cm-ultraflach-mit-spiegel-und-zwei-schubladen-in-5-farben.html#breadcrumb\",\"itemListElement\":[{\"@type\":\"ListItem\",\"position\":1,\"name\":\"Home\",\"item\":\"https:\/\/www.bagnoitalia.com\/de\"},{\"@type\":\"ListItem\",\"position\":2,\"name\":\"Produkte\",\"item\":\"https:\/\/www.bagnoitalia.com\/de\/shop\"},{\"@type\":\"ListItem\",\"position\":3,\"name\":\"FIRE2 h\u00e4ngender badezimmerschrank 70&#215;36 oder 80&#215;36 cm, ultraflach, mit spiegel und zwei schubladen in 5 farben\"}]},{\"@type\":\"WebSite\",\"@id\":\"https:\/\/www.bagnoitalia.com\/de#website\",\"url\":\"https:\/\/www.bagnoitalia.com\/de\",\"name\":\"Bagno Italia\",\"description\":\"\",\"publisher\":{\"@id\":\"https:\/\/www.bagnoitalia.com\/de#organization\"},\"potentialAction\":[{\"@type\":\"SearchAction\",\"target\":{\"@type\":\"EntryPoint\",\"urlTemplate\":\"https:\/\/www.bagnoitalia.com\/de?s={search_term_string}\"},\"query-input\":{\"@type\":\"PropertyValueSpecification\",\"valueRequired\":true,\"valueName\":\"search_term_string\"}}],\"inLanguage\":\"de\"},{\"@type\":\"Organization\",\"@id\":\"https:\/\/www.bagnoitalia.com\/de#organization\",\"name\":\"Bagno Italia\",\"url\":\"https:\/\/www.bagnoitalia.com\/de\",\"logo\":{\"@type\":\"ImageObject\",\"inLanguage\":\"de\",\"@id\":\"https:\/\/www.bagnoitalia.com\/de#\/schema\/logo\/image\/\",\"url\":\"https:\/\/img.bagnoitalia.com\/wp-content\/uploads\/logo-bagnoitalia.webp\",\"contentUrl\":\"https:\/\/img.bagnoitalia.com\/wp-content\/uploads\/logo-bagnoitalia.webp\",\"width\":400,\"height\":70,\"caption\":\"Bagno Italia\"},\"image\":{\"@id\":\"https:\/\/www.bagnoitalia.com\/de#\/schema\/logo\/image\/\"}}]}<\/script>\n<!-- \/ Yoast SEO plugin. -->","yoast_head_json":{"title":"FIRE2 h\u00e4ngender badezimmerschrank 70x36 oder 80x36 cm, ultraflach, mit spiegel und zwei schubladen in 5 farben","description":"Platzsparende, moderne M\u00f6bel, erh\u00e4ltlich in zwei Gr\u00f6\u00dfen, mit Waschbecken aus Kunstharz, Sockel aus MDF-Holz, erh\u00e4ltlich in den Farben: Wei\u00df, Anthrazit, Grau, Rot, helle Eiche.","robots":{"index":"index","follow":"follow","max-snippet":"max-snippet:-1","max-image-preview":"max-image-preview:large","max-video-preview":"max-video-preview:-1"},"canonical":"https:\/\/www.bagnoitalia.com\/de\/produkt\/fire2-hangender-badezimmerschrank-70x36-oder-80x36-cm-ultraflach-mit-spiegel-und-zwei-schubladen-in-5-farben.html","og_locale":"de_DE","og_type":"article","og_title":"FIRE2 h\u00e4ngender badezimmerschrank 70x36 oder 80x36 cm, ultraflach, mit spiegel und zwei schubladen in 5 farben","og_description":"Platzsparende, moderne M\u00f6bel, erh\u00e4ltlich in zwei Gr\u00f6\u00dfen, mit Waschbecken aus Kunstharz, Sockel aus MDF-Holz, erh\u00e4ltlich in den Farben: Wei\u00df, Anthrazit, Grau, Rot, helle Eiche.","og_url":"https:\/\/www.bagnoitalia.com\/de\/produkt\/fire2-hangender-badezimmerschrank-70x36-oder-80x36-cm-ultraflach-mit-spiegel-und-zwei-schubladen-in-5-farben.html","og_site_name":"Bagno Italia","article_modified_time":"2025-12-09T15:16:48+00:00","og_image":[{"width":550,"height":550,"url":"https:\/\/img.bagnoitalia.com\/wp-content\/uploads\/virtuemart\/product\/cabinet-bathroom-70-cm-drawers-colours-1.jpg","type":"image\/jpeg"}],"twitter_card":"summary_large_image","twitter_misc":{"Gesch\u00e4tzte Lesezeit":"1\u00a0Minute"},"schema":{"@context":"https:\/\/schema.org","@graph":[{"@type":"WebPage","@id":"https:\/\/www.bagnoitalia.com\/de\/produkt\/fire2-hangender-badezimmerschrank-70x36-oder-80x36-cm-ultraflach-mit-spiegel-und-zwei-schubladen-in-5-farben.html","url":"https:\/\/www.bagnoitalia.com\/de\/produkt\/fire2-hangender-badezimmerschrank-70x36-oder-80x36-cm-ultraflach-mit-spiegel-und-zwei-schubladen-in-5-farben.html","name":"FIRE2 h\u00e4ngender badezimmerschrank 70x36 oder 80x36 cm, ultraflach, mit spiegel und zwei schubladen in 5 farben","isPartOf":{"@id":"https:\/\/www.bagnoitalia.com\/de#website"},"primaryImageOfPage":{"@id":"https:\/\/www.bagnoitalia.com\/de\/produkt\/fire2-hangender-badezimmerschrank-70x36-oder-80x36-cm-ultraflach-mit-spiegel-und-zwei-schubladen-in-5-farben.html#primaryimage"},"image":{"@id":"https:\/\/www.bagnoitalia.com\/de\/produkt\/fire2-hangender-badezimmerschrank-70x36-oder-80x36-cm-ultraflach-mit-spiegel-und-zwei-schubladen-in-5-farben.html#primaryimage"},"thumbnailUrl":"https:\/\/img.bagnoitalia.com\/wp-content\/uploads\/virtuemart\/product\/cabinet-bathroom-70-cm-drawers-colours-1.jpg","datePublished":"2018-02-23T15:45:20+00:00","dateModified":"2025-12-09T15:16:48+00:00","description":"Platzsparende, moderne M\u00f6bel, erh\u00e4ltlich in zwei Gr\u00f6\u00dfen, mit Waschbecken aus Kunstharz, Sockel aus MDF-Holz, erh\u00e4ltlich in den Farben: Wei\u00df, Anthrazit, Grau, Rot, helle Eiche.","breadcrumb":{"@id":"https:\/\/www.bagnoitalia.com\/de\/produkt\/fire2-hangender-badezimmerschrank-70x36-oder-80x36-cm-ultraflach-mit-spiegel-und-zwei-schubladen-in-5-farben.html#breadcrumb"},"inLanguage":"de","potentialAction":[{"@type":"ReadAction","target":["https:\/\/www.bagnoitalia.com\/de\/produkt\/fire2-hangender-badezimmerschrank-70x36-oder-80x36-cm-ultraflach-mit-spiegel-und-zwei-schubladen-in-5-farben.html"]}]},{"@type":"ImageObject","inLanguage":"de","@id":"https:\/\/www.bagnoitalia.com\/de\/produkt\/fire2-hangender-badezimmerschrank-70x36-oder-80x36-cm-ultraflach-mit-spiegel-und-zwei-schubladen-in-5-farben.html#primaryimage","url":"https:\/\/img.bagnoitalia.com\/wp-content\/uploads\/virtuemart\/product\/cabinet-bathroom-70-cm-drawers-colours-1.jpg","contentUrl":"https:\/\/img.bagnoitalia.com\/wp-content\/uploads\/virtuemart\/product\/cabinet-bathroom-70-cm-drawers-colours-1.jpg","width":550,"height":550},{"@type":"BreadcrumbList","@id":"https:\/\/www.bagnoitalia.com\/de\/produkt\/fire2-hangender-badezimmerschrank-70x36-oder-80x36-cm-ultraflach-mit-spiegel-und-zwei-schubladen-in-5-farben.html#breadcrumb","itemListElement":[{"@type":"ListItem","position":1,"name":"Home","item":"https:\/\/www.bagnoitalia.com\/de"},{"@type":"ListItem","position":2,"name":"Produkte","item":"https:\/\/www.bagnoitalia.com\/de\/shop"},{"@type":"ListItem","position":3,"name":"FIRE2 h\u00e4ngender badezimmerschrank 70&#215;36 oder 80&#215;36 cm, ultraflach, mit spiegel und zwei schubladen in 5 farben"}]},{"@type":"WebSite","@id":"https:\/\/www.bagnoitalia.com\/de#website","url":"https:\/\/www.bagnoitalia.com\/de","name":"Bagno Italia","description":"","publisher":{"@id":"https:\/\/www.bagnoitalia.com\/de#organization"},"potentialAction":[{"@type":"SearchAction","target":{"@type":"EntryPoint","urlTemplate":"https:\/\/www.bagnoitalia.com\/de?s={search_term_string}"},"query-input":{"@type":"PropertyValueSpecification","valueRequired":true,"valueName":"search_term_string"}}],"inLanguage":"de"},{"@type":"Organization","@id":"https:\/\/www.bagnoitalia.com\/de#organization","name":"Bagno Italia","url":"https:\/\/www.bagnoitalia.com\/de","logo":{"@type":"ImageObject","inLanguage":"de","@id":"https:\/\/www.bagnoitalia.com\/de#\/schema\/logo\/image\/","url":"https:\/\/img.bagnoitalia.com\/wp-content\/uploads\/logo-bagnoitalia.webp","contentUrl":"https:\/\/img.bagnoitalia.com\/wp-content\/uploads\/logo-bagnoitalia.webp","width":400,"height":70,"caption":"Bagno Italia"},"image":{"@id":"https:\/\/www.bagnoitalia.com\/de#\/schema\/logo\/image\/"}}]}},"_links":{"self":[{"href":"https:\/\/www.bagnoitalia.com\/de\/wp-json\/wp\/v2\/product\/80975","targetHints":{"allow":["GET"]}}],"collection":[{"href":"https:\/\/www.bagnoitalia.com\/de\/wp-json\/wp\/v2\/product"}],"about":[{"href":"https:\/\/www.bagnoitalia.com\/de\/wp-json\/wp\/v2\/types\/product"}],"replies":[{"embeddable":true,"href":"https:\/\/www.bagnoitalia.com\/de\/wp-json\/wp\/v2\/comments?post=80975"}],"version-history":[{"count":2,"href":"https:\/\/www.bagnoitalia.com\/de\/wp-json\/wp\/v2\/product\/80975\/revisions"}],"predecessor-version":[{"id":113742,"href":"https:\/\/www.bagnoitalia.com\/de\/wp-json\/wp\/v2\/product\/80975\/revisions\/113742"}],"wp:featuredmedia":[{"embeddable":true,"href":"https:\/\/www.bagnoitalia.com\/de\/wp-json\/wp\/v2\/media\/39750"}],"wp:attachment":[{"href":"https:\/\/www.bagnoitalia.com\/de\/wp-json\/wp\/v2\/media?parent=80975"}],"wp:term":[{"taxonomy":"product_brand","embeddable":true,"href":"https:\/\/www.bagnoitalia.com\/de\/wp-json\/wp\/v2\/product_brand?post=80975"},{"taxonomy":"product_cat","embeddable":true,"href":"https:\/\/www.bagnoitalia.com\/de\/wp-json\/wp\/v2\/product_cat?post=80975"},{"taxonomy":"product_tag","embeddable":true,"href":"https:\/\/www.bagnoitalia.com\/de\/wp-json\/wp\/v2\/product_tag?post=80975"}],"curies":[{"name":"wp","href":"https:\/\/api.w.org\/{rel}","templated":true}]}}