{"id":80867,"date":"2017-11-16T14:47:45","date_gmt":"2017-11-16T13:47:45","guid":{"rendered":"https:\/\/www.bagnoitalia.com\/product\/halbkreisformige-marmoresina-duschwanne-hohe-35-cm-weis-oder-hellgrau"},"modified":"2024-05-16T16:57:38","modified_gmt":"2024-05-16T14:57:38","slug":"halbkreisformige-marmoresina-duschwanne-hohe-35-cm-weis-oder-hellgrau","status":"publish","type":"product","link":"https:\/\/www.bagnoitalia.com\/de\/produkt\/halbkreisformige-marmoresina-duschwanne-hohe-35-cm-weis-oder-hellgrau.html","title":{"rendered":"Duschplatte aus Marmorharz, 3,5cm hoch, halbrund, in wei\u00df oder hellgrau"},"content":{"rendered":"<p style=\"margin-top: 0cm; margin-right: 0cm; margin-bottom: 0.0001pt; background-image: initial; background-position: initial; background-repeat: initial; background-attachment: initial; vertical-align: baseline;\"><span style=\"font-size: 12pt;\"><strong><span style=\"font-family: Arial, sans-serif; color: #333333;\"><\/span><\/strong><\/span><\/p>\n<p style=\"margin-top: 0cm; margin-right: 0cm; margin-bottom: 0.0001pt; background-image: initial; background-position: initial; background-repeat: initial; background-attachment: initial; vertical-align: baseline;\"><span style=\"font-size: 12pt; font-family: Arial, sans-serif; color: #333333;\">halbrunde Duschplatte in wei\u00df oder hellgrau.Das Produkt ist aus Marmorharz, 3,5cm hoch und mit einem 12x12cm gro\u00dfen Edelstahl-Ablaufventil best\u00fcckt. Die Platte hat einen Rustika-Boden, der die Oberfl\u00e4che <strong>rutschfest macht<\/strong> .<\/span><\/p>\n<p style=\"margin-top: 0cm; margin-right: 0cm; margin-bottom: 0.0001pt; background-image: initial; background-position: initial; background-repeat: initial; background-attachment: initial; vertical-align: baseline;\"><span style=\"font-size: 12pt; font-family: Arial, sans-serif; color: #333333;\"><\/span><\/p>\n<p>&nbsp;<\/p>\n<p style=\"margin-top: 0cm; margin-right: 0cm; margin-bottom: 0.0001pt; background-image: initial; background-position: initial; background-repeat: initial; background-attachment: initial; vertical-align: baseline;\"><span style=\"font-size: 12pt;\"><strong><span style=\"font-family: Arial, sans-serif; color: #333333;\">Eigenschaften:<\/span><\/strong><\/span><\/p>\n<ul>\n<li><span style=\"font-size: 12pt; font-family: Arial, sans-serif; color: #333333;\">Duschplatte aus <strong>Marmorharz<\/strong><\/span><\/li>\n<\/ul>\n<ul>\n<li><span style=\"font-size: 12pt; font-family: Arial, sans-serif; color: #333333;\">H\u00f6he: <strong>3,5cm<\/strong><\/span><\/li>\n<\/ul>\n<ul>\n<li><span style=\"font-size: 12pt;\"><span style=\"text-decoration: underline;\"><span style=\"font-family: Arial, sans-serif; color: #333333;\">Integrierter<\/span><\/span><span style=\"font-family: Arial, sans-serif; color: #333333;\"> <\/span><span style=\"font-family: Arial, sans-serif; color: #333333;\">Siphon mit quadratischem <strong>Edelstahlgrill (<\/strong>12&#215;12 cm)<\/span><\/span><\/li>\n<\/ul>\n<ul>\n<li><span style=\"font-size: 12pt; font-family: Arial, sans-serif; color: #333333;\">Farbe: wei\u00df, hellgrau <br \/><\/span><\/li>\n<\/ul>\n<ul>\n<li><span style=\"font-family: Arial,sans-serif;\"><span style=\"font-size: medium;\"><span style=\"color: #001000;\">\u00fcber eine<span><span> Diamantscheibe vorort ver\u00e4nderbar<\/span><\/span><\/span><\/span><\/span><\/li>\n<\/ul>\n<ul>\n<li><span style=\"font-size: 12pt; font-family: Arial, sans-serif; color: #333333;\"><span style=\"text-decoration: underline;\">leichte <\/span><span style=\"text-decoration: underline;\">Neigung<\/span>, die das Wasser besser abflie\u00dfen l\u00e4sst<\/span><\/li>\n<\/ul>\n<ul>\n<li><span style=\"font-size: 12pt; font-family: Arial, sans-serif; color: #333333;\">perfekt verarbeitete R\u00e4nder<\/span><\/li>\n<\/ul>\n<ul>\n<li><span style=\"font-size: 12pt; line-height: 107%; font-family: Arial, sans-serif; color: #333333;\">Einfach und schnell zu reinigen<\/span><\/li>\n<\/ul>\n<ul>\n<li><span style=\"font-size: 12pt; line-height: 107%; font-family: Arial, sans-serif; color: #333333;\">In verschiedenen Gr\u00f6\u00dfen erh\u00e4ltlich<\/span><\/li>\n<\/ul>\n<p>&nbsp;<\/p>\n<p style=\"margin-top: 0cm; margin-right: 0cm; margin-bottom: 0.0001pt; background-image: initial; background-position: initial; background-repeat: initial; background-attachment: initial; vertical-align: baseline;\"><span style=\"font-size: 12pt;\"><strong><span style=\"font-family: Arial, sans-serif; color: #333333;\"><\/span><\/strong><\/span><\/p>\n<p style=\"margin-top: 0cm; margin-right: 0cm; margin-bottom: 0.0001pt; background-image: initial; background-position: initial; background-repeat: initial; background-attachment: initial; vertical-align: baseline;\"><span style=\"font-size: 12pt;\"><strong><span style=\"font-family: Arial, sans-serif; color: #333333;\">MATERIAL:<\/span><\/strong><\/span><\/p>\n<div style=\"text-align: Left; font-family: Segoe UI; font-style: normal; font-weight: normal; font-size: 12; color: #000000;\">\n<p style=\"font-family: arial; font-size: 16; margin: 0 0 0 0; background-color: #ffffff;\"><span style=\"color: #333333;\"><span>Mischung aus hochwertigem Polyester und Mineralharz aus den Dolomiten.<\/span><\/span><\/p>\n<p style=\"font-family: arial; font-size: 16; margin: 0 0 0 0; background-color: #ffffff;\"><span style=\"color: #333333;\"><span>Das Produkt hat eine rutschfeste Oberfl\u00e4che, und zeichnet sich durch seine H\u00e4rte, der angenehmen Haftung und der Widerstandsf\u00e4higkeit gegen \u00e4u\u00dfere Korrosionsmittel aus.<\/span><\/span><\/p>\n<p>&nbsp;<\/p>\n<\/div>\n<p>&nbsp;<\/p>\n<p>&nbsp;<\/p>\n","protected":false},"excerpt":{"rendered":"<p>Halbrunde Duschplatte mit Ablaufventil. 3,5cm hoch, rutschfest, widerstandsf\u00e4hig, in wei\u00df oder hellgrau und in den Gr\u00f6\u00dfen 80&#215;80 oder 90x90cm lieferbar.<\/p>\n","protected":false},"featured_media":38662,"comment_status":"open","ping_status":"closed","template":"","meta":[],"product_brand":[9907],"product_cat":[15],"product_tag":[],"class_list":{"0":"post-80867","1":"product","2":"type-product","3":"status-publish","4":"has-post-thumbnail","6":"product_brand-movida-store-de","7":"product_cat-senza-categoria","9":"first","10":"outofstock","11":"taxable","12":"shipping-taxable","13":"purchasable","14":"product-type-simple"},"exclude_global_add_ons":false,"addons":[{"name":"CAMPI_DIMENSIONI\r\n","type":"select","position":0,"required":true,"title_format":"label","default":"","description_enable":false,"description":"","placeholder_enable":false,"placeholder":"","display":"select","restrictions_type":"any_text","adjust_price":false,"price":"","price_type":"","restrictions":false,"min":"0","max":"0","options":[]},{"name":"CAMPI_PILETTA\r\n","type":"select","position":0,"required":true,"title_format":"label","default":"","description_enable":false,"description":"","placeholder_enable":false,"placeholder":"","display":"select","restrictions_type":"any_text","adjust_price":false,"price":"","price_type":"","restrictions":false,"min":"0","max":"0","options":[]}],"yoast_head":"<!-- This site is optimized with the Yoast SEO plugin v26.7 - https:\/\/yoast.com\/wordpress\/plugins\/seo\/ -->\n<title>Halbkreisf\u00f6rmige Marmoresina 3-cm-Duschwanne mit Siphon-Ablauf in 6 Farben 80x80 oder 90x90<\/title>\n<meta name=\"description\" content=\"Halbrunde Schieferduschwanne mit Schieferstein-Effekt, komplett mit Edelstahl-Ablaufgitter und Rost, H 3 cm, antibakteriell, rutschfest, widerstandsf\u00e4hig, wei\u00dfbeige Schokoladenanthrazit-Zement und Taubengrau 80x80 oder 90x90\" \/>\n<meta name=\"robots\" content=\"index, follow, max-snippet:-1, max-image-preview:large, max-video-preview:-1\" \/>\n<link rel=\"canonical\" href=\"https:\/\/www.bagnoitalia.com\/de\/produkt\/halbkreisformige-marmoresina-duschwanne-hohe-35-cm-weis-oder-hellgrau.html\" \/>\n<meta property=\"og:locale\" content=\"de_DE\" \/>\n<meta property=\"og:type\" content=\"article\" \/>\n<meta property=\"og:title\" content=\"Halbkreisf\u00f6rmige Marmoresina 3-cm-Duschwanne mit Siphon-Ablauf in 6 Farben 80x80 oder 90x90\" \/>\n<meta property=\"og:description\" content=\"Halbrunde Schieferduschwanne mit Schieferstein-Effekt, komplett mit Edelstahl-Ablaufgitter und Rost, H 3 cm, antibakteriell, rutschfest, widerstandsf\u00e4hig, wei\u00dfbeige Schokoladenanthrazit-Zement und Taubengrau 80x80 oder 90x90\" \/>\n<meta property=\"og:url\" content=\"https:\/\/www.bagnoitalia.com\/de\/produkt\/halbkreisformige-marmoresina-duschwanne-hohe-35-cm-weis-oder-hellgrau.html\" \/>\n<meta property=\"og:site_name\" content=\"Bagno Italia\" \/>\n<meta property=\"article:modified_time\" content=\"2024-05-16T14:57:38+00:00\" \/>\n<meta property=\"og:image\" content=\"https:\/\/img.bagnoitalia.com\/wp-content\/uploads\/virtuemart\/product\/Semicircular-marble-resin-shower-tray-1_1542811466_765.jpg\" \/>\n\t<meta property=\"og:image:width\" content=\"500\" \/>\n\t<meta property=\"og:image:height\" content=\"500\" \/>\n\t<meta property=\"og:image:type\" content=\"image\/jpeg\" \/>\n<meta name=\"twitter:card\" content=\"summary_large_image\" \/>\n<meta name=\"twitter:label1\" content=\"Gesch\u00e4tzte Lesezeit\" \/>\n\t<meta name=\"twitter:data1\" content=\"1\u00a0Minute\" \/>\n<script type=\"application\/ld+json\" class=\"yoast-schema-graph\">{\"@context\":\"https:\/\/schema.org\",\"@graph\":[{\"@type\":\"WebPage\",\"@id\":\"https:\/\/www.bagnoitalia.com\/de\/produkt\/halbkreisformige-marmoresina-duschwanne-hohe-35-cm-weis-oder-hellgrau.html\",\"url\":\"https:\/\/www.bagnoitalia.com\/de\/produkt\/halbkreisformige-marmoresina-duschwanne-hohe-35-cm-weis-oder-hellgrau.html\",\"name\":\"Halbkreisf\u00f6rmige Marmoresina 3-cm-Duschwanne mit Siphon-Ablauf in 6 Farben 80x80 oder 90x90\",\"isPartOf\":{\"@id\":\"https:\/\/www.bagnoitalia.com\/de#website\"},\"primaryImageOfPage\":{\"@id\":\"https:\/\/www.bagnoitalia.com\/de\/produkt\/halbkreisformige-marmoresina-duschwanne-hohe-35-cm-weis-oder-hellgrau.html#primaryimage\"},\"image\":{\"@id\":\"https:\/\/www.bagnoitalia.com\/de\/produkt\/halbkreisformige-marmoresina-duschwanne-hohe-35-cm-weis-oder-hellgrau.html#primaryimage\"},\"thumbnailUrl\":\"https:\/\/img.bagnoitalia.com\/wp-content\/uploads\/virtuemart\/product\/Semicircular-marble-resin-shower-tray-1_1542811466_765.jpg\",\"datePublished\":\"2017-11-16T13:47:45+00:00\",\"dateModified\":\"2024-05-16T14:57:38+00:00\",\"description\":\"Halbrunde Schieferduschwanne mit Schieferstein-Effekt, komplett mit Edelstahl-Ablaufgitter und Rost, H 3 cm, antibakteriell, rutschfest, widerstandsf\u00e4hig, wei\u00dfbeige Schokoladenanthrazit-Zement und Taubengrau 80x80 oder 90x90\",\"breadcrumb\":{\"@id\":\"https:\/\/www.bagnoitalia.com\/de\/produkt\/halbkreisformige-marmoresina-duschwanne-hohe-35-cm-weis-oder-hellgrau.html#breadcrumb\"},\"inLanguage\":\"de\",\"potentialAction\":[{\"@type\":\"ReadAction\",\"target\":[\"https:\/\/www.bagnoitalia.com\/de\/produkt\/halbkreisformige-marmoresina-duschwanne-hohe-35-cm-weis-oder-hellgrau.html\"]}]},{\"@type\":\"ImageObject\",\"inLanguage\":\"de\",\"@id\":\"https:\/\/www.bagnoitalia.com\/de\/produkt\/halbkreisformige-marmoresina-duschwanne-hohe-35-cm-weis-oder-hellgrau.html#primaryimage\",\"url\":\"https:\/\/img.bagnoitalia.com\/wp-content\/uploads\/virtuemart\/product\/Semicircular-marble-resin-shower-tray-1_1542811466_765.jpg\",\"contentUrl\":\"https:\/\/img.bagnoitalia.com\/wp-content\/uploads\/virtuemart\/product\/Semicircular-marble-resin-shower-tray-1_1542811466_765.jpg\",\"width\":500,\"height\":500},{\"@type\":\"BreadcrumbList\",\"@id\":\"https:\/\/www.bagnoitalia.com\/de\/produkt\/halbkreisformige-marmoresina-duschwanne-hohe-35-cm-weis-oder-hellgrau.html#breadcrumb\",\"itemListElement\":[{\"@type\":\"ListItem\",\"position\":1,\"name\":\"Home\",\"item\":\"https:\/\/www.bagnoitalia.com\/de\"},{\"@type\":\"ListItem\",\"position\":2,\"name\":\"Produkte\",\"item\":\"https:\/\/www.bagnoitalia.com\/de\/shop\"},{\"@type\":\"ListItem\",\"position\":3,\"name\":\"Duschplatte aus Marmorharz, 3,5cm hoch, halbrund, in wei\u00df oder hellgrau\"}]},{\"@type\":\"WebSite\",\"@id\":\"https:\/\/www.bagnoitalia.com\/de#website\",\"url\":\"https:\/\/www.bagnoitalia.com\/de\",\"name\":\"Bagno Italia\",\"description\":\"\",\"publisher\":{\"@id\":\"https:\/\/www.bagnoitalia.com\/de#organization\"},\"potentialAction\":[{\"@type\":\"SearchAction\",\"target\":{\"@type\":\"EntryPoint\",\"urlTemplate\":\"https:\/\/www.bagnoitalia.com\/de?s={search_term_string}\"},\"query-input\":{\"@type\":\"PropertyValueSpecification\",\"valueRequired\":true,\"valueName\":\"search_term_string\"}}],\"inLanguage\":\"de\"},{\"@type\":\"Organization\",\"@id\":\"https:\/\/www.bagnoitalia.com\/de#organization\",\"name\":\"Bagno Italia\",\"url\":\"https:\/\/www.bagnoitalia.com\/de\",\"logo\":{\"@type\":\"ImageObject\",\"inLanguage\":\"de\",\"@id\":\"https:\/\/www.bagnoitalia.com\/de#\/schema\/logo\/image\/\",\"url\":\"https:\/\/img.bagnoitalia.com\/wp-content\/uploads\/logo-bagnoitalia.webp\",\"contentUrl\":\"https:\/\/img.bagnoitalia.com\/wp-content\/uploads\/logo-bagnoitalia.webp\",\"width\":400,\"height\":70,\"caption\":\"Bagno Italia\"},\"image\":{\"@id\":\"https:\/\/www.bagnoitalia.com\/de#\/schema\/logo\/image\/\"}}]}<\/script>\n<!-- \/ Yoast SEO plugin. -->","yoast_head_json":{"title":"Halbkreisf\u00f6rmige Marmoresina 3-cm-Duschwanne mit Siphon-Ablauf in 6 Farben 80x80 oder 90x90","description":"Halbrunde Schieferduschwanne mit Schieferstein-Effekt, komplett mit Edelstahl-Ablaufgitter und Rost, H 3 cm, antibakteriell, rutschfest, widerstandsf\u00e4hig, wei\u00dfbeige Schokoladenanthrazit-Zement und Taubengrau 80x80 oder 90x90","robots":{"index":"index","follow":"follow","max-snippet":"max-snippet:-1","max-image-preview":"max-image-preview:large","max-video-preview":"max-video-preview:-1"},"canonical":"https:\/\/www.bagnoitalia.com\/de\/produkt\/halbkreisformige-marmoresina-duschwanne-hohe-35-cm-weis-oder-hellgrau.html","og_locale":"de_DE","og_type":"article","og_title":"Halbkreisf\u00f6rmige Marmoresina 3-cm-Duschwanne mit Siphon-Ablauf in 6 Farben 80x80 oder 90x90","og_description":"Halbrunde Schieferduschwanne mit Schieferstein-Effekt, komplett mit Edelstahl-Ablaufgitter und Rost, H 3 cm, antibakteriell, rutschfest, widerstandsf\u00e4hig, wei\u00dfbeige Schokoladenanthrazit-Zement und Taubengrau 80x80 oder 90x90","og_url":"https:\/\/www.bagnoitalia.com\/de\/produkt\/halbkreisformige-marmoresina-duschwanne-hohe-35-cm-weis-oder-hellgrau.html","og_site_name":"Bagno Italia","article_modified_time":"2024-05-16T14:57:38+00:00","og_image":[{"width":500,"height":500,"url":"https:\/\/img.bagnoitalia.com\/wp-content\/uploads\/virtuemart\/product\/Semicircular-marble-resin-shower-tray-1_1542811466_765.jpg","type":"image\/jpeg"}],"twitter_card":"summary_large_image","twitter_misc":{"Gesch\u00e4tzte Lesezeit":"1\u00a0Minute"},"schema":{"@context":"https:\/\/schema.org","@graph":[{"@type":"WebPage","@id":"https:\/\/www.bagnoitalia.com\/de\/produkt\/halbkreisformige-marmoresina-duschwanne-hohe-35-cm-weis-oder-hellgrau.html","url":"https:\/\/www.bagnoitalia.com\/de\/produkt\/halbkreisformige-marmoresina-duschwanne-hohe-35-cm-weis-oder-hellgrau.html","name":"Halbkreisf\u00f6rmige Marmoresina 3-cm-Duschwanne mit Siphon-Ablauf in 6 Farben 80x80 oder 90x90","isPartOf":{"@id":"https:\/\/www.bagnoitalia.com\/de#website"},"primaryImageOfPage":{"@id":"https:\/\/www.bagnoitalia.com\/de\/produkt\/halbkreisformige-marmoresina-duschwanne-hohe-35-cm-weis-oder-hellgrau.html#primaryimage"},"image":{"@id":"https:\/\/www.bagnoitalia.com\/de\/produkt\/halbkreisformige-marmoresina-duschwanne-hohe-35-cm-weis-oder-hellgrau.html#primaryimage"},"thumbnailUrl":"https:\/\/img.bagnoitalia.com\/wp-content\/uploads\/virtuemart\/product\/Semicircular-marble-resin-shower-tray-1_1542811466_765.jpg","datePublished":"2017-11-16T13:47:45+00:00","dateModified":"2024-05-16T14:57:38+00:00","description":"Halbrunde Schieferduschwanne mit Schieferstein-Effekt, komplett mit Edelstahl-Ablaufgitter und Rost, H 3 cm, antibakteriell, rutschfest, widerstandsf\u00e4hig, wei\u00dfbeige Schokoladenanthrazit-Zement und Taubengrau 80x80 oder 90x90","breadcrumb":{"@id":"https:\/\/www.bagnoitalia.com\/de\/produkt\/halbkreisformige-marmoresina-duschwanne-hohe-35-cm-weis-oder-hellgrau.html#breadcrumb"},"inLanguage":"de","potentialAction":[{"@type":"ReadAction","target":["https:\/\/www.bagnoitalia.com\/de\/produkt\/halbkreisformige-marmoresina-duschwanne-hohe-35-cm-weis-oder-hellgrau.html"]}]},{"@type":"ImageObject","inLanguage":"de","@id":"https:\/\/www.bagnoitalia.com\/de\/produkt\/halbkreisformige-marmoresina-duschwanne-hohe-35-cm-weis-oder-hellgrau.html#primaryimage","url":"https:\/\/img.bagnoitalia.com\/wp-content\/uploads\/virtuemart\/product\/Semicircular-marble-resin-shower-tray-1_1542811466_765.jpg","contentUrl":"https:\/\/img.bagnoitalia.com\/wp-content\/uploads\/virtuemart\/product\/Semicircular-marble-resin-shower-tray-1_1542811466_765.jpg","width":500,"height":500},{"@type":"BreadcrumbList","@id":"https:\/\/www.bagnoitalia.com\/de\/produkt\/halbkreisformige-marmoresina-duschwanne-hohe-35-cm-weis-oder-hellgrau.html#breadcrumb","itemListElement":[{"@type":"ListItem","position":1,"name":"Home","item":"https:\/\/www.bagnoitalia.com\/de"},{"@type":"ListItem","position":2,"name":"Produkte","item":"https:\/\/www.bagnoitalia.com\/de\/shop"},{"@type":"ListItem","position":3,"name":"Duschplatte aus Marmorharz, 3,5cm hoch, halbrund, in wei\u00df oder hellgrau"}]},{"@type":"WebSite","@id":"https:\/\/www.bagnoitalia.com\/de#website","url":"https:\/\/www.bagnoitalia.com\/de","name":"Bagno Italia","description":"","publisher":{"@id":"https:\/\/www.bagnoitalia.com\/de#organization"},"potentialAction":[{"@type":"SearchAction","target":{"@type":"EntryPoint","urlTemplate":"https:\/\/www.bagnoitalia.com\/de?s={search_term_string}"},"query-input":{"@type":"PropertyValueSpecification","valueRequired":true,"valueName":"search_term_string"}}],"inLanguage":"de"},{"@type":"Organization","@id":"https:\/\/www.bagnoitalia.com\/de#organization","name":"Bagno Italia","url":"https:\/\/www.bagnoitalia.com\/de","logo":{"@type":"ImageObject","inLanguage":"de","@id":"https:\/\/www.bagnoitalia.com\/de#\/schema\/logo\/image\/","url":"https:\/\/img.bagnoitalia.com\/wp-content\/uploads\/logo-bagnoitalia.webp","contentUrl":"https:\/\/img.bagnoitalia.com\/wp-content\/uploads\/logo-bagnoitalia.webp","width":400,"height":70,"caption":"Bagno Italia"},"image":{"@id":"https:\/\/www.bagnoitalia.com\/de#\/schema\/logo\/image\/"}}]}},"_links":{"self":[{"href":"https:\/\/www.bagnoitalia.com\/de\/wp-json\/wp\/v2\/product\/80867","targetHints":{"allow":["GET"]}}],"collection":[{"href":"https:\/\/www.bagnoitalia.com\/de\/wp-json\/wp\/v2\/product"}],"about":[{"href":"https:\/\/www.bagnoitalia.com\/de\/wp-json\/wp\/v2\/types\/product"}],"replies":[{"embeddable":true,"href":"https:\/\/www.bagnoitalia.com\/de\/wp-json\/wp\/v2\/comments?post=80867"}],"version-history":[{"count":0,"href":"https:\/\/www.bagnoitalia.com\/de\/wp-json\/wp\/v2\/product\/80867\/revisions"}],"wp:featuredmedia":[{"embeddable":true,"href":"https:\/\/www.bagnoitalia.com\/de\/wp-json\/wp\/v2\/media\/38662"}],"wp:attachment":[{"href":"https:\/\/www.bagnoitalia.com\/de\/wp-json\/wp\/v2\/media?parent=80867"}],"wp:term":[{"taxonomy":"product_brand","embeddable":true,"href":"https:\/\/www.bagnoitalia.com\/de\/wp-json\/wp\/v2\/product_brand?post=80867"},{"taxonomy":"product_cat","embeddable":true,"href":"https:\/\/www.bagnoitalia.com\/de\/wp-json\/wp\/v2\/product_cat?post=80867"},{"taxonomy":"product_tag","embeddable":true,"href":"https:\/\/www.bagnoitalia.com\/de\/wp-json\/wp\/v2\/product_tag?post=80867"}],"curies":[{"name":"wp","href":"https:\/\/api.w.org\/{rel}","templated":true}]}}