{"id":80775,"date":"2017-09-18T10:20:55","date_gmt":"2017-09-18T08:20:55","guid":{"rendered":"https:\/\/www.bagnoitalia.com\/product\/avon-kommode-aufgehangt-100x32x45-cm-erhaltlich-in-weis-glanzend-taupe-grau-weiches-eichenholz"},"modified":"2025-04-12T20:00:52","modified_gmt":"2025-04-12T18:00:52","slug":"avon-kommode-aufgehangt-100x32x45-cm-erhaltlich-in-weis-glanzend-taupe-grau-weiches-eichenholz","status":"publish","type":"product","link":"https:\/\/www.bagnoitalia.com\/de\/produkt\/avon-kommode-aufgehangt-100x32x45-cm-erhaltlich-in-weis-glanzend-taupe-grau-weiches-eichenholz.html","title":{"rendered":"Avon H\u00e4ngeschrank, 100x32x45cm, erh\u00e4ltlich in gl\u00e4nzendem wei\u00df, taubengrau oder Eiche"},"content":{"rendered":"<p><strong>Der Preis beinhaltet:<\/strong><\/p>\n<p>1 H\u00e4ngeschrank: 100x32x45cm<\/p>\n<p>&nbsp;<\/p>\n<p>Farbe: wei\u00df gl\u00e4nzend, Eiche, taubengrau<\/p>\n<p>&nbsp;<\/p>\n<p><strong>Material:<\/strong><\/p>\n<p>MDF-Struktur<\/p>\n<p>Schubladen: Metallscharniere, mit soft-close-System<\/p>\n<p>&nbsp;<\/p>\n<p>Dem H\u00e4ngeschrank k\u00f6nnen auf Wunsch Beine angef\u00fcgt werden (nicht in der Bestellung inbegriffen).<\/p>\n<p>&nbsp;<\/p>\n<p>&nbsp;<\/p>\n","protected":false},"excerpt":{"rendered":"<p>Avon H\u00e4ngeschrank, 100x32x45cm, erh\u00e4ltlich in gl\u00e4nzendem wei\u00df, taubengrau oder Eiche<\/p>\n","protected":false},"featured_media":37758,"comment_status":"open","ping_status":"closed","template":"","meta":[],"product_brand":[5011],"product_cat":[9668],"product_tag":[],"class_list":{"0":"post-80775","1":"product","2":"type-product","3":"status-publish","4":"has-post-thumbnail","6":"product_brand-baden-haus","7":"product_cat-erganzende-mobel","9":"first","10":"instock","11":"sale","12":"taxable","13":"shipping-taxable","14":"purchasable","15":"product-type-simple"},"exclude_global_add_ons":false,"addons":[{"name":"Farbe","type":"multiple_choice","position":0,"required":true,"title_format":"heading","default":"","description_enable":false,"description":"","placeholder_enable":false,"placeholder":"","display":"select","restrictions_type":"any_text","adjust_price":false,"price":"","price_type":"flat_fee","restrictions":false,"min":"0","max":"0","options":[{"label":"Gl\u00e4nzend wei\u00df","price":"","price_type":"quantity_based","image":0,"visibility":true},{"label":"Eiche hell","price":"","price_type":"quantity_based","image":0,"visibility":true},{"label":"Taupe grau","price":"","price_type":"quantity_based","image":0,"visibility":true}],"id":1718617471}],"yoast_head":"<!-- This site is optimized with the Yoast SEO plugin v26.7 - https:\/\/yoast.com\/wordpress\/plugins\/seo\/ -->\n<title>100 cm Avril Kommode in 3 Farben erh\u00e4ltlich<\/title>\n<meta name=\"robots\" content=\"index, follow, max-snippet:-1, max-image-preview:large, max-video-preview:-1\" \/>\n<link rel=\"canonical\" href=\"https:\/\/www.bagnoitalia.com\/de\/produkt\/avon-kommode-aufgehangt-100x32x45-cm-erhaltlich-in-weis-glanzend-taupe-grau-weiches-eichenholz.html\" \/>\n<meta property=\"og:locale\" content=\"de_DE\" \/>\n<meta property=\"og:type\" content=\"article\" \/>\n<meta property=\"og:title\" content=\"100 cm Avril Kommode in 3 Farben erh\u00e4ltlich\" \/>\n<meta property=\"og:description\" content=\"Avon H\u00e4ngeschrank, 100x32x45cm, erh\u00e4ltlich in gl\u00e4nzendem wei\u00df, taubengrau oder Eiche\" \/>\n<meta property=\"og:url\" content=\"https:\/\/www.bagnoitalia.com\/de\/produkt\/avon-kommode-aufgehangt-100x32x45-cm-erhaltlich-in-weis-glanzend-taupe-grau-weiches-eichenholz.html\" \/>\n<meta property=\"og:site_name\" content=\"Bagno Italia\" \/>\n<meta property=\"article:modified_time\" content=\"2025-04-12T18:00:52+00:00\" \/>\n<meta property=\"og:image\" content=\"https:\/\/img.bagnoitalia.com\/wp-content\/uploads\/virtuemart\/product\/wall-hung-drawer-unit-avon-model-1_1544532972_911.jpg\" \/>\n\t<meta property=\"og:image:width\" content=\"600\" \/>\n\t<meta property=\"og:image:height\" content=\"600\" \/>\n\t<meta property=\"og:image:type\" content=\"image\/jpeg\" \/>\n<meta name=\"twitter:card\" content=\"summary_large_image\" \/>\n<meta name=\"twitter:label1\" content=\"Gesch\u00e4tzte Lesezeit\" \/>\n\t<meta name=\"twitter:data1\" content=\"1\u00a0Minute\" \/>\n<script type=\"application\/ld+json\" class=\"yoast-schema-graph\">{\"@context\":\"https:\/\/schema.org\",\"@graph\":[{\"@type\":\"WebPage\",\"@id\":\"https:\/\/www.bagnoitalia.com\/de\/produkt\/avon-kommode-aufgehangt-100x32x45-cm-erhaltlich-in-weis-glanzend-taupe-grau-weiches-eichenholz.html\",\"url\":\"https:\/\/www.bagnoitalia.com\/de\/produkt\/avon-kommode-aufgehangt-100x32x45-cm-erhaltlich-in-weis-glanzend-taupe-grau-weiches-eichenholz.html\",\"name\":\"100 cm Avril Kommode in 3 Farben erh\u00e4ltlich\",\"isPartOf\":{\"@id\":\"https:\/\/www.bagnoitalia.com\/de#website\"},\"primaryImageOfPage\":{\"@id\":\"https:\/\/www.bagnoitalia.com\/de\/produkt\/avon-kommode-aufgehangt-100x32x45-cm-erhaltlich-in-weis-glanzend-taupe-grau-weiches-eichenholz.html#primaryimage\"},\"image\":{\"@id\":\"https:\/\/www.bagnoitalia.com\/de\/produkt\/avon-kommode-aufgehangt-100x32x45-cm-erhaltlich-in-weis-glanzend-taupe-grau-weiches-eichenholz.html#primaryimage\"},\"thumbnailUrl\":\"https:\/\/img.bagnoitalia.com\/wp-content\/uploads\/virtuemart\/product\/wall-hung-drawer-unit-avon-model-1_1544532972_911.jpg\",\"datePublished\":\"2017-09-18T08:20:55+00:00\",\"dateModified\":\"2025-04-12T18:00:52+00:00\",\"breadcrumb\":{\"@id\":\"https:\/\/www.bagnoitalia.com\/de\/produkt\/avon-kommode-aufgehangt-100x32x45-cm-erhaltlich-in-weis-glanzend-taupe-grau-weiches-eichenholz.html#breadcrumb\"},\"inLanguage\":\"de\",\"potentialAction\":[{\"@type\":\"ReadAction\",\"target\":[\"https:\/\/www.bagnoitalia.com\/de\/produkt\/avon-kommode-aufgehangt-100x32x45-cm-erhaltlich-in-weis-glanzend-taupe-grau-weiches-eichenholz.html\"]}]},{\"@type\":\"ImageObject\",\"inLanguage\":\"de\",\"@id\":\"https:\/\/www.bagnoitalia.com\/de\/produkt\/avon-kommode-aufgehangt-100x32x45-cm-erhaltlich-in-weis-glanzend-taupe-grau-weiches-eichenholz.html#primaryimage\",\"url\":\"https:\/\/img.bagnoitalia.com\/wp-content\/uploads\/virtuemart\/product\/wall-hung-drawer-unit-avon-model-1_1544532972_911.jpg\",\"contentUrl\":\"https:\/\/img.bagnoitalia.com\/wp-content\/uploads\/virtuemart\/product\/wall-hung-drawer-unit-avon-model-1_1544532972_911.jpg\",\"width\":600,\"height\":600},{\"@type\":\"BreadcrumbList\",\"@id\":\"https:\/\/www.bagnoitalia.com\/de\/produkt\/avon-kommode-aufgehangt-100x32x45-cm-erhaltlich-in-weis-glanzend-taupe-grau-weiches-eichenholz.html#breadcrumb\",\"itemListElement\":[{\"@type\":\"ListItem\",\"position\":1,\"name\":\"Home\",\"item\":\"https:\/\/www.bagnoitalia.com\/de\"},{\"@type\":\"ListItem\",\"position\":2,\"name\":\"Produkte\",\"item\":\"https:\/\/www.bagnoitalia.com\/de\/shop\"},{\"@type\":\"ListItem\",\"position\":3,\"name\":\"Avon H\u00e4ngeschrank, 100x32x45cm, erh\u00e4ltlich in gl\u00e4nzendem wei\u00df, taubengrau oder Eiche\"}]},{\"@type\":\"WebSite\",\"@id\":\"https:\/\/www.bagnoitalia.com\/de#website\",\"url\":\"https:\/\/www.bagnoitalia.com\/de\",\"name\":\"Bagno Italia\",\"description\":\"\",\"publisher\":{\"@id\":\"https:\/\/www.bagnoitalia.com\/de#organization\"},\"potentialAction\":[{\"@type\":\"SearchAction\",\"target\":{\"@type\":\"EntryPoint\",\"urlTemplate\":\"https:\/\/www.bagnoitalia.com\/de?s={search_term_string}\"},\"query-input\":{\"@type\":\"PropertyValueSpecification\",\"valueRequired\":true,\"valueName\":\"search_term_string\"}}],\"inLanguage\":\"de\"},{\"@type\":\"Organization\",\"@id\":\"https:\/\/www.bagnoitalia.com\/de#organization\",\"name\":\"Bagno Italia\",\"url\":\"https:\/\/www.bagnoitalia.com\/de\",\"logo\":{\"@type\":\"ImageObject\",\"inLanguage\":\"de\",\"@id\":\"https:\/\/www.bagnoitalia.com\/de#\/schema\/logo\/image\/\",\"url\":\"https:\/\/img.bagnoitalia.com\/wp-content\/uploads\/logo-bagnoitalia.webp\",\"contentUrl\":\"https:\/\/img.bagnoitalia.com\/wp-content\/uploads\/logo-bagnoitalia.webp\",\"width\":400,\"height\":70,\"caption\":\"Bagno Italia\"},\"image\":{\"@id\":\"https:\/\/www.bagnoitalia.com\/de#\/schema\/logo\/image\/\"}}]}<\/script>\n<!-- \/ Yoast SEO plugin. -->","yoast_head_json":{"title":"100 cm Avril Kommode in 3 Farben erh\u00e4ltlich","robots":{"index":"index","follow":"follow","max-snippet":"max-snippet:-1","max-image-preview":"max-image-preview:large","max-video-preview":"max-video-preview:-1"},"canonical":"https:\/\/www.bagnoitalia.com\/de\/produkt\/avon-kommode-aufgehangt-100x32x45-cm-erhaltlich-in-weis-glanzend-taupe-grau-weiches-eichenholz.html","og_locale":"de_DE","og_type":"article","og_title":"100 cm Avril Kommode in 3 Farben erh\u00e4ltlich","og_description":"Avon H\u00e4ngeschrank, 100x32x45cm, erh\u00e4ltlich in gl\u00e4nzendem wei\u00df, taubengrau oder Eiche","og_url":"https:\/\/www.bagnoitalia.com\/de\/produkt\/avon-kommode-aufgehangt-100x32x45-cm-erhaltlich-in-weis-glanzend-taupe-grau-weiches-eichenholz.html","og_site_name":"Bagno Italia","article_modified_time":"2025-04-12T18:00:52+00:00","og_image":[{"width":600,"height":600,"url":"https:\/\/img.bagnoitalia.com\/wp-content\/uploads\/virtuemart\/product\/wall-hung-drawer-unit-avon-model-1_1544532972_911.jpg","type":"image\/jpeg"}],"twitter_card":"summary_large_image","twitter_misc":{"Gesch\u00e4tzte Lesezeit":"1\u00a0Minute"},"schema":{"@context":"https:\/\/schema.org","@graph":[{"@type":"WebPage","@id":"https:\/\/www.bagnoitalia.com\/de\/produkt\/avon-kommode-aufgehangt-100x32x45-cm-erhaltlich-in-weis-glanzend-taupe-grau-weiches-eichenholz.html","url":"https:\/\/www.bagnoitalia.com\/de\/produkt\/avon-kommode-aufgehangt-100x32x45-cm-erhaltlich-in-weis-glanzend-taupe-grau-weiches-eichenholz.html","name":"100 cm Avril Kommode in 3 Farben erh\u00e4ltlich","isPartOf":{"@id":"https:\/\/www.bagnoitalia.com\/de#website"},"primaryImageOfPage":{"@id":"https:\/\/www.bagnoitalia.com\/de\/produkt\/avon-kommode-aufgehangt-100x32x45-cm-erhaltlich-in-weis-glanzend-taupe-grau-weiches-eichenholz.html#primaryimage"},"image":{"@id":"https:\/\/www.bagnoitalia.com\/de\/produkt\/avon-kommode-aufgehangt-100x32x45-cm-erhaltlich-in-weis-glanzend-taupe-grau-weiches-eichenholz.html#primaryimage"},"thumbnailUrl":"https:\/\/img.bagnoitalia.com\/wp-content\/uploads\/virtuemart\/product\/wall-hung-drawer-unit-avon-model-1_1544532972_911.jpg","datePublished":"2017-09-18T08:20:55+00:00","dateModified":"2025-04-12T18:00:52+00:00","breadcrumb":{"@id":"https:\/\/www.bagnoitalia.com\/de\/produkt\/avon-kommode-aufgehangt-100x32x45-cm-erhaltlich-in-weis-glanzend-taupe-grau-weiches-eichenholz.html#breadcrumb"},"inLanguage":"de","potentialAction":[{"@type":"ReadAction","target":["https:\/\/www.bagnoitalia.com\/de\/produkt\/avon-kommode-aufgehangt-100x32x45-cm-erhaltlich-in-weis-glanzend-taupe-grau-weiches-eichenholz.html"]}]},{"@type":"ImageObject","inLanguage":"de","@id":"https:\/\/www.bagnoitalia.com\/de\/produkt\/avon-kommode-aufgehangt-100x32x45-cm-erhaltlich-in-weis-glanzend-taupe-grau-weiches-eichenholz.html#primaryimage","url":"https:\/\/img.bagnoitalia.com\/wp-content\/uploads\/virtuemart\/product\/wall-hung-drawer-unit-avon-model-1_1544532972_911.jpg","contentUrl":"https:\/\/img.bagnoitalia.com\/wp-content\/uploads\/virtuemart\/product\/wall-hung-drawer-unit-avon-model-1_1544532972_911.jpg","width":600,"height":600},{"@type":"BreadcrumbList","@id":"https:\/\/www.bagnoitalia.com\/de\/produkt\/avon-kommode-aufgehangt-100x32x45-cm-erhaltlich-in-weis-glanzend-taupe-grau-weiches-eichenholz.html#breadcrumb","itemListElement":[{"@type":"ListItem","position":1,"name":"Home","item":"https:\/\/www.bagnoitalia.com\/de"},{"@type":"ListItem","position":2,"name":"Produkte","item":"https:\/\/www.bagnoitalia.com\/de\/shop"},{"@type":"ListItem","position":3,"name":"Avon H\u00e4ngeschrank, 100x32x45cm, erh\u00e4ltlich in gl\u00e4nzendem wei\u00df, taubengrau oder Eiche"}]},{"@type":"WebSite","@id":"https:\/\/www.bagnoitalia.com\/de#website","url":"https:\/\/www.bagnoitalia.com\/de","name":"Bagno Italia","description":"","publisher":{"@id":"https:\/\/www.bagnoitalia.com\/de#organization"},"potentialAction":[{"@type":"SearchAction","target":{"@type":"EntryPoint","urlTemplate":"https:\/\/www.bagnoitalia.com\/de?s={search_term_string}"},"query-input":{"@type":"PropertyValueSpecification","valueRequired":true,"valueName":"search_term_string"}}],"inLanguage":"de"},{"@type":"Organization","@id":"https:\/\/www.bagnoitalia.com\/de#organization","name":"Bagno Italia","url":"https:\/\/www.bagnoitalia.com\/de","logo":{"@type":"ImageObject","inLanguage":"de","@id":"https:\/\/www.bagnoitalia.com\/de#\/schema\/logo\/image\/","url":"https:\/\/img.bagnoitalia.com\/wp-content\/uploads\/logo-bagnoitalia.webp","contentUrl":"https:\/\/img.bagnoitalia.com\/wp-content\/uploads\/logo-bagnoitalia.webp","width":400,"height":70,"caption":"Bagno Italia"},"image":{"@id":"https:\/\/www.bagnoitalia.com\/de#\/schema\/logo\/image\/"}}]}},"_links":{"self":[{"href":"https:\/\/www.bagnoitalia.com\/de\/wp-json\/wp\/v2\/product\/80775","targetHints":{"allow":["GET"]}}],"collection":[{"href":"https:\/\/www.bagnoitalia.com\/de\/wp-json\/wp\/v2\/product"}],"about":[{"href":"https:\/\/www.bagnoitalia.com\/de\/wp-json\/wp\/v2\/types\/product"}],"replies":[{"embeddable":true,"href":"https:\/\/www.bagnoitalia.com\/de\/wp-json\/wp\/v2\/comments?post=80775"}],"version-history":[{"count":1,"href":"https:\/\/www.bagnoitalia.com\/de\/wp-json\/wp\/v2\/product\/80775\/revisions"}],"predecessor-version":[{"id":90271,"href":"https:\/\/www.bagnoitalia.com\/de\/wp-json\/wp\/v2\/product\/80775\/revisions\/90271"}],"wp:featuredmedia":[{"embeddable":true,"href":"https:\/\/www.bagnoitalia.com\/de\/wp-json\/wp\/v2\/media\/37758"}],"wp:attachment":[{"href":"https:\/\/www.bagnoitalia.com\/de\/wp-json\/wp\/v2\/media?parent=80775"}],"wp:term":[{"taxonomy":"product_brand","embeddable":true,"href":"https:\/\/www.bagnoitalia.com\/de\/wp-json\/wp\/v2\/product_brand?post=80775"},{"taxonomy":"product_cat","embeddable":true,"href":"https:\/\/www.bagnoitalia.com\/de\/wp-json\/wp\/v2\/product_cat?post=80775"},{"taxonomy":"product_tag","embeddable":true,"href":"https:\/\/www.bagnoitalia.com\/de\/wp-json\/wp\/v2\/product_tag?post=80775"}],"curies":[{"name":"wp","href":"https:\/\/api.w.org\/{rel}","templated":true}]}}