{"id":80683,"date":"2017-06-23T11:33:51","date_gmt":"2017-06-23T09:33:51","guid":{"rendered":"https:\/\/www.bagnoitalia.com\/product\/schuhablage-aus-60x78-oder-60x150-weisem-oder-hellem-eichenholz-mit-2-oder-4-turen-mit-siebdruck"},"modified":"2024-05-16T16:56:32","modified_gmt":"2024-05-16T14:56:32","slug":"schuhablage-aus-60x78-oder-60x150-weisem-oder-hellem-eichenholz-mit-2-oder-4-turen-mit-siebdruck","status":"publish","type":"product","link":"https:\/\/www.bagnoitalia.com\/de\/produkt\/schuhablage-aus-60x78-oder-60x150-weisem-oder-hellem-eichenholz-mit-2-oder-4-turen-mit-siebdruck.html","title":{"rendered":"Schuhschrank aus Holz, 60&#215;78 oder 60x150cm, in wei\u00df oder heller Eiche, mit 2 oder 4 T\u00fcren, mit Siebdruk"},"content":{"rendered":"<p><span style=\"font-size: 12pt;\"><strong><span style=\"text-decoration: underline; color: #ff0000;\"><span style=\"font-size: 14pt;\">MDF-SCHUHSCHRANK in heller Eiche oder gl\u00e4nzendem wei\u00df, mit Siebdruck<\/span><\/span> <br \/><\/strong><\/span><\/p>\n<p>&nbsp;<\/p>\n<p><span style=\"text-decoration: underline;\"><strong><span style=\"font-size: 12pt;\">Eigenschaften:<\/span><\/strong><\/span><\/p>\n<p><span style=\"font-size: 12pt;\">Struktur: MDF-Holz, mit Siebdruck<\/span><\/p>\n<p><span style=\"font-size: 12pt;\">Farbe: helle Eiche, gl\u00e4nzendes wei\u00df<\/span><\/p>\n<p><span style=\"font-size: 12pt;\">Gr\u00f6\u00dfen:<\/span><\/p>\n<p><span style=\"font-size: 12pt;\">mit 2 T\u00fcren: 60x78x34cm<\/span><\/p>\n<p><span style=\"font-size: 12pt;\">mit 4 T\u00fcren: 60x150x34cm<\/span><\/p>\n<p>&nbsp;<\/p>\n<p><span style=\"text-decoration: underline;\"><strong><span style=\"font-size: 12pt;\">Schuhschrank zu 60x78x34cm<\/span><\/strong><\/span><\/p>\n<p>&nbsp;<\/p>\n<p><img fetchpriority=\"high\" decoding=\"async\" class=\" size-full wp-image-36974\" src=\"https:\/\/img.bagnoitalia.com\/wp-content\/uploads\/scarpiera-bianca-2-ante-60x34-bianco-lucido-con-disegno-chiusa-879165651.jpg\" alt=\"\" width=\"553\" height=\"553\" srcset=\"https:\/\/img.bagnoitalia.com\/wp-content\/uploads\/scarpiera-bianca-2-ante-60x34-bianco-lucido-con-disegno-chiusa-879165651.jpg 1200w, https:\/\/img.bagnoitalia.com\/wp-content\/uploads\/scarpiera-bianca-2-ante-60x34-bianco-lucido-con-disegno-chiusa-879165651-768x768.jpg 768w, https:\/\/img.bagnoitalia.com\/wp-content\/uploads\/scarpiera-bianca-2-ante-60x34-bianco-lucido-con-disegno-chiusa-879165651-990x990.jpg 990w, https:\/\/img.bagnoitalia.com\/wp-content\/uploads\/scarpiera-bianca-2-ante-60x34-bianco-lucido-con-disegno-chiusa-879165651-441x441.jpg 441w, https:\/\/img.bagnoitalia.com\/wp-content\/uploads\/scarpiera-bianca-2-ante-60x34-bianco-lucido-con-disegno-chiusa-879165651-100x100.jpg 100w, https:\/\/img.bagnoitalia.com\/wp-content\/uploads\/scarpiera-bianca-2-ante-60x34-bianco-lucido-con-disegno-chiusa-879165651-600x600.jpg 600w, https:\/\/img.bagnoitalia.com\/wp-content\/uploads\/scarpiera-bianca-2-ante-60x34-bianco-lucido-con-disegno-chiusa-879165651-150x150.jpg 150w\" sizes=\"(max-width: 553px) 100vw, 553px\" \/><\/p>\n<p>________________________________________________________________________________<\/p>\n<p>&nbsp;<\/p>\n<p><span style=\"text-decoration: underline;\"><strong><span style=\"font-size: 12pt;\">Schuhschrank zu 60x150x34cm<\/span><\/strong><\/span><\/p>\n<p>&nbsp;<\/p>\n<p><img decoding=\"async\" class=\" size-full wp-image-36978\" src=\"https:\/\/img.bagnoitalia.com\/wp-content\/uploads\/scarpiera-4-ante-60x34xh150-rovere-chiaro-con-disegno-chiusa-15417851.jpg\" alt=\"\" width=\"530\" height=\"468\" \/><\/p>\n<p>&nbsp;<\/p>\n<p>___________________________________________________<\/p>\n","protected":false},"excerpt":{"rendered":"<p>Schuhschrank aus Holz, 60&#215;78 oder 60x150cm, in wei\u00df oder heller Eiche, mit 2 oder 4 T\u00fcren und mit Siebdruk<\/p>\n","protected":false},"featured_media":36926,"comment_status":"open","ping_status":"closed","template":"","meta":[],"product_brand":[9916],"product_cat":[15],"product_tag":[],"class_list":{"0":"post-80683","1":"product","2":"type-product","3":"status-publish","4":"has-post-thumbnail","6":"product_brand-brand-store-de","7":"product_cat-senza-categoria","9":"first","10":"outofstock","11":"taxable","12":"shipping-taxable","13":"purchasable","14":"product-type-simple"},"exclude_global_add_ons":false,"addons":[{"name":"CAMPI_DIMENSIONI\r\n","type":"select","position":0,"required":true,"title_format":"label","default":"","description_enable":false,"description":"","placeholder_enable":false,"placeholder":"","display":"select","restrictions_type":"any_text","adjust_price":false,"price":"","price_type":"","restrictions":false,"min":"0","max":"0","options":[]},{"name":"CAMPI_COLORE\r\n","type":"select","position":0,"required":true,"title_format":"label","default":"","description_enable":false,"description":"","placeholder_enable":false,"placeholder":"","display":"select","restrictions_type":"any_text","adjust_price":false,"price":"","price_type":"","restrictions":false,"min":"0","max":"0","options":[]}],"yoast_head":"<!-- This site is optimized with the Yoast SEO plugin v26.7 - https:\/\/yoast.com\/wordpress\/plugins\/seo\/ -->\n<title>Schuhablage aus 60x78 oder 60x150 wei\u00dfem oder hellem Eichenholz mit 2 oder 4 T\u00fcren mit Siebdruck<\/title>\n<meta name=\"description\" content=\"Holzschuhregal in den Gr\u00f6\u00dfen 60x78 oder 60x150 in wei\u00dfer oder heller Eiche mit 2 oder 4 T\u00fcren mit Siebdruck\" \/>\n<meta name=\"robots\" content=\"index, follow, max-snippet:-1, max-image-preview:large, max-video-preview:-1\" \/>\n<link rel=\"canonical\" href=\"https:\/\/www.bagnoitalia.com\/de\/produkt\/schuhablage-aus-60x78-oder-60x150-weisem-oder-hellem-eichenholz-mit-2-oder-4-turen-mit-siebdruck.html\" \/>\n<meta property=\"og:locale\" content=\"de_DE\" \/>\n<meta property=\"og:type\" content=\"article\" \/>\n<meta property=\"og:title\" content=\"Schuhablage aus 60x78 oder 60x150 wei\u00dfem oder hellem Eichenholz mit 2 oder 4 T\u00fcren mit Siebdruck\" \/>\n<meta property=\"og:description\" content=\"Holzschuhregal in den Gr\u00f6\u00dfen 60x78 oder 60x150 in wei\u00dfer oder heller Eiche mit 2 oder 4 T\u00fcren mit Siebdruck\" \/>\n<meta property=\"og:url\" content=\"https:\/\/www.bagnoitalia.com\/de\/produkt\/schuhablage-aus-60x78-oder-60x150-weisem-oder-hellem-eichenholz-mit-2-oder-4-turen-mit-siebdruck.html\" \/>\n<meta property=\"og:site_name\" content=\"Bagno Italia\" \/>\n<meta property=\"article:modified_time\" content=\"2024-05-16T14:56:32+00:00\" \/>\n<meta property=\"og:image\" content=\"https:\/\/img.bagnoitalia.com\/wp-content\/uploads\/virtuemart\/product\/wooden-shoe-rock-2-or-4-doors-silk-printed-pattern-1_1544460526_724.jpg\" \/>\n\t<meta property=\"og:image:width\" content=\"500\" \/>\n\t<meta property=\"og:image:height\" content=\"500\" \/>\n\t<meta property=\"og:image:type\" content=\"image\/jpeg\" \/>\n<meta name=\"twitter:card\" content=\"summary_large_image\" \/>\n<script type=\"application\/ld+json\" class=\"yoast-schema-graph\">{\"@context\":\"https:\/\/schema.org\",\"@graph\":[{\"@type\":\"WebPage\",\"@id\":\"https:\/\/www.bagnoitalia.com\/de\/produkt\/schuhablage-aus-60x78-oder-60x150-weisem-oder-hellem-eichenholz-mit-2-oder-4-turen-mit-siebdruck.html\",\"url\":\"https:\/\/www.bagnoitalia.com\/de\/produkt\/schuhablage-aus-60x78-oder-60x150-weisem-oder-hellem-eichenholz-mit-2-oder-4-turen-mit-siebdruck.html\",\"name\":\"Schuhablage aus 60x78 oder 60x150 wei\u00dfem oder hellem Eichenholz mit 2 oder 4 T\u00fcren mit Siebdruck\",\"isPartOf\":{\"@id\":\"https:\/\/www.bagnoitalia.com\/de#website\"},\"primaryImageOfPage\":{\"@id\":\"https:\/\/www.bagnoitalia.com\/de\/produkt\/schuhablage-aus-60x78-oder-60x150-weisem-oder-hellem-eichenholz-mit-2-oder-4-turen-mit-siebdruck.html#primaryimage\"},\"image\":{\"@id\":\"https:\/\/www.bagnoitalia.com\/de\/produkt\/schuhablage-aus-60x78-oder-60x150-weisem-oder-hellem-eichenholz-mit-2-oder-4-turen-mit-siebdruck.html#primaryimage\"},\"thumbnailUrl\":\"https:\/\/img.bagnoitalia.com\/wp-content\/uploads\/virtuemart\/product\/wooden-shoe-rock-2-or-4-doors-silk-printed-pattern-1_1544460526_724.jpg\",\"datePublished\":\"2017-06-23T09:33:51+00:00\",\"dateModified\":\"2024-05-16T14:56:32+00:00\",\"description\":\"Holzschuhregal in den Gr\u00f6\u00dfen 60x78 oder 60x150 in wei\u00dfer oder heller Eiche mit 2 oder 4 T\u00fcren mit Siebdruck\",\"breadcrumb\":{\"@id\":\"https:\/\/www.bagnoitalia.com\/de\/produkt\/schuhablage-aus-60x78-oder-60x150-weisem-oder-hellem-eichenholz-mit-2-oder-4-turen-mit-siebdruck.html#breadcrumb\"},\"inLanguage\":\"de\",\"potentialAction\":[{\"@type\":\"ReadAction\",\"target\":[\"https:\/\/www.bagnoitalia.com\/de\/produkt\/schuhablage-aus-60x78-oder-60x150-weisem-oder-hellem-eichenholz-mit-2-oder-4-turen-mit-siebdruck.html\"]}]},{\"@type\":\"ImageObject\",\"inLanguage\":\"de\",\"@id\":\"https:\/\/www.bagnoitalia.com\/de\/produkt\/schuhablage-aus-60x78-oder-60x150-weisem-oder-hellem-eichenholz-mit-2-oder-4-turen-mit-siebdruck.html#primaryimage\",\"url\":\"https:\/\/img.bagnoitalia.com\/wp-content\/uploads\/virtuemart\/product\/wooden-shoe-rock-2-or-4-doors-silk-printed-pattern-1_1544460526_724.jpg\",\"contentUrl\":\"https:\/\/img.bagnoitalia.com\/wp-content\/uploads\/virtuemart\/product\/wooden-shoe-rock-2-or-4-doors-silk-printed-pattern-1_1544460526_724.jpg\",\"width\":500,\"height\":500},{\"@type\":\"BreadcrumbList\",\"@id\":\"https:\/\/www.bagnoitalia.com\/de\/produkt\/schuhablage-aus-60x78-oder-60x150-weisem-oder-hellem-eichenholz-mit-2-oder-4-turen-mit-siebdruck.html#breadcrumb\",\"itemListElement\":[{\"@type\":\"ListItem\",\"position\":1,\"name\":\"Home\",\"item\":\"https:\/\/www.bagnoitalia.com\/de\"},{\"@type\":\"ListItem\",\"position\":2,\"name\":\"Produkte\",\"item\":\"https:\/\/www.bagnoitalia.com\/de\/shop\"},{\"@type\":\"ListItem\",\"position\":3,\"name\":\"Schuhschrank aus Holz, 60&#215;78 oder 60x150cm, in wei\u00df oder heller Eiche, mit 2 oder 4 T\u00fcren, mit Siebdruk\"}]},{\"@type\":\"WebSite\",\"@id\":\"https:\/\/www.bagnoitalia.com\/de#website\",\"url\":\"https:\/\/www.bagnoitalia.com\/de\",\"name\":\"Bagno Italia\",\"description\":\"\",\"publisher\":{\"@id\":\"https:\/\/www.bagnoitalia.com\/de#organization\"},\"potentialAction\":[{\"@type\":\"SearchAction\",\"target\":{\"@type\":\"EntryPoint\",\"urlTemplate\":\"https:\/\/www.bagnoitalia.com\/de?s={search_term_string}\"},\"query-input\":{\"@type\":\"PropertyValueSpecification\",\"valueRequired\":true,\"valueName\":\"search_term_string\"}}],\"inLanguage\":\"de\"},{\"@type\":\"Organization\",\"@id\":\"https:\/\/www.bagnoitalia.com\/de#organization\",\"name\":\"Bagno Italia\",\"url\":\"https:\/\/www.bagnoitalia.com\/de\",\"logo\":{\"@type\":\"ImageObject\",\"inLanguage\":\"de\",\"@id\":\"https:\/\/www.bagnoitalia.com\/de#\/schema\/logo\/image\/\",\"url\":\"https:\/\/img.bagnoitalia.com\/wp-content\/uploads\/logo-bagnoitalia.webp\",\"contentUrl\":\"https:\/\/img.bagnoitalia.com\/wp-content\/uploads\/logo-bagnoitalia.webp\",\"width\":400,\"height\":70,\"caption\":\"Bagno Italia\"},\"image\":{\"@id\":\"https:\/\/www.bagnoitalia.com\/de#\/schema\/logo\/image\/\"}}]}<\/script>\n<!-- \/ Yoast SEO plugin. -->","yoast_head_json":{"title":"Schuhablage aus 60x78 oder 60x150 wei\u00dfem oder hellem Eichenholz mit 2 oder 4 T\u00fcren mit Siebdruck","description":"Holzschuhregal in den Gr\u00f6\u00dfen 60x78 oder 60x150 in wei\u00dfer oder heller Eiche mit 2 oder 4 T\u00fcren mit Siebdruck","robots":{"index":"index","follow":"follow","max-snippet":"max-snippet:-1","max-image-preview":"max-image-preview:large","max-video-preview":"max-video-preview:-1"},"canonical":"https:\/\/www.bagnoitalia.com\/de\/produkt\/schuhablage-aus-60x78-oder-60x150-weisem-oder-hellem-eichenholz-mit-2-oder-4-turen-mit-siebdruck.html","og_locale":"de_DE","og_type":"article","og_title":"Schuhablage aus 60x78 oder 60x150 wei\u00dfem oder hellem Eichenholz mit 2 oder 4 T\u00fcren mit Siebdruck","og_description":"Holzschuhregal in den Gr\u00f6\u00dfen 60x78 oder 60x150 in wei\u00dfer oder heller Eiche mit 2 oder 4 T\u00fcren mit Siebdruck","og_url":"https:\/\/www.bagnoitalia.com\/de\/produkt\/schuhablage-aus-60x78-oder-60x150-weisem-oder-hellem-eichenholz-mit-2-oder-4-turen-mit-siebdruck.html","og_site_name":"Bagno Italia","article_modified_time":"2024-05-16T14:56:32+00:00","og_image":[{"width":500,"height":500,"url":"https:\/\/img.bagnoitalia.com\/wp-content\/uploads\/virtuemart\/product\/wooden-shoe-rock-2-or-4-doors-silk-printed-pattern-1_1544460526_724.jpg","type":"image\/jpeg"}],"twitter_card":"summary_large_image","schema":{"@context":"https:\/\/schema.org","@graph":[{"@type":"WebPage","@id":"https:\/\/www.bagnoitalia.com\/de\/produkt\/schuhablage-aus-60x78-oder-60x150-weisem-oder-hellem-eichenholz-mit-2-oder-4-turen-mit-siebdruck.html","url":"https:\/\/www.bagnoitalia.com\/de\/produkt\/schuhablage-aus-60x78-oder-60x150-weisem-oder-hellem-eichenholz-mit-2-oder-4-turen-mit-siebdruck.html","name":"Schuhablage aus 60x78 oder 60x150 wei\u00dfem oder hellem Eichenholz mit 2 oder 4 T\u00fcren mit Siebdruck","isPartOf":{"@id":"https:\/\/www.bagnoitalia.com\/de#website"},"primaryImageOfPage":{"@id":"https:\/\/www.bagnoitalia.com\/de\/produkt\/schuhablage-aus-60x78-oder-60x150-weisem-oder-hellem-eichenholz-mit-2-oder-4-turen-mit-siebdruck.html#primaryimage"},"image":{"@id":"https:\/\/www.bagnoitalia.com\/de\/produkt\/schuhablage-aus-60x78-oder-60x150-weisem-oder-hellem-eichenholz-mit-2-oder-4-turen-mit-siebdruck.html#primaryimage"},"thumbnailUrl":"https:\/\/img.bagnoitalia.com\/wp-content\/uploads\/virtuemart\/product\/wooden-shoe-rock-2-or-4-doors-silk-printed-pattern-1_1544460526_724.jpg","datePublished":"2017-06-23T09:33:51+00:00","dateModified":"2024-05-16T14:56:32+00:00","description":"Holzschuhregal in den Gr\u00f6\u00dfen 60x78 oder 60x150 in wei\u00dfer oder heller Eiche mit 2 oder 4 T\u00fcren mit Siebdruck","breadcrumb":{"@id":"https:\/\/www.bagnoitalia.com\/de\/produkt\/schuhablage-aus-60x78-oder-60x150-weisem-oder-hellem-eichenholz-mit-2-oder-4-turen-mit-siebdruck.html#breadcrumb"},"inLanguage":"de","potentialAction":[{"@type":"ReadAction","target":["https:\/\/www.bagnoitalia.com\/de\/produkt\/schuhablage-aus-60x78-oder-60x150-weisem-oder-hellem-eichenholz-mit-2-oder-4-turen-mit-siebdruck.html"]}]},{"@type":"ImageObject","inLanguage":"de","@id":"https:\/\/www.bagnoitalia.com\/de\/produkt\/schuhablage-aus-60x78-oder-60x150-weisem-oder-hellem-eichenholz-mit-2-oder-4-turen-mit-siebdruck.html#primaryimage","url":"https:\/\/img.bagnoitalia.com\/wp-content\/uploads\/virtuemart\/product\/wooden-shoe-rock-2-or-4-doors-silk-printed-pattern-1_1544460526_724.jpg","contentUrl":"https:\/\/img.bagnoitalia.com\/wp-content\/uploads\/virtuemart\/product\/wooden-shoe-rock-2-or-4-doors-silk-printed-pattern-1_1544460526_724.jpg","width":500,"height":500},{"@type":"BreadcrumbList","@id":"https:\/\/www.bagnoitalia.com\/de\/produkt\/schuhablage-aus-60x78-oder-60x150-weisem-oder-hellem-eichenholz-mit-2-oder-4-turen-mit-siebdruck.html#breadcrumb","itemListElement":[{"@type":"ListItem","position":1,"name":"Home","item":"https:\/\/www.bagnoitalia.com\/de"},{"@type":"ListItem","position":2,"name":"Produkte","item":"https:\/\/www.bagnoitalia.com\/de\/shop"},{"@type":"ListItem","position":3,"name":"Schuhschrank aus Holz, 60&#215;78 oder 60x150cm, in wei\u00df oder heller Eiche, mit 2 oder 4 T\u00fcren, mit Siebdruk"}]},{"@type":"WebSite","@id":"https:\/\/www.bagnoitalia.com\/de#website","url":"https:\/\/www.bagnoitalia.com\/de","name":"Bagno Italia","description":"","publisher":{"@id":"https:\/\/www.bagnoitalia.com\/de#organization"},"potentialAction":[{"@type":"SearchAction","target":{"@type":"EntryPoint","urlTemplate":"https:\/\/www.bagnoitalia.com\/de?s={search_term_string}"},"query-input":{"@type":"PropertyValueSpecification","valueRequired":true,"valueName":"search_term_string"}}],"inLanguage":"de"},{"@type":"Organization","@id":"https:\/\/www.bagnoitalia.com\/de#organization","name":"Bagno Italia","url":"https:\/\/www.bagnoitalia.com\/de","logo":{"@type":"ImageObject","inLanguage":"de","@id":"https:\/\/www.bagnoitalia.com\/de#\/schema\/logo\/image\/","url":"https:\/\/img.bagnoitalia.com\/wp-content\/uploads\/logo-bagnoitalia.webp","contentUrl":"https:\/\/img.bagnoitalia.com\/wp-content\/uploads\/logo-bagnoitalia.webp","width":400,"height":70,"caption":"Bagno Italia"},"image":{"@id":"https:\/\/www.bagnoitalia.com\/de#\/schema\/logo\/image\/"}}]}},"_links":{"self":[{"href":"https:\/\/www.bagnoitalia.com\/de\/wp-json\/wp\/v2\/product\/80683","targetHints":{"allow":["GET"]}}],"collection":[{"href":"https:\/\/www.bagnoitalia.com\/de\/wp-json\/wp\/v2\/product"}],"about":[{"href":"https:\/\/www.bagnoitalia.com\/de\/wp-json\/wp\/v2\/types\/product"}],"replies":[{"embeddable":true,"href":"https:\/\/www.bagnoitalia.com\/de\/wp-json\/wp\/v2\/comments?post=80683"}],"version-history":[{"count":0,"href":"https:\/\/www.bagnoitalia.com\/de\/wp-json\/wp\/v2\/product\/80683\/revisions"}],"wp:featuredmedia":[{"embeddable":true,"href":"https:\/\/www.bagnoitalia.com\/de\/wp-json\/wp\/v2\/media\/36926"}],"wp:attachment":[{"href":"https:\/\/www.bagnoitalia.com\/de\/wp-json\/wp\/v2\/media?parent=80683"}],"wp:term":[{"taxonomy":"product_brand","embeddable":true,"href":"https:\/\/www.bagnoitalia.com\/de\/wp-json\/wp\/v2\/product_brand?post=80683"},{"taxonomy":"product_cat","embeddable":true,"href":"https:\/\/www.bagnoitalia.com\/de\/wp-json\/wp\/v2\/product_cat?post=80683"},{"taxonomy":"product_tag","embeddable":true,"href":"https:\/\/www.bagnoitalia.com\/de\/wp-json\/wp\/v2\/product_tag?post=80683"}],"curies":[{"name":"wp","href":"https:\/\/api.w.org\/{rel}","templated":true}]}}