{"id":80663,"date":"2017-06-12T15:26:18","date_gmt":"2017-06-12T13:26:18","guid":{"rendered":"https:\/\/www.bagnoitalia.com\/product\/3-seitige-duschkabine-mit-schiebetur-8-mm-klarer-kalkbestandiger-kristallbehandlung-box049"},"modified":"2024-05-29T16:49:40","modified_gmt":"2024-05-29T14:49:40","slug":"3-seitige-duschkabine-mit-schiebetur-8-mm-klarer-kalkbestandiger-kristallbehandlung-box049","status":"publish","type":"product","link":"https:\/\/www.bagnoitalia.com\/de\/produkt\/3-seitige-duschkabine-mit-schiebetur-8-mm-klarer-kalkbestandiger-kristallbehandlung-box049.html","title":{"rendered":"BOX049 U-Form-Dusche, aus 8mm breitem transparentem Kristallglas, mit Schiebet\u00fcr, soft-close-Verschluss und Anti-Kalk-Behandlung"},"content":{"rendered":"<p style=\"margin-bottom: 0cm;\"><span style=\"color: #000000; font-size: 14pt;\"><strong><span style=\"font-size: large;\"><span style=\"text-decoration: underline;\">BOX049 Duschkabine aus 8mm breitem transparentem Kristallglas<\/span><\/span><\/strong><\/span><\/p>\n<p>&nbsp;<\/p>\n<p style=\"margin-bottom: 0cm;\"><span style=\"font-size: 12pt;\"><span style=\"font-size: medium;\"><span style=\"text-decoration: underline;\">Eigenschaften:<\/span><\/span><\/span><\/p>\n<ul>\n<li>\n<p style=\"margin-bottom: 0cm;\"><span style=\"font-size: 12pt;\">Glas: 8mm breites und transparentes Kristallglas<\/span><\/p>\n<\/li>\n<li>\n<p style=\"margin-bottom: 0cm;\"><span style=\"font-size: 12pt;\">H\u00f6he: 195cm<\/span><\/p>\n<\/li>\n<li>\n<p style=\"margin-bottom: 0cm;\"><span style=\"font-size: 12pt;\">Gr\u00f6\u00dfe der Schiebet\u00fcr: 90, 100, 110, 120, 130 oder 140cm\u00a0<\/span><\/p>\n<\/li>\n<li>\n<p style=\"margin-bottom: 0cm;\"><span style=\"font-size: 12pt;\">Gr\u00f6\u00dfe der Festw\u00e4nde: 70 oder 80cm\u00a0<\/span><\/p>\n<\/li>\n<li>\n<p style=\"margin-bottom: 0cm;\"><span style=\"font-size: 12pt;\">Schiebet\u00fcr mit soft-close-Verschluss<\/span><\/p>\n<\/li>\n<li>\n<p style=\"margin-bottom: 0cm;\"><span style=\"font-size: 12pt;\">Anti-Kalk-Behandlung an allen deri Seiten<\/span><\/p>\n<\/li>\n<li>\n<p style=\"margin-bottom: 0cm;\"><span style=\"font-size: 12pt;\">reversible Duschkabine<\/span><\/p>\n<\/li>\n<li>\n<p style=\"margin-bottom: 0cm;\"><span style=\"font-size: 12pt;\">Obere Schienen und Profil: Aluminium, verchromt<\/span><\/p>\n<\/li>\n<li>\n<p style=\"margin-bottom: 0cm;\"><span style=\"font-size: 12pt;\">wandb\u00fcndige Installation m\u00f6glich<\/span><\/p>\n<\/li>\n<li>\n<p style=\"margin-bottom: 0cm;\"><span style=\"font-size: 12pt;\">Griff: Zink, verchromt<\/span><\/p>\n<\/li>\n<\/ul>\n<p>&nbsp;<\/p>\n<table style=\"width: 397px; height: 648px;\" border=\"1\" cellspacing=\"0\" cellpadding=\"4\">\n<colgroup>\n<col width=\"77\" \/>\n<col width=\"134\" \/>\n<col width=\"159\" \/><\/colgroup>\n<tbody>\n<tr valign=\"TOP\">\n<td style=\"width: 77px;\"><span style=\"font-size: 12pt;\">Gr\u00f6\u00dfe<\/span><\/td>\n<td style=\"width: 134px;\"><span style=\"font-size: 12pt;\">Festwand<\/span><\/td>\n<td style=\"width: 159px;\"><span style=\"font-size: 12pt;\">Schiebet\u00fcr\u00a0<\/span><\/td>\n<\/tr>\n<tr valign=\"TOP\">\n<td style=\"width: 77px;\"><span style=\"font-size: 12pt;\">70&#215;90<\/span><\/td>\n<td style=\"width: 134px;\"><span style=\"font-size: 12pt;\">68,5 &#8211; 71 cm<\/span><\/td>\n<td style=\"width: 159px;\"><span style=\"font-size: 12pt;\">88,5 &#8211; 91 cm<\/span><\/td>\n<\/tr>\n<tr valign=\"TOP\">\n<td style=\"width: 77px;\"><span style=\"font-size: 12pt;\">70&#215;100<\/span><\/td>\n<td style=\"width: 134px;\"><span style=\"font-size: 12pt;\">68,5 &#8211; 71 cm<\/span><\/td>\n<td style=\"width: 159px;\"><span style=\"font-size: 12pt;\">98,5 &#8211; 101 cm<\/span><\/td>\n<\/tr>\n<tr valign=\"TOP\">\n<td style=\"width: 77px;\"><span style=\"font-size: 12pt;\">70&#215;110<\/span><\/td>\n<td style=\"width: 134px;\"><span style=\"font-size: 12pt;\">68,8 &#8211; 71 cm<\/span><\/td>\n<td style=\"width: 159px;\"><span style=\"font-size: 12pt;\">108,5 &#8211; 111 cm<\/span><\/td>\n<\/tr>\n<tr valign=\"TOP\">\n<td style=\"width: 77px;\"><span style=\"font-size: 12pt;\">70&#215;120<\/span><\/td>\n<td style=\"width: 134px;\"><span style=\"font-size: 12pt;\">68,5 &#8211; 71 cm<\/span><\/td>\n<td style=\"width: 159px;\"><span style=\"font-size: 12pt;\">118,5 &#8211; 121 cm<\/span><\/td>\n<\/tr>\n<tr valign=\"TOP\">\n<td style=\"width: 77px;\"><span style=\"font-size: 12pt;\">70&#215;140<\/span><\/td>\n<td style=\"width: 134px;\"><span style=\"font-size: 12pt;\">68,5 &#8211; 71 cm<\/span><\/td>\n<td style=\"width: 159px;\"><span style=\"font-size: 12pt;\">138,5 &#8211; 141 cm<\/span><\/td>\n<\/tr>\n<tr valign=\"TOP\">\n<td style=\"width: 77px;\"><span style=\"font-size: 12pt;\">80&#215;90<\/span><\/td>\n<td style=\"width: 134px;\"><span style=\"font-size: 12pt;\">78,5 &#8211; 81 cm<\/span><\/td>\n<td style=\"width: 159px;\"><span style=\"font-size: 12pt;\">88,5 &#8211; 91 cm<\/span><\/td>\n<\/tr>\n<tr valign=\"TOP\">\n<td style=\"width: 77px;\"><span style=\"font-size: 12pt;\">80&#215;100<\/span><\/td>\n<td style=\"width: 134px;\"><span style=\"font-size: 12pt;\">78,5 &#8211; 81 cm<\/span><\/td>\n<td style=\"width: 159px;\"><span style=\"font-size: 12pt;\">98,5 &#8211; 101 cm<\/span><\/td>\n<\/tr>\n<tr valign=\"TOP\">\n<td style=\"width: 77px;\"><span style=\"font-size: 12pt;\">80&#215;110<\/span><\/td>\n<td style=\"width: 134px;\"><span style=\"font-size: 12pt;\">78,5 &#8211; 81 cm<\/span><\/td>\n<td style=\"width: 159px;\"><span style=\"font-size: 12pt;\">108,5 &#8211; 111 cm<\/span><\/td>\n<\/tr>\n<tr valign=\"TOP\">\n<td style=\"width: 77px;\"><span style=\"font-size: 12pt;\">80&#215;120<\/span><\/td>\n<td style=\"width: 134px;\"><span style=\"font-size: 12pt;\">78,5 &#8211; 81 cm<\/span><\/td>\n<td style=\"width: 159px;\"><span style=\"font-size: 12pt;\">118,5 &#8211; 121 cm<\/span><\/td>\n<\/tr>\n<tr valign=\"TOP\">\n<td style=\"width: 77px;\"><span style=\"font-size: 12pt;\">80&#215;140<\/span><\/td>\n<td style=\"width: 134px;\"><span style=\"font-size: 12pt;\">78,5 &#8211; 81 cm<\/span><\/td>\n<td style=\"width: 159px;\"><span style=\"font-size: 12pt;\">138,5 &#8211; 141 cm<\/span><\/td>\n<\/tr>\n<\/tbody>\n<\/table>\n","protected":false},"excerpt":{"rendered":"<p>BOX049 U-Form-Dusche aus einem 8mm breitem transparentem Kristallglas mit Anti-Kalk-Behandlung und soft-close-Verschluss.<\/p>\n","protected":false},"featured_media":36794,"comment_status":"open","ping_status":"closed","template":"","meta":[],"product_brand":[5008],"product_cat":[9816,9712],"product_tag":[],"class_list":{"0":"post-80663","1":"product","2":"type-product","3":"status-publish","4":"has-post-thumbnail","6":"product_brand-idrom","7":"product_cat-duschkabine-u-form-duschkabine","8":"product_cat-duschkabine","10":"first","11":"instock","12":"sale","13":"taxable","14":"shipping-taxable","15":"purchasable","16":"product-type-simple"},"exclude_global_add_ons":false,"addons":[{"name":"Ma\u00dfe","type":"multiple_choice","position":0,"required":true,"title_format":"heading","default":"","description_enable":false,"description":"","placeholder_enable":false,"placeholder":"","display":"select","restrictions_type":"any_text","adjust_price":false,"price":"","price_type":"flat_fee","restrictions":false,"min":"0","max":"0","options":[{"label":"70x70x90 cm","price":"","price_type":"quantity_based","image":0,"visibility":true},{"label":"70x70x100 cm","price":"19","price_type":"quantity_based","image":0,"visibility":true},{"label":"70x70x110 cm","price":"49","price_type":"quantity_based","image":0,"visibility":true},{"label":"70x70x120 cm","price":"89","price_type":"quantity_based","image":0,"visibility":true},{"label":"70x70x130 cm","price":"99","price_type":"quantity_based","image":0,"visibility":true},{"label":"70x70x140 cm","price":"109","price_type":"quantity_based","image":0,"visibility":true},{"label":"80x80x90 cm","price":"31","price_type":"quantity_based","image":0,"visibility":true},{"label":"80x80x100 cm","price":"50","price_type":"quantity_based","image":0,"visibility":true},{"label":"80x80x110 cm","price":"80","price_type":"quantity_based","image":0,"visibility":true},{"label":"80x80x120 cm","price":"120","price_type":"quantity_based","image":0,"visibility":true},{"label":"80x80x130 cm","price":"130","price_type":"quantity_based","image":0,"visibility":true},{"label":"80x80x140 cm","price":"140","price_type":"quantity_based","image":0,"visibility":true},{"label":"90x90x90 cm","price":"59","price_type":"quantity_based","image":0,"visibility":true},{"label":"90x90x100 cm","price":"78","price_type":"quantity_based","image":0,"visibility":true},{"label":"90x90x110 cm","price":"108","price_type":"quantity_based","image":0,"visibility":true},{"label":"90x90x120 cm","price":"148","price_type":"quantity_based","image":0,"visibility":true},{"label":"90x90x130 cm","price":"158","price_type":"quantity_based","image":0,"visibility":true},{"label":"90x90x140 cm","price":"168","price_type":"quantity_based","image":0,"visibility":true}],"id":1717001381},{"name":"Ausgleichsprofil","type":"multiple_choice","position":1,"required":true,"title_format":"heading","default":"","description_enable":false,"description":"","placeholder_enable":false,"placeholder":"","display":"select","restrictions_type":"any_text","adjust_price":false,"price":"","price_type":"flat_fee","restrictions":false,"min":"0","max":"0","options":[{"label":"KEIN Ausgleichsprofil","price":"","price_type":"quantity_based","image":0,"visibility":true},{"label":"ein Ausgleichsprofil +3cm","price":"40","price_type":"quantity_based","image":0,"visibility":true},{"label":"zwei Ausgleichsprofile +6cm","price":"80","price_type":"quantity_based","image":0,"visibility":true}],"id":1717001382}],"yoast_head":"<!-- This site is optimized with the Yoast SEO plugin v26.7 - https:\/\/yoast.com\/wordpress\/plugins\/seo\/ -->\n<title>3-seitige Duschkabine mit 8 mm klarer Glasschiebet\u00fcr Anti-Kalk-Behandlung mit D\u00e4mpfung<\/title>\n<meta name=\"description\" content=\"3-seitige Duschkabine mit Schiebet\u00fcr, 8 mm klares Glas mit Anti-Kalk-Behandlung und D\u00e4mpfung\" \/>\n<meta name=\"robots\" content=\"index, follow, max-snippet:-1, max-image-preview:large, max-video-preview:-1\" \/>\n<link rel=\"canonical\" href=\"https:\/\/www.bagnoitalia.com\/de\/produkt\/3-seitige-duschkabine-mit-schiebetur-8-mm-klarer-kalkbestandiger-kristallbehandlung-box049.html\" \/>\n<meta property=\"og:locale\" content=\"de_DE\" \/>\n<meta property=\"og:type\" content=\"article\" \/>\n<meta property=\"og:title\" content=\"3-seitige Duschkabine mit 8 mm klarer Glasschiebet\u00fcr Anti-Kalk-Behandlung mit D\u00e4mpfung\" \/>\n<meta property=\"og:description\" content=\"3-seitige Duschkabine mit Schiebet\u00fcr, 8 mm klares Glas mit Anti-Kalk-Behandlung und D\u00e4mpfung\" \/>\n<meta property=\"og:url\" content=\"https:\/\/www.bagnoitalia.com\/de\/produkt\/3-seitige-duschkabine-mit-schiebetur-8-mm-klarer-kalkbestandiger-kristallbehandlung-box049.html\" \/>\n<meta property=\"og:site_name\" content=\"Bagno Italia\" \/>\n<meta property=\"article:modified_time\" content=\"2024-05-29T14:49:40+00:00\" \/>\n<meta property=\"og:image\" content=\"https:\/\/img.bagnoitalia.com\/wp-content\/uploads\/virtuemart\/product\/3-sided-shower-enclosure-sliding-door-box049-1_1543565746_253.jpg\" \/>\n\t<meta property=\"og:image:width\" content=\"509\" \/>\n\t<meta property=\"og:image:height\" content=\"506\" \/>\n\t<meta property=\"og:image:type\" content=\"image\/jpeg\" \/>\n<meta name=\"twitter:card\" content=\"summary_large_image\" \/>\n<meta name=\"twitter:label1\" content=\"Gesch\u00e4tzte Lesezeit\" \/>\n\t<meta name=\"twitter:data1\" content=\"1\u00a0Minute\" \/>\n<script type=\"application\/ld+json\" class=\"yoast-schema-graph\">{\"@context\":\"https:\/\/schema.org\",\"@graph\":[{\"@type\":\"WebPage\",\"@id\":\"https:\/\/www.bagnoitalia.com\/de\/produkt\/3-seitige-duschkabine-mit-schiebetur-8-mm-klarer-kalkbestandiger-kristallbehandlung-box049.html\",\"url\":\"https:\/\/www.bagnoitalia.com\/de\/produkt\/3-seitige-duschkabine-mit-schiebetur-8-mm-klarer-kalkbestandiger-kristallbehandlung-box049.html\",\"name\":\"3-seitige Duschkabine mit 8 mm klarer Glasschiebet\u00fcr Anti-Kalk-Behandlung mit D\u00e4mpfung\",\"isPartOf\":{\"@id\":\"https:\/\/www.bagnoitalia.com\/de#website\"},\"primaryImageOfPage\":{\"@id\":\"https:\/\/www.bagnoitalia.com\/de\/produkt\/3-seitige-duschkabine-mit-schiebetur-8-mm-klarer-kalkbestandiger-kristallbehandlung-box049.html#primaryimage\"},\"image\":{\"@id\":\"https:\/\/www.bagnoitalia.com\/de\/produkt\/3-seitige-duschkabine-mit-schiebetur-8-mm-klarer-kalkbestandiger-kristallbehandlung-box049.html#primaryimage\"},\"thumbnailUrl\":\"https:\/\/img.bagnoitalia.com\/wp-content\/uploads\/virtuemart\/product\/3-sided-shower-enclosure-sliding-door-box049-1_1543565746_253.jpg\",\"datePublished\":\"2017-06-12T13:26:18+00:00\",\"dateModified\":\"2024-05-29T14:49:40+00:00\",\"description\":\"3-seitige Duschkabine mit Schiebet\u00fcr, 8 mm klares Glas mit Anti-Kalk-Behandlung und D\u00e4mpfung\",\"breadcrumb\":{\"@id\":\"https:\/\/www.bagnoitalia.com\/de\/produkt\/3-seitige-duschkabine-mit-schiebetur-8-mm-klarer-kalkbestandiger-kristallbehandlung-box049.html#breadcrumb\"},\"inLanguage\":\"de\",\"potentialAction\":[{\"@type\":\"ReadAction\",\"target\":[\"https:\/\/www.bagnoitalia.com\/de\/produkt\/3-seitige-duschkabine-mit-schiebetur-8-mm-klarer-kalkbestandiger-kristallbehandlung-box049.html\"]}]},{\"@type\":\"ImageObject\",\"inLanguage\":\"de\",\"@id\":\"https:\/\/www.bagnoitalia.com\/de\/produkt\/3-seitige-duschkabine-mit-schiebetur-8-mm-klarer-kalkbestandiger-kristallbehandlung-box049.html#primaryimage\",\"url\":\"https:\/\/img.bagnoitalia.com\/wp-content\/uploads\/virtuemart\/product\/3-sided-shower-enclosure-sliding-door-box049-1_1543565746_253.jpg\",\"contentUrl\":\"https:\/\/img.bagnoitalia.com\/wp-content\/uploads\/virtuemart\/product\/3-sided-shower-enclosure-sliding-door-box049-1_1543565746_253.jpg\",\"width\":509,\"height\":506},{\"@type\":\"BreadcrumbList\",\"@id\":\"https:\/\/www.bagnoitalia.com\/de\/produkt\/3-seitige-duschkabine-mit-schiebetur-8-mm-klarer-kalkbestandiger-kristallbehandlung-box049.html#breadcrumb\",\"itemListElement\":[{\"@type\":\"ListItem\",\"position\":1,\"name\":\"Home\",\"item\":\"https:\/\/www.bagnoitalia.com\/de\"},{\"@type\":\"ListItem\",\"position\":2,\"name\":\"Produkte\",\"item\":\"https:\/\/www.bagnoitalia.com\/de\/shop\"},{\"@type\":\"ListItem\",\"position\":3,\"name\":\"BOX049 U-Form-Dusche, aus 8mm breitem transparentem Kristallglas, mit Schiebet\u00fcr, soft-close-Verschluss und Anti-Kalk-Behandlung\"}]},{\"@type\":\"WebSite\",\"@id\":\"https:\/\/www.bagnoitalia.com\/de#website\",\"url\":\"https:\/\/www.bagnoitalia.com\/de\",\"name\":\"Bagno Italia\",\"description\":\"\",\"publisher\":{\"@id\":\"https:\/\/www.bagnoitalia.com\/de#organization\"},\"potentialAction\":[{\"@type\":\"SearchAction\",\"target\":{\"@type\":\"EntryPoint\",\"urlTemplate\":\"https:\/\/www.bagnoitalia.com\/de?s={search_term_string}\"},\"query-input\":{\"@type\":\"PropertyValueSpecification\",\"valueRequired\":true,\"valueName\":\"search_term_string\"}}],\"inLanguage\":\"de\"},{\"@type\":\"Organization\",\"@id\":\"https:\/\/www.bagnoitalia.com\/de#organization\",\"name\":\"Bagno Italia\",\"url\":\"https:\/\/www.bagnoitalia.com\/de\",\"logo\":{\"@type\":\"ImageObject\",\"inLanguage\":\"de\",\"@id\":\"https:\/\/www.bagnoitalia.com\/de#\/schema\/logo\/image\/\",\"url\":\"https:\/\/img.bagnoitalia.com\/wp-content\/uploads\/logo-bagnoitalia.webp\",\"contentUrl\":\"https:\/\/img.bagnoitalia.com\/wp-content\/uploads\/logo-bagnoitalia.webp\",\"width\":400,\"height\":70,\"caption\":\"Bagno Italia\"},\"image\":{\"@id\":\"https:\/\/www.bagnoitalia.com\/de#\/schema\/logo\/image\/\"}}]}<\/script>\n<!-- \/ Yoast SEO plugin. -->","yoast_head_json":{"title":"3-seitige Duschkabine mit 8 mm klarer Glasschiebet\u00fcr Anti-Kalk-Behandlung mit D\u00e4mpfung","description":"3-seitige Duschkabine mit Schiebet\u00fcr, 8 mm klares Glas mit Anti-Kalk-Behandlung und D\u00e4mpfung","robots":{"index":"index","follow":"follow","max-snippet":"max-snippet:-1","max-image-preview":"max-image-preview:large","max-video-preview":"max-video-preview:-1"},"canonical":"https:\/\/www.bagnoitalia.com\/de\/produkt\/3-seitige-duschkabine-mit-schiebetur-8-mm-klarer-kalkbestandiger-kristallbehandlung-box049.html","og_locale":"de_DE","og_type":"article","og_title":"3-seitige Duschkabine mit 8 mm klarer Glasschiebet\u00fcr Anti-Kalk-Behandlung mit D\u00e4mpfung","og_description":"3-seitige Duschkabine mit Schiebet\u00fcr, 8 mm klares Glas mit Anti-Kalk-Behandlung und D\u00e4mpfung","og_url":"https:\/\/www.bagnoitalia.com\/de\/produkt\/3-seitige-duschkabine-mit-schiebetur-8-mm-klarer-kalkbestandiger-kristallbehandlung-box049.html","og_site_name":"Bagno Italia","article_modified_time":"2024-05-29T14:49:40+00:00","og_image":[{"width":509,"height":506,"url":"https:\/\/img.bagnoitalia.com\/wp-content\/uploads\/virtuemart\/product\/3-sided-shower-enclosure-sliding-door-box049-1_1543565746_253.jpg","type":"image\/jpeg"}],"twitter_card":"summary_large_image","twitter_misc":{"Gesch\u00e4tzte Lesezeit":"1\u00a0Minute"},"schema":{"@context":"https:\/\/schema.org","@graph":[{"@type":"WebPage","@id":"https:\/\/www.bagnoitalia.com\/de\/produkt\/3-seitige-duschkabine-mit-schiebetur-8-mm-klarer-kalkbestandiger-kristallbehandlung-box049.html","url":"https:\/\/www.bagnoitalia.com\/de\/produkt\/3-seitige-duschkabine-mit-schiebetur-8-mm-klarer-kalkbestandiger-kristallbehandlung-box049.html","name":"3-seitige Duschkabine mit 8 mm klarer Glasschiebet\u00fcr Anti-Kalk-Behandlung mit D\u00e4mpfung","isPartOf":{"@id":"https:\/\/www.bagnoitalia.com\/de#website"},"primaryImageOfPage":{"@id":"https:\/\/www.bagnoitalia.com\/de\/produkt\/3-seitige-duschkabine-mit-schiebetur-8-mm-klarer-kalkbestandiger-kristallbehandlung-box049.html#primaryimage"},"image":{"@id":"https:\/\/www.bagnoitalia.com\/de\/produkt\/3-seitige-duschkabine-mit-schiebetur-8-mm-klarer-kalkbestandiger-kristallbehandlung-box049.html#primaryimage"},"thumbnailUrl":"https:\/\/img.bagnoitalia.com\/wp-content\/uploads\/virtuemart\/product\/3-sided-shower-enclosure-sliding-door-box049-1_1543565746_253.jpg","datePublished":"2017-06-12T13:26:18+00:00","dateModified":"2024-05-29T14:49:40+00:00","description":"3-seitige Duschkabine mit Schiebet\u00fcr, 8 mm klares Glas mit Anti-Kalk-Behandlung und D\u00e4mpfung","breadcrumb":{"@id":"https:\/\/www.bagnoitalia.com\/de\/produkt\/3-seitige-duschkabine-mit-schiebetur-8-mm-klarer-kalkbestandiger-kristallbehandlung-box049.html#breadcrumb"},"inLanguage":"de","potentialAction":[{"@type":"ReadAction","target":["https:\/\/www.bagnoitalia.com\/de\/produkt\/3-seitige-duschkabine-mit-schiebetur-8-mm-klarer-kalkbestandiger-kristallbehandlung-box049.html"]}]},{"@type":"ImageObject","inLanguage":"de","@id":"https:\/\/www.bagnoitalia.com\/de\/produkt\/3-seitige-duschkabine-mit-schiebetur-8-mm-klarer-kalkbestandiger-kristallbehandlung-box049.html#primaryimage","url":"https:\/\/img.bagnoitalia.com\/wp-content\/uploads\/virtuemart\/product\/3-sided-shower-enclosure-sliding-door-box049-1_1543565746_253.jpg","contentUrl":"https:\/\/img.bagnoitalia.com\/wp-content\/uploads\/virtuemart\/product\/3-sided-shower-enclosure-sliding-door-box049-1_1543565746_253.jpg","width":509,"height":506},{"@type":"BreadcrumbList","@id":"https:\/\/www.bagnoitalia.com\/de\/produkt\/3-seitige-duschkabine-mit-schiebetur-8-mm-klarer-kalkbestandiger-kristallbehandlung-box049.html#breadcrumb","itemListElement":[{"@type":"ListItem","position":1,"name":"Home","item":"https:\/\/www.bagnoitalia.com\/de"},{"@type":"ListItem","position":2,"name":"Produkte","item":"https:\/\/www.bagnoitalia.com\/de\/shop"},{"@type":"ListItem","position":3,"name":"BOX049 U-Form-Dusche, aus 8mm breitem transparentem Kristallglas, mit Schiebet\u00fcr, soft-close-Verschluss und Anti-Kalk-Behandlung"}]},{"@type":"WebSite","@id":"https:\/\/www.bagnoitalia.com\/de#website","url":"https:\/\/www.bagnoitalia.com\/de","name":"Bagno Italia","description":"","publisher":{"@id":"https:\/\/www.bagnoitalia.com\/de#organization"},"potentialAction":[{"@type":"SearchAction","target":{"@type":"EntryPoint","urlTemplate":"https:\/\/www.bagnoitalia.com\/de?s={search_term_string}"},"query-input":{"@type":"PropertyValueSpecification","valueRequired":true,"valueName":"search_term_string"}}],"inLanguage":"de"},{"@type":"Organization","@id":"https:\/\/www.bagnoitalia.com\/de#organization","name":"Bagno Italia","url":"https:\/\/www.bagnoitalia.com\/de","logo":{"@type":"ImageObject","inLanguage":"de","@id":"https:\/\/www.bagnoitalia.com\/de#\/schema\/logo\/image\/","url":"https:\/\/img.bagnoitalia.com\/wp-content\/uploads\/logo-bagnoitalia.webp","contentUrl":"https:\/\/img.bagnoitalia.com\/wp-content\/uploads\/logo-bagnoitalia.webp","width":400,"height":70,"caption":"Bagno Italia"},"image":{"@id":"https:\/\/www.bagnoitalia.com\/de#\/schema\/logo\/image\/"}}]}},"_links":{"self":[{"href":"https:\/\/www.bagnoitalia.com\/de\/wp-json\/wp\/v2\/product\/80663","targetHints":{"allow":["GET"]}}],"collection":[{"href":"https:\/\/www.bagnoitalia.com\/de\/wp-json\/wp\/v2\/product"}],"about":[{"href":"https:\/\/www.bagnoitalia.com\/de\/wp-json\/wp\/v2\/types\/product"}],"replies":[{"embeddable":true,"href":"https:\/\/www.bagnoitalia.com\/de\/wp-json\/wp\/v2\/comments?post=80663"}],"version-history":[{"count":1,"href":"https:\/\/www.bagnoitalia.com\/de\/wp-json\/wp\/v2\/product\/80663\/revisions"}],"predecessor-version":[{"id":88941,"href":"https:\/\/www.bagnoitalia.com\/de\/wp-json\/wp\/v2\/product\/80663\/revisions\/88941"}],"wp:featuredmedia":[{"embeddable":true,"href":"https:\/\/www.bagnoitalia.com\/de\/wp-json\/wp\/v2\/media\/36794"}],"wp:attachment":[{"href":"https:\/\/www.bagnoitalia.com\/de\/wp-json\/wp\/v2\/media?parent=80663"}],"wp:term":[{"taxonomy":"product_brand","embeddable":true,"href":"https:\/\/www.bagnoitalia.com\/de\/wp-json\/wp\/v2\/product_brand?post=80663"},{"taxonomy":"product_cat","embeddable":true,"href":"https:\/\/www.bagnoitalia.com\/de\/wp-json\/wp\/v2\/product_cat?post=80663"},{"taxonomy":"product_tag","embeddable":true,"href":"https:\/\/www.bagnoitalia.com\/de\/wp-json\/wp\/v2\/product_tag?post=80663"}],"curies":[{"name":"wp","href":"https:\/\/api.w.org\/{rel}","templated":true}]}}