{"id":80647,"date":"2017-06-07T13:36:51","date_gmt":"2017-06-07T11:36:51","guid":{"rendered":"https:\/\/www.bagnoitalia.com\/product\/8mm-klappduschtur-aus-klarem-kristall-mit-magnetverschluss-pr023"},"modified":"2024-05-29T15:59:18","modified_gmt":"2024-05-29T13:59:18","slug":"8mm-klappduschtur-aus-klarem-kristall-mit-magnetverschluss-pr023","status":"publish","type":"product","link":"https:\/\/www.bagnoitalia.com\/de\/produkt\/8mm-klappduschtur-aus-klarem-kristall-mit-magnetverschluss-pr023.html","title":{"rendered":"PR023 Faltt\u00fcr, aus 8mm breitem und transparentem Kristallglas, mit Magnetverschluss"},"content":{"rendered":"<p style=\"margin-bottom: 0cm;\"><span style=\"font-size: 12pt;\"><strong><span style=\"text-decoration: underline;\">PR023 Faltt\u00fcr, aus 8mm breitem und transparentem Kristallglas, mit Magnetverschluss<\/span><\/strong><\/span><\/p>\n<p><span style=\"font-size: 12pt; text-decoration: underline;\">Eigenschaften:<\/span><\/p>\n<ul>\n<li style=\"margin-bottom: 0cm;\"><span style=\"font-size: 12pt;\">8mm breites, geh\u00e4rtetes, transparentes Glas<\/span><\/li>\n<li style=\"margin-bottom: 0cm;\"><span style=\"font-size: 12pt;\">H\u00f6he: 195cm<\/span><\/li>\n<li style=\"margin-bottom: 0cm;\"><span style=\"font-size: 12pt;\">Duscht\u00fcr bestehend aus 4 Glasw\u00e4nden, nach innen oder au\u00dfen klappbar<\/span><\/li>\n<li style=\"margin-bottom: 0cm;\"><span style=\"font-size: 12pt;\">Griff: Zink, verchromt<\/span><\/li>\n<li style=\"margin-bottom: 0cm;\"><span style=\"font-size: 12pt;\">Verschluss: magnetisch<\/span><\/li>\n<li style=\"margin-bottom: 0cm;\"><span style=\"font-size: 12pt;\">Bearbeitungstoleranz: -2cm pro Seite (z.B. kann die 70cm breite T\u00fcr zu 68cm modifiziert werden)<\/span><\/li>\n<li style=\"margin-bottom: 0cm;\"><span style=\"font-size: 12pt;\">Es kann 1 Kompensationsprofil hinzugef\u00fcgt werden\u00a0<\/span><\/li>\n<li style=\"margin-bottom: 0cm;\"><span style=\"font-size: 12pt;\">reversible Duscht\u00fcren (mit links- oder rechtsgerichteter Version)<\/span><\/li>\n<li><span style=\"font-size: 12pt;\">wasserresistente Dichtung<\/span><\/li>\n<\/ul>\n<p>&nbsp;<\/p>\n<p>&nbsp;<\/p>\n","protected":false},"excerpt":{"rendered":"<p>PR023 Faltt\u00fcr aus 8mm breitem und transparentem Kristallglas, mit Magnetverschluss.<\/p>\n","protected":false},"featured_media":36682,"comment_status":"open","ping_status":"closed","template":"","meta":[],"product_brand":[5008],"product_cat":[9832,9728],"product_tag":[],"class_list":{"0":"post-80647","1":"product","2":"type-product","3":"status-publish","4":"has-post-thumbnail","6":"product_brand-idrom","7":"product_cat-faltende-duschtur-duschturen","8":"product_cat-duschturen","10":"first","11":"instock","12":"sale","13":"taxable","14":"shipping-taxable","15":"purchasable","16":"product-type-simple"},"exclude_global_add_ons":false,"addons":[{"name":"Duscht\u00fcr","type":"multiple_choice","position":0,"required":true,"title_format":"heading","default":"","description_enable":false,"description":"","placeholder_enable":false,"placeholder":"","display":"select","restrictions_type":"any_text","adjust_price":false,"price":"","price_type":"flat_fee","restrictions":false,"min":"0","max":"0","options":[{"label":"70 cm - von 66 bis 68 cm verstellbar","price":"","price_type":"quantity_based","image":0,"visibility":true},{"label":"80 cm - von 76 bis 78cm verstellbar","price":"20","price_type":"quantity_based","image":0,"visibility":true},{"label":"90 cm - von 86 bis 88 cm verstellbar","price":"30","price_type":"quantity_based","image":0,"visibility":true},{"label":"100 cm - von 96 bis 98 cm verstellbar","price":"50","price_type":"quantity_based","image":0,"visibility":true}],"id":1716998358},{"name":"zweite Duscht\u00fcr","type":"multiple_choice","position":1,"required":true,"title_format":"heading","default":"","description_enable":false,"description":"","placeholder_enable":false,"placeholder":"","display":"select","restrictions_type":"any_text","adjust_price":false,"price":"","price_type":"flat_fee","restrictions":false,"min":"0","max":"0","options":[{"label":"70 cm - von 66 bis 68 cm verstellbar","price":"","price_type":"quantity_based","image":0,"visibility":true},{"label":"80 cm - von 76 bis 78 cm verstellbar","price":"20","price_type":"quantity_based","image":0,"visibility":true},{"label":"90 cm - von 86 bis 88 cm verstellbar","price":"30","price_type":"quantity_based","image":0,"visibility":true},{"label":"100 cm - von 96 bis 98 cm verstellbar","price":"50","price_type":"quantity_based","image":0,"visibility":true}],"id":1716998359},{"name":"Ausgleichsprofile","type":"multiple_choice","position":2,"required":true,"title_format":"heading","default":"","description_enable":false,"description":"","placeholder_enable":false,"placeholder":"","display":"select","restrictions_type":"any_text","adjust_price":false,"price":"","price_type":"flat_fee","restrictions":false,"min":"0","max":"0","options":[{"label":"KEIN Ausgleichsprofile","price":"","price_type":"quantity_based","image":0,"visibility":true},{"label":"ein Ausgleichsprofil +3cm","price":"40","price_type":"quantity_based","image":0,"visibility":true},{"label":"zwei Ausgleichsprofile +6cm","price":"80","price_type":"quantity_based","image":0,"visibility":true}],"id":1716998360}],"yoast_head":"<!-- This site is optimized with the Yoast SEO plugin v26.7 - https:\/\/yoast.com\/wordpress\/plugins\/seo\/ -->\n<title>8mm Klappduscht\u00fcr aus klarem Kristall mit Magnetverschluss<\/title>\n<meta name=\"description\" content=\"Doppeltyp-Duscht\u00fcr mit 8 mm klarem Glas und Magnetverschluss\" \/>\n<meta name=\"robots\" content=\"index, follow, max-snippet:-1, max-image-preview:large, max-video-preview:-1\" \/>\n<link rel=\"canonical\" href=\"https:\/\/www.bagnoitalia.com\/de\/produkt\/8mm-klappduschtur-aus-klarem-kristall-mit-magnetverschluss-pr023.html\" \/>\n<meta property=\"og:locale\" content=\"de_DE\" \/>\n<meta property=\"og:type\" content=\"article\" \/>\n<meta property=\"og:title\" content=\"8mm Klappduscht\u00fcr aus klarem Kristall mit Magnetverschluss\" \/>\n<meta property=\"og:description\" content=\"Doppeltyp-Duscht\u00fcr mit 8 mm klarem Glas und Magnetverschluss\" \/>\n<meta property=\"og:url\" content=\"https:\/\/www.bagnoitalia.com\/de\/produkt\/8mm-klappduschtur-aus-klarem-kristall-mit-magnetverschluss-pr023.html\" \/>\n<meta property=\"og:site_name\" content=\"Bagno Italia\" \/>\n<meta property=\"article:modified_time\" content=\"2024-05-29T13:59:18+00:00\" \/>\n<meta property=\"og:image\" content=\"https:\/\/img.bagnoitalia.com\/wp-content\/uploads\/virtuemart\/product\/double-bifold-shower-door-magnetic-closure-pr023-1_1543843407_811.jpg\" \/>\n\t<meta property=\"og:image:width\" content=\"561\" \/>\n\t<meta property=\"og:image:height\" content=\"556\" \/>\n\t<meta property=\"og:image:type\" content=\"image\/jpeg\" \/>\n<meta name=\"twitter:card\" content=\"summary_large_image\" \/>\n<meta name=\"twitter:label1\" content=\"Gesch\u00e4tzte Lesezeit\" \/>\n\t<meta name=\"twitter:data1\" content=\"1\u00a0Minute\" \/>\n<script type=\"application\/ld+json\" class=\"yoast-schema-graph\">{\"@context\":\"https:\/\/schema.org\",\"@graph\":[{\"@type\":\"WebPage\",\"@id\":\"https:\/\/www.bagnoitalia.com\/de\/produkt\/8mm-klappduschtur-aus-klarem-kristall-mit-magnetverschluss-pr023.html\",\"url\":\"https:\/\/www.bagnoitalia.com\/de\/produkt\/8mm-klappduschtur-aus-klarem-kristall-mit-magnetverschluss-pr023.html\",\"name\":\"8mm Klappduscht\u00fcr aus klarem Kristall mit Magnetverschluss\",\"isPartOf\":{\"@id\":\"https:\/\/www.bagnoitalia.com\/de#website\"},\"primaryImageOfPage\":{\"@id\":\"https:\/\/www.bagnoitalia.com\/de\/produkt\/8mm-klappduschtur-aus-klarem-kristall-mit-magnetverschluss-pr023.html#primaryimage\"},\"image\":{\"@id\":\"https:\/\/www.bagnoitalia.com\/de\/produkt\/8mm-klappduschtur-aus-klarem-kristall-mit-magnetverschluss-pr023.html#primaryimage\"},\"thumbnailUrl\":\"https:\/\/img.bagnoitalia.com\/wp-content\/uploads\/virtuemart\/product\/double-bifold-shower-door-magnetic-closure-pr023-1_1543843407_811.jpg\",\"datePublished\":\"2017-06-07T11:36:51+00:00\",\"dateModified\":\"2024-05-29T13:59:18+00:00\",\"description\":\"Doppeltyp-Duscht\u00fcr mit 8 mm klarem Glas und Magnetverschluss\",\"breadcrumb\":{\"@id\":\"https:\/\/www.bagnoitalia.com\/de\/produkt\/8mm-klappduschtur-aus-klarem-kristall-mit-magnetverschluss-pr023.html#breadcrumb\"},\"inLanguage\":\"de\",\"potentialAction\":[{\"@type\":\"ReadAction\",\"target\":[\"https:\/\/www.bagnoitalia.com\/de\/produkt\/8mm-klappduschtur-aus-klarem-kristall-mit-magnetverschluss-pr023.html\"]}]},{\"@type\":\"ImageObject\",\"inLanguage\":\"de\",\"@id\":\"https:\/\/www.bagnoitalia.com\/de\/produkt\/8mm-klappduschtur-aus-klarem-kristall-mit-magnetverschluss-pr023.html#primaryimage\",\"url\":\"https:\/\/img.bagnoitalia.com\/wp-content\/uploads\/virtuemart\/product\/double-bifold-shower-door-magnetic-closure-pr023-1_1543843407_811.jpg\",\"contentUrl\":\"https:\/\/img.bagnoitalia.com\/wp-content\/uploads\/virtuemart\/product\/double-bifold-shower-door-magnetic-closure-pr023-1_1543843407_811.jpg\",\"width\":561,\"height\":556},{\"@type\":\"BreadcrumbList\",\"@id\":\"https:\/\/www.bagnoitalia.com\/de\/produkt\/8mm-klappduschtur-aus-klarem-kristall-mit-magnetverschluss-pr023.html#breadcrumb\",\"itemListElement\":[{\"@type\":\"ListItem\",\"position\":1,\"name\":\"Home\",\"item\":\"https:\/\/www.bagnoitalia.com\/de\"},{\"@type\":\"ListItem\",\"position\":2,\"name\":\"Produkte\",\"item\":\"https:\/\/www.bagnoitalia.com\/de\/shop\"},{\"@type\":\"ListItem\",\"position\":3,\"name\":\"PR023 Faltt\u00fcr, aus 8mm breitem und transparentem Kristallglas, mit Magnetverschluss\"}]},{\"@type\":\"WebSite\",\"@id\":\"https:\/\/www.bagnoitalia.com\/de#website\",\"url\":\"https:\/\/www.bagnoitalia.com\/de\",\"name\":\"Bagno Italia\",\"description\":\"\",\"publisher\":{\"@id\":\"https:\/\/www.bagnoitalia.com\/de#organization\"},\"potentialAction\":[{\"@type\":\"SearchAction\",\"target\":{\"@type\":\"EntryPoint\",\"urlTemplate\":\"https:\/\/www.bagnoitalia.com\/de?s={search_term_string}\"},\"query-input\":{\"@type\":\"PropertyValueSpecification\",\"valueRequired\":true,\"valueName\":\"search_term_string\"}}],\"inLanguage\":\"de\"},{\"@type\":\"Organization\",\"@id\":\"https:\/\/www.bagnoitalia.com\/de#organization\",\"name\":\"Bagno Italia\",\"url\":\"https:\/\/www.bagnoitalia.com\/de\",\"logo\":{\"@type\":\"ImageObject\",\"inLanguage\":\"de\",\"@id\":\"https:\/\/www.bagnoitalia.com\/de#\/schema\/logo\/image\/\",\"url\":\"https:\/\/img.bagnoitalia.com\/wp-content\/uploads\/logo-bagnoitalia.webp\",\"contentUrl\":\"https:\/\/img.bagnoitalia.com\/wp-content\/uploads\/logo-bagnoitalia.webp\",\"width\":400,\"height\":70,\"caption\":\"Bagno Italia\"},\"image\":{\"@id\":\"https:\/\/www.bagnoitalia.com\/de#\/schema\/logo\/image\/\"}}]}<\/script>\n<!-- \/ Yoast SEO plugin. -->","yoast_head_json":{"title":"8mm Klappduscht\u00fcr aus klarem Kristall mit Magnetverschluss","description":"Doppeltyp-Duscht\u00fcr mit 8 mm klarem Glas und Magnetverschluss","robots":{"index":"index","follow":"follow","max-snippet":"max-snippet:-1","max-image-preview":"max-image-preview:large","max-video-preview":"max-video-preview:-1"},"canonical":"https:\/\/www.bagnoitalia.com\/de\/produkt\/8mm-klappduschtur-aus-klarem-kristall-mit-magnetverschluss-pr023.html","og_locale":"de_DE","og_type":"article","og_title":"8mm Klappduscht\u00fcr aus klarem Kristall mit Magnetverschluss","og_description":"Doppeltyp-Duscht\u00fcr mit 8 mm klarem Glas und Magnetverschluss","og_url":"https:\/\/www.bagnoitalia.com\/de\/produkt\/8mm-klappduschtur-aus-klarem-kristall-mit-magnetverschluss-pr023.html","og_site_name":"Bagno Italia","article_modified_time":"2024-05-29T13:59:18+00:00","og_image":[{"width":561,"height":556,"url":"https:\/\/img.bagnoitalia.com\/wp-content\/uploads\/virtuemart\/product\/double-bifold-shower-door-magnetic-closure-pr023-1_1543843407_811.jpg","type":"image\/jpeg"}],"twitter_card":"summary_large_image","twitter_misc":{"Gesch\u00e4tzte Lesezeit":"1\u00a0Minute"},"schema":{"@context":"https:\/\/schema.org","@graph":[{"@type":"WebPage","@id":"https:\/\/www.bagnoitalia.com\/de\/produkt\/8mm-klappduschtur-aus-klarem-kristall-mit-magnetverschluss-pr023.html","url":"https:\/\/www.bagnoitalia.com\/de\/produkt\/8mm-klappduschtur-aus-klarem-kristall-mit-magnetverschluss-pr023.html","name":"8mm Klappduscht\u00fcr aus klarem Kristall mit Magnetverschluss","isPartOf":{"@id":"https:\/\/www.bagnoitalia.com\/de#website"},"primaryImageOfPage":{"@id":"https:\/\/www.bagnoitalia.com\/de\/produkt\/8mm-klappduschtur-aus-klarem-kristall-mit-magnetverschluss-pr023.html#primaryimage"},"image":{"@id":"https:\/\/www.bagnoitalia.com\/de\/produkt\/8mm-klappduschtur-aus-klarem-kristall-mit-magnetverschluss-pr023.html#primaryimage"},"thumbnailUrl":"https:\/\/img.bagnoitalia.com\/wp-content\/uploads\/virtuemart\/product\/double-bifold-shower-door-magnetic-closure-pr023-1_1543843407_811.jpg","datePublished":"2017-06-07T11:36:51+00:00","dateModified":"2024-05-29T13:59:18+00:00","description":"Doppeltyp-Duscht\u00fcr mit 8 mm klarem Glas und Magnetverschluss","breadcrumb":{"@id":"https:\/\/www.bagnoitalia.com\/de\/produkt\/8mm-klappduschtur-aus-klarem-kristall-mit-magnetverschluss-pr023.html#breadcrumb"},"inLanguage":"de","potentialAction":[{"@type":"ReadAction","target":["https:\/\/www.bagnoitalia.com\/de\/produkt\/8mm-klappduschtur-aus-klarem-kristall-mit-magnetverschluss-pr023.html"]}]},{"@type":"ImageObject","inLanguage":"de","@id":"https:\/\/www.bagnoitalia.com\/de\/produkt\/8mm-klappduschtur-aus-klarem-kristall-mit-magnetverschluss-pr023.html#primaryimage","url":"https:\/\/img.bagnoitalia.com\/wp-content\/uploads\/virtuemart\/product\/double-bifold-shower-door-magnetic-closure-pr023-1_1543843407_811.jpg","contentUrl":"https:\/\/img.bagnoitalia.com\/wp-content\/uploads\/virtuemart\/product\/double-bifold-shower-door-magnetic-closure-pr023-1_1543843407_811.jpg","width":561,"height":556},{"@type":"BreadcrumbList","@id":"https:\/\/www.bagnoitalia.com\/de\/produkt\/8mm-klappduschtur-aus-klarem-kristall-mit-magnetverschluss-pr023.html#breadcrumb","itemListElement":[{"@type":"ListItem","position":1,"name":"Home","item":"https:\/\/www.bagnoitalia.com\/de"},{"@type":"ListItem","position":2,"name":"Produkte","item":"https:\/\/www.bagnoitalia.com\/de\/shop"},{"@type":"ListItem","position":3,"name":"PR023 Faltt\u00fcr, aus 8mm breitem und transparentem Kristallglas, mit Magnetverschluss"}]},{"@type":"WebSite","@id":"https:\/\/www.bagnoitalia.com\/de#website","url":"https:\/\/www.bagnoitalia.com\/de","name":"Bagno Italia","description":"","publisher":{"@id":"https:\/\/www.bagnoitalia.com\/de#organization"},"potentialAction":[{"@type":"SearchAction","target":{"@type":"EntryPoint","urlTemplate":"https:\/\/www.bagnoitalia.com\/de?s={search_term_string}"},"query-input":{"@type":"PropertyValueSpecification","valueRequired":true,"valueName":"search_term_string"}}],"inLanguage":"de"},{"@type":"Organization","@id":"https:\/\/www.bagnoitalia.com\/de#organization","name":"Bagno Italia","url":"https:\/\/www.bagnoitalia.com\/de","logo":{"@type":"ImageObject","inLanguage":"de","@id":"https:\/\/www.bagnoitalia.com\/de#\/schema\/logo\/image\/","url":"https:\/\/img.bagnoitalia.com\/wp-content\/uploads\/logo-bagnoitalia.webp","contentUrl":"https:\/\/img.bagnoitalia.com\/wp-content\/uploads\/logo-bagnoitalia.webp","width":400,"height":70,"caption":"Bagno Italia"},"image":{"@id":"https:\/\/www.bagnoitalia.com\/de#\/schema\/logo\/image\/"}}]}},"_links":{"self":[{"href":"https:\/\/www.bagnoitalia.com\/de\/wp-json\/wp\/v2\/product\/80647","targetHints":{"allow":["GET"]}}],"collection":[{"href":"https:\/\/www.bagnoitalia.com\/de\/wp-json\/wp\/v2\/product"}],"about":[{"href":"https:\/\/www.bagnoitalia.com\/de\/wp-json\/wp\/v2\/types\/product"}],"replies":[{"embeddable":true,"href":"https:\/\/www.bagnoitalia.com\/de\/wp-json\/wp\/v2\/comments?post=80647"}],"version-history":[{"count":1,"href":"https:\/\/www.bagnoitalia.com\/de\/wp-json\/wp\/v2\/product\/80647\/revisions"}],"predecessor-version":[{"id":88866,"href":"https:\/\/www.bagnoitalia.com\/de\/wp-json\/wp\/v2\/product\/80647\/revisions\/88866"}],"wp:featuredmedia":[{"embeddable":true,"href":"https:\/\/www.bagnoitalia.com\/de\/wp-json\/wp\/v2\/media\/36682"}],"wp:attachment":[{"href":"https:\/\/www.bagnoitalia.com\/de\/wp-json\/wp\/v2\/media?parent=80647"}],"wp:term":[{"taxonomy":"product_brand","embeddable":true,"href":"https:\/\/www.bagnoitalia.com\/de\/wp-json\/wp\/v2\/product_brand?post=80647"},{"taxonomy":"product_cat","embeddable":true,"href":"https:\/\/www.bagnoitalia.com\/de\/wp-json\/wp\/v2\/product_cat?post=80647"},{"taxonomy":"product_tag","embeddable":true,"href":"https:\/\/www.bagnoitalia.com\/de\/wp-json\/wp\/v2\/product_tag?post=80647"}],"curies":[{"name":"wp","href":"https:\/\/api.w.org\/{rel}","templated":true}]}}