{"id":80639,"date":"2017-06-07T12:47:02","date_gmt":"2017-06-07T10:47:02","guid":{"rendered":"https:\/\/www.bagnoitalia.com\/product\/3-seitige-duschabtrennung-fur-zimmermitte-mit-8-mm-klarer-falttur-aus-klarem-glas-h195-box046"},"modified":"2025-06-14T06:47:33","modified_gmt":"2025-06-14T04:47:33","slug":"3-seitige-duschabtrennung-fur-zimmermitte-mit-8-mm-klarer-falttur-aus-klarem-glas-h195-box046","status":"publish","type":"product","link":"https:\/\/www.bagnoitalia.com\/de\/produkt\/3-seitige-duschabtrennung-fur-zimmermitte-mit-8-mm-klarer-falttur-aus-klarem-glas-h195-box046.html","title":{"rendered":"BOX046 U-Form-Dusche, aus 8mm breitem transparentem Kristallglas, mit Faltt\u00fcr, 195cm hoch, mitten im Zimmer installierbar"},"content":{"rendered":"<p style=\"margin-bottom: 0cm;\"><span style=\"color: #000000; font-size: 14pt; text-decoration: underline;\"><strong>BOX046 U-Form-Dusche aus transparentem Kristallglas<\/strong><\/span><\/p>\n<p>&nbsp;<\/p>\n<p style=\"margin-bottom: 0cm;\"><span style=\"text-decoration: underline;\"><strong><span style=\"font-size: 12pt;\">Eigenschften<\/span><\/strong><\/span><\/p>\n<ul>\n<li style=\"margin-bottom: 0cm;\"><span style=\"font-size: 12pt;\">Glas: 8mm breites, geh\u00e4rtetes und transparentes Kristallglas<\/span><\/li>\n<li style=\"margin-bottom: 0cm;\"><span style=\"font-size: 12pt;\">H\u00f6he: 195cm<\/span><\/li>\n<li style=\"margin-bottom: 0cm;\"><span style=\"font-size: 12pt;\">Faltt\u00fcr: 70, 80, 90 oder 100cm gro\u00df, mit \u00d6ffnung nach innen und au\u00dfen\u00a0<\/span><\/li>\n<li style=\"margin-bottom: 0cm;\"><span style=\"font-size: 12pt;\">Festwand: 70 oder 80cm gro\u00df<\/span><\/li>\n<li style=\"margin-bottom: 0cm;\"><span style=\"font-size: 12pt;\">reversible Duschkabine<\/span><\/li>\n<li style=\"margin-bottom: 0cm;\"><span style=\"font-size: 12pt;\">Bearbeitungstoleranz: bis zu -2cm pro Seite<\/span><\/li>\n<li style=\"margin-bottom: 0cm;\"><span style=\"font-size: 12pt;\">wandb\u00fcndige Installation m\u00f6glich<\/span><\/li>\n<li style=\"margin-bottom: 0cm;\"><span style=\"font-size: 12pt;\">Griff: Zink, verchromt<\/span><\/li>\n<li style=\"margin-bottom: 0cm;\"><span style=\"font-size: 12pt;\"><strong>Ohne Profile, aber mit Wasserabdichtung<\/strong><\/span><\/li>\n<\/ul>\n<p><span style=\"font-size: 12pt;\">Die Duschplatte ist nicht im Preis enhtalten, kann aber <a href=\"piatti-doccia\">hier<\/a> hinzugef\u00fcgt werden.<\/span><\/p>\n<p>&nbsp;<\/p>\n<p>&nbsp;<\/p>\n","protected":false},"excerpt":{"rendered":"<p>BOX046 U-Form-Dusche mit Faltt\u00fcr. 8mm breites transparentes Kristallglas. 195cm hoch. Das Produkt kann mitten im Zimmer montiert werden.<\/p>\n","protected":false},"featured_media":36610,"comment_status":"open","ping_status":"closed","template":"","meta":[],"product_brand":[5008],"product_cat":[9816,9712],"product_tag":[],"class_list":{"0":"post-80639","1":"product","2":"type-product","3":"status-publish","4":"has-post-thumbnail","6":"product_brand-idrom","7":"product_cat-duschkabine-u-form-duschkabine","8":"product_cat-duschkabine","10":"first","11":"instock","12":"sale","13":"taxable","14":"shipping-taxable","15":"purchasable","16":"product-type-simple"},"exclude_global_add_ons":false,"addons":[{"name":"Duscht\u00fcr","type":"multiple_choice","position":0,"required":true,"title_format":"heading","default":"","description_enable":false,"description":"","placeholder_enable":false,"placeholder":"","display":"select","restrictions_type":"any_text","adjust_price":false,"price":"","price_type":"flat_fee","restrictions":false,"min":"0","max":"0","options":[{"label":"70 cm","price":"","price_type":"quantity_based","image":0,"visibility":true},{"label":"80 cm","price":"20","price_type":"quantity_based","image":0,"visibility":true},{"label":"90 cm","price":"30","price_type":"quantity_based","image":0,"visibility":true},{"label":"100 cm","price":"50","price_type":"quantity_based","image":0,"visibility":true}],"id":1716985777},{"name":"feste Seiten","type":"multiple_choice","position":1,"required":true,"title_format":"heading","default":"","description_enable":false,"description":"","placeholder_enable":false,"placeholder":"","display":"select","restrictions_type":"any_text","adjust_price":false,"price":"","price_type":"flat_fee","restrictions":false,"min":"0","max":"0","options":[{"label":"2 feste Seiten aus 70cm","price":"","price_type":"quantity_based","image":0,"visibility":true},{"label":"2 feste Seiten aus 80cm","price":"30","price_type":"quantity_based","image":0,"visibility":true},{"label":"2 feste Seiten aus 90cm","price":"70","price_type":"quantity_based","image":0,"visibility":true},{"label":"2 feste Seiten aus 100cm","price":"130","price_type":"quantity_based","image":0,"visibility":true}],"id":1716985778},{"name":"Ausgleichsprofil","type":"multiple_choice","position":2,"required":true,"title_format":"heading","default":"","description_enable":false,"description":"","placeholder_enable":false,"placeholder":"","display":"select","restrictions_type":"any_text","adjust_price":false,"price":"","price_type":"flat_fee","restrictions":false,"min":"0","max":"0","options":[{"label":"Kein Profil","price":"","price_type":"quantity_based","image":0,"visibility":true},{"label":"1 Ausgleichsprofil +3 cm","price":"40","price_type":"quantity_based","image":0,"visibility":true},{"label":"2 Ausgleichsprofile +6 cm","price":"80","price_type":"quantity_based","image":0,"visibility":true}],"id":1716985779}],"yoast_head":"<!-- This site is optimized with the Yoast SEO plugin v26.7 - https:\/\/yoast.com\/wordpress\/plugins\/seo\/ -->\n<title>3-seitige Duschabtrennung f\u00fcr Mittelraum mit 8 mm Klappt\u00fcr aus transparentem Kristallglas H195<\/title>\n<meta name=\"description\" content=\"3-seitige Duschabtrennung zur Installation in der Raummitte mit Faltt\u00fcr und transparentem Glas 8 mm H\u00f6he 195 cm\" \/>\n<meta name=\"robots\" content=\"index, follow, max-snippet:-1, max-image-preview:large, max-video-preview:-1\" \/>\n<link rel=\"canonical\" href=\"https:\/\/www.bagnoitalia.com\/de\/produkt\/3-seitige-duschabtrennung-fur-zimmermitte-mit-8-mm-klarer-falttur-aus-klarem-glas-h195-box046.html\" \/>\n<meta property=\"og:locale\" content=\"de_DE\" \/>\n<meta property=\"og:type\" content=\"article\" \/>\n<meta property=\"og:title\" content=\"3-seitige Duschabtrennung f\u00fcr Mittelraum mit 8 mm Klappt\u00fcr aus transparentem Kristallglas H195\" \/>\n<meta property=\"og:description\" content=\"3-seitige Duschabtrennung zur Installation in der Raummitte mit Faltt\u00fcr und transparentem Glas 8 mm H\u00f6he 195 cm\" \/>\n<meta property=\"og:url\" content=\"https:\/\/www.bagnoitalia.com\/de\/produkt\/3-seitige-duschabtrennung-fur-zimmermitte-mit-8-mm-klarer-falttur-aus-klarem-glas-h195-box046.html\" \/>\n<meta property=\"og:site_name\" content=\"Bagno Italia\" \/>\n<meta property=\"article:modified_time\" content=\"2025-06-14T04:47:33+00:00\" \/>\n<meta property=\"og:image\" content=\"https:\/\/img.bagnoitalia.com\/wp-content\/uploads\/virtuemart\/product\/3-sided-shower-enclosure-middle-room-box046-1_1543566867_717.jpg\" \/>\n\t<meta property=\"og:image:width\" content=\"501\" \/>\n\t<meta property=\"og:image:height\" content=\"501\" \/>\n\t<meta property=\"og:image:type\" content=\"image\/jpeg\" \/>\n<meta name=\"twitter:card\" content=\"summary_large_image\" \/>\n<meta name=\"twitter:label1\" content=\"Gesch\u00e4tzte Lesezeit\" \/>\n\t<meta name=\"twitter:data1\" content=\"1\u00a0Minute\" \/>\n<script type=\"application\/ld+json\" class=\"yoast-schema-graph\">{\"@context\":\"https:\/\/schema.org\",\"@graph\":[{\"@type\":\"WebPage\",\"@id\":\"https:\/\/www.bagnoitalia.com\/de\/produkt\/3-seitige-duschabtrennung-fur-zimmermitte-mit-8-mm-klarer-falttur-aus-klarem-glas-h195-box046.html\",\"url\":\"https:\/\/www.bagnoitalia.com\/de\/produkt\/3-seitige-duschabtrennung-fur-zimmermitte-mit-8-mm-klarer-falttur-aus-klarem-glas-h195-box046.html\",\"name\":\"3-seitige Duschabtrennung f\u00fcr Mittelraum mit 8 mm Klappt\u00fcr aus transparentem Kristallglas H195\",\"isPartOf\":{\"@id\":\"https:\/\/www.bagnoitalia.com\/de#website\"},\"primaryImageOfPage\":{\"@id\":\"https:\/\/www.bagnoitalia.com\/de\/produkt\/3-seitige-duschabtrennung-fur-zimmermitte-mit-8-mm-klarer-falttur-aus-klarem-glas-h195-box046.html#primaryimage\"},\"image\":{\"@id\":\"https:\/\/www.bagnoitalia.com\/de\/produkt\/3-seitige-duschabtrennung-fur-zimmermitte-mit-8-mm-klarer-falttur-aus-klarem-glas-h195-box046.html#primaryimage\"},\"thumbnailUrl\":\"https:\/\/img.bagnoitalia.com\/wp-content\/uploads\/virtuemart\/product\/3-sided-shower-enclosure-middle-room-box046-1_1543566867_717.jpg\",\"datePublished\":\"2017-06-07T10:47:02+00:00\",\"dateModified\":\"2025-06-14T04:47:33+00:00\",\"description\":\"3-seitige Duschabtrennung zur Installation in der Raummitte mit Faltt\u00fcr und transparentem Glas 8 mm H\u00f6he 195 cm\",\"breadcrumb\":{\"@id\":\"https:\/\/www.bagnoitalia.com\/de\/produkt\/3-seitige-duschabtrennung-fur-zimmermitte-mit-8-mm-klarer-falttur-aus-klarem-glas-h195-box046.html#breadcrumb\"},\"inLanguage\":\"de\",\"potentialAction\":[{\"@type\":\"ReadAction\",\"target\":[\"https:\/\/www.bagnoitalia.com\/de\/produkt\/3-seitige-duschabtrennung-fur-zimmermitte-mit-8-mm-klarer-falttur-aus-klarem-glas-h195-box046.html\"]}]},{\"@type\":\"ImageObject\",\"inLanguage\":\"de\",\"@id\":\"https:\/\/www.bagnoitalia.com\/de\/produkt\/3-seitige-duschabtrennung-fur-zimmermitte-mit-8-mm-klarer-falttur-aus-klarem-glas-h195-box046.html#primaryimage\",\"url\":\"https:\/\/img.bagnoitalia.com\/wp-content\/uploads\/virtuemart\/product\/3-sided-shower-enclosure-middle-room-box046-1_1543566867_717.jpg\",\"contentUrl\":\"https:\/\/img.bagnoitalia.com\/wp-content\/uploads\/virtuemart\/product\/3-sided-shower-enclosure-middle-room-box046-1_1543566867_717.jpg\",\"width\":501,\"height\":501},{\"@type\":\"BreadcrumbList\",\"@id\":\"https:\/\/www.bagnoitalia.com\/de\/produkt\/3-seitige-duschabtrennung-fur-zimmermitte-mit-8-mm-klarer-falttur-aus-klarem-glas-h195-box046.html#breadcrumb\",\"itemListElement\":[{\"@type\":\"ListItem\",\"position\":1,\"name\":\"Home\",\"item\":\"https:\/\/www.bagnoitalia.com\/de\"},{\"@type\":\"ListItem\",\"position\":2,\"name\":\"Produkte\",\"item\":\"https:\/\/www.bagnoitalia.com\/de\/shop\"},{\"@type\":\"ListItem\",\"position\":3,\"name\":\"BOX046 U-Form-Dusche, aus 8mm breitem transparentem Kristallglas, mit Faltt\u00fcr, 195cm hoch, mitten im Zimmer installierbar\"}]},{\"@type\":\"WebSite\",\"@id\":\"https:\/\/www.bagnoitalia.com\/de#website\",\"url\":\"https:\/\/www.bagnoitalia.com\/de\",\"name\":\"Bagno Italia\",\"description\":\"\",\"publisher\":{\"@id\":\"https:\/\/www.bagnoitalia.com\/de#organization\"},\"potentialAction\":[{\"@type\":\"SearchAction\",\"target\":{\"@type\":\"EntryPoint\",\"urlTemplate\":\"https:\/\/www.bagnoitalia.com\/de?s={search_term_string}\"},\"query-input\":{\"@type\":\"PropertyValueSpecification\",\"valueRequired\":true,\"valueName\":\"search_term_string\"}}],\"inLanguage\":\"de\"},{\"@type\":\"Organization\",\"@id\":\"https:\/\/www.bagnoitalia.com\/de#organization\",\"name\":\"Bagno Italia\",\"url\":\"https:\/\/www.bagnoitalia.com\/de\",\"logo\":{\"@type\":\"ImageObject\",\"inLanguage\":\"de\",\"@id\":\"https:\/\/www.bagnoitalia.com\/de#\/schema\/logo\/image\/\",\"url\":\"https:\/\/img.bagnoitalia.com\/wp-content\/uploads\/logo-bagnoitalia.webp\",\"contentUrl\":\"https:\/\/img.bagnoitalia.com\/wp-content\/uploads\/logo-bagnoitalia.webp\",\"width\":400,\"height\":70,\"caption\":\"Bagno Italia\"},\"image\":{\"@id\":\"https:\/\/www.bagnoitalia.com\/de#\/schema\/logo\/image\/\"}}]}<\/script>\n<!-- \/ Yoast SEO plugin. -->","yoast_head_json":{"title":"3-seitige Duschabtrennung f\u00fcr Mittelraum mit 8 mm Klappt\u00fcr aus transparentem Kristallglas H195","description":"3-seitige Duschabtrennung zur Installation in der Raummitte mit Faltt\u00fcr und transparentem Glas 8 mm H\u00f6he 195 cm","robots":{"index":"index","follow":"follow","max-snippet":"max-snippet:-1","max-image-preview":"max-image-preview:large","max-video-preview":"max-video-preview:-1"},"canonical":"https:\/\/www.bagnoitalia.com\/de\/produkt\/3-seitige-duschabtrennung-fur-zimmermitte-mit-8-mm-klarer-falttur-aus-klarem-glas-h195-box046.html","og_locale":"de_DE","og_type":"article","og_title":"3-seitige Duschabtrennung f\u00fcr Mittelraum mit 8 mm Klappt\u00fcr aus transparentem Kristallglas H195","og_description":"3-seitige Duschabtrennung zur Installation in der Raummitte mit Faltt\u00fcr und transparentem Glas 8 mm H\u00f6he 195 cm","og_url":"https:\/\/www.bagnoitalia.com\/de\/produkt\/3-seitige-duschabtrennung-fur-zimmermitte-mit-8-mm-klarer-falttur-aus-klarem-glas-h195-box046.html","og_site_name":"Bagno Italia","article_modified_time":"2025-06-14T04:47:33+00:00","og_image":[{"width":501,"height":501,"url":"https:\/\/img.bagnoitalia.com\/wp-content\/uploads\/virtuemart\/product\/3-sided-shower-enclosure-middle-room-box046-1_1543566867_717.jpg","type":"image\/jpeg"}],"twitter_card":"summary_large_image","twitter_misc":{"Gesch\u00e4tzte Lesezeit":"1\u00a0Minute"},"schema":{"@context":"https:\/\/schema.org","@graph":[{"@type":"WebPage","@id":"https:\/\/www.bagnoitalia.com\/de\/produkt\/3-seitige-duschabtrennung-fur-zimmermitte-mit-8-mm-klarer-falttur-aus-klarem-glas-h195-box046.html","url":"https:\/\/www.bagnoitalia.com\/de\/produkt\/3-seitige-duschabtrennung-fur-zimmermitte-mit-8-mm-klarer-falttur-aus-klarem-glas-h195-box046.html","name":"3-seitige Duschabtrennung f\u00fcr Mittelraum mit 8 mm Klappt\u00fcr aus transparentem Kristallglas H195","isPartOf":{"@id":"https:\/\/www.bagnoitalia.com\/de#website"},"primaryImageOfPage":{"@id":"https:\/\/www.bagnoitalia.com\/de\/produkt\/3-seitige-duschabtrennung-fur-zimmermitte-mit-8-mm-klarer-falttur-aus-klarem-glas-h195-box046.html#primaryimage"},"image":{"@id":"https:\/\/www.bagnoitalia.com\/de\/produkt\/3-seitige-duschabtrennung-fur-zimmermitte-mit-8-mm-klarer-falttur-aus-klarem-glas-h195-box046.html#primaryimage"},"thumbnailUrl":"https:\/\/img.bagnoitalia.com\/wp-content\/uploads\/virtuemart\/product\/3-sided-shower-enclosure-middle-room-box046-1_1543566867_717.jpg","datePublished":"2017-06-07T10:47:02+00:00","dateModified":"2025-06-14T04:47:33+00:00","description":"3-seitige Duschabtrennung zur Installation in der Raummitte mit Faltt\u00fcr und transparentem Glas 8 mm H\u00f6he 195 cm","breadcrumb":{"@id":"https:\/\/www.bagnoitalia.com\/de\/produkt\/3-seitige-duschabtrennung-fur-zimmermitte-mit-8-mm-klarer-falttur-aus-klarem-glas-h195-box046.html#breadcrumb"},"inLanguage":"de","potentialAction":[{"@type":"ReadAction","target":["https:\/\/www.bagnoitalia.com\/de\/produkt\/3-seitige-duschabtrennung-fur-zimmermitte-mit-8-mm-klarer-falttur-aus-klarem-glas-h195-box046.html"]}]},{"@type":"ImageObject","inLanguage":"de","@id":"https:\/\/www.bagnoitalia.com\/de\/produkt\/3-seitige-duschabtrennung-fur-zimmermitte-mit-8-mm-klarer-falttur-aus-klarem-glas-h195-box046.html#primaryimage","url":"https:\/\/img.bagnoitalia.com\/wp-content\/uploads\/virtuemart\/product\/3-sided-shower-enclosure-middle-room-box046-1_1543566867_717.jpg","contentUrl":"https:\/\/img.bagnoitalia.com\/wp-content\/uploads\/virtuemart\/product\/3-sided-shower-enclosure-middle-room-box046-1_1543566867_717.jpg","width":501,"height":501},{"@type":"BreadcrumbList","@id":"https:\/\/www.bagnoitalia.com\/de\/produkt\/3-seitige-duschabtrennung-fur-zimmermitte-mit-8-mm-klarer-falttur-aus-klarem-glas-h195-box046.html#breadcrumb","itemListElement":[{"@type":"ListItem","position":1,"name":"Home","item":"https:\/\/www.bagnoitalia.com\/de"},{"@type":"ListItem","position":2,"name":"Produkte","item":"https:\/\/www.bagnoitalia.com\/de\/shop"},{"@type":"ListItem","position":3,"name":"BOX046 U-Form-Dusche, aus 8mm breitem transparentem Kristallglas, mit Faltt\u00fcr, 195cm hoch, mitten im Zimmer installierbar"}]},{"@type":"WebSite","@id":"https:\/\/www.bagnoitalia.com\/de#website","url":"https:\/\/www.bagnoitalia.com\/de","name":"Bagno Italia","description":"","publisher":{"@id":"https:\/\/www.bagnoitalia.com\/de#organization"},"potentialAction":[{"@type":"SearchAction","target":{"@type":"EntryPoint","urlTemplate":"https:\/\/www.bagnoitalia.com\/de?s={search_term_string}"},"query-input":{"@type":"PropertyValueSpecification","valueRequired":true,"valueName":"search_term_string"}}],"inLanguage":"de"},{"@type":"Organization","@id":"https:\/\/www.bagnoitalia.com\/de#organization","name":"Bagno Italia","url":"https:\/\/www.bagnoitalia.com\/de","logo":{"@type":"ImageObject","inLanguage":"de","@id":"https:\/\/www.bagnoitalia.com\/de#\/schema\/logo\/image\/","url":"https:\/\/img.bagnoitalia.com\/wp-content\/uploads\/logo-bagnoitalia.webp","contentUrl":"https:\/\/img.bagnoitalia.com\/wp-content\/uploads\/logo-bagnoitalia.webp","width":400,"height":70,"caption":"Bagno Italia"},"image":{"@id":"https:\/\/www.bagnoitalia.com\/de#\/schema\/logo\/image\/"}}]}},"_links":{"self":[{"href":"https:\/\/www.bagnoitalia.com\/de\/wp-json\/wp\/v2\/product\/80639","targetHints":{"allow":["GET"]}}],"collection":[{"href":"https:\/\/www.bagnoitalia.com\/de\/wp-json\/wp\/v2\/product"}],"about":[{"href":"https:\/\/www.bagnoitalia.com\/de\/wp-json\/wp\/v2\/types\/product"}],"replies":[{"embeddable":true,"href":"https:\/\/www.bagnoitalia.com\/de\/wp-json\/wp\/v2\/comments?post=80639"}],"version-history":[{"count":1,"href":"https:\/\/www.bagnoitalia.com\/de\/wp-json\/wp\/v2\/product\/80639\/revisions"}],"predecessor-version":[{"id":88780,"href":"https:\/\/www.bagnoitalia.com\/de\/wp-json\/wp\/v2\/product\/80639\/revisions\/88780"}],"wp:featuredmedia":[{"embeddable":true,"href":"https:\/\/www.bagnoitalia.com\/de\/wp-json\/wp\/v2\/media\/36610"}],"wp:attachment":[{"href":"https:\/\/www.bagnoitalia.com\/de\/wp-json\/wp\/v2\/media?parent=80639"}],"wp:term":[{"taxonomy":"product_brand","embeddable":true,"href":"https:\/\/www.bagnoitalia.com\/de\/wp-json\/wp\/v2\/product_brand?post=80639"},{"taxonomy":"product_cat","embeddable":true,"href":"https:\/\/www.bagnoitalia.com\/de\/wp-json\/wp\/v2\/product_cat?post=80639"},{"taxonomy":"product_tag","embeddable":true,"href":"https:\/\/www.bagnoitalia.com\/de\/wp-json\/wp\/v2\/product_tag?post=80639"}],"curies":[{"name":"wp","href":"https:\/\/api.w.org\/{rel}","templated":true}]}}