{"id":80591,"date":"2017-05-24T13:32:39","date_gmt":"2017-05-24T11:32:39","guid":{"rendered":"https:\/\/www.bagnoitalia.com\/product\/aufgehangtes-badezimmerunterschrank-funf-von-80-cm-und-100-cm-mit-weisem-taubengrauem-meeresspiegel"},"modified":"2026-02-03T16:49:55","modified_gmt":"2026-02-03T15:49:55","slug":"aufgehangtes-badezimmerunterschrank-funf-von-80-cm-und-100-cm-mit-weisem-taubengrauem-meeresspiegel","status":"publish","type":"product","link":"https:\/\/www.bagnoitalia.com\/de\/produkt\/aufgehangtes-badezimmerunterschrank-funf-von-80-cm-und-100-cm-mit-weisem-taubengrauem-meeresspiegel.html","title":{"rendered":"Five Bad-H\u00e4ngeschrank, 80 oder 100cm, in wei\u00df, taubengrau oder ozeanblau, mit Spiegel"},"content":{"rendered":"<p><strong style=\"font-weight: bold; color: #333333; font-family: ABeeZee,Verdana,sans-serif; font-size: 12px; font-style: normal; letter-spacing: normal; text-align: justify; text-indent: 0px; text-transform: none; white-space: normal; word-spacing: 0px; background-color: #ffffff;\">Der Preis beinhaltet:<\/strong><\/p>\n<ul style=\"margin-top: 0px; margin-bottom: 10px; color: #333333; font-family: ABeeZee,Verdana,sans-serif; font-size: 12px; font-style: normal; font-weight: normal; letter-spacing: normal; text-align: start; text-indent: 0px; text-transform: none; white-space: normal; word-spacing: 0px; background-color: #ffffff;\">\n<li>1 Unterwaschbeckenschrank: 80x41x46cm<\/li>\n<li>1 Harzwaschbecken: 80x46x13cm<\/li>\n<li>1 Spiegel: 80x70cm<\/li>\n<li>Schubladenverschluss mit soft-close-System<\/li>\n<li>T\u00fcren (\u00d6ffnung nur in eine Richtung)<\/li>\n<\/ul>\n<p>Den Schrank ist auch in der 100x41x46cm gro\u00dfen Version erh\u00e4ltlich<\/p>\n<p style=\"margin: 0px 0px 10px; line-height: 2; color: #333333; font-family: ABeeZee,Verdana,sans-serif; font-size: 12px; font-style: normal; font-weight: normal; letter-spacing: normal; text-align: start; text-indent: 0px; text-transform: none; white-space: normal; word-spacing: 0px; background-color: #ffffff;\">Farbe: wei\u00df, mattes ozeanblau und mattes taubengrau<\/p>\n<p>Die Wandleuchte ist NICHT im Preis inbegriffen.<\/p>\n<p style=\"margin: 0px 0px 10px; line-height: 2; color: #333333; font-family: ABeeZee,Verdana,sans-serif; font-size: 12px; font-style: normal; font-weight: normal; letter-spacing: normal; text-align: start; text-indent: 0px; text-transform: none; white-space: normal; word-spacing: 0px; background-color: #ffffff;\"><strong style=\"font-weight: bold;\"><span style=\"text-decoration: underline;\">Material:<\/span><\/strong><\/p>\n<ul>\n<li style=\"margin: 0px 0px 10px; line-height: 2; color: #333333; font-family: ABeeZee,Verdana,sans-serif; font-size: 12px; font-style: normal; font-weight: normal; letter-spacing: normal; text-align: start; text-indent: 0px; text-transform: none; white-space: normal; word-spacing: 0px; background-color: #ffffff;\">Struktur: MDF-Holz (Mediodensit)<\/li>\n<li style=\"margin: 0px 0px 10px; line-height: 2; color: #333333; font-family: ABeeZee,Verdana,sans-serif; font-size: 12px; font-style: normal; font-weight: normal; letter-spacing: normal; text-align: start; text-indent: 0px; text-transform: none; white-space: normal; word-spacing: 0px; background-color: #ffffff;\">T\u00fcren und Schubladen: MDF-Holz (Mediodensit)<\/li>\n<\/ul>\n<p>&nbsp;<\/p>\n<p>Das Five-M\u00f6belset eignet sich hervorragend f\u00fcr kleine R\u00e4ume und verf\u00fcgt \u00fcber einen einfachen, raffinierten und modernen Stil.<\/p>\n<p>&nbsp;<\/p>\n<p><strong><span style=\"text-decoration: underline;\">Achtung:<\/span><\/strong> Aus dem oben stehenden Men\u00fc konnen Sie eine Schranks\u00e4ule hinzuf\u00fcgen.<\/p>\n<p>&nbsp;<\/p>\n","protected":false},"excerpt":{"rendered":"<p>Der Five Badschrank ist 80 oder 100cm gro\u00df und mit einem Harzwaschbecken und Spiegel best\u00fcckt. Das Produkt ist in wei\u00df, taubengrau oder ozeanblau erh\u00e4ltlich.<\/p>\n","protected":false},"featured_media":36227,"comment_status":"open","ping_status":"closed","template":"","meta":[],"product_brand":[9883],"product_cat":[9720],"product_tag":[],"class_list":{"0":"post-80591","1":"product","2":"type-product","3":"status-publish","4":"has-post-thumbnail","6":"product_brand-deghi-de","7":"product_cat-badmobel-von-71-bis-100-cm-moderne-mobel","9":"first","10":"instock","11":"sale","12":"taxable","13":"shipping-taxable","14":"purchasable","15":"product-type-simple"},"exclude_global_add_ons":false,"addons":[{"name":"Farbe","type":"multiple_choice","position":0,"required":true,"title_format":"heading","default":"","description_enable":false,"description":"","placeholder_enable":false,"placeholder":"","display":"select","restrictions_type":"any_text","adjust_price":false,"price":"","price_type":"flat_fee","restrictions":false,"min":"0","max":"0","options":[{"label":"Opaker Wei\u00df","price":"","price_type":"quantity_based","image":0,"visibility":true},{"label":"(Nicht verf\u00fcgbar) Opaker Ozean","price":"","price_type":"quantity_based","image":0,"visibility":true},{"label":"(Nicht verf\u00fcgbar) Opaker Turteltaube","price":"","price_type":"quantity_based","image":0,"visibility":true}],"id":1718708537},{"name":"Ma\u00dfe","type":"multiple_choice","position":1,"required":true,"title_format":"heading","default":"","description_enable":false,"description":"","placeholder_enable":false,"placeholder":"","display":"select","restrictions_type":"any_text","adjust_price":false,"price":"","price_type":"flat_fee","restrictions":false,"min":"0","max":"0","options":[{"label":"(Nicht verf\u00fcgbar) cm 80","price":"","price_type":"quantity_based","image":0,"visibility":true},{"label":"cm 100","price":"80","price_type":"quantity_based","image":0,"visibility":true}],"id":1718708538},{"name":"Spalte","type":"multiple_choice","position":2,"required":true,"title_format":"heading","default":"","description_enable":false,"description":"","placeholder_enable":false,"placeholder":"","display":"select","restrictions_type":"any_text","adjust_price":false,"price":"","price_type":"flat_fee","restrictions":false,"min":"0","max":"0","options":[{"label":"KEINE Spalte","price":"","price_type":"quantity_based","image":0,"visibility":true},{"label":"cm 30xP24,2xH140 Spalte","price":"309","price_type":"quantity_based","image":0,"visibility":true}],"id":1718708539},{"name":"Wandleuchte","type":"multiple_choice","position":3,"required":true,"title_format":"heading","default":"","description_enable":false,"description":"","placeholder_enable":false,"placeholder":"","display":"select","restrictions_type":"any_text","adjust_price":false,"price":"","price_type":"flat_fee","restrictions":false,"min":"0","max":"0","options":[{"label":"KEINE Wandleuchte","price":"","price_type":"quantity_based","image":0,"visibility":true},{"label":"Verchromte LED-Wandleuchte","price":"20","price_type":"quantity_based","image":0,"visibility":true},{"label":"Schwarze LED-Wandleuchte","price":"25","price_type":"quantity_based","image":0,"visibility":true}],"id":1718708540}],"yoast_head":"<!-- This site is optimized with the Yoast SEO plugin v26.7 - https:\/\/yoast.com\/wordpress\/plugins\/seo\/ -->\n<title>F\u00fcnf Badm\u00f6bel 80 cm und 100 cm aufgeh\u00e4ngt mit Spiegelverschluss in wei\u00dfem Ozean und Taubengrau<\/title>\n<meta name=\"description\" content=\"moderne h\u00e4ngende badm\u00f6bel 80xH41x46cm oder 100xH41x46cm mit harz-waschbecken komplett mit spiegel mit t\u00fcr und schublade mit d\u00e4mpfung\" \/>\n<meta name=\"robots\" content=\"index, follow, max-snippet:-1, max-image-preview:large, max-video-preview:-1\" \/>\n<link rel=\"canonical\" href=\"https:\/\/www.bagnoitalia.com\/de\/produkt\/aufgehangtes-badezimmerunterschrank-funf-von-80-cm-und-100-cm-mit-weisem-taubengrauem-meeresspiegel.html\" \/>\n<meta property=\"og:locale\" content=\"de_DE\" \/>\n<meta property=\"og:type\" content=\"article\" \/>\n<meta property=\"og:title\" content=\"F\u00fcnf Badm\u00f6bel 80 cm und 100 cm aufgeh\u00e4ngt mit Spiegelverschluss in wei\u00dfem Ozean und Taubengrau\" \/>\n<meta property=\"og:description\" content=\"moderne h\u00e4ngende badm\u00f6bel 80xH41x46cm oder 100xH41x46cm mit harz-waschbecken komplett mit spiegel mit t\u00fcr und schublade mit d\u00e4mpfung\" \/>\n<meta property=\"og:url\" content=\"https:\/\/www.bagnoitalia.com\/de\/produkt\/aufgehangtes-badezimmerunterschrank-funf-von-80-cm-und-100-cm-mit-weisem-taubengrauem-meeresspiegel.html\" \/>\n<meta property=\"og:site_name\" content=\"Bagno Italia\" \/>\n<meta property=\"article:modified_time\" content=\"2026-02-03T15:49:55+00:00\" \/>\n<meta property=\"og:image\" content=\"https:\/\/img.bagnoitalia.com\/wp-content\/uploads\/virtuemart\/product\/Wall-hung-bathroom-vanity-Five-1_1542212522_322.jpg\" \/>\n\t<meta property=\"og:image:width\" content=\"500\" \/>\n\t<meta property=\"og:image:height\" content=\"500\" \/>\n\t<meta property=\"og:image:type\" content=\"image\/jpeg\" \/>\n<meta name=\"twitter:card\" content=\"summary_large_image\" \/>\n<meta name=\"twitter:label1\" content=\"Gesch\u00e4tzte Lesezeit\" \/>\n\t<meta name=\"twitter:data1\" content=\"1\u00a0Minute\" \/>\n<script type=\"application\/ld+json\" class=\"yoast-schema-graph\">{\"@context\":\"https:\/\/schema.org\",\"@graph\":[{\"@type\":\"WebPage\",\"@id\":\"https:\/\/www.bagnoitalia.com\/de\/produkt\/aufgehangtes-badezimmerunterschrank-funf-von-80-cm-und-100-cm-mit-weisem-taubengrauem-meeresspiegel.html\",\"url\":\"https:\/\/www.bagnoitalia.com\/de\/produkt\/aufgehangtes-badezimmerunterschrank-funf-von-80-cm-und-100-cm-mit-weisem-taubengrauem-meeresspiegel.html\",\"name\":\"F\u00fcnf Badm\u00f6bel 80 cm und 100 cm aufgeh\u00e4ngt mit Spiegelverschluss in wei\u00dfem Ozean und Taubengrau\",\"isPartOf\":{\"@id\":\"https:\/\/www.bagnoitalia.com\/de#website\"},\"primaryImageOfPage\":{\"@id\":\"https:\/\/www.bagnoitalia.com\/de\/produkt\/aufgehangtes-badezimmerunterschrank-funf-von-80-cm-und-100-cm-mit-weisem-taubengrauem-meeresspiegel.html#primaryimage\"},\"image\":{\"@id\":\"https:\/\/www.bagnoitalia.com\/de\/produkt\/aufgehangtes-badezimmerunterschrank-funf-von-80-cm-und-100-cm-mit-weisem-taubengrauem-meeresspiegel.html#primaryimage\"},\"thumbnailUrl\":\"https:\/\/img.bagnoitalia.com\/wp-content\/uploads\/virtuemart\/product\/Wall-hung-bathroom-vanity-Five-1_1542212522_322.jpg\",\"datePublished\":\"2017-05-24T11:32:39+00:00\",\"dateModified\":\"2026-02-03T15:49:55+00:00\",\"description\":\"moderne h\u00e4ngende badm\u00f6bel 80xH41x46cm oder 100xH41x46cm mit harz-waschbecken komplett mit spiegel mit t\u00fcr und schublade mit d\u00e4mpfung\",\"breadcrumb\":{\"@id\":\"https:\/\/www.bagnoitalia.com\/de\/produkt\/aufgehangtes-badezimmerunterschrank-funf-von-80-cm-und-100-cm-mit-weisem-taubengrauem-meeresspiegel.html#breadcrumb\"},\"inLanguage\":\"de\",\"potentialAction\":[{\"@type\":\"ReadAction\",\"target\":[\"https:\/\/www.bagnoitalia.com\/de\/produkt\/aufgehangtes-badezimmerunterschrank-funf-von-80-cm-und-100-cm-mit-weisem-taubengrauem-meeresspiegel.html\"]}]},{\"@type\":\"ImageObject\",\"inLanguage\":\"de\",\"@id\":\"https:\/\/www.bagnoitalia.com\/de\/produkt\/aufgehangtes-badezimmerunterschrank-funf-von-80-cm-und-100-cm-mit-weisem-taubengrauem-meeresspiegel.html#primaryimage\",\"url\":\"https:\/\/img.bagnoitalia.com\/wp-content\/uploads\/virtuemart\/product\/Wall-hung-bathroom-vanity-Five-1_1542212522_322.jpg\",\"contentUrl\":\"https:\/\/img.bagnoitalia.com\/wp-content\/uploads\/virtuemart\/product\/Wall-hung-bathroom-vanity-Five-1_1542212522_322.jpg\",\"width\":500,\"height\":500},{\"@type\":\"BreadcrumbList\",\"@id\":\"https:\/\/www.bagnoitalia.com\/de\/produkt\/aufgehangtes-badezimmerunterschrank-funf-von-80-cm-und-100-cm-mit-weisem-taubengrauem-meeresspiegel.html#breadcrumb\",\"itemListElement\":[{\"@type\":\"ListItem\",\"position\":1,\"name\":\"Home\",\"item\":\"https:\/\/www.bagnoitalia.com\/de\"},{\"@type\":\"ListItem\",\"position\":2,\"name\":\"Produkte\",\"item\":\"https:\/\/www.bagnoitalia.com\/de\/shop\"},{\"@type\":\"ListItem\",\"position\":3,\"name\":\"Five Bad-H\u00e4ngeschrank, 80 oder 100cm, in wei\u00df, taubengrau oder ozeanblau, mit Spiegel\"}]},{\"@type\":\"WebSite\",\"@id\":\"https:\/\/www.bagnoitalia.com\/de#website\",\"url\":\"https:\/\/www.bagnoitalia.com\/de\",\"name\":\"Bagno Italia\",\"description\":\"\",\"publisher\":{\"@id\":\"https:\/\/www.bagnoitalia.com\/de#organization\"},\"potentialAction\":[{\"@type\":\"SearchAction\",\"target\":{\"@type\":\"EntryPoint\",\"urlTemplate\":\"https:\/\/www.bagnoitalia.com\/de?s={search_term_string}\"},\"query-input\":{\"@type\":\"PropertyValueSpecification\",\"valueRequired\":true,\"valueName\":\"search_term_string\"}}],\"inLanguage\":\"de\"},{\"@type\":\"Organization\",\"@id\":\"https:\/\/www.bagnoitalia.com\/de#organization\",\"name\":\"Bagno Italia\",\"url\":\"https:\/\/www.bagnoitalia.com\/de\",\"logo\":{\"@type\":\"ImageObject\",\"inLanguage\":\"de\",\"@id\":\"https:\/\/www.bagnoitalia.com\/de#\/schema\/logo\/image\/\",\"url\":\"https:\/\/img.bagnoitalia.com\/wp-content\/uploads\/logo-bagnoitalia.webp\",\"contentUrl\":\"https:\/\/img.bagnoitalia.com\/wp-content\/uploads\/logo-bagnoitalia.webp\",\"width\":400,\"height\":70,\"caption\":\"Bagno Italia\"},\"image\":{\"@id\":\"https:\/\/www.bagnoitalia.com\/de#\/schema\/logo\/image\/\"}}]}<\/script>\n<!-- \/ Yoast SEO plugin. -->","yoast_head_json":{"title":"F\u00fcnf Badm\u00f6bel 80 cm und 100 cm aufgeh\u00e4ngt mit Spiegelverschluss in wei\u00dfem Ozean und Taubengrau","description":"moderne h\u00e4ngende badm\u00f6bel 80xH41x46cm oder 100xH41x46cm mit harz-waschbecken komplett mit spiegel mit t\u00fcr und schublade mit d\u00e4mpfung","robots":{"index":"index","follow":"follow","max-snippet":"max-snippet:-1","max-image-preview":"max-image-preview:large","max-video-preview":"max-video-preview:-1"},"canonical":"https:\/\/www.bagnoitalia.com\/de\/produkt\/aufgehangtes-badezimmerunterschrank-funf-von-80-cm-und-100-cm-mit-weisem-taubengrauem-meeresspiegel.html","og_locale":"de_DE","og_type":"article","og_title":"F\u00fcnf Badm\u00f6bel 80 cm und 100 cm aufgeh\u00e4ngt mit Spiegelverschluss in wei\u00dfem Ozean und Taubengrau","og_description":"moderne h\u00e4ngende badm\u00f6bel 80xH41x46cm oder 100xH41x46cm mit harz-waschbecken komplett mit spiegel mit t\u00fcr und schublade mit d\u00e4mpfung","og_url":"https:\/\/www.bagnoitalia.com\/de\/produkt\/aufgehangtes-badezimmerunterschrank-funf-von-80-cm-und-100-cm-mit-weisem-taubengrauem-meeresspiegel.html","og_site_name":"Bagno Italia","article_modified_time":"2026-02-03T15:49:55+00:00","og_image":[{"width":500,"height":500,"url":"https:\/\/img.bagnoitalia.com\/wp-content\/uploads\/virtuemart\/product\/Wall-hung-bathroom-vanity-Five-1_1542212522_322.jpg","type":"image\/jpeg"}],"twitter_card":"summary_large_image","twitter_misc":{"Gesch\u00e4tzte Lesezeit":"1\u00a0Minute"},"schema":{"@context":"https:\/\/schema.org","@graph":[{"@type":"WebPage","@id":"https:\/\/www.bagnoitalia.com\/de\/produkt\/aufgehangtes-badezimmerunterschrank-funf-von-80-cm-und-100-cm-mit-weisem-taubengrauem-meeresspiegel.html","url":"https:\/\/www.bagnoitalia.com\/de\/produkt\/aufgehangtes-badezimmerunterschrank-funf-von-80-cm-und-100-cm-mit-weisem-taubengrauem-meeresspiegel.html","name":"F\u00fcnf Badm\u00f6bel 80 cm und 100 cm aufgeh\u00e4ngt mit Spiegelverschluss in wei\u00dfem Ozean und Taubengrau","isPartOf":{"@id":"https:\/\/www.bagnoitalia.com\/de#website"},"primaryImageOfPage":{"@id":"https:\/\/www.bagnoitalia.com\/de\/produkt\/aufgehangtes-badezimmerunterschrank-funf-von-80-cm-und-100-cm-mit-weisem-taubengrauem-meeresspiegel.html#primaryimage"},"image":{"@id":"https:\/\/www.bagnoitalia.com\/de\/produkt\/aufgehangtes-badezimmerunterschrank-funf-von-80-cm-und-100-cm-mit-weisem-taubengrauem-meeresspiegel.html#primaryimage"},"thumbnailUrl":"https:\/\/img.bagnoitalia.com\/wp-content\/uploads\/virtuemart\/product\/Wall-hung-bathroom-vanity-Five-1_1542212522_322.jpg","datePublished":"2017-05-24T11:32:39+00:00","dateModified":"2026-02-03T15:49:55+00:00","description":"moderne h\u00e4ngende badm\u00f6bel 80xH41x46cm oder 100xH41x46cm mit harz-waschbecken komplett mit spiegel mit t\u00fcr und schublade mit d\u00e4mpfung","breadcrumb":{"@id":"https:\/\/www.bagnoitalia.com\/de\/produkt\/aufgehangtes-badezimmerunterschrank-funf-von-80-cm-und-100-cm-mit-weisem-taubengrauem-meeresspiegel.html#breadcrumb"},"inLanguage":"de","potentialAction":[{"@type":"ReadAction","target":["https:\/\/www.bagnoitalia.com\/de\/produkt\/aufgehangtes-badezimmerunterschrank-funf-von-80-cm-und-100-cm-mit-weisem-taubengrauem-meeresspiegel.html"]}]},{"@type":"ImageObject","inLanguage":"de","@id":"https:\/\/www.bagnoitalia.com\/de\/produkt\/aufgehangtes-badezimmerunterschrank-funf-von-80-cm-und-100-cm-mit-weisem-taubengrauem-meeresspiegel.html#primaryimage","url":"https:\/\/img.bagnoitalia.com\/wp-content\/uploads\/virtuemart\/product\/Wall-hung-bathroom-vanity-Five-1_1542212522_322.jpg","contentUrl":"https:\/\/img.bagnoitalia.com\/wp-content\/uploads\/virtuemart\/product\/Wall-hung-bathroom-vanity-Five-1_1542212522_322.jpg","width":500,"height":500},{"@type":"BreadcrumbList","@id":"https:\/\/www.bagnoitalia.com\/de\/produkt\/aufgehangtes-badezimmerunterschrank-funf-von-80-cm-und-100-cm-mit-weisem-taubengrauem-meeresspiegel.html#breadcrumb","itemListElement":[{"@type":"ListItem","position":1,"name":"Home","item":"https:\/\/www.bagnoitalia.com\/de"},{"@type":"ListItem","position":2,"name":"Produkte","item":"https:\/\/www.bagnoitalia.com\/de\/shop"},{"@type":"ListItem","position":3,"name":"Five Bad-H\u00e4ngeschrank, 80 oder 100cm, in wei\u00df, taubengrau oder ozeanblau, mit Spiegel"}]},{"@type":"WebSite","@id":"https:\/\/www.bagnoitalia.com\/de#website","url":"https:\/\/www.bagnoitalia.com\/de","name":"Bagno Italia","description":"","publisher":{"@id":"https:\/\/www.bagnoitalia.com\/de#organization"},"potentialAction":[{"@type":"SearchAction","target":{"@type":"EntryPoint","urlTemplate":"https:\/\/www.bagnoitalia.com\/de?s={search_term_string}"},"query-input":{"@type":"PropertyValueSpecification","valueRequired":true,"valueName":"search_term_string"}}],"inLanguage":"de"},{"@type":"Organization","@id":"https:\/\/www.bagnoitalia.com\/de#organization","name":"Bagno Italia","url":"https:\/\/www.bagnoitalia.com\/de","logo":{"@type":"ImageObject","inLanguage":"de","@id":"https:\/\/www.bagnoitalia.com\/de#\/schema\/logo\/image\/","url":"https:\/\/img.bagnoitalia.com\/wp-content\/uploads\/logo-bagnoitalia.webp","contentUrl":"https:\/\/img.bagnoitalia.com\/wp-content\/uploads\/logo-bagnoitalia.webp","width":400,"height":70,"caption":"Bagno Italia"},"image":{"@id":"https:\/\/www.bagnoitalia.com\/de#\/schema\/logo\/image\/"}}]}},"_links":{"self":[{"href":"https:\/\/www.bagnoitalia.com\/de\/wp-json\/wp\/v2\/product\/80591","targetHints":{"allow":["GET"]}}],"collection":[{"href":"https:\/\/www.bagnoitalia.com\/de\/wp-json\/wp\/v2\/product"}],"about":[{"href":"https:\/\/www.bagnoitalia.com\/de\/wp-json\/wp\/v2\/types\/product"}],"replies":[{"embeddable":true,"href":"https:\/\/www.bagnoitalia.com\/de\/wp-json\/wp\/v2\/comments?post=80591"}],"version-history":[{"count":1,"href":"https:\/\/www.bagnoitalia.com\/de\/wp-json\/wp\/v2\/product\/80591\/revisions"}],"predecessor-version":[{"id":90380,"href":"https:\/\/www.bagnoitalia.com\/de\/wp-json\/wp\/v2\/product\/80591\/revisions\/90380"}],"wp:featuredmedia":[{"embeddable":true,"href":"https:\/\/www.bagnoitalia.com\/de\/wp-json\/wp\/v2\/media\/36227"}],"wp:attachment":[{"href":"https:\/\/www.bagnoitalia.com\/de\/wp-json\/wp\/v2\/media?parent=80591"}],"wp:term":[{"taxonomy":"product_brand","embeddable":true,"href":"https:\/\/www.bagnoitalia.com\/de\/wp-json\/wp\/v2\/product_brand?post=80591"},{"taxonomy":"product_cat","embeddable":true,"href":"https:\/\/www.bagnoitalia.com\/de\/wp-json\/wp\/v2\/product_cat?post=80591"},{"taxonomy":"product_tag","embeddable":true,"href":"https:\/\/www.bagnoitalia.com\/de\/wp-json\/wp\/v2\/product_tag?post=80591"}],"curies":[{"name":"wp","href":"https:\/\/api.w.org\/{rel}","templated":true}]}}