{"id":80503,"date":"2017-03-16T15:23:43","date_gmt":"2017-03-16T14:23:43","guid":{"rendered":"https:\/\/www.bagnoitalia.com\/product\/gartenmobel-elodie-rockt-einzel-und-halbbett-eisenstruktur"},"modified":"2024-05-10T23:50:08","modified_gmt":"2024-05-10T21:50:08","slug":"gartenmobel-elodie-rockt-einzel-und-halbbett-eisenstruktur","status":"publish","type":"product","link":"https:\/\/www.bagnoitalia.com\/de\/produkt\/gartenmobel-elodie-rockt-einzel-und-halbbett-eisenstruktur.html","title":{"rendered":"Elodie Schaukelbett mit Gestell aus Eisen"},"content":{"rendered":"<p style=\"margin-bottom: 0cm;\"><span style=\"font-size: 10pt;\">Dieses Outdoor-Accessoire mit klassischen und eleganten Linien, ideal, um Ihrem Garten einen Hauch von Stil zu verleihen. Es gibt kein zeitloses Schaukel-Accessoire mehr, das Sie in Ihrem Au\u00dfenbereich nicht verpassen d\u00fcrfen.<\/span><\/p>\n<p>Schaukelndes 3-Sitzer-Bett mit schnell ausklappbarer Stahlstruktur aus Metallrohr mit Durchm. 38 mm Anthrazit lackiert.<\/p>\n<p>Sitzfl\u00e4che, R\u00fcckenlehne und Baldachin bestehen aus 180 g Polyester. Ecru &#8217;nat\u00fcrliche Farbe.<\/p>\n<p>&nbsp;<\/p>\n<p style=\"margin-bottom: 0cm;\"><strong><span style=\"font-size: 12pt;\">EIGENSCHAFTEN:<\/span><\/strong><\/p>\n<p>&nbsp;<\/p>\n<ul>\n<li style=\"margin-bottom: 0cm;\"><span style=\"font-size: 10pt;\">METALLROHRSTRUKTUR, 60mm DURCHMESSER DES ROHRS<\/span><\/li>\n<li>Gr\u00f6\u00dfe: 190x170x110cm<\/li>\n<li style=\"margin-bottom: 0cm;\"><span style=\"font-size: 10pt;\">STAHLRAHMEN: 38mm<\/span><\/li>\n<li style=\"margin-bottom: 0cm;\"><span style=\"font-size: 10pt;\">ganzj\u00e4hrig nutzbar, da wetterresistent<\/span><\/li>\n<li style=\"margin-bottom: 0cm;\"><span style=\"font-size: 10pt;\">Leicht zu waschen<\/span><\/li>\n<li style=\"margin-bottom: 0cm;\"><span style=\"font-size: 10pt;\">Resistent gegen Meerwasser<\/span><\/li>\n<li style=\"margin-bottom: 0cm;\"><span style=\"font-size: 10pt;\">Schutz vor UV-Strahlen und Verf\u00e4rbung<\/span><\/li>\n<\/ul>\n","protected":false},"excerpt":{"rendered":"<p>Schaukelbett mit 3-Sitzer-M\u00f6glichkeit. Sonnenschirm und Sitzkissen enthalten. Gestell aus Eisen<\/p>\n","protected":false},"featured_media":35554,"comment_status":"open","ping_status":"closed","template":"","meta":[],"product_brand":[5021],"product_cat":[10013,9784],"product_tag":[],"class_list":{"0":"post-80503","1":"product","2":"type-product","3":"status-publish","4":"has-post-thumbnail","6":"product_brand-predator-arredo-casa","7":"product_cat-outdoor-sofas-de","8":"product_cat-gartenmobel","10":"first","11":"instock","12":"sale","13":"taxable","14":"shipping-taxable","15":"purchasable","16":"product-type-simple"},"exclude_global_add_ons":[],"addons":[],"yoast_head":"<!-- This site is optimized with the Yoast SEO plugin v26.7 - https:\/\/yoast.com\/wordpress\/plugins\/seo\/ -->\n<title>Elodie Gartenm\u00f6bel mit Struktur aus ecr\u00f9 farbigem Metall und dickem Cusini<\/title>\n<meta name=\"description\" content=\"Schaukeln Sie drei Pl\u00e4tze im Freien mit klassischen und eleganten Linien, die Ihrem Garten einen Hauch von Stil verleihen. Es hat eine schnell ausl\u00f6sende Struktur in Metallrohrdurchmesser. 38 mm Anthrazit lackiert. Sitzfl\u00e4che, R\u00fcckenlehne und Baldachin bestehen aus 180 g Polyester. Ecru &#039;nat\u00fcrliche Farbe.\" \/>\n<meta name=\"robots\" content=\"index, follow, max-snippet:-1, max-image-preview:large, max-video-preview:-1\" \/>\n<link rel=\"canonical\" href=\"https:\/\/www.bagnoitalia.com\/de\/produkt\/gartenmobel-elodie-rockt-einzel-und-halbbett-eisenstruktur.html\" \/>\n<meta property=\"og:locale\" content=\"de_DE\" \/>\n<meta property=\"og:type\" content=\"article\" \/>\n<meta property=\"og:title\" content=\"Elodie Gartenm\u00f6bel mit Struktur aus ecr\u00f9 farbigem Metall und dickem Cusini\" \/>\n<meta property=\"og:description\" content=\"Schaukeln Sie drei Pl\u00e4tze im Freien mit klassischen und eleganten Linien, die Ihrem Garten einen Hauch von Stil verleihen. Es hat eine schnell ausl\u00f6sende Struktur in Metallrohrdurchmesser. 38 mm Anthrazit lackiert. Sitzfl\u00e4che, R\u00fcckenlehne und Baldachin bestehen aus 180 g Polyester. Ecru &#039;nat\u00fcrliche Farbe.\" \/>\n<meta property=\"og:url\" content=\"https:\/\/www.bagnoitalia.com\/de\/produkt\/gartenmobel-elodie-rockt-einzel-und-halbbett-eisenstruktur.html\" \/>\n<meta property=\"og:site_name\" content=\"Bagno Italia\" \/>\n<meta property=\"article:modified_time\" content=\"2024-05-10T21:50:08+00:00\" \/>\n<meta property=\"og:image\" content=\"https:\/\/img.bagnoitalia.com\/wp-content\/uploads\/virtuemart\/product\/Outdoor-queen-size-rocking-bed-iron-frame-Elodie-model-1_1541164535_651.jpg\" \/>\n\t<meta property=\"og:image:width\" content=\"200\" \/>\n\t<meta property=\"og:image:height\" content=\"200\" \/>\n\t<meta property=\"og:image:type\" content=\"image\/jpeg\" \/>\n<meta name=\"twitter:card\" content=\"summary_large_image\" \/>\n<script type=\"application\/ld+json\" class=\"yoast-schema-graph\">{\"@context\":\"https:\/\/schema.org\",\"@graph\":[{\"@type\":\"WebPage\",\"@id\":\"https:\/\/www.bagnoitalia.com\/de\/produkt\/gartenmobel-elodie-rockt-einzel-und-halbbett-eisenstruktur.html\",\"url\":\"https:\/\/www.bagnoitalia.com\/de\/produkt\/gartenmobel-elodie-rockt-einzel-und-halbbett-eisenstruktur.html\",\"name\":\"Elodie Gartenm\u00f6bel mit Struktur aus ecr\u00f9 farbigem Metall und dickem Cusini\",\"isPartOf\":{\"@id\":\"https:\/\/www.bagnoitalia.com\/de#website\"},\"primaryImageOfPage\":{\"@id\":\"https:\/\/www.bagnoitalia.com\/de\/produkt\/gartenmobel-elodie-rockt-einzel-und-halbbett-eisenstruktur.html#primaryimage\"},\"image\":{\"@id\":\"https:\/\/www.bagnoitalia.com\/de\/produkt\/gartenmobel-elodie-rockt-einzel-und-halbbett-eisenstruktur.html#primaryimage\"},\"thumbnailUrl\":\"https:\/\/img.bagnoitalia.com\/wp-content\/uploads\/virtuemart\/product\/Outdoor-queen-size-rocking-bed-iron-frame-Elodie-model-1_1541164535_651.jpg\",\"datePublished\":\"2017-03-16T14:23:43+00:00\",\"dateModified\":\"2024-05-10T21:50:08+00:00\",\"description\":\"Schaukeln Sie drei Pl\u00e4tze im Freien mit klassischen und eleganten Linien, die Ihrem Garten einen Hauch von Stil verleihen. Es hat eine schnell ausl\u00f6sende Struktur in Metallrohrdurchmesser. 38 mm Anthrazit lackiert. Sitzfl\u00e4che, R\u00fcckenlehne und Baldachin bestehen aus 180 g Polyester. Ecru &#39;nat\u00fcrliche Farbe.\",\"breadcrumb\":{\"@id\":\"https:\/\/www.bagnoitalia.com\/de\/produkt\/gartenmobel-elodie-rockt-einzel-und-halbbett-eisenstruktur.html#breadcrumb\"},\"inLanguage\":\"de\",\"potentialAction\":[{\"@type\":\"ReadAction\",\"target\":[\"https:\/\/www.bagnoitalia.com\/de\/produkt\/gartenmobel-elodie-rockt-einzel-und-halbbett-eisenstruktur.html\"]}]},{\"@type\":\"ImageObject\",\"inLanguage\":\"de\",\"@id\":\"https:\/\/www.bagnoitalia.com\/de\/produkt\/gartenmobel-elodie-rockt-einzel-und-halbbett-eisenstruktur.html#primaryimage\",\"url\":\"https:\/\/img.bagnoitalia.com\/wp-content\/uploads\/virtuemart\/product\/Outdoor-queen-size-rocking-bed-iron-frame-Elodie-model-1_1541164535_651.jpg\",\"contentUrl\":\"https:\/\/img.bagnoitalia.com\/wp-content\/uploads\/virtuemart\/product\/Outdoor-queen-size-rocking-bed-iron-frame-Elodie-model-1_1541164535_651.jpg\",\"width\":200,\"height\":200},{\"@type\":\"BreadcrumbList\",\"@id\":\"https:\/\/www.bagnoitalia.com\/de\/produkt\/gartenmobel-elodie-rockt-einzel-und-halbbett-eisenstruktur.html#breadcrumb\",\"itemListElement\":[{\"@type\":\"ListItem\",\"position\":1,\"name\":\"Home\",\"item\":\"https:\/\/www.bagnoitalia.com\/de\"},{\"@type\":\"ListItem\",\"position\":2,\"name\":\"Produkte\",\"item\":\"https:\/\/www.bagnoitalia.com\/de\/shop\"},{\"@type\":\"ListItem\",\"position\":3,\"name\":\"Elodie Schaukelbett mit Gestell aus Eisen\"}]},{\"@type\":\"WebSite\",\"@id\":\"https:\/\/www.bagnoitalia.com\/de#website\",\"url\":\"https:\/\/www.bagnoitalia.com\/de\",\"name\":\"Bagno Italia\",\"description\":\"\",\"publisher\":{\"@id\":\"https:\/\/www.bagnoitalia.com\/de#organization\"},\"potentialAction\":[{\"@type\":\"SearchAction\",\"target\":{\"@type\":\"EntryPoint\",\"urlTemplate\":\"https:\/\/www.bagnoitalia.com\/de?s={search_term_string}\"},\"query-input\":{\"@type\":\"PropertyValueSpecification\",\"valueRequired\":true,\"valueName\":\"search_term_string\"}}],\"inLanguage\":\"de\"},{\"@type\":\"Organization\",\"@id\":\"https:\/\/www.bagnoitalia.com\/de#organization\",\"name\":\"Bagno Italia\",\"url\":\"https:\/\/www.bagnoitalia.com\/de\",\"logo\":{\"@type\":\"ImageObject\",\"inLanguage\":\"de\",\"@id\":\"https:\/\/www.bagnoitalia.com\/de#\/schema\/logo\/image\/\",\"url\":\"https:\/\/img.bagnoitalia.com\/wp-content\/uploads\/logo-bagnoitalia.webp\",\"contentUrl\":\"https:\/\/img.bagnoitalia.com\/wp-content\/uploads\/logo-bagnoitalia.webp\",\"width\":400,\"height\":70,\"caption\":\"Bagno Italia\"},\"image\":{\"@id\":\"https:\/\/www.bagnoitalia.com\/de#\/schema\/logo\/image\/\"}}]}<\/script>\n<!-- \/ Yoast SEO plugin. -->","yoast_head_json":{"title":"Elodie Gartenm\u00f6bel mit Struktur aus ecr\u00f9 farbigem Metall und dickem Cusini","description":"Schaukeln Sie drei Pl\u00e4tze im Freien mit klassischen und eleganten Linien, die Ihrem Garten einen Hauch von Stil verleihen. Es hat eine schnell ausl\u00f6sende Struktur in Metallrohrdurchmesser. 38 mm Anthrazit lackiert. Sitzfl\u00e4che, R\u00fcckenlehne und Baldachin bestehen aus 180 g Polyester. Ecru &#39;nat\u00fcrliche Farbe.","robots":{"index":"index","follow":"follow","max-snippet":"max-snippet:-1","max-image-preview":"max-image-preview:large","max-video-preview":"max-video-preview:-1"},"canonical":"https:\/\/www.bagnoitalia.com\/de\/produkt\/gartenmobel-elodie-rockt-einzel-und-halbbett-eisenstruktur.html","og_locale":"de_DE","og_type":"article","og_title":"Elodie Gartenm\u00f6bel mit Struktur aus ecr\u00f9 farbigem Metall und dickem Cusini","og_description":"Schaukeln Sie drei Pl\u00e4tze im Freien mit klassischen und eleganten Linien, die Ihrem Garten einen Hauch von Stil verleihen. Es hat eine schnell ausl\u00f6sende Struktur in Metallrohrdurchmesser. 38 mm Anthrazit lackiert. Sitzfl\u00e4che, R\u00fcckenlehne und Baldachin bestehen aus 180 g Polyester. Ecru &#39;nat\u00fcrliche Farbe.","og_url":"https:\/\/www.bagnoitalia.com\/de\/produkt\/gartenmobel-elodie-rockt-einzel-und-halbbett-eisenstruktur.html","og_site_name":"Bagno Italia","article_modified_time":"2024-05-10T21:50:08+00:00","og_image":[{"width":200,"height":200,"url":"https:\/\/img.bagnoitalia.com\/wp-content\/uploads\/virtuemart\/product\/Outdoor-queen-size-rocking-bed-iron-frame-Elodie-model-1_1541164535_651.jpg","type":"image\/jpeg"}],"twitter_card":"summary_large_image","schema":{"@context":"https:\/\/schema.org","@graph":[{"@type":"WebPage","@id":"https:\/\/www.bagnoitalia.com\/de\/produkt\/gartenmobel-elodie-rockt-einzel-und-halbbett-eisenstruktur.html","url":"https:\/\/www.bagnoitalia.com\/de\/produkt\/gartenmobel-elodie-rockt-einzel-und-halbbett-eisenstruktur.html","name":"Elodie Gartenm\u00f6bel mit Struktur aus ecr\u00f9 farbigem Metall und dickem Cusini","isPartOf":{"@id":"https:\/\/www.bagnoitalia.com\/de#website"},"primaryImageOfPage":{"@id":"https:\/\/www.bagnoitalia.com\/de\/produkt\/gartenmobel-elodie-rockt-einzel-und-halbbett-eisenstruktur.html#primaryimage"},"image":{"@id":"https:\/\/www.bagnoitalia.com\/de\/produkt\/gartenmobel-elodie-rockt-einzel-und-halbbett-eisenstruktur.html#primaryimage"},"thumbnailUrl":"https:\/\/img.bagnoitalia.com\/wp-content\/uploads\/virtuemart\/product\/Outdoor-queen-size-rocking-bed-iron-frame-Elodie-model-1_1541164535_651.jpg","datePublished":"2017-03-16T14:23:43+00:00","dateModified":"2024-05-10T21:50:08+00:00","description":"Schaukeln Sie drei Pl\u00e4tze im Freien mit klassischen und eleganten Linien, die Ihrem Garten einen Hauch von Stil verleihen. Es hat eine schnell ausl\u00f6sende Struktur in Metallrohrdurchmesser. 38 mm Anthrazit lackiert. Sitzfl\u00e4che, R\u00fcckenlehne und Baldachin bestehen aus 180 g Polyester. Ecru &#39;nat\u00fcrliche Farbe.","breadcrumb":{"@id":"https:\/\/www.bagnoitalia.com\/de\/produkt\/gartenmobel-elodie-rockt-einzel-und-halbbett-eisenstruktur.html#breadcrumb"},"inLanguage":"de","potentialAction":[{"@type":"ReadAction","target":["https:\/\/www.bagnoitalia.com\/de\/produkt\/gartenmobel-elodie-rockt-einzel-und-halbbett-eisenstruktur.html"]}]},{"@type":"ImageObject","inLanguage":"de","@id":"https:\/\/www.bagnoitalia.com\/de\/produkt\/gartenmobel-elodie-rockt-einzel-und-halbbett-eisenstruktur.html#primaryimage","url":"https:\/\/img.bagnoitalia.com\/wp-content\/uploads\/virtuemart\/product\/Outdoor-queen-size-rocking-bed-iron-frame-Elodie-model-1_1541164535_651.jpg","contentUrl":"https:\/\/img.bagnoitalia.com\/wp-content\/uploads\/virtuemart\/product\/Outdoor-queen-size-rocking-bed-iron-frame-Elodie-model-1_1541164535_651.jpg","width":200,"height":200},{"@type":"BreadcrumbList","@id":"https:\/\/www.bagnoitalia.com\/de\/produkt\/gartenmobel-elodie-rockt-einzel-und-halbbett-eisenstruktur.html#breadcrumb","itemListElement":[{"@type":"ListItem","position":1,"name":"Home","item":"https:\/\/www.bagnoitalia.com\/de"},{"@type":"ListItem","position":2,"name":"Produkte","item":"https:\/\/www.bagnoitalia.com\/de\/shop"},{"@type":"ListItem","position":3,"name":"Elodie Schaukelbett mit Gestell aus Eisen"}]},{"@type":"WebSite","@id":"https:\/\/www.bagnoitalia.com\/de#website","url":"https:\/\/www.bagnoitalia.com\/de","name":"Bagno Italia","description":"","publisher":{"@id":"https:\/\/www.bagnoitalia.com\/de#organization"},"potentialAction":[{"@type":"SearchAction","target":{"@type":"EntryPoint","urlTemplate":"https:\/\/www.bagnoitalia.com\/de?s={search_term_string}"},"query-input":{"@type":"PropertyValueSpecification","valueRequired":true,"valueName":"search_term_string"}}],"inLanguage":"de"},{"@type":"Organization","@id":"https:\/\/www.bagnoitalia.com\/de#organization","name":"Bagno Italia","url":"https:\/\/www.bagnoitalia.com\/de","logo":{"@type":"ImageObject","inLanguage":"de","@id":"https:\/\/www.bagnoitalia.com\/de#\/schema\/logo\/image\/","url":"https:\/\/img.bagnoitalia.com\/wp-content\/uploads\/logo-bagnoitalia.webp","contentUrl":"https:\/\/img.bagnoitalia.com\/wp-content\/uploads\/logo-bagnoitalia.webp","width":400,"height":70,"caption":"Bagno Italia"},"image":{"@id":"https:\/\/www.bagnoitalia.com\/de#\/schema\/logo\/image\/"}}]}},"_links":{"self":[{"href":"https:\/\/www.bagnoitalia.com\/de\/wp-json\/wp\/v2\/product\/80503","targetHints":{"allow":["GET"]}}],"collection":[{"href":"https:\/\/www.bagnoitalia.com\/de\/wp-json\/wp\/v2\/product"}],"about":[{"href":"https:\/\/www.bagnoitalia.com\/de\/wp-json\/wp\/v2\/types\/product"}],"replies":[{"embeddable":true,"href":"https:\/\/www.bagnoitalia.com\/de\/wp-json\/wp\/v2\/comments?post=80503"}],"version-history":[{"count":0,"href":"https:\/\/www.bagnoitalia.com\/de\/wp-json\/wp\/v2\/product\/80503\/revisions"}],"wp:featuredmedia":[{"embeddable":true,"href":"https:\/\/www.bagnoitalia.com\/de\/wp-json\/wp\/v2\/media\/35554"}],"wp:attachment":[{"href":"https:\/\/www.bagnoitalia.com\/de\/wp-json\/wp\/v2\/media?parent=80503"}],"wp:term":[{"taxonomy":"product_brand","embeddable":true,"href":"https:\/\/www.bagnoitalia.com\/de\/wp-json\/wp\/v2\/product_brand?post=80503"},{"taxonomy":"product_cat","embeddable":true,"href":"https:\/\/www.bagnoitalia.com\/de\/wp-json\/wp\/v2\/product_cat?post=80503"},{"taxonomy":"product_tag","embeddable":true,"href":"https:\/\/www.bagnoitalia.com\/de\/wp-json\/wp\/v2\/product_tag?post=80503"}],"curies":[{"name":"wp","href":"https:\/\/api.w.org\/{rel}","templated":true}]}}