{"id":80491,"date":"2017-03-02T10:45:50","date_gmt":"2017-03-02T09:45:50","guid":{"rendered":"https:\/\/www.bagnoitalia.com\/product\/eckduschabtrennung-doppelt-offnendes-balgbuch-h195-transparentes-glas-8mm-box044"},"modified":"2024-05-30T12:14:55","modified_gmt":"2024-05-30T10:14:55","slug":"eckduschabtrennung-doppelt-offnendes-balgbuch-h195-transparentes-glas-8mm-box044","status":"publish","type":"product","link":"https:\/\/www.bagnoitalia.com\/de\/produkt\/eckduschabtrennung-doppelt-offnendes-balgbuch-h195-transparentes-glas-8mm-box044.html","title":{"rendered":"BOX044 Eckdusche, 8mm breites und transparentes Glas, 195cm hoch, mit 2 Faltschiebet\u00fcren"},"content":{"rendered":"<p style=\"margin: 0px 0px 0.5em; line-height: 2; font-style: normal; font-weight: normal; letter-spacing: normal; text-indent: 0px; text-transform: none; white-space: normal; word-spacing: 0px; padding: 0px; color: #888888; font-family: Arial,Helvetica,sans-serif; font-size: 13px; text-align: left; background-color: #ffffff;\"><span style=\"color: #000000; font-size: 12pt;\"><strong style=\"font-weight: bold; font-style: inherit;\"><span style=\"text-decoration: underline;\">BOX044 Eckdusche aus 8mm breitem und transparentem Kristallglas, 195cm hoch<\/span><\/strong><\/span><\/p>\n<p><span style=\"font-size: 12pt; text-decoration: underline;\">Eigenschaften:<\/span><\/p>\n<ul>\n<li><span style=\"font-size: 12pt;\">2 <span style=\"color: #000000;\"><span style=\"color: #000000;\">Faltschiebet\u00fcren<\/span><\/span><\/span><\/li>\n<\/ul>\n<ul>\n<li><span style=\"color: #000000; font-size: 12pt;\"><span style=\"color: #000000;\">Glas: 8mm breites, transparentes und geh\u00e4rtetes Kristallglas<\/span><strong style=\"font-weight: bold; font-style: inherit;\"><br \/>\n<\/strong><\/span><\/li>\n<\/ul>\n<ul>\n<li><span style=\"color: #000000; font-size: 12pt;\">Profil: Aluminium, verchromt<br \/>\n<\/span><\/li>\n<\/ul>\n<ul>\n<li><span style=\"color: #000000; font-size: 12pt;\">Verschluss: magnetisch<br \/>\n<\/span><\/li>\n<\/ul>\n<ul>\n<li><span style=\"font-size: 12pt;\">\u00a0Bearbeitungstoleranz: 2cm (z.B. die 70x90cm Duschkabine kann zu 68x88cm modifiziert werden)<span style=\"color: #000000;\"><br \/>\n<\/span><\/span><\/li>\n<\/ul>\n<ul>\n<li><span style=\"color: #000000; font-size: 12pt;\">Rollen: Stahl<\/span><\/li>\n<\/ul>\n<ul>\n<li><span style=\"color: #000000; font-size: 12pt;\">Griff: Zink, verchromt<\/span><\/li>\n<\/ul>\n<ul>\n<li style=\"margin: 0px 0px 10px; line-height: 2; color: #333333; font-family: ABeeZee,Verdana,sans-serif; font-size: 12px; font-style: normal; font-weight: normal; letter-spacing: normal; text-align: start; text-indent: 0px; text-transform: none; white-space: normal; word-spacing: 0px; background-color: #ffffff;\"><span style=\"color: #000000; font-size: 12pt;\">reversible Duschkabine<br \/>\n<\/span><\/li>\n<li><span style=\"font-size: 12pt;\"><strong><span style=\"color: #000000;\">Wasserfeste Dichtung<\/span><\/strong><\/span><\/li>\n<\/ul>\n<p><span style=\"font-size: 12pt;\">Die Duschplatte ist nicht enthalten<\/span><\/p>\n<p>&nbsp;<\/p>\n","protected":false},"excerpt":{"rendered":"<p>BOX044 Eckdusche aus 8mm breitem und transparentem Kristallglas. 195cm hoch. ie Duschkabine hat 2 Faltschiebet\u00fcren und ist in verschiedenen Gr\u00f6\u00dfen erh\u00e4ltlich.<\/p>\n","protected":false},"featured_media":35418,"comment_status":"open","ping_status":"closed","template":"","meta":[],"product_brand":[5008],"product_cat":[9808,9712],"product_tag":[],"class_list":{"0":"post-80491","1":"product","2":"type-product","3":"status-publish","4":"has-post-thumbnail","6":"product_brand-idrom","7":"product_cat-eckdusche-duschkabine","8":"product_cat-duschkabine","10":"first","11":"instock","12":"sale","13":"taxable","14":"shipping-taxable","15":"purchasable","16":"product-type-simple"},"exclude_global_add_ons":false,"addons":[{"name":"Ma\u00dfe","type":"multiple_choice","position":0,"required":true,"title_format":"heading","default":"","description_enable":false,"description":"","placeholder_enable":false,"placeholder":"","display":"select","restrictions_type":"any_text","adjust_price":false,"price":"","price_type":"flat_fee","restrictions":false,"min":"0","max":"0","options":[{"label":"70x70x195h","price":"","price_type":"quantity_based","image":0,"visibility":true},{"label":"70X80X195H","price":"20","price_type":"quantity_based","image":0,"visibility":true},{"label":"70x90x195h","price":"30","price_type":"quantity_based","image":0,"visibility":true},{"label":"70x100x195h","price":"50","price_type":"quantity_based","image":0,"visibility":true},{"label":"80X80X195H","price":"40","price_type":"quantity_based","image":0,"visibility":true},{"label":"80X90X195H","price":"50","price_type":"quantity_based","image":0,"visibility":true},{"label":"80X100X195H","price":"70","price_type":"quantity_based","image":0,"visibility":true},{"label":"90x90x195h","price":"60","price_type":"quantity_based","image":0,"visibility":true},{"label":"90x100x195h","price":"80","price_type":"quantity_based","image":0,"visibility":true},{"label":"100x100x195h","price":"100","price_type":"quantity_based","image":0,"visibility":true}],"id":1717071296},{"name":"Ausgleichsprofil","type":"multiple_choice","position":1,"required":true,"title_format":"heading","default":"","description_enable":false,"description":"","placeholder_enable":false,"placeholder":"","display":"select","restrictions_type":"any_text","adjust_price":false,"price":"","price_type":"flat_fee","restrictions":false,"min":"0","max":"0","options":[{"label":"KEIN Ausgleichsprofil","price":"","price_type":"quantity_based","image":0,"visibility":true},{"label":"ein Ausgleichsprofil +3cm","price":"36","price_type":"quantity_based","image":0,"visibility":true}],"id":1717071297}],"yoast_head":"<!-- This site is optimized with the Yoast SEO plugin v26.7 - https:\/\/yoast.com\/wordpress\/plugins\/seo\/ -->\n<title>Doppelte Eckduschabtrennung h195 transparentes geh\u00e4rtetes glas 8mm<\/title>\n<meta name=\"description\" content=\"8mm Duschabtrennung aus besonders gro\u00dfem, modernem Stil mit hermetischem Verschluss, mit transparentem geh\u00e4rtetem Glas und doppelter Faltenbalg\u00f6ffnung\" \/>\n<meta name=\"robots\" content=\"index, follow, max-snippet:-1, max-image-preview:large, max-video-preview:-1\" \/>\n<link rel=\"canonical\" href=\"https:\/\/www.bagnoitalia.com\/de\/produkt\/eckduschabtrennung-doppelt-offnendes-balgbuch-h195-transparentes-glas-8mm-box044.html\" \/>\n<meta property=\"og:locale\" content=\"de_DE\" \/>\n<meta property=\"og:type\" content=\"article\" \/>\n<meta property=\"og:title\" content=\"Doppelte Eckduschabtrennung h195 transparentes geh\u00e4rtetes glas 8mm\" \/>\n<meta property=\"og:description\" content=\"8mm Duschabtrennung aus besonders gro\u00dfem, modernem Stil mit hermetischem Verschluss, mit transparentem geh\u00e4rtetem Glas und doppelter Faltenbalg\u00f6ffnung\" \/>\n<meta property=\"og:url\" content=\"https:\/\/www.bagnoitalia.com\/de\/produkt\/eckduschabtrennung-doppelt-offnendes-balgbuch-h195-transparentes-glas-8mm-box044.html\" \/>\n<meta property=\"og:site_name\" content=\"Bagno Italia\" \/>\n<meta property=\"article:modified_time\" content=\"2024-05-30T10:14:55+00:00\" \/>\n<meta property=\"og:image\" content=\"https:\/\/img.bagnoitalia.com\/wp-content\/uploads\/virtuemart\/product\/corner-shower-enclosure-195h-biflod-opening-door-1_1543567393_870.jpg\" \/>\n\t<meta property=\"og:image:width\" content=\"640\" \/>\n\t<meta property=\"og:image:height\" content=\"480\" \/>\n\t<meta property=\"og:image:type\" content=\"image\/jpeg\" \/>\n<meta name=\"twitter:card\" content=\"summary_large_image\" \/>\n<meta name=\"twitter:label1\" content=\"Gesch\u00e4tzte Lesezeit\" \/>\n\t<meta name=\"twitter:data1\" content=\"1\u00a0Minute\" \/>\n<script type=\"application\/ld+json\" class=\"yoast-schema-graph\">{\"@context\":\"https:\/\/schema.org\",\"@graph\":[{\"@type\":\"WebPage\",\"@id\":\"https:\/\/www.bagnoitalia.com\/de\/produkt\/eckduschabtrennung-doppelt-offnendes-balgbuch-h195-transparentes-glas-8mm-box044.html\",\"url\":\"https:\/\/www.bagnoitalia.com\/de\/produkt\/eckduschabtrennung-doppelt-offnendes-balgbuch-h195-transparentes-glas-8mm-box044.html\",\"name\":\"Doppelte Eckduschabtrennung h195 transparentes geh\u00e4rtetes glas 8mm\",\"isPartOf\":{\"@id\":\"https:\/\/www.bagnoitalia.com\/de#website\"},\"primaryImageOfPage\":{\"@id\":\"https:\/\/www.bagnoitalia.com\/de\/produkt\/eckduschabtrennung-doppelt-offnendes-balgbuch-h195-transparentes-glas-8mm-box044.html#primaryimage\"},\"image\":{\"@id\":\"https:\/\/www.bagnoitalia.com\/de\/produkt\/eckduschabtrennung-doppelt-offnendes-balgbuch-h195-transparentes-glas-8mm-box044.html#primaryimage\"},\"thumbnailUrl\":\"https:\/\/img.bagnoitalia.com\/wp-content\/uploads\/virtuemart\/product\/corner-shower-enclosure-195h-biflod-opening-door-1_1543567393_870.jpg\",\"datePublished\":\"2017-03-02T09:45:50+00:00\",\"dateModified\":\"2024-05-30T10:14:55+00:00\",\"description\":\"8mm Duschabtrennung aus besonders gro\u00dfem, modernem Stil mit hermetischem Verschluss, mit transparentem geh\u00e4rtetem Glas und doppelter Faltenbalg\u00f6ffnung\",\"breadcrumb\":{\"@id\":\"https:\/\/www.bagnoitalia.com\/de\/produkt\/eckduschabtrennung-doppelt-offnendes-balgbuch-h195-transparentes-glas-8mm-box044.html#breadcrumb\"},\"inLanguage\":\"de\",\"potentialAction\":[{\"@type\":\"ReadAction\",\"target\":[\"https:\/\/www.bagnoitalia.com\/de\/produkt\/eckduschabtrennung-doppelt-offnendes-balgbuch-h195-transparentes-glas-8mm-box044.html\"]}]},{\"@type\":\"ImageObject\",\"inLanguage\":\"de\",\"@id\":\"https:\/\/www.bagnoitalia.com\/de\/produkt\/eckduschabtrennung-doppelt-offnendes-balgbuch-h195-transparentes-glas-8mm-box044.html#primaryimage\",\"url\":\"https:\/\/img.bagnoitalia.com\/wp-content\/uploads\/virtuemart\/product\/corner-shower-enclosure-195h-biflod-opening-door-1_1543567393_870.jpg\",\"contentUrl\":\"https:\/\/img.bagnoitalia.com\/wp-content\/uploads\/virtuemart\/product\/corner-shower-enclosure-195h-biflod-opening-door-1_1543567393_870.jpg\",\"width\":640,\"height\":480},{\"@type\":\"BreadcrumbList\",\"@id\":\"https:\/\/www.bagnoitalia.com\/de\/produkt\/eckduschabtrennung-doppelt-offnendes-balgbuch-h195-transparentes-glas-8mm-box044.html#breadcrumb\",\"itemListElement\":[{\"@type\":\"ListItem\",\"position\":1,\"name\":\"Home\",\"item\":\"https:\/\/www.bagnoitalia.com\/de\"},{\"@type\":\"ListItem\",\"position\":2,\"name\":\"Produkte\",\"item\":\"https:\/\/www.bagnoitalia.com\/de\/shop\"},{\"@type\":\"ListItem\",\"position\":3,\"name\":\"BOX044 Eckdusche, 8mm breites und transparentes Glas, 195cm hoch, mit 2 Faltschiebet\u00fcren\"}]},{\"@type\":\"WebSite\",\"@id\":\"https:\/\/www.bagnoitalia.com\/de#website\",\"url\":\"https:\/\/www.bagnoitalia.com\/de\",\"name\":\"Bagno Italia\",\"description\":\"\",\"publisher\":{\"@id\":\"https:\/\/www.bagnoitalia.com\/de#organization\"},\"potentialAction\":[{\"@type\":\"SearchAction\",\"target\":{\"@type\":\"EntryPoint\",\"urlTemplate\":\"https:\/\/www.bagnoitalia.com\/de?s={search_term_string}\"},\"query-input\":{\"@type\":\"PropertyValueSpecification\",\"valueRequired\":true,\"valueName\":\"search_term_string\"}}],\"inLanguage\":\"de\"},{\"@type\":\"Organization\",\"@id\":\"https:\/\/www.bagnoitalia.com\/de#organization\",\"name\":\"Bagno Italia\",\"url\":\"https:\/\/www.bagnoitalia.com\/de\",\"logo\":{\"@type\":\"ImageObject\",\"inLanguage\":\"de\",\"@id\":\"https:\/\/www.bagnoitalia.com\/de#\/schema\/logo\/image\/\",\"url\":\"https:\/\/img.bagnoitalia.com\/wp-content\/uploads\/logo-bagnoitalia.webp\",\"contentUrl\":\"https:\/\/img.bagnoitalia.com\/wp-content\/uploads\/logo-bagnoitalia.webp\",\"width\":400,\"height\":70,\"caption\":\"Bagno Italia\"},\"image\":{\"@id\":\"https:\/\/www.bagnoitalia.com\/de#\/schema\/logo\/image\/\"}}]}<\/script>\n<!-- \/ Yoast SEO plugin. -->","yoast_head_json":{"title":"Doppelte Eckduschabtrennung h195 transparentes geh\u00e4rtetes glas 8mm","description":"8mm Duschabtrennung aus besonders gro\u00dfem, modernem Stil mit hermetischem Verschluss, mit transparentem geh\u00e4rtetem Glas und doppelter Faltenbalg\u00f6ffnung","robots":{"index":"index","follow":"follow","max-snippet":"max-snippet:-1","max-image-preview":"max-image-preview:large","max-video-preview":"max-video-preview:-1"},"canonical":"https:\/\/www.bagnoitalia.com\/de\/produkt\/eckduschabtrennung-doppelt-offnendes-balgbuch-h195-transparentes-glas-8mm-box044.html","og_locale":"de_DE","og_type":"article","og_title":"Doppelte Eckduschabtrennung h195 transparentes geh\u00e4rtetes glas 8mm","og_description":"8mm Duschabtrennung aus besonders gro\u00dfem, modernem Stil mit hermetischem Verschluss, mit transparentem geh\u00e4rtetem Glas und doppelter Faltenbalg\u00f6ffnung","og_url":"https:\/\/www.bagnoitalia.com\/de\/produkt\/eckduschabtrennung-doppelt-offnendes-balgbuch-h195-transparentes-glas-8mm-box044.html","og_site_name":"Bagno Italia","article_modified_time":"2024-05-30T10:14:55+00:00","og_image":[{"width":640,"height":480,"url":"https:\/\/img.bagnoitalia.com\/wp-content\/uploads\/virtuemart\/product\/corner-shower-enclosure-195h-biflod-opening-door-1_1543567393_870.jpg","type":"image\/jpeg"}],"twitter_card":"summary_large_image","twitter_misc":{"Gesch\u00e4tzte Lesezeit":"1\u00a0Minute"},"schema":{"@context":"https:\/\/schema.org","@graph":[{"@type":"WebPage","@id":"https:\/\/www.bagnoitalia.com\/de\/produkt\/eckduschabtrennung-doppelt-offnendes-balgbuch-h195-transparentes-glas-8mm-box044.html","url":"https:\/\/www.bagnoitalia.com\/de\/produkt\/eckduschabtrennung-doppelt-offnendes-balgbuch-h195-transparentes-glas-8mm-box044.html","name":"Doppelte Eckduschabtrennung h195 transparentes geh\u00e4rtetes glas 8mm","isPartOf":{"@id":"https:\/\/www.bagnoitalia.com\/de#website"},"primaryImageOfPage":{"@id":"https:\/\/www.bagnoitalia.com\/de\/produkt\/eckduschabtrennung-doppelt-offnendes-balgbuch-h195-transparentes-glas-8mm-box044.html#primaryimage"},"image":{"@id":"https:\/\/www.bagnoitalia.com\/de\/produkt\/eckduschabtrennung-doppelt-offnendes-balgbuch-h195-transparentes-glas-8mm-box044.html#primaryimage"},"thumbnailUrl":"https:\/\/img.bagnoitalia.com\/wp-content\/uploads\/virtuemart\/product\/corner-shower-enclosure-195h-biflod-opening-door-1_1543567393_870.jpg","datePublished":"2017-03-02T09:45:50+00:00","dateModified":"2024-05-30T10:14:55+00:00","description":"8mm Duschabtrennung aus besonders gro\u00dfem, modernem Stil mit hermetischem Verschluss, mit transparentem geh\u00e4rtetem Glas und doppelter Faltenbalg\u00f6ffnung","breadcrumb":{"@id":"https:\/\/www.bagnoitalia.com\/de\/produkt\/eckduschabtrennung-doppelt-offnendes-balgbuch-h195-transparentes-glas-8mm-box044.html#breadcrumb"},"inLanguage":"de","potentialAction":[{"@type":"ReadAction","target":["https:\/\/www.bagnoitalia.com\/de\/produkt\/eckduschabtrennung-doppelt-offnendes-balgbuch-h195-transparentes-glas-8mm-box044.html"]}]},{"@type":"ImageObject","inLanguage":"de","@id":"https:\/\/www.bagnoitalia.com\/de\/produkt\/eckduschabtrennung-doppelt-offnendes-balgbuch-h195-transparentes-glas-8mm-box044.html#primaryimage","url":"https:\/\/img.bagnoitalia.com\/wp-content\/uploads\/virtuemart\/product\/corner-shower-enclosure-195h-biflod-opening-door-1_1543567393_870.jpg","contentUrl":"https:\/\/img.bagnoitalia.com\/wp-content\/uploads\/virtuemart\/product\/corner-shower-enclosure-195h-biflod-opening-door-1_1543567393_870.jpg","width":640,"height":480},{"@type":"BreadcrumbList","@id":"https:\/\/www.bagnoitalia.com\/de\/produkt\/eckduschabtrennung-doppelt-offnendes-balgbuch-h195-transparentes-glas-8mm-box044.html#breadcrumb","itemListElement":[{"@type":"ListItem","position":1,"name":"Home","item":"https:\/\/www.bagnoitalia.com\/de"},{"@type":"ListItem","position":2,"name":"Produkte","item":"https:\/\/www.bagnoitalia.com\/de\/shop"},{"@type":"ListItem","position":3,"name":"BOX044 Eckdusche, 8mm breites und transparentes Glas, 195cm hoch, mit 2 Faltschiebet\u00fcren"}]},{"@type":"WebSite","@id":"https:\/\/www.bagnoitalia.com\/de#website","url":"https:\/\/www.bagnoitalia.com\/de","name":"Bagno Italia","description":"","publisher":{"@id":"https:\/\/www.bagnoitalia.com\/de#organization"},"potentialAction":[{"@type":"SearchAction","target":{"@type":"EntryPoint","urlTemplate":"https:\/\/www.bagnoitalia.com\/de?s={search_term_string}"},"query-input":{"@type":"PropertyValueSpecification","valueRequired":true,"valueName":"search_term_string"}}],"inLanguage":"de"},{"@type":"Organization","@id":"https:\/\/www.bagnoitalia.com\/de#organization","name":"Bagno Italia","url":"https:\/\/www.bagnoitalia.com\/de","logo":{"@type":"ImageObject","inLanguage":"de","@id":"https:\/\/www.bagnoitalia.com\/de#\/schema\/logo\/image\/","url":"https:\/\/img.bagnoitalia.com\/wp-content\/uploads\/logo-bagnoitalia.webp","contentUrl":"https:\/\/img.bagnoitalia.com\/wp-content\/uploads\/logo-bagnoitalia.webp","width":400,"height":70,"caption":"Bagno Italia"},"image":{"@id":"https:\/\/www.bagnoitalia.com\/de#\/schema\/logo\/image\/"}}]}},"_links":{"self":[{"href":"https:\/\/www.bagnoitalia.com\/de\/wp-json\/wp\/v2\/product\/80491","targetHints":{"allow":["GET"]}}],"collection":[{"href":"https:\/\/www.bagnoitalia.com\/de\/wp-json\/wp\/v2\/product"}],"about":[{"href":"https:\/\/www.bagnoitalia.com\/de\/wp-json\/wp\/v2\/types\/product"}],"replies":[{"embeddable":true,"href":"https:\/\/www.bagnoitalia.com\/de\/wp-json\/wp\/v2\/comments?post=80491"}],"version-history":[{"count":1,"href":"https:\/\/www.bagnoitalia.com\/de\/wp-json\/wp\/v2\/product\/80491\/revisions"}],"predecessor-version":[{"id":88989,"href":"https:\/\/www.bagnoitalia.com\/de\/wp-json\/wp\/v2\/product\/80491\/revisions\/88989"}],"wp:featuredmedia":[{"embeddable":true,"href":"https:\/\/www.bagnoitalia.com\/de\/wp-json\/wp\/v2\/media\/35418"}],"wp:attachment":[{"href":"https:\/\/www.bagnoitalia.com\/de\/wp-json\/wp\/v2\/media?parent=80491"}],"wp:term":[{"taxonomy":"product_brand","embeddable":true,"href":"https:\/\/www.bagnoitalia.com\/de\/wp-json\/wp\/v2\/product_brand?post=80491"},{"taxonomy":"product_cat","embeddable":true,"href":"https:\/\/www.bagnoitalia.com\/de\/wp-json\/wp\/v2\/product_cat?post=80491"},{"taxonomy":"product_tag","embeddable":true,"href":"https:\/\/www.bagnoitalia.com\/de\/wp-json\/wp\/v2\/product_tag?post=80491"}],"curies":[{"name":"wp","href":"https:\/\/api.w.org\/{rel}","templated":true}]}}