{"id":80475,"date":"2017-02-15T15:38:24","date_gmt":"2017-02-15T14:38:24","guid":{"rendered":"https:\/\/www.bagnoitalia.com\/product\/ovale-freistehende-badewanne-160x72x75-im-klassischen-stil-mit-verchromten-vs053-fusen"},"modified":"2024-05-24T15:54:26","modified_gmt":"2024-05-24T13:54:26","slug":"ovale-freistehende-badewanne-160x72x75-im-klassischen-stil-mit-verchromten-vs053-fusen","status":"publish","type":"product","link":"https:\/\/www.bagnoitalia.com\/de\/produkt\/ovale-freistehende-badewanne-160x72x75-im-klassischen-stil-mit-verchromten-vs053-fusen.html","title":{"rendered":"VS053 freistehende Badewanne, 160x72x75cm, oval, mit verchromten F\u00fc\u00dfen, klassisches Design"},"content":{"rendered":"<p style=\"margin-bottom: 0cm;\"><span style=\"text-decoration: underline; font-size: 14pt;\"><strong><span style=\"font-size: 12pt;\">VS053 freistehende ovale Badewanne zu 160x72x75<br \/>\n<\/span><\/strong><\/span><\/p>\n<p>&nbsp;<\/p>\n<p style=\"margin-bottom: 0cm;\"><span style=\"text-decoration: underline; font-size: 12pt;\"><strong><span style=\"font-size: 14pt;\">Eigenschaften:<\/span><\/strong><\/span><\/p>\n<ul>\n<li style=\"margin-bottom: 0cm;\"><span style=\"font-size: 12pt;\">Gr\u00f6\u00dfe: 160x72x75cm<\/span><\/li>\n<li style=\"margin-bottom: 0cm;\"><span style=\"font-size: 12pt;\">Material: Sanit\u00e4racryl, fleckenresistent, leicht zu reinigen<\/span><\/li>\n<li style=\"margin-bottom: 0cm;\"><span style=\"font-size: 12pt;\">F\u00fc\u00dfe: Metall, verchromt<\/span><\/li>\n<li style=\"margin-bottom: 0cm;\"><span style=\"font-size: 12pt;\">Abfluss\u00e4ule mit \u00dcberlaufloch: Messing, 50mm<\/span><\/li>\n<li style=\"margin-bottom: 0cm;\"><span style=\"font-size: 12pt;\">Automatisches Ablaufventil und Siphon inklusive<\/span><\/li>\n<li style=\"margin-bottom: 0cm;\"><span style=\"font-size: 12pt;\">Absperrvorrichtung nicht im Preis inbegriffen<\/span><\/li>\n<li style=\"margin-bottom: 0cm;\"><span style=\"font-size: 12pt;\">Struktur-Einzelteile: Glasfasergewebe, verst\u00e4rkt<\/span><\/li>\n<\/ul>\n<p><span style=\"font-size: medium;\">Sie k\u00f6nnen \u00fcber das Men\u00fc einen S\u00e4ulenmischer hinzuf\u00fcgen.<\/span><\/p>\n<p>&nbsp;<\/p>\n<p>&nbsp;<\/p>\n","protected":false},"excerpt":{"rendered":"<p>VS053 Ovale freistehende Badewanne zu 160x72x75cm. Wanne im klassischen Stil mit verchromten F\u00fc\u00dfen. Farbe: wei\u00df gl\u00e4nzend.<\/p>\n","protected":false},"featured_media":35246,"comment_status":"open","ping_status":"closed","template":"","meta":[],"product_brand":[9910],"product_cat":[9840],"product_tag":[],"class_list":{"0":"post-80475","1":"product","2":"type-product","3":"status-publish","4":"has-post-thumbnail","6":"product_brand-puntorelax-de","7":"product_cat-freistehende-badewanne","9":"first","10":"instock","11":"sale","12":"taxable","13":"shipping-taxable","14":"purchasable","15":"product-type-simple"},"exclude_global_add_ons":false,"addons":[{"name":"S\u00e4ulenmischer","type":"multiple_choice","position":0,"required":true,"title_format":"heading","default":"","description_enable":false,"description":"","placeholder_enable":false,"placeholder":"","display":"select","restrictions_type":"any_text","adjust_price":false,"price":"","price_type":"flat_fee","restrictions":false,"min":"0","max":"0","options":[{"label":"NEIN","price":"","price_type":"quantity_based","image":0,"visibility":true},{"label":"Mod. GL03","price":"279","price_type":"quantity_based","image":0,"visibility":true},{"label":"Mod. GL04 - MATTSCHWARZ","price":"319","price_type":"quantity_based","image":0,"visibility":true},{"label":"Mod. GL02","price":"279","price_type":"quantity_based","image":0,"visibility":true},{"label":"Mod. GL016","price":"279","price_type":"quantity_based","image":0,"visibility":true}],"id":1716566067}],"yoast_head":"<!-- This site is optimized with the Yoast SEO plugin v26.7 - https:\/\/yoast.com\/wordpress\/plugins\/seo\/ -->\n<title>Ovale freistehende Badewanne 160x72x75 im klassischen Stil mit verchromten VS053-F\u00fc\u00dfen<\/title>\n<meta name=\"description\" content=\"Ovale freistehende Badewanne im klassischen Stil mit verchromten F\u00fc\u00dfen im Format 160x72x75\" \/>\n<meta name=\"robots\" content=\"index, follow, max-snippet:-1, max-image-preview:large, max-video-preview:-1\" \/>\n<link rel=\"canonical\" href=\"https:\/\/www.bagnoitalia.com\/de\/produkt\/ovale-freistehende-badewanne-160x72x75-im-klassischen-stil-mit-verchromten-vs053-fusen.html\" \/>\n<meta property=\"og:locale\" content=\"de_DE\" \/>\n<meta property=\"og:type\" content=\"article\" \/>\n<meta property=\"og:title\" content=\"Ovale freistehende Badewanne 160x72x75 im klassischen Stil mit verchromten VS053-F\u00fc\u00dfen\" \/>\n<meta property=\"og:description\" content=\"Ovale freistehende Badewanne im klassischen Stil mit verchromten F\u00fc\u00dfen im Format 160x72x75\" \/>\n<meta property=\"og:url\" content=\"https:\/\/www.bagnoitalia.com\/de\/produkt\/ovale-freistehende-badewanne-160x72x75-im-klassischen-stil-mit-verchromten-vs053-fusen.html\" \/>\n<meta property=\"og:site_name\" content=\"Bagno Italia\" \/>\n<meta property=\"article:modified_time\" content=\"2024-05-24T13:54:26+00:00\" \/>\n<meta property=\"og:image\" content=\"https:\/\/img.bagnoitalia.com\/wp-content\/uploads\/virtuemart\/product\/Oval-freestanding-bathtub-with-chrome-feet-Classic-style-160x72x75-84685_1542387246_2779.jpg\" \/>\n\t<meta property=\"og:image:width\" content=\"414\" \/>\n\t<meta property=\"og:image:height\" content=\"413\" \/>\n\t<meta property=\"og:image:type\" content=\"image\/jpeg\" \/>\n<meta name=\"twitter:card\" content=\"summary_large_image\" \/>\n<meta name=\"twitter:label1\" content=\"Gesch\u00e4tzte Lesezeit\" \/>\n\t<meta name=\"twitter:data1\" content=\"1\u00a0Minute\" \/>\n<script type=\"application\/ld+json\" class=\"yoast-schema-graph\">{\"@context\":\"https:\/\/schema.org\",\"@graph\":[{\"@type\":\"WebPage\",\"@id\":\"https:\/\/www.bagnoitalia.com\/de\/produkt\/ovale-freistehende-badewanne-160x72x75-im-klassischen-stil-mit-verchromten-vs053-fusen.html\",\"url\":\"https:\/\/www.bagnoitalia.com\/de\/produkt\/ovale-freistehende-badewanne-160x72x75-im-klassischen-stil-mit-verchromten-vs053-fusen.html\",\"name\":\"Ovale freistehende Badewanne 160x72x75 im klassischen Stil mit verchromten VS053-F\u00fc\u00dfen\",\"isPartOf\":{\"@id\":\"https:\/\/www.bagnoitalia.com\/de#website\"},\"primaryImageOfPage\":{\"@id\":\"https:\/\/www.bagnoitalia.com\/de\/produkt\/ovale-freistehende-badewanne-160x72x75-im-klassischen-stil-mit-verchromten-vs053-fusen.html#primaryimage\"},\"image\":{\"@id\":\"https:\/\/www.bagnoitalia.com\/de\/produkt\/ovale-freistehende-badewanne-160x72x75-im-klassischen-stil-mit-verchromten-vs053-fusen.html#primaryimage\"},\"thumbnailUrl\":\"https:\/\/img.bagnoitalia.com\/wp-content\/uploads\/virtuemart\/product\/Oval-freestanding-bathtub-with-chrome-feet-Classic-style-160x72x75-84685_1542387246_2779.jpg\",\"datePublished\":\"2017-02-15T14:38:24+00:00\",\"dateModified\":\"2024-05-24T13:54:26+00:00\",\"description\":\"Ovale freistehende Badewanne im klassischen Stil mit verchromten F\u00fc\u00dfen im Format 160x72x75\",\"breadcrumb\":{\"@id\":\"https:\/\/www.bagnoitalia.com\/de\/produkt\/ovale-freistehende-badewanne-160x72x75-im-klassischen-stil-mit-verchromten-vs053-fusen.html#breadcrumb\"},\"inLanguage\":\"de\",\"potentialAction\":[{\"@type\":\"ReadAction\",\"target\":[\"https:\/\/www.bagnoitalia.com\/de\/produkt\/ovale-freistehende-badewanne-160x72x75-im-klassischen-stil-mit-verchromten-vs053-fusen.html\"]}]},{\"@type\":\"ImageObject\",\"inLanguage\":\"de\",\"@id\":\"https:\/\/www.bagnoitalia.com\/de\/produkt\/ovale-freistehende-badewanne-160x72x75-im-klassischen-stil-mit-verchromten-vs053-fusen.html#primaryimage\",\"url\":\"https:\/\/img.bagnoitalia.com\/wp-content\/uploads\/virtuemart\/product\/Oval-freestanding-bathtub-with-chrome-feet-Classic-style-160x72x75-84685_1542387246_2779.jpg\",\"contentUrl\":\"https:\/\/img.bagnoitalia.com\/wp-content\/uploads\/virtuemart\/product\/Oval-freestanding-bathtub-with-chrome-feet-Classic-style-160x72x75-84685_1542387246_2779.jpg\",\"width\":414,\"height\":413},{\"@type\":\"BreadcrumbList\",\"@id\":\"https:\/\/www.bagnoitalia.com\/de\/produkt\/ovale-freistehende-badewanne-160x72x75-im-klassischen-stil-mit-verchromten-vs053-fusen.html#breadcrumb\",\"itemListElement\":[{\"@type\":\"ListItem\",\"position\":1,\"name\":\"Home\",\"item\":\"https:\/\/www.bagnoitalia.com\/de\"},{\"@type\":\"ListItem\",\"position\":2,\"name\":\"Produkte\",\"item\":\"https:\/\/www.bagnoitalia.com\/de\/shop\"},{\"@type\":\"ListItem\",\"position\":3,\"name\":\"VS053 freistehende Badewanne, 160x72x75cm, oval, mit verchromten F\u00fc\u00dfen, klassisches Design\"}]},{\"@type\":\"WebSite\",\"@id\":\"https:\/\/www.bagnoitalia.com\/de#website\",\"url\":\"https:\/\/www.bagnoitalia.com\/de\",\"name\":\"Bagno Italia\",\"description\":\"\",\"publisher\":{\"@id\":\"https:\/\/www.bagnoitalia.com\/de#organization\"},\"potentialAction\":[{\"@type\":\"SearchAction\",\"target\":{\"@type\":\"EntryPoint\",\"urlTemplate\":\"https:\/\/www.bagnoitalia.com\/de?s={search_term_string}\"},\"query-input\":{\"@type\":\"PropertyValueSpecification\",\"valueRequired\":true,\"valueName\":\"search_term_string\"}}],\"inLanguage\":\"de\"},{\"@type\":\"Organization\",\"@id\":\"https:\/\/www.bagnoitalia.com\/de#organization\",\"name\":\"Bagno Italia\",\"url\":\"https:\/\/www.bagnoitalia.com\/de\",\"logo\":{\"@type\":\"ImageObject\",\"inLanguage\":\"de\",\"@id\":\"https:\/\/www.bagnoitalia.com\/de#\/schema\/logo\/image\/\",\"url\":\"https:\/\/img.bagnoitalia.com\/wp-content\/uploads\/logo-bagnoitalia.webp\",\"contentUrl\":\"https:\/\/img.bagnoitalia.com\/wp-content\/uploads\/logo-bagnoitalia.webp\",\"width\":400,\"height\":70,\"caption\":\"Bagno Italia\"},\"image\":{\"@id\":\"https:\/\/www.bagnoitalia.com\/de#\/schema\/logo\/image\/\"}}]}<\/script>\n<!-- \/ Yoast SEO plugin. -->","yoast_head_json":{"title":"Ovale freistehende Badewanne 160x72x75 im klassischen Stil mit verchromten VS053-F\u00fc\u00dfen","description":"Ovale freistehende Badewanne im klassischen Stil mit verchromten F\u00fc\u00dfen im Format 160x72x75","robots":{"index":"index","follow":"follow","max-snippet":"max-snippet:-1","max-image-preview":"max-image-preview:large","max-video-preview":"max-video-preview:-1"},"canonical":"https:\/\/www.bagnoitalia.com\/de\/produkt\/ovale-freistehende-badewanne-160x72x75-im-klassischen-stil-mit-verchromten-vs053-fusen.html","og_locale":"de_DE","og_type":"article","og_title":"Ovale freistehende Badewanne 160x72x75 im klassischen Stil mit verchromten VS053-F\u00fc\u00dfen","og_description":"Ovale freistehende Badewanne im klassischen Stil mit verchromten F\u00fc\u00dfen im Format 160x72x75","og_url":"https:\/\/www.bagnoitalia.com\/de\/produkt\/ovale-freistehende-badewanne-160x72x75-im-klassischen-stil-mit-verchromten-vs053-fusen.html","og_site_name":"Bagno Italia","article_modified_time":"2024-05-24T13:54:26+00:00","og_image":[{"width":414,"height":413,"url":"https:\/\/img.bagnoitalia.com\/wp-content\/uploads\/virtuemart\/product\/Oval-freestanding-bathtub-with-chrome-feet-Classic-style-160x72x75-84685_1542387246_2779.jpg","type":"image\/jpeg"}],"twitter_card":"summary_large_image","twitter_misc":{"Gesch\u00e4tzte Lesezeit":"1\u00a0Minute"},"schema":{"@context":"https:\/\/schema.org","@graph":[{"@type":"WebPage","@id":"https:\/\/www.bagnoitalia.com\/de\/produkt\/ovale-freistehende-badewanne-160x72x75-im-klassischen-stil-mit-verchromten-vs053-fusen.html","url":"https:\/\/www.bagnoitalia.com\/de\/produkt\/ovale-freistehende-badewanne-160x72x75-im-klassischen-stil-mit-verchromten-vs053-fusen.html","name":"Ovale freistehende Badewanne 160x72x75 im klassischen Stil mit verchromten VS053-F\u00fc\u00dfen","isPartOf":{"@id":"https:\/\/www.bagnoitalia.com\/de#website"},"primaryImageOfPage":{"@id":"https:\/\/www.bagnoitalia.com\/de\/produkt\/ovale-freistehende-badewanne-160x72x75-im-klassischen-stil-mit-verchromten-vs053-fusen.html#primaryimage"},"image":{"@id":"https:\/\/www.bagnoitalia.com\/de\/produkt\/ovale-freistehende-badewanne-160x72x75-im-klassischen-stil-mit-verchromten-vs053-fusen.html#primaryimage"},"thumbnailUrl":"https:\/\/img.bagnoitalia.com\/wp-content\/uploads\/virtuemart\/product\/Oval-freestanding-bathtub-with-chrome-feet-Classic-style-160x72x75-84685_1542387246_2779.jpg","datePublished":"2017-02-15T14:38:24+00:00","dateModified":"2024-05-24T13:54:26+00:00","description":"Ovale freistehende Badewanne im klassischen Stil mit verchromten F\u00fc\u00dfen im Format 160x72x75","breadcrumb":{"@id":"https:\/\/www.bagnoitalia.com\/de\/produkt\/ovale-freistehende-badewanne-160x72x75-im-klassischen-stil-mit-verchromten-vs053-fusen.html#breadcrumb"},"inLanguage":"de","potentialAction":[{"@type":"ReadAction","target":["https:\/\/www.bagnoitalia.com\/de\/produkt\/ovale-freistehende-badewanne-160x72x75-im-klassischen-stil-mit-verchromten-vs053-fusen.html"]}]},{"@type":"ImageObject","inLanguage":"de","@id":"https:\/\/www.bagnoitalia.com\/de\/produkt\/ovale-freistehende-badewanne-160x72x75-im-klassischen-stil-mit-verchromten-vs053-fusen.html#primaryimage","url":"https:\/\/img.bagnoitalia.com\/wp-content\/uploads\/virtuemart\/product\/Oval-freestanding-bathtub-with-chrome-feet-Classic-style-160x72x75-84685_1542387246_2779.jpg","contentUrl":"https:\/\/img.bagnoitalia.com\/wp-content\/uploads\/virtuemart\/product\/Oval-freestanding-bathtub-with-chrome-feet-Classic-style-160x72x75-84685_1542387246_2779.jpg","width":414,"height":413},{"@type":"BreadcrumbList","@id":"https:\/\/www.bagnoitalia.com\/de\/produkt\/ovale-freistehende-badewanne-160x72x75-im-klassischen-stil-mit-verchromten-vs053-fusen.html#breadcrumb","itemListElement":[{"@type":"ListItem","position":1,"name":"Home","item":"https:\/\/www.bagnoitalia.com\/de"},{"@type":"ListItem","position":2,"name":"Produkte","item":"https:\/\/www.bagnoitalia.com\/de\/shop"},{"@type":"ListItem","position":3,"name":"VS053 freistehende Badewanne, 160x72x75cm, oval, mit verchromten F\u00fc\u00dfen, klassisches Design"}]},{"@type":"WebSite","@id":"https:\/\/www.bagnoitalia.com\/de#website","url":"https:\/\/www.bagnoitalia.com\/de","name":"Bagno Italia","description":"","publisher":{"@id":"https:\/\/www.bagnoitalia.com\/de#organization"},"potentialAction":[{"@type":"SearchAction","target":{"@type":"EntryPoint","urlTemplate":"https:\/\/www.bagnoitalia.com\/de?s={search_term_string}"},"query-input":{"@type":"PropertyValueSpecification","valueRequired":true,"valueName":"search_term_string"}}],"inLanguage":"de"},{"@type":"Organization","@id":"https:\/\/www.bagnoitalia.com\/de#organization","name":"Bagno Italia","url":"https:\/\/www.bagnoitalia.com\/de","logo":{"@type":"ImageObject","inLanguage":"de","@id":"https:\/\/www.bagnoitalia.com\/de#\/schema\/logo\/image\/","url":"https:\/\/img.bagnoitalia.com\/wp-content\/uploads\/logo-bagnoitalia.webp","contentUrl":"https:\/\/img.bagnoitalia.com\/wp-content\/uploads\/logo-bagnoitalia.webp","width":400,"height":70,"caption":"Bagno Italia"},"image":{"@id":"https:\/\/www.bagnoitalia.com\/de#\/schema\/logo\/image\/"}}]}},"_links":{"self":[{"href":"https:\/\/www.bagnoitalia.com\/de\/wp-json\/wp\/v2\/product\/80475","targetHints":{"allow":["GET"]}}],"collection":[{"href":"https:\/\/www.bagnoitalia.com\/de\/wp-json\/wp\/v2\/product"}],"about":[{"href":"https:\/\/www.bagnoitalia.com\/de\/wp-json\/wp\/v2\/types\/product"}],"replies":[{"embeddable":true,"href":"https:\/\/www.bagnoitalia.com\/de\/wp-json\/wp\/v2\/comments?post=80475"}],"version-history":[{"count":1,"href":"https:\/\/www.bagnoitalia.com\/de\/wp-json\/wp\/v2\/product\/80475\/revisions"}],"predecessor-version":[{"id":88262,"href":"https:\/\/www.bagnoitalia.com\/de\/wp-json\/wp\/v2\/product\/80475\/revisions\/88262"}],"wp:featuredmedia":[{"embeddable":true,"href":"https:\/\/www.bagnoitalia.com\/de\/wp-json\/wp\/v2\/media\/35246"}],"wp:attachment":[{"href":"https:\/\/www.bagnoitalia.com\/de\/wp-json\/wp\/v2\/media?parent=80475"}],"wp:term":[{"taxonomy":"product_brand","embeddable":true,"href":"https:\/\/www.bagnoitalia.com\/de\/wp-json\/wp\/v2\/product_brand?post=80475"},{"taxonomy":"product_cat","embeddable":true,"href":"https:\/\/www.bagnoitalia.com\/de\/wp-json\/wp\/v2\/product_cat?post=80475"},{"taxonomy":"product_tag","embeddable":true,"href":"https:\/\/www.bagnoitalia.com\/de\/wp-json\/wp\/v2\/product_tag?post=80475"}],"curies":[{"name":"wp","href":"https:\/\/api.w.org\/{rel}","templated":true}]}}