{"id":80451,"date":"2017-02-02T12:00:51","date_gmt":"2017-02-02T11:00:51","guid":{"rendered":"https:\/\/www.bagnoitalia.com\/product\/elektrischer-relax-giorgia-sessel-mit-zwei-vibromassage-und-heizmotoren"},"modified":"2025-06-20T00:24:07","modified_gmt":"2025-06-19T22:24:07","slug":"elektrischer-relax-giorgia-sessel-mit-zwei-vibromassage-und-heizmotoren","status":"publish","type":"product","link":"https:\/\/www.bagnoitalia.com\/de\/produkt\/elektrischer-relax-giorgia-sessel-mit-zwei-vibromassage-und-heizmotoren.html","title":{"rendered":"Giorgia Entspannungssessel mit Hubfunktion, mit zwei Vibrationsmassagemotoren und Heizung, medizinische Vorrichtung"},"content":{"rendered":"<p><span style=\"text-decoration: underline;\"><strong><span style=\"font-size: 12pt;\">ACHTUNG: DIE SESSEL AUS SCHWARZEM UND BRAUNEM ECO-LEDER NICHT VERF\u00dcGBAR<br \/>\n<\/span><\/strong><\/span><\/p>\n<p>&nbsp;<\/p>\n<p class=\"Standard\"><span style=\"font-size: 10.5pt; font-family: Arial, sans-serif;\">Der <strong>Giorgia<\/strong> Sessel wurde entworfen, um Ihnen maximalen Komfort zu bieten und gleichzeitig die Eleganz und Vielfalt der Modelle und Farben zu respektieren, die das Beste mit jeder Art von M\u00f6beln kombiniert haben.<\/span><\/p>\n<p class=\"Standard\"><span style=\"font-size: 10.5pt; font-family: Arial, sans-serif;\">Um eine entspannende Funktion zu gew\u00e4hrleisten, verf\u00fcgt Giorgia \u00fcber einen integrierten <strong>Vibromassage-<\/strong> Mechanismus, bei dem 8 Motoren in den Schaum getaucht werden, der <span style=\"text-decoration: underline;\">vier Bereiche abdeckt:<\/span><\/span><\/p>\n<ul>\n<li><span style=\"font-size: 10.5pt; font-family: Arial, sans-serif;\">dorsal<\/span><\/li>\n<li><span style=\"font-size: 10.5pt; font-family: Arial, sans-serif;\">Lenden-<\/span><\/li>\n<li><span style=\"font-size: 10.5pt; font-family: Arial, sans-serif;\">Ges\u00e4\u00df<\/span><\/li>\n<li><span style=\"font-size: 10.5pt; font-family: Arial, sans-serif;\">K\u00e4lber<\/span><\/li>\n<\/ul>\n<p class=\"Standard\"><span style=\"font-size: 10.5pt; font-family: Arial, sans-serif;\">Mit der Multifunktionsfernbedienung k\u00f6nnen Sie die Massage durch <span style=\"text-decoration: underline;\">8<\/span> <span style=\"text-decoration: underline;\">voreingestellte<\/span> <span style=\"text-decoration: underline;\">Programme oder durch<\/span> <span style=\"text-decoration: underline;\">manuelle Auswahl<\/span> durch den Benutzer mit <span style=\"text-decoration: underline;\">3 Intensit\u00e4tseinstellungen<\/span> besser verwalten: schwach, mittel und stark.<\/span><\/p>\n<p class=\"Standard\"><span style=\"font-size: 10.5pt; font-family: Arial, sans-serif;\">Die Vibrationsmassage ist eine n\u00fctzliche Funktion zur Muskelentspannung und regt die Durchblutung an.<\/span><\/p>\n<p class=\"Textbody\" style=\"margin-bottom: 0.0001pt;\"><span style=\"text-decoration: underline;\"><span style=\"font-size: 10.5pt; font-family: Arial, sans-serif; color: #222222;\">ELEKTRISCHE REKLINATION<\/span><\/span><\/p>\n<p class=\"Textbody\" style=\"margin-bottom: 0.0001pt;\"><span style=\"font-size: 10.5pt; font-family: Arial, sans-serif; color: #222222;\">Durch die <strong>beiden Elektromotoren, mit<\/strong> denen der Sessel ausgestattet ist, sind die R\u00fcckenlehne und die Fu\u00dfst\u00fctze <span style=\"text-decoration: underline;\">unabh\u00e4ngig<\/span> und sicherheitsgerichtet. Der Benutzer kann also unabh\u00e4ngig von der R\u00fcckenlehne oder der Fu\u00dfst\u00fctze eine beliebige Position w\u00e4hlen.<\/span><\/p>\n<p class=\"Textbody\" style=\"margin-bottom: 0.0001pt;\"><span style=\"font-size: 10.5pt; font-family: Arial, sans-serif; color: #222222;\">Dar\u00fcber hinaus ist es dank des <span style=\"text-decoration: underline;\">kompletten <strong>180<\/strong> \u00b0 -Schwerpunkts<\/span> auch m\u00f6glich, eine <span style=\"text-decoration: underline;\">Bettposition zu erhalten<\/span> , wobei die R\u00fcckenlehne somit fast horizontal ist und die Fu\u00dfst\u00fctze auf ein Maximum angehoben wird: eine Position, die sicherlich von allen gesch\u00e4tzt wird, die in diesem Sessel schlafen m\u00f6chten.<\/span><\/p>\n<p>&nbsp;<\/p>\n<p class=\"Standard\"><span style=\"text-decoration: underline;\"><span style=\"font-size: 10.5pt; font-family: Arial, sans-serif;\">ALZAPERSONA (Liftsystem)<\/span><\/span><\/p>\n<p class=\"Standard\"><span style=\"font-size: 10.5pt; font-family: Arial, sans-serif;\">Dieser elektrische Stuhl verf\u00fcgt \u00fcber ein eingebautes <strong>Elevationssystem (Aufzug)<\/strong> , einen Elektromotor, der den Stuhl dank des <strong>Okin-<\/strong> Kolbens <strong>anhebt<\/strong> und die darauf sitzende Person in <span style=\"text-decoration: underline;\">eine fast aufrechte Position<\/span> <strong>bringt<\/strong> .<\/span><\/p>\n<p class=\"Standard\"><span style=\"font-size: 10.5pt; font-family: Arial, sans-serif;\">Diese Option ist sehr n\u00fctzlich f\u00fcr diejenigen, die an Motorproblemen leiden, da sie sich v\u00f6llig sicher und vor allem ohne Anstrengung entspannen oder aufstehen k\u00f6nnen<\/span><\/p>\n<p>&nbsp;<\/p>\n<p class=\"Standard\"><strong><span style=\"font-size: 10.5pt; font-family: Arial, sans-serif; color: #222222;\">EIGENSCHAFTEN<\/span><\/strong><\/p>\n<ul>\n<li><span style=\"font-size: 10.5pt; font-family: Arial, sans-serif; color: #222222;\">Gesamtgr\u00f6\u00dfe: 86x80cm<\/span><\/li>\n<li><span style=\"font-size: 10.5pt; font-family: Arial, sans-serif; color: #222222;\">Gesamtbreite: 86cm<\/span><\/li>\n<li><span style=\"font-size: 10.5pt; font-family: Arial, sans-serif; color: #222222;\">Tiefe: 80cm geschlossen \/ 185cm offen<\/span><\/li>\n<li><span style=\"font-size: 10.5pt; font-family: Arial, sans-serif; color: #222222;\">Sitzbreite: 50cm<\/span><\/li>\n<li><span style=\"font-size: 10.5pt; font-family: Arial, sans-serif; color: #222222;\">Sesselh\u00f6he: 115cm<\/span><\/li>\n<li><span style=\"font-size: 10.5pt; font-family: Arial, sans-serif; color: #222222;\">Sitzh\u00f6he: 50cm<\/span><\/li>\n<li><span style=\"font-size: 10.5pt; font-family: Arial, sans-serif; color: #222222;\">Sitztiefe: 50cm<\/span><\/li>\n<li><span style=\"font-size: 10.5pt; font-family: Arial, sans-serif; color: #222222;\">Maximale Belastungsf\u00e4higkeit: 170kg<\/span><\/li>\n<li><span style=\"font-family: Arial,sans-serif;\"><span style=\"font-size: medium;\"><span style=\"color: #004000;\">mit zwei Hinterrollen best\u00fcckt (zum Bewegen des Stuhls)<\/span><\/span><\/span><\/li>\n<li><span style=\"font-size: 10.5pt; font-family: Arial, sans-serif; color: #222222;\">Timer mit Ausschaltfunktion<\/span><\/li>\n<li><span style=\"font-size: 10.5pt; font-family: Arial, sans-serif; color: #222222;\">Kabelsteuerung, einfache Tasten<\/span><\/li>\n<li><span style=\"font-size: 10.5pt; font-family: Arial, sans-serif; color: #222222;\">Seitentasche inklusive<\/span><\/li>\n<li><span style=\"font-size: 10.5pt; font-family: Arial, sans-serif; color: #222222;\">24 Volt Transformator<\/span><\/li>\n<li><span style=\"font-size: 10.5pt; font-family: Arial, sans-serif; color: #222222;\">Strom: 220-110 Volt (24V)<\/span><\/li>\n<li><span style=\"font-size: 10.5pt; font-family: Arial, sans-serif; color: #222222;\">Verbrauch: 80 Watt<\/span><\/li>\n<\/ul>\n<p>&nbsp;<\/p>\n<p class=\"Standard\"><strong><span style=\"text-decoration: underline;\"><span style=\"font-size: 10.5pt; font-family: Arial, sans-serif;\">MATERIAL<\/span><\/span><\/strong><\/p>\n<p class=\"Standard\"><span style=\"font-size: 10.5pt; font-family: Arial, sans-serif;\">Massivholzrahmenstruktur und Stahlunterseite<\/span><\/p>\n<p class=\"Standard\"><span style=\"font-size: 10.5pt; font-family: Arial, sans-serif;\">Zwei Okin Dewert Motoren, leise, Made in Germany<\/span><\/p>\n<p class=\"Standard\">Bezug: Mikrofaser oder Kunstleder<\/p>\n<p>&nbsp;<\/p>\n<p>&nbsp;<\/p>\n<p>&nbsp;<\/p>\n<p>&nbsp;<\/p>\n","protected":false},"excerpt":{"rendered":"<p>Der motorisierte Hubstuhl 108x86x85 ist mit Vibromassage und Heizung im Lendenbereich ausgestattet und verf\u00fcgt au\u00dferdem \u00fcber zwei voneinander unabh\u00e4ngige deutsche Okin-Motoren. Der Sessel mit Liegefunktion bildet eine optimale Alternative zum Bett. Lieferbar in Kunstleder oder Mikrofaser in verschiedenen Farben.<\/p>\n","protected":false},"featured_media":35066,"comment_status":"open","ping_status":"closed","template":"","meta":[],"product_brand":[5016],"product_cat":[9804],"product_tag":[],"class_list":{"0":"post-80451","1":"product","2":"type-product","3":"status-publish","4":"has-post-thumbnail","6":"product_brand-puntorelax","7":"product_cat-sessel-inneneinrichtung","9":"first","10":"instock","11":"sale","12":"taxable","13":"shipping-taxable","14":"purchasable","15":"product-type-simple"},"exclude_global_add_ons":false,"addons":[{"name":"Farbe","type":"multiple_choice","position":0,"required":true,"title_format":"heading","default":"","description_enable":false,"description":"","placeholder_enable":false,"placeholder":"","display":"select","restrictions_type":"any_text","adjust_price":false,"price":"","price_type":"flat_fee","restrictions":false,"min":"0","max":"0","options":[{"label":"Burgunderrote Mikrofaser","price":"","price_type":"quantity_based","image":0,"visibility":true},{"label":"blaue Mikrofaser","price":"","price_type":"quantity_based","image":0,"visibility":true},{"label":"braune Mikrofaser","price":"","price_type":"quantity_based","image":0,"visibility":true},{"label":"creme Mikrofaser","price":"","price_type":"quantity_based","image":0,"visibility":true},{"label":"Haselnuss Mikrofaser","price":"","price_type":"quantity_based","image":0,"visibility":true},{"label":"Burgunderrote Kunstleder","price":"","price_type":"quantity_based","image":0,"visibility":true},{"label":"schwarzes Kunstleder","price":"","price_type":"quantity_based","image":0,"visibility":true}],"id":1716914495}],"yoast_head":"<!-- This site is optimized with the Yoast SEO plugin v26.7 - https:\/\/yoast.com\/wordpress\/plugins\/seo\/ -->\n<title>Elektrischer Relax Relax Sessel Giorgia hebt zwei Vibromassagemotoren und die Lendenwirbelheizung zwei R\u00e4der an<\/title>\n<meta name=\"description\" content=\"Der Giorgia Sessel wurde entworfen, um Ihnen maximalen Komfort zu bieten und gleichzeitig die Eleganz und Vielfalt der Modelle und Farben zu respektieren, die das Beste mit jeder Art von M\u00f6beln kombiniert haben.\" \/>\n<meta name=\"robots\" content=\"index, follow, max-snippet:-1, max-image-preview:large, max-video-preview:-1\" \/>\n<link rel=\"canonical\" href=\"https:\/\/www.bagnoitalia.com\/de\/produkt\/elektrischer-relax-giorgia-sessel-mit-zwei-vibromassage-und-heizmotoren.html\" \/>\n<meta property=\"og:locale\" content=\"de_DE\" \/>\n<meta property=\"og:type\" content=\"article\" \/>\n<meta property=\"og:title\" content=\"Elektrischer Relax Relax Sessel Giorgia hebt zwei Vibromassagemotoren und die Lendenwirbelheizung zwei R\u00e4der an\" \/>\n<meta property=\"og:description\" content=\"Der Giorgia Sessel wurde entworfen, um Ihnen maximalen Komfort zu bieten und gleichzeitig die Eleganz und Vielfalt der Modelle und Farben zu respektieren, die das Beste mit jeder Art von M\u00f6beln kombiniert haben.\" \/>\n<meta property=\"og:url\" content=\"https:\/\/www.bagnoitalia.com\/de\/produkt\/elektrischer-relax-giorgia-sessel-mit-zwei-vibromassage-und-heizmotoren.html\" \/>\n<meta property=\"og:site_name\" content=\"Bagno Italia\" \/>\n<meta property=\"article:modified_time\" content=\"2025-06-19T22:24:07+00:00\" \/>\n<meta property=\"og:image\" content=\"https:\/\/img.bagnoitalia.com\/wp-content\/uploads\/virtuemart\/product\/ELECTR4.jpg\" \/>\n\t<meta property=\"og:image:width\" content=\"459\" \/>\n\t<meta property=\"og:image:height\" content=\"459\" \/>\n\t<meta property=\"og:image:type\" content=\"image\/jpeg\" \/>\n<meta name=\"twitter:card\" content=\"summary_large_image\" \/>\n<meta name=\"twitter:label1\" content=\"Gesch\u00e4tzte Lesezeit\" \/>\n\t<meta name=\"twitter:data1\" content=\"2\u00a0Minuten\" \/>\n<script type=\"application\/ld+json\" class=\"yoast-schema-graph\">{\"@context\":\"https:\/\/schema.org\",\"@graph\":[{\"@type\":\"WebPage\",\"@id\":\"https:\/\/www.bagnoitalia.com\/de\/produkt\/elektrischer-relax-giorgia-sessel-mit-zwei-vibromassage-und-heizmotoren.html\",\"url\":\"https:\/\/www.bagnoitalia.com\/de\/produkt\/elektrischer-relax-giorgia-sessel-mit-zwei-vibromassage-und-heizmotoren.html\",\"name\":\"Elektrischer Relax Relax Sessel Giorgia hebt zwei Vibromassagemotoren und die Lendenwirbelheizung zwei R\u00e4der an\",\"isPartOf\":{\"@id\":\"https:\/\/www.bagnoitalia.com\/de#website\"},\"primaryImageOfPage\":{\"@id\":\"https:\/\/www.bagnoitalia.com\/de\/produkt\/elektrischer-relax-giorgia-sessel-mit-zwei-vibromassage-und-heizmotoren.html#primaryimage\"},\"image\":{\"@id\":\"https:\/\/www.bagnoitalia.com\/de\/produkt\/elektrischer-relax-giorgia-sessel-mit-zwei-vibromassage-und-heizmotoren.html#primaryimage\"},\"thumbnailUrl\":\"https:\/\/img.bagnoitalia.com\/wp-content\/uploads\/virtuemart\/product\/ELECTR4.jpg\",\"datePublished\":\"2017-02-02T11:00:51+00:00\",\"dateModified\":\"2025-06-19T22:24:07+00:00\",\"description\":\"Der Giorgia Sessel wurde entworfen, um Ihnen maximalen Komfort zu bieten und gleichzeitig die Eleganz und Vielfalt der Modelle und Farben zu respektieren, die das Beste mit jeder Art von M\u00f6beln kombiniert haben.\",\"breadcrumb\":{\"@id\":\"https:\/\/www.bagnoitalia.com\/de\/produkt\/elektrischer-relax-giorgia-sessel-mit-zwei-vibromassage-und-heizmotoren.html#breadcrumb\"},\"inLanguage\":\"de\",\"potentialAction\":[{\"@type\":\"ReadAction\",\"target\":[\"https:\/\/www.bagnoitalia.com\/de\/produkt\/elektrischer-relax-giorgia-sessel-mit-zwei-vibromassage-und-heizmotoren.html\"]}]},{\"@type\":\"ImageObject\",\"inLanguage\":\"de\",\"@id\":\"https:\/\/www.bagnoitalia.com\/de\/produkt\/elektrischer-relax-giorgia-sessel-mit-zwei-vibromassage-und-heizmotoren.html#primaryimage\",\"url\":\"https:\/\/img.bagnoitalia.com\/wp-content\/uploads\/virtuemart\/product\/ELECTR4.jpg\",\"contentUrl\":\"https:\/\/img.bagnoitalia.com\/wp-content\/uploads\/virtuemart\/product\/ELECTR4.jpg\",\"width\":459,\"height\":459},{\"@type\":\"BreadcrumbList\",\"@id\":\"https:\/\/www.bagnoitalia.com\/de\/produkt\/elektrischer-relax-giorgia-sessel-mit-zwei-vibromassage-und-heizmotoren.html#breadcrumb\",\"itemListElement\":[{\"@type\":\"ListItem\",\"position\":1,\"name\":\"Home\",\"item\":\"https:\/\/www.bagnoitalia.com\/de\"},{\"@type\":\"ListItem\",\"position\":2,\"name\":\"Produkte\",\"item\":\"https:\/\/www.bagnoitalia.com\/de\/shop\"},{\"@type\":\"ListItem\",\"position\":3,\"name\":\"Giorgia Entspannungssessel mit Hubfunktion, mit zwei Vibrationsmassagemotoren und Heizung, medizinische Vorrichtung\"}]},{\"@type\":\"WebSite\",\"@id\":\"https:\/\/www.bagnoitalia.com\/de#website\",\"url\":\"https:\/\/www.bagnoitalia.com\/de\",\"name\":\"Bagno Italia\",\"description\":\"\",\"publisher\":{\"@id\":\"https:\/\/www.bagnoitalia.com\/de#organization\"},\"potentialAction\":[{\"@type\":\"SearchAction\",\"target\":{\"@type\":\"EntryPoint\",\"urlTemplate\":\"https:\/\/www.bagnoitalia.com\/de?s={search_term_string}\"},\"query-input\":{\"@type\":\"PropertyValueSpecification\",\"valueRequired\":true,\"valueName\":\"search_term_string\"}}],\"inLanguage\":\"de\"},{\"@type\":\"Organization\",\"@id\":\"https:\/\/www.bagnoitalia.com\/de#organization\",\"name\":\"Bagno Italia\",\"url\":\"https:\/\/www.bagnoitalia.com\/de\",\"logo\":{\"@type\":\"ImageObject\",\"inLanguage\":\"de\",\"@id\":\"https:\/\/www.bagnoitalia.com\/de#\/schema\/logo\/image\/\",\"url\":\"https:\/\/img.bagnoitalia.com\/wp-content\/uploads\/logo-bagnoitalia.webp\",\"contentUrl\":\"https:\/\/img.bagnoitalia.com\/wp-content\/uploads\/logo-bagnoitalia.webp\",\"width\":400,\"height\":70,\"caption\":\"Bagno Italia\"},\"image\":{\"@id\":\"https:\/\/www.bagnoitalia.com\/de#\/schema\/logo\/image\/\"}}]}<\/script>\n<!-- \/ Yoast SEO plugin. -->","yoast_head_json":{"title":"Elektrischer Relax Relax Sessel Giorgia hebt zwei Vibromassagemotoren und die Lendenwirbelheizung zwei R\u00e4der an","description":"Der Giorgia Sessel wurde entworfen, um Ihnen maximalen Komfort zu bieten und gleichzeitig die Eleganz und Vielfalt der Modelle und Farben zu respektieren, die das Beste mit jeder Art von M\u00f6beln kombiniert haben.","robots":{"index":"index","follow":"follow","max-snippet":"max-snippet:-1","max-image-preview":"max-image-preview:large","max-video-preview":"max-video-preview:-1"},"canonical":"https:\/\/www.bagnoitalia.com\/de\/produkt\/elektrischer-relax-giorgia-sessel-mit-zwei-vibromassage-und-heizmotoren.html","og_locale":"de_DE","og_type":"article","og_title":"Elektrischer Relax Relax Sessel Giorgia hebt zwei Vibromassagemotoren und die Lendenwirbelheizung zwei R\u00e4der an","og_description":"Der Giorgia Sessel wurde entworfen, um Ihnen maximalen Komfort zu bieten und gleichzeitig die Eleganz und Vielfalt der Modelle und Farben zu respektieren, die das Beste mit jeder Art von M\u00f6beln kombiniert haben.","og_url":"https:\/\/www.bagnoitalia.com\/de\/produkt\/elektrischer-relax-giorgia-sessel-mit-zwei-vibromassage-und-heizmotoren.html","og_site_name":"Bagno Italia","article_modified_time":"2025-06-19T22:24:07+00:00","og_image":[{"width":459,"height":459,"url":"https:\/\/img.bagnoitalia.com\/wp-content\/uploads\/virtuemart\/product\/ELECTR4.jpg","type":"image\/jpeg"}],"twitter_card":"summary_large_image","twitter_misc":{"Gesch\u00e4tzte Lesezeit":"2\u00a0Minuten"},"schema":{"@context":"https:\/\/schema.org","@graph":[{"@type":"WebPage","@id":"https:\/\/www.bagnoitalia.com\/de\/produkt\/elektrischer-relax-giorgia-sessel-mit-zwei-vibromassage-und-heizmotoren.html","url":"https:\/\/www.bagnoitalia.com\/de\/produkt\/elektrischer-relax-giorgia-sessel-mit-zwei-vibromassage-und-heizmotoren.html","name":"Elektrischer Relax Relax Sessel Giorgia hebt zwei Vibromassagemotoren und die Lendenwirbelheizung zwei R\u00e4der an","isPartOf":{"@id":"https:\/\/www.bagnoitalia.com\/de#website"},"primaryImageOfPage":{"@id":"https:\/\/www.bagnoitalia.com\/de\/produkt\/elektrischer-relax-giorgia-sessel-mit-zwei-vibromassage-und-heizmotoren.html#primaryimage"},"image":{"@id":"https:\/\/www.bagnoitalia.com\/de\/produkt\/elektrischer-relax-giorgia-sessel-mit-zwei-vibromassage-und-heizmotoren.html#primaryimage"},"thumbnailUrl":"https:\/\/img.bagnoitalia.com\/wp-content\/uploads\/virtuemart\/product\/ELECTR4.jpg","datePublished":"2017-02-02T11:00:51+00:00","dateModified":"2025-06-19T22:24:07+00:00","description":"Der Giorgia Sessel wurde entworfen, um Ihnen maximalen Komfort zu bieten und gleichzeitig die Eleganz und Vielfalt der Modelle und Farben zu respektieren, die das Beste mit jeder Art von M\u00f6beln kombiniert haben.","breadcrumb":{"@id":"https:\/\/www.bagnoitalia.com\/de\/produkt\/elektrischer-relax-giorgia-sessel-mit-zwei-vibromassage-und-heizmotoren.html#breadcrumb"},"inLanguage":"de","potentialAction":[{"@type":"ReadAction","target":["https:\/\/www.bagnoitalia.com\/de\/produkt\/elektrischer-relax-giorgia-sessel-mit-zwei-vibromassage-und-heizmotoren.html"]}]},{"@type":"ImageObject","inLanguage":"de","@id":"https:\/\/www.bagnoitalia.com\/de\/produkt\/elektrischer-relax-giorgia-sessel-mit-zwei-vibromassage-und-heizmotoren.html#primaryimage","url":"https:\/\/img.bagnoitalia.com\/wp-content\/uploads\/virtuemart\/product\/ELECTR4.jpg","contentUrl":"https:\/\/img.bagnoitalia.com\/wp-content\/uploads\/virtuemart\/product\/ELECTR4.jpg","width":459,"height":459},{"@type":"BreadcrumbList","@id":"https:\/\/www.bagnoitalia.com\/de\/produkt\/elektrischer-relax-giorgia-sessel-mit-zwei-vibromassage-und-heizmotoren.html#breadcrumb","itemListElement":[{"@type":"ListItem","position":1,"name":"Home","item":"https:\/\/www.bagnoitalia.com\/de"},{"@type":"ListItem","position":2,"name":"Produkte","item":"https:\/\/www.bagnoitalia.com\/de\/shop"},{"@type":"ListItem","position":3,"name":"Giorgia Entspannungssessel mit Hubfunktion, mit zwei Vibrationsmassagemotoren und Heizung, medizinische Vorrichtung"}]},{"@type":"WebSite","@id":"https:\/\/www.bagnoitalia.com\/de#website","url":"https:\/\/www.bagnoitalia.com\/de","name":"Bagno Italia","description":"","publisher":{"@id":"https:\/\/www.bagnoitalia.com\/de#organization"},"potentialAction":[{"@type":"SearchAction","target":{"@type":"EntryPoint","urlTemplate":"https:\/\/www.bagnoitalia.com\/de?s={search_term_string}"},"query-input":{"@type":"PropertyValueSpecification","valueRequired":true,"valueName":"search_term_string"}}],"inLanguage":"de"},{"@type":"Organization","@id":"https:\/\/www.bagnoitalia.com\/de#organization","name":"Bagno Italia","url":"https:\/\/www.bagnoitalia.com\/de","logo":{"@type":"ImageObject","inLanguage":"de","@id":"https:\/\/www.bagnoitalia.com\/de#\/schema\/logo\/image\/","url":"https:\/\/img.bagnoitalia.com\/wp-content\/uploads\/logo-bagnoitalia.webp","contentUrl":"https:\/\/img.bagnoitalia.com\/wp-content\/uploads\/logo-bagnoitalia.webp","width":400,"height":70,"caption":"Bagno Italia"},"image":{"@id":"https:\/\/www.bagnoitalia.com\/de#\/schema\/logo\/image\/"}}]}},"_links":{"self":[{"href":"https:\/\/www.bagnoitalia.com\/de\/wp-json\/wp\/v2\/product\/80451","targetHints":{"allow":["GET"]}}],"collection":[{"href":"https:\/\/www.bagnoitalia.com\/de\/wp-json\/wp\/v2\/product"}],"about":[{"href":"https:\/\/www.bagnoitalia.com\/de\/wp-json\/wp\/v2\/types\/product"}],"replies":[{"embeddable":true,"href":"https:\/\/www.bagnoitalia.com\/de\/wp-json\/wp\/v2\/comments?post=80451"}],"version-history":[{"count":2,"href":"https:\/\/www.bagnoitalia.com\/de\/wp-json\/wp\/v2\/product\/80451\/revisions"}],"predecessor-version":[{"id":92383,"href":"https:\/\/www.bagnoitalia.com\/de\/wp-json\/wp\/v2\/product\/80451\/revisions\/92383"}],"wp:featuredmedia":[{"embeddable":true,"href":"https:\/\/www.bagnoitalia.com\/de\/wp-json\/wp\/v2\/media\/35066"}],"wp:attachment":[{"href":"https:\/\/www.bagnoitalia.com\/de\/wp-json\/wp\/v2\/media?parent=80451"}],"wp:term":[{"taxonomy":"product_brand","embeddable":true,"href":"https:\/\/www.bagnoitalia.com\/de\/wp-json\/wp\/v2\/product_brand?post=80451"},{"taxonomy":"product_cat","embeddable":true,"href":"https:\/\/www.bagnoitalia.com\/de\/wp-json\/wp\/v2\/product_cat?post=80451"},{"taxonomy":"product_tag","embeddable":true,"href":"https:\/\/www.bagnoitalia.com\/de\/wp-json\/wp\/v2\/product_tag?post=80451"}],"curies":[{"name":"wp","href":"https:\/\/api.w.org\/{rel}","templated":true}]}}