{"id":80435,"date":"2017-01-27T16:32:04","date_gmt":"2017-01-27T15:32:04","guid":{"rendered":"https:\/\/www.bagnoitalia.com\/product\/8mm-duschkabine-mit-fester-tur-und-transparenter-temperierter-salontur-in-verschiedenen-grosen-box042"},"modified":"2024-06-14T14:10:28","modified_gmt":"2024-06-14T12:10:28","slug":"8mm-duschkabine-mit-fester-tur-und-transparenter-temperierter-salontur-in-verschiedenen-grosen-box042","status":"publish","type":"product","link":"https:\/\/www.bagnoitalia.com\/de\/produkt\/8mm-duschkabine-mit-fester-tur-und-transparenter-temperierter-salontur-in-verschiedenen-grosen-box042.html","title":{"rendered":"BOX042 Eckdusche, aus 8mm breitem und transparentem Kristallglas, Schwenkt\u00fcr mit Saloon-\u00d6ffnung, in verschiedenen Gr\u00f6\u00dfen"},"content":{"rendered":"<p><span style=\"text-decoration: underline;\"><span style=\"color: #000000; font-family: arial,helvetica,sans-serif; font-size: 14pt; text-decoration: underline;\"><strong style=\"font-style: inherit; font-weight: bold;\">BOX042 Eckdusche, aus 8mm breitem und transparentem Kristallglas mit Schwenkt\u00fcr<\/strong><\/span><\/span><\/p>\n<p><span style=\"font-size: 12pt; text-decoration: underline;\">Eigenschaften:<\/span><\/p>\n<ul style=\"margin: 0px; padding: 0px; text-align: left; color: #888888; text-transform: none; text-indent: 0px; letter-spacing: normal; font-family: Arial,Helvetica,sans-serif; font-size: 13px; font-style: normal; font-weight: normal; word-spacing: 0px; white-space: normal; background-color: #ffffff;\">\n<li style=\"list-style: none; margin: 0px 0px 1em 2px; padding: 0px;\"><span style=\"color: #000000; font-family: arial,helvetica,sans-serif; font-size: 12pt;\">8mm transparentes geh\u00e4rtetes Glas <strong style=\"font-style: inherit; font-weight: bold;\"><br \/>\n<\/strong><\/span><\/li>\n<li style=\"list-style: none; margin: 0px 0px 1em 2px; padding: 0px;\"><span style=\"color: #000000; font-family: arial,helvetica,sans-serif; font-size: 12pt;\">Profil:\u00a0 Aluminium, verchromt<\/span><\/li>\n<li style=\"list-style: none; margin: 0px 0px 1em 2px; padding: 0px;\"><span style=\"color: #000000; font-family: arial,helvetica,sans-serif; font-size: 12pt;\">Verschluss: magnetisch<\/span><\/li>\n<li style=\"list-style: none; margin: 0px 0px 1em 2px; padding: 0px;\"><span style=\"color: #000000; font-family: arial,helvetica,sans-serif; font-size: 12pt;\">Schwenkt\u00fcr mit Saloon-\u00d6ffnung (kann nach innen und au\u00dfen aufgeklappt werden)<\/span><\/li>\n<li style=\"list-style: none; margin: 0px 0px 1em 2px; padding: 0px;\"><span style=\"font-family: ABeeZee,Verdana,sans-serif; font-size: 12pt;\"><span style=\"color: #001000;\">Bearbeitungstoleranz:<span style=\"text-transform: none; text-indent: 0px; letter-spacing: normal; font-style: normal; font-weight: normal; word-spacing: 0px; white-space: normal; float: none; background-color: #ffffff;\"> 2cm pro Seite\u00a0 (z.B. die 70x90cm Duschkabine kann zu 68x88cm modifiziert werden)<br \/>\n<\/span><\/span><\/span><\/li>\n<li style=\"list-style: none; margin: 0px 0px 1em 2px; padding: 0px;\"><span style=\"color: #000000; font-family: arial,helvetica,sans-serif; font-size: 12pt;\">St\u00fctzschienen: Edelstahl<\/span><\/li>\n<li style=\"list-style: none; margin: 0px 0px 1em 2px; padding: 0px;\"><span style=\"color: #000000; font-family: arial,helvetica,sans-serif; font-size: 12pt;\">Rollen: Stahl<\/span><\/li>\n<li style=\"list-style: none; margin: 0px 0px 1em 2px; padding: 0px;\"><span style=\"color: #000000; font-family: arial,helvetica,sans-serif; font-size: 12pt;\">Griff: Zink, verchromt<\/span><\/li>\n<li style=\"list-style: none; margin: 0px 0px 1em 2px; padding: 0px;\"><span style=\"color: #000000; font-family: arial,helvetica,sans-serif; font-size: 12pt;\">reversible Duschkabine<\/span><\/li>\n<\/ul>\n<p>&nbsp;<\/p>\n<p><span style=\"font-size: 12pt;\">Die Duschplatte ist nicht inklusive.<\/span><\/p>\n","protected":false},"excerpt":{"rendered":"<p>BOX042 Eckdusche aus 8mm breitem und transparentem Kristallglas, Schwenkt\u00fcr mit Saloon-\u00d6ffnung (in beide Richtungen aufklappbar). Das Produkt ist 195cm hoch und in verschiedenen Gr\u00f6\u00dfen erh\u00e4ltlich.<\/p>\n","protected":false},"featured_media":34890,"comment_status":"open","ping_status":"closed","template":"","meta":[],"product_brand":[5008],"product_cat":[9808,9712],"product_tag":[],"class_list":{"0":"post-80435","1":"product","2":"type-product","3":"status-publish","4":"has-post-thumbnail","6":"product_brand-idrom","7":"product_cat-eckdusche-duschkabine","8":"product_cat-duschkabine","10":"first","11":"instock","12":"sale","13":"taxable","14":"shipping-taxable","15":"purchasable","16":"product-type-simple"},"exclude_global_add_ons":false,"addons":[{"name":"Feste T\u00fcr","type":"multiple_choice","position":0,"required":true,"title_format":"heading","default":"","description_enable":false,"description":"","placeholder_enable":false,"placeholder":"","display":"select","restrictions_type":"any_text","adjust_price":false,"price":"","price_type":"flat_fee","restrictions":false,"min":"0","max":"0","options":[{"label":"70 cm","price":"","price_type":"quantity_based","image":0,"visibility":true},{"label":"80 cm","price":"19","price_type":"quantity_based","image":0,"visibility":true},{"label":"90 cm","price":"35","price_type":"quantity_based","image":0,"visibility":true}],"id":1718374229},{"name":"Duscht\u00fcr","type":"multiple_choice","position":1,"required":true,"title_format":"heading","default":"","description_enable":false,"description":"","placeholder_enable":false,"placeholder":"","display":"select","restrictions_type":"any_text","adjust_price":false,"price":"","price_type":"flat_fee","restrictions":false,"min":"0","max":"0","options":[{"label":"80 cm","price":"","price_type":"quantity_based","image":0,"visibility":true},{"label":"90 cm","price":"15","price_type":"quantity_based","image":0,"visibility":true},{"label":"100 cm","price":"34","price_type":"quantity_based","image":0,"visibility":true},{"label":"nicht verf\u00fcgbar - 110 cm","price":"50","price_type":"quantity_based","image":0,"visibility":true},{"label":"120 cm","price":"64","price_type":"quantity_based","image":0,"visibility":true},{"label":"130 cm","price":"80","price_type":"quantity_based","image":0,"visibility":true},{"label":"140 cm","price":"100","price_type":"quantity_based","image":0,"visibility":true}],"id":1718374230},{"name":"Ausgleichs-Profil","type":"multiple_choice","position":2,"required":true,"title_format":"heading","default":"","description_enable":false,"description":"","placeholder_enable":false,"placeholder":"","display":"select","restrictions_type":"any_text","adjust_price":false,"price":"","price_type":"flat_fee","restrictions":false,"min":"0","max":"0","options":[{"label":"nein","price":"","price_type":"quantity_based","image":0,"visibility":true},{"label":"1 Profil 3 cm","price":"36","price_type":"quantity_based","image":0,"visibility":true}],"id":1718374231}],"yoast_head":"<!-- This site is optimized with the Yoast SEO plugin v26.7 - https:\/\/yoast.com\/wordpress\/plugins\/seo\/ -->\n<title>Reversible 8mm Duschkabine in verschiedenen Gr\u00f6\u00dfen mit transparentem geh\u00e4rtetem Glas<\/title>\n<meta name=\"description\" content=\"Duschabtrennung mit fester T\u00fcr und Klapp\u00f6ffnung sowohl innen als auch au\u00dfen mit 8mm transparentem Glas, H\u00f6he 195 cm, in verschiedenen Gr\u00f6\u00dfen\" \/>\n<meta name=\"robots\" content=\"index, follow, max-snippet:-1, max-image-preview:large, max-video-preview:-1\" \/>\n<link rel=\"canonical\" href=\"https:\/\/www.bagnoitalia.com\/de\/produkt\/8mm-duschkabine-mit-fester-tur-und-transparenter-temperierter-salontur-in-verschiedenen-grosen-box042.html\" \/>\n<meta property=\"og:locale\" content=\"de_DE\" \/>\n<meta property=\"og:type\" content=\"article\" \/>\n<meta property=\"og:title\" content=\"Reversible 8mm Duschkabine in verschiedenen Gr\u00f6\u00dfen mit transparentem geh\u00e4rtetem Glas\" \/>\n<meta property=\"og:description\" content=\"Duschabtrennung mit fester T\u00fcr und Klapp\u00f6ffnung sowohl innen als auch au\u00dfen mit 8mm transparentem Glas, H\u00f6he 195 cm, in verschiedenen Gr\u00f6\u00dfen\" \/>\n<meta property=\"og:url\" content=\"https:\/\/www.bagnoitalia.com\/de\/produkt\/8mm-duschkabine-mit-fester-tur-und-transparenter-temperierter-salontur-in-verschiedenen-grosen-box042.html\" \/>\n<meta property=\"og:site_name\" content=\"Bagno Italia\" \/>\n<meta property=\"article:modified_time\" content=\"2024-06-14T12:10:28+00:00\" \/>\n<meta property=\"og:image\" content=\"https:\/\/img.bagnoitalia.com\/wp-content\/uploads\/virtuemart\/product\/shower-enclosure-fixed-door-saloon-opening-box042-1_1543568042_17.jpg\" \/>\n\t<meta property=\"og:image:width\" content=\"480\" \/>\n\t<meta property=\"og:image:height\" content=\"480\" \/>\n\t<meta property=\"og:image:type\" content=\"image\/jpeg\" \/>\n<meta name=\"twitter:card\" content=\"summary_large_image\" \/>\n<meta name=\"twitter:label1\" content=\"Gesch\u00e4tzte Lesezeit\" \/>\n\t<meta name=\"twitter:data1\" content=\"1\u00a0Minute\" \/>\n<script type=\"application\/ld+json\" class=\"yoast-schema-graph\">{\"@context\":\"https:\/\/schema.org\",\"@graph\":[{\"@type\":\"WebPage\",\"@id\":\"https:\/\/www.bagnoitalia.com\/de\/produkt\/8mm-duschkabine-mit-fester-tur-und-transparenter-temperierter-salontur-in-verschiedenen-grosen-box042.html\",\"url\":\"https:\/\/www.bagnoitalia.com\/de\/produkt\/8mm-duschkabine-mit-fester-tur-und-transparenter-temperierter-salontur-in-verschiedenen-grosen-box042.html\",\"name\":\"Reversible 8mm Duschkabine in verschiedenen Gr\u00f6\u00dfen mit transparentem geh\u00e4rtetem Glas\",\"isPartOf\":{\"@id\":\"https:\/\/www.bagnoitalia.com\/de#website\"},\"primaryImageOfPage\":{\"@id\":\"https:\/\/www.bagnoitalia.com\/de\/produkt\/8mm-duschkabine-mit-fester-tur-und-transparenter-temperierter-salontur-in-verschiedenen-grosen-box042.html#primaryimage\"},\"image\":{\"@id\":\"https:\/\/www.bagnoitalia.com\/de\/produkt\/8mm-duschkabine-mit-fester-tur-und-transparenter-temperierter-salontur-in-verschiedenen-grosen-box042.html#primaryimage\"},\"thumbnailUrl\":\"https:\/\/img.bagnoitalia.com\/wp-content\/uploads\/virtuemart\/product\/shower-enclosure-fixed-door-saloon-opening-box042-1_1543568042_17.jpg\",\"datePublished\":\"2017-01-27T15:32:04+00:00\",\"dateModified\":\"2024-06-14T12:10:28+00:00\",\"description\":\"Duschabtrennung mit fester T\u00fcr und Klapp\u00f6ffnung sowohl innen als auch au\u00dfen mit 8mm transparentem Glas, H\u00f6he 195 cm, in verschiedenen Gr\u00f6\u00dfen\",\"breadcrumb\":{\"@id\":\"https:\/\/www.bagnoitalia.com\/de\/produkt\/8mm-duschkabine-mit-fester-tur-und-transparenter-temperierter-salontur-in-verschiedenen-grosen-box042.html#breadcrumb\"},\"inLanguage\":\"de\",\"potentialAction\":[{\"@type\":\"ReadAction\",\"target\":[\"https:\/\/www.bagnoitalia.com\/de\/produkt\/8mm-duschkabine-mit-fester-tur-und-transparenter-temperierter-salontur-in-verschiedenen-grosen-box042.html\"]}]},{\"@type\":\"ImageObject\",\"inLanguage\":\"de\",\"@id\":\"https:\/\/www.bagnoitalia.com\/de\/produkt\/8mm-duschkabine-mit-fester-tur-und-transparenter-temperierter-salontur-in-verschiedenen-grosen-box042.html#primaryimage\",\"url\":\"https:\/\/img.bagnoitalia.com\/wp-content\/uploads\/virtuemart\/product\/shower-enclosure-fixed-door-saloon-opening-box042-1_1543568042_17.jpg\",\"contentUrl\":\"https:\/\/img.bagnoitalia.com\/wp-content\/uploads\/virtuemart\/product\/shower-enclosure-fixed-door-saloon-opening-box042-1_1543568042_17.jpg\",\"width\":480,\"height\":480},{\"@type\":\"BreadcrumbList\",\"@id\":\"https:\/\/www.bagnoitalia.com\/de\/produkt\/8mm-duschkabine-mit-fester-tur-und-transparenter-temperierter-salontur-in-verschiedenen-grosen-box042.html#breadcrumb\",\"itemListElement\":[{\"@type\":\"ListItem\",\"position\":1,\"name\":\"Home\",\"item\":\"https:\/\/www.bagnoitalia.com\/de\"},{\"@type\":\"ListItem\",\"position\":2,\"name\":\"Produkte\",\"item\":\"https:\/\/www.bagnoitalia.com\/de\/shop\"},{\"@type\":\"ListItem\",\"position\":3,\"name\":\"BOX042 Eckdusche, aus 8mm breitem und transparentem Kristallglas, Schwenkt\u00fcr mit Saloon-\u00d6ffnung, in verschiedenen Gr\u00f6\u00dfen\"}]},{\"@type\":\"WebSite\",\"@id\":\"https:\/\/www.bagnoitalia.com\/de#website\",\"url\":\"https:\/\/www.bagnoitalia.com\/de\",\"name\":\"Bagno Italia\",\"description\":\"\",\"publisher\":{\"@id\":\"https:\/\/www.bagnoitalia.com\/de#organization\"},\"potentialAction\":[{\"@type\":\"SearchAction\",\"target\":{\"@type\":\"EntryPoint\",\"urlTemplate\":\"https:\/\/www.bagnoitalia.com\/de?s={search_term_string}\"},\"query-input\":{\"@type\":\"PropertyValueSpecification\",\"valueRequired\":true,\"valueName\":\"search_term_string\"}}],\"inLanguage\":\"de\"},{\"@type\":\"Organization\",\"@id\":\"https:\/\/www.bagnoitalia.com\/de#organization\",\"name\":\"Bagno Italia\",\"url\":\"https:\/\/www.bagnoitalia.com\/de\",\"logo\":{\"@type\":\"ImageObject\",\"inLanguage\":\"de\",\"@id\":\"https:\/\/www.bagnoitalia.com\/de#\/schema\/logo\/image\/\",\"url\":\"https:\/\/img.bagnoitalia.com\/wp-content\/uploads\/logo-bagnoitalia.webp\",\"contentUrl\":\"https:\/\/img.bagnoitalia.com\/wp-content\/uploads\/logo-bagnoitalia.webp\",\"width\":400,\"height\":70,\"caption\":\"Bagno Italia\"},\"image\":{\"@id\":\"https:\/\/www.bagnoitalia.com\/de#\/schema\/logo\/image\/\"}}]}<\/script>\n<!-- \/ Yoast SEO plugin. -->","yoast_head_json":{"title":"Reversible 8mm Duschkabine in verschiedenen Gr\u00f6\u00dfen mit transparentem geh\u00e4rtetem Glas","description":"Duschabtrennung mit fester T\u00fcr und Klapp\u00f6ffnung sowohl innen als auch au\u00dfen mit 8mm transparentem Glas, H\u00f6he 195 cm, in verschiedenen Gr\u00f6\u00dfen","robots":{"index":"index","follow":"follow","max-snippet":"max-snippet:-1","max-image-preview":"max-image-preview:large","max-video-preview":"max-video-preview:-1"},"canonical":"https:\/\/www.bagnoitalia.com\/de\/produkt\/8mm-duschkabine-mit-fester-tur-und-transparenter-temperierter-salontur-in-verschiedenen-grosen-box042.html","og_locale":"de_DE","og_type":"article","og_title":"Reversible 8mm Duschkabine in verschiedenen Gr\u00f6\u00dfen mit transparentem geh\u00e4rtetem Glas","og_description":"Duschabtrennung mit fester T\u00fcr und Klapp\u00f6ffnung sowohl innen als auch au\u00dfen mit 8mm transparentem Glas, H\u00f6he 195 cm, in verschiedenen Gr\u00f6\u00dfen","og_url":"https:\/\/www.bagnoitalia.com\/de\/produkt\/8mm-duschkabine-mit-fester-tur-und-transparenter-temperierter-salontur-in-verschiedenen-grosen-box042.html","og_site_name":"Bagno Italia","article_modified_time":"2024-06-14T12:10:28+00:00","og_image":[{"width":480,"height":480,"url":"https:\/\/img.bagnoitalia.com\/wp-content\/uploads\/virtuemart\/product\/shower-enclosure-fixed-door-saloon-opening-box042-1_1543568042_17.jpg","type":"image\/jpeg"}],"twitter_card":"summary_large_image","twitter_misc":{"Gesch\u00e4tzte Lesezeit":"1\u00a0Minute"},"schema":{"@context":"https:\/\/schema.org","@graph":[{"@type":"WebPage","@id":"https:\/\/www.bagnoitalia.com\/de\/produkt\/8mm-duschkabine-mit-fester-tur-und-transparenter-temperierter-salontur-in-verschiedenen-grosen-box042.html","url":"https:\/\/www.bagnoitalia.com\/de\/produkt\/8mm-duschkabine-mit-fester-tur-und-transparenter-temperierter-salontur-in-verschiedenen-grosen-box042.html","name":"Reversible 8mm Duschkabine in verschiedenen Gr\u00f6\u00dfen mit transparentem geh\u00e4rtetem Glas","isPartOf":{"@id":"https:\/\/www.bagnoitalia.com\/de#website"},"primaryImageOfPage":{"@id":"https:\/\/www.bagnoitalia.com\/de\/produkt\/8mm-duschkabine-mit-fester-tur-und-transparenter-temperierter-salontur-in-verschiedenen-grosen-box042.html#primaryimage"},"image":{"@id":"https:\/\/www.bagnoitalia.com\/de\/produkt\/8mm-duschkabine-mit-fester-tur-und-transparenter-temperierter-salontur-in-verschiedenen-grosen-box042.html#primaryimage"},"thumbnailUrl":"https:\/\/img.bagnoitalia.com\/wp-content\/uploads\/virtuemart\/product\/shower-enclosure-fixed-door-saloon-opening-box042-1_1543568042_17.jpg","datePublished":"2017-01-27T15:32:04+00:00","dateModified":"2024-06-14T12:10:28+00:00","description":"Duschabtrennung mit fester T\u00fcr und Klapp\u00f6ffnung sowohl innen als auch au\u00dfen mit 8mm transparentem Glas, H\u00f6he 195 cm, in verschiedenen Gr\u00f6\u00dfen","breadcrumb":{"@id":"https:\/\/www.bagnoitalia.com\/de\/produkt\/8mm-duschkabine-mit-fester-tur-und-transparenter-temperierter-salontur-in-verschiedenen-grosen-box042.html#breadcrumb"},"inLanguage":"de","potentialAction":[{"@type":"ReadAction","target":["https:\/\/www.bagnoitalia.com\/de\/produkt\/8mm-duschkabine-mit-fester-tur-und-transparenter-temperierter-salontur-in-verschiedenen-grosen-box042.html"]}]},{"@type":"ImageObject","inLanguage":"de","@id":"https:\/\/www.bagnoitalia.com\/de\/produkt\/8mm-duschkabine-mit-fester-tur-und-transparenter-temperierter-salontur-in-verschiedenen-grosen-box042.html#primaryimage","url":"https:\/\/img.bagnoitalia.com\/wp-content\/uploads\/virtuemart\/product\/shower-enclosure-fixed-door-saloon-opening-box042-1_1543568042_17.jpg","contentUrl":"https:\/\/img.bagnoitalia.com\/wp-content\/uploads\/virtuemart\/product\/shower-enclosure-fixed-door-saloon-opening-box042-1_1543568042_17.jpg","width":480,"height":480},{"@type":"BreadcrumbList","@id":"https:\/\/www.bagnoitalia.com\/de\/produkt\/8mm-duschkabine-mit-fester-tur-und-transparenter-temperierter-salontur-in-verschiedenen-grosen-box042.html#breadcrumb","itemListElement":[{"@type":"ListItem","position":1,"name":"Home","item":"https:\/\/www.bagnoitalia.com\/de"},{"@type":"ListItem","position":2,"name":"Produkte","item":"https:\/\/www.bagnoitalia.com\/de\/shop"},{"@type":"ListItem","position":3,"name":"BOX042 Eckdusche, aus 8mm breitem und transparentem Kristallglas, Schwenkt\u00fcr mit Saloon-\u00d6ffnung, in verschiedenen Gr\u00f6\u00dfen"}]},{"@type":"WebSite","@id":"https:\/\/www.bagnoitalia.com\/de#website","url":"https:\/\/www.bagnoitalia.com\/de","name":"Bagno Italia","description":"","publisher":{"@id":"https:\/\/www.bagnoitalia.com\/de#organization"},"potentialAction":[{"@type":"SearchAction","target":{"@type":"EntryPoint","urlTemplate":"https:\/\/www.bagnoitalia.com\/de?s={search_term_string}"},"query-input":{"@type":"PropertyValueSpecification","valueRequired":true,"valueName":"search_term_string"}}],"inLanguage":"de"},{"@type":"Organization","@id":"https:\/\/www.bagnoitalia.com\/de#organization","name":"Bagno Italia","url":"https:\/\/www.bagnoitalia.com\/de","logo":{"@type":"ImageObject","inLanguage":"de","@id":"https:\/\/www.bagnoitalia.com\/de#\/schema\/logo\/image\/","url":"https:\/\/img.bagnoitalia.com\/wp-content\/uploads\/logo-bagnoitalia.webp","contentUrl":"https:\/\/img.bagnoitalia.com\/wp-content\/uploads\/logo-bagnoitalia.webp","width":400,"height":70,"caption":"Bagno Italia"},"image":{"@id":"https:\/\/www.bagnoitalia.com\/de#\/schema\/logo\/image\/"}}]}},"_links":{"self":[{"href":"https:\/\/www.bagnoitalia.com\/de\/wp-json\/wp\/v2\/product\/80435","targetHints":{"allow":["GET"]}}],"collection":[{"href":"https:\/\/www.bagnoitalia.com\/de\/wp-json\/wp\/v2\/product"}],"about":[{"href":"https:\/\/www.bagnoitalia.com\/de\/wp-json\/wp\/v2\/types\/product"}],"replies":[{"embeddable":true,"href":"https:\/\/www.bagnoitalia.com\/de\/wp-json\/wp\/v2\/comments?post=80435"}],"version-history":[{"count":1,"href":"https:\/\/www.bagnoitalia.com\/de\/wp-json\/wp\/v2\/product\/80435\/revisions"}],"predecessor-version":[{"id":90200,"href":"https:\/\/www.bagnoitalia.com\/de\/wp-json\/wp\/v2\/product\/80435\/revisions\/90200"}],"wp:featuredmedia":[{"embeddable":true,"href":"https:\/\/www.bagnoitalia.com\/de\/wp-json\/wp\/v2\/media\/34890"}],"wp:attachment":[{"href":"https:\/\/www.bagnoitalia.com\/de\/wp-json\/wp\/v2\/media?parent=80435"}],"wp:term":[{"taxonomy":"product_brand","embeddable":true,"href":"https:\/\/www.bagnoitalia.com\/de\/wp-json\/wp\/v2\/product_brand?post=80435"},{"taxonomy":"product_cat","embeddable":true,"href":"https:\/\/www.bagnoitalia.com\/de\/wp-json\/wp\/v2\/product_cat?post=80435"},{"taxonomy":"product_tag","embeddable":true,"href":"https:\/\/www.bagnoitalia.com\/de\/wp-json\/wp\/v2\/product_tag?post=80435"}],"curies":[{"name":"wp","href":"https:\/\/api.w.org\/{rel}","templated":true}]}}