{"id":80371,"date":"2016-12-20T14:44:30","date_gmt":"2016-12-20T13:44:30","guid":{"rendered":"https:\/\/www.bagnoitalia.com\/product\/desire-325x250-ecksofa-mit-modernem-mikrofaserpuff"},"modified":"2025-04-15T16:29:15","modified_gmt":"2025-04-15T14:29:15","slug":"desire-325x250-ecksofa-mit-modernem-mikrofaserpuff","status":"publish","type":"product","link":"https:\/\/www.bagnoitalia.com\/de\/produkt\/desire-325x250-ecksofa-mit-modernem-mikrofaserpuff.html","title":{"rendered":"Desire Ecksofa 325x250cm mit modernem Mikrofaserpuff"},"content":{"rendered":"<p style=\"margin-bottom: 0cm;\"><span style=\"font-family: 'Arial Unicode MS', sans-serif; font-size: 12pt;\">Das <strong>Desire-<\/strong> Sofa ist ein M\u00f6belst\u00fcck f\u00fcr Ihr gro\u00dfz\u00fcgig dimensioniertes Wohnzimmer, das Platz f\u00fcr die ganze Familie bietet. Das Hauptmerkmal, das Desire auszeichnet, ist der gro\u00dfe Platz zum Sitzen oder Liegen.<\/span> <span style=\"font-family: 'Arial Unicode MS', sans-serif; font-size: 12pt;\">Die linearen Formen und das einfache Design machen dieses Sofa zu einem Bezugspunkt in jeder Art von Umgebung, von modernsten bis hin zu Klassikern.<\/span><\/p>\n<p style=\"margin-bottom: 0cm;\"><span style=\"font-family: 'Arial Unicode MS', sans-serif; font-size: 12pt;\">Dieses Sofa enth\u00e4lt auch einen sehr bequemen <strong>Sitzpuff<\/strong> , den Sie nach Ihren Bed\u00fcrfnissen platzieren k\u00f6nnen. Die Mikrofaser, von der die R\u00fcckenlehne und der Sitz bedeckt sind, verf\u00fcgt \u00fcber sehr pr\u00e4zise und pr\u00e4zise Oberfl\u00e4chen, die eine einfache Reinigung und Haltbarkeit erm\u00f6glichen.<\/span><\/p>\n<p style=\"margin-bottom: 0cm;\"><span style=\"font-family: 'Arial Unicode MS', sans-serif; font-size: 12pt;\">Die Stahlf\u00fc\u00dfe sind nicht nur eine Garantie f\u00fcr Stabilit\u00e4t, sondern geben der Komposition Klasse und Eleganz.<\/span><\/p>\n<p>&nbsp;<\/p>\n<p style=\"margin-bottom: 0cm;\"><span style=\"font-family: 'Arial Unicode MS', sans-serif; font-size: 12pt;\"><span style=\"text-decoration: underline;\"><strong>EIGENSCHAFTEN<\/strong><\/span><\/span><\/p>\n<ul>\n<li>\n<p style=\"margin-bottom: 0cm;\"><span style=\"font-family: 'Arial Unicode MS', sans-serif; font-size: 12pt;\">Gr\u00f6\u00dfe: 325x250x90cm<\/span><\/p>\n<\/li>\n<li>\n<p style=\"margin-bottom: 0cm;\"><span style=\"font-family: 'Arial Unicode MS', sans-serif; font-size: 12pt;\">abziehbar<\/span><\/p>\n<\/li>\n<li>\n<p style=\"margin-bottom: 0cm;\"><span style=\"font-family: 'Arial Unicode MS', sans-serif; font-size: 12pt;\">Kissen <strong>enthalten<\/strong><\/span><\/p>\n<\/li>\n<li>\n<p style=\"margin-bottom: 0cm; line-height: 0.71cm;\"><span style=\"color: #000000; font-size: 12pt;\"><span style=\"font-family: 'Arial Unicode MS', sans-serif;\"><span>Leicht zu reinigen<\/span><\/span><\/span><\/p>\n<\/li>\n<li>\n<p style=\"margin-bottom: 0cm; line-height: 0.71cm;\"><span style=\"color: #000000; font-size: 12pt;\"><span style=\"font-family: 'Arial Unicode MS', sans-serif;\"><span><strong>verschlei\u00dffest<\/strong><\/span><\/span><\/span><\/p>\n<\/li>\n<li>\n<p style=\"margin-bottom: 0cm; line-height: 0.71cm;\"><span style=\"color: #000000; font-size: 12pt;\"><span style=\"font-family: 'Arial Unicode MS', sans-serif;\"><span>handgefertigt<\/span><\/span><\/span><\/p>\n<\/li>\n<li>\n<p style=\"margin-bottom: 0cm; line-height: 0.71cm;\"><span style=\"color: #000000; font-size: 12pt;\"><span style=\"font-family: 'Arial Unicode MS', sans-serif;\"><span>nat\u00fcrliche Elastizit\u00e4t<\/span><\/span><\/span><\/p>\n<\/li>\n<li>\n<p style=\"margin-bottom: 0cm; line-height: 0.71cm;\"><span style=\"color: #000000; font-size: 12pt;\"><span style=\"font-family: 'Arial Unicode MS', sans-serif;\"><span><strong>verst\u00e4rkter<\/strong> Rahmen<\/span><\/span><\/span><\/p>\n<\/li>\n<li>\n<p style=\"margin-bottom: 0cm; line-height: 0.71cm;\"><span style=\"color: #000000; font-size: 12pt;\"><span style=\"font-family: 'Arial Unicode MS', sans-serif;\"><span>dichte Kissen<\/span><\/span><\/span><\/p>\n<\/li>\n<\/ul>\n<p>&nbsp;<\/p>\n<p style=\"margin-bottom: 0cm;\"><span style=\"font-family: 'Arial Unicode MS', sans-serif; font-size: 12pt;\"><span style=\"text-decoration: underline;\"><strong>MATERIAL<\/strong><\/span><\/span><\/p>\n<ul>\n<li>\n<p style=\"margin-bottom: 0cm;\"><span style=\"font-family: 'Arial Unicode MS', sans-serif; font-size: 12pt;\">Struktur: Frischholz, das mit einer Schicht aus POLIREUTANO bedeckt ist<\/span><\/p>\n<\/li>\n<li>\n<p style=\"margin-bottom: 0cm;\"><span style=\"font-family: 'Arial Unicode MS', sans-serif; font-size: 12pt;\">Polsterung: verschieden gedichtete Stoffe, die mit einer Dacron-Schicht bedeckt sind<\/span><\/p>\n<\/li>\n<li>\n<p style=\"margin-bottom: 0cm;\"><span style=\"font-family: 'Arial Unicode MS', sans-serif; font-size: 12pt;\">Sitz und R\u00fcckenlehne: Polyurethan<\/span><\/p>\n<\/li>\n<\/ul>\n<p>&nbsp;<\/p>\n<p style=\"margin-bottom: 0cm;\"><span style=\"font-family: 'Arial Unicode MS', sans-serif; font-size: 12pt;\">Verwenden Sie zu <strong>Reinigungszwecken<\/strong> nur ein weiches, leicht angefeuchtetes Tuch. Verwenden Sie <span style=\"text-decoration: underline;\">keine<\/span> rauen T\u00fccher oder Scheuerschw\u00e4mme, die die Oberfl\u00e4che zerkratzen k\u00f6nnten. Verwenden Sie <span style=\"text-decoration: underline;\">keine<\/span> aggressiven Reinigungsmittel.<\/span><\/p>\n<p>&nbsp;<\/p>\n<p>&nbsp;<\/p>\n","protected":false},"excerpt":{"rendered":"<p>Das Desire-Sofa ist ein M\u00f6belst\u00fcck f\u00fcr Ihr gro\u00dfz\u00fcgig dimensioniertes Wohnzimmer, das Platz f\u00fcr die ganze Familie bietet. Das Hauptmerkmal, das Desire auszeichnet, ist der gro\u00dfe Platz zum Sitzen oder Liegen. Die linearen Formen und das einfache Design machen dieses Sofa zu einem Bezugspunkt in jeder Art von Umgebung, von modernsten bis hin zu Klassikern.<\/p>\n","protected":false},"featured_media":34218,"comment_status":"open","ping_status":"closed","template":"","meta":[],"product_brand":[5021],"product_cat":[10116],"product_tag":[],"class_list":{"0":"post-80371","1":"product","2":"type-product","3":"status-publish","4":"has-post-thumbnail","6":"product_brand-predator-arredo-casa","7":"product_cat-senza-categoria-de","9":"first","10":"outofstock","11":"taxable","12":"shipping-taxable","13":"purchasable","14":"product-type-simple"},"exclude_global_add_ons":[],"addons":[],"yoast_head":"<!-- This site is optimized with the Yoast SEO plugin v26.7 - https:\/\/yoast.com\/wordpress\/plugins\/seo\/ -->\n<title>Desire 325x250 Ecksofa mit zentralem Puff in modernem Stoff<\/title>\n<meta name=\"description\" content=\"Dieses Sofa enth\u00e4lt auch einen sehr bequemen Sitzpuff, den Sie nach Ihren Bed\u00fcrfnissen platzieren k\u00f6nnen. Die Mikrofaser, von der die R\u00fcckenlehne und der Sitz bedeckt sind, verf\u00fcgt \u00fcber sehr pr\u00e4zise und pr\u00e4zise Oberfl\u00e4chen, die eine einfache Reinigung und Haltbarkeit erm\u00f6glichen. Die Stahlf\u00fc\u00dfe sind nicht nur eine Garantie f\u00fcr Stabilit\u00e4t, sondern geben der Komposition Klasse und Eleganz.\" \/>\n<meta name=\"robots\" content=\"index, follow, max-snippet:-1, max-image-preview:large, max-video-preview:-1\" \/>\n<link rel=\"canonical\" href=\"https:\/\/www.bagnoitalia.com\/de\/produkt\/desire-325x250-ecksofa-mit-modernem-mikrofaserpuff.html\" \/>\n<meta property=\"og:locale\" content=\"de_DE\" \/>\n<meta property=\"og:type\" content=\"article\" \/>\n<meta property=\"og:title\" content=\"Desire 325x250 Ecksofa mit zentralem Puff in modernem Stoff\" \/>\n<meta property=\"og:description\" content=\"Dieses Sofa enth\u00e4lt auch einen sehr bequemen Sitzpuff, den Sie nach Ihren Bed\u00fcrfnissen platzieren k\u00f6nnen. Die Mikrofaser, von der die R\u00fcckenlehne und der Sitz bedeckt sind, verf\u00fcgt \u00fcber sehr pr\u00e4zise und pr\u00e4zise Oberfl\u00e4chen, die eine einfache Reinigung und Haltbarkeit erm\u00f6glichen. Die Stahlf\u00fc\u00dfe sind nicht nur eine Garantie f\u00fcr Stabilit\u00e4t, sondern geben der Komposition Klasse und Eleganz.\" \/>\n<meta property=\"og:url\" content=\"https:\/\/www.bagnoitalia.com\/de\/produkt\/desire-325x250-ecksofa-mit-modernem-mikrofaserpuff.html\" \/>\n<meta property=\"og:site_name\" content=\"Bagno Italia\" \/>\n<meta property=\"article:modified_time\" content=\"2025-04-15T14:29:15+00:00\" \/>\n<meta property=\"og:image\" content=\"https:\/\/img.bagnoitalia.com\/wp-content\/uploads\/virtuemart\/product\/325x250-corner-sofa-Desire-1_1541696218_4523.jpg\" \/>\n\t<meta property=\"og:image:width\" content=\"600\" \/>\n\t<meta property=\"og:image:height\" content=\"600\" \/>\n\t<meta property=\"og:image:type\" content=\"image\/jpeg\" \/>\n<meta name=\"twitter:card\" content=\"summary_large_image\" \/>\n<meta name=\"twitter:label1\" content=\"Gesch\u00e4tzte Lesezeit\" \/>\n\t<meta name=\"twitter:data1\" content=\"1\u00a0Minute\" \/>\n<script type=\"application\/ld+json\" class=\"yoast-schema-graph\">{\"@context\":\"https:\/\/schema.org\",\"@graph\":[{\"@type\":\"WebPage\",\"@id\":\"https:\/\/www.bagnoitalia.com\/de\/produkt\/desire-325x250-ecksofa-mit-modernem-mikrofaserpuff.html\",\"url\":\"https:\/\/www.bagnoitalia.com\/de\/produkt\/desire-325x250-ecksofa-mit-modernem-mikrofaserpuff.html\",\"name\":\"Desire 325x250 Ecksofa mit zentralem Puff in modernem Stoff\",\"isPartOf\":{\"@id\":\"https:\/\/www.bagnoitalia.com\/de#website\"},\"primaryImageOfPage\":{\"@id\":\"https:\/\/www.bagnoitalia.com\/de\/produkt\/desire-325x250-ecksofa-mit-modernem-mikrofaserpuff.html#primaryimage\"},\"image\":{\"@id\":\"https:\/\/www.bagnoitalia.com\/de\/produkt\/desire-325x250-ecksofa-mit-modernem-mikrofaserpuff.html#primaryimage\"},\"thumbnailUrl\":\"https:\/\/img.bagnoitalia.com\/wp-content\/uploads\/virtuemart\/product\/325x250-corner-sofa-Desire-1_1541696218_4523.jpg\",\"datePublished\":\"2016-12-20T13:44:30+00:00\",\"dateModified\":\"2025-04-15T14:29:15+00:00\",\"description\":\"Dieses Sofa enth\u00e4lt auch einen sehr bequemen Sitzpuff, den Sie nach Ihren Bed\u00fcrfnissen platzieren k\u00f6nnen. Die Mikrofaser, von der die R\u00fcckenlehne und der Sitz bedeckt sind, verf\u00fcgt \u00fcber sehr pr\u00e4zise und pr\u00e4zise Oberfl\u00e4chen, die eine einfache Reinigung und Haltbarkeit erm\u00f6glichen. Die Stahlf\u00fc\u00dfe sind nicht nur eine Garantie f\u00fcr Stabilit\u00e4t, sondern geben der Komposition Klasse und Eleganz.\",\"breadcrumb\":{\"@id\":\"https:\/\/www.bagnoitalia.com\/de\/produkt\/desire-325x250-ecksofa-mit-modernem-mikrofaserpuff.html#breadcrumb\"},\"inLanguage\":\"de\",\"potentialAction\":[{\"@type\":\"ReadAction\",\"target\":[\"https:\/\/www.bagnoitalia.com\/de\/produkt\/desire-325x250-ecksofa-mit-modernem-mikrofaserpuff.html\"]}]},{\"@type\":\"ImageObject\",\"inLanguage\":\"de\",\"@id\":\"https:\/\/www.bagnoitalia.com\/de\/produkt\/desire-325x250-ecksofa-mit-modernem-mikrofaserpuff.html#primaryimage\",\"url\":\"https:\/\/img.bagnoitalia.com\/wp-content\/uploads\/virtuemart\/product\/325x250-corner-sofa-Desire-1_1541696218_4523.jpg\",\"contentUrl\":\"https:\/\/img.bagnoitalia.com\/wp-content\/uploads\/virtuemart\/product\/325x250-corner-sofa-Desire-1_1541696218_4523.jpg\",\"width\":600,\"height\":600},{\"@type\":\"BreadcrumbList\",\"@id\":\"https:\/\/www.bagnoitalia.com\/de\/produkt\/desire-325x250-ecksofa-mit-modernem-mikrofaserpuff.html#breadcrumb\",\"itemListElement\":[{\"@type\":\"ListItem\",\"position\":1,\"name\":\"Home\",\"item\":\"https:\/\/www.bagnoitalia.com\/de\"},{\"@type\":\"ListItem\",\"position\":2,\"name\":\"Produkte\",\"item\":\"https:\/\/www.bagnoitalia.com\/de\/shop\"},{\"@type\":\"ListItem\",\"position\":3,\"name\":\"Desire Ecksofa 325x250cm mit modernem Mikrofaserpuff\"}]},{\"@type\":\"WebSite\",\"@id\":\"https:\/\/www.bagnoitalia.com\/de#website\",\"url\":\"https:\/\/www.bagnoitalia.com\/de\",\"name\":\"Bagno Italia\",\"description\":\"\",\"publisher\":{\"@id\":\"https:\/\/www.bagnoitalia.com\/de#organization\"},\"potentialAction\":[{\"@type\":\"SearchAction\",\"target\":{\"@type\":\"EntryPoint\",\"urlTemplate\":\"https:\/\/www.bagnoitalia.com\/de?s={search_term_string}\"},\"query-input\":{\"@type\":\"PropertyValueSpecification\",\"valueRequired\":true,\"valueName\":\"search_term_string\"}}],\"inLanguage\":\"de\"},{\"@type\":\"Organization\",\"@id\":\"https:\/\/www.bagnoitalia.com\/de#organization\",\"name\":\"Bagno Italia\",\"url\":\"https:\/\/www.bagnoitalia.com\/de\",\"logo\":{\"@type\":\"ImageObject\",\"inLanguage\":\"de\",\"@id\":\"https:\/\/www.bagnoitalia.com\/de#\/schema\/logo\/image\/\",\"url\":\"https:\/\/img.bagnoitalia.com\/wp-content\/uploads\/logo-bagnoitalia.webp\",\"contentUrl\":\"https:\/\/img.bagnoitalia.com\/wp-content\/uploads\/logo-bagnoitalia.webp\",\"width\":400,\"height\":70,\"caption\":\"Bagno Italia\"},\"image\":{\"@id\":\"https:\/\/www.bagnoitalia.com\/de#\/schema\/logo\/image\/\"}}]}<\/script>\n<!-- \/ Yoast SEO plugin. -->","yoast_head_json":{"title":"Desire 325x250 Ecksofa mit zentralem Puff in modernem Stoff","description":"Dieses Sofa enth\u00e4lt auch einen sehr bequemen Sitzpuff, den Sie nach Ihren Bed\u00fcrfnissen platzieren k\u00f6nnen. Die Mikrofaser, von der die R\u00fcckenlehne und der Sitz bedeckt sind, verf\u00fcgt \u00fcber sehr pr\u00e4zise und pr\u00e4zise Oberfl\u00e4chen, die eine einfache Reinigung und Haltbarkeit erm\u00f6glichen. Die Stahlf\u00fc\u00dfe sind nicht nur eine Garantie f\u00fcr Stabilit\u00e4t, sondern geben der Komposition Klasse und Eleganz.","robots":{"index":"index","follow":"follow","max-snippet":"max-snippet:-1","max-image-preview":"max-image-preview:large","max-video-preview":"max-video-preview:-1"},"canonical":"https:\/\/www.bagnoitalia.com\/de\/produkt\/desire-325x250-ecksofa-mit-modernem-mikrofaserpuff.html","og_locale":"de_DE","og_type":"article","og_title":"Desire 325x250 Ecksofa mit zentralem Puff in modernem Stoff","og_description":"Dieses Sofa enth\u00e4lt auch einen sehr bequemen Sitzpuff, den Sie nach Ihren Bed\u00fcrfnissen platzieren k\u00f6nnen. Die Mikrofaser, von der die R\u00fcckenlehne und der Sitz bedeckt sind, verf\u00fcgt \u00fcber sehr pr\u00e4zise und pr\u00e4zise Oberfl\u00e4chen, die eine einfache Reinigung und Haltbarkeit erm\u00f6glichen. Die Stahlf\u00fc\u00dfe sind nicht nur eine Garantie f\u00fcr Stabilit\u00e4t, sondern geben der Komposition Klasse und Eleganz.","og_url":"https:\/\/www.bagnoitalia.com\/de\/produkt\/desire-325x250-ecksofa-mit-modernem-mikrofaserpuff.html","og_site_name":"Bagno Italia","article_modified_time":"2025-04-15T14:29:15+00:00","og_image":[{"width":600,"height":600,"url":"https:\/\/img.bagnoitalia.com\/wp-content\/uploads\/virtuemart\/product\/325x250-corner-sofa-Desire-1_1541696218_4523.jpg","type":"image\/jpeg"}],"twitter_card":"summary_large_image","twitter_misc":{"Gesch\u00e4tzte Lesezeit":"1\u00a0Minute"},"schema":{"@context":"https:\/\/schema.org","@graph":[{"@type":"WebPage","@id":"https:\/\/www.bagnoitalia.com\/de\/produkt\/desire-325x250-ecksofa-mit-modernem-mikrofaserpuff.html","url":"https:\/\/www.bagnoitalia.com\/de\/produkt\/desire-325x250-ecksofa-mit-modernem-mikrofaserpuff.html","name":"Desire 325x250 Ecksofa mit zentralem Puff in modernem Stoff","isPartOf":{"@id":"https:\/\/www.bagnoitalia.com\/de#website"},"primaryImageOfPage":{"@id":"https:\/\/www.bagnoitalia.com\/de\/produkt\/desire-325x250-ecksofa-mit-modernem-mikrofaserpuff.html#primaryimage"},"image":{"@id":"https:\/\/www.bagnoitalia.com\/de\/produkt\/desire-325x250-ecksofa-mit-modernem-mikrofaserpuff.html#primaryimage"},"thumbnailUrl":"https:\/\/img.bagnoitalia.com\/wp-content\/uploads\/virtuemart\/product\/325x250-corner-sofa-Desire-1_1541696218_4523.jpg","datePublished":"2016-12-20T13:44:30+00:00","dateModified":"2025-04-15T14:29:15+00:00","description":"Dieses Sofa enth\u00e4lt auch einen sehr bequemen Sitzpuff, den Sie nach Ihren Bed\u00fcrfnissen platzieren k\u00f6nnen. Die Mikrofaser, von der die R\u00fcckenlehne und der Sitz bedeckt sind, verf\u00fcgt \u00fcber sehr pr\u00e4zise und pr\u00e4zise Oberfl\u00e4chen, die eine einfache Reinigung und Haltbarkeit erm\u00f6glichen. Die Stahlf\u00fc\u00dfe sind nicht nur eine Garantie f\u00fcr Stabilit\u00e4t, sondern geben der Komposition Klasse und Eleganz.","breadcrumb":{"@id":"https:\/\/www.bagnoitalia.com\/de\/produkt\/desire-325x250-ecksofa-mit-modernem-mikrofaserpuff.html#breadcrumb"},"inLanguage":"de","potentialAction":[{"@type":"ReadAction","target":["https:\/\/www.bagnoitalia.com\/de\/produkt\/desire-325x250-ecksofa-mit-modernem-mikrofaserpuff.html"]}]},{"@type":"ImageObject","inLanguage":"de","@id":"https:\/\/www.bagnoitalia.com\/de\/produkt\/desire-325x250-ecksofa-mit-modernem-mikrofaserpuff.html#primaryimage","url":"https:\/\/img.bagnoitalia.com\/wp-content\/uploads\/virtuemart\/product\/325x250-corner-sofa-Desire-1_1541696218_4523.jpg","contentUrl":"https:\/\/img.bagnoitalia.com\/wp-content\/uploads\/virtuemart\/product\/325x250-corner-sofa-Desire-1_1541696218_4523.jpg","width":600,"height":600},{"@type":"BreadcrumbList","@id":"https:\/\/www.bagnoitalia.com\/de\/produkt\/desire-325x250-ecksofa-mit-modernem-mikrofaserpuff.html#breadcrumb","itemListElement":[{"@type":"ListItem","position":1,"name":"Home","item":"https:\/\/www.bagnoitalia.com\/de"},{"@type":"ListItem","position":2,"name":"Produkte","item":"https:\/\/www.bagnoitalia.com\/de\/shop"},{"@type":"ListItem","position":3,"name":"Desire Ecksofa 325x250cm mit modernem Mikrofaserpuff"}]},{"@type":"WebSite","@id":"https:\/\/www.bagnoitalia.com\/de#website","url":"https:\/\/www.bagnoitalia.com\/de","name":"Bagno Italia","description":"","publisher":{"@id":"https:\/\/www.bagnoitalia.com\/de#organization"},"potentialAction":[{"@type":"SearchAction","target":{"@type":"EntryPoint","urlTemplate":"https:\/\/www.bagnoitalia.com\/de?s={search_term_string}"},"query-input":{"@type":"PropertyValueSpecification","valueRequired":true,"valueName":"search_term_string"}}],"inLanguage":"de"},{"@type":"Organization","@id":"https:\/\/www.bagnoitalia.com\/de#organization","name":"Bagno Italia","url":"https:\/\/www.bagnoitalia.com\/de","logo":{"@type":"ImageObject","inLanguage":"de","@id":"https:\/\/www.bagnoitalia.com\/de#\/schema\/logo\/image\/","url":"https:\/\/img.bagnoitalia.com\/wp-content\/uploads\/logo-bagnoitalia.webp","contentUrl":"https:\/\/img.bagnoitalia.com\/wp-content\/uploads\/logo-bagnoitalia.webp","width":400,"height":70,"caption":"Bagno Italia"},"image":{"@id":"https:\/\/www.bagnoitalia.com\/de#\/schema\/logo\/image\/"}}]}},"_links":{"self":[{"href":"https:\/\/www.bagnoitalia.com\/de\/wp-json\/wp\/v2\/product\/80371","targetHints":{"allow":["GET"]}}],"collection":[{"href":"https:\/\/www.bagnoitalia.com\/de\/wp-json\/wp\/v2\/product"}],"about":[{"href":"https:\/\/www.bagnoitalia.com\/de\/wp-json\/wp\/v2\/types\/product"}],"replies":[{"embeddable":true,"href":"https:\/\/www.bagnoitalia.com\/de\/wp-json\/wp\/v2\/comments?post=80371"}],"version-history":[{"count":0,"href":"https:\/\/www.bagnoitalia.com\/de\/wp-json\/wp\/v2\/product\/80371\/revisions"}],"wp:featuredmedia":[{"embeddable":true,"href":"https:\/\/www.bagnoitalia.com\/de\/wp-json\/wp\/v2\/media\/34218"}],"wp:attachment":[{"href":"https:\/\/www.bagnoitalia.com\/de\/wp-json\/wp\/v2\/media?parent=80371"}],"wp:term":[{"taxonomy":"product_brand","embeddable":true,"href":"https:\/\/www.bagnoitalia.com\/de\/wp-json\/wp\/v2\/product_brand?post=80371"},{"taxonomy":"product_cat","embeddable":true,"href":"https:\/\/www.bagnoitalia.com\/de\/wp-json\/wp\/v2\/product_cat?post=80371"},{"taxonomy":"product_tag","embeddable":true,"href":"https:\/\/www.bagnoitalia.com\/de\/wp-json\/wp\/v2\/product_tag?post=80371"}],"curies":[{"name":"wp","href":"https:\/\/api.w.org\/{rel}","templated":true}]}}