{"id":80351,"date":"2016-12-20T13:30:35","date_gmt":"2016-12-20T12:30:35","guid":{"rendered":"https:\/\/www.bagnoitalia.com\/product\/perla-eck-wohnzimmer-sofa-330-cm-mikrofaser-mit-chaiselongue"},"modified":"2025-06-14T19:23:01","modified_gmt":"2025-06-14T17:23:01","slug":"perla-eck-wohnzimmer-sofa-330-cm-mikrofaser-mit-chaiselongue","status":"publish","type":"product","link":"https:\/\/www.bagnoitalia.com\/de\/produkt\/perla-eck-wohnzimmer-sofa-330-cm-mikrofaser-mit-chaiselongue.html","title":{"rendered":"Perla Eck-Wohnzimmersofa 330 cm aus Mikrofasern, mit R\u00e9camiere"},"content":{"rendered":"<p style=\"margin-bottom: 0cm;\"><span style=\"font-family: 'Arial Unicode MS', sans-serif; font-size: 12pt;\">Das <strong>Perla-<\/strong> Ecksofa hat einen strengen Charakter und kann sich an jede Umgebung anpassen.<\/span> <span style=\"font-family: 'Arial Unicode MS', sans-serif; font-size: 12pt;\">Diese Einrichtungsl\u00f6sung schafft dank der N\u00fcchternheit der Farben eine elegante und aufger\u00e4umte Umgebung in Ihrem Wohnzimmer.<\/span><\/p>\n<p style=\"margin-bottom: 0cm;\"><span style=\"font-family: 'Arial Unicode MS', sans-serif; font-size: 12pt;\">Das Perla Sofa ist komplett aus Stoff gefertigt, komplett abnehmbar und erfordert minimale und sehr einfache Wartung.<\/span> <span style=\"font-family: 'Arial Unicode MS', sans-serif; font-size: 12pt;\">Es hat eine einladende kantige Form, ideal f\u00fcr Ihre erholsamen Tage.<\/span><\/p>\n<p>&nbsp;<\/p>\n<p style=\"margin-bottom: 0cm;\"><span style=\"font-family: 'Arial Unicode MS', sans-serif; font-size: 12pt;\"><span style=\"text-decoration: underline;\"><strong>EIGENSCHAFTEN<\/strong><\/span><\/span><\/p>\n<ul>\n<li style=\"margin-bottom: 0cm;\"><span style=\"font-family: 'Arial Unicode MS', sans-serif; font-size: 12pt;\">Gr\u00f6\u00dfe: 330x200x90cm<\/span><\/li>\n<li>\n<p style=\"margin-bottom: 0cm;\"><span style=\"font-family: 'Arial Unicode MS', sans-serif; font-size: 12pt;\">abziehbar<\/span><\/p>\n<\/li>\n<li>\n<p style=\"margin-bottom: 0cm;\"><span style=\"font-family: 'Arial Unicode MS', sans-serif; font-size: 12pt;\">Kissen <strong>enthalten<\/strong><\/span><\/p>\n<\/li>\n<li>\n<p style=\"margin-bottom: 0cm; line-height: 0.71cm;\"><span style=\"color: #000000; font-size: 12pt;\"><span style=\"font-family: 'Arial Unicode MS', sans-serif;\"><span>Leicht zu reinigen<\/span><\/span><\/span><\/p>\n<\/li>\n<li>\n<p style=\"margin-bottom: 0cm; line-height: 0.71cm;\"><span style=\"color: #000000; font-size: 12pt;\"><span style=\"font-family: 'Arial Unicode MS', sans-serif;\"><span><strong>verschlei\u00dffest<\/strong><\/span><\/span><\/span><\/p>\n<\/li>\n<li>\n<p style=\"margin-bottom: 0cm; line-height: 0.71cm;\">h<span style=\"color: #000000; font-size: 12pt;\"><span style=\"font-family: 'Arial Unicode MS', sans-serif;\"><span>andgefertigt<\/span><\/span><\/span><\/p>\n<\/li>\n<li>\n<p style=\"margin-bottom: 0cm; line-height: 0.71cm;\"><span style=\"color: #000000; font-size: 12pt;\"><span style=\"font-family: 'Arial Unicode MS', sans-serif;\"><span>nat\u00fcrliche Elastizit\u00e4t<\/span><\/span><\/span><\/p>\n<\/li>\n<li>\n<p style=\"margin-bottom: 0cm; line-height: 0.71cm;\"><span style=\"color: #000000; font-size: 12pt;\"><span style=\"font-family: 'Arial Unicode MS', sans-serif;\"><span><strong>verst\u00e4rkter<\/strong> Rahmen<\/span><\/span><\/span><\/p>\n<\/li>\n<\/ul>\n<p>&nbsp;<\/p>\n<p>&nbsp;<\/p>\n<p style=\"margin-bottom: 0cm;\"><span style=\"font-family: 'Arial Unicode MS', sans-serif; font-size: 12pt;\"><span style=\"text-decoration: underline;\"><strong>MATERIAL<\/strong><\/span><\/span><\/p>\n<ul>\n<li>\n<p style=\"margin-bottom: 0cm;\"><span style=\"font-family: 'Arial Unicode MS', sans-serif; font-size: 12pt;\">Struktur: Frischholz, das mit einer Schicht aus POLIREUTANO bedeckt ist<\/span><\/p>\n<\/li>\n<li>\n<p style=\"margin-bottom: 0cm;\"><span style=\"font-family: 'Arial Unicode MS', sans-serif; font-size: 12pt;\">Polsterung: verschieden gedichtete Stoffe, die mit einer Dacron-Schicht bedeckt sind<\/span><\/p>\n<\/li>\n<li>\n<p style=\"margin-bottom: 0cm;\"><span style=\"font-family: 'Arial Unicode MS', sans-serif; font-size: 12pt;\">Sitz und R\u00fcckenlehne: Polyurethan<\/span><\/p>\n<\/li>\n<\/ul>\n<p>&nbsp;<\/p>\n<p style=\"margin-bottom: 0cm;\"><span style=\"font-family: 'Arial Unicode MS',sans-serif; font-size: 12pt;\">Verwenden Sie zu <strong>Reinigungszwecken<\/strong> nur ein weiches, leicht angefeuchtetes Tuch. Verwenden Sie <span style=\"text-decoration: underline;\">keine<\/span> rauen T\u00fccher oder Scheuerschw\u00e4mme, die die Oberfl\u00e4che zerkratzen k\u00f6nnten. Verwenden Sie <span style=\"text-decoration: underline;\">keine<\/span> aggressiven Reinigungsmittel.<\/span><\/p>\n<p>&nbsp;<\/p>\n","protected":false},"excerpt":{"rendered":"<p>Das Perla-Ecksofa hat einen strengen Charakter und kann sich an jede Umgebung anpassen. Diese Einrichtungsl\u00f6sung schafft dank der N\u00fcchternheit der Farben eine elegante und aufger\u00e4umte Umgebung in Ihrem Wohnzimmer.<\/p>\n","protected":false},"featured_media":34082,"comment_status":"open","ping_status":"closed","template":"","meta":[],"product_brand":[5021],"product_cat":[9792],"product_tag":[],"class_list":{"0":"post-80351","1":"product","2":"type-product","3":"status-publish","4":"has-post-thumbnail","6":"product_brand-predator-arredo-casa","7":"product_cat-sofa-inneneinrichtung","9":"first","10":"instock","11":"sale","12":"taxable","13":"shipping-taxable","14":"purchasable","15":"product-type-simple"},"exclude_global_add_ons":[],"addons":[],"yoast_head":"<!-- This site is optimized with the Yoast SEO plugin v26.7 - https:\/\/yoast.com\/wordpress\/plugins\/seo\/ -->\n<title>Perla Eck-Wohnzimmer Sofa 330 cm Mikrofaser mit Halbinsel<\/title>\n<meta name=\"description\" content=\"Das Perla-Ecksofa hat einen strengen Charakter und kann sich an jede Umgebung anpassen. Diese Einrichtungsl\u00f6sung schafft dank der N\u00fcchternheit der Farben eine elegante und aufger\u00e4umte Umgebung in Ihrem Wohnzimmer.\" \/>\n<meta name=\"robots\" content=\"index, follow, max-snippet:-1, max-image-preview:large, max-video-preview:-1\" \/>\n<link rel=\"canonical\" href=\"https:\/\/www.bagnoitalia.com\/de\/produkt\/perla-eck-wohnzimmer-sofa-330-cm-mikrofaser-mit-chaiselongue.html\" \/>\n<meta property=\"og:locale\" content=\"de_DE\" \/>\n<meta property=\"og:type\" content=\"article\" \/>\n<meta property=\"og:title\" content=\"Perla Eck-Wohnzimmer Sofa 330 cm Mikrofaser mit Halbinsel\" \/>\n<meta property=\"og:description\" content=\"Das Perla-Ecksofa hat einen strengen Charakter und kann sich an jede Umgebung anpassen. Diese Einrichtungsl\u00f6sung schafft dank der N\u00fcchternheit der Farben eine elegante und aufger\u00e4umte Umgebung in Ihrem Wohnzimmer.\" \/>\n<meta property=\"og:url\" content=\"https:\/\/www.bagnoitalia.com\/de\/produkt\/perla-eck-wohnzimmer-sofa-330-cm-mikrofaser-mit-chaiselongue.html\" \/>\n<meta property=\"og:site_name\" content=\"Bagno Italia\" \/>\n<meta property=\"article:modified_time\" content=\"2025-06-14T17:23:01+00:00\" \/>\n<meta property=\"og:image\" content=\"https:\/\/img.bagnoitalia.com\/wp-content\/uploads\/virtuemart\/product\/Corner-sofa-living-Pearl-1_1541697388_618.jpg\" \/>\n\t<meta property=\"og:image:width\" content=\"600\" \/>\n\t<meta property=\"og:image:height\" content=\"600\" \/>\n\t<meta property=\"og:image:type\" content=\"image\/jpeg\" \/>\n<meta name=\"twitter:card\" content=\"summary_large_image\" \/>\n<meta name=\"twitter:label1\" content=\"Gesch\u00e4tzte Lesezeit\" \/>\n\t<meta name=\"twitter:data1\" content=\"1\u00a0Minute\" \/>\n<script type=\"application\/ld+json\" class=\"yoast-schema-graph\">{\"@context\":\"https:\/\/schema.org\",\"@graph\":[{\"@type\":\"WebPage\",\"@id\":\"https:\/\/www.bagnoitalia.com\/de\/produkt\/perla-eck-wohnzimmer-sofa-330-cm-mikrofaser-mit-chaiselongue.html\",\"url\":\"https:\/\/www.bagnoitalia.com\/de\/produkt\/perla-eck-wohnzimmer-sofa-330-cm-mikrofaser-mit-chaiselongue.html\",\"name\":\"Perla Eck-Wohnzimmer Sofa 330 cm Mikrofaser mit Halbinsel\",\"isPartOf\":{\"@id\":\"https:\/\/www.bagnoitalia.com\/de#website\"},\"primaryImageOfPage\":{\"@id\":\"https:\/\/www.bagnoitalia.com\/de\/produkt\/perla-eck-wohnzimmer-sofa-330-cm-mikrofaser-mit-chaiselongue.html#primaryimage\"},\"image\":{\"@id\":\"https:\/\/www.bagnoitalia.com\/de\/produkt\/perla-eck-wohnzimmer-sofa-330-cm-mikrofaser-mit-chaiselongue.html#primaryimage\"},\"thumbnailUrl\":\"https:\/\/img.bagnoitalia.com\/wp-content\/uploads\/virtuemart\/product\/Corner-sofa-living-Pearl-1_1541697388_618.jpg\",\"datePublished\":\"2016-12-20T12:30:35+00:00\",\"dateModified\":\"2025-06-14T17:23:01+00:00\",\"description\":\"Das Perla-Ecksofa hat einen strengen Charakter und kann sich an jede Umgebung anpassen. Diese Einrichtungsl\u00f6sung schafft dank der N\u00fcchternheit der Farben eine elegante und aufger\u00e4umte Umgebung in Ihrem Wohnzimmer.\",\"breadcrumb\":{\"@id\":\"https:\/\/www.bagnoitalia.com\/de\/produkt\/perla-eck-wohnzimmer-sofa-330-cm-mikrofaser-mit-chaiselongue.html#breadcrumb\"},\"inLanguage\":\"de\",\"potentialAction\":[{\"@type\":\"ReadAction\",\"target\":[\"https:\/\/www.bagnoitalia.com\/de\/produkt\/perla-eck-wohnzimmer-sofa-330-cm-mikrofaser-mit-chaiselongue.html\"]}]},{\"@type\":\"ImageObject\",\"inLanguage\":\"de\",\"@id\":\"https:\/\/www.bagnoitalia.com\/de\/produkt\/perla-eck-wohnzimmer-sofa-330-cm-mikrofaser-mit-chaiselongue.html#primaryimage\",\"url\":\"https:\/\/img.bagnoitalia.com\/wp-content\/uploads\/virtuemart\/product\/Corner-sofa-living-Pearl-1_1541697388_618.jpg\",\"contentUrl\":\"https:\/\/img.bagnoitalia.com\/wp-content\/uploads\/virtuemart\/product\/Corner-sofa-living-Pearl-1_1541697388_618.jpg\",\"width\":600,\"height\":600},{\"@type\":\"BreadcrumbList\",\"@id\":\"https:\/\/www.bagnoitalia.com\/de\/produkt\/perla-eck-wohnzimmer-sofa-330-cm-mikrofaser-mit-chaiselongue.html#breadcrumb\",\"itemListElement\":[{\"@type\":\"ListItem\",\"position\":1,\"name\":\"Home\",\"item\":\"https:\/\/www.bagnoitalia.com\/de\"},{\"@type\":\"ListItem\",\"position\":2,\"name\":\"Produkte\",\"item\":\"https:\/\/www.bagnoitalia.com\/de\/shop\"},{\"@type\":\"ListItem\",\"position\":3,\"name\":\"Perla Eck-Wohnzimmersofa 330 cm aus Mikrofasern, mit R\u00e9camiere\"}]},{\"@type\":\"WebSite\",\"@id\":\"https:\/\/www.bagnoitalia.com\/de#website\",\"url\":\"https:\/\/www.bagnoitalia.com\/de\",\"name\":\"Bagno Italia\",\"description\":\"\",\"publisher\":{\"@id\":\"https:\/\/www.bagnoitalia.com\/de#organization\"},\"potentialAction\":[{\"@type\":\"SearchAction\",\"target\":{\"@type\":\"EntryPoint\",\"urlTemplate\":\"https:\/\/www.bagnoitalia.com\/de?s={search_term_string}\"},\"query-input\":{\"@type\":\"PropertyValueSpecification\",\"valueRequired\":true,\"valueName\":\"search_term_string\"}}],\"inLanguage\":\"de\"},{\"@type\":\"Organization\",\"@id\":\"https:\/\/www.bagnoitalia.com\/de#organization\",\"name\":\"Bagno Italia\",\"url\":\"https:\/\/www.bagnoitalia.com\/de\",\"logo\":{\"@type\":\"ImageObject\",\"inLanguage\":\"de\",\"@id\":\"https:\/\/www.bagnoitalia.com\/de#\/schema\/logo\/image\/\",\"url\":\"https:\/\/img.bagnoitalia.com\/wp-content\/uploads\/logo-bagnoitalia.webp\",\"contentUrl\":\"https:\/\/img.bagnoitalia.com\/wp-content\/uploads\/logo-bagnoitalia.webp\",\"width\":400,\"height\":70,\"caption\":\"Bagno Italia\"},\"image\":{\"@id\":\"https:\/\/www.bagnoitalia.com\/de#\/schema\/logo\/image\/\"}}]}<\/script>\n<!-- \/ Yoast SEO plugin. -->","yoast_head_json":{"title":"Perla Eck-Wohnzimmer Sofa 330 cm Mikrofaser mit Halbinsel","description":"Das Perla-Ecksofa hat einen strengen Charakter und kann sich an jede Umgebung anpassen. Diese Einrichtungsl\u00f6sung schafft dank der N\u00fcchternheit der Farben eine elegante und aufger\u00e4umte Umgebung in Ihrem Wohnzimmer.","robots":{"index":"index","follow":"follow","max-snippet":"max-snippet:-1","max-image-preview":"max-image-preview:large","max-video-preview":"max-video-preview:-1"},"canonical":"https:\/\/www.bagnoitalia.com\/de\/produkt\/perla-eck-wohnzimmer-sofa-330-cm-mikrofaser-mit-chaiselongue.html","og_locale":"de_DE","og_type":"article","og_title":"Perla Eck-Wohnzimmer Sofa 330 cm Mikrofaser mit Halbinsel","og_description":"Das Perla-Ecksofa hat einen strengen Charakter und kann sich an jede Umgebung anpassen. Diese Einrichtungsl\u00f6sung schafft dank der N\u00fcchternheit der Farben eine elegante und aufger\u00e4umte Umgebung in Ihrem Wohnzimmer.","og_url":"https:\/\/www.bagnoitalia.com\/de\/produkt\/perla-eck-wohnzimmer-sofa-330-cm-mikrofaser-mit-chaiselongue.html","og_site_name":"Bagno Italia","article_modified_time":"2025-06-14T17:23:01+00:00","og_image":[{"width":600,"height":600,"url":"https:\/\/img.bagnoitalia.com\/wp-content\/uploads\/virtuemart\/product\/Corner-sofa-living-Pearl-1_1541697388_618.jpg","type":"image\/jpeg"}],"twitter_card":"summary_large_image","twitter_misc":{"Gesch\u00e4tzte Lesezeit":"1\u00a0Minute"},"schema":{"@context":"https:\/\/schema.org","@graph":[{"@type":"WebPage","@id":"https:\/\/www.bagnoitalia.com\/de\/produkt\/perla-eck-wohnzimmer-sofa-330-cm-mikrofaser-mit-chaiselongue.html","url":"https:\/\/www.bagnoitalia.com\/de\/produkt\/perla-eck-wohnzimmer-sofa-330-cm-mikrofaser-mit-chaiselongue.html","name":"Perla Eck-Wohnzimmer Sofa 330 cm Mikrofaser mit Halbinsel","isPartOf":{"@id":"https:\/\/www.bagnoitalia.com\/de#website"},"primaryImageOfPage":{"@id":"https:\/\/www.bagnoitalia.com\/de\/produkt\/perla-eck-wohnzimmer-sofa-330-cm-mikrofaser-mit-chaiselongue.html#primaryimage"},"image":{"@id":"https:\/\/www.bagnoitalia.com\/de\/produkt\/perla-eck-wohnzimmer-sofa-330-cm-mikrofaser-mit-chaiselongue.html#primaryimage"},"thumbnailUrl":"https:\/\/img.bagnoitalia.com\/wp-content\/uploads\/virtuemart\/product\/Corner-sofa-living-Pearl-1_1541697388_618.jpg","datePublished":"2016-12-20T12:30:35+00:00","dateModified":"2025-06-14T17:23:01+00:00","description":"Das Perla-Ecksofa hat einen strengen Charakter und kann sich an jede Umgebung anpassen. Diese Einrichtungsl\u00f6sung schafft dank der N\u00fcchternheit der Farben eine elegante und aufger\u00e4umte Umgebung in Ihrem Wohnzimmer.","breadcrumb":{"@id":"https:\/\/www.bagnoitalia.com\/de\/produkt\/perla-eck-wohnzimmer-sofa-330-cm-mikrofaser-mit-chaiselongue.html#breadcrumb"},"inLanguage":"de","potentialAction":[{"@type":"ReadAction","target":["https:\/\/www.bagnoitalia.com\/de\/produkt\/perla-eck-wohnzimmer-sofa-330-cm-mikrofaser-mit-chaiselongue.html"]}]},{"@type":"ImageObject","inLanguage":"de","@id":"https:\/\/www.bagnoitalia.com\/de\/produkt\/perla-eck-wohnzimmer-sofa-330-cm-mikrofaser-mit-chaiselongue.html#primaryimage","url":"https:\/\/img.bagnoitalia.com\/wp-content\/uploads\/virtuemart\/product\/Corner-sofa-living-Pearl-1_1541697388_618.jpg","contentUrl":"https:\/\/img.bagnoitalia.com\/wp-content\/uploads\/virtuemart\/product\/Corner-sofa-living-Pearl-1_1541697388_618.jpg","width":600,"height":600},{"@type":"BreadcrumbList","@id":"https:\/\/www.bagnoitalia.com\/de\/produkt\/perla-eck-wohnzimmer-sofa-330-cm-mikrofaser-mit-chaiselongue.html#breadcrumb","itemListElement":[{"@type":"ListItem","position":1,"name":"Home","item":"https:\/\/www.bagnoitalia.com\/de"},{"@type":"ListItem","position":2,"name":"Produkte","item":"https:\/\/www.bagnoitalia.com\/de\/shop"},{"@type":"ListItem","position":3,"name":"Perla Eck-Wohnzimmersofa 330 cm aus Mikrofasern, mit R\u00e9camiere"}]},{"@type":"WebSite","@id":"https:\/\/www.bagnoitalia.com\/de#website","url":"https:\/\/www.bagnoitalia.com\/de","name":"Bagno Italia","description":"","publisher":{"@id":"https:\/\/www.bagnoitalia.com\/de#organization"},"potentialAction":[{"@type":"SearchAction","target":{"@type":"EntryPoint","urlTemplate":"https:\/\/www.bagnoitalia.com\/de?s={search_term_string}"},"query-input":{"@type":"PropertyValueSpecification","valueRequired":true,"valueName":"search_term_string"}}],"inLanguage":"de"},{"@type":"Organization","@id":"https:\/\/www.bagnoitalia.com\/de#organization","name":"Bagno Italia","url":"https:\/\/www.bagnoitalia.com\/de","logo":{"@type":"ImageObject","inLanguage":"de","@id":"https:\/\/www.bagnoitalia.com\/de#\/schema\/logo\/image\/","url":"https:\/\/img.bagnoitalia.com\/wp-content\/uploads\/logo-bagnoitalia.webp","contentUrl":"https:\/\/img.bagnoitalia.com\/wp-content\/uploads\/logo-bagnoitalia.webp","width":400,"height":70,"caption":"Bagno Italia"},"image":{"@id":"https:\/\/www.bagnoitalia.com\/de#\/schema\/logo\/image\/"}}]}},"_links":{"self":[{"href":"https:\/\/www.bagnoitalia.com\/de\/wp-json\/wp\/v2\/product\/80351","targetHints":{"allow":["GET"]}}],"collection":[{"href":"https:\/\/www.bagnoitalia.com\/de\/wp-json\/wp\/v2\/product"}],"about":[{"href":"https:\/\/www.bagnoitalia.com\/de\/wp-json\/wp\/v2\/types\/product"}],"replies":[{"embeddable":true,"href":"https:\/\/www.bagnoitalia.com\/de\/wp-json\/wp\/v2\/comments?post=80351"}],"version-history":[{"count":0,"href":"https:\/\/www.bagnoitalia.com\/de\/wp-json\/wp\/v2\/product\/80351\/revisions"}],"wp:featuredmedia":[{"embeddable":true,"href":"https:\/\/www.bagnoitalia.com\/de\/wp-json\/wp\/v2\/media\/34082"}],"wp:attachment":[{"href":"https:\/\/www.bagnoitalia.com\/de\/wp-json\/wp\/v2\/media?parent=80351"}],"wp:term":[{"taxonomy":"product_brand","embeddable":true,"href":"https:\/\/www.bagnoitalia.com\/de\/wp-json\/wp\/v2\/product_brand?post=80351"},{"taxonomy":"product_cat","embeddable":true,"href":"https:\/\/www.bagnoitalia.com\/de\/wp-json\/wp\/v2\/product_cat?post=80351"},{"taxonomy":"product_tag","embeddable":true,"href":"https:\/\/www.bagnoitalia.com\/de\/wp-json\/wp\/v2\/product_tag?post=80351"}],"curies":[{"name":"wp","href":"https:\/\/api.w.org\/{rel}","templated":true}]}}