{"id":80347,"date":"2016-12-17T10:06:33","date_gmt":"2016-12-17T09:06:33","guid":{"rendered":"https:\/\/www.bagnoitalia.com\/product\/beatrice-wohnzimmer-sofa-360cm-moderne-mobel-inklusive-kissen"},"modified":"2024-05-10T23:48:58","modified_gmt":"2024-05-10T21:48:58","slug":"beatrice-wohnzimmer-sofa-360cm-moderne-mobel-inklusive-kissen","status":"publish","type":"product","link":"https:\/\/www.bagnoitalia.com\/de\/produkt\/beatrice-wohnzimmer-sofa-360cm-moderne-mobel-inklusive-kissen.html","title":{"rendered":"Beatrice Wohnzimmersofa 360cm moderne Inneneinrichtung, Kissen inklusive"},"content":{"rendered":"<p style=\"margin-bottom: 0cm;\"><span style=\"font-family: 'Arial Unicode MS', sans-serif; font-size: 12pt;\">Das <strong>Beatrice<\/strong> Sofa hat einen luxuri\u00f6sen und raffinierten Stil und ein besonderes Design, das durch die gesteppte Polsterung und die einfachen und linearen Formen hervorgehoben wird.<\/span><\/p>\n<p style=\"margin-bottom: 0cm;\"><span style=\"font-family: 'Arial Unicode MS', sans-serif; font-size: 12pt;\">Sein lineares Design macht es wirklich vielseitig und anpassungsf\u00e4hig oder f\u00fcr jeden Stil. Die Eleganz dieses Sofas verzaubert jeden vor Ihnen.<\/span><\/p>\n<p style=\"margin-bottom: 0cm;\"><span style=\"font-size: 12pt;\"><span style=\"font-family: 'Arial Unicode MS', sans-serif;\">Beatrice besteht vollst\u00e4ndig aus Stoff und vermittelt einen Hauch von Farbe und Fantasie, die eine warme und einladende Umgebung schaffen. Es zeichnet sich au\u00dferdem durch die geschwungene und umh\u00fcllende Linie aus. Es<\/span> <strong><span style=\"color: #242424;\"><span style=\"font-family: 'Arial Unicode MS', sans-serif;\"><span><span style=\"font-weight: normal;\">ist eine Polsterung aus<\/span><\/span><\/span><\/span><\/strong> <strong><span style=\"color: #242424;\"><span style=\"font-family: 'Arial Unicode MS', sans-serif;\"><span><span style=\"text-decoration: underline;\"><span style=\"font-weight: normal;\">Polyurethanschaum<\/span><\/span><\/span><\/span><\/span><\/strong> <strong><span style=\"color: #242424;\"><span style=\"font-family: 'Arial Unicode MS', sans-serif;\"><span><span style=\"font-weight: normal;\">mit \u00f6kologischer Dichte und differenzierter Dichte, die mit einer Dacron-Schicht \u00fcberzogen ist, die den Komfort des Sitzes ausmacht.<\/span><\/span><\/span><\/span><\/strong><\/span><\/p>\n<p>&nbsp;<\/p>\n<p style=\"margin-bottom: 0cm;\"><span style=\"font-family: 'Arial Unicode MS', sans-serif; font-size: 12pt;\"><span style=\"text-decoration: underline;\"><strong>EIGENSCHAFTEN<\/strong><\/span><\/span><\/p>\n<ul>\n<li>\n<p style=\"margin-bottom: 0cm;\"><span style=\"font-family: 'Arial Unicode MS', sans-serif; font-size: 12pt;\">Gr\u00f6\u00dfe: 360x195x90cm<\/span><\/p>\n<\/li>\n<li>\n<p style=\"margin-bottom: 0cm;\"><span style=\"font-family: 'Arial Unicode MS', sans-serif; font-size: 12pt;\">abziehbar<\/span><\/p>\n<\/li>\n<li>\n<p style=\"margin-bottom: 0cm;\"><span style=\"font-family: 'Arial Unicode MS', sans-serif; font-size: 12pt;\">Kissen <strong>enthalten<\/strong><\/span><\/p>\n<\/li>\n<li>\n<p style=\"margin-bottom: 0cm; line-height: 0.71cm;\"><span style=\"color: #000000; font-size: 12pt;\"><span style=\"font-family: 'Arial Unicode MS', sans-serif;\"><span>Leicht zu reinigen<\/span><\/span><\/span><\/p>\n<\/li>\n<li>\n<p style=\"margin-bottom: 0cm; line-height: 0.71cm;\"><span style=\"color: #000000; font-size: 12pt;\"><span style=\"font-family: 'Arial Unicode MS', sans-serif;\"><span><strong>verschlei\u00dffest<\/strong><\/span><\/span><\/span><\/p>\n<\/li>\n<li>\n<p style=\"margin-bottom: 0cm; line-height: 0.71cm;\"><span style=\"color: #000000;\"><span style=\"font-family: 'Arial Unicode MS',sans-serif;\"><span style=\"font-size: medium;\"><span style=\"color: #b00000;\">handgefertigt<\/span><\/span><\/span><\/span><\/p>\n<\/li>\n<li>\n<p style=\"margin-bottom: 0cm; line-height: 0.71cm;\"><span style=\"color: #000000; font-size: 12pt;\"><span style=\"font-family: 'Arial Unicode MS', sans-serif;\"><span>nat\u00fcrliche Elastizit\u00e4t<\/span><\/span><\/span><\/p>\n<\/li>\n<li>\n<p style=\"margin-bottom: 0cm; line-height: 0.71cm;\"><span style=\"color: #000000; font-size: 12pt;\"><span style=\"font-family: 'Arial Unicode MS', sans-serif;\"><span><strong>verst\u00e4rkter<\/strong> Rahmen<\/span><\/span><\/span><\/p>\n<\/li>\n<li>\n<p style=\"margin-bottom: 0cm; line-height: 0.71cm;\"><span style=\"color: #000000; font-size: 12pt;\"><span style=\"font-family: 'Arial Unicode MS', sans-serif;\"><span>dichte Kissen<\/span><\/span><\/span><\/p>\n<\/li>\n<\/ul>\n<p>&nbsp;<\/p>\n<p style=\"margin-bottom: 0cm;\"><span style=\"font-family: 'Arial Unicode MS', sans-serif; font-size: 12pt;\"><span style=\"text-decoration: underline;\"><strong>MATERIAL<\/strong><\/span><\/span><\/p>\n<ul>\n<li>\n<p style=\"margin-bottom: 0cm;\"><span style=\"font-family: 'Arial Unicode MS', sans-serif; font-size: 12pt;\">Struktur: Frischholz, das mit einer Schicht aus POLIREUTANO bedeckt ist<\/span><\/p>\n<\/li>\n<li>\n<p style=\"margin-bottom: 0cm;\"><span style=\"font-family: 'Arial Unicode MS', sans-serif; font-size: 12pt;\">Polsterung: verschieden gedichtete Stoffe, die mit einer Dacron-Schicht bedeckt sind<\/span><\/p>\n<\/li>\n<li>\n<p style=\"margin-bottom: 0cm;\"><span style=\"font-family: 'Arial Unicode MS', sans-serif; font-size: 12pt;\">Sitz und R\u00fcckenlehne: Polyurethan<\/span><\/p>\n<\/li>\n<\/ul>\n<p style=\"margin-bottom: 0cm;\"><span style=\"font-family: 'Arial Unicode MS',sans-serif; font-size: 12pt;\">Verwenden Sie zu <strong>Reinigungszwecken<\/strong> nur ein weiches, leicht angefeuchtetes Tuch. Verwenden Sie <span style=\"text-decoration: underline;\">keine<\/span> rauen T\u00fccher oder Scheuerschw\u00e4mme, die die Oberfl\u00e4che zerkratzen k\u00f6nnten. Verwenden Sie<span style=\"text-decoration: underline;\"> keine<\/span> aggressiven Reinigungsmittel.<\/span><\/p>\n<p>&nbsp;<\/p>\n<p>&nbsp;<\/p>\n","protected":false},"excerpt":{"rendered":"<p>Beatrice besteht vollst\u00e4ndig aus Stoff und vermittelt einen Hauch von Farbe und Fantasie, die eine warme und einladende Umgebung schaffen. Es zeichnet sich au\u00dferdem durch die geschwungene und umh\u00fcllende Linie aus. Es ist eine Polsterung aus Polyurethanschaum mit \u00f6kologischer Dichte und differenzierter Dichte, die mit einer Dracon-Schicht \u00fcberzogen ist, die den Komfort des Sitzes ausmacht.<\/p>\n","protected":false},"featured_media":34054,"comment_status":"open","ping_status":"closed","template":"","meta":[],"product_brand":[5021],"product_cat":[9792],"product_tag":[],"class_list":{"0":"post-80347","1":"product","2":"type-product","3":"status-publish","4":"has-post-thumbnail","6":"product_brand-predator-arredo-casa","7":"product_cat-sofa-inneneinrichtung","9":"first","10":"instock","11":"sale","12":"taxable","13":"shipping-taxable","14":"purchasable","15":"product-type-simple"},"exclude_global_add_ons":[],"addons":[],"yoast_head":"<!-- This site is optimized with the Yoast SEO plugin v26.7 - https:\/\/yoast.com\/wordpress\/plugins\/seo\/ -->\n<title>Beatrice Wohnzimmersofa 360cm mit modernen Einrichtungskissen<\/title>\n<meta name=\"description\" content=\"Beatrice besteht vollst\u00e4ndig aus Stoff und vermittelt einen Hauch von Farbe und Fantasie, die eine warme und einladende Umgebung schaffen. Es zeichnet sich au\u00dferdem durch die geschwungene und umh\u00fcllende Linie aus. Es ist eine Polsterung aus Polyurethanschaum mit \u00f6kologischer Dichte und differenzierter Dichte, die mit einer Dacron-Schicht \u00fcberzogen ist, die den Komfort des Sitzes ausmacht.\" \/>\n<meta name=\"robots\" content=\"index, follow, max-snippet:-1, max-image-preview:large, max-video-preview:-1\" \/>\n<link rel=\"canonical\" href=\"https:\/\/www.bagnoitalia.com\/de\/produkt\/beatrice-wohnzimmer-sofa-360cm-moderne-mobel-inklusive-kissen.html\" \/>\n<meta property=\"og:locale\" content=\"de_DE\" \/>\n<meta property=\"og:type\" content=\"article\" \/>\n<meta property=\"og:title\" content=\"Beatrice Wohnzimmersofa 360cm mit modernen Einrichtungskissen\" \/>\n<meta property=\"og:description\" content=\"Beatrice besteht vollst\u00e4ndig aus Stoff und vermittelt einen Hauch von Farbe und Fantasie, die eine warme und einladende Umgebung schaffen. Es zeichnet sich au\u00dferdem durch die geschwungene und umh\u00fcllende Linie aus. Es ist eine Polsterung aus Polyurethanschaum mit \u00f6kologischer Dichte und differenzierter Dichte, die mit einer Dacron-Schicht \u00fcberzogen ist, die den Komfort des Sitzes ausmacht.\" \/>\n<meta property=\"og:url\" content=\"https:\/\/www.bagnoitalia.com\/de\/produkt\/beatrice-wohnzimmer-sofa-360cm-moderne-mobel-inklusive-kissen.html\" \/>\n<meta property=\"og:site_name\" content=\"Bagno Italia\" \/>\n<meta property=\"article:modified_time\" content=\"2024-05-10T21:48:58+00:00\" \/>\n<meta property=\"og:image\" content=\"https:\/\/img.bagnoitalia.com\/wp-content\/uploads\/virtuemart\/product\/Sofa-living-360-Beatrice-1_1541697625_4237.jpg\" \/>\n\t<meta property=\"og:image:width\" content=\"600\" \/>\n\t<meta property=\"og:image:height\" content=\"600\" \/>\n\t<meta property=\"og:image:type\" content=\"image\/jpeg\" \/>\n<meta name=\"twitter:card\" content=\"summary_large_image\" \/>\n<meta name=\"twitter:label1\" content=\"Gesch\u00e4tzte Lesezeit\" \/>\n\t<meta name=\"twitter:data1\" content=\"1\u00a0Minute\" \/>\n<script type=\"application\/ld+json\" class=\"yoast-schema-graph\">{\"@context\":\"https:\/\/schema.org\",\"@graph\":[{\"@type\":\"WebPage\",\"@id\":\"https:\/\/www.bagnoitalia.com\/de\/produkt\/beatrice-wohnzimmer-sofa-360cm-moderne-mobel-inklusive-kissen.html\",\"url\":\"https:\/\/www.bagnoitalia.com\/de\/produkt\/beatrice-wohnzimmer-sofa-360cm-moderne-mobel-inklusive-kissen.html\",\"name\":\"Beatrice Wohnzimmersofa 360cm mit modernen Einrichtungskissen\",\"isPartOf\":{\"@id\":\"https:\/\/www.bagnoitalia.com\/de#website\"},\"primaryImageOfPage\":{\"@id\":\"https:\/\/www.bagnoitalia.com\/de\/produkt\/beatrice-wohnzimmer-sofa-360cm-moderne-mobel-inklusive-kissen.html#primaryimage\"},\"image\":{\"@id\":\"https:\/\/www.bagnoitalia.com\/de\/produkt\/beatrice-wohnzimmer-sofa-360cm-moderne-mobel-inklusive-kissen.html#primaryimage\"},\"thumbnailUrl\":\"https:\/\/img.bagnoitalia.com\/wp-content\/uploads\/virtuemart\/product\/Sofa-living-360-Beatrice-1_1541697625_4237.jpg\",\"datePublished\":\"2016-12-17T09:06:33+00:00\",\"dateModified\":\"2024-05-10T21:48:58+00:00\",\"description\":\"Beatrice besteht vollst\u00e4ndig aus Stoff und vermittelt einen Hauch von Farbe und Fantasie, die eine warme und einladende Umgebung schaffen. Es zeichnet sich au\u00dferdem durch die geschwungene und umh\u00fcllende Linie aus. Es ist eine Polsterung aus Polyurethanschaum mit \u00f6kologischer Dichte und differenzierter Dichte, die mit einer Dacron-Schicht \u00fcberzogen ist, die den Komfort des Sitzes ausmacht.\",\"breadcrumb\":{\"@id\":\"https:\/\/www.bagnoitalia.com\/de\/produkt\/beatrice-wohnzimmer-sofa-360cm-moderne-mobel-inklusive-kissen.html#breadcrumb\"},\"inLanguage\":\"de\",\"potentialAction\":[{\"@type\":\"ReadAction\",\"target\":[\"https:\/\/www.bagnoitalia.com\/de\/produkt\/beatrice-wohnzimmer-sofa-360cm-moderne-mobel-inklusive-kissen.html\"]}]},{\"@type\":\"ImageObject\",\"inLanguage\":\"de\",\"@id\":\"https:\/\/www.bagnoitalia.com\/de\/produkt\/beatrice-wohnzimmer-sofa-360cm-moderne-mobel-inklusive-kissen.html#primaryimage\",\"url\":\"https:\/\/img.bagnoitalia.com\/wp-content\/uploads\/virtuemart\/product\/Sofa-living-360-Beatrice-1_1541697625_4237.jpg\",\"contentUrl\":\"https:\/\/img.bagnoitalia.com\/wp-content\/uploads\/virtuemart\/product\/Sofa-living-360-Beatrice-1_1541697625_4237.jpg\",\"width\":600,\"height\":600},{\"@type\":\"BreadcrumbList\",\"@id\":\"https:\/\/www.bagnoitalia.com\/de\/produkt\/beatrice-wohnzimmer-sofa-360cm-moderne-mobel-inklusive-kissen.html#breadcrumb\",\"itemListElement\":[{\"@type\":\"ListItem\",\"position\":1,\"name\":\"Home\",\"item\":\"https:\/\/www.bagnoitalia.com\/de\"},{\"@type\":\"ListItem\",\"position\":2,\"name\":\"Produkte\",\"item\":\"https:\/\/www.bagnoitalia.com\/de\/shop\"},{\"@type\":\"ListItem\",\"position\":3,\"name\":\"Beatrice Wohnzimmersofa 360cm moderne Inneneinrichtung, Kissen inklusive\"}]},{\"@type\":\"WebSite\",\"@id\":\"https:\/\/www.bagnoitalia.com\/de#website\",\"url\":\"https:\/\/www.bagnoitalia.com\/de\",\"name\":\"Bagno Italia\",\"description\":\"\",\"publisher\":{\"@id\":\"https:\/\/www.bagnoitalia.com\/de#organization\"},\"potentialAction\":[{\"@type\":\"SearchAction\",\"target\":{\"@type\":\"EntryPoint\",\"urlTemplate\":\"https:\/\/www.bagnoitalia.com\/de?s={search_term_string}\"},\"query-input\":{\"@type\":\"PropertyValueSpecification\",\"valueRequired\":true,\"valueName\":\"search_term_string\"}}],\"inLanguage\":\"de\"},{\"@type\":\"Organization\",\"@id\":\"https:\/\/www.bagnoitalia.com\/de#organization\",\"name\":\"Bagno Italia\",\"url\":\"https:\/\/www.bagnoitalia.com\/de\",\"logo\":{\"@type\":\"ImageObject\",\"inLanguage\":\"de\",\"@id\":\"https:\/\/www.bagnoitalia.com\/de#\/schema\/logo\/image\/\",\"url\":\"https:\/\/img.bagnoitalia.com\/wp-content\/uploads\/logo-bagnoitalia.webp\",\"contentUrl\":\"https:\/\/img.bagnoitalia.com\/wp-content\/uploads\/logo-bagnoitalia.webp\",\"width\":400,\"height\":70,\"caption\":\"Bagno Italia\"},\"image\":{\"@id\":\"https:\/\/www.bagnoitalia.com\/de#\/schema\/logo\/image\/\"}}]}<\/script>\n<!-- \/ Yoast SEO plugin. -->","yoast_head_json":{"title":"Beatrice Wohnzimmersofa 360cm mit modernen Einrichtungskissen","description":"Beatrice besteht vollst\u00e4ndig aus Stoff und vermittelt einen Hauch von Farbe und Fantasie, die eine warme und einladende Umgebung schaffen. Es zeichnet sich au\u00dferdem durch die geschwungene und umh\u00fcllende Linie aus. Es ist eine Polsterung aus Polyurethanschaum mit \u00f6kologischer Dichte und differenzierter Dichte, die mit einer Dacron-Schicht \u00fcberzogen ist, die den Komfort des Sitzes ausmacht.","robots":{"index":"index","follow":"follow","max-snippet":"max-snippet:-1","max-image-preview":"max-image-preview:large","max-video-preview":"max-video-preview:-1"},"canonical":"https:\/\/www.bagnoitalia.com\/de\/produkt\/beatrice-wohnzimmer-sofa-360cm-moderne-mobel-inklusive-kissen.html","og_locale":"de_DE","og_type":"article","og_title":"Beatrice Wohnzimmersofa 360cm mit modernen Einrichtungskissen","og_description":"Beatrice besteht vollst\u00e4ndig aus Stoff und vermittelt einen Hauch von Farbe und Fantasie, die eine warme und einladende Umgebung schaffen. Es zeichnet sich au\u00dferdem durch die geschwungene und umh\u00fcllende Linie aus. Es ist eine Polsterung aus Polyurethanschaum mit \u00f6kologischer Dichte und differenzierter Dichte, die mit einer Dacron-Schicht \u00fcberzogen ist, die den Komfort des Sitzes ausmacht.","og_url":"https:\/\/www.bagnoitalia.com\/de\/produkt\/beatrice-wohnzimmer-sofa-360cm-moderne-mobel-inklusive-kissen.html","og_site_name":"Bagno Italia","article_modified_time":"2024-05-10T21:48:58+00:00","og_image":[{"width":600,"height":600,"url":"https:\/\/img.bagnoitalia.com\/wp-content\/uploads\/virtuemart\/product\/Sofa-living-360-Beatrice-1_1541697625_4237.jpg","type":"image\/jpeg"}],"twitter_card":"summary_large_image","twitter_misc":{"Gesch\u00e4tzte Lesezeit":"1\u00a0Minute"},"schema":{"@context":"https:\/\/schema.org","@graph":[{"@type":"WebPage","@id":"https:\/\/www.bagnoitalia.com\/de\/produkt\/beatrice-wohnzimmer-sofa-360cm-moderne-mobel-inklusive-kissen.html","url":"https:\/\/www.bagnoitalia.com\/de\/produkt\/beatrice-wohnzimmer-sofa-360cm-moderne-mobel-inklusive-kissen.html","name":"Beatrice Wohnzimmersofa 360cm mit modernen Einrichtungskissen","isPartOf":{"@id":"https:\/\/www.bagnoitalia.com\/de#website"},"primaryImageOfPage":{"@id":"https:\/\/www.bagnoitalia.com\/de\/produkt\/beatrice-wohnzimmer-sofa-360cm-moderne-mobel-inklusive-kissen.html#primaryimage"},"image":{"@id":"https:\/\/www.bagnoitalia.com\/de\/produkt\/beatrice-wohnzimmer-sofa-360cm-moderne-mobel-inklusive-kissen.html#primaryimage"},"thumbnailUrl":"https:\/\/img.bagnoitalia.com\/wp-content\/uploads\/virtuemart\/product\/Sofa-living-360-Beatrice-1_1541697625_4237.jpg","datePublished":"2016-12-17T09:06:33+00:00","dateModified":"2024-05-10T21:48:58+00:00","description":"Beatrice besteht vollst\u00e4ndig aus Stoff und vermittelt einen Hauch von Farbe und Fantasie, die eine warme und einladende Umgebung schaffen. Es zeichnet sich au\u00dferdem durch die geschwungene und umh\u00fcllende Linie aus. Es ist eine Polsterung aus Polyurethanschaum mit \u00f6kologischer Dichte und differenzierter Dichte, die mit einer Dacron-Schicht \u00fcberzogen ist, die den Komfort des Sitzes ausmacht.","breadcrumb":{"@id":"https:\/\/www.bagnoitalia.com\/de\/produkt\/beatrice-wohnzimmer-sofa-360cm-moderne-mobel-inklusive-kissen.html#breadcrumb"},"inLanguage":"de","potentialAction":[{"@type":"ReadAction","target":["https:\/\/www.bagnoitalia.com\/de\/produkt\/beatrice-wohnzimmer-sofa-360cm-moderne-mobel-inklusive-kissen.html"]}]},{"@type":"ImageObject","inLanguage":"de","@id":"https:\/\/www.bagnoitalia.com\/de\/produkt\/beatrice-wohnzimmer-sofa-360cm-moderne-mobel-inklusive-kissen.html#primaryimage","url":"https:\/\/img.bagnoitalia.com\/wp-content\/uploads\/virtuemart\/product\/Sofa-living-360-Beatrice-1_1541697625_4237.jpg","contentUrl":"https:\/\/img.bagnoitalia.com\/wp-content\/uploads\/virtuemart\/product\/Sofa-living-360-Beatrice-1_1541697625_4237.jpg","width":600,"height":600},{"@type":"BreadcrumbList","@id":"https:\/\/www.bagnoitalia.com\/de\/produkt\/beatrice-wohnzimmer-sofa-360cm-moderne-mobel-inklusive-kissen.html#breadcrumb","itemListElement":[{"@type":"ListItem","position":1,"name":"Home","item":"https:\/\/www.bagnoitalia.com\/de"},{"@type":"ListItem","position":2,"name":"Produkte","item":"https:\/\/www.bagnoitalia.com\/de\/shop"},{"@type":"ListItem","position":3,"name":"Beatrice Wohnzimmersofa 360cm moderne Inneneinrichtung, Kissen inklusive"}]},{"@type":"WebSite","@id":"https:\/\/www.bagnoitalia.com\/de#website","url":"https:\/\/www.bagnoitalia.com\/de","name":"Bagno Italia","description":"","publisher":{"@id":"https:\/\/www.bagnoitalia.com\/de#organization"},"potentialAction":[{"@type":"SearchAction","target":{"@type":"EntryPoint","urlTemplate":"https:\/\/www.bagnoitalia.com\/de?s={search_term_string}"},"query-input":{"@type":"PropertyValueSpecification","valueRequired":true,"valueName":"search_term_string"}}],"inLanguage":"de"},{"@type":"Organization","@id":"https:\/\/www.bagnoitalia.com\/de#organization","name":"Bagno Italia","url":"https:\/\/www.bagnoitalia.com\/de","logo":{"@type":"ImageObject","inLanguage":"de","@id":"https:\/\/www.bagnoitalia.com\/de#\/schema\/logo\/image\/","url":"https:\/\/img.bagnoitalia.com\/wp-content\/uploads\/logo-bagnoitalia.webp","contentUrl":"https:\/\/img.bagnoitalia.com\/wp-content\/uploads\/logo-bagnoitalia.webp","width":400,"height":70,"caption":"Bagno Italia"},"image":{"@id":"https:\/\/www.bagnoitalia.com\/de#\/schema\/logo\/image\/"}}]}},"_links":{"self":[{"href":"https:\/\/www.bagnoitalia.com\/de\/wp-json\/wp\/v2\/product\/80347","targetHints":{"allow":["GET"]}}],"collection":[{"href":"https:\/\/www.bagnoitalia.com\/de\/wp-json\/wp\/v2\/product"}],"about":[{"href":"https:\/\/www.bagnoitalia.com\/de\/wp-json\/wp\/v2\/types\/product"}],"replies":[{"embeddable":true,"href":"https:\/\/www.bagnoitalia.com\/de\/wp-json\/wp\/v2\/comments?post=80347"}],"version-history":[{"count":0,"href":"https:\/\/www.bagnoitalia.com\/de\/wp-json\/wp\/v2\/product\/80347\/revisions"}],"wp:featuredmedia":[{"embeddable":true,"href":"https:\/\/www.bagnoitalia.com\/de\/wp-json\/wp\/v2\/media\/34054"}],"wp:attachment":[{"href":"https:\/\/www.bagnoitalia.com\/de\/wp-json\/wp\/v2\/media?parent=80347"}],"wp:term":[{"taxonomy":"product_brand","embeddable":true,"href":"https:\/\/www.bagnoitalia.com\/de\/wp-json\/wp\/v2\/product_brand?post=80347"},{"taxonomy":"product_cat","embeddable":true,"href":"https:\/\/www.bagnoitalia.com\/de\/wp-json\/wp\/v2\/product_cat?post=80347"},{"taxonomy":"product_tag","embeddable":true,"href":"https:\/\/www.bagnoitalia.com\/de\/wp-json\/wp\/v2\/product_tag?post=80347"}],"curies":[{"name":"wp","href":"https:\/\/api.w.org\/{rel}","templated":true}]}}