{"id":80335,"date":"2016-12-05T14:44:26","date_gmt":"2016-12-05T13:44:26","guid":{"rendered":"https:\/\/www.bagnoitalia.com\/product\/peonia-doppelbett-aus-weisem-kunstleder-216x166-oder-schwarzem-kunstleder-216x186-holzfus"},"modified":"2024-05-24T14:49:52","modified_gmt":"2024-05-24T12:49:52","slug":"peonia-doppelbett-aus-weisem-kunstleder-216x166-oder-schwarzem-kunstleder-216x186-holzfus","status":"publish","type":"product","link":"https:\/\/www.bagnoitalia.com\/de\/produkt\/peonia-doppelbett-aus-weisem-kunstleder-216x166-oder-schwarzem-kunstleder-216x186-holzfus.html","title":{"rendered":"Peonia Doppelbett aus wei\u00dfem 216x166cm oder schwarzem 216x186cm Kunstleder, mit Holzf\u00fc\u00dfen"},"content":{"rendered":"<p style=\"margin-bottom: 0cm;\"><span style=\"font-family: 'Arial Unicode MS', sans-serif; font-size: 12pt;\">Das Doppelbett<\/span> <span style=\"font-family: 'Arial Unicode MS', sans-serif; font-size: 12pt;\"><strong>Peonia<\/strong> besteht aus <strong>Kunstleder<\/strong>. Durch das moderne Stil und dem speziellen Design wird es zum Mittelpunkt des Raumes.<\/span><span style=\"font-family: 'Arial Unicode MS', sans-serif; font-size: 12pt;\"> Die klaren und einfachen Formen im Zusammenspiel mit dem gepolsteren Rahmen und den Holzbeinen verleihen Ihrem Raum nur noch mehr Stil.<\/span><\/p>\n<p style=\"margin-bottom: 0cm;\"><span style=\"font-family: 'Arial Unicode MS', sans-serif; font-size: 12pt;\">Sein lineares Design macht es wirklich vielseitig und anpassungsf\u00e4hig f\u00fcr jeden Stil. Die Eleganz dieses Bettes verzaubert jeden von Ihnen.<\/span><\/p>\n<p><span style=\"text-decoration: underline;\"><strong><span style=\"font-size: 12pt;\">MA\u00dfE SCHWARZES BETT:<\/span><\/strong><\/span><\/p>\n<p>Au\u00dfenma\u00dfe: 216&#215;186\u00d794cm<\/p>\n<p>Verstauraum: 180\u00d7200cm<\/p>\n<p>&nbsp;<\/p>\n<p><span style=\"text-decoration: underline;\"><strong><span style=\"font-size: 12pt;\">MA\u00dfE WEI\u00dfES BETT:<\/span><\/strong><\/span><\/p>\n<p>Au\u00dfenma\u00dfe: 216&#215;166\u00d794cm<\/p>\n<p>Verstauraum: 160\u00d7200cm<\/p>\n<p>&nbsp;<\/p>\n<p>&nbsp;<\/p>\n<p style=\"margin-bottom: 0cm;\"><span style=\"font-family: 'Arial Unicode MS', sans-serif; font-size: 12pt;\"><span style=\"text-decoration: underline;\"><strong>EIGENSCHAFTEN<\/strong><\/span><\/span><\/p>\n<ul>\n<li>\n<p style=\"margin-bottom: 0cm; line-height: 0.71cm;\"><span style=\"color: #000000; font-size: 12pt;\"><span style=\"font-family: 'Arial Unicode MS', sans-serif;\">Leicht zu reinigen<\/span><\/span><\/p>\n<\/li>\n<li>\n<p style=\"margin-bottom: 0cm; line-height: 0.71cm;\"><span style=\"color: #000000; font-size: 12pt;\"><span style=\"font-family: 'Arial Unicode MS', sans-serif;\"><strong>verschlei\u00dffest<\/strong><\/span><\/span><\/p>\n<\/li>\n<li>\n<p style=\"margin-bottom: 0cm; line-height: 0.71cm;\"><span style=\"color: #000000; font-size: 12pt;\"><span style=\"font-family: 'Arial Unicode MS', sans-serif;\"><strong>gepolsterte<\/strong> Kissen<\/span><\/span><\/p>\n<\/li>\n<li>\n<p style=\"margin-bottom: 0cm; line-height: 0.71cm;\"><span style=\"color: #000000;\"><span style=\"font-family: 'Arial Unicode MS',sans-serif;\"><span style=\"font-size: medium;\"><span style=\"color: #b00000;\">von Hand gefertigt<\/span><\/span><\/span><\/span><\/p>\n<\/li>\n<li>\n<p style=\"margin-bottom: 0cm; line-height: 0.71cm;\"><span style=\"color: #000000; font-size: 12pt;\"><span style=\"font-family: 'Arial Unicode MS', sans-serif;\">nat\u00fcrliche Elastizit\u00e4t<\/span><\/span><\/p>\n<\/li>\n<li>\n<p style=\"margin-bottom: 0cm; line-height: 0.71cm;\"><span style=\"color: #000000; font-size: 12pt;\"><span style=\"font-family: 'Arial Unicode MS', sans-serif;\"><strong>verst\u00e4rkter<\/strong> Rahmen<\/span><\/span><\/p>\n<\/li>\n<\/ul>\n<p style=\"margin-bottom: 0cm;\"><span style=\"font-family: 'Arial Unicode MS', sans-serif; font-size: 12pt;\"><span style=\"text-decoration: underline;\"><strong>MATERIAL<\/strong><\/span><\/span><\/p>\n<ul>\n<li>\n<p style=\"margin-bottom: 0cm;\"><span style=\"color: #000000; font-size: 12pt;\"><span style=\"font-family: 'Arial Unicode MS', sans-serif;\"><span style=\"text-decoration: underline;\">Bettfl\u00e4che<\/span> :<\/span><\/span><\/p>\n<ul>\n<li>\n<p style=\"margin-bottom: 0cm;\"><span style=\"color: #000000; font-size: 12pt;\"><span style=\"font-family: 'Arial Unicode MS', sans-serif;\">10% Polyurethan<\/span><\/span><\/p>\n<\/li>\n<li>\n<p style=\"margin-bottom: 0cm;\"><span style=\"color: #000000; font-size: 12pt;\"><span style=\"font-family: 'Arial Unicode MS', sans-serif;\">35% PVC<\/span><\/span><\/p>\n<\/li>\n<li>\n<p style=\"margin-bottom: 0cm;\"><span style=\"color: #000000; font-size: 12pt;\"><span style=\"font-family: 'Arial Unicode MS', sans-serif;\">35% Polyester<\/span><\/span><\/p>\n<\/li>\n<li>\n<p style=\"margin-bottom: 0cm;\"><span style=\"color: #000000; font-size: 12pt;\"><span style=\"font-family: 'Arial Unicode MS', sans-serif;\">20% Baumwolle<\/span><\/span><\/p>\n<\/li>\n<\/ul>\n<\/li>\n<li>\n<p style=\"margin-bottom: 0cm; line-height: 0.71cm;\"><span style=\"color: #000000; font-size: 12pt;\"><span style=\"font-family: 'Arial Unicode MS', sans-serif;\"><span style=\"text-decoration: underline;\">Kopfteil<\/span> : Kunstleder<\/span><\/span><\/p>\n<\/li>\n<li>\n<p style=\"margin-bottom: 0cm; line-height: 0.71cm;\"><span style=\"color: #000000; font-size: 12pt;\"><span style=\"font-family: 'Arial Unicode MS', sans-serif;\"><span style=\"text-decoration: underline;\">Bezug<\/span> : Kunstleder<\/span><\/span><\/p>\n<\/li>\n<\/ul>\n<p>&nbsp;<\/p>\n<p style=\"margin-bottom: 0cm; line-height: 0.71cm;\"><span style=\"color: #000000; font-size: 12pt;\"><span style=\"font-family: 'Arial Unicode MS', sans-serif;\">Verwenden Sie zu <strong>Reinigungszwecken<\/strong> nur ein weiches, leicht angefeuchtetes Tuch. Verwenden <span style=\"text-decoration: underline;\">Sie<\/span> keine rauen T\u00fccher oder Scheuerschw\u00e4mme, die die Oberfl\u00e4che zerkratzen k\u00f6nnten. Verwenden <span style=\"text-decoration: underline;\">Sie keine<\/span> aggressiven Reinigungsmittel.<\/span><\/span><\/p>\n<p>&nbsp;<\/p>\n<p>&nbsp;<\/p>\n<p>&nbsp;<\/p>\n","protected":false},"excerpt":{"rendered":"<p>Das aus Kunstleder gefertigte Doppelbett Peonia wird durch seinen modernen Stil und sein besonderes und avantgardistisches Design zum H\u00f6hepunkt des Raumes. Das Design wird durch seine einfachen und lineare Formen, der soliden gepolsterten Struktur und den Holzf\u00fc\u00dfen hervorgehoben. Zudem ist das Bett mit einem praktischen Verstauraum ausgestattet.<\/p>\n","protected":false},"featured_media":33966,"comment_status":"open","ping_status":"closed","template":"","meta":[],"product_brand":[5021],"product_cat":[9800],"product_tag":[],"class_list":{"0":"post-80335","1":"product","2":"type-product","3":"status-publish","4":"has-post-thumbnail","6":"product_brand-predator-arredo-casa","7":"product_cat-betten-inneneinrichtung","9":"first","10":"instock","11":"sale","12":"taxable","13":"shipping-taxable","14":"purchasable","15":"product-type-simple"},"exclude_global_add_ons":false,"addons":[{"name":"Farbe","type":"multiple_choice","position":0,"required":true,"title_format":"heading","default":"","description_enable":false,"description":"","placeholder_enable":false,"placeholder":"","display":"select","restrictions_type":"any_text","adjust_price":false,"price":"","price_type":"flat_fee","restrictions":false,"min":"0","max":"0","options":[{"label":"216X166 WEISS","price":"","price_type":"quantity_based","image":0,"visibility":true},{"label":"216X186 SCHWARZ","price":"20","price_type":"quantity_based","image":0,"visibility":true}],"id":1716562193}],"yoast_head":"<!-- This site is optimized with the Yoast SEO plugin v26.7 - https:\/\/yoast.com\/wordpress\/plugins\/seo\/ -->\n<title>Doppelbett Pfingstrose aus wei\u00dfem oder schwarzem gestepptem Kunstleder 216x166 p<\/title>\n<meta name=\"description\" content=\"Das vollst\u00e4ndig aus Kunstleder gefertigte Aufbewahrungs-Doppelbett Peony wird durch seinen modernen Stil und sein besonderes und avantgardistisches Design, das durch einfache und lineare Formen, eine solide gepolsterte Struktur und F\u00fc\u00dfe hervorgehoben wird, zum Mittelpunkt des Raums Holz.\" \/>\n<meta name=\"robots\" content=\"index, follow, max-snippet:-1, max-image-preview:large, max-video-preview:-1\" \/>\n<link rel=\"canonical\" href=\"https:\/\/www.bagnoitalia.com\/de\/produkt\/peonia-doppelbett-aus-weisem-kunstleder-216x166-oder-schwarzem-kunstleder-216x186-holzfus.html\" \/>\n<meta property=\"og:locale\" content=\"de_DE\" \/>\n<meta property=\"og:type\" content=\"article\" \/>\n<meta property=\"og:title\" content=\"Doppelbett Pfingstrose aus wei\u00dfem oder schwarzem gestepptem Kunstleder 216x166 p\" \/>\n<meta property=\"og:description\" content=\"Das vollst\u00e4ndig aus Kunstleder gefertigte Aufbewahrungs-Doppelbett Peony wird durch seinen modernen Stil und sein besonderes und avantgardistisches Design, das durch einfache und lineare Formen, eine solide gepolsterte Struktur und F\u00fc\u00dfe hervorgehoben wird, zum Mittelpunkt des Raums Holz.\" \/>\n<meta property=\"og:url\" content=\"https:\/\/www.bagnoitalia.com\/de\/produkt\/peonia-doppelbett-aus-weisem-kunstleder-216x166-oder-schwarzem-kunstleder-216x186-holzfus.html\" \/>\n<meta property=\"og:site_name\" content=\"Bagno Italia\" \/>\n<meta property=\"article:modified_time\" content=\"2024-05-24T12:49:52+00:00\" \/>\n<meta property=\"og:image\" content=\"https:\/\/img.bagnoitalia.com\/wp-content\/uploads\/virtuemart\/product\/Double-bed-faux-lather-Peonia-1_1541774969_7508.jpg\" \/>\n\t<meta property=\"og:image:width\" content=\"571\" \/>\n\t<meta property=\"og:image:height\" content=\"572\" \/>\n\t<meta property=\"og:image:type\" content=\"image\/jpeg\" \/>\n<meta name=\"twitter:card\" content=\"summary_large_image\" \/>\n<meta name=\"twitter:label1\" content=\"Gesch\u00e4tzte Lesezeit\" \/>\n\t<meta name=\"twitter:data1\" content=\"1\u00a0Minute\" \/>\n<script type=\"application\/ld+json\" class=\"yoast-schema-graph\">{\"@context\":\"https:\/\/schema.org\",\"@graph\":[{\"@type\":\"WebPage\",\"@id\":\"https:\/\/www.bagnoitalia.com\/de\/produkt\/peonia-doppelbett-aus-weisem-kunstleder-216x166-oder-schwarzem-kunstleder-216x186-holzfus.html\",\"url\":\"https:\/\/www.bagnoitalia.com\/de\/produkt\/peonia-doppelbett-aus-weisem-kunstleder-216x166-oder-schwarzem-kunstleder-216x186-holzfus.html\",\"name\":\"Doppelbett Pfingstrose aus wei\u00dfem oder schwarzem gestepptem Kunstleder 216x166 p\",\"isPartOf\":{\"@id\":\"https:\/\/www.bagnoitalia.com\/de#website\"},\"primaryImageOfPage\":{\"@id\":\"https:\/\/www.bagnoitalia.com\/de\/produkt\/peonia-doppelbett-aus-weisem-kunstleder-216x166-oder-schwarzem-kunstleder-216x186-holzfus.html#primaryimage\"},\"image\":{\"@id\":\"https:\/\/www.bagnoitalia.com\/de\/produkt\/peonia-doppelbett-aus-weisem-kunstleder-216x166-oder-schwarzem-kunstleder-216x186-holzfus.html#primaryimage\"},\"thumbnailUrl\":\"https:\/\/img.bagnoitalia.com\/wp-content\/uploads\/virtuemart\/product\/Double-bed-faux-lather-Peonia-1_1541774969_7508.jpg\",\"datePublished\":\"2016-12-05T13:44:26+00:00\",\"dateModified\":\"2024-05-24T12:49:52+00:00\",\"description\":\"Das vollst\u00e4ndig aus Kunstleder gefertigte Aufbewahrungs-Doppelbett Peony wird durch seinen modernen Stil und sein besonderes und avantgardistisches Design, das durch einfache und lineare Formen, eine solide gepolsterte Struktur und F\u00fc\u00dfe hervorgehoben wird, zum Mittelpunkt des Raums Holz.\",\"breadcrumb\":{\"@id\":\"https:\/\/www.bagnoitalia.com\/de\/produkt\/peonia-doppelbett-aus-weisem-kunstleder-216x166-oder-schwarzem-kunstleder-216x186-holzfus.html#breadcrumb\"},\"inLanguage\":\"de\",\"potentialAction\":[{\"@type\":\"ReadAction\",\"target\":[\"https:\/\/www.bagnoitalia.com\/de\/produkt\/peonia-doppelbett-aus-weisem-kunstleder-216x166-oder-schwarzem-kunstleder-216x186-holzfus.html\"]}]},{\"@type\":\"ImageObject\",\"inLanguage\":\"de\",\"@id\":\"https:\/\/www.bagnoitalia.com\/de\/produkt\/peonia-doppelbett-aus-weisem-kunstleder-216x166-oder-schwarzem-kunstleder-216x186-holzfus.html#primaryimage\",\"url\":\"https:\/\/img.bagnoitalia.com\/wp-content\/uploads\/virtuemart\/product\/Double-bed-faux-lather-Peonia-1_1541774969_7508.jpg\",\"contentUrl\":\"https:\/\/img.bagnoitalia.com\/wp-content\/uploads\/virtuemart\/product\/Double-bed-faux-lather-Peonia-1_1541774969_7508.jpg\",\"width\":571,\"height\":572},{\"@type\":\"BreadcrumbList\",\"@id\":\"https:\/\/www.bagnoitalia.com\/de\/produkt\/peonia-doppelbett-aus-weisem-kunstleder-216x166-oder-schwarzem-kunstleder-216x186-holzfus.html#breadcrumb\",\"itemListElement\":[{\"@type\":\"ListItem\",\"position\":1,\"name\":\"Home\",\"item\":\"https:\/\/www.bagnoitalia.com\/de\"},{\"@type\":\"ListItem\",\"position\":2,\"name\":\"Produkte\",\"item\":\"https:\/\/www.bagnoitalia.com\/de\/shop\"},{\"@type\":\"ListItem\",\"position\":3,\"name\":\"Peonia Doppelbett aus wei\u00dfem 216x166cm oder schwarzem 216x186cm Kunstleder, mit Holzf\u00fc\u00dfen\"}]},{\"@type\":\"WebSite\",\"@id\":\"https:\/\/www.bagnoitalia.com\/de#website\",\"url\":\"https:\/\/www.bagnoitalia.com\/de\",\"name\":\"Bagno Italia\",\"description\":\"\",\"publisher\":{\"@id\":\"https:\/\/www.bagnoitalia.com\/de#organization\"},\"potentialAction\":[{\"@type\":\"SearchAction\",\"target\":{\"@type\":\"EntryPoint\",\"urlTemplate\":\"https:\/\/www.bagnoitalia.com\/de?s={search_term_string}\"},\"query-input\":{\"@type\":\"PropertyValueSpecification\",\"valueRequired\":true,\"valueName\":\"search_term_string\"}}],\"inLanguage\":\"de\"},{\"@type\":\"Organization\",\"@id\":\"https:\/\/www.bagnoitalia.com\/de#organization\",\"name\":\"Bagno Italia\",\"url\":\"https:\/\/www.bagnoitalia.com\/de\",\"logo\":{\"@type\":\"ImageObject\",\"inLanguage\":\"de\",\"@id\":\"https:\/\/www.bagnoitalia.com\/de#\/schema\/logo\/image\/\",\"url\":\"https:\/\/img.bagnoitalia.com\/wp-content\/uploads\/logo-bagnoitalia.webp\",\"contentUrl\":\"https:\/\/img.bagnoitalia.com\/wp-content\/uploads\/logo-bagnoitalia.webp\",\"width\":400,\"height\":70,\"caption\":\"Bagno Italia\"},\"image\":{\"@id\":\"https:\/\/www.bagnoitalia.com\/de#\/schema\/logo\/image\/\"}}]}<\/script>\n<!-- \/ Yoast SEO plugin. -->","yoast_head_json":{"title":"Doppelbett Pfingstrose aus wei\u00dfem oder schwarzem gestepptem Kunstleder 216x166 p","description":"Das vollst\u00e4ndig aus Kunstleder gefertigte Aufbewahrungs-Doppelbett Peony wird durch seinen modernen Stil und sein besonderes und avantgardistisches Design, das durch einfache und lineare Formen, eine solide gepolsterte Struktur und F\u00fc\u00dfe hervorgehoben wird, zum Mittelpunkt des Raums Holz.","robots":{"index":"index","follow":"follow","max-snippet":"max-snippet:-1","max-image-preview":"max-image-preview:large","max-video-preview":"max-video-preview:-1"},"canonical":"https:\/\/www.bagnoitalia.com\/de\/produkt\/peonia-doppelbett-aus-weisem-kunstleder-216x166-oder-schwarzem-kunstleder-216x186-holzfus.html","og_locale":"de_DE","og_type":"article","og_title":"Doppelbett Pfingstrose aus wei\u00dfem oder schwarzem gestepptem Kunstleder 216x166 p","og_description":"Das vollst\u00e4ndig aus Kunstleder gefertigte Aufbewahrungs-Doppelbett Peony wird durch seinen modernen Stil und sein besonderes und avantgardistisches Design, das durch einfache und lineare Formen, eine solide gepolsterte Struktur und F\u00fc\u00dfe hervorgehoben wird, zum Mittelpunkt des Raums Holz.","og_url":"https:\/\/www.bagnoitalia.com\/de\/produkt\/peonia-doppelbett-aus-weisem-kunstleder-216x166-oder-schwarzem-kunstleder-216x186-holzfus.html","og_site_name":"Bagno Italia","article_modified_time":"2024-05-24T12:49:52+00:00","og_image":[{"width":571,"height":572,"url":"https:\/\/img.bagnoitalia.com\/wp-content\/uploads\/virtuemart\/product\/Double-bed-faux-lather-Peonia-1_1541774969_7508.jpg","type":"image\/jpeg"}],"twitter_card":"summary_large_image","twitter_misc":{"Gesch\u00e4tzte Lesezeit":"1\u00a0Minute"},"schema":{"@context":"https:\/\/schema.org","@graph":[{"@type":"WebPage","@id":"https:\/\/www.bagnoitalia.com\/de\/produkt\/peonia-doppelbett-aus-weisem-kunstleder-216x166-oder-schwarzem-kunstleder-216x186-holzfus.html","url":"https:\/\/www.bagnoitalia.com\/de\/produkt\/peonia-doppelbett-aus-weisem-kunstleder-216x166-oder-schwarzem-kunstleder-216x186-holzfus.html","name":"Doppelbett Pfingstrose aus wei\u00dfem oder schwarzem gestepptem Kunstleder 216x166 p","isPartOf":{"@id":"https:\/\/www.bagnoitalia.com\/de#website"},"primaryImageOfPage":{"@id":"https:\/\/www.bagnoitalia.com\/de\/produkt\/peonia-doppelbett-aus-weisem-kunstleder-216x166-oder-schwarzem-kunstleder-216x186-holzfus.html#primaryimage"},"image":{"@id":"https:\/\/www.bagnoitalia.com\/de\/produkt\/peonia-doppelbett-aus-weisem-kunstleder-216x166-oder-schwarzem-kunstleder-216x186-holzfus.html#primaryimage"},"thumbnailUrl":"https:\/\/img.bagnoitalia.com\/wp-content\/uploads\/virtuemart\/product\/Double-bed-faux-lather-Peonia-1_1541774969_7508.jpg","datePublished":"2016-12-05T13:44:26+00:00","dateModified":"2024-05-24T12:49:52+00:00","description":"Das vollst\u00e4ndig aus Kunstleder gefertigte Aufbewahrungs-Doppelbett Peony wird durch seinen modernen Stil und sein besonderes und avantgardistisches Design, das durch einfache und lineare Formen, eine solide gepolsterte Struktur und F\u00fc\u00dfe hervorgehoben wird, zum Mittelpunkt des Raums Holz.","breadcrumb":{"@id":"https:\/\/www.bagnoitalia.com\/de\/produkt\/peonia-doppelbett-aus-weisem-kunstleder-216x166-oder-schwarzem-kunstleder-216x186-holzfus.html#breadcrumb"},"inLanguage":"de","potentialAction":[{"@type":"ReadAction","target":["https:\/\/www.bagnoitalia.com\/de\/produkt\/peonia-doppelbett-aus-weisem-kunstleder-216x166-oder-schwarzem-kunstleder-216x186-holzfus.html"]}]},{"@type":"ImageObject","inLanguage":"de","@id":"https:\/\/www.bagnoitalia.com\/de\/produkt\/peonia-doppelbett-aus-weisem-kunstleder-216x166-oder-schwarzem-kunstleder-216x186-holzfus.html#primaryimage","url":"https:\/\/img.bagnoitalia.com\/wp-content\/uploads\/virtuemart\/product\/Double-bed-faux-lather-Peonia-1_1541774969_7508.jpg","contentUrl":"https:\/\/img.bagnoitalia.com\/wp-content\/uploads\/virtuemart\/product\/Double-bed-faux-lather-Peonia-1_1541774969_7508.jpg","width":571,"height":572},{"@type":"BreadcrumbList","@id":"https:\/\/www.bagnoitalia.com\/de\/produkt\/peonia-doppelbett-aus-weisem-kunstleder-216x166-oder-schwarzem-kunstleder-216x186-holzfus.html#breadcrumb","itemListElement":[{"@type":"ListItem","position":1,"name":"Home","item":"https:\/\/www.bagnoitalia.com\/de"},{"@type":"ListItem","position":2,"name":"Produkte","item":"https:\/\/www.bagnoitalia.com\/de\/shop"},{"@type":"ListItem","position":3,"name":"Peonia Doppelbett aus wei\u00dfem 216x166cm oder schwarzem 216x186cm Kunstleder, mit Holzf\u00fc\u00dfen"}]},{"@type":"WebSite","@id":"https:\/\/www.bagnoitalia.com\/de#website","url":"https:\/\/www.bagnoitalia.com\/de","name":"Bagno Italia","description":"","publisher":{"@id":"https:\/\/www.bagnoitalia.com\/de#organization"},"potentialAction":[{"@type":"SearchAction","target":{"@type":"EntryPoint","urlTemplate":"https:\/\/www.bagnoitalia.com\/de?s={search_term_string}"},"query-input":{"@type":"PropertyValueSpecification","valueRequired":true,"valueName":"search_term_string"}}],"inLanguage":"de"},{"@type":"Organization","@id":"https:\/\/www.bagnoitalia.com\/de#organization","name":"Bagno Italia","url":"https:\/\/www.bagnoitalia.com\/de","logo":{"@type":"ImageObject","inLanguage":"de","@id":"https:\/\/www.bagnoitalia.com\/de#\/schema\/logo\/image\/","url":"https:\/\/img.bagnoitalia.com\/wp-content\/uploads\/logo-bagnoitalia.webp","contentUrl":"https:\/\/img.bagnoitalia.com\/wp-content\/uploads\/logo-bagnoitalia.webp","width":400,"height":70,"caption":"Bagno Italia"},"image":{"@id":"https:\/\/www.bagnoitalia.com\/de#\/schema\/logo\/image\/"}}]}},"_links":{"self":[{"href":"https:\/\/www.bagnoitalia.com\/de\/wp-json\/wp\/v2\/product\/80335","targetHints":{"allow":["GET"]}}],"collection":[{"href":"https:\/\/www.bagnoitalia.com\/de\/wp-json\/wp\/v2\/product"}],"about":[{"href":"https:\/\/www.bagnoitalia.com\/de\/wp-json\/wp\/v2\/types\/product"}],"replies":[{"embeddable":true,"href":"https:\/\/www.bagnoitalia.com\/de\/wp-json\/wp\/v2\/comments?post=80335"}],"version-history":[{"count":1,"href":"https:\/\/www.bagnoitalia.com\/de\/wp-json\/wp\/v2\/product\/80335\/revisions"}],"predecessor-version":[{"id":88155,"href":"https:\/\/www.bagnoitalia.com\/de\/wp-json\/wp\/v2\/product\/80335\/revisions\/88155"}],"wp:featuredmedia":[{"embeddable":true,"href":"https:\/\/www.bagnoitalia.com\/de\/wp-json\/wp\/v2\/media\/33966"}],"wp:attachment":[{"href":"https:\/\/www.bagnoitalia.com\/de\/wp-json\/wp\/v2\/media?parent=80335"}],"wp:term":[{"taxonomy":"product_brand","embeddable":true,"href":"https:\/\/www.bagnoitalia.com\/de\/wp-json\/wp\/v2\/product_brand?post=80335"},{"taxonomy":"product_cat","embeddable":true,"href":"https:\/\/www.bagnoitalia.com\/de\/wp-json\/wp\/v2\/product_cat?post=80335"},{"taxonomy":"product_tag","embeddable":true,"href":"https:\/\/www.bagnoitalia.com\/de\/wp-json\/wp\/v2\/product_tag?post=80335"}],"curies":[{"name":"wp","href":"https:\/\/api.w.org\/{rel}","templated":true}]}}