{"id":80331,"date":"2016-12-05T14:34:49","date_gmt":"2016-12-05T13:34:49","guid":{"rendered":"https:\/\/www.bagnoitalia.com\/product\/silene-227x174-weises-oder-schwarzes-doppelbett-aus-gestepptem-kunstleder-mit-stahlfusen"},"modified":"2024-06-18T14:23:00","modified_gmt":"2024-06-18T12:23:00","slug":"silene-227x174-weises-oder-schwarzes-doppelbett-aus-gestepptem-kunstleder-mit-stahlfusen","status":"publish","type":"product","link":"https:\/\/www.bagnoitalia.com\/de\/produkt\/silene-227x174-weises-oder-schwarzes-doppelbett-aus-gestepptem-kunstleder-mit-stahlfusen.html","title":{"rendered":"Silene Doppelbett 227x174cm, in wei\u00df oder schwarz, aus gestepptem Kunstleder mit Stahlf\u00fc\u00dfen"},"content":{"rendered":"<p>&nbsp;<\/p>\n<p style=\"margin-bottom: 0cm;\"><span style=\"font-family: 'Arial Unicode MS', sans-serif; font-size: 12pt;\">Das komplett aus <strong>Kunstleder<\/strong> gefertigte <strong>Silene<\/strong> Doppelbett bietet einen modernen Stil und ein besonderes und avantgardistisches Design, das durch seine einfache Formen, der geschwungenen Linie, seiner soliden gepolsterten Struktur und den Metallf\u00fc\u00dfen hervorgehoben wird.<\/span><\/p>\n<p><img fetchpriority=\"high\" decoding=\"async\" class=\" size-full wp-image-33954\" style=\"display: block; margin-left: auto; margin-right: auto;\" src=\"https:\/\/img.bagnoitalia.com\/wp-content\/uploads\/letto-matrimoniale-silene.jpg\" alt=\"Doppelbett Silene\" width=\"396\" height=\"264\" srcset=\"https:\/\/img.bagnoitalia.com\/wp-content\/uploads\/letto-matrimoniale-silene.jpg 1200w, https:\/\/img.bagnoitalia.com\/wp-content\/uploads\/letto-matrimoniale-silene-768x512.jpg 768w, https:\/\/img.bagnoitalia.com\/wp-content\/uploads\/letto-matrimoniale-silene-990x660.jpg 990w, https:\/\/img.bagnoitalia.com\/wp-content\/uploads\/letto-matrimoniale-silene-441x294.jpg 441w, https:\/\/img.bagnoitalia.com\/wp-content\/uploads\/letto-matrimoniale-silene-600x400.jpg 600w, https:\/\/img.bagnoitalia.com\/wp-content\/uploads\/letto-matrimoniale-silene-150x100.jpg 150w\" sizes=\"(max-width: 396px) 100vw, 396px\" \/><\/p>\n<p style=\"margin-bottom: 0cm;\"><span style=\"color: #b00000; font-family: 'Arial Unicode MS',sans-serif; font-size: medium;\">Das Silene Doppelbett ist in zwei Farben (schwarz oder wei\u00df) gefertigt. Dank seiner gesteppten Polsterung schenkt dieses designvolle Bett Ihrem Schlafzimmer eine edle und schicke Atmosph\u00e4re, die eine originelle dekorative Wirkung garantiert.\u00a0<\/span><\/p>\n<p style=\"margin-bottom: 0cm;\"><span style=\"font-family: 'Arial Unicode MS', sans-serif; font-size: 12pt;\"><span style=\"text-decoration: underline;\"><strong>EIGENSCHAFTEN:<\/strong><\/span><\/span><\/p>\n<ul>\n<li>\n<p style=\"margin-bottom: 0cm;\"><span style=\"color: #000000; font-size: 12pt;\"><span style=\"font-family: 'Arial Unicode MS', sans-serif;\"><strong>Au\u00dfenma\u00dfe:<\/strong> 227&#215;174\u00d787cm<\/span><\/span><\/p>\n<\/li>\n<li>\n<p style=\"margin-bottom: 0cm; line-height: 0.71cm;\"><span style=\"color: #000000; font-size: 12pt;\"><span style=\"font-family: 'Arial Unicode MS', sans-serif;\"><strong>Verstauraum<\/strong>: 160\u00d7200cm<\/span><\/span><\/p>\n<\/li>\n<li>\n<p style=\"margin-bottom: 0cm; line-height: 0.71cm;\"><span style=\"color: #000000; font-size: 12pt;\"><span style=\"font-family: 'Arial Unicode MS', sans-serif;\">Leicht zu reinigen<\/span><\/span><\/p>\n<\/li>\n<li>\n<p style=\"margin-bottom: 0cm; line-height: 0.71cm;\"><span style=\"color: #000000; font-size: 12pt;\"><span style=\"font-family: 'Arial Unicode MS', sans-serif;\"><strong>verschlei\u00dffest<\/strong> <img decoding=\"async\" class=\" alignright size-full wp-image-33958\" style=\"margin-right: 20px; float: right;\" src=\"https:\/\/img.bagnoitalia.com\/wp-content\/uploads\/letto-matrimoniale-contenitore-silete-bianco-moderno-dettaglio.jpg\" alt=\"modernes wei\u00dfes silete Beh\u00e4lterdoppelbettdetail\" width=\"500\" height=\"333\" srcset=\"https:\/\/img.bagnoitalia.com\/wp-content\/uploads\/letto-matrimoniale-contenitore-silete-bianco-moderno-dettaglio.jpg 1200w, https:\/\/img.bagnoitalia.com\/wp-content\/uploads\/letto-matrimoniale-contenitore-silete-bianco-moderno-dettaglio-768x512.jpg 768w, https:\/\/img.bagnoitalia.com\/wp-content\/uploads\/letto-matrimoniale-contenitore-silete-bianco-moderno-dettaglio-990x660.jpg 990w, https:\/\/img.bagnoitalia.com\/wp-content\/uploads\/letto-matrimoniale-contenitore-silete-bianco-moderno-dettaglio-441x294.jpg 441w, https:\/\/img.bagnoitalia.com\/wp-content\/uploads\/letto-matrimoniale-contenitore-silete-bianco-moderno-dettaglio-600x400.jpg 600w, https:\/\/img.bagnoitalia.com\/wp-content\/uploads\/letto-matrimoniale-contenitore-silete-bianco-moderno-dettaglio-150x100.jpg 150w\" sizes=\"(max-width: 500px) 100vw, 500px\" \/><\/span><\/span><\/p>\n<\/li>\n<li>\n<p style=\"margin-bottom: 0cm; line-height: 0.71cm;\"><span style=\"color: #000000; font-size: 12pt;\"><span style=\"font-family: 'Arial Unicode MS', sans-serif;\"><strong>gepolsterte<\/strong> Kissen<\/span><\/span><\/p>\n<\/li>\n<li>\n<p style=\"margin-bottom: 0cm; line-height: 0.71cm;\"><span style=\"color: #000000; font-size: 12pt;\"><span style=\"font-family: 'Arial Unicode MS', sans-serif;\">von Hand gefertigt<\/span><\/span><\/p>\n<\/li>\n<li>\n<p style=\"margin-bottom: 0cm; line-height: 0.71cm;\"><span style=\"color: #000000; font-size: 12pt;\"><span style=\"font-family: 'Arial Unicode MS', sans-serif;\">nat\u00fcrliche Elastizit\u00e4t<\/span><\/span><\/p>\n<\/li>\n<li>\n<p style=\"margin-bottom: 0cm; line-height: 0.71cm;\"><span style=\"color: #000000; font-size: 12pt;\"><span style=\"font-family: 'Arial Unicode MS', sans-serif;\"><strong>verst\u00e4rkter<\/strong> Rahmen<\/span><\/span><\/p>\n<\/li>\n<\/ul>\n<p style=\"margin-bottom: 0cm;\"><span style=\"font-family: 'Arial Unicode MS', sans-serif; font-size: 12pt;\"><span style=\"text-decoration: underline;\"><strong>MATERIAL<\/strong><\/span><\/span><\/p>\n<ul>\n<li>\n<p style=\"margin-bottom: 0cm;\"><span style=\"color: #000000; font-size: 12pt;\"><span style=\"font-family: 'Arial Unicode MS', sans-serif;\"><span style=\"text-decoration: underline;\">Bettfl\u00e4che<\/span> :<\/span><\/span><\/p>\n<ul>\n<li>\n<p style=\"margin-bottom: 0cm;\"><span style=\"color: #000000; font-size: 12pt;\"><span style=\"font-family: 'Arial Unicode MS', sans-serif;\">10% Polyurethan<\/span><\/span><\/p>\n<\/li>\n<li>\n<p style=\"margin-bottom: 0cm;\"><span style=\"color: #000000; font-size: 12pt;\"><span style=\"font-family: 'Arial Unicode MS', sans-serif;\">35% PVC<\/span><\/span><\/p>\n<\/li>\n<li>\n<p style=\"margin-bottom: 0cm;\"><span style=\"color: #000000; font-size: 12pt;\"><span style=\"font-family: 'Arial Unicode MS', sans-serif;\">35% Polyester<\/span><\/span><\/p>\n<\/li>\n<li>\n<p style=\"margin-bottom: 0cm;\"><span style=\"color: #000000; font-size: 12pt;\"><span style=\"font-family: 'Arial Unicode MS', sans-serif;\">20% Baumwolle<\/span><\/span><\/p>\n<\/li>\n<\/ul>\n<\/li>\n<li>\n<p style=\"margin-bottom: 0cm; line-height: 0.71cm;\"><span style=\"color: #000000; font-size: 12pt;\"><span style=\"font-family: 'Arial Unicode MS', sans-serif;\"><span style=\"text-decoration: underline;\">Kopfteil<\/span> : Kunstleder<\/span><\/span><\/p>\n<\/li>\n<li>\n<p style=\"margin-bottom: 0cm; line-height: 0.71cm;\"><span style=\"color: #000000; font-size: 12pt;\"><span style=\"font-family: 'Arial Unicode MS', sans-serif;\"><span style=\"text-decoration: underline;\">Bezug<\/span> : Kunstleder<\/span><\/span><\/p>\n<\/li>\n<li>\n<p style=\"margin-bottom: 0cm; line-height: 0.71cm;\"><span style=\"color: #000000; font-size: 12pt;\"><span style=\"font-family: 'Arial Unicode MS', sans-serif;\"><span style=\"text-decoration: underline;\">F\u00fc\u00dfe<\/span> : Metall<\/span><\/span><\/p>\n<\/li>\n<\/ul>\n<p style=\"margin-bottom: 0cm; line-height: 0.71cm;\"><span style=\"color: #000000; font-size: 12pt;\"><span style=\"font-family: 'Arial Unicode MS', sans-serif;\">Verwenden Sie zu <strong>Reinigungszwecken<\/strong> nur ein weiches, leicht angefeuchtetes Tuch. Verwenden <span style=\"text-decoration: underline;\">Sie<\/span> keine rauen T\u00fccher oder Scheuerschw\u00e4mme, die die Oberfl\u00e4che zerkratzen k\u00f6nnten. Verwenden <span style=\"text-decoration: underline;\">Sie keine<\/span> aggressiven Reinigungsmittel.<\/span><\/span><\/p>\n","protected":false},"excerpt":{"rendered":"<p>Das Silene Doppelbett ist in zwei Farben (schwarz oder wei\u00df) gefertigt. Dank seiner gesteppten Polsterung schenkt dieses designvolle Bett Ihrem Schlafzimmer eine edle und schicke Atmosph\u00e4re, die eine originelle dekorative Wirkung garantiert.<\/p>\n","protected":false},"featured_media":33902,"comment_status":"open","ping_status":"closed","template":"","meta":[],"product_brand":[5021],"product_cat":[9800],"product_tag":[],"class_list":{"0":"post-80331","1":"product","2":"type-product","3":"status-publish","4":"has-post-thumbnail","6":"product_brand-predator-arredo-casa","7":"product_cat-betten-inneneinrichtung","9":"first","10":"instock","11":"sale","12":"taxable","13":"shipping-taxable","14":"purchasable","15":"product-type-simple"},"exclude_global_add_ons":false,"addons":[{"name":"Farbe","type":"multiple_choice","position":0,"required":true,"title_format":"heading","default":"","description_enable":false,"description":"","placeholder_enable":false,"placeholder":"","display":"select","restrictions_type":"any_text","adjust_price":false,"price":"","price_type":"flat_fee","restrictions":false,"min":"0","max":"0","options":[{"label":"Wei\u00df","price":"","price_type":"quantity_based","image":0,"visibility":true},{"label":"Nicht verf\u00fcgbar \u2013 Schwarz","price":"","price_type":"quantity_based","image":0,"visibility":true}],"id":1718720580}],"yoast_head":"<!-- This site is optimized with the Yoast SEO plugin v26.7 - https:\/\/yoast.com\/wordpress\/plugins\/seo\/ -->\n<title>Silene Bett zwei Quadrate 227x174 wei\u00dfe oder schwarze Kunstleder gesteppte F\u00fc\u00dfe aus satiniertem Stahl<\/title>\n<meta name=\"robots\" content=\"index, follow, max-snippet:-1, max-image-preview:large, max-video-preview:-1\" \/>\n<link rel=\"canonical\" href=\"https:\/\/www.bagnoitalia.com\/de\/produkt\/silene-227x174-weises-oder-schwarzes-doppelbett-aus-gestepptem-kunstleder-mit-stahlfusen.html\" \/>\n<meta property=\"og:locale\" content=\"de_DE\" \/>\n<meta property=\"og:type\" content=\"article\" \/>\n<meta property=\"og:title\" content=\"Silene Bett zwei Quadrate 227x174 wei\u00dfe oder schwarze Kunstleder gesteppte F\u00fc\u00dfe aus satiniertem Stahl\" \/>\n<meta property=\"og:description\" content=\"Das Silene Doppelbett ist in zwei Farben (schwarz oder wei\u00df) gefertigt. Dank seiner gesteppten Polsterung schenkt dieses designvolle Bett Ihrem Schlafzimmer eine edle und schicke Atmosph\u00e4re, die eine originelle dekorative Wirkung garantiert.\" \/>\n<meta property=\"og:url\" content=\"https:\/\/www.bagnoitalia.com\/de\/produkt\/silene-227x174-weises-oder-schwarzes-doppelbett-aus-gestepptem-kunstleder-mit-stahlfusen.html\" \/>\n<meta property=\"og:site_name\" content=\"Bagno Italia\" \/>\n<meta property=\"article:modified_time\" content=\"2024-06-18T12:23:00+00:00\" \/>\n<meta property=\"og:image\" content=\"https:\/\/img.bagnoitalia.com\/wp-content\/uploads\/virtuemart\/product\/Quilted-double-bad-Silene-1_1541775481_897.jpg\" \/>\n\t<meta property=\"og:image:width\" content=\"600\" \/>\n\t<meta property=\"og:image:height\" content=\"600\" \/>\n\t<meta property=\"og:image:type\" content=\"image\/jpeg\" \/>\n<meta name=\"twitter:card\" content=\"summary_large_image\" \/>\n<meta name=\"twitter:label1\" content=\"Gesch\u00e4tzte Lesezeit\" \/>\n\t<meta name=\"twitter:data1\" content=\"2\u00a0Minuten\" \/>\n<script type=\"application\/ld+json\" class=\"yoast-schema-graph\">{\"@context\":\"https:\/\/schema.org\",\"@graph\":[{\"@type\":\"WebPage\",\"@id\":\"https:\/\/www.bagnoitalia.com\/de\/produkt\/silene-227x174-weises-oder-schwarzes-doppelbett-aus-gestepptem-kunstleder-mit-stahlfusen.html\",\"url\":\"https:\/\/www.bagnoitalia.com\/de\/produkt\/silene-227x174-weises-oder-schwarzes-doppelbett-aus-gestepptem-kunstleder-mit-stahlfusen.html\",\"name\":\"Silene Bett zwei Quadrate 227x174 wei\u00dfe oder schwarze Kunstleder gesteppte F\u00fc\u00dfe aus satiniertem Stahl\",\"isPartOf\":{\"@id\":\"https:\/\/www.bagnoitalia.com\/de#website\"},\"primaryImageOfPage\":{\"@id\":\"https:\/\/www.bagnoitalia.com\/de\/produkt\/silene-227x174-weises-oder-schwarzes-doppelbett-aus-gestepptem-kunstleder-mit-stahlfusen.html#primaryimage\"},\"image\":{\"@id\":\"https:\/\/www.bagnoitalia.com\/de\/produkt\/silene-227x174-weises-oder-schwarzes-doppelbett-aus-gestepptem-kunstleder-mit-stahlfusen.html#primaryimage\"},\"thumbnailUrl\":\"https:\/\/img.bagnoitalia.com\/wp-content\/uploads\/virtuemart\/product\/Quilted-double-bad-Silene-1_1541775481_897.jpg\",\"datePublished\":\"2016-12-05T13:34:49+00:00\",\"dateModified\":\"2024-06-18T12:23:00+00:00\",\"breadcrumb\":{\"@id\":\"https:\/\/www.bagnoitalia.com\/de\/produkt\/silene-227x174-weises-oder-schwarzes-doppelbett-aus-gestepptem-kunstleder-mit-stahlfusen.html#breadcrumb\"},\"inLanguage\":\"de\",\"potentialAction\":[{\"@type\":\"ReadAction\",\"target\":[\"https:\/\/www.bagnoitalia.com\/de\/produkt\/silene-227x174-weises-oder-schwarzes-doppelbett-aus-gestepptem-kunstleder-mit-stahlfusen.html\"]}]},{\"@type\":\"ImageObject\",\"inLanguage\":\"de\",\"@id\":\"https:\/\/www.bagnoitalia.com\/de\/produkt\/silene-227x174-weises-oder-schwarzes-doppelbett-aus-gestepptem-kunstleder-mit-stahlfusen.html#primaryimage\",\"url\":\"https:\/\/img.bagnoitalia.com\/wp-content\/uploads\/virtuemart\/product\/Quilted-double-bad-Silene-1_1541775481_897.jpg\",\"contentUrl\":\"https:\/\/img.bagnoitalia.com\/wp-content\/uploads\/virtuemart\/product\/Quilted-double-bad-Silene-1_1541775481_897.jpg\",\"width\":600,\"height\":600},{\"@type\":\"BreadcrumbList\",\"@id\":\"https:\/\/www.bagnoitalia.com\/de\/produkt\/silene-227x174-weises-oder-schwarzes-doppelbett-aus-gestepptem-kunstleder-mit-stahlfusen.html#breadcrumb\",\"itemListElement\":[{\"@type\":\"ListItem\",\"position\":1,\"name\":\"Home\",\"item\":\"https:\/\/www.bagnoitalia.com\/de\"},{\"@type\":\"ListItem\",\"position\":2,\"name\":\"Produkte\",\"item\":\"https:\/\/www.bagnoitalia.com\/de\/shop\"},{\"@type\":\"ListItem\",\"position\":3,\"name\":\"Silene Doppelbett 227x174cm, in wei\u00df oder schwarz, aus gestepptem Kunstleder mit Stahlf\u00fc\u00dfen\"}]},{\"@type\":\"WebSite\",\"@id\":\"https:\/\/www.bagnoitalia.com\/de#website\",\"url\":\"https:\/\/www.bagnoitalia.com\/de\",\"name\":\"Bagno Italia\",\"description\":\"\",\"publisher\":{\"@id\":\"https:\/\/www.bagnoitalia.com\/de#organization\"},\"potentialAction\":[{\"@type\":\"SearchAction\",\"target\":{\"@type\":\"EntryPoint\",\"urlTemplate\":\"https:\/\/www.bagnoitalia.com\/de?s={search_term_string}\"},\"query-input\":{\"@type\":\"PropertyValueSpecification\",\"valueRequired\":true,\"valueName\":\"search_term_string\"}}],\"inLanguage\":\"de\"},{\"@type\":\"Organization\",\"@id\":\"https:\/\/www.bagnoitalia.com\/de#organization\",\"name\":\"Bagno Italia\",\"url\":\"https:\/\/www.bagnoitalia.com\/de\",\"logo\":{\"@type\":\"ImageObject\",\"inLanguage\":\"de\",\"@id\":\"https:\/\/www.bagnoitalia.com\/de#\/schema\/logo\/image\/\",\"url\":\"https:\/\/img.bagnoitalia.com\/wp-content\/uploads\/logo-bagnoitalia.webp\",\"contentUrl\":\"https:\/\/img.bagnoitalia.com\/wp-content\/uploads\/logo-bagnoitalia.webp\",\"width\":400,\"height\":70,\"caption\":\"Bagno Italia\"},\"image\":{\"@id\":\"https:\/\/www.bagnoitalia.com\/de#\/schema\/logo\/image\/\"}}]}<\/script>\n<!-- \/ Yoast SEO plugin. -->","yoast_head_json":{"title":"Silene Bett zwei Quadrate 227x174 wei\u00dfe oder schwarze Kunstleder gesteppte F\u00fc\u00dfe aus satiniertem Stahl","robots":{"index":"index","follow":"follow","max-snippet":"max-snippet:-1","max-image-preview":"max-image-preview:large","max-video-preview":"max-video-preview:-1"},"canonical":"https:\/\/www.bagnoitalia.com\/de\/produkt\/silene-227x174-weises-oder-schwarzes-doppelbett-aus-gestepptem-kunstleder-mit-stahlfusen.html","og_locale":"de_DE","og_type":"article","og_title":"Silene Bett zwei Quadrate 227x174 wei\u00dfe oder schwarze Kunstleder gesteppte F\u00fc\u00dfe aus satiniertem Stahl","og_description":"Das Silene Doppelbett ist in zwei Farben (schwarz oder wei\u00df) gefertigt. Dank seiner gesteppten Polsterung schenkt dieses designvolle Bett Ihrem Schlafzimmer eine edle und schicke Atmosph\u00e4re, die eine originelle dekorative Wirkung garantiert.","og_url":"https:\/\/www.bagnoitalia.com\/de\/produkt\/silene-227x174-weises-oder-schwarzes-doppelbett-aus-gestepptem-kunstleder-mit-stahlfusen.html","og_site_name":"Bagno Italia","article_modified_time":"2024-06-18T12:23:00+00:00","og_image":[{"width":600,"height":600,"url":"https:\/\/img.bagnoitalia.com\/wp-content\/uploads\/virtuemart\/product\/Quilted-double-bad-Silene-1_1541775481_897.jpg","type":"image\/jpeg"}],"twitter_card":"summary_large_image","twitter_misc":{"Gesch\u00e4tzte Lesezeit":"2\u00a0Minuten"},"schema":{"@context":"https:\/\/schema.org","@graph":[{"@type":"WebPage","@id":"https:\/\/www.bagnoitalia.com\/de\/produkt\/silene-227x174-weises-oder-schwarzes-doppelbett-aus-gestepptem-kunstleder-mit-stahlfusen.html","url":"https:\/\/www.bagnoitalia.com\/de\/produkt\/silene-227x174-weises-oder-schwarzes-doppelbett-aus-gestepptem-kunstleder-mit-stahlfusen.html","name":"Silene Bett zwei Quadrate 227x174 wei\u00dfe oder schwarze Kunstleder gesteppte F\u00fc\u00dfe aus satiniertem Stahl","isPartOf":{"@id":"https:\/\/www.bagnoitalia.com\/de#website"},"primaryImageOfPage":{"@id":"https:\/\/www.bagnoitalia.com\/de\/produkt\/silene-227x174-weises-oder-schwarzes-doppelbett-aus-gestepptem-kunstleder-mit-stahlfusen.html#primaryimage"},"image":{"@id":"https:\/\/www.bagnoitalia.com\/de\/produkt\/silene-227x174-weises-oder-schwarzes-doppelbett-aus-gestepptem-kunstleder-mit-stahlfusen.html#primaryimage"},"thumbnailUrl":"https:\/\/img.bagnoitalia.com\/wp-content\/uploads\/virtuemart\/product\/Quilted-double-bad-Silene-1_1541775481_897.jpg","datePublished":"2016-12-05T13:34:49+00:00","dateModified":"2024-06-18T12:23:00+00:00","breadcrumb":{"@id":"https:\/\/www.bagnoitalia.com\/de\/produkt\/silene-227x174-weises-oder-schwarzes-doppelbett-aus-gestepptem-kunstleder-mit-stahlfusen.html#breadcrumb"},"inLanguage":"de","potentialAction":[{"@type":"ReadAction","target":["https:\/\/www.bagnoitalia.com\/de\/produkt\/silene-227x174-weises-oder-schwarzes-doppelbett-aus-gestepptem-kunstleder-mit-stahlfusen.html"]}]},{"@type":"ImageObject","inLanguage":"de","@id":"https:\/\/www.bagnoitalia.com\/de\/produkt\/silene-227x174-weises-oder-schwarzes-doppelbett-aus-gestepptem-kunstleder-mit-stahlfusen.html#primaryimage","url":"https:\/\/img.bagnoitalia.com\/wp-content\/uploads\/virtuemart\/product\/Quilted-double-bad-Silene-1_1541775481_897.jpg","contentUrl":"https:\/\/img.bagnoitalia.com\/wp-content\/uploads\/virtuemart\/product\/Quilted-double-bad-Silene-1_1541775481_897.jpg","width":600,"height":600},{"@type":"BreadcrumbList","@id":"https:\/\/www.bagnoitalia.com\/de\/produkt\/silene-227x174-weises-oder-schwarzes-doppelbett-aus-gestepptem-kunstleder-mit-stahlfusen.html#breadcrumb","itemListElement":[{"@type":"ListItem","position":1,"name":"Home","item":"https:\/\/www.bagnoitalia.com\/de"},{"@type":"ListItem","position":2,"name":"Produkte","item":"https:\/\/www.bagnoitalia.com\/de\/shop"},{"@type":"ListItem","position":3,"name":"Silene Doppelbett 227x174cm, in wei\u00df oder schwarz, aus gestepptem Kunstleder mit Stahlf\u00fc\u00dfen"}]},{"@type":"WebSite","@id":"https:\/\/www.bagnoitalia.com\/de#website","url":"https:\/\/www.bagnoitalia.com\/de","name":"Bagno Italia","description":"","publisher":{"@id":"https:\/\/www.bagnoitalia.com\/de#organization"},"potentialAction":[{"@type":"SearchAction","target":{"@type":"EntryPoint","urlTemplate":"https:\/\/www.bagnoitalia.com\/de?s={search_term_string}"},"query-input":{"@type":"PropertyValueSpecification","valueRequired":true,"valueName":"search_term_string"}}],"inLanguage":"de"},{"@type":"Organization","@id":"https:\/\/www.bagnoitalia.com\/de#organization","name":"Bagno Italia","url":"https:\/\/www.bagnoitalia.com\/de","logo":{"@type":"ImageObject","inLanguage":"de","@id":"https:\/\/www.bagnoitalia.com\/de#\/schema\/logo\/image\/","url":"https:\/\/img.bagnoitalia.com\/wp-content\/uploads\/logo-bagnoitalia.webp","contentUrl":"https:\/\/img.bagnoitalia.com\/wp-content\/uploads\/logo-bagnoitalia.webp","width":400,"height":70,"caption":"Bagno Italia"},"image":{"@id":"https:\/\/www.bagnoitalia.com\/de#\/schema\/logo\/image\/"}}]}},"_links":{"self":[{"href":"https:\/\/www.bagnoitalia.com\/de\/wp-json\/wp\/v2\/product\/80331","targetHints":{"allow":["GET"]}}],"collection":[{"href":"https:\/\/www.bagnoitalia.com\/de\/wp-json\/wp\/v2\/product"}],"about":[{"href":"https:\/\/www.bagnoitalia.com\/de\/wp-json\/wp\/v2\/types\/product"}],"replies":[{"embeddable":true,"href":"https:\/\/www.bagnoitalia.com\/de\/wp-json\/wp\/v2\/comments?post=80331"}],"version-history":[{"count":1,"href":"https:\/\/www.bagnoitalia.com\/de\/wp-json\/wp\/v2\/product\/80331\/revisions"}],"predecessor-version":[{"id":90525,"href":"https:\/\/www.bagnoitalia.com\/de\/wp-json\/wp\/v2\/product\/80331\/revisions\/90525"}],"wp:featuredmedia":[{"embeddable":true,"href":"https:\/\/www.bagnoitalia.com\/de\/wp-json\/wp\/v2\/media\/33902"}],"wp:attachment":[{"href":"https:\/\/www.bagnoitalia.com\/de\/wp-json\/wp\/v2\/media?parent=80331"}],"wp:term":[{"taxonomy":"product_brand","embeddable":true,"href":"https:\/\/www.bagnoitalia.com\/de\/wp-json\/wp\/v2\/product_brand?post=80331"},{"taxonomy":"product_cat","embeddable":true,"href":"https:\/\/www.bagnoitalia.com\/de\/wp-json\/wp\/v2\/product_cat?post=80331"},{"taxonomy":"product_tag","embeddable":true,"href":"https:\/\/www.bagnoitalia.com\/de\/wp-json\/wp\/v2\/product_tag?post=80331"}],"curies":[{"name":"wp","href":"https:\/\/api.w.org\/{rel}","templated":true}]}}