{"id":80319,"date":"2016-12-01T14:04:05","date_gmt":"2016-12-01T13:04:05","guid":{"rendered":"https:\/\/www.bagnoitalia.com\/product\/margherita-220x167-doppelbett-aus-weisem-oder-schwarzem-kunstleder-mit-holzfusen"},"modified":"2025-06-09T11:25:06","modified_gmt":"2025-06-09T09:25:06","slug":"margherita-220x167-doppelbett-aus-weisem-oder-schwarzem-kunstleder-mit-holzfusen","status":"publish","type":"product","link":"https:\/\/www.bagnoitalia.com\/de\/produkt\/margherita-220x167-doppelbett-aus-weisem-oder-schwarzem-kunstleder-mit-holzfusen.html","title":{"rendered":"Margherita Doppelbett 220x167cm, aus wei\u00dfem oder schwarzem Kunstleder mit Holzf\u00fc\u00dfen"},"content":{"rendered":"<p>&nbsp;<\/p>\n<p style=\"margin-bottom: 0cm;\"><span style=\"font-family: 'Arial Unicode MS', sans-serif; font-size: 12pt;\">Das aus <strong>Kunstleder<\/strong> gefertigte Doppelbett <strong>Margherita<\/strong> hat einen luxuri\u00f6sen und raffinierten Stil, sowie ein besonderes Design, das durch die gesteppte Polsterung und die einfachen und linearen Formen hervorgehoben wird.<\/span><\/p>\n<p style=\"margin-bottom: 0cm;\"><span style=\"font-family: 'Arial Unicode MS', sans-serif; font-size: 12pt;\">Das Bett ist in zwei Farben (wei\u00df und schwarz) erh\u00e4ltlich und mit der richtigen Kombination passt es auch in den modernsten Umgebungen.<\/span><\/p>\n<p>&nbsp;<\/p>\n<p>&nbsp;<\/p>\n<p>&nbsp;<\/p>\n<p style=\"margin-bottom: 0cm;\"><span style=\"font-family: 'Arial Unicode MS', sans-serif; font-size: 12pt;\">Unter dem Lattenrost ist ein praktisches Ablagefach verborgen<strong>,<\/strong> das Dank der auf dem Metallgitter angebrachten <span style=\"text-decoration: underline;\">Kolben<\/span> leicht ge\u00f6ffnet werden kann. So k\u00f6nnen Sie alles, was Sie f\u00fcr Ihr Schlafzimmer ben\u00f6tigen, <strong>platzsparend aufbewahren<\/strong> .<\/span><\/p>\n<p>&nbsp;<\/p>\n<p style=\"margin-bottom: 0cm;\"><span style=\"font-family: 'Arial Unicode MS', sans-serif; font-size: 12pt;\"><span style=\"text-decoration: underline;\"><strong>EIGENSCHAFTEN:<\/strong><\/span><\/span><\/p>\n<ul>\n<li>\n<p style=\"margin-bottom: 0cm;\"><span style=\"color: #000000; font-size: 12pt;\"><span style=\"font-family: 'Arial Unicode MS', sans-serif;\"><strong>Au\u00dfenma\u00dfe:<\/strong> 220\u00d790x167cm<\/span><\/span><\/p>\n<\/li>\n<li>\n<p style=\"margin-bottom: 0cm; line-height: 0.71cm;\"><span style=\"color: #000000; font-size: 12pt;\"><span style=\"font-family: 'Arial Unicode MS', sans-serif;\"><strong>Verstaufach<\/strong> : 160\u00d7200cm<\/span><\/span><\/p>\n<\/li>\n<li>\n<p style=\"margin-bottom: 0cm; line-height: 0.71cm;\"><span style=\"color: #000000; font-size: 12pt;\"><span style=\"font-family: 'Arial Unicode MS', sans-serif;\"><strong>Lattenrost<\/strong> enthalten<\/span><\/span><\/p>\n<\/li>\n<\/ul>\n<ul>\n<li>\n<p style=\"margin-bottom: 0cm; line-height: 0.71cm;\"><span style=\"color: #000000; font-size: 12pt;\"><span style=\"font-family: 'Arial Unicode MS', sans-serif;\">Leicht zu reinigen<\/span><\/span><\/p>\n<\/li>\n<li>\n<p style=\"margin-bottom: 0cm; line-height: 0.71cm;\"><span style=\"color: #000000; font-size: 12pt;\"><span style=\"font-family: 'Arial Unicode MS', sans-serif;\"><strong>verschlei\u00dffest<\/strong><\/span><\/span><\/p>\n<\/li>\n<li>\n<p style=\"margin-bottom: 0cm; line-height: 0.71cm;\"><span style=\"color: #000000; font-size: 12pt;\"><span style=\"font-family: 'Arial Unicode MS', sans-serif;\"><strong>gepolsterte<\/strong> Kissen<\/span><\/span><\/p>\n<\/li>\n<li>\n<p style=\"margin-bottom: 0cm; line-height: 0.71cm;\"><span style=\"font-family: 'Arial Unicode MS',sans-serif;\"><span style=\"font-size: medium;\"><span style=\"color: #007600;\">von Hand gefertigt<\/span><\/span><\/span><\/p>\n<\/li>\n<li>\n<p style=\"margin-bottom: 0cm; line-height: 0.71cm;\"><span style=\"color: #000000; font-size: 12pt;\"><span style=\"font-family: 'Arial Unicode MS', sans-serif;\">nat\u00fcrliche Elastizit\u00e4t<\/span><\/span><\/p>\n<\/li>\n<li>\n<p style=\"margin-bottom: 0cm; line-height: 0.71cm;\"><span style=\"color: #000000; font-size: 12pt;\"><span style=\"font-family: 'Arial Unicode MS', sans-serif;\"><strong>verst\u00e4rkter<\/strong> Rahmen<\/span><\/span><\/p>\n<\/li>\n<li>\n<p style=\"margin-bottom: 0cm; line-height: 0.71cm;\"><span style=\"color: #000000; font-size: 12pt;\"><span style=\"font-family: 'Arial Unicode MS', sans-serif;\">Bettw\u00e4sche und Matratze <span style=\"text-decoration: underline;\">nicht inbegriffen<\/span><\/span><\/span><\/p>\n<\/li>\n<\/ul>\n<p>&nbsp;<\/p>\n<p style=\"margin-bottom: 0cm;\"><span style=\"font-family: 'Arial Unicode MS', sans-serif; font-size: 12pt;\"><span style=\"text-decoration: underline;\"><strong>MATERIAL<\/strong><\/span><\/span><\/p>\n<ul>\n<li>\n<p style=\"margin-bottom: 0cm;\"><span style=\"color: #000000; font-size: 12pt;\"><span style=\"font-family: 'Arial Unicode MS', sans-serif;\"><span style=\"text-decoration: underline;\">Bettfl\u00e4che<\/span> :<\/span><\/span><\/p>\n<ul>\n<li>\n<p style=\"margin-bottom: 0cm;\"><span style=\"color: #000000; font-size: 12pt;\"><span style=\"font-family: 'Arial Unicode MS', sans-serif;\">10% Polyurethan<\/span><\/span><\/p>\n<\/li>\n<li>\n<p style=\"margin-bottom: 0cm;\"><span style=\"color: #000000; font-size: 12pt;\"><span style=\"font-family: 'Arial Unicode MS', sans-serif;\">35% PVC<\/span><\/span><\/p>\n<\/li>\n<li>\n<p style=\"margin-bottom: 0cm;\"><span style=\"color: #000000; font-size: 12pt;\"><span style=\"font-family: 'Arial Unicode MS', sans-serif;\">35% Polyester<\/span><\/span><\/p>\n<\/li>\n<li>\n<p style=\"margin-bottom: 0cm;\"><span style=\"color: #000000; font-size: 12pt;\"><span style=\"font-family: 'Arial Unicode MS', sans-serif;\">20% Baumwolle<\/span><\/span><\/p>\n<\/li>\n<\/ul>\n<\/li>\n<li>\n<p style=\"margin-bottom: 0cm; line-height: 0.71cm;\"><span style=\"color: #000000; font-size: 12pt;\"><span style=\"font-family: 'Arial Unicode MS', sans-serif;\"><span style=\"text-decoration: underline;\">Kopfteil<\/span> : Kunstleder<\/span><\/span><\/p>\n<\/li>\n<li>\n<p style=\"margin-bottom: 0cm; line-height: 0.71cm;\"><span style=\"color: #000000; font-size: 12pt;\"><span style=\"font-family: 'Arial Unicode MS', sans-serif;\"><span style=\"text-decoration: underline;\">Bezug<\/span> : Kunstleder<\/span><\/span><\/p>\n<\/li>\n<li>\n<p style=\"margin-bottom: 0cm; line-height: 0.71cm;\"><span style=\"color: #000000; font-size: 12pt;\"><span style=\"font-family: 'Arial Unicode MS', sans-serif;\"><span style=\"text-decoration: underline;\">10 cm F\u00fc\u00dfe:<\/span> Holz<\/span><\/span><\/p>\n<\/li>\n<\/ul>\n<p>&nbsp;<\/p>\n<p style=\"margin-bottom: 0cm;\"><span style=\"font-family: 'Arial Unicode MS', sans-serif; font-size: 12pt;\">Verwenden Sie zu <strong>Reinigungszwecken<\/strong> nur ein weiches, leicht angefeuchtetes Tuch. Verwenden Sie <span style=\"text-decoration: underline;\">keine<\/span> rauen T\u00fccher oder Scheuerschw\u00e4mme, die die Oberfl\u00e4che zerkratzen k\u00f6nnten. Verwenden Sie <span style=\"text-decoration: underline;\">keine<\/span> aggressiven Reinigungsmittel.<\/span><\/p>\n<p>&nbsp;<\/p>\n<p>&nbsp;<\/p>\n","protected":false},"excerpt":{"rendered":"<p>Das Bett ist aus Kunstleder und bietet einen luxuri\u00f6sen und raffinierten Stil. Ebenso hat es ein besonderes Design, das durch die gesteppte Polsterung und die einfachen und linearen Formen hervorgehoben wird. Das Bett ist in zwei Farben (wei\u00df oder schwarz) erh\u00e4ltlich. Mit der richtigen Kombination passt es sich auch den modernsten Umgebungen perfekt an.<\/p>\n","protected":false},"featured_media":33790,"comment_status":"open","ping_status":"closed","template":"","meta":[],"product_brand":[9925],"product_cat":[9800],"product_tag":[],"class_list":{"0":"post-80319","1":"product","2":"type-product","3":"status-publish","4":"has-post-thumbnail","6":"product_brand-predator-arredo-casa-de","7":"product_cat-betten-inneneinrichtung","9":"first","10":"instock","11":"sale","12":"taxable","13":"shipping-taxable","14":"purchasable","15":"product-type-simple"},"exclude_global_add_ons":false,"addons":[{"name":"Farbe","type":"multiple_choice","position":0,"required":true,"title_format":"heading","default":"","description_enable":false,"description":"","placeholder_enable":false,"placeholder":"","display":"select","restrictions_type":"any_text","adjust_price":false,"price":"","price_type":"flat_fee","restrictions":false,"min":"0","max":"0","options":[{"label":"wei\u00df","price":"","price_type":"quantity_based","image":0,"visibility":true},{"label":"schwarz","price":"","price_type":"quantity_based","image":0,"visibility":true}],"id":1718720464}],"yoast_head":"<!-- This site is optimized with the Yoast SEO plugin v26.7 - https:\/\/yoast.com\/wordpress\/plugins\/seo\/ -->\n<title>Margherita Doppelbett aus wei\u00dfem oder schwarzem Kunstleder mit Holzf\u00fc\u00dfen<\/title>\n<meta name=\"description\" content=\"Das Margherita Doppelbett aus Kunstleder in zwei Farben, wei\u00df oder schwarz, zeichnet sich durch einen klassischen und raffinierten Stil aus\" \/>\n<meta name=\"robots\" content=\"index, follow, max-snippet:-1, max-image-preview:large, max-video-preview:-1\" \/>\n<link rel=\"canonical\" href=\"https:\/\/www.bagnoitalia.com\/de\/produkt\/margherita-220x167-doppelbett-aus-weisem-oder-schwarzem-kunstleder-mit-holzfusen.html\" \/>\n<meta property=\"og:locale\" content=\"de_DE\" \/>\n<meta property=\"og:type\" content=\"article\" \/>\n<meta property=\"og:title\" content=\"Margherita Doppelbett aus wei\u00dfem oder schwarzem Kunstleder mit Holzf\u00fc\u00dfen\" \/>\n<meta property=\"og:description\" content=\"Das Margherita Doppelbett aus Kunstleder in zwei Farben, wei\u00df oder schwarz, zeichnet sich durch einen klassischen und raffinierten Stil aus\" \/>\n<meta property=\"og:url\" content=\"https:\/\/www.bagnoitalia.com\/de\/produkt\/margherita-220x167-doppelbett-aus-weisem-oder-schwarzem-kunstleder-mit-holzfusen.html\" \/>\n<meta property=\"og:site_name\" content=\"Bagno Italia\" \/>\n<meta property=\"article:modified_time\" content=\"2025-06-09T09:25:06+00:00\" \/>\n<meta property=\"og:image\" content=\"https:\/\/img.bagnoitalia.com\/wp-content\/uploads\/virtuemart\/product\/Container-double-bed-Margherita-1_1541776596_262.jpg\" \/>\n\t<meta property=\"og:image:width\" content=\"600\" \/>\n\t<meta property=\"og:image:height\" content=\"600\" \/>\n\t<meta property=\"og:image:type\" content=\"image\/jpeg\" \/>\n<meta name=\"twitter:card\" content=\"summary_large_image\" \/>\n<meta name=\"twitter:label1\" content=\"Gesch\u00e4tzte Lesezeit\" \/>\n\t<meta name=\"twitter:data1\" content=\"1\u00a0Minute\" \/>\n<script type=\"application\/ld+json\" class=\"yoast-schema-graph\">{\"@context\":\"https:\/\/schema.org\",\"@graph\":[{\"@type\":\"WebPage\",\"@id\":\"https:\/\/www.bagnoitalia.com\/de\/produkt\/margherita-220x167-doppelbett-aus-weisem-oder-schwarzem-kunstleder-mit-holzfusen.html\",\"url\":\"https:\/\/www.bagnoitalia.com\/de\/produkt\/margherita-220x167-doppelbett-aus-weisem-oder-schwarzem-kunstleder-mit-holzfusen.html\",\"name\":\"Margherita Doppelbett aus wei\u00dfem oder schwarzem Kunstleder mit Holzf\u00fc\u00dfen\",\"isPartOf\":{\"@id\":\"https:\/\/www.bagnoitalia.com\/de#website\"},\"primaryImageOfPage\":{\"@id\":\"https:\/\/www.bagnoitalia.com\/de\/produkt\/margherita-220x167-doppelbett-aus-weisem-oder-schwarzem-kunstleder-mit-holzfusen.html#primaryimage\"},\"image\":{\"@id\":\"https:\/\/www.bagnoitalia.com\/de\/produkt\/margherita-220x167-doppelbett-aus-weisem-oder-schwarzem-kunstleder-mit-holzfusen.html#primaryimage\"},\"thumbnailUrl\":\"https:\/\/img.bagnoitalia.com\/wp-content\/uploads\/virtuemart\/product\/Container-double-bed-Margherita-1_1541776596_262.jpg\",\"datePublished\":\"2016-12-01T13:04:05+00:00\",\"dateModified\":\"2025-06-09T09:25:06+00:00\",\"description\":\"Das Margherita Doppelbett aus Kunstleder in zwei Farben, wei\u00df oder schwarz, zeichnet sich durch einen klassischen und raffinierten Stil aus\",\"breadcrumb\":{\"@id\":\"https:\/\/www.bagnoitalia.com\/de\/produkt\/margherita-220x167-doppelbett-aus-weisem-oder-schwarzem-kunstleder-mit-holzfusen.html#breadcrumb\"},\"inLanguage\":\"de\",\"potentialAction\":[{\"@type\":\"ReadAction\",\"target\":[\"https:\/\/www.bagnoitalia.com\/de\/produkt\/margherita-220x167-doppelbett-aus-weisem-oder-schwarzem-kunstleder-mit-holzfusen.html\"]}]},{\"@type\":\"ImageObject\",\"inLanguage\":\"de\",\"@id\":\"https:\/\/www.bagnoitalia.com\/de\/produkt\/margherita-220x167-doppelbett-aus-weisem-oder-schwarzem-kunstleder-mit-holzfusen.html#primaryimage\",\"url\":\"https:\/\/img.bagnoitalia.com\/wp-content\/uploads\/virtuemart\/product\/Container-double-bed-Margherita-1_1541776596_262.jpg\",\"contentUrl\":\"https:\/\/img.bagnoitalia.com\/wp-content\/uploads\/virtuemart\/product\/Container-double-bed-Margherita-1_1541776596_262.jpg\",\"width\":600,\"height\":600},{\"@type\":\"BreadcrumbList\",\"@id\":\"https:\/\/www.bagnoitalia.com\/de\/produkt\/margherita-220x167-doppelbett-aus-weisem-oder-schwarzem-kunstleder-mit-holzfusen.html#breadcrumb\",\"itemListElement\":[{\"@type\":\"ListItem\",\"position\":1,\"name\":\"Home\",\"item\":\"https:\/\/www.bagnoitalia.com\/de\"},{\"@type\":\"ListItem\",\"position\":2,\"name\":\"Produkte\",\"item\":\"https:\/\/www.bagnoitalia.com\/de\/shop\"},{\"@type\":\"ListItem\",\"position\":3,\"name\":\"Margherita Doppelbett 220x167cm, aus wei\u00dfem oder schwarzem Kunstleder mit Holzf\u00fc\u00dfen\"}]},{\"@type\":\"WebSite\",\"@id\":\"https:\/\/www.bagnoitalia.com\/de#website\",\"url\":\"https:\/\/www.bagnoitalia.com\/de\",\"name\":\"Bagno Italia\",\"description\":\"\",\"publisher\":{\"@id\":\"https:\/\/www.bagnoitalia.com\/de#organization\"},\"potentialAction\":[{\"@type\":\"SearchAction\",\"target\":{\"@type\":\"EntryPoint\",\"urlTemplate\":\"https:\/\/www.bagnoitalia.com\/de?s={search_term_string}\"},\"query-input\":{\"@type\":\"PropertyValueSpecification\",\"valueRequired\":true,\"valueName\":\"search_term_string\"}}],\"inLanguage\":\"de\"},{\"@type\":\"Organization\",\"@id\":\"https:\/\/www.bagnoitalia.com\/de#organization\",\"name\":\"Bagno Italia\",\"url\":\"https:\/\/www.bagnoitalia.com\/de\",\"logo\":{\"@type\":\"ImageObject\",\"inLanguage\":\"de\",\"@id\":\"https:\/\/www.bagnoitalia.com\/de#\/schema\/logo\/image\/\",\"url\":\"https:\/\/img.bagnoitalia.com\/wp-content\/uploads\/logo-bagnoitalia.webp\",\"contentUrl\":\"https:\/\/img.bagnoitalia.com\/wp-content\/uploads\/logo-bagnoitalia.webp\",\"width\":400,\"height\":70,\"caption\":\"Bagno Italia\"},\"image\":{\"@id\":\"https:\/\/www.bagnoitalia.com\/de#\/schema\/logo\/image\/\"}}]}<\/script>\n<!-- \/ Yoast SEO plugin. -->","yoast_head_json":{"title":"Margherita Doppelbett aus wei\u00dfem oder schwarzem Kunstleder mit Holzf\u00fc\u00dfen","description":"Das Margherita Doppelbett aus Kunstleder in zwei Farben, wei\u00df oder schwarz, zeichnet sich durch einen klassischen und raffinierten Stil aus","robots":{"index":"index","follow":"follow","max-snippet":"max-snippet:-1","max-image-preview":"max-image-preview:large","max-video-preview":"max-video-preview:-1"},"canonical":"https:\/\/www.bagnoitalia.com\/de\/produkt\/margherita-220x167-doppelbett-aus-weisem-oder-schwarzem-kunstleder-mit-holzfusen.html","og_locale":"de_DE","og_type":"article","og_title":"Margherita Doppelbett aus wei\u00dfem oder schwarzem Kunstleder mit Holzf\u00fc\u00dfen","og_description":"Das Margherita Doppelbett aus Kunstleder in zwei Farben, wei\u00df oder schwarz, zeichnet sich durch einen klassischen und raffinierten Stil aus","og_url":"https:\/\/www.bagnoitalia.com\/de\/produkt\/margherita-220x167-doppelbett-aus-weisem-oder-schwarzem-kunstleder-mit-holzfusen.html","og_site_name":"Bagno Italia","article_modified_time":"2025-06-09T09:25:06+00:00","og_image":[{"width":600,"height":600,"url":"https:\/\/img.bagnoitalia.com\/wp-content\/uploads\/virtuemart\/product\/Container-double-bed-Margherita-1_1541776596_262.jpg","type":"image\/jpeg"}],"twitter_card":"summary_large_image","twitter_misc":{"Gesch\u00e4tzte Lesezeit":"1\u00a0Minute"},"schema":{"@context":"https:\/\/schema.org","@graph":[{"@type":"WebPage","@id":"https:\/\/www.bagnoitalia.com\/de\/produkt\/margherita-220x167-doppelbett-aus-weisem-oder-schwarzem-kunstleder-mit-holzfusen.html","url":"https:\/\/www.bagnoitalia.com\/de\/produkt\/margherita-220x167-doppelbett-aus-weisem-oder-schwarzem-kunstleder-mit-holzfusen.html","name":"Margherita Doppelbett aus wei\u00dfem oder schwarzem Kunstleder mit Holzf\u00fc\u00dfen","isPartOf":{"@id":"https:\/\/www.bagnoitalia.com\/de#website"},"primaryImageOfPage":{"@id":"https:\/\/www.bagnoitalia.com\/de\/produkt\/margherita-220x167-doppelbett-aus-weisem-oder-schwarzem-kunstleder-mit-holzfusen.html#primaryimage"},"image":{"@id":"https:\/\/www.bagnoitalia.com\/de\/produkt\/margherita-220x167-doppelbett-aus-weisem-oder-schwarzem-kunstleder-mit-holzfusen.html#primaryimage"},"thumbnailUrl":"https:\/\/img.bagnoitalia.com\/wp-content\/uploads\/virtuemart\/product\/Container-double-bed-Margherita-1_1541776596_262.jpg","datePublished":"2016-12-01T13:04:05+00:00","dateModified":"2025-06-09T09:25:06+00:00","description":"Das Margherita Doppelbett aus Kunstleder in zwei Farben, wei\u00df oder schwarz, zeichnet sich durch einen klassischen und raffinierten Stil aus","breadcrumb":{"@id":"https:\/\/www.bagnoitalia.com\/de\/produkt\/margherita-220x167-doppelbett-aus-weisem-oder-schwarzem-kunstleder-mit-holzfusen.html#breadcrumb"},"inLanguage":"de","potentialAction":[{"@type":"ReadAction","target":["https:\/\/www.bagnoitalia.com\/de\/produkt\/margherita-220x167-doppelbett-aus-weisem-oder-schwarzem-kunstleder-mit-holzfusen.html"]}]},{"@type":"ImageObject","inLanguage":"de","@id":"https:\/\/www.bagnoitalia.com\/de\/produkt\/margherita-220x167-doppelbett-aus-weisem-oder-schwarzem-kunstleder-mit-holzfusen.html#primaryimage","url":"https:\/\/img.bagnoitalia.com\/wp-content\/uploads\/virtuemart\/product\/Container-double-bed-Margherita-1_1541776596_262.jpg","contentUrl":"https:\/\/img.bagnoitalia.com\/wp-content\/uploads\/virtuemart\/product\/Container-double-bed-Margherita-1_1541776596_262.jpg","width":600,"height":600},{"@type":"BreadcrumbList","@id":"https:\/\/www.bagnoitalia.com\/de\/produkt\/margherita-220x167-doppelbett-aus-weisem-oder-schwarzem-kunstleder-mit-holzfusen.html#breadcrumb","itemListElement":[{"@type":"ListItem","position":1,"name":"Home","item":"https:\/\/www.bagnoitalia.com\/de"},{"@type":"ListItem","position":2,"name":"Produkte","item":"https:\/\/www.bagnoitalia.com\/de\/shop"},{"@type":"ListItem","position":3,"name":"Margherita Doppelbett 220x167cm, aus wei\u00dfem oder schwarzem Kunstleder mit Holzf\u00fc\u00dfen"}]},{"@type":"WebSite","@id":"https:\/\/www.bagnoitalia.com\/de#website","url":"https:\/\/www.bagnoitalia.com\/de","name":"Bagno Italia","description":"","publisher":{"@id":"https:\/\/www.bagnoitalia.com\/de#organization"},"potentialAction":[{"@type":"SearchAction","target":{"@type":"EntryPoint","urlTemplate":"https:\/\/www.bagnoitalia.com\/de?s={search_term_string}"},"query-input":{"@type":"PropertyValueSpecification","valueRequired":true,"valueName":"search_term_string"}}],"inLanguage":"de"},{"@type":"Organization","@id":"https:\/\/www.bagnoitalia.com\/de#organization","name":"Bagno Italia","url":"https:\/\/www.bagnoitalia.com\/de","logo":{"@type":"ImageObject","inLanguage":"de","@id":"https:\/\/www.bagnoitalia.com\/de#\/schema\/logo\/image\/","url":"https:\/\/img.bagnoitalia.com\/wp-content\/uploads\/logo-bagnoitalia.webp","contentUrl":"https:\/\/img.bagnoitalia.com\/wp-content\/uploads\/logo-bagnoitalia.webp","width":400,"height":70,"caption":"Bagno Italia"},"image":{"@id":"https:\/\/www.bagnoitalia.com\/de#\/schema\/logo\/image\/"}}]}},"_links":{"self":[{"href":"https:\/\/www.bagnoitalia.com\/de\/wp-json\/wp\/v2\/product\/80319","targetHints":{"allow":["GET"]}}],"collection":[{"href":"https:\/\/www.bagnoitalia.com\/de\/wp-json\/wp\/v2\/product"}],"about":[{"href":"https:\/\/www.bagnoitalia.com\/de\/wp-json\/wp\/v2\/types\/product"}],"replies":[{"embeddable":true,"href":"https:\/\/www.bagnoitalia.com\/de\/wp-json\/wp\/v2\/comments?post=80319"}],"version-history":[{"count":2,"href":"https:\/\/www.bagnoitalia.com\/de\/wp-json\/wp\/v2\/product\/80319\/revisions"}],"predecessor-version":[{"id":91757,"href":"https:\/\/www.bagnoitalia.com\/de\/wp-json\/wp\/v2\/product\/80319\/revisions\/91757"}],"wp:featuredmedia":[{"embeddable":true,"href":"https:\/\/www.bagnoitalia.com\/de\/wp-json\/wp\/v2\/media\/33790"}],"wp:attachment":[{"href":"https:\/\/www.bagnoitalia.com\/de\/wp-json\/wp\/v2\/media?parent=80319"}],"wp:term":[{"taxonomy":"product_brand","embeddable":true,"href":"https:\/\/www.bagnoitalia.com\/de\/wp-json\/wp\/v2\/product_brand?post=80319"},{"taxonomy":"product_cat","embeddable":true,"href":"https:\/\/www.bagnoitalia.com\/de\/wp-json\/wp\/v2\/product_cat?post=80319"},{"taxonomy":"product_tag","embeddable":true,"href":"https:\/\/www.bagnoitalia.com\/de\/wp-json\/wp\/v2\/product_tag?post=80319"}],"curies":[{"name":"wp","href":"https:\/\/api.w.org\/{rel}","templated":true}]}}