{"id":80275,"date":"2016-11-02T13:42:23","date_gmt":"2016-11-02T12:42:23","guid":{"rendered":"https:\/\/www.bagnoitalia.com\/product\/jenny-schlafsofa-170x94x31-in-weisem-oder-schwarzem-kunstleder-3-stellen-mit-seitlichen-uberrollkissen"},"modified":"2025-06-09T11:12:19","modified_gmt":"2025-06-09T09:12:19","slug":"jenny-schlafsofa-170x94x31-in-weisem-oder-schwarzem-kunstleder-3-stellen-mit-seitlichen-uberrollkissen","status":"publish","type":"product","link":"https:\/\/www.bagnoitalia.com\/de\/produkt\/jenny-schlafsofa-170x94x31-in-weisem-oder-schwarzem-kunstleder-3-stellen-mit-seitlichen-uberrollkissen.html","title":{"rendered":"Jenny Schlafsofa 170x94x31 aus wei\u00dfem oder schwarzem Kunstleder, 3-Sitzer, seitlich angebrachte Kissen, Anti-Kippsystem"},"content":{"rendered":"<p>&nbsp;<\/p>\n<p><span style=\"font-size: 12pt;\"><span style=\"font-family: 'Arial Unicode MS', sans-serif;\">Das<\/span> <strong style=\"font-family: 'Arial Unicode MS', sans-serif; font-size: 12pt;\">Jenny <\/strong><span style=\"font-family: 'Arial Unicode MS', sans-serif;\">Schlafsofa<\/span> <span style=\"font-family: 'Arial Unicode MS', sans-serif;\">verf\u00fcgt \u00fcber ein modernes Design, passt aber auch in die klassischsten Umgebungen. Es zeichnet sich durch seine<\/span> <span style=\"text-decoration: underline;\">Eleganz aus<\/span>, <span style=\"font-family: 'Arial Unicode MS', sans-serif;\">die durch die Einfachheit der Formen noch verst\u00e4rkt wird.<\/span><\/span><\/p>\n<p style=\"margin-bottom: 0cm;\"><span style=\"font-family: 'Arial Unicode MS', sans-serif; font-size: 12pt;\">Es hat eine Polsterung aus <span style=\"text-decoration: underline;\">Polyurethanschaum,<\/span> die einen bequemen und komfortablen Sitz garantiert. Das Sofa aus schwarzem oder wei\u00dfem <span style=\"text-decoration: underline;\">Kunstleder<\/span> ist zudem mit dekorativen Kn\u00f6pfen best\u00fcckt.<\/span><\/p>\n<p style=\"margin-bottom: 0cm;\"><span style=\"font-family: 'Arial Unicode MS',sans-serif; font-size: 12pt;\">Dank der M\u00f6glichkeit sich leicht in ein Queen-Size-Bett mit <span style=\"text-decoration: underline;\">Anti-Kipp-System<\/span> umzuwandeln, passt es sich jedem Anlass und Bedarf an ohne seine optische Wirkung zu verlieren.<\/span><\/p>\n<p><span style=\"font-size: 12pt;\"><span style=\"color: #ff0000;\">ACHTUNG<\/span>: Sofadichte liegt bei 16cm (dieses Produkt unterscheidet sich von anderen Anbietern, die das Modell mit 12cm Dichte verkaufen). Achten Sie daher bitte auf die untenstehenden Ma\u00dfeinheiten.<\/span><\/p>\n<p style=\"margin-bottom: 0cm;\"><span style=\"font-family: 'Arial Unicode MS', sans-serif; font-size: 12pt;\"><span style=\"text-decoration: underline;\"><strong>EIGENSCHAFTEN<\/strong><\/span><\/span><\/p>\n<ul>\n<li>\n<p style=\"margin-bottom: 0cm;\"><span style=\"font-family: 'Arial Unicode MS', sans-serif; font-size: 12pt;\">3-Sitzer-Schlafsofa 170x77cm<br \/>\n<\/span><\/p>\n<\/li>\n<li>\n<p style=\"margin-bottom: 0cm;\"><span style=\"font-family: 'Arial Unicode MS', sans-serif; font-size: 12pt;\">Seitenkissen enthalten<\/span><\/p>\n<\/li>\n<li>\n<p style=\"margin-bottom: 0cm;\"><span style=\"font-family: 'Arial Unicode MS',sans-serif;\"><span style=\"font-size: medium;\">Bett: 170x94x31cm<br \/>\n<\/span><\/span><\/p>\n<\/li>\n<li>\n<p style=\"margin-bottom: 0cm;\"><span style=\"font-family: 'Arial Unicode MS', sans-serif; font-size: 12pt;\">Sitzh\u00f6he: 31cm<br \/>\n<\/span><\/p>\n<\/li>\n<\/ul>\n<ul>\n<li>\n<p style=\"margin-bottom: 0cm;\"><span style=\"font-family: 'Arial Unicode MS', sans-serif; font-size: 12pt;\">Tiefe: 77cm<br \/>\n<\/span><\/p>\n<\/li>\n<\/ul>\n<p>&nbsp;<\/p>\n<p style=\"margin-bottom: 0cm;\"><span style=\"font-family: 'Arial Unicode MS', sans-serif; font-size: 12pt;\"><span style=\"text-decoration: underline;\"><strong>MATERIAL<\/strong><\/span><\/span><\/p>\n<ul>\n<li>\n<p style=\"margin-bottom: 0cm;\"><span style=\"font-family: 'Arial Unicode MS', sans-serif; font-size: 12pt;\">Struktur: Holz<\/span><\/p>\n<\/li>\n<li>\n<p style=\"margin-bottom: 0cm;\"><span style=\"font-family: 'Arial Unicode MS', sans-serif; font-size: 12pt;\">Sitz: Kunstleder<\/span><\/p>\n<\/li>\n<li>\n<p style=\"margin-bottom: 0cm;\"><span style=\"font-family: 'Arial Unicode MS', sans-serif; font-size: 12pt;\">Sitz und R\u00fcckenlehne: Polyurethan<\/span><\/p>\n<\/li>\n<li>\n<p style=\"margin-bottom: 0cm;\"><span style=\"font-family: 'Arial Unicode MS', sans-serif;\"><span style=\"font-size: 12pt;\">Matratze: Schaumgummi<\/span><br \/>\n<\/span><\/p>\n<\/li>\n<\/ul>\n","protected":false},"excerpt":{"rendered":"<p>Das Jenny Schlafsofa verf\u00fcgt \u00fcber ein modernes Design, passt aber auch in die klassischsten Umgebungen. Es zeichnet sich durch seine Eleganz aus, die durch die Einfachheit der Formen noch verst\u00e4rkt wird.<\/p>\n","protected":false},"featured_media":92749,"comment_status":"open","ping_status":"closed","template":"","meta":[],"product_brand":[9925],"product_cat":[9796],"product_tag":[],"class_list":{"0":"post-80275","1":"product","2":"type-product","3":"status-publish","4":"has-post-thumbnail","6":"product_brand-predator-arredo-casa-de","7":"product_cat-schlafsofa-inneneinrichtung","9":"first","10":"instock","11":"sale","12":"taxable","13":"shipping-taxable","14":"purchasable","15":"product-type-simple"},"exclude_global_add_ons":false,"addons":[{"name":"Farbe","type":"multiple_choice","position":0,"required":true,"title_format":"heading","default":"","description_enable":false,"description":"","placeholder_enable":false,"placeholder":"","display":"select","restrictions_type":"any_text","adjust_price":false,"price":"","price_type":"flat_fee","restrictions":false,"min":"0","max":"0","options":[{"label":"wei\u00df","price":"","price_type":"quantity_based","image":0,"visibility":true},{"label":"schwarz","price":"","price_type":"quantity_based","image":0,"visibility":true}],"id":1718118001}],"yoast_head":"<!-- This site is optimized with the Yoast SEO plugin v26.7 - https:\/\/yoast.com\/wordpress\/plugins\/seo\/ -->\n<title>Jenny Schlafsofa 170x94x31 aus wei\u00dfem oder schwarzem 3-Sitzer Kunstleder mit seitlichen Kipparmlehnen<\/title>\n<meta name=\"description\" content=\"Das Jenny-Schlafsofa verf\u00fcgt \u00fcber ein modernes Design, passt aber auch in die klassischsten Umgebungen. Es zeichnet sich durch seine Eleganz aus, die durch die Einfachheit der Formen noch verst\u00e4rkt wird.\" \/>\n<meta name=\"robots\" content=\"index, follow, max-snippet:-1, max-image-preview:large, max-video-preview:-1\" \/>\n<link rel=\"canonical\" href=\"https:\/\/www.bagnoitalia.com\/de\/produkt\/jenny-schlafsofa-170x94x31-in-weisem-oder-schwarzem-kunstleder-3-stellen-mit-seitlichen-uberrollkissen.html\" \/>\n<meta property=\"og:locale\" content=\"de_DE\" \/>\n<meta property=\"og:type\" content=\"article\" \/>\n<meta property=\"og:title\" content=\"Jenny Schlafsofa 170x94x31 aus wei\u00dfem oder schwarzem 3-Sitzer Kunstleder mit seitlichen Kipparmlehnen\" \/>\n<meta property=\"og:description\" content=\"Das Jenny-Schlafsofa verf\u00fcgt \u00fcber ein modernes Design, passt aber auch in die klassischsten Umgebungen. Es zeichnet sich durch seine Eleganz aus, die durch die Einfachheit der Formen noch verst\u00e4rkt wird.\" \/>\n<meta property=\"og:url\" content=\"https:\/\/www.bagnoitalia.com\/de\/produkt\/jenny-schlafsofa-170x94x31-in-weisem-oder-schwarzem-kunstleder-3-stellen-mit-seitlichen-uberrollkissen.html\" \/>\n<meta property=\"og:site_name\" content=\"Bagno Italia\" \/>\n<meta property=\"article:modified_time\" content=\"2025-06-09T09:12:19+00:00\" \/>\n<meta property=\"og:image\" content=\"https:\/\/img.bagnoitalia.com\/wp-content\/uploads\/divano-letto-ecopelle-jenny-bianco-nero_1542788488_440.webp-1.webp\" \/>\n\t<meta property=\"og:image:width\" content=\"550\" \/>\n\t<meta property=\"og:image:height\" content=\"550\" \/>\n\t<meta property=\"og:image:type\" content=\"image\/webp\" \/>\n<meta name=\"twitter:card\" content=\"summary_large_image\" \/>\n<meta name=\"twitter:label1\" content=\"Gesch\u00e4tzte Lesezeit\" \/>\n\t<meta name=\"twitter:data1\" content=\"1\u00a0Minute\" \/>\n<script type=\"application\/ld+json\" class=\"yoast-schema-graph\">{\"@context\":\"https:\/\/schema.org\",\"@graph\":[{\"@type\":\"WebPage\",\"@id\":\"https:\/\/www.bagnoitalia.com\/de\/produkt\/jenny-schlafsofa-170x94x31-in-weisem-oder-schwarzem-kunstleder-3-stellen-mit-seitlichen-uberrollkissen.html\",\"url\":\"https:\/\/www.bagnoitalia.com\/de\/produkt\/jenny-schlafsofa-170x94x31-in-weisem-oder-schwarzem-kunstleder-3-stellen-mit-seitlichen-uberrollkissen.html\",\"name\":\"Jenny Schlafsofa 170x94x31 aus wei\u00dfem oder schwarzem 3-Sitzer Kunstleder mit seitlichen Kipparmlehnen\",\"isPartOf\":{\"@id\":\"https:\/\/www.bagnoitalia.com\/de#website\"},\"primaryImageOfPage\":{\"@id\":\"https:\/\/www.bagnoitalia.com\/de\/produkt\/jenny-schlafsofa-170x94x31-in-weisem-oder-schwarzem-kunstleder-3-stellen-mit-seitlichen-uberrollkissen.html#primaryimage\"},\"image\":{\"@id\":\"https:\/\/www.bagnoitalia.com\/de\/produkt\/jenny-schlafsofa-170x94x31-in-weisem-oder-schwarzem-kunstleder-3-stellen-mit-seitlichen-uberrollkissen.html#primaryimage\"},\"thumbnailUrl\":\"https:\/\/img.bagnoitalia.com\/wp-content\/uploads\/divano-letto-ecopelle-jenny-bianco-nero_1542788488_440.webp-1.webp\",\"datePublished\":\"2016-11-02T12:42:23+00:00\",\"dateModified\":\"2025-06-09T09:12:19+00:00\",\"description\":\"Das Jenny-Schlafsofa verf\u00fcgt \u00fcber ein modernes Design, passt aber auch in die klassischsten Umgebungen. Es zeichnet sich durch seine Eleganz aus, die durch die Einfachheit der Formen noch verst\u00e4rkt wird.\",\"breadcrumb\":{\"@id\":\"https:\/\/www.bagnoitalia.com\/de\/produkt\/jenny-schlafsofa-170x94x31-in-weisem-oder-schwarzem-kunstleder-3-stellen-mit-seitlichen-uberrollkissen.html#breadcrumb\"},\"inLanguage\":\"de\",\"potentialAction\":[{\"@type\":\"ReadAction\",\"target\":[\"https:\/\/www.bagnoitalia.com\/de\/produkt\/jenny-schlafsofa-170x94x31-in-weisem-oder-schwarzem-kunstleder-3-stellen-mit-seitlichen-uberrollkissen.html\"]}]},{\"@type\":\"ImageObject\",\"inLanguage\":\"de\",\"@id\":\"https:\/\/www.bagnoitalia.com\/de\/produkt\/jenny-schlafsofa-170x94x31-in-weisem-oder-schwarzem-kunstleder-3-stellen-mit-seitlichen-uberrollkissen.html#primaryimage\",\"url\":\"https:\/\/img.bagnoitalia.com\/wp-content\/uploads\/divano-letto-ecopelle-jenny-bianco-nero_1542788488_440.webp-1.webp\",\"contentUrl\":\"https:\/\/img.bagnoitalia.com\/wp-content\/uploads\/divano-letto-ecopelle-jenny-bianco-nero_1542788488_440.webp-1.webp\",\"width\":550,\"height\":550},{\"@type\":\"BreadcrumbList\",\"@id\":\"https:\/\/www.bagnoitalia.com\/de\/produkt\/jenny-schlafsofa-170x94x31-in-weisem-oder-schwarzem-kunstleder-3-stellen-mit-seitlichen-uberrollkissen.html#breadcrumb\",\"itemListElement\":[{\"@type\":\"ListItem\",\"position\":1,\"name\":\"Home\",\"item\":\"https:\/\/www.bagnoitalia.com\/de\"},{\"@type\":\"ListItem\",\"position\":2,\"name\":\"Produkte\",\"item\":\"https:\/\/www.bagnoitalia.com\/de\/shop\"},{\"@type\":\"ListItem\",\"position\":3,\"name\":\"Jenny Schlafsofa 170x94x31 aus wei\u00dfem oder schwarzem Kunstleder, 3-Sitzer, seitlich angebrachte Kissen, Anti-Kippsystem\"}]},{\"@type\":\"WebSite\",\"@id\":\"https:\/\/www.bagnoitalia.com\/de#website\",\"url\":\"https:\/\/www.bagnoitalia.com\/de\",\"name\":\"Bagno Italia\",\"description\":\"\",\"publisher\":{\"@id\":\"https:\/\/www.bagnoitalia.com\/de#organization\"},\"potentialAction\":[{\"@type\":\"SearchAction\",\"target\":{\"@type\":\"EntryPoint\",\"urlTemplate\":\"https:\/\/www.bagnoitalia.com\/de?s={search_term_string}\"},\"query-input\":{\"@type\":\"PropertyValueSpecification\",\"valueRequired\":true,\"valueName\":\"search_term_string\"}}],\"inLanguage\":\"de\"},{\"@type\":\"Organization\",\"@id\":\"https:\/\/www.bagnoitalia.com\/de#organization\",\"name\":\"Bagno Italia\",\"url\":\"https:\/\/www.bagnoitalia.com\/de\",\"logo\":{\"@type\":\"ImageObject\",\"inLanguage\":\"de\",\"@id\":\"https:\/\/www.bagnoitalia.com\/de#\/schema\/logo\/image\/\",\"url\":\"https:\/\/img.bagnoitalia.com\/wp-content\/uploads\/logo-bagnoitalia.webp\",\"contentUrl\":\"https:\/\/img.bagnoitalia.com\/wp-content\/uploads\/logo-bagnoitalia.webp\",\"width\":400,\"height\":70,\"caption\":\"Bagno Italia\"},\"image\":{\"@id\":\"https:\/\/www.bagnoitalia.com\/de#\/schema\/logo\/image\/\"}}]}<\/script>\n<!-- \/ Yoast SEO plugin. -->","yoast_head_json":{"title":"Jenny Schlafsofa 170x94x31 aus wei\u00dfem oder schwarzem 3-Sitzer Kunstleder mit seitlichen Kipparmlehnen","description":"Das Jenny-Schlafsofa verf\u00fcgt \u00fcber ein modernes Design, passt aber auch in die klassischsten Umgebungen. Es zeichnet sich durch seine Eleganz aus, die durch die Einfachheit der Formen noch verst\u00e4rkt wird.","robots":{"index":"index","follow":"follow","max-snippet":"max-snippet:-1","max-image-preview":"max-image-preview:large","max-video-preview":"max-video-preview:-1"},"canonical":"https:\/\/www.bagnoitalia.com\/de\/produkt\/jenny-schlafsofa-170x94x31-in-weisem-oder-schwarzem-kunstleder-3-stellen-mit-seitlichen-uberrollkissen.html","og_locale":"de_DE","og_type":"article","og_title":"Jenny Schlafsofa 170x94x31 aus wei\u00dfem oder schwarzem 3-Sitzer Kunstleder mit seitlichen Kipparmlehnen","og_description":"Das Jenny-Schlafsofa verf\u00fcgt \u00fcber ein modernes Design, passt aber auch in die klassischsten Umgebungen. Es zeichnet sich durch seine Eleganz aus, die durch die Einfachheit der Formen noch verst\u00e4rkt wird.","og_url":"https:\/\/www.bagnoitalia.com\/de\/produkt\/jenny-schlafsofa-170x94x31-in-weisem-oder-schwarzem-kunstleder-3-stellen-mit-seitlichen-uberrollkissen.html","og_site_name":"Bagno Italia","article_modified_time":"2025-06-09T09:12:19+00:00","og_image":[{"width":550,"height":550,"url":"https:\/\/img.bagnoitalia.com\/wp-content\/uploads\/divano-letto-ecopelle-jenny-bianco-nero_1542788488_440.webp-1.webp","type":"image\/webp"}],"twitter_card":"summary_large_image","twitter_misc":{"Gesch\u00e4tzte Lesezeit":"1\u00a0Minute"},"schema":{"@context":"https:\/\/schema.org","@graph":[{"@type":"WebPage","@id":"https:\/\/www.bagnoitalia.com\/de\/produkt\/jenny-schlafsofa-170x94x31-in-weisem-oder-schwarzem-kunstleder-3-stellen-mit-seitlichen-uberrollkissen.html","url":"https:\/\/www.bagnoitalia.com\/de\/produkt\/jenny-schlafsofa-170x94x31-in-weisem-oder-schwarzem-kunstleder-3-stellen-mit-seitlichen-uberrollkissen.html","name":"Jenny Schlafsofa 170x94x31 aus wei\u00dfem oder schwarzem 3-Sitzer Kunstleder mit seitlichen Kipparmlehnen","isPartOf":{"@id":"https:\/\/www.bagnoitalia.com\/de#website"},"primaryImageOfPage":{"@id":"https:\/\/www.bagnoitalia.com\/de\/produkt\/jenny-schlafsofa-170x94x31-in-weisem-oder-schwarzem-kunstleder-3-stellen-mit-seitlichen-uberrollkissen.html#primaryimage"},"image":{"@id":"https:\/\/www.bagnoitalia.com\/de\/produkt\/jenny-schlafsofa-170x94x31-in-weisem-oder-schwarzem-kunstleder-3-stellen-mit-seitlichen-uberrollkissen.html#primaryimage"},"thumbnailUrl":"https:\/\/img.bagnoitalia.com\/wp-content\/uploads\/divano-letto-ecopelle-jenny-bianco-nero_1542788488_440.webp-1.webp","datePublished":"2016-11-02T12:42:23+00:00","dateModified":"2025-06-09T09:12:19+00:00","description":"Das Jenny-Schlafsofa verf\u00fcgt \u00fcber ein modernes Design, passt aber auch in die klassischsten Umgebungen. Es zeichnet sich durch seine Eleganz aus, die durch die Einfachheit der Formen noch verst\u00e4rkt wird.","breadcrumb":{"@id":"https:\/\/www.bagnoitalia.com\/de\/produkt\/jenny-schlafsofa-170x94x31-in-weisem-oder-schwarzem-kunstleder-3-stellen-mit-seitlichen-uberrollkissen.html#breadcrumb"},"inLanguage":"de","potentialAction":[{"@type":"ReadAction","target":["https:\/\/www.bagnoitalia.com\/de\/produkt\/jenny-schlafsofa-170x94x31-in-weisem-oder-schwarzem-kunstleder-3-stellen-mit-seitlichen-uberrollkissen.html"]}]},{"@type":"ImageObject","inLanguage":"de","@id":"https:\/\/www.bagnoitalia.com\/de\/produkt\/jenny-schlafsofa-170x94x31-in-weisem-oder-schwarzem-kunstleder-3-stellen-mit-seitlichen-uberrollkissen.html#primaryimage","url":"https:\/\/img.bagnoitalia.com\/wp-content\/uploads\/divano-letto-ecopelle-jenny-bianco-nero_1542788488_440.webp-1.webp","contentUrl":"https:\/\/img.bagnoitalia.com\/wp-content\/uploads\/divano-letto-ecopelle-jenny-bianco-nero_1542788488_440.webp-1.webp","width":550,"height":550},{"@type":"BreadcrumbList","@id":"https:\/\/www.bagnoitalia.com\/de\/produkt\/jenny-schlafsofa-170x94x31-in-weisem-oder-schwarzem-kunstleder-3-stellen-mit-seitlichen-uberrollkissen.html#breadcrumb","itemListElement":[{"@type":"ListItem","position":1,"name":"Home","item":"https:\/\/www.bagnoitalia.com\/de"},{"@type":"ListItem","position":2,"name":"Produkte","item":"https:\/\/www.bagnoitalia.com\/de\/shop"},{"@type":"ListItem","position":3,"name":"Jenny Schlafsofa 170x94x31 aus wei\u00dfem oder schwarzem Kunstleder, 3-Sitzer, seitlich angebrachte Kissen, Anti-Kippsystem"}]},{"@type":"WebSite","@id":"https:\/\/www.bagnoitalia.com\/de#website","url":"https:\/\/www.bagnoitalia.com\/de","name":"Bagno Italia","description":"","publisher":{"@id":"https:\/\/www.bagnoitalia.com\/de#organization"},"potentialAction":[{"@type":"SearchAction","target":{"@type":"EntryPoint","urlTemplate":"https:\/\/www.bagnoitalia.com\/de?s={search_term_string}"},"query-input":{"@type":"PropertyValueSpecification","valueRequired":true,"valueName":"search_term_string"}}],"inLanguage":"de"},{"@type":"Organization","@id":"https:\/\/www.bagnoitalia.com\/de#organization","name":"Bagno Italia","url":"https:\/\/www.bagnoitalia.com\/de","logo":{"@type":"ImageObject","inLanguage":"de","@id":"https:\/\/www.bagnoitalia.com\/de#\/schema\/logo\/image\/","url":"https:\/\/img.bagnoitalia.com\/wp-content\/uploads\/logo-bagnoitalia.webp","contentUrl":"https:\/\/img.bagnoitalia.com\/wp-content\/uploads\/logo-bagnoitalia.webp","width":400,"height":70,"caption":"Bagno Italia"},"image":{"@id":"https:\/\/www.bagnoitalia.com\/de#\/schema\/logo\/image\/"}}]}},"_links":{"self":[{"href":"https:\/\/www.bagnoitalia.com\/de\/wp-json\/wp\/v2\/product\/80275","targetHints":{"allow":["GET"]}}],"collection":[{"href":"https:\/\/www.bagnoitalia.com\/de\/wp-json\/wp\/v2\/product"}],"about":[{"href":"https:\/\/www.bagnoitalia.com\/de\/wp-json\/wp\/v2\/types\/product"}],"replies":[{"embeddable":true,"href":"https:\/\/www.bagnoitalia.com\/de\/wp-json\/wp\/v2\/comments?post=80275"}],"version-history":[{"count":1,"href":"https:\/\/www.bagnoitalia.com\/de\/wp-json\/wp\/v2\/product\/80275\/revisions"}],"predecessor-version":[{"id":89901,"href":"https:\/\/www.bagnoitalia.com\/de\/wp-json\/wp\/v2\/product\/80275\/revisions\/89901"}],"wp:featuredmedia":[{"embeddable":true,"href":"https:\/\/www.bagnoitalia.com\/de\/wp-json\/wp\/v2\/media\/92749"}],"wp:attachment":[{"href":"https:\/\/www.bagnoitalia.com\/de\/wp-json\/wp\/v2\/media?parent=80275"}],"wp:term":[{"taxonomy":"product_brand","embeddable":true,"href":"https:\/\/www.bagnoitalia.com\/de\/wp-json\/wp\/v2\/product_brand?post=80275"},{"taxonomy":"product_cat","embeddable":true,"href":"https:\/\/www.bagnoitalia.com\/de\/wp-json\/wp\/v2\/product_cat?post=80275"},{"taxonomy":"product_tag","embeddable":true,"href":"https:\/\/www.bagnoitalia.com\/de\/wp-json\/wp\/v2\/product_tag?post=80275"}],"curies":[{"name":"wp","href":"https:\/\/api.w.org\/{rel}","templated":true}]}}