{"id":80247,"date":"2016-10-12T07:37:54","date_gmt":"2016-10-12T05:37:54","guid":{"rendered":"https:\/\/www.bagnoitalia.com\/product\/halbrunde-duschwanne-aus-verstarktem-acryl-5-cm-dick-in-verschiedenen-ausfuhrungen"},"modified":"2024-05-24T12:16:41","modified_gmt":"2024-05-24T10:16:41","slug":"halbrunde-duschwanne-aus-verstarktem-acryl-5-cm-dick-in-verschiedenen-ausfuhrungen","status":"publish","type":"product","link":"https:\/\/www.bagnoitalia.com\/de\/produkt\/halbrunde-duschwanne-aus-verstarktem-acryl-5-cm-dick-in-verschiedenen-ausfuhrungen.html","title":{"rendered":"Duschplatte aus verst\u00e4rktem Acryl, 5cm dick, halbrund, in verschiedenen Modellen"},"content":{"rendered":"<p><span style=\"text-decoration: underline;\"><strong>Halbrunde Duschplatte aus verst\u00e4rktem Acryl, 5cm dick, in den Gr\u00f6\u00dfen 80&#215;80 und 90x90cm<\/strong><\/span><\/p>\n<p>&nbsp;<\/p>\n<p><span style=\"color: #000000; font-size: 12pt;\">Die 5cm dicke Duschplatte kann auf oder in den Boden angebracht werden. Sie ist praktisch und passt sich den Bed\u00fcrfnissen und dem Geschmack des Kunden an.<\/span><\/p>\n<p>&nbsp;<\/p>\n<p><span style=\"text-decoration: underline;\"><strong>Eigenschaften:<\/strong><\/span><\/p>\n<div id=\"product_description\" class=\"prod_desc txt\" style=\"margin-top: 20px;\">\n<p><span style=\"color: #000000; font-size: 12pt;\">&#8211; Halbrunde Duschplatte aus wei\u00dfem verst\u00e4rktem Acryl<br \/>\n<\/span><\/p>\n<p><span style=\"font-size: 12pt;\">&#8211; <span style=\"color: #000000; font-size: 12pt;\">Verst\u00e4rkter Glasfaserboden<\/span><\/span><\/p>\n<p><span style=\"color: #000000; font-size: 12pt;\">&#8211; Modernes, avantgardistisches und ultrad\u00fcnnes Design<\/span><\/p>\n<p><span style=\"color: #000000; font-size: 12pt;\">&#8211; Platte 5cm dick<\/span><\/p>\n<p><span style=\"color: #000000; font-size: 12pt;\">&#8211; Installation in oder auf dem Boden<\/span><\/p>\n<p><span style=\"font-size: 12pt;\">&#8211; Gr\u00f6\u00dfe: 80&#215;80 oder 90x90cm<\/span><\/p>\n<p>&nbsp;<\/p>\n<p>&nbsp;<\/p>\n<p><span style=\"text-decoration: underline;\"><strong>Das Ablaufventil kann \u00fcber das oben stehende Men\u00fc zu der Bestellung hinzugef\u00fcgt werden.<\/strong><\/span><\/p>\n<\/div>\n","protected":false},"excerpt":{"rendered":"<p>Halbrunde Duschplatte aus verst\u00e4rktem Acryl. Das Produkt ist 5cm dick und in den Gr\u00f6\u00dfen 80&#215;80 oder 90x90cm erh\u00e4ltlich.<\/p>\n","protected":false},"featured_media":33082,"comment_status":"open","ping_status":"closed","template":"","meta":[],"product_brand":[9889],"product_cat":[9962,9756],"product_tag":[],"class_list":{"0":"post-80247","1":"product","2":"type-product","3":"status-publish","4":"has-post-thumbnail","6":"product_brand-idrom-de","7":"product_cat-showroom-de","8":"product_cat-duschwannen","10":"first","11":"instock","12":"sale","13":"taxable","14":"shipping-taxable","15":"purchasable","16":"product-type-simple"},"exclude_global_add_ons":false,"addons":[{"name":"Abmessungen","type":"multiple_choice","position":0,"required":true,"title_format":"heading","default":"","description_enable":false,"description":"","placeholder_enable":false,"placeholder":"","display":"select","restrictions_type":"any_text","adjust_price":false,"price":"","price_type":"flat_fee","restrictions":false,"min":"0","max":"0","options":[{"label":"80x80","price":"","price_type":"quantity_based","image":0,"visibility":true},{"label":"90x90","price":"18.30","price_type":"quantity_based","image":0,"visibility":true}],"id":1716553002},{"name":"Abfluss","type":"multiple_choice","position":1,"required":true,"title_format":"heading","default":"","description_enable":false,"description":"","placeholder_enable":false,"placeholder":"","display":"select","restrictions_type":"any_text","adjust_price":false,"price":"","price_type":"flat_fee","restrictions":false,"min":"0","max":"0","options":[{"label":"Kein Abfluss","price":"","price_type":"quantity_based","image":0,"visibility":true},{"label":"Abfluss","price":"27","price_type":"quantity_based","image":0,"visibility":true}],"id":1716553003}],"yoast_head":"<!-- This site is optimized with the Yoast SEO plugin v26.7 - https:\/\/yoast.com\/wordpress\/plugins\/seo\/ -->\n<title>Halbrunde Duschwanne aus verst\u00e4rktem Acryl 5 cm dick in verschiedenen Ausf\u00fchrungen<\/title>\n<meta name=\"description\" content=\"Halbkreisf\u00f6rmige Duschwanne aus verst\u00e4rktem Acryl mit einer St\u00e4rke von 5 cm, erh\u00e4ltlich in den Modellen 80x80 und 90x90\" \/>\n<meta name=\"robots\" content=\"index, follow, max-snippet:-1, max-image-preview:large, max-video-preview:-1\" \/>\n<link rel=\"canonical\" href=\"https:\/\/www.bagnoitalia.com\/de\/produkt\/halbrunde-duschwanne-aus-verstarktem-acryl-5-cm-dick-in-verschiedenen-ausfuhrungen.html\" \/>\n<meta property=\"og:locale\" content=\"de_DE\" \/>\n<meta property=\"og:type\" content=\"article\" \/>\n<meta property=\"og:title\" content=\"Halbrunde Duschwanne aus verst\u00e4rktem Acryl 5 cm dick in verschiedenen Ausf\u00fchrungen\" \/>\n<meta property=\"og:description\" content=\"Halbkreisf\u00f6rmige Duschwanne aus verst\u00e4rktem Acryl mit einer St\u00e4rke von 5 cm, erh\u00e4ltlich in den Modellen 80x80 und 90x90\" \/>\n<meta property=\"og:url\" content=\"https:\/\/www.bagnoitalia.com\/de\/produkt\/halbrunde-duschwanne-aus-verstarktem-acryl-5-cm-dick-in-verschiedenen-ausfuhrungen.html\" \/>\n<meta property=\"og:site_name\" content=\"Bagno Italia\" \/>\n<meta property=\"article:modified_time\" content=\"2024-05-24T10:16:41+00:00\" \/>\n<meta property=\"og:image\" content=\"https:\/\/img.bagnoitalia.com\/wp-content\/uploads\/virtuemart\/product\/Semicircular-acrilic-reinforced-shower-tray-1_1542813451_5132.jpg\" \/>\n\t<meta property=\"og:image:width\" content=\"548\" \/>\n\t<meta property=\"og:image:height\" content=\"548\" \/>\n\t<meta property=\"og:image:type\" content=\"image\/jpeg\" \/>\n<meta name=\"twitter:card\" content=\"summary_large_image\" \/>\n<meta name=\"twitter:label1\" content=\"Gesch\u00e4tzte Lesezeit\" \/>\n\t<meta name=\"twitter:data1\" content=\"1\u00a0Minute\" \/>\n<script type=\"application\/ld+json\" class=\"yoast-schema-graph\">{\"@context\":\"https:\/\/schema.org\",\"@graph\":[{\"@type\":\"WebPage\",\"@id\":\"https:\/\/www.bagnoitalia.com\/de\/produkt\/halbrunde-duschwanne-aus-verstarktem-acryl-5-cm-dick-in-verschiedenen-ausfuhrungen.html\",\"url\":\"https:\/\/www.bagnoitalia.com\/de\/produkt\/halbrunde-duschwanne-aus-verstarktem-acryl-5-cm-dick-in-verschiedenen-ausfuhrungen.html\",\"name\":\"Halbrunde Duschwanne aus verst\u00e4rktem Acryl 5 cm dick in verschiedenen Ausf\u00fchrungen\",\"isPartOf\":{\"@id\":\"https:\/\/www.bagnoitalia.com\/de#website\"},\"primaryImageOfPage\":{\"@id\":\"https:\/\/www.bagnoitalia.com\/de\/produkt\/halbrunde-duschwanne-aus-verstarktem-acryl-5-cm-dick-in-verschiedenen-ausfuhrungen.html#primaryimage\"},\"image\":{\"@id\":\"https:\/\/www.bagnoitalia.com\/de\/produkt\/halbrunde-duschwanne-aus-verstarktem-acryl-5-cm-dick-in-verschiedenen-ausfuhrungen.html#primaryimage\"},\"thumbnailUrl\":\"https:\/\/img.bagnoitalia.com\/wp-content\/uploads\/virtuemart\/product\/Semicircular-acrilic-reinforced-shower-tray-1_1542813451_5132.jpg\",\"datePublished\":\"2016-10-12T05:37:54+00:00\",\"dateModified\":\"2024-05-24T10:16:41+00:00\",\"description\":\"Halbkreisf\u00f6rmige Duschwanne aus verst\u00e4rktem Acryl mit einer St\u00e4rke von 5 cm, erh\u00e4ltlich in den Modellen 80x80 und 90x90\",\"breadcrumb\":{\"@id\":\"https:\/\/www.bagnoitalia.com\/de\/produkt\/halbrunde-duschwanne-aus-verstarktem-acryl-5-cm-dick-in-verschiedenen-ausfuhrungen.html#breadcrumb\"},\"inLanguage\":\"de\",\"potentialAction\":[{\"@type\":\"ReadAction\",\"target\":[\"https:\/\/www.bagnoitalia.com\/de\/produkt\/halbrunde-duschwanne-aus-verstarktem-acryl-5-cm-dick-in-verschiedenen-ausfuhrungen.html\"]}]},{\"@type\":\"ImageObject\",\"inLanguage\":\"de\",\"@id\":\"https:\/\/www.bagnoitalia.com\/de\/produkt\/halbrunde-duschwanne-aus-verstarktem-acryl-5-cm-dick-in-verschiedenen-ausfuhrungen.html#primaryimage\",\"url\":\"https:\/\/img.bagnoitalia.com\/wp-content\/uploads\/virtuemart\/product\/Semicircular-acrilic-reinforced-shower-tray-1_1542813451_5132.jpg\",\"contentUrl\":\"https:\/\/img.bagnoitalia.com\/wp-content\/uploads\/virtuemart\/product\/Semicircular-acrilic-reinforced-shower-tray-1_1542813451_5132.jpg\",\"width\":548,\"height\":548},{\"@type\":\"BreadcrumbList\",\"@id\":\"https:\/\/www.bagnoitalia.com\/de\/produkt\/halbrunde-duschwanne-aus-verstarktem-acryl-5-cm-dick-in-verschiedenen-ausfuhrungen.html#breadcrumb\",\"itemListElement\":[{\"@type\":\"ListItem\",\"position\":1,\"name\":\"Home\",\"item\":\"https:\/\/www.bagnoitalia.com\/de\"},{\"@type\":\"ListItem\",\"position\":2,\"name\":\"Produkte\",\"item\":\"https:\/\/www.bagnoitalia.com\/de\/shop\"},{\"@type\":\"ListItem\",\"position\":3,\"name\":\"Duschplatte aus verst\u00e4rktem Acryl, 5cm dick, halbrund, in verschiedenen Modellen\"}]},{\"@type\":\"WebSite\",\"@id\":\"https:\/\/www.bagnoitalia.com\/de#website\",\"url\":\"https:\/\/www.bagnoitalia.com\/de\",\"name\":\"Bagno Italia\",\"description\":\"\",\"publisher\":{\"@id\":\"https:\/\/www.bagnoitalia.com\/de#organization\"},\"potentialAction\":[{\"@type\":\"SearchAction\",\"target\":{\"@type\":\"EntryPoint\",\"urlTemplate\":\"https:\/\/www.bagnoitalia.com\/de?s={search_term_string}\"},\"query-input\":{\"@type\":\"PropertyValueSpecification\",\"valueRequired\":true,\"valueName\":\"search_term_string\"}}],\"inLanguage\":\"de\"},{\"@type\":\"Organization\",\"@id\":\"https:\/\/www.bagnoitalia.com\/de#organization\",\"name\":\"Bagno Italia\",\"url\":\"https:\/\/www.bagnoitalia.com\/de\",\"logo\":{\"@type\":\"ImageObject\",\"inLanguage\":\"de\",\"@id\":\"https:\/\/www.bagnoitalia.com\/de#\/schema\/logo\/image\/\",\"url\":\"https:\/\/img.bagnoitalia.com\/wp-content\/uploads\/logo-bagnoitalia.webp\",\"contentUrl\":\"https:\/\/img.bagnoitalia.com\/wp-content\/uploads\/logo-bagnoitalia.webp\",\"width\":400,\"height\":70,\"caption\":\"Bagno Italia\"},\"image\":{\"@id\":\"https:\/\/www.bagnoitalia.com\/de#\/schema\/logo\/image\/\"}}]}<\/script>\n<!-- \/ Yoast SEO plugin. -->","yoast_head_json":{"title":"Halbrunde Duschwanne aus verst\u00e4rktem Acryl 5 cm dick in verschiedenen Ausf\u00fchrungen","description":"Halbkreisf\u00f6rmige Duschwanne aus verst\u00e4rktem Acryl mit einer St\u00e4rke von 5 cm, erh\u00e4ltlich in den Modellen 80x80 und 90x90","robots":{"index":"index","follow":"follow","max-snippet":"max-snippet:-1","max-image-preview":"max-image-preview:large","max-video-preview":"max-video-preview:-1"},"canonical":"https:\/\/www.bagnoitalia.com\/de\/produkt\/halbrunde-duschwanne-aus-verstarktem-acryl-5-cm-dick-in-verschiedenen-ausfuhrungen.html","og_locale":"de_DE","og_type":"article","og_title":"Halbrunde Duschwanne aus verst\u00e4rktem Acryl 5 cm dick in verschiedenen Ausf\u00fchrungen","og_description":"Halbkreisf\u00f6rmige Duschwanne aus verst\u00e4rktem Acryl mit einer St\u00e4rke von 5 cm, erh\u00e4ltlich in den Modellen 80x80 und 90x90","og_url":"https:\/\/www.bagnoitalia.com\/de\/produkt\/halbrunde-duschwanne-aus-verstarktem-acryl-5-cm-dick-in-verschiedenen-ausfuhrungen.html","og_site_name":"Bagno Italia","article_modified_time":"2024-05-24T10:16:41+00:00","og_image":[{"width":548,"height":548,"url":"https:\/\/img.bagnoitalia.com\/wp-content\/uploads\/virtuemart\/product\/Semicircular-acrilic-reinforced-shower-tray-1_1542813451_5132.jpg","type":"image\/jpeg"}],"twitter_card":"summary_large_image","twitter_misc":{"Gesch\u00e4tzte Lesezeit":"1\u00a0Minute"},"schema":{"@context":"https:\/\/schema.org","@graph":[{"@type":"WebPage","@id":"https:\/\/www.bagnoitalia.com\/de\/produkt\/halbrunde-duschwanne-aus-verstarktem-acryl-5-cm-dick-in-verschiedenen-ausfuhrungen.html","url":"https:\/\/www.bagnoitalia.com\/de\/produkt\/halbrunde-duschwanne-aus-verstarktem-acryl-5-cm-dick-in-verschiedenen-ausfuhrungen.html","name":"Halbrunde Duschwanne aus verst\u00e4rktem Acryl 5 cm dick in verschiedenen Ausf\u00fchrungen","isPartOf":{"@id":"https:\/\/www.bagnoitalia.com\/de#website"},"primaryImageOfPage":{"@id":"https:\/\/www.bagnoitalia.com\/de\/produkt\/halbrunde-duschwanne-aus-verstarktem-acryl-5-cm-dick-in-verschiedenen-ausfuhrungen.html#primaryimage"},"image":{"@id":"https:\/\/www.bagnoitalia.com\/de\/produkt\/halbrunde-duschwanne-aus-verstarktem-acryl-5-cm-dick-in-verschiedenen-ausfuhrungen.html#primaryimage"},"thumbnailUrl":"https:\/\/img.bagnoitalia.com\/wp-content\/uploads\/virtuemart\/product\/Semicircular-acrilic-reinforced-shower-tray-1_1542813451_5132.jpg","datePublished":"2016-10-12T05:37:54+00:00","dateModified":"2024-05-24T10:16:41+00:00","description":"Halbkreisf\u00f6rmige Duschwanne aus verst\u00e4rktem Acryl mit einer St\u00e4rke von 5 cm, erh\u00e4ltlich in den Modellen 80x80 und 90x90","breadcrumb":{"@id":"https:\/\/www.bagnoitalia.com\/de\/produkt\/halbrunde-duschwanne-aus-verstarktem-acryl-5-cm-dick-in-verschiedenen-ausfuhrungen.html#breadcrumb"},"inLanguage":"de","potentialAction":[{"@type":"ReadAction","target":["https:\/\/www.bagnoitalia.com\/de\/produkt\/halbrunde-duschwanne-aus-verstarktem-acryl-5-cm-dick-in-verschiedenen-ausfuhrungen.html"]}]},{"@type":"ImageObject","inLanguage":"de","@id":"https:\/\/www.bagnoitalia.com\/de\/produkt\/halbrunde-duschwanne-aus-verstarktem-acryl-5-cm-dick-in-verschiedenen-ausfuhrungen.html#primaryimage","url":"https:\/\/img.bagnoitalia.com\/wp-content\/uploads\/virtuemart\/product\/Semicircular-acrilic-reinforced-shower-tray-1_1542813451_5132.jpg","contentUrl":"https:\/\/img.bagnoitalia.com\/wp-content\/uploads\/virtuemart\/product\/Semicircular-acrilic-reinforced-shower-tray-1_1542813451_5132.jpg","width":548,"height":548},{"@type":"BreadcrumbList","@id":"https:\/\/www.bagnoitalia.com\/de\/produkt\/halbrunde-duschwanne-aus-verstarktem-acryl-5-cm-dick-in-verschiedenen-ausfuhrungen.html#breadcrumb","itemListElement":[{"@type":"ListItem","position":1,"name":"Home","item":"https:\/\/www.bagnoitalia.com\/de"},{"@type":"ListItem","position":2,"name":"Produkte","item":"https:\/\/www.bagnoitalia.com\/de\/shop"},{"@type":"ListItem","position":3,"name":"Duschplatte aus verst\u00e4rktem Acryl, 5cm dick, halbrund, in verschiedenen Modellen"}]},{"@type":"WebSite","@id":"https:\/\/www.bagnoitalia.com\/de#website","url":"https:\/\/www.bagnoitalia.com\/de","name":"Bagno Italia","description":"","publisher":{"@id":"https:\/\/www.bagnoitalia.com\/de#organization"},"potentialAction":[{"@type":"SearchAction","target":{"@type":"EntryPoint","urlTemplate":"https:\/\/www.bagnoitalia.com\/de?s={search_term_string}"},"query-input":{"@type":"PropertyValueSpecification","valueRequired":true,"valueName":"search_term_string"}}],"inLanguage":"de"},{"@type":"Organization","@id":"https:\/\/www.bagnoitalia.com\/de#organization","name":"Bagno Italia","url":"https:\/\/www.bagnoitalia.com\/de","logo":{"@type":"ImageObject","inLanguage":"de","@id":"https:\/\/www.bagnoitalia.com\/de#\/schema\/logo\/image\/","url":"https:\/\/img.bagnoitalia.com\/wp-content\/uploads\/logo-bagnoitalia.webp","contentUrl":"https:\/\/img.bagnoitalia.com\/wp-content\/uploads\/logo-bagnoitalia.webp","width":400,"height":70,"caption":"Bagno Italia"},"image":{"@id":"https:\/\/www.bagnoitalia.com\/de#\/schema\/logo\/image\/"}}]}},"_links":{"self":[{"href":"https:\/\/www.bagnoitalia.com\/de\/wp-json\/wp\/v2\/product\/80247","targetHints":{"allow":["GET"]}}],"collection":[{"href":"https:\/\/www.bagnoitalia.com\/de\/wp-json\/wp\/v2\/product"}],"about":[{"href":"https:\/\/www.bagnoitalia.com\/de\/wp-json\/wp\/v2\/types\/product"}],"replies":[{"embeddable":true,"href":"https:\/\/www.bagnoitalia.com\/de\/wp-json\/wp\/v2\/comments?post=80247"}],"version-history":[{"count":1,"href":"https:\/\/www.bagnoitalia.com\/de\/wp-json\/wp\/v2\/product\/80247\/revisions"}],"predecessor-version":[{"id":88074,"href":"https:\/\/www.bagnoitalia.com\/de\/wp-json\/wp\/v2\/product\/80247\/revisions\/88074"}],"wp:featuredmedia":[{"embeddable":true,"href":"https:\/\/www.bagnoitalia.com\/de\/wp-json\/wp\/v2\/media\/33082"}],"wp:attachment":[{"href":"https:\/\/www.bagnoitalia.com\/de\/wp-json\/wp\/v2\/media?parent=80247"}],"wp:term":[{"taxonomy":"product_brand","embeddable":true,"href":"https:\/\/www.bagnoitalia.com\/de\/wp-json\/wp\/v2\/product_brand?post=80247"},{"taxonomy":"product_cat","embeddable":true,"href":"https:\/\/www.bagnoitalia.com\/de\/wp-json\/wp\/v2\/product_cat?post=80247"},{"taxonomy":"product_tag","embeddable":true,"href":"https:\/\/www.bagnoitalia.com\/de\/wp-json\/wp\/v2\/product_tag?post=80247"}],"curies":[{"name":"wp","href":"https:\/\/api.w.org\/{rel}","templated":true}]}}