{"id":80239,"date":"2016-10-11T09:05:42","date_gmt":"2016-10-11T07:05:42","guid":{"rendered":"https:\/\/www.bagnoitalia.com\/product\/okologischer-synthetischer-kiefer-grun-mit-sockel-in-verschiedenen-grosen-und-albero-modellen"},"modified":"2024-05-23T15:36:23","modified_gmt":"2024-05-23T13:36:23","slug":"okologischer-synthetischer-kiefer-grun-mit-sockel-in-verschiedenen-grosen-und-albero-modellen","status":"publish","type":"product","link":"https:\/\/www.bagnoitalia.com\/de\/produkt\/okologischer-synthetischer-kiefer-grun-mit-sockel-in-verschiedenen-grosen-und-albero-modellen.html","title":{"rendered":"k\u00fcnstlicher Weihnachtsbaum aus \u00f6kologischem Material, piniengr\u00fcn, mit Fu\u00df in verschiedenen Gr\u00f6\u00dfen, verschiedene Baummodelle"},"content":{"rendered":"<p><span style=\"text-decoration: underline;\"><strong><span style=\"font-size: 12pt;\">\u00d6kologischer synthetischer Kiefer gr\u00fcn mit St\u00fctzfu\u00df in verschiedenen Gr\u00f6\u00dfen und Modellen<\/span><\/strong><\/span><\/p>\n<p>&nbsp;<\/p>\n<p>&nbsp;<\/p>\n<ul>\n<li><span style=\"font-size: 14pt; font-family: andale mono,times; color: #000000;\"><span class=\"nomeprod\">Hervorragende Qualit\u00e4t der verwendeten Materialien, moderner und eleganter Stil<\/span><\/span><\/li>\n<li><span style=\"font-size: 14pt; font-family: andale mono,times; color: #000000;\"><span class=\"nomeprod\">Ausgestattet mit einem Sockel aus Kunststoff oder Eisen<br \/>\n<\/span><\/span><\/li>\n<li><span style=\"font-size: 14pt; font-family: andale mono,times; color: #000000;\"><span class=\"nomeprod\">Leicht und einfach zu verstauen, auch in engen R\u00e4umen<\/span><\/span><\/li>\n<li><span style=\"font-size: 14pt; font-family: andale mono,times; color: #000000;\"><span class=\"nomeprod\">Dicke und dicke \u00c4ste<\/span><\/span><\/li>\n<li><span style=\"font-size: 14pt; font-family: andale mono,times; color: #000000;\"><span class=\"nomeprod\">Feuerfeste und ungiftige Materialien, CE-zertifiziert<\/span><\/span><\/li>\n<\/ul>\n<p>&nbsp;<\/p>\n<p>&nbsp;<\/p>\n<p>_____________________________________________________________________________________________<\/p>\n<p><span style=\"text-decoration: underline;\"><span style=\"font-size: 12pt;\"><strong><strong>210cm<\/strong> Weihnachtsbaum mit 1500 synthetischen gr\u00fcnen Kieferzweigen Modell ALB01<\/strong><\/span><\/span><\/p>\n<p><img fetchpriority=\"high\" decoding=\"async\" class=\" size-full wp-image-33027\" src=\"https:\/\/img.bagnoitalia.com\/wp-content\/uploads\/albero-natale-210-cm.jpg\" alt=\"\" width=\"535\" height=\"392\" srcset=\"https:\/\/img.bagnoitalia.com\/wp-content\/uploads\/albero-natale-210-cm.jpg 600w, https:\/\/img.bagnoitalia.com\/wp-content\/uploads\/albero-natale-210-cm-441x323.jpg 441w, https:\/\/img.bagnoitalia.com\/wp-content\/uploads\/albero-natale-210-cm-150x110.jpg 150w\" sizes=\"(max-width: 535px) 100vw, 535px\" \/><\/p>\n<p>__________________________________________________________________________________________________<\/p>\n<p>&nbsp;<\/p>\n<p><span style=\"text-decoration: underline;\"><span style=\"font-size: 12pt;\"><strong><strong> 240 cm <\/strong>Weihnachtsbaum mit 1032 synthetischen gr\u00fcnen Kieferzweigen Modell ALB02<\/strong><\/span><\/span><\/p>\n<p><img decoding=\"async\" class=\" size-full wp-image-33031\" src=\"https:\/\/img.bagnoitalia.com\/wp-content\/uploads\/albero-di-natale-240-cm-artificiale-pino-addobbo-1032-rami-per-interni-ALB05.jpg\" alt=\"\" width=\"540\" height=\"395\" srcset=\"https:\/\/img.bagnoitalia.com\/wp-content\/uploads\/albero-di-natale-240-cm-artificiale-pino-addobbo-1032-rami-per-interni-ALB05.jpg 600w, https:\/\/img.bagnoitalia.com\/wp-content\/uploads\/albero-di-natale-240-cm-artificiale-pino-addobbo-1032-rami-per-interni-ALB05-441x323.jpg 441w, https:\/\/img.bagnoitalia.com\/wp-content\/uploads\/albero-di-natale-240-cm-artificiale-pino-addobbo-1032-rami-per-interni-ALB05-150x110.jpg 150w\" sizes=\"(max-width: 540px) 100vw, 540px\" \/><\/p>\n<p>__________________________________________________________________________________________________________<\/p>\n<p><span style=\"text-decoration: underline;\"><span style=\"font-size: 12pt;\"><strong>240cm Weihnachtsbaum mit 2200 synthetischen gr\u00fcnen Kieferzweigen Modell ALB03 (Eisensockel)<br \/>\n<\/strong><\/span><\/span><\/p>\n<p><img decoding=\"async\" class=\" size-full wp-image-33035\" src=\"https:\/\/img.bagnoitalia.com\/wp-content\/uploads\/albero-di-natale-240-cm-artificiale-pino-addobbo-2200-rami-sintetici-per-interno-ecologico-ALB09.jpg\" alt=\"\" width=\"543\" height=\"398\" srcset=\"https:\/\/img.bagnoitalia.com\/wp-content\/uploads\/albero-di-natale-240-cm-artificiale-pino-addobbo-2200-rami-sintetici-per-interno-ecologico-ALB09.jpg 600w, https:\/\/img.bagnoitalia.com\/wp-content\/uploads\/albero-di-natale-240-cm-artificiale-pino-addobbo-2200-rami-sintetici-per-interno-ecologico-ALB09-441x323.jpg 441w, https:\/\/img.bagnoitalia.com\/wp-content\/uploads\/albero-di-natale-240-cm-artificiale-pino-addobbo-2200-rami-sintetici-per-interno-ecologico-ALB09-150x110.jpg 150w\" sizes=\"(max-width: 543px) 100vw, 543px\" \/><\/p>\n<p>_____________________________________________________________________________________________________________________<\/p>\n<p>&nbsp;<\/p>\n<p><span style=\"text-decoration: underline;\"><span style=\"font-size: 12pt;\"><strong><strong>270cm<\/strong> Weihnachtsbaum mit 2000 synthetischen gr\u00fcnen Kieferzweigen Modell ALB04 (Eisensockel)<br \/>\n<\/strong><\/span><\/span><\/p>\n<p><img loading=\"lazy\" decoding=\"async\" class=\" size-full wp-image-33039\" src=\"https:\/\/img.bagnoitalia.com\/wp-content\/uploads\/albero-di-natale-270-cm-artificiale-pino-addobbo-sintetico-con-treppiedi-verde-ALB010.jpg\" alt=\"\" width=\"543\" height=\"447\" srcset=\"https:\/\/img.bagnoitalia.com\/wp-content\/uploads\/albero-di-natale-270-cm-artificiale-pino-addobbo-sintetico-con-treppiedi-verde-ALB010.jpg 800w, https:\/\/img.bagnoitalia.com\/wp-content\/uploads\/albero-di-natale-270-cm-artificiale-pino-addobbo-sintetico-con-treppiedi-verde-ALB010-768x634.jpg 768w, https:\/\/img.bagnoitalia.com\/wp-content\/uploads\/albero-di-natale-270-cm-artificiale-pino-addobbo-sintetico-con-treppiedi-verde-ALB010-441x364.jpg 441w, https:\/\/img.bagnoitalia.com\/wp-content\/uploads\/albero-di-natale-270-cm-artificiale-pino-addobbo-sintetico-con-treppiedi-verde-ALB010-600x495.jpg 600w, https:\/\/img.bagnoitalia.com\/wp-content\/uploads\/albero-di-natale-270-cm-artificiale-pino-addobbo-sintetico-con-treppiedi-verde-ALB010-150x124.jpg 150w\" sizes=\"(max-width: 543px) 100vw, 543px\" \/><\/p>\n<p>_________________________________________________________________________________________________________________<\/p>\n<p>&nbsp;<\/p>\n<p><span style=\"text-decoration: underline;\"><span style=\"font-size: 12pt;\"><strong>\u00a0<\/strong><\/span><\/span><\/p>\n<p>&nbsp;<\/p>\n<p>&nbsp;<\/p>\n<p>&nbsp;<\/p>\n","protected":false},"excerpt":{"rendered":"<p>k\u00fcnstlicher Weihnachtsbaum aus \u00f6kologischem Material, piniengr\u00fcn, mit Fu\u00df in verschiedenen Gr\u00f6\u00dfen, verschiedene Baummodelle<\/p>\n","protected":false},"featured_media":32982,"comment_status":"open","ping_status":"closed","template":"","meta":[],"product_brand":[5021],"product_cat":[9788],"product_tag":[],"class_list":{"0":"post-80239","1":"product","2":"type-product","3":"status-publish","4":"has-post-thumbnail","6":"product_brand-predator-arredo-casa","7":"product_cat-mobel-fur-die-dekoration-inneneinrichtung","9":"first","10":"instock","11":"sale","12":"taxable","13":"shipping-taxable","14":"purchasable","15":"product-type-simple"},"exclude_global_add_ons":false,"addons":[{"name":"Typ","type":"multiple_choice","position":0,"required":true,"title_format":"heading","default":"","description_enable":false,"description":"","placeholder_enable":false,"placeholder":"","display":"select","restrictions_type":"any_text","adjust_price":false,"price":"","price_type":"flat_fee","restrictions":false,"min":"0","max":"0","options":[{"label":"180 cm mit 742 \u00c4sten","price":"","price_type":"quantity_based","image":0,"visibility":true},{"label":"180 cm mit 1200 \u00c4sten","price":"9","price_type":"quantity_based","image":0,"visibility":true},{"label":"210 cm mit 974 \u00c4sten","price":"19","price_type":"quantity_based","image":0,"visibility":true},{"label":"210 cm mit 1500 \u00c4sten","price":"29","price_type":"quantity_based","image":0,"visibility":true},{"label":"240 cm mit 1032 \u00c4sten","price":"","price_type":"quantity_based","image":0,"visibility":true},{"label":"240 cm mit 2200 \u00c4sten","price":"82","price_type":"quantity_based","image":0,"visibility":true},{"label":"270 cm mit 2000 \u00c4sten","price":"81","price_type":"quantity_based","image":0,"visibility":true},{"label":"300 cm mit 2800 \u00c4sten","price":"129","price_type":"quantity_based","image":0,"visibility":true}],"id":1716478584}],"yoast_head":"<!-- This site is optimized with the Yoast SEO plugin v26.7 - https:\/\/yoast.com\/wordpress\/plugins\/seo\/ -->\n<title>\u00d6kologischer synthetischer Kiefer gr\u00fcn mit St\u00fctzfu\u00df in verschiedenen Gr\u00f6\u00dfen und Modellen pr<\/title>\n<meta name=\"description\" content=\"\u00d6kologischer Weihnachtsbaum aus synthetischer gr\u00fcner Kiefer mit St\u00fctzfu\u00df und in verschiedenen Gr\u00f6\u00dfen und Modellen erh\u00e4ltlich\" \/>\n<meta name=\"robots\" content=\"index, follow, max-snippet:-1, max-image-preview:large, max-video-preview:-1\" \/>\n<link rel=\"canonical\" href=\"https:\/\/www.bagnoitalia.com\/de\/produkt\/okologischer-synthetischer-kiefer-grun-mit-sockel-in-verschiedenen-grosen-und-albero-modellen.html\" \/>\n<meta property=\"og:locale\" content=\"de_DE\" \/>\n<meta property=\"og:type\" content=\"article\" \/>\n<meta property=\"og:title\" content=\"\u00d6kologischer synthetischer Kiefer gr\u00fcn mit St\u00fctzfu\u00df in verschiedenen Gr\u00f6\u00dfen und Modellen pr\" \/>\n<meta property=\"og:description\" content=\"\u00d6kologischer Weihnachtsbaum aus synthetischer gr\u00fcner Kiefer mit St\u00fctzfu\u00df und in verschiedenen Gr\u00f6\u00dfen und Modellen erh\u00e4ltlich\" \/>\n<meta property=\"og:url\" content=\"https:\/\/www.bagnoitalia.com\/de\/produkt\/okologischer-synthetischer-kiefer-grun-mit-sockel-in-verschiedenen-grosen-und-albero-modellen.html\" \/>\n<meta property=\"og:site_name\" content=\"Bagno Italia\" \/>\n<meta property=\"article:modified_time\" content=\"2024-05-23T13:36:23+00:00\" \/>\n<meta property=\"og:image\" content=\"https:\/\/img.bagnoitalia.com\/wp-content\/uploads\/virtuemart\/product\/ecological-christmas-tree.jpg\" \/>\n\t<meta property=\"og:image:width\" content=\"550\" \/>\n\t<meta property=\"og:image:height\" content=\"403\" \/>\n\t<meta property=\"og:image:type\" content=\"image\/jpeg\" \/>\n<meta name=\"twitter:card\" content=\"summary_large_image\" \/>\n<meta name=\"twitter:label1\" content=\"Gesch\u00e4tzte Lesezeit\" \/>\n\t<meta name=\"twitter:data1\" content=\"2\u00a0Minuten\" \/>\n<script type=\"application\/ld+json\" class=\"yoast-schema-graph\">{\"@context\":\"https:\/\/schema.org\",\"@graph\":[{\"@type\":\"WebPage\",\"@id\":\"https:\/\/www.bagnoitalia.com\/de\/produkt\/okologischer-synthetischer-kiefer-grun-mit-sockel-in-verschiedenen-grosen-und-albero-modellen.html\",\"url\":\"https:\/\/www.bagnoitalia.com\/de\/produkt\/okologischer-synthetischer-kiefer-grun-mit-sockel-in-verschiedenen-grosen-und-albero-modellen.html\",\"name\":\"\u00d6kologischer synthetischer Kiefer gr\u00fcn mit St\u00fctzfu\u00df in verschiedenen Gr\u00f6\u00dfen und Modellen pr\",\"isPartOf\":{\"@id\":\"https:\/\/www.bagnoitalia.com\/de#website\"},\"primaryImageOfPage\":{\"@id\":\"https:\/\/www.bagnoitalia.com\/de\/produkt\/okologischer-synthetischer-kiefer-grun-mit-sockel-in-verschiedenen-grosen-und-albero-modellen.html#primaryimage\"},\"image\":{\"@id\":\"https:\/\/www.bagnoitalia.com\/de\/produkt\/okologischer-synthetischer-kiefer-grun-mit-sockel-in-verschiedenen-grosen-und-albero-modellen.html#primaryimage\"},\"thumbnailUrl\":\"https:\/\/img.bagnoitalia.com\/wp-content\/uploads\/virtuemart\/product\/ecological-christmas-tree.jpg\",\"datePublished\":\"2016-10-11T07:05:42+00:00\",\"dateModified\":\"2024-05-23T13:36:23+00:00\",\"description\":\"\u00d6kologischer Weihnachtsbaum aus synthetischer gr\u00fcner Kiefer mit St\u00fctzfu\u00df und in verschiedenen Gr\u00f6\u00dfen und Modellen erh\u00e4ltlich\",\"breadcrumb\":{\"@id\":\"https:\/\/www.bagnoitalia.com\/de\/produkt\/okologischer-synthetischer-kiefer-grun-mit-sockel-in-verschiedenen-grosen-und-albero-modellen.html#breadcrumb\"},\"inLanguage\":\"de\",\"potentialAction\":[{\"@type\":\"ReadAction\",\"target\":[\"https:\/\/www.bagnoitalia.com\/de\/produkt\/okologischer-synthetischer-kiefer-grun-mit-sockel-in-verschiedenen-grosen-und-albero-modellen.html\"]}]},{\"@type\":\"ImageObject\",\"inLanguage\":\"de\",\"@id\":\"https:\/\/www.bagnoitalia.com\/de\/produkt\/okologischer-synthetischer-kiefer-grun-mit-sockel-in-verschiedenen-grosen-und-albero-modellen.html#primaryimage\",\"url\":\"https:\/\/img.bagnoitalia.com\/wp-content\/uploads\/virtuemart\/product\/ecological-christmas-tree.jpg\",\"contentUrl\":\"https:\/\/img.bagnoitalia.com\/wp-content\/uploads\/virtuemart\/product\/ecological-christmas-tree.jpg\",\"width\":550,\"height\":403},{\"@type\":\"BreadcrumbList\",\"@id\":\"https:\/\/www.bagnoitalia.com\/de\/produkt\/okologischer-synthetischer-kiefer-grun-mit-sockel-in-verschiedenen-grosen-und-albero-modellen.html#breadcrumb\",\"itemListElement\":[{\"@type\":\"ListItem\",\"position\":1,\"name\":\"Home\",\"item\":\"https:\/\/www.bagnoitalia.com\/de\"},{\"@type\":\"ListItem\",\"position\":2,\"name\":\"Produkte\",\"item\":\"https:\/\/www.bagnoitalia.com\/de\/shop\"},{\"@type\":\"ListItem\",\"position\":3,\"name\":\"k\u00fcnstlicher Weihnachtsbaum aus \u00f6kologischem Material, piniengr\u00fcn, mit Fu\u00df in verschiedenen Gr\u00f6\u00dfen, verschiedene Baummodelle\"}]},{\"@type\":\"WebSite\",\"@id\":\"https:\/\/www.bagnoitalia.com\/de#website\",\"url\":\"https:\/\/www.bagnoitalia.com\/de\",\"name\":\"Bagno Italia\",\"description\":\"\",\"publisher\":{\"@id\":\"https:\/\/www.bagnoitalia.com\/de#organization\"},\"potentialAction\":[{\"@type\":\"SearchAction\",\"target\":{\"@type\":\"EntryPoint\",\"urlTemplate\":\"https:\/\/www.bagnoitalia.com\/de?s={search_term_string}\"},\"query-input\":{\"@type\":\"PropertyValueSpecification\",\"valueRequired\":true,\"valueName\":\"search_term_string\"}}],\"inLanguage\":\"de\"},{\"@type\":\"Organization\",\"@id\":\"https:\/\/www.bagnoitalia.com\/de#organization\",\"name\":\"Bagno Italia\",\"url\":\"https:\/\/www.bagnoitalia.com\/de\",\"logo\":{\"@type\":\"ImageObject\",\"inLanguage\":\"de\",\"@id\":\"https:\/\/www.bagnoitalia.com\/de#\/schema\/logo\/image\/\",\"url\":\"https:\/\/img.bagnoitalia.com\/wp-content\/uploads\/logo-bagnoitalia.webp\",\"contentUrl\":\"https:\/\/img.bagnoitalia.com\/wp-content\/uploads\/logo-bagnoitalia.webp\",\"width\":400,\"height\":70,\"caption\":\"Bagno Italia\"},\"image\":{\"@id\":\"https:\/\/www.bagnoitalia.com\/de#\/schema\/logo\/image\/\"}}]}<\/script>\n<!-- \/ Yoast SEO plugin. -->","yoast_head_json":{"title":"\u00d6kologischer synthetischer Kiefer gr\u00fcn mit St\u00fctzfu\u00df in verschiedenen Gr\u00f6\u00dfen und Modellen pr","description":"\u00d6kologischer Weihnachtsbaum aus synthetischer gr\u00fcner Kiefer mit St\u00fctzfu\u00df und in verschiedenen Gr\u00f6\u00dfen und Modellen erh\u00e4ltlich","robots":{"index":"index","follow":"follow","max-snippet":"max-snippet:-1","max-image-preview":"max-image-preview:large","max-video-preview":"max-video-preview:-1"},"canonical":"https:\/\/www.bagnoitalia.com\/de\/produkt\/okologischer-synthetischer-kiefer-grun-mit-sockel-in-verschiedenen-grosen-und-albero-modellen.html","og_locale":"de_DE","og_type":"article","og_title":"\u00d6kologischer synthetischer Kiefer gr\u00fcn mit St\u00fctzfu\u00df in verschiedenen Gr\u00f6\u00dfen und Modellen pr","og_description":"\u00d6kologischer Weihnachtsbaum aus synthetischer gr\u00fcner Kiefer mit St\u00fctzfu\u00df und in verschiedenen Gr\u00f6\u00dfen und Modellen erh\u00e4ltlich","og_url":"https:\/\/www.bagnoitalia.com\/de\/produkt\/okologischer-synthetischer-kiefer-grun-mit-sockel-in-verschiedenen-grosen-und-albero-modellen.html","og_site_name":"Bagno Italia","article_modified_time":"2024-05-23T13:36:23+00:00","og_image":[{"width":550,"height":403,"url":"https:\/\/img.bagnoitalia.com\/wp-content\/uploads\/virtuemart\/product\/ecological-christmas-tree.jpg","type":"image\/jpeg"}],"twitter_card":"summary_large_image","twitter_misc":{"Gesch\u00e4tzte Lesezeit":"2\u00a0Minuten"},"schema":{"@context":"https:\/\/schema.org","@graph":[{"@type":"WebPage","@id":"https:\/\/www.bagnoitalia.com\/de\/produkt\/okologischer-synthetischer-kiefer-grun-mit-sockel-in-verschiedenen-grosen-und-albero-modellen.html","url":"https:\/\/www.bagnoitalia.com\/de\/produkt\/okologischer-synthetischer-kiefer-grun-mit-sockel-in-verschiedenen-grosen-und-albero-modellen.html","name":"\u00d6kologischer synthetischer Kiefer gr\u00fcn mit St\u00fctzfu\u00df in verschiedenen Gr\u00f6\u00dfen und Modellen pr","isPartOf":{"@id":"https:\/\/www.bagnoitalia.com\/de#website"},"primaryImageOfPage":{"@id":"https:\/\/www.bagnoitalia.com\/de\/produkt\/okologischer-synthetischer-kiefer-grun-mit-sockel-in-verschiedenen-grosen-und-albero-modellen.html#primaryimage"},"image":{"@id":"https:\/\/www.bagnoitalia.com\/de\/produkt\/okologischer-synthetischer-kiefer-grun-mit-sockel-in-verschiedenen-grosen-und-albero-modellen.html#primaryimage"},"thumbnailUrl":"https:\/\/img.bagnoitalia.com\/wp-content\/uploads\/virtuemart\/product\/ecological-christmas-tree.jpg","datePublished":"2016-10-11T07:05:42+00:00","dateModified":"2024-05-23T13:36:23+00:00","description":"\u00d6kologischer Weihnachtsbaum aus synthetischer gr\u00fcner Kiefer mit St\u00fctzfu\u00df und in verschiedenen Gr\u00f6\u00dfen und Modellen erh\u00e4ltlich","breadcrumb":{"@id":"https:\/\/www.bagnoitalia.com\/de\/produkt\/okologischer-synthetischer-kiefer-grun-mit-sockel-in-verschiedenen-grosen-und-albero-modellen.html#breadcrumb"},"inLanguage":"de","potentialAction":[{"@type":"ReadAction","target":["https:\/\/www.bagnoitalia.com\/de\/produkt\/okologischer-synthetischer-kiefer-grun-mit-sockel-in-verschiedenen-grosen-und-albero-modellen.html"]}]},{"@type":"ImageObject","inLanguage":"de","@id":"https:\/\/www.bagnoitalia.com\/de\/produkt\/okologischer-synthetischer-kiefer-grun-mit-sockel-in-verschiedenen-grosen-und-albero-modellen.html#primaryimage","url":"https:\/\/img.bagnoitalia.com\/wp-content\/uploads\/virtuemart\/product\/ecological-christmas-tree.jpg","contentUrl":"https:\/\/img.bagnoitalia.com\/wp-content\/uploads\/virtuemart\/product\/ecological-christmas-tree.jpg","width":550,"height":403},{"@type":"BreadcrumbList","@id":"https:\/\/www.bagnoitalia.com\/de\/produkt\/okologischer-synthetischer-kiefer-grun-mit-sockel-in-verschiedenen-grosen-und-albero-modellen.html#breadcrumb","itemListElement":[{"@type":"ListItem","position":1,"name":"Home","item":"https:\/\/www.bagnoitalia.com\/de"},{"@type":"ListItem","position":2,"name":"Produkte","item":"https:\/\/www.bagnoitalia.com\/de\/shop"},{"@type":"ListItem","position":3,"name":"k\u00fcnstlicher Weihnachtsbaum aus \u00f6kologischem Material, piniengr\u00fcn, mit Fu\u00df in verschiedenen Gr\u00f6\u00dfen, verschiedene Baummodelle"}]},{"@type":"WebSite","@id":"https:\/\/www.bagnoitalia.com\/de#website","url":"https:\/\/www.bagnoitalia.com\/de","name":"Bagno Italia","description":"","publisher":{"@id":"https:\/\/www.bagnoitalia.com\/de#organization"},"potentialAction":[{"@type":"SearchAction","target":{"@type":"EntryPoint","urlTemplate":"https:\/\/www.bagnoitalia.com\/de?s={search_term_string}"},"query-input":{"@type":"PropertyValueSpecification","valueRequired":true,"valueName":"search_term_string"}}],"inLanguage":"de"},{"@type":"Organization","@id":"https:\/\/www.bagnoitalia.com\/de#organization","name":"Bagno Italia","url":"https:\/\/www.bagnoitalia.com\/de","logo":{"@type":"ImageObject","inLanguage":"de","@id":"https:\/\/www.bagnoitalia.com\/de#\/schema\/logo\/image\/","url":"https:\/\/img.bagnoitalia.com\/wp-content\/uploads\/logo-bagnoitalia.webp","contentUrl":"https:\/\/img.bagnoitalia.com\/wp-content\/uploads\/logo-bagnoitalia.webp","width":400,"height":70,"caption":"Bagno Italia"},"image":{"@id":"https:\/\/www.bagnoitalia.com\/de#\/schema\/logo\/image\/"}}]}},"_links":{"self":[{"href":"https:\/\/www.bagnoitalia.com\/de\/wp-json\/wp\/v2\/product\/80239","targetHints":{"allow":["GET"]}}],"collection":[{"href":"https:\/\/www.bagnoitalia.com\/de\/wp-json\/wp\/v2\/product"}],"about":[{"href":"https:\/\/www.bagnoitalia.com\/de\/wp-json\/wp\/v2\/types\/product"}],"replies":[{"embeddable":true,"href":"https:\/\/www.bagnoitalia.com\/de\/wp-json\/wp\/v2\/comments?post=80239"}],"version-history":[{"count":1,"href":"https:\/\/www.bagnoitalia.com\/de\/wp-json\/wp\/v2\/product\/80239\/revisions"}],"predecessor-version":[{"id":87866,"href":"https:\/\/www.bagnoitalia.com\/de\/wp-json\/wp\/v2\/product\/80239\/revisions\/87866"}],"wp:featuredmedia":[{"embeddable":true,"href":"https:\/\/www.bagnoitalia.com\/de\/wp-json\/wp\/v2\/media\/32982"}],"wp:attachment":[{"href":"https:\/\/www.bagnoitalia.com\/de\/wp-json\/wp\/v2\/media?parent=80239"}],"wp:term":[{"taxonomy":"product_brand","embeddable":true,"href":"https:\/\/www.bagnoitalia.com\/de\/wp-json\/wp\/v2\/product_brand?post=80239"},{"taxonomy":"product_cat","embeddable":true,"href":"https:\/\/www.bagnoitalia.com\/de\/wp-json\/wp\/v2\/product_cat?post=80239"},{"taxonomy":"product_tag","embeddable":true,"href":"https:\/\/www.bagnoitalia.com\/de\/wp-json\/wp\/v2\/product_tag?post=80239"}],"curies":[{"name":"wp","href":"https:\/\/api.w.org\/{rel}","templated":true}]}}