{"id":80119,"date":"2016-06-28T12:54:12","date_gmt":"2016-06-28T10:54:12","guid":{"rendered":"https:\/\/www.bagnoitalia.com\/product\/duschegehause-zwei-feste-turen-schwingtur-einzelne-turhohe-185-198-cm-gehartetes-glas-6-mm-transparent-matt-in-verschiedenen-grosen-box011"},"modified":"2024-05-16T16:55:53","modified_gmt":"2024-05-16T14:55:53","slug":"duschegehause-zwei-feste-turen-schwingtur-einzelne-turhohe-185-198-cm-gehartetes-glas-6-mm-transparent-matt-in-verschiedenen-grosen-box011","status":"publish","type":"product","link":"https:\/\/www.bagnoitalia.com\/de\/produkt\/duschegehause-zwei-feste-turen-schwingtur-einzelne-turhohe-185-198-cm-gehartetes-glas-6-mm-transparent-matt-in-verschiedenen-grosen-box011.html","title":{"rendered":"BOX011 U-Form-Dusche, aus transparentem oder mattem Glas, 185 oder 198cm, mit Fl\u00fcgelt\u00fcr,in verschiedenen Gr\u00f6\u00dfen erh\u00e4ltlich"},"content":{"rendered":"<p style=\"margin-bottom: 0cm;\"><strong><span style=\"text-decoration: underline;\"><span style=\"font-size: 12pt;\">BOX011 U-Form-Dusche mit Fl\u00fcgelt\u00fcr<\/span><\/span><\/strong><\/p>\n<p style=\"margin-bottom: 0cm;\"><span>Achtung: Im obigen Men\u00fc beziehen sich die erste und dritte Gr\u00f6\u00dfenangabe auf die Festw\u00e4nde, w\u00e4hrend die zweite Gr\u00f6\u00dfenangabe die Fl\u00fcgelt\u00fcr betrifft (z.B.: 70X90x70cm 2 70cm Festw\u00e4nde und 1 90cm Frontwand mit Fl\u00fcgelt\u00fcr).<br \/><\/span><\/p>\n<div>&nbsp;<\/div>\n<div><span style=\"text-decoration: underline;\">Eigenschaften:<\/span><\/div>\n<div>&nbsp;<\/div>\n<p style=\"margin-bottom: 0cm;\"><span>&nbsp;\u2022 \u00d6ffnung nach au\u00dfen, \u00fcber die Fl\u00fcgelt\u00fcr<br \/>&nbsp;\u2022&nbsp;&#8222;Click&amp;Clean&#8220;-System: leicht ein- und aushakbare T\u00fcren f\u00fcr eine bessere Reinigung<br \/>&nbsp;\u2022&nbsp;H\u00f6he: 185 oder 198cm<br \/>&nbsp;\u2022&nbsp;Glas: 6mm breites, transparentes oder mattes, geh\u00e4rtetes und unfallsicheres Kristallglas (im Men\u00fc oben rechts w\u00e4hlbar)<br \/>&nbsp;\u2022&nbsp;Aluminiumprofil: verchromt und eloxiert<br \/>&nbsp;\u2022&nbsp;Verschluss: magnetisch<br \/>&nbsp;\u2022&nbsp;Tropfschutzdichtung<br \/>&nbsp;\u2022&nbsp;Griff: Stahl, verchromt, modern<br \/>&nbsp;\u2022&nbsp;reversible Duschkabine <br \/>&nbsp;\u2022&nbsp;Bearbeitungstoleranz: 2cm (2,5cm f\u00fcr die 198cm Dusche) (z.B. die 90x100x90cm Duschkabine kann zu 88x99x88cm modifiziert werden)<br \/>&nbsp;\u2022&nbsp;CE-zertifiziertes Produkt<br \/><\/span><\/p>\n<div>&nbsp;<\/div>\n<div><span>Die Duschplatte ist nicht enthalten.<\/span><\/div>\n<p><span style=\"text-decoration: underline; font-size: 12pt;\"><strong>185cm hohe Duschkabine<\/strong><\/span><\/p>\n<p><img fetchpriority=\"high\" decoding=\"async\" class=\" size-full wp-image-32058\" src=\"https:\/\/img.bagnoitalia.com\/wp-content\/uploads\/bo_12_anta-unica-10.jpg\" alt=\"\" width=\"501\" height=\"501\" srcset=\"https:\/\/img.bagnoitalia.com\/wp-content\/uploads\/bo_12_anta-unica-10.jpg 1500w, https:\/\/img.bagnoitalia.com\/wp-content\/uploads\/bo_12_anta-unica-10-768x768.jpg 768w, https:\/\/img.bagnoitalia.com\/wp-content\/uploads\/bo_12_anta-unica-10-990x990.jpg 990w, https:\/\/img.bagnoitalia.com\/wp-content\/uploads\/bo_12_anta-unica-10-441x441.jpg 441w, https:\/\/img.bagnoitalia.com\/wp-content\/uploads\/bo_12_anta-unica-10-100x100.jpg 100w, https:\/\/img.bagnoitalia.com\/wp-content\/uploads\/bo_12_anta-unica-10-600x600.jpg 600w, https:\/\/img.bagnoitalia.com\/wp-content\/uploads\/bo_12_anta-unica-10-150x150.jpg 150w\" sizes=\"(max-width: 501px) 100vw, 501px\" \/><\/p>\n<p>&nbsp;<\/p>\n<p><span style=\"text-decoration: underline; font-size: 12pt;\"><strong>Griff der 185cm hohen Duschkabine<\/strong><\/span><\/p>\n<p><img decoding=\"async\" class=\" size-full wp-image-26754\" src=\"https:\/\/img.bagnoitalia.com\/wp-content\/uploads\/box_doccia_12_scorrevole-11.jpg\" alt=\"\" width=\"501\" height=\"501\" srcset=\"https:\/\/img.bagnoitalia.com\/wp-content\/uploads\/box_doccia_12_scorrevole-11.jpg 1500w, https:\/\/img.bagnoitalia.com\/wp-content\/uploads\/box_doccia_12_scorrevole-11-768x768.jpg 768w, https:\/\/img.bagnoitalia.com\/wp-content\/uploads\/box_doccia_12_scorrevole-11-990x990.jpg 990w, https:\/\/img.bagnoitalia.com\/wp-content\/uploads\/box_doccia_12_scorrevole-11-441x441.jpg 441w, https:\/\/img.bagnoitalia.com\/wp-content\/uploads\/box_doccia_12_scorrevole-11-100x100.jpg 100w, https:\/\/img.bagnoitalia.com\/wp-content\/uploads\/box_doccia_12_scorrevole-11-600x600.jpg 600w, https:\/\/img.bagnoitalia.com\/wp-content\/uploads\/box_doccia_12_scorrevole-11-150x150.jpg 150w\" sizes=\"(max-width: 501px) 100vw, 501px\" \/><\/p>\n<p>__________________________________________________________________________________<\/p>\n<p><span style=\"text-decoration: underline; font-size: 12pt;\"><strong>198cm hohe Duschkabine<\/strong><\/span><\/p>\n<p><img decoding=\"async\" class=\" size-full wp-image-32062\" src=\"https:\/\/img.bagnoitalia.com\/wp-content\/uploads\/bo_12_anta-unica-5.jpg\" alt=\"\" width=\"501\" height=\"501\" srcset=\"https:\/\/img.bagnoitalia.com\/wp-content\/uploads\/bo_12_anta-unica-5.jpg 1500w, https:\/\/img.bagnoitalia.com\/wp-content\/uploads\/bo_12_anta-unica-5-768x768.jpg 768w, https:\/\/img.bagnoitalia.com\/wp-content\/uploads\/bo_12_anta-unica-5-990x990.jpg 990w, https:\/\/img.bagnoitalia.com\/wp-content\/uploads\/bo_12_anta-unica-5-441x441.jpg 441w, https:\/\/img.bagnoitalia.com\/wp-content\/uploads\/bo_12_anta-unica-5-100x100.jpg 100w, https:\/\/img.bagnoitalia.com\/wp-content\/uploads\/bo_12_anta-unica-5-600x600.jpg 600w, https:\/\/img.bagnoitalia.com\/wp-content\/uploads\/bo_12_anta-unica-5-150x150.jpg 150w\" sizes=\"(max-width: 501px) 100vw, 501px\" \/><\/p>\n<p>&nbsp;<\/p>\n<p><span style=\"text-decoration: underline; font-size: 12pt;\"><strong>Griff der 198cm hohen Duschkabine<\/strong><\/span><\/p>\n<p><img loading=\"lazy\" decoding=\"async\" class=\" size-full wp-image-26758\" src=\"https:\/\/img.bagnoitalia.com\/wp-content\/uploads\/box_doccia_12_scorrevole-9.jpg\" alt=\"\" width=\"501\" height=\"501\" srcset=\"https:\/\/img.bagnoitalia.com\/wp-content\/uploads\/box_doccia_12_scorrevole-9.jpg 1500w, https:\/\/img.bagnoitalia.com\/wp-content\/uploads\/box_doccia_12_scorrevole-9-768x768.jpg 768w, https:\/\/img.bagnoitalia.com\/wp-content\/uploads\/box_doccia_12_scorrevole-9-990x990.jpg 990w, https:\/\/img.bagnoitalia.com\/wp-content\/uploads\/box_doccia_12_scorrevole-9-441x441.jpg 441w, https:\/\/img.bagnoitalia.com\/wp-content\/uploads\/box_doccia_12_scorrevole-9-100x100.jpg 100w, https:\/\/img.bagnoitalia.com\/wp-content\/uploads\/box_doccia_12_scorrevole-9-600x600.jpg 600w, https:\/\/img.bagnoitalia.com\/wp-content\/uploads\/box_doccia_12_scorrevole-9-150x150.jpg 150w\" sizes=\"(max-width: 501px) 100vw, 501px\" \/><\/p>\n<p>_____________________________________________________________________________<\/p>\n","protected":false},"excerpt":{"rendered":"<p>BOX011 Duschkabine bestehend aus zwei Festt\u00fcren und einer Fl\u00fcgelt\u00fcr. Die Duschkabine ist 185 oder 198cm hoch und aus transparentem oder mattem 6mm breitem Glas. In verschiedenen Gr\u00f6\u00dfen erh\u00e4ltlich.<\/p>\n","protected":false},"featured_media":32010,"comment_status":"open","ping_status":"closed","template":"","meta":[],"product_brand":[9892],"product_cat":[15],"product_tag":[],"class_list":{"0":"post-80119","1":"product","2":"type-product","3":"status-publish","4":"has-post-thumbnail","6":"product_brand-idralite-de","7":"product_cat-senza-categoria","9":"first","10":"outofstock","11":"taxable","12":"shipping-taxable","13":"purchasable","14":"product-type-simple"},"exclude_global_add_ons":false,"addons":[{"name":"CAMPI_DIMENSIONI\r\n","type":"select","position":0,"required":true,"title_format":"label","default":"","description_enable":false,"description":"","placeholder_enable":false,"placeholder":"","display":"select","restrictions_type":"any_text","adjust_price":false,"price":"","price_type":"","restrictions":false,"min":"0","max":"0","options":[]},{"name":"CAMPI_CRISTALLO\r\n","type":"select","position":0,"required":true,"title_format":"label","default":"","description_enable":false,"description":"","placeholder_enable":false,"placeholder":"","display":"select","restrictions_type":"any_text","adjust_price":false,"price":"","price_type":"","restrictions":false,"min":"0","max":"0","options":[]},{"name":"CAMPI_ALTEZZA\r\n","type":"select","position":0,"required":true,"title_format":"label","default":"","description_enable":false,"description":"","placeholder_enable":false,"placeholder":"","display":"select","restrictions_type":"any_text","adjust_price":false,"price":"","price_type":"","restrictions":false,"min":"0","max":"0","options":[]},{"name":"CAMPI_PROFILO_DI_COMPENSAZIONE\r\n","type":"select","position":0,"required":true,"title_format":"label","default":"","description_enable":false,"description":"","placeholder_enable":false,"placeholder":"","display":"select","restrictions_type":"any_text","adjust_price":false,"price":"","price_type":"","restrictions":false,"min":"0","max":"0","options":[]}],"yoast_head":"<!-- This site is optimized with the Yoast SEO plugin v26.7 - https:\/\/yoast.com\/wordpress\/plugins\/seo\/ -->\n<title>Duschegeh\u00e4use zwei feste T\u00fcren Einzelt\u00fcrh\u00f6he 185 198 cm geh\u00e4rtetes Glas 6 mm transparent matt in verschiedenen Gr\u00f6\u00dfen<\/title>\n<meta name=\"description\" content=\"Duschkabine bestehend aus zwei festen T\u00fcren und einer Fl\u00fcgelt\u00fcr mit einer einzigen T\u00fcr, erh\u00e4ltlich in 185 oder 198 cm H\u00f6he mit transparentem oder undurchsichtigem 6 mm-Hartglas in verschiedenen Gr\u00f6\u00dfen\" \/>\n<meta name=\"robots\" content=\"index, follow, max-snippet:-1, max-image-preview:large, max-video-preview:-1\" \/>\n<link rel=\"canonical\" href=\"https:\/\/www.bagnoitalia.com\/de\/produkt\/duschegehause-zwei-feste-turen-schwingtur-einzelne-turhohe-185-198-cm-gehartetes-glas-6-mm-transparent-matt-in-verschiedenen-grosen-box011.html\" \/>\n<meta property=\"og:locale\" content=\"de_DE\" \/>\n<meta property=\"og:type\" content=\"article\" \/>\n<meta property=\"og:title\" content=\"Duschegeh\u00e4use zwei feste T\u00fcren Einzelt\u00fcrh\u00f6he 185 198 cm geh\u00e4rtetes Glas 6 mm transparent matt in verschiedenen Gr\u00f6\u00dfen\" \/>\n<meta property=\"og:description\" content=\"Duschkabine bestehend aus zwei festen T\u00fcren und einer Fl\u00fcgelt\u00fcr mit einer einzigen T\u00fcr, erh\u00e4ltlich in 185 oder 198 cm H\u00f6he mit transparentem oder undurchsichtigem 6 mm-Hartglas in verschiedenen Gr\u00f6\u00dfen\" \/>\n<meta property=\"og:url\" content=\"https:\/\/www.bagnoitalia.com\/de\/produkt\/duschegehause-zwei-feste-turen-schwingtur-einzelne-turhohe-185-198-cm-gehartetes-glas-6-mm-transparent-matt-in-verschiedenen-grosen-box011.html\" \/>\n<meta property=\"og:site_name\" content=\"Bagno Italia\" \/>\n<meta property=\"article:modified_time\" content=\"2024-05-16T14:55:53+00:00\" \/>\n<meta property=\"og:image\" content=\"https:\/\/img.bagnoitalia.com\/wp-content\/uploads\/virtuemart\/product\/shower-enclosure-two-fixed-and-single-swing-doors-box011-1_1543569905_358.jpg\" \/>\n\t<meta property=\"og:image:width\" content=\"1784\" \/>\n\t<meta property=\"og:image:height\" content=\"1880\" \/>\n\t<meta property=\"og:image:type\" content=\"image\/jpeg\" \/>\n<meta name=\"twitter:card\" content=\"summary_large_image\" \/>\n<meta name=\"twitter:label1\" content=\"Gesch\u00e4tzte Lesezeit\" \/>\n\t<meta name=\"twitter:data1\" content=\"1\u00a0Minute\" \/>\n<script type=\"application\/ld+json\" class=\"yoast-schema-graph\">{\"@context\":\"https:\/\/schema.org\",\"@graph\":[{\"@type\":\"WebPage\",\"@id\":\"https:\/\/www.bagnoitalia.com\/de\/produkt\/duschegehause-zwei-feste-turen-schwingtur-einzelne-turhohe-185-198-cm-gehartetes-glas-6-mm-transparent-matt-in-verschiedenen-grosen-box011.html\",\"url\":\"https:\/\/www.bagnoitalia.com\/de\/produkt\/duschegehause-zwei-feste-turen-schwingtur-einzelne-turhohe-185-198-cm-gehartetes-glas-6-mm-transparent-matt-in-verschiedenen-grosen-box011.html\",\"name\":\"Duschegeh\u00e4use zwei feste T\u00fcren Einzelt\u00fcrh\u00f6he 185 198 cm geh\u00e4rtetes Glas 6 mm transparent matt in verschiedenen Gr\u00f6\u00dfen\",\"isPartOf\":{\"@id\":\"https:\/\/www.bagnoitalia.com\/de#website\"},\"primaryImageOfPage\":{\"@id\":\"https:\/\/www.bagnoitalia.com\/de\/produkt\/duschegehause-zwei-feste-turen-schwingtur-einzelne-turhohe-185-198-cm-gehartetes-glas-6-mm-transparent-matt-in-verschiedenen-grosen-box011.html#primaryimage\"},\"image\":{\"@id\":\"https:\/\/www.bagnoitalia.com\/de\/produkt\/duschegehause-zwei-feste-turen-schwingtur-einzelne-turhohe-185-198-cm-gehartetes-glas-6-mm-transparent-matt-in-verschiedenen-grosen-box011.html#primaryimage\"},\"thumbnailUrl\":\"https:\/\/img.bagnoitalia.com\/wp-content\/uploads\/virtuemart\/product\/shower-enclosure-two-fixed-and-single-swing-doors-box011-1_1543569905_358.jpg\",\"datePublished\":\"2016-06-28T10:54:12+00:00\",\"dateModified\":\"2024-05-16T14:55:53+00:00\",\"description\":\"Duschkabine bestehend aus zwei festen T\u00fcren und einer Fl\u00fcgelt\u00fcr mit einer einzigen T\u00fcr, erh\u00e4ltlich in 185 oder 198 cm H\u00f6he mit transparentem oder undurchsichtigem 6 mm-Hartglas in verschiedenen Gr\u00f6\u00dfen\",\"breadcrumb\":{\"@id\":\"https:\/\/www.bagnoitalia.com\/de\/produkt\/duschegehause-zwei-feste-turen-schwingtur-einzelne-turhohe-185-198-cm-gehartetes-glas-6-mm-transparent-matt-in-verschiedenen-grosen-box011.html#breadcrumb\"},\"inLanguage\":\"de\",\"potentialAction\":[{\"@type\":\"ReadAction\",\"target\":[\"https:\/\/www.bagnoitalia.com\/de\/produkt\/duschegehause-zwei-feste-turen-schwingtur-einzelne-turhohe-185-198-cm-gehartetes-glas-6-mm-transparent-matt-in-verschiedenen-grosen-box011.html\"]}]},{\"@type\":\"ImageObject\",\"inLanguage\":\"de\",\"@id\":\"https:\/\/www.bagnoitalia.com\/de\/produkt\/duschegehause-zwei-feste-turen-schwingtur-einzelne-turhohe-185-198-cm-gehartetes-glas-6-mm-transparent-matt-in-verschiedenen-grosen-box011.html#primaryimage\",\"url\":\"https:\/\/img.bagnoitalia.com\/wp-content\/uploads\/virtuemart\/product\/shower-enclosure-two-fixed-and-single-swing-doors-box011-1_1543569905_358.jpg\",\"contentUrl\":\"https:\/\/img.bagnoitalia.com\/wp-content\/uploads\/virtuemart\/product\/shower-enclosure-two-fixed-and-single-swing-doors-box011-1_1543569905_358.jpg\",\"width\":1784,\"height\":1880},{\"@type\":\"BreadcrumbList\",\"@id\":\"https:\/\/www.bagnoitalia.com\/de\/produkt\/duschegehause-zwei-feste-turen-schwingtur-einzelne-turhohe-185-198-cm-gehartetes-glas-6-mm-transparent-matt-in-verschiedenen-grosen-box011.html#breadcrumb\",\"itemListElement\":[{\"@type\":\"ListItem\",\"position\":1,\"name\":\"Home\",\"item\":\"https:\/\/www.bagnoitalia.com\/de\"},{\"@type\":\"ListItem\",\"position\":2,\"name\":\"Produkte\",\"item\":\"https:\/\/www.bagnoitalia.com\/de\/shop\"},{\"@type\":\"ListItem\",\"position\":3,\"name\":\"BOX011 U-Form-Dusche, aus transparentem oder mattem Glas, 185 oder 198cm, mit Fl\u00fcgelt\u00fcr,in verschiedenen Gr\u00f6\u00dfen erh\u00e4ltlich\"}]},{\"@type\":\"WebSite\",\"@id\":\"https:\/\/www.bagnoitalia.com\/de#website\",\"url\":\"https:\/\/www.bagnoitalia.com\/de\",\"name\":\"Bagno Italia\",\"description\":\"\",\"publisher\":{\"@id\":\"https:\/\/www.bagnoitalia.com\/de#organization\"},\"potentialAction\":[{\"@type\":\"SearchAction\",\"target\":{\"@type\":\"EntryPoint\",\"urlTemplate\":\"https:\/\/www.bagnoitalia.com\/de?s={search_term_string}\"},\"query-input\":{\"@type\":\"PropertyValueSpecification\",\"valueRequired\":true,\"valueName\":\"search_term_string\"}}],\"inLanguage\":\"de\"},{\"@type\":\"Organization\",\"@id\":\"https:\/\/www.bagnoitalia.com\/de#organization\",\"name\":\"Bagno Italia\",\"url\":\"https:\/\/www.bagnoitalia.com\/de\",\"logo\":{\"@type\":\"ImageObject\",\"inLanguage\":\"de\",\"@id\":\"https:\/\/www.bagnoitalia.com\/de#\/schema\/logo\/image\/\",\"url\":\"https:\/\/img.bagnoitalia.com\/wp-content\/uploads\/logo-bagnoitalia.webp\",\"contentUrl\":\"https:\/\/img.bagnoitalia.com\/wp-content\/uploads\/logo-bagnoitalia.webp\",\"width\":400,\"height\":70,\"caption\":\"Bagno Italia\"},\"image\":{\"@id\":\"https:\/\/www.bagnoitalia.com\/de#\/schema\/logo\/image\/\"}}]}<\/script>\n<!-- \/ Yoast SEO plugin. -->","yoast_head_json":{"title":"Duschegeh\u00e4use zwei feste T\u00fcren Einzelt\u00fcrh\u00f6he 185 198 cm geh\u00e4rtetes Glas 6 mm transparent matt in verschiedenen Gr\u00f6\u00dfen","description":"Duschkabine bestehend aus zwei festen T\u00fcren und einer Fl\u00fcgelt\u00fcr mit einer einzigen T\u00fcr, erh\u00e4ltlich in 185 oder 198 cm H\u00f6he mit transparentem oder undurchsichtigem 6 mm-Hartglas in verschiedenen Gr\u00f6\u00dfen","robots":{"index":"index","follow":"follow","max-snippet":"max-snippet:-1","max-image-preview":"max-image-preview:large","max-video-preview":"max-video-preview:-1"},"canonical":"https:\/\/www.bagnoitalia.com\/de\/produkt\/duschegehause-zwei-feste-turen-schwingtur-einzelne-turhohe-185-198-cm-gehartetes-glas-6-mm-transparent-matt-in-verschiedenen-grosen-box011.html","og_locale":"de_DE","og_type":"article","og_title":"Duschegeh\u00e4use zwei feste T\u00fcren Einzelt\u00fcrh\u00f6he 185 198 cm geh\u00e4rtetes Glas 6 mm transparent matt in verschiedenen Gr\u00f6\u00dfen","og_description":"Duschkabine bestehend aus zwei festen T\u00fcren und einer Fl\u00fcgelt\u00fcr mit einer einzigen T\u00fcr, erh\u00e4ltlich in 185 oder 198 cm H\u00f6he mit transparentem oder undurchsichtigem 6 mm-Hartglas in verschiedenen Gr\u00f6\u00dfen","og_url":"https:\/\/www.bagnoitalia.com\/de\/produkt\/duschegehause-zwei-feste-turen-schwingtur-einzelne-turhohe-185-198-cm-gehartetes-glas-6-mm-transparent-matt-in-verschiedenen-grosen-box011.html","og_site_name":"Bagno Italia","article_modified_time":"2024-05-16T14:55:53+00:00","og_image":[{"width":1784,"height":1880,"url":"https:\/\/img.bagnoitalia.com\/wp-content\/uploads\/virtuemart\/product\/shower-enclosure-two-fixed-and-single-swing-doors-box011-1_1543569905_358.jpg","type":"image\/jpeg"}],"twitter_card":"summary_large_image","twitter_misc":{"Gesch\u00e4tzte Lesezeit":"1\u00a0Minute"},"schema":{"@context":"https:\/\/schema.org","@graph":[{"@type":"WebPage","@id":"https:\/\/www.bagnoitalia.com\/de\/produkt\/duschegehause-zwei-feste-turen-schwingtur-einzelne-turhohe-185-198-cm-gehartetes-glas-6-mm-transparent-matt-in-verschiedenen-grosen-box011.html","url":"https:\/\/www.bagnoitalia.com\/de\/produkt\/duschegehause-zwei-feste-turen-schwingtur-einzelne-turhohe-185-198-cm-gehartetes-glas-6-mm-transparent-matt-in-verschiedenen-grosen-box011.html","name":"Duschegeh\u00e4use zwei feste T\u00fcren Einzelt\u00fcrh\u00f6he 185 198 cm geh\u00e4rtetes Glas 6 mm transparent matt in verschiedenen Gr\u00f6\u00dfen","isPartOf":{"@id":"https:\/\/www.bagnoitalia.com\/de#website"},"primaryImageOfPage":{"@id":"https:\/\/www.bagnoitalia.com\/de\/produkt\/duschegehause-zwei-feste-turen-schwingtur-einzelne-turhohe-185-198-cm-gehartetes-glas-6-mm-transparent-matt-in-verschiedenen-grosen-box011.html#primaryimage"},"image":{"@id":"https:\/\/www.bagnoitalia.com\/de\/produkt\/duschegehause-zwei-feste-turen-schwingtur-einzelne-turhohe-185-198-cm-gehartetes-glas-6-mm-transparent-matt-in-verschiedenen-grosen-box011.html#primaryimage"},"thumbnailUrl":"https:\/\/img.bagnoitalia.com\/wp-content\/uploads\/virtuemart\/product\/shower-enclosure-two-fixed-and-single-swing-doors-box011-1_1543569905_358.jpg","datePublished":"2016-06-28T10:54:12+00:00","dateModified":"2024-05-16T14:55:53+00:00","description":"Duschkabine bestehend aus zwei festen T\u00fcren und einer Fl\u00fcgelt\u00fcr mit einer einzigen T\u00fcr, erh\u00e4ltlich in 185 oder 198 cm H\u00f6he mit transparentem oder undurchsichtigem 6 mm-Hartglas in verschiedenen Gr\u00f6\u00dfen","breadcrumb":{"@id":"https:\/\/www.bagnoitalia.com\/de\/produkt\/duschegehause-zwei-feste-turen-schwingtur-einzelne-turhohe-185-198-cm-gehartetes-glas-6-mm-transparent-matt-in-verschiedenen-grosen-box011.html#breadcrumb"},"inLanguage":"de","potentialAction":[{"@type":"ReadAction","target":["https:\/\/www.bagnoitalia.com\/de\/produkt\/duschegehause-zwei-feste-turen-schwingtur-einzelne-turhohe-185-198-cm-gehartetes-glas-6-mm-transparent-matt-in-verschiedenen-grosen-box011.html"]}]},{"@type":"ImageObject","inLanguage":"de","@id":"https:\/\/www.bagnoitalia.com\/de\/produkt\/duschegehause-zwei-feste-turen-schwingtur-einzelne-turhohe-185-198-cm-gehartetes-glas-6-mm-transparent-matt-in-verschiedenen-grosen-box011.html#primaryimage","url":"https:\/\/img.bagnoitalia.com\/wp-content\/uploads\/virtuemart\/product\/shower-enclosure-two-fixed-and-single-swing-doors-box011-1_1543569905_358.jpg","contentUrl":"https:\/\/img.bagnoitalia.com\/wp-content\/uploads\/virtuemart\/product\/shower-enclosure-two-fixed-and-single-swing-doors-box011-1_1543569905_358.jpg","width":1784,"height":1880},{"@type":"BreadcrumbList","@id":"https:\/\/www.bagnoitalia.com\/de\/produkt\/duschegehause-zwei-feste-turen-schwingtur-einzelne-turhohe-185-198-cm-gehartetes-glas-6-mm-transparent-matt-in-verschiedenen-grosen-box011.html#breadcrumb","itemListElement":[{"@type":"ListItem","position":1,"name":"Home","item":"https:\/\/www.bagnoitalia.com\/de"},{"@type":"ListItem","position":2,"name":"Produkte","item":"https:\/\/www.bagnoitalia.com\/de\/shop"},{"@type":"ListItem","position":3,"name":"BOX011 U-Form-Dusche, aus transparentem oder mattem Glas, 185 oder 198cm, mit Fl\u00fcgelt\u00fcr,in verschiedenen Gr\u00f6\u00dfen erh\u00e4ltlich"}]},{"@type":"WebSite","@id":"https:\/\/www.bagnoitalia.com\/de#website","url":"https:\/\/www.bagnoitalia.com\/de","name":"Bagno Italia","description":"","publisher":{"@id":"https:\/\/www.bagnoitalia.com\/de#organization"},"potentialAction":[{"@type":"SearchAction","target":{"@type":"EntryPoint","urlTemplate":"https:\/\/www.bagnoitalia.com\/de?s={search_term_string}"},"query-input":{"@type":"PropertyValueSpecification","valueRequired":true,"valueName":"search_term_string"}}],"inLanguage":"de"},{"@type":"Organization","@id":"https:\/\/www.bagnoitalia.com\/de#organization","name":"Bagno Italia","url":"https:\/\/www.bagnoitalia.com\/de","logo":{"@type":"ImageObject","inLanguage":"de","@id":"https:\/\/www.bagnoitalia.com\/de#\/schema\/logo\/image\/","url":"https:\/\/img.bagnoitalia.com\/wp-content\/uploads\/logo-bagnoitalia.webp","contentUrl":"https:\/\/img.bagnoitalia.com\/wp-content\/uploads\/logo-bagnoitalia.webp","width":400,"height":70,"caption":"Bagno Italia"},"image":{"@id":"https:\/\/www.bagnoitalia.com\/de#\/schema\/logo\/image\/"}}]}},"_links":{"self":[{"href":"https:\/\/www.bagnoitalia.com\/de\/wp-json\/wp\/v2\/product\/80119","targetHints":{"allow":["GET"]}}],"collection":[{"href":"https:\/\/www.bagnoitalia.com\/de\/wp-json\/wp\/v2\/product"}],"about":[{"href":"https:\/\/www.bagnoitalia.com\/de\/wp-json\/wp\/v2\/types\/product"}],"replies":[{"embeddable":true,"href":"https:\/\/www.bagnoitalia.com\/de\/wp-json\/wp\/v2\/comments?post=80119"}],"version-history":[{"count":0,"href":"https:\/\/www.bagnoitalia.com\/de\/wp-json\/wp\/v2\/product\/80119\/revisions"}],"wp:featuredmedia":[{"embeddable":true,"href":"https:\/\/www.bagnoitalia.com\/de\/wp-json\/wp\/v2\/media\/32010"}],"wp:attachment":[{"href":"https:\/\/www.bagnoitalia.com\/de\/wp-json\/wp\/v2\/media?parent=80119"}],"wp:term":[{"taxonomy":"product_brand","embeddable":true,"href":"https:\/\/www.bagnoitalia.com\/de\/wp-json\/wp\/v2\/product_brand?post=80119"},{"taxonomy":"product_cat","embeddable":true,"href":"https:\/\/www.bagnoitalia.com\/de\/wp-json\/wp\/v2\/product_cat?post=80119"},{"taxonomy":"product_tag","embeddable":true,"href":"https:\/\/www.bagnoitalia.com\/de\/wp-json\/wp\/v2\/product_tag?post=80119"}],"curies":[{"name":"wp","href":"https:\/\/api.w.org\/{rel}","templated":true}]}}