{"id":80111,"date":"2016-06-27T14:55:48","date_gmt":"2016-06-27T12:55:48","guid":{"rendered":"https:\/\/www.bagnoitalia.com\/product\/glaswandschwingtur-5-mm-86x140h-cm-pr014"},"modified":"2024-05-10T23:37:48","modified_gmt":"2024-05-10T21:37:48","slug":"glaswandschwingtur-5-mm-86x140h-cm-pr014","status":"publish","type":"product","link":"https:\/\/www.bagnoitalia.com\/de\/produkt\/glaswandschwingtur-5-mm-86x140h-cm-pr014.html","title":{"rendered":"PR014 Schwenkt\u00fcr f\u00fcr Badewannen, aus 5mm breitem Glas, 86x140cm"},"content":{"rendered":"<p><span style=\"text-decoration: underline;\"><strong><span style=\"font-size: 12pt;\">Schwenkt\u00fcr zu 86x140cm<\/span><\/strong><\/span><\/p>\n<p><span style=\"font-size: 12pt; text-decoration: underline;\">Eigenschaften:<\/span><\/p>\n<ul>\n<li><span style=\"font-size: 12pt;\">Glas: 5mm breites, geh\u00e4rtetes Kristallglas<\/span><\/li>\n<li><span style=\"font-size: 12pt;\">Gr\u00f6\u00dfe: 86x140cm<br \/><\/span><\/li>\n<li><span style=\"font-size: 12pt;\">Struktur: Aluminiumchrom<\/span><\/li>\n<li><span style=\"font-size: 12pt;\">\u00d6ffnung \u00fcber Schwenkt\u00fcr<\/span><\/li>\n<li><span style=\"font-size: 12pt;\">Einstellbare Wand<\/span><\/li>\n<li><span style=\"font-size: 12pt;\">reversibel<\/span><\/li>\n<\/ul>\n","protected":false},"excerpt":{"rendered":"<p>PR014 Schwenkt\u00fcr f\u00fcr Badewannen aus 5mm breitem Glas. 86x140cm gro\u00df<\/p>\n","protected":false},"featured_media":31938,"comment_status":"open","ping_status":"closed","template":"","meta":[],"product_brand":[5007],"product_cat":[9828,9728],"product_tag":[],"class_list":{"0":"post-80111","1":"product","2":"type-product","3":"status-publish","4":"has-post-thumbnail","6":"product_brand-hydrastar","7":"product_cat-duschtur-mit-flugeltur-duschturen","8":"product_cat-duschturen","10":"first","11":"instock","12":"sale","13":"taxable","14":"shipping-taxable","15":"purchasable","16":"product-type-simple"},"exclude_global_add_ons":[],"addons":[],"yoast_head":"<!-- This site is optimized with the Yoast SEO plugin v26.7 - https:\/\/yoast.com\/wordpress\/plugins\/seo\/ -->\n<title>Scharnierglaswand 5 mm 86x140H cm<\/title>\n<meta name=\"description\" content=\"Schwenkwand f\u00fcr \u00dcberbad mit geh\u00e4rtetem Glas mit den Ma\u00dfen 5 mm 86x140H cm\" \/>\n<meta name=\"robots\" content=\"index, follow, max-snippet:-1, max-image-preview:large, max-video-preview:-1\" \/>\n<link rel=\"canonical\" href=\"https:\/\/www.bagnoitalia.com\/de\/produkt\/glaswandschwingtur-5-mm-86x140h-cm-pr014.html\" \/>\n<meta property=\"og:locale\" content=\"de_DE\" \/>\n<meta property=\"og:type\" content=\"article\" \/>\n<meta property=\"og:title\" content=\"Scharnierglaswand 5 mm 86x140H cm\" \/>\n<meta property=\"og:description\" content=\"Schwenkwand f\u00fcr \u00dcberbad mit geh\u00e4rtetem Glas mit den Ma\u00dfen 5 mm 86x140H cm\" \/>\n<meta property=\"og:url\" content=\"https:\/\/www.bagnoitalia.com\/de\/produkt\/glaswandschwingtur-5-mm-86x140h-cm-pr014.html\" \/>\n<meta property=\"og:site_name\" content=\"Bagno Italia\" \/>\n<meta property=\"article:modified_time\" content=\"2024-05-10T21:37:48+00:00\" \/>\n<meta property=\"og:image\" content=\"https:\/\/img.bagnoitalia.com\/wp-content\/uploads\/virtuemart\/product\/5mm-over-tub-glass-panel-pr014-1_1543846052_99.jpg\" \/>\n\t<meta property=\"og:image:width\" content=\"333\" \/>\n\t<meta property=\"og:image:height\" content=\"400\" \/>\n\t<meta property=\"og:image:type\" content=\"image\/jpeg\" \/>\n<meta name=\"twitter:card\" content=\"summary_large_image\" \/>\n<script type=\"application\/ld+json\" class=\"yoast-schema-graph\">{\"@context\":\"https:\/\/schema.org\",\"@graph\":[{\"@type\":\"WebPage\",\"@id\":\"https:\/\/www.bagnoitalia.com\/de\/produkt\/glaswandschwingtur-5-mm-86x140h-cm-pr014.html\",\"url\":\"https:\/\/www.bagnoitalia.com\/de\/produkt\/glaswandschwingtur-5-mm-86x140h-cm-pr014.html\",\"name\":\"Scharnierglaswand 5 mm 86x140H cm\",\"isPartOf\":{\"@id\":\"https:\/\/www.bagnoitalia.com\/de#website\"},\"primaryImageOfPage\":{\"@id\":\"https:\/\/www.bagnoitalia.com\/de\/produkt\/glaswandschwingtur-5-mm-86x140h-cm-pr014.html#primaryimage\"},\"image\":{\"@id\":\"https:\/\/www.bagnoitalia.com\/de\/produkt\/glaswandschwingtur-5-mm-86x140h-cm-pr014.html#primaryimage\"},\"thumbnailUrl\":\"https:\/\/img.bagnoitalia.com\/wp-content\/uploads\/virtuemart\/product\/5mm-over-tub-glass-panel-pr014-1_1543846052_99.jpg\",\"datePublished\":\"2016-06-27T12:55:48+00:00\",\"dateModified\":\"2024-05-10T21:37:48+00:00\",\"description\":\"Schwenkwand f\u00fcr \u00dcberbad mit geh\u00e4rtetem Glas mit den Ma\u00dfen 5 mm 86x140H cm\",\"breadcrumb\":{\"@id\":\"https:\/\/www.bagnoitalia.com\/de\/produkt\/glaswandschwingtur-5-mm-86x140h-cm-pr014.html#breadcrumb\"},\"inLanguage\":\"de\",\"potentialAction\":[{\"@type\":\"ReadAction\",\"target\":[\"https:\/\/www.bagnoitalia.com\/de\/produkt\/glaswandschwingtur-5-mm-86x140h-cm-pr014.html\"]}]},{\"@type\":\"ImageObject\",\"inLanguage\":\"de\",\"@id\":\"https:\/\/www.bagnoitalia.com\/de\/produkt\/glaswandschwingtur-5-mm-86x140h-cm-pr014.html#primaryimage\",\"url\":\"https:\/\/img.bagnoitalia.com\/wp-content\/uploads\/virtuemart\/product\/5mm-over-tub-glass-panel-pr014-1_1543846052_99.jpg\",\"contentUrl\":\"https:\/\/img.bagnoitalia.com\/wp-content\/uploads\/virtuemart\/product\/5mm-over-tub-glass-panel-pr014-1_1543846052_99.jpg\",\"width\":333,\"height\":400},{\"@type\":\"BreadcrumbList\",\"@id\":\"https:\/\/www.bagnoitalia.com\/de\/produkt\/glaswandschwingtur-5-mm-86x140h-cm-pr014.html#breadcrumb\",\"itemListElement\":[{\"@type\":\"ListItem\",\"position\":1,\"name\":\"Home\",\"item\":\"https:\/\/www.bagnoitalia.com\/de\"},{\"@type\":\"ListItem\",\"position\":2,\"name\":\"Produkte\",\"item\":\"https:\/\/www.bagnoitalia.com\/de\/shop\"},{\"@type\":\"ListItem\",\"position\":3,\"name\":\"PR014 Schwenkt\u00fcr f\u00fcr Badewannen, aus 5mm breitem Glas, 86x140cm\"}]},{\"@type\":\"WebSite\",\"@id\":\"https:\/\/www.bagnoitalia.com\/de#website\",\"url\":\"https:\/\/www.bagnoitalia.com\/de\",\"name\":\"Bagno Italia\",\"description\":\"\",\"publisher\":{\"@id\":\"https:\/\/www.bagnoitalia.com\/de#organization\"},\"potentialAction\":[{\"@type\":\"SearchAction\",\"target\":{\"@type\":\"EntryPoint\",\"urlTemplate\":\"https:\/\/www.bagnoitalia.com\/de?s={search_term_string}\"},\"query-input\":{\"@type\":\"PropertyValueSpecification\",\"valueRequired\":true,\"valueName\":\"search_term_string\"}}],\"inLanguage\":\"de\"},{\"@type\":\"Organization\",\"@id\":\"https:\/\/www.bagnoitalia.com\/de#organization\",\"name\":\"Bagno Italia\",\"url\":\"https:\/\/www.bagnoitalia.com\/de\",\"logo\":{\"@type\":\"ImageObject\",\"inLanguage\":\"de\",\"@id\":\"https:\/\/www.bagnoitalia.com\/de#\/schema\/logo\/image\/\",\"url\":\"https:\/\/img.bagnoitalia.com\/wp-content\/uploads\/logo-bagnoitalia.webp\",\"contentUrl\":\"https:\/\/img.bagnoitalia.com\/wp-content\/uploads\/logo-bagnoitalia.webp\",\"width\":400,\"height\":70,\"caption\":\"Bagno Italia\"},\"image\":{\"@id\":\"https:\/\/www.bagnoitalia.com\/de#\/schema\/logo\/image\/\"}}]}<\/script>\n<!-- \/ Yoast SEO plugin. -->","yoast_head_json":{"title":"Scharnierglaswand 5 mm 86x140H cm","description":"Schwenkwand f\u00fcr \u00dcberbad mit geh\u00e4rtetem Glas mit den Ma\u00dfen 5 mm 86x140H cm","robots":{"index":"index","follow":"follow","max-snippet":"max-snippet:-1","max-image-preview":"max-image-preview:large","max-video-preview":"max-video-preview:-1"},"canonical":"https:\/\/www.bagnoitalia.com\/de\/produkt\/glaswandschwingtur-5-mm-86x140h-cm-pr014.html","og_locale":"de_DE","og_type":"article","og_title":"Scharnierglaswand 5 mm 86x140H cm","og_description":"Schwenkwand f\u00fcr \u00dcberbad mit geh\u00e4rtetem Glas mit den Ma\u00dfen 5 mm 86x140H cm","og_url":"https:\/\/www.bagnoitalia.com\/de\/produkt\/glaswandschwingtur-5-mm-86x140h-cm-pr014.html","og_site_name":"Bagno Italia","article_modified_time":"2024-05-10T21:37:48+00:00","og_image":[{"width":333,"height":400,"url":"https:\/\/img.bagnoitalia.com\/wp-content\/uploads\/virtuemart\/product\/5mm-over-tub-glass-panel-pr014-1_1543846052_99.jpg","type":"image\/jpeg"}],"twitter_card":"summary_large_image","schema":{"@context":"https:\/\/schema.org","@graph":[{"@type":"WebPage","@id":"https:\/\/www.bagnoitalia.com\/de\/produkt\/glaswandschwingtur-5-mm-86x140h-cm-pr014.html","url":"https:\/\/www.bagnoitalia.com\/de\/produkt\/glaswandschwingtur-5-mm-86x140h-cm-pr014.html","name":"Scharnierglaswand 5 mm 86x140H cm","isPartOf":{"@id":"https:\/\/www.bagnoitalia.com\/de#website"},"primaryImageOfPage":{"@id":"https:\/\/www.bagnoitalia.com\/de\/produkt\/glaswandschwingtur-5-mm-86x140h-cm-pr014.html#primaryimage"},"image":{"@id":"https:\/\/www.bagnoitalia.com\/de\/produkt\/glaswandschwingtur-5-mm-86x140h-cm-pr014.html#primaryimage"},"thumbnailUrl":"https:\/\/img.bagnoitalia.com\/wp-content\/uploads\/virtuemart\/product\/5mm-over-tub-glass-panel-pr014-1_1543846052_99.jpg","datePublished":"2016-06-27T12:55:48+00:00","dateModified":"2024-05-10T21:37:48+00:00","description":"Schwenkwand f\u00fcr \u00dcberbad mit geh\u00e4rtetem Glas mit den Ma\u00dfen 5 mm 86x140H cm","breadcrumb":{"@id":"https:\/\/www.bagnoitalia.com\/de\/produkt\/glaswandschwingtur-5-mm-86x140h-cm-pr014.html#breadcrumb"},"inLanguage":"de","potentialAction":[{"@type":"ReadAction","target":["https:\/\/www.bagnoitalia.com\/de\/produkt\/glaswandschwingtur-5-mm-86x140h-cm-pr014.html"]}]},{"@type":"ImageObject","inLanguage":"de","@id":"https:\/\/www.bagnoitalia.com\/de\/produkt\/glaswandschwingtur-5-mm-86x140h-cm-pr014.html#primaryimage","url":"https:\/\/img.bagnoitalia.com\/wp-content\/uploads\/virtuemart\/product\/5mm-over-tub-glass-panel-pr014-1_1543846052_99.jpg","contentUrl":"https:\/\/img.bagnoitalia.com\/wp-content\/uploads\/virtuemart\/product\/5mm-over-tub-glass-panel-pr014-1_1543846052_99.jpg","width":333,"height":400},{"@type":"BreadcrumbList","@id":"https:\/\/www.bagnoitalia.com\/de\/produkt\/glaswandschwingtur-5-mm-86x140h-cm-pr014.html#breadcrumb","itemListElement":[{"@type":"ListItem","position":1,"name":"Home","item":"https:\/\/www.bagnoitalia.com\/de"},{"@type":"ListItem","position":2,"name":"Produkte","item":"https:\/\/www.bagnoitalia.com\/de\/shop"},{"@type":"ListItem","position":3,"name":"PR014 Schwenkt\u00fcr f\u00fcr Badewannen, aus 5mm breitem Glas, 86x140cm"}]},{"@type":"WebSite","@id":"https:\/\/www.bagnoitalia.com\/de#website","url":"https:\/\/www.bagnoitalia.com\/de","name":"Bagno Italia","description":"","publisher":{"@id":"https:\/\/www.bagnoitalia.com\/de#organization"},"potentialAction":[{"@type":"SearchAction","target":{"@type":"EntryPoint","urlTemplate":"https:\/\/www.bagnoitalia.com\/de?s={search_term_string}"},"query-input":{"@type":"PropertyValueSpecification","valueRequired":true,"valueName":"search_term_string"}}],"inLanguage":"de"},{"@type":"Organization","@id":"https:\/\/www.bagnoitalia.com\/de#organization","name":"Bagno Italia","url":"https:\/\/www.bagnoitalia.com\/de","logo":{"@type":"ImageObject","inLanguage":"de","@id":"https:\/\/www.bagnoitalia.com\/de#\/schema\/logo\/image\/","url":"https:\/\/img.bagnoitalia.com\/wp-content\/uploads\/logo-bagnoitalia.webp","contentUrl":"https:\/\/img.bagnoitalia.com\/wp-content\/uploads\/logo-bagnoitalia.webp","width":400,"height":70,"caption":"Bagno Italia"},"image":{"@id":"https:\/\/www.bagnoitalia.com\/de#\/schema\/logo\/image\/"}}]}},"_links":{"self":[{"href":"https:\/\/www.bagnoitalia.com\/de\/wp-json\/wp\/v2\/product\/80111","targetHints":{"allow":["GET"]}}],"collection":[{"href":"https:\/\/www.bagnoitalia.com\/de\/wp-json\/wp\/v2\/product"}],"about":[{"href":"https:\/\/www.bagnoitalia.com\/de\/wp-json\/wp\/v2\/types\/product"}],"replies":[{"embeddable":true,"href":"https:\/\/www.bagnoitalia.com\/de\/wp-json\/wp\/v2\/comments?post=80111"}],"version-history":[{"count":0,"href":"https:\/\/www.bagnoitalia.com\/de\/wp-json\/wp\/v2\/product\/80111\/revisions"}],"wp:featuredmedia":[{"embeddable":true,"href":"https:\/\/www.bagnoitalia.com\/de\/wp-json\/wp\/v2\/media\/31938"}],"wp:attachment":[{"href":"https:\/\/www.bagnoitalia.com\/de\/wp-json\/wp\/v2\/media?parent=80111"}],"wp:term":[{"taxonomy":"product_brand","embeddable":true,"href":"https:\/\/www.bagnoitalia.com\/de\/wp-json\/wp\/v2\/product_brand?post=80111"},{"taxonomy":"product_cat","embeddable":true,"href":"https:\/\/www.bagnoitalia.com\/de\/wp-json\/wp\/v2\/product_cat?post=80111"},{"taxonomy":"product_tag","embeddable":true,"href":"https:\/\/www.bagnoitalia.com\/de\/wp-json\/wp\/v2\/product_tag?post=80111"}],"curies":[{"name":"wp","href":"https:\/\/api.w.org\/{rel}","templated":true}]}}