{"id":80103,"date":"2016-06-22T10:46:12","date_gmt":"2016-06-22T08:46:12","guid":{"rendered":"https:\/\/www.bagnoitalia.com\/product\/outdoor-mobel-ursula-doppelte-schwarze-weise-kissen-mit-sonnenschirm"},"modified":"2024-05-10T23:36:07","modified_gmt":"2024-05-10T21:36:07","slug":"outdoor-mobel-ursula-doppelte-schwarze-weise-kissen-mit-sonnenschirm","status":"publish","type":"product","link":"https:\/\/www.bagnoitalia.com\/de\/produkt\/outdoor-mobel-ursula-doppelte-schwarze-weise-kissen-mit-sonnenschirm.html","title":{"rendered":"Ursula Zweibettliege in schwarz mit wei\u00dfen Kissen und Sonnenblende"},"content":{"rendered":"<p style=\"margin-bottom: 0cm;\"><span style=\"text-decoration: underline; font-size: 12pt;\"><strong>Ursula Outdoor-Einrichtung aus einem schwarzem Rattan-Doppelliegestuhl und wei\u00dfen Kissen<\/strong><\/span><\/p>\n<p style=\"margin-bottom: 0cm;\"><span style=\"font-size: 10pt;\">Wundersch\u00f6ner hochwertiger Rattan-Sonnenliege-Liegestuhl, eine Einrichtungsl\u00f6sung mit feinen modernen Eigenschaften, mit einem zentralen &#8222;Baum&#8220;, von dem ein abdeckender Sonnenschirm herunterf\u00e4llt, wodurch er noch &#8230;<\/span><\/p>\n<p style=\"margin-bottom: 0cm;\"><span style=\"font-size: 12pt;\"><strong>Die Kombination beinhaltet:<\/strong><\/span><\/p>\n<ul>\n<li style=\"margin-bottom: 0cm;\"><span style=\"font-size: 10pt;\">Doppelliegestuhl aus schwarzem Rattan: 202x145x200cm<\/span><\/li>\n<li style=\"margin-bottom: 0cm;\"><span style=\"font-size: 10pt;\">Sonnenblende<\/span><\/li>\n<\/ul>\n<p>&nbsp;<\/p>\n<p style=\"margin-bottom: 0cm;\"><strong><span style=\"font-size: 12pt;\">EIGENSCHAFTEN:<\/span><\/strong><\/p>\n<ul>\n<li style=\"margin-bottom: 0cm;\"><span style=\"font-size: 10pt;\">Rahmen aus eloxiertem Aluminium mit Flechtwerk aus \u00f6kologischem Rattan<\/span><\/li>\n<li style=\"margin-bottom: 0cm;\"><span style=\"font-size: 10pt;\">ganzj\u00e4hrig nutzbar, da wetterresistent<\/span><\/li>\n<li style=\"margin-bottom: 0cm;\"><span style=\"font-size: 10pt;\">Leicht zu waschen<\/span><\/li>\n<li style=\"margin-bottom: 0cm;\"><span style=\"font-size: 10pt;\">Hochwertiges Rattanbett<\/span><\/li>\n<li style=\"margin-bottom: 0cm;\"><span style=\"font-size: 10pt;\">Sonnenblende<\/span><\/li>\n<li style=\"margin-bottom: 0cm;\"><span style=\"font-size: 10pt;\">Zentraler Couchtisch mit Glasplatte<\/span><\/li>\n<li style=\"margin-bottom: 0cm;\"><span style=\"font-size: 10pt;\">Resistent gegen Seewasser<\/span><\/li>\n<li style=\"margin-bottom: 0cm;\"><span style=\"font-size: 10pt;\">Schutz vor UV-Strahlen und Verf\u00e4rbung<\/span><\/li>\n<\/ul>\n","protected":false},"excerpt":{"rendered":"<p>Ursula Outdoor-Einrichtung bestehend aus einem schwarzen Doppelliegestuhl und wei\u00dfen Kissen mit Sonnenblende.<\/p>\n","protected":false},"featured_media":31886,"comment_status":"open","ping_status":"closed","template":"","meta":[],"product_brand":[5021],"product_cat":[10013,9784],"product_tag":[],"class_list":{"0":"post-80103","1":"product","2":"type-product","3":"status-publish","4":"has-post-thumbnail","6":"product_brand-predator-arredo-casa","7":"product_cat-outdoor-sofas-de","8":"product_cat-gartenmobel","10":"first","11":"instock","12":"sale","13":"taxable","14":"shipping-taxable","15":"purchasable","16":"product-type-simple"},"exclude_global_add_ons":[],"addons":[],"yoast_head":"<!-- This site is optimized with the Yoast SEO plugin v26.7 - https:\/\/yoast.com\/wordpress\/plugins\/seo\/ -->\n<title>Outdoor-M\u00f6bel ursula doppelte schwarze wei\u00dfe Kissen mit Sonnenschirm<\/title>\n<meta name=\"description\" content=\"Modellm\u00f6bel von Ursula, bestehend aus einem schwarzen Doppelliegestuhl und wei\u00dfen Kissen mit Sonnenschirm, die im Angebot enthalten sind\" \/>\n<meta name=\"robots\" content=\"index, follow, max-snippet:-1, max-image-preview:large, max-video-preview:-1\" \/>\n<link rel=\"canonical\" href=\"https:\/\/www.bagnoitalia.com\/de\/produkt\/outdoor-mobel-ursula-doppelte-schwarze-weise-kissen-mit-sonnenschirm.html\" \/>\n<meta property=\"og:locale\" content=\"de_DE\" \/>\n<meta property=\"og:type\" content=\"article\" \/>\n<meta property=\"og:title\" content=\"Outdoor-M\u00f6bel ursula doppelte schwarze wei\u00dfe Kissen mit Sonnenschirm\" \/>\n<meta property=\"og:description\" content=\"Modellm\u00f6bel von Ursula, bestehend aus einem schwarzen Doppelliegestuhl und wei\u00dfen Kissen mit Sonnenschirm, die im Angebot enthalten sind\" \/>\n<meta property=\"og:url\" content=\"https:\/\/www.bagnoitalia.com\/de\/produkt\/outdoor-mobel-ursula-doppelte-schwarze-weise-kissen-mit-sonnenschirm.html\" \/>\n<meta property=\"og:site_name\" content=\"Bagno Italia\" \/>\n<meta property=\"article:modified_time\" content=\"2024-05-10T21:36:07+00:00\" \/>\n<meta property=\"og:image\" content=\"https:\/\/img.bagnoitalia.com\/wp-content\/uploads\/virtuemart\/product\/Outdoor-furniture-ursula-model-double-black-deckchair-white-cushions-sunshade-1_1541165881_294.jpg\" \/>\n\t<meta property=\"og:image:width\" content=\"200\" \/>\n\t<meta property=\"og:image:height\" content=\"200\" \/>\n\t<meta property=\"og:image:type\" content=\"image\/jpeg\" \/>\n<meta name=\"twitter:card\" content=\"summary_large_image\" \/>\n<script type=\"application\/ld+json\" class=\"yoast-schema-graph\">{\"@context\":\"https:\/\/schema.org\",\"@graph\":[{\"@type\":\"WebPage\",\"@id\":\"https:\/\/www.bagnoitalia.com\/de\/produkt\/outdoor-mobel-ursula-doppelte-schwarze-weise-kissen-mit-sonnenschirm.html\",\"url\":\"https:\/\/www.bagnoitalia.com\/de\/produkt\/outdoor-mobel-ursula-doppelte-schwarze-weise-kissen-mit-sonnenschirm.html\",\"name\":\"Outdoor-M\u00f6bel ursula doppelte schwarze wei\u00dfe Kissen mit Sonnenschirm\",\"isPartOf\":{\"@id\":\"https:\/\/www.bagnoitalia.com\/de#website\"},\"primaryImageOfPage\":{\"@id\":\"https:\/\/www.bagnoitalia.com\/de\/produkt\/outdoor-mobel-ursula-doppelte-schwarze-weise-kissen-mit-sonnenschirm.html#primaryimage\"},\"image\":{\"@id\":\"https:\/\/www.bagnoitalia.com\/de\/produkt\/outdoor-mobel-ursula-doppelte-schwarze-weise-kissen-mit-sonnenschirm.html#primaryimage\"},\"thumbnailUrl\":\"https:\/\/img.bagnoitalia.com\/wp-content\/uploads\/virtuemart\/product\/Outdoor-furniture-ursula-model-double-black-deckchair-white-cushions-sunshade-1_1541165881_294.jpg\",\"datePublished\":\"2016-06-22T08:46:12+00:00\",\"dateModified\":\"2024-05-10T21:36:07+00:00\",\"description\":\"Modellm\u00f6bel von Ursula, bestehend aus einem schwarzen Doppelliegestuhl und wei\u00dfen Kissen mit Sonnenschirm, die im Angebot enthalten sind\",\"breadcrumb\":{\"@id\":\"https:\/\/www.bagnoitalia.com\/de\/produkt\/outdoor-mobel-ursula-doppelte-schwarze-weise-kissen-mit-sonnenschirm.html#breadcrumb\"},\"inLanguage\":\"de\",\"potentialAction\":[{\"@type\":\"ReadAction\",\"target\":[\"https:\/\/www.bagnoitalia.com\/de\/produkt\/outdoor-mobel-ursula-doppelte-schwarze-weise-kissen-mit-sonnenschirm.html\"]}]},{\"@type\":\"ImageObject\",\"inLanguage\":\"de\",\"@id\":\"https:\/\/www.bagnoitalia.com\/de\/produkt\/outdoor-mobel-ursula-doppelte-schwarze-weise-kissen-mit-sonnenschirm.html#primaryimage\",\"url\":\"https:\/\/img.bagnoitalia.com\/wp-content\/uploads\/virtuemart\/product\/Outdoor-furniture-ursula-model-double-black-deckchair-white-cushions-sunshade-1_1541165881_294.jpg\",\"contentUrl\":\"https:\/\/img.bagnoitalia.com\/wp-content\/uploads\/virtuemart\/product\/Outdoor-furniture-ursula-model-double-black-deckchair-white-cushions-sunshade-1_1541165881_294.jpg\",\"width\":200,\"height\":200},{\"@type\":\"BreadcrumbList\",\"@id\":\"https:\/\/www.bagnoitalia.com\/de\/produkt\/outdoor-mobel-ursula-doppelte-schwarze-weise-kissen-mit-sonnenschirm.html#breadcrumb\",\"itemListElement\":[{\"@type\":\"ListItem\",\"position\":1,\"name\":\"Home\",\"item\":\"https:\/\/www.bagnoitalia.com\/de\"},{\"@type\":\"ListItem\",\"position\":2,\"name\":\"Produkte\",\"item\":\"https:\/\/www.bagnoitalia.com\/de\/shop\"},{\"@type\":\"ListItem\",\"position\":3,\"name\":\"Ursula Zweibettliege in schwarz mit wei\u00dfen Kissen und Sonnenblende\"}]},{\"@type\":\"WebSite\",\"@id\":\"https:\/\/www.bagnoitalia.com\/de#website\",\"url\":\"https:\/\/www.bagnoitalia.com\/de\",\"name\":\"Bagno Italia\",\"description\":\"\",\"publisher\":{\"@id\":\"https:\/\/www.bagnoitalia.com\/de#organization\"},\"potentialAction\":[{\"@type\":\"SearchAction\",\"target\":{\"@type\":\"EntryPoint\",\"urlTemplate\":\"https:\/\/www.bagnoitalia.com\/de?s={search_term_string}\"},\"query-input\":{\"@type\":\"PropertyValueSpecification\",\"valueRequired\":true,\"valueName\":\"search_term_string\"}}],\"inLanguage\":\"de\"},{\"@type\":\"Organization\",\"@id\":\"https:\/\/www.bagnoitalia.com\/de#organization\",\"name\":\"Bagno Italia\",\"url\":\"https:\/\/www.bagnoitalia.com\/de\",\"logo\":{\"@type\":\"ImageObject\",\"inLanguage\":\"de\",\"@id\":\"https:\/\/www.bagnoitalia.com\/de#\/schema\/logo\/image\/\",\"url\":\"https:\/\/img.bagnoitalia.com\/wp-content\/uploads\/logo-bagnoitalia.webp\",\"contentUrl\":\"https:\/\/img.bagnoitalia.com\/wp-content\/uploads\/logo-bagnoitalia.webp\",\"width\":400,\"height\":70,\"caption\":\"Bagno Italia\"},\"image\":{\"@id\":\"https:\/\/www.bagnoitalia.com\/de#\/schema\/logo\/image\/\"}}]}<\/script>\n<!-- \/ Yoast SEO plugin. -->","yoast_head_json":{"title":"Outdoor-M\u00f6bel ursula doppelte schwarze wei\u00dfe Kissen mit Sonnenschirm","description":"Modellm\u00f6bel von Ursula, bestehend aus einem schwarzen Doppelliegestuhl und wei\u00dfen Kissen mit Sonnenschirm, die im Angebot enthalten sind","robots":{"index":"index","follow":"follow","max-snippet":"max-snippet:-1","max-image-preview":"max-image-preview:large","max-video-preview":"max-video-preview:-1"},"canonical":"https:\/\/www.bagnoitalia.com\/de\/produkt\/outdoor-mobel-ursula-doppelte-schwarze-weise-kissen-mit-sonnenschirm.html","og_locale":"de_DE","og_type":"article","og_title":"Outdoor-M\u00f6bel ursula doppelte schwarze wei\u00dfe Kissen mit Sonnenschirm","og_description":"Modellm\u00f6bel von Ursula, bestehend aus einem schwarzen Doppelliegestuhl und wei\u00dfen Kissen mit Sonnenschirm, die im Angebot enthalten sind","og_url":"https:\/\/www.bagnoitalia.com\/de\/produkt\/outdoor-mobel-ursula-doppelte-schwarze-weise-kissen-mit-sonnenschirm.html","og_site_name":"Bagno Italia","article_modified_time":"2024-05-10T21:36:07+00:00","og_image":[{"width":200,"height":200,"url":"https:\/\/img.bagnoitalia.com\/wp-content\/uploads\/virtuemart\/product\/Outdoor-furniture-ursula-model-double-black-deckchair-white-cushions-sunshade-1_1541165881_294.jpg","type":"image\/jpeg"}],"twitter_card":"summary_large_image","schema":{"@context":"https:\/\/schema.org","@graph":[{"@type":"WebPage","@id":"https:\/\/www.bagnoitalia.com\/de\/produkt\/outdoor-mobel-ursula-doppelte-schwarze-weise-kissen-mit-sonnenschirm.html","url":"https:\/\/www.bagnoitalia.com\/de\/produkt\/outdoor-mobel-ursula-doppelte-schwarze-weise-kissen-mit-sonnenschirm.html","name":"Outdoor-M\u00f6bel ursula doppelte schwarze wei\u00dfe Kissen mit Sonnenschirm","isPartOf":{"@id":"https:\/\/www.bagnoitalia.com\/de#website"},"primaryImageOfPage":{"@id":"https:\/\/www.bagnoitalia.com\/de\/produkt\/outdoor-mobel-ursula-doppelte-schwarze-weise-kissen-mit-sonnenschirm.html#primaryimage"},"image":{"@id":"https:\/\/www.bagnoitalia.com\/de\/produkt\/outdoor-mobel-ursula-doppelte-schwarze-weise-kissen-mit-sonnenschirm.html#primaryimage"},"thumbnailUrl":"https:\/\/img.bagnoitalia.com\/wp-content\/uploads\/virtuemart\/product\/Outdoor-furniture-ursula-model-double-black-deckchair-white-cushions-sunshade-1_1541165881_294.jpg","datePublished":"2016-06-22T08:46:12+00:00","dateModified":"2024-05-10T21:36:07+00:00","description":"Modellm\u00f6bel von Ursula, bestehend aus einem schwarzen Doppelliegestuhl und wei\u00dfen Kissen mit Sonnenschirm, die im Angebot enthalten sind","breadcrumb":{"@id":"https:\/\/www.bagnoitalia.com\/de\/produkt\/outdoor-mobel-ursula-doppelte-schwarze-weise-kissen-mit-sonnenschirm.html#breadcrumb"},"inLanguage":"de","potentialAction":[{"@type":"ReadAction","target":["https:\/\/www.bagnoitalia.com\/de\/produkt\/outdoor-mobel-ursula-doppelte-schwarze-weise-kissen-mit-sonnenschirm.html"]}]},{"@type":"ImageObject","inLanguage":"de","@id":"https:\/\/www.bagnoitalia.com\/de\/produkt\/outdoor-mobel-ursula-doppelte-schwarze-weise-kissen-mit-sonnenschirm.html#primaryimage","url":"https:\/\/img.bagnoitalia.com\/wp-content\/uploads\/virtuemart\/product\/Outdoor-furniture-ursula-model-double-black-deckchair-white-cushions-sunshade-1_1541165881_294.jpg","contentUrl":"https:\/\/img.bagnoitalia.com\/wp-content\/uploads\/virtuemart\/product\/Outdoor-furniture-ursula-model-double-black-deckchair-white-cushions-sunshade-1_1541165881_294.jpg","width":200,"height":200},{"@type":"BreadcrumbList","@id":"https:\/\/www.bagnoitalia.com\/de\/produkt\/outdoor-mobel-ursula-doppelte-schwarze-weise-kissen-mit-sonnenschirm.html#breadcrumb","itemListElement":[{"@type":"ListItem","position":1,"name":"Home","item":"https:\/\/www.bagnoitalia.com\/de"},{"@type":"ListItem","position":2,"name":"Produkte","item":"https:\/\/www.bagnoitalia.com\/de\/shop"},{"@type":"ListItem","position":3,"name":"Ursula Zweibettliege in schwarz mit wei\u00dfen Kissen und Sonnenblende"}]},{"@type":"WebSite","@id":"https:\/\/www.bagnoitalia.com\/de#website","url":"https:\/\/www.bagnoitalia.com\/de","name":"Bagno Italia","description":"","publisher":{"@id":"https:\/\/www.bagnoitalia.com\/de#organization"},"potentialAction":[{"@type":"SearchAction","target":{"@type":"EntryPoint","urlTemplate":"https:\/\/www.bagnoitalia.com\/de?s={search_term_string}"},"query-input":{"@type":"PropertyValueSpecification","valueRequired":true,"valueName":"search_term_string"}}],"inLanguage":"de"},{"@type":"Organization","@id":"https:\/\/www.bagnoitalia.com\/de#organization","name":"Bagno Italia","url":"https:\/\/www.bagnoitalia.com\/de","logo":{"@type":"ImageObject","inLanguage":"de","@id":"https:\/\/www.bagnoitalia.com\/de#\/schema\/logo\/image\/","url":"https:\/\/img.bagnoitalia.com\/wp-content\/uploads\/logo-bagnoitalia.webp","contentUrl":"https:\/\/img.bagnoitalia.com\/wp-content\/uploads\/logo-bagnoitalia.webp","width":400,"height":70,"caption":"Bagno Italia"},"image":{"@id":"https:\/\/www.bagnoitalia.com\/de#\/schema\/logo\/image\/"}}]}},"_links":{"self":[{"href":"https:\/\/www.bagnoitalia.com\/de\/wp-json\/wp\/v2\/product\/80103","targetHints":{"allow":["GET"]}}],"collection":[{"href":"https:\/\/www.bagnoitalia.com\/de\/wp-json\/wp\/v2\/product"}],"about":[{"href":"https:\/\/www.bagnoitalia.com\/de\/wp-json\/wp\/v2\/types\/product"}],"replies":[{"embeddable":true,"href":"https:\/\/www.bagnoitalia.com\/de\/wp-json\/wp\/v2\/comments?post=80103"}],"version-history":[{"count":0,"href":"https:\/\/www.bagnoitalia.com\/de\/wp-json\/wp\/v2\/product\/80103\/revisions"}],"wp:featuredmedia":[{"embeddable":true,"href":"https:\/\/www.bagnoitalia.com\/de\/wp-json\/wp\/v2\/media\/31886"}],"wp:attachment":[{"href":"https:\/\/www.bagnoitalia.com\/de\/wp-json\/wp\/v2\/media?parent=80103"}],"wp:term":[{"taxonomy":"product_brand","embeddable":true,"href":"https:\/\/www.bagnoitalia.com\/de\/wp-json\/wp\/v2\/product_brand?post=80103"},{"taxonomy":"product_cat","embeddable":true,"href":"https:\/\/www.bagnoitalia.com\/de\/wp-json\/wp\/v2\/product_cat?post=80103"},{"taxonomy":"product_tag","embeddable":true,"href":"https:\/\/www.bagnoitalia.com\/de\/wp-json\/wp\/v2\/product_tag?post=80103"}],"curies":[{"name":"wp","href":"https:\/\/api.w.org\/{rel}","templated":true}]}}