{"id":80059,"date":"2016-05-31T09:35:10","date_gmt":"2016-05-31T07:35:10","guid":{"rendered":"https:\/\/www.bagnoitalia.com\/product\/klimaanlage-klimaanlage-ariston-monosplit-alys-25-35-50-mc8-und-aeres-70-mc8-wechselrichter-dc-9000-12000-18000-24000-btu"},"modified":"2025-05-31T05:33:53","modified_gmt":"2025-05-31T03:33:53","slug":"klimaanlage-klimaanlage-ariston-monosplit-alys-25-35-50-mc8-und-aeres-70-mc8-wechselrichter-dc-9000-12000-18000-24000-btu","status":"publish","type":"product","link":"https:\/\/www.bagnoitalia.com\/de\/produkt\/klimaanlage-klimaanlage-ariston-monosplit-alys-25-35-50-mc8-und-aeres-70-mc8-wechselrichter-dc-9000-12000-18000-24000-btu.html","title":{"rendered":"Ariston Monosplit Klimaanlage, mit DC 9000, 12000, 18000 und 24000 BTU Inverter, ALYS 25, 35 oder 50MC8 und AERES 70MC8"},"content":{"rendered":"<p><span style=\"text-decoration: underline; font-size: 12pt;\"><strong><span>Ariston Monosplit Klimaanlage,<\/span> Modell ALYS und AERES<\/strong><\/span><\/p>\n<p style=\"margin-bottom: 0cm;\">Derzeit ist A + die h\u00f6chste gesetzlich geforderte und damit verf\u00fcgbare Energieeffizienzstufe. Ariston ist der Zeit hinausgewachsen und f\u00fcgt in seine Produktpalette die Energieklasse A +++ ein, die Kunden h\u00f6chste Effizienz und Effektivit\u00e4t f\u00fcr maximale Zufriedenheit garantiert. Ausgestattet mit der Follow-Me-Funktion, kann die Fernbedienung (die Dank des integrierten Sensors zum Thermostat wird) die Klimaanlage in Abh\u00e4ngigkeit mit dem Ort, in dem sie sich befindet, die Temperatur steuern. Das Wohlbefinden und die Kundenzufriedenheit sind die Basis der Ariston-Philosophie. Aus diesem Grund wurden in allen Produkten innovative technologische Systeme eingebaut, die einen minimalen Ger\u00e4uschpegel w\u00e4hrend des Betriebs gew\u00e4hrleisten, fast so, als ob die Klimaanlage ausgeschaltet w\u00e4re. Dar\u00fcber hinaus verf\u00fcgt die Klimaanlage drei Leistungsst\u00e4rken, d.h. HIGH, MED und LOW, die drei zus\u00e4tzliche automatisch eingestellte Geschwindigkeits-Unterstufen zur Entfeuchtung innehaben. Insgesamt hat das Produkt daher 12 verschiedene Geschwindigkeiten. Schlie\u00dflich haben wir die &#8222;Memory&#8220; -Funktion eingebaut, mit der Sie sowohl die gew\u00fcnschte Temperatur als auch die L\u00fcftergeschwindigkeit einstellen und speichern k\u00f6nnen (funktioniert auch bei der Sleep-Funktion).<\/p>\n<p>&nbsp;<\/p>\n<p><span style=\"text-decoration: underline; font-size: 12pt;\">Der Preis beinhaltet:<\/span><\/p>\n<ul>\n<li><span style=\"font-size: 10pt;\">ALYS Klimaanlage mit 25 VON 9000 BTU Inverter<\/span><\/li>\n<li><span style=\"font-size: 10pt;\">Fernbedienung<\/span><\/li>\n<\/ul>\n<p>&nbsp;<\/p>\n<ul>\n<li><span style=\"font-size: 10pt;\">die anderen Modelle k\u00f6nnen Sie \u00fcber das Men\u00fc hinzuf\u00fcgen.<\/span><\/li>\n<\/ul>\n<p>&nbsp;<\/p>\n<p style=\"text-align: justify;\"><img fetchpriority=\"high\" decoding=\"async\" class=\" size-full wp-image-31511\" src=\"https:\/\/img.bagnoitalia.com\/wp-content\/uploads\/1-3.jpg\" alt=\"\" width=\"625\" height=\"1021\" srcset=\"https:\/\/img.bagnoitalia.com\/wp-content\/uploads\/1-3.jpg 625w, https:\/\/img.bagnoitalia.com\/wp-content\/uploads\/1-3-441x720.jpg 441w, https:\/\/img.bagnoitalia.com\/wp-content\/uploads\/1-3-600x980.jpg 600w, https:\/\/img.bagnoitalia.com\/wp-content\/uploads\/1-3-150x245.jpg 150w\" sizes=\"(max-width: 625px) 100vw, 625px\" \/><\/p>\n<p>&nbsp;<\/p>\n<p>_______________________________________________________________________________________________<\/p>\n<p>&nbsp;<\/p>\n<p style=\"text-align: justify;\"><img decoding=\"async\" class=\" size-full wp-image-31515\" src=\"https:\/\/img.bagnoitalia.com\/wp-content\/uploads\/sche_ALY_123.jpg\" alt=\"\" width=\"609\" height=\"1024\" srcset=\"https:\/\/img.bagnoitalia.com\/wp-content\/uploads\/sche_ALY_123.jpg 609w, https:\/\/img.bagnoitalia.com\/wp-content\/uploads\/sche_ALY_123-441x742.jpg 441w, https:\/\/img.bagnoitalia.com\/wp-content\/uploads\/sche_ALY_123-600x1009.jpg 600w, https:\/\/img.bagnoitalia.com\/wp-content\/uploads\/sche_ALY_123-150x252.jpg 150w\" sizes=\"(max-width: 609px) 100vw, 609px\" \/><\/p>\n<p>&nbsp;<\/p>\n<p>_____________________________________________________________________________________________<\/p>\n<p>&nbsp;<\/p>\n<p><img decoding=\"async\" class=\" size-full wp-image-31519\" src=\"https:\/\/img.bagnoitalia.com\/wp-content\/uploads\/1-4.jpg\" alt=\"\" width=\"624\" height=\"1026\" srcset=\"https:\/\/img.bagnoitalia.com\/wp-content\/uploads\/1-4.jpg 624w, https:\/\/img.bagnoitalia.com\/wp-content\/uploads\/1-4-441x725.jpg 441w, https:\/\/img.bagnoitalia.com\/wp-content\/uploads\/1-4-600x987.jpg 600w, https:\/\/img.bagnoitalia.com\/wp-content\/uploads\/1-4-150x247.jpg 150w\" sizes=\"(max-width: 624px) 100vw, 624px\" \/><\/p>\n<p>&nbsp;<\/p>\n<p>___________________________________________________________________________________________<\/p>\n<p>&nbsp;<\/p>\n<p><img loading=\"lazy\" decoding=\"async\" class=\" size-full wp-image-31523\" src=\"https:\/\/img.bagnoitalia.com\/wp-content\/uploads\/1-2.jpg\" alt=\"\" width=\"610\" height=\"1024\" srcset=\"https:\/\/img.bagnoitalia.com\/wp-content\/uploads\/1-2.jpg 610w, https:\/\/img.bagnoitalia.com\/wp-content\/uploads\/1-2-441x740.jpg 441w, https:\/\/img.bagnoitalia.com\/wp-content\/uploads\/1-2-600x1007.jpg 600w, https:\/\/img.bagnoitalia.com\/wp-content\/uploads\/1-2-150x252.jpg 150w\" sizes=\"(max-width: 610px) 100vw, 610px\" \/><\/p>\n","protected":false},"excerpt":{"rendered":"<p>Ariston Monosplit Klimaanlage. Modell:  ALYS 25 35 50MC8 und AERES 70 MC8. Mit integriertem DC 9000 12000 18000 und 24000 BTU Inverter.<\/p>\n","protected":false},"featured_media":31490,"comment_status":"open","ping_status":"closed","template":"","meta":[],"product_brand":[9880],"product_cat":[15,10116],"product_tag":[],"class_list":{"0":"post-80059","1":"product","2":"type-product","3":"status-publish","4":"has-post-thumbnail","6":"product_brand-vari-produttori-de","7":"product_cat-senza-categoria","8":"product_cat-senza-categoria-de","10":"first","11":"outofstock","12":"taxable","13":"shipping-taxable","14":"purchasable","15":"product-type-simple"},"exclude_global_add_ons":false,"addons":[{"name":"CAMPI_TIPOLOGIA\r\n","type":"select","position":0,"required":true,"title_format":"label","default":"","description_enable":false,"description":"","placeholder_enable":false,"placeholder":"","display":"select","restrictions_type":"any_text","adjust_price":false,"price":"","price_type":"","restrictions":false,"min":"0","max":"0","options":[]}],"yoast_head":"<!-- This site is optimized with the Yoast SEO plugin v26.7 - https:\/\/yoast.com\/wordpress\/plugins\/seo\/ -->\n<title>Klimaanlage Klimaanlage Ariston Monosplit ALYS 25 35 50 MC8 und AERES 70 MC8 Wechselrichter DC 9000 12000 18000 24000 BTU<\/title>\n<meta name=\"description\" content=\"Klimaanlage Klimaanlage Ariston Monosplit Modell ALYS 25 35 50 MC8 und Modell AERES 70 MC8 DC-Wechselrichter 9000 12000 18000 und 24000 BTU\" \/>\n<meta name=\"robots\" content=\"index, follow, max-snippet:-1, max-image-preview:large, max-video-preview:-1\" \/>\n<link rel=\"canonical\" href=\"https:\/\/www.bagnoitalia.com\/de\/produkt\/klimaanlage-klimaanlage-ariston-monosplit-alys-25-35-50-mc8-und-aeres-70-mc8-wechselrichter-dc-9000-12000-18000-24000-btu.html\" \/>\n<meta property=\"og:locale\" content=\"de_DE\" \/>\n<meta property=\"og:type\" content=\"article\" \/>\n<meta property=\"og:title\" content=\"Klimaanlage Klimaanlage Ariston Monosplit ALYS 25 35 50 MC8 und AERES 70 MC8 Wechselrichter DC 9000 12000 18000 24000 BTU\" \/>\n<meta property=\"og:description\" content=\"Klimaanlage Klimaanlage Ariston Monosplit Modell ALYS 25 35 50 MC8 und Modell AERES 70 MC8 DC-Wechselrichter 9000 12000 18000 und 24000 BTU\" \/>\n<meta property=\"og:url\" content=\"https:\/\/www.bagnoitalia.com\/de\/produkt\/klimaanlage-klimaanlage-ariston-monosplit-alys-25-35-50-mc8-und-aeres-70-mc8-wechselrichter-dc-9000-12000-18000-24000-btu.html\" \/>\n<meta property=\"og:site_name\" content=\"Bagno Italia\" \/>\n<meta property=\"article:modified_time\" content=\"2025-05-31T03:33:53+00:00\" \/>\n<meta property=\"og:image\" content=\"https:\/\/img.bagnoitalia.com\/wp-content\/uploads\/virtuemart\/product\/ariston-alys-air-conditioner-monosplit-12_1544623195_734.jpg\" \/>\n\t<meta property=\"og:image:width\" content=\"515\" \/>\n\t<meta property=\"og:image:height\" content=\"515\" \/>\n\t<meta property=\"og:image:type\" content=\"image\/jpeg\" \/>\n<meta name=\"twitter:card\" content=\"summary_large_image\" \/>\n<meta name=\"twitter:label1\" content=\"Gesch\u00e4tzte Lesezeit\" \/>\n\t<meta name=\"twitter:data1\" content=\"1\u00a0Minute\" \/>\n<script type=\"application\/ld+json\" class=\"yoast-schema-graph\">{\"@context\":\"https:\/\/schema.org\",\"@graph\":[{\"@type\":\"WebPage\",\"@id\":\"https:\/\/www.bagnoitalia.com\/de\/produkt\/klimaanlage-klimaanlage-ariston-monosplit-alys-25-35-50-mc8-und-aeres-70-mc8-wechselrichter-dc-9000-12000-18000-24000-btu.html\",\"url\":\"https:\/\/www.bagnoitalia.com\/de\/produkt\/klimaanlage-klimaanlage-ariston-monosplit-alys-25-35-50-mc8-und-aeres-70-mc8-wechselrichter-dc-9000-12000-18000-24000-btu.html\",\"name\":\"Klimaanlage Klimaanlage Ariston Monosplit ALYS 25 35 50 MC8 und AERES 70 MC8 Wechselrichter DC 9000 12000 18000 24000 BTU\",\"isPartOf\":{\"@id\":\"https:\/\/www.bagnoitalia.com\/de#website\"},\"primaryImageOfPage\":{\"@id\":\"https:\/\/www.bagnoitalia.com\/de\/produkt\/klimaanlage-klimaanlage-ariston-monosplit-alys-25-35-50-mc8-und-aeres-70-mc8-wechselrichter-dc-9000-12000-18000-24000-btu.html#primaryimage\"},\"image\":{\"@id\":\"https:\/\/www.bagnoitalia.com\/de\/produkt\/klimaanlage-klimaanlage-ariston-monosplit-alys-25-35-50-mc8-und-aeres-70-mc8-wechselrichter-dc-9000-12000-18000-24000-btu.html#primaryimage\"},\"thumbnailUrl\":\"https:\/\/img.bagnoitalia.com\/wp-content\/uploads\/virtuemart\/product\/ariston-alys-air-conditioner-monosplit-12_1544623195_734.jpg\",\"datePublished\":\"2016-05-31T07:35:10+00:00\",\"dateModified\":\"2025-05-31T03:33:53+00:00\",\"description\":\"Klimaanlage Klimaanlage Ariston Monosplit Modell ALYS 25 35 50 MC8 und Modell AERES 70 MC8 DC-Wechselrichter 9000 12000 18000 und 24000 BTU\",\"breadcrumb\":{\"@id\":\"https:\/\/www.bagnoitalia.com\/de\/produkt\/klimaanlage-klimaanlage-ariston-monosplit-alys-25-35-50-mc8-und-aeres-70-mc8-wechselrichter-dc-9000-12000-18000-24000-btu.html#breadcrumb\"},\"inLanguage\":\"de\",\"potentialAction\":[{\"@type\":\"ReadAction\",\"target\":[\"https:\/\/www.bagnoitalia.com\/de\/produkt\/klimaanlage-klimaanlage-ariston-monosplit-alys-25-35-50-mc8-und-aeres-70-mc8-wechselrichter-dc-9000-12000-18000-24000-btu.html\"]}]},{\"@type\":\"ImageObject\",\"inLanguage\":\"de\",\"@id\":\"https:\/\/www.bagnoitalia.com\/de\/produkt\/klimaanlage-klimaanlage-ariston-monosplit-alys-25-35-50-mc8-und-aeres-70-mc8-wechselrichter-dc-9000-12000-18000-24000-btu.html#primaryimage\",\"url\":\"https:\/\/img.bagnoitalia.com\/wp-content\/uploads\/virtuemart\/product\/ariston-alys-air-conditioner-monosplit-12_1544623195_734.jpg\",\"contentUrl\":\"https:\/\/img.bagnoitalia.com\/wp-content\/uploads\/virtuemart\/product\/ariston-alys-air-conditioner-monosplit-12_1544623195_734.jpg\",\"width\":515,\"height\":515},{\"@type\":\"BreadcrumbList\",\"@id\":\"https:\/\/www.bagnoitalia.com\/de\/produkt\/klimaanlage-klimaanlage-ariston-monosplit-alys-25-35-50-mc8-und-aeres-70-mc8-wechselrichter-dc-9000-12000-18000-24000-btu.html#breadcrumb\",\"itemListElement\":[{\"@type\":\"ListItem\",\"position\":1,\"name\":\"Home\",\"item\":\"https:\/\/www.bagnoitalia.com\/de\"},{\"@type\":\"ListItem\",\"position\":2,\"name\":\"Produkte\",\"item\":\"https:\/\/www.bagnoitalia.com\/de\/shop\"},{\"@type\":\"ListItem\",\"position\":3,\"name\":\"Ariston Monosplit Klimaanlage, mit DC 9000, 12000, 18000 und 24000 BTU Inverter, ALYS 25, 35 oder 50MC8 und AERES 70MC8\"}]},{\"@type\":\"WebSite\",\"@id\":\"https:\/\/www.bagnoitalia.com\/de#website\",\"url\":\"https:\/\/www.bagnoitalia.com\/de\",\"name\":\"Bagno Italia\",\"description\":\"\",\"publisher\":{\"@id\":\"https:\/\/www.bagnoitalia.com\/de#organization\"},\"potentialAction\":[{\"@type\":\"SearchAction\",\"target\":{\"@type\":\"EntryPoint\",\"urlTemplate\":\"https:\/\/www.bagnoitalia.com\/de?s={search_term_string}\"},\"query-input\":{\"@type\":\"PropertyValueSpecification\",\"valueRequired\":true,\"valueName\":\"search_term_string\"}}],\"inLanguage\":\"de\"},{\"@type\":\"Organization\",\"@id\":\"https:\/\/www.bagnoitalia.com\/de#organization\",\"name\":\"Bagno Italia\",\"url\":\"https:\/\/www.bagnoitalia.com\/de\",\"logo\":{\"@type\":\"ImageObject\",\"inLanguage\":\"de\",\"@id\":\"https:\/\/www.bagnoitalia.com\/de#\/schema\/logo\/image\/\",\"url\":\"https:\/\/img.bagnoitalia.com\/wp-content\/uploads\/logo-bagnoitalia.webp\",\"contentUrl\":\"https:\/\/img.bagnoitalia.com\/wp-content\/uploads\/logo-bagnoitalia.webp\",\"width\":400,\"height\":70,\"caption\":\"Bagno Italia\"},\"image\":{\"@id\":\"https:\/\/www.bagnoitalia.com\/de#\/schema\/logo\/image\/\"}}]}<\/script>\n<!-- \/ Yoast SEO plugin. -->","yoast_head_json":{"title":"Klimaanlage Klimaanlage Ariston Monosplit ALYS 25 35 50 MC8 und AERES 70 MC8 Wechselrichter DC 9000 12000 18000 24000 BTU","description":"Klimaanlage Klimaanlage Ariston Monosplit Modell ALYS 25 35 50 MC8 und Modell AERES 70 MC8 DC-Wechselrichter 9000 12000 18000 und 24000 BTU","robots":{"index":"index","follow":"follow","max-snippet":"max-snippet:-1","max-image-preview":"max-image-preview:large","max-video-preview":"max-video-preview:-1"},"canonical":"https:\/\/www.bagnoitalia.com\/de\/produkt\/klimaanlage-klimaanlage-ariston-monosplit-alys-25-35-50-mc8-und-aeres-70-mc8-wechselrichter-dc-9000-12000-18000-24000-btu.html","og_locale":"de_DE","og_type":"article","og_title":"Klimaanlage Klimaanlage Ariston Monosplit ALYS 25 35 50 MC8 und AERES 70 MC8 Wechselrichter DC 9000 12000 18000 24000 BTU","og_description":"Klimaanlage Klimaanlage Ariston Monosplit Modell ALYS 25 35 50 MC8 und Modell AERES 70 MC8 DC-Wechselrichter 9000 12000 18000 und 24000 BTU","og_url":"https:\/\/www.bagnoitalia.com\/de\/produkt\/klimaanlage-klimaanlage-ariston-monosplit-alys-25-35-50-mc8-und-aeres-70-mc8-wechselrichter-dc-9000-12000-18000-24000-btu.html","og_site_name":"Bagno Italia","article_modified_time":"2025-05-31T03:33:53+00:00","og_image":[{"width":515,"height":515,"url":"https:\/\/img.bagnoitalia.com\/wp-content\/uploads\/virtuemart\/product\/ariston-alys-air-conditioner-monosplit-12_1544623195_734.jpg","type":"image\/jpeg"}],"twitter_card":"summary_large_image","twitter_misc":{"Gesch\u00e4tzte Lesezeit":"1\u00a0Minute"},"schema":{"@context":"https:\/\/schema.org","@graph":[{"@type":"WebPage","@id":"https:\/\/www.bagnoitalia.com\/de\/produkt\/klimaanlage-klimaanlage-ariston-monosplit-alys-25-35-50-mc8-und-aeres-70-mc8-wechselrichter-dc-9000-12000-18000-24000-btu.html","url":"https:\/\/www.bagnoitalia.com\/de\/produkt\/klimaanlage-klimaanlage-ariston-monosplit-alys-25-35-50-mc8-und-aeres-70-mc8-wechselrichter-dc-9000-12000-18000-24000-btu.html","name":"Klimaanlage Klimaanlage Ariston Monosplit ALYS 25 35 50 MC8 und AERES 70 MC8 Wechselrichter DC 9000 12000 18000 24000 BTU","isPartOf":{"@id":"https:\/\/www.bagnoitalia.com\/de#website"},"primaryImageOfPage":{"@id":"https:\/\/www.bagnoitalia.com\/de\/produkt\/klimaanlage-klimaanlage-ariston-monosplit-alys-25-35-50-mc8-und-aeres-70-mc8-wechselrichter-dc-9000-12000-18000-24000-btu.html#primaryimage"},"image":{"@id":"https:\/\/www.bagnoitalia.com\/de\/produkt\/klimaanlage-klimaanlage-ariston-monosplit-alys-25-35-50-mc8-und-aeres-70-mc8-wechselrichter-dc-9000-12000-18000-24000-btu.html#primaryimage"},"thumbnailUrl":"https:\/\/img.bagnoitalia.com\/wp-content\/uploads\/virtuemart\/product\/ariston-alys-air-conditioner-monosplit-12_1544623195_734.jpg","datePublished":"2016-05-31T07:35:10+00:00","dateModified":"2025-05-31T03:33:53+00:00","description":"Klimaanlage Klimaanlage Ariston Monosplit Modell ALYS 25 35 50 MC8 und Modell AERES 70 MC8 DC-Wechselrichter 9000 12000 18000 und 24000 BTU","breadcrumb":{"@id":"https:\/\/www.bagnoitalia.com\/de\/produkt\/klimaanlage-klimaanlage-ariston-monosplit-alys-25-35-50-mc8-und-aeres-70-mc8-wechselrichter-dc-9000-12000-18000-24000-btu.html#breadcrumb"},"inLanguage":"de","potentialAction":[{"@type":"ReadAction","target":["https:\/\/www.bagnoitalia.com\/de\/produkt\/klimaanlage-klimaanlage-ariston-monosplit-alys-25-35-50-mc8-und-aeres-70-mc8-wechselrichter-dc-9000-12000-18000-24000-btu.html"]}]},{"@type":"ImageObject","inLanguage":"de","@id":"https:\/\/www.bagnoitalia.com\/de\/produkt\/klimaanlage-klimaanlage-ariston-monosplit-alys-25-35-50-mc8-und-aeres-70-mc8-wechselrichter-dc-9000-12000-18000-24000-btu.html#primaryimage","url":"https:\/\/img.bagnoitalia.com\/wp-content\/uploads\/virtuemart\/product\/ariston-alys-air-conditioner-monosplit-12_1544623195_734.jpg","contentUrl":"https:\/\/img.bagnoitalia.com\/wp-content\/uploads\/virtuemart\/product\/ariston-alys-air-conditioner-monosplit-12_1544623195_734.jpg","width":515,"height":515},{"@type":"BreadcrumbList","@id":"https:\/\/www.bagnoitalia.com\/de\/produkt\/klimaanlage-klimaanlage-ariston-monosplit-alys-25-35-50-mc8-und-aeres-70-mc8-wechselrichter-dc-9000-12000-18000-24000-btu.html#breadcrumb","itemListElement":[{"@type":"ListItem","position":1,"name":"Home","item":"https:\/\/www.bagnoitalia.com\/de"},{"@type":"ListItem","position":2,"name":"Produkte","item":"https:\/\/www.bagnoitalia.com\/de\/shop"},{"@type":"ListItem","position":3,"name":"Ariston Monosplit Klimaanlage, mit DC 9000, 12000, 18000 und 24000 BTU Inverter, ALYS 25, 35 oder 50MC8 und AERES 70MC8"}]},{"@type":"WebSite","@id":"https:\/\/www.bagnoitalia.com\/de#website","url":"https:\/\/www.bagnoitalia.com\/de","name":"Bagno Italia","description":"","publisher":{"@id":"https:\/\/www.bagnoitalia.com\/de#organization"},"potentialAction":[{"@type":"SearchAction","target":{"@type":"EntryPoint","urlTemplate":"https:\/\/www.bagnoitalia.com\/de?s={search_term_string}"},"query-input":{"@type":"PropertyValueSpecification","valueRequired":true,"valueName":"search_term_string"}}],"inLanguage":"de"},{"@type":"Organization","@id":"https:\/\/www.bagnoitalia.com\/de#organization","name":"Bagno Italia","url":"https:\/\/www.bagnoitalia.com\/de","logo":{"@type":"ImageObject","inLanguage":"de","@id":"https:\/\/www.bagnoitalia.com\/de#\/schema\/logo\/image\/","url":"https:\/\/img.bagnoitalia.com\/wp-content\/uploads\/logo-bagnoitalia.webp","contentUrl":"https:\/\/img.bagnoitalia.com\/wp-content\/uploads\/logo-bagnoitalia.webp","width":400,"height":70,"caption":"Bagno Italia"},"image":{"@id":"https:\/\/www.bagnoitalia.com\/de#\/schema\/logo\/image\/"}}]}},"_links":{"self":[{"href":"https:\/\/www.bagnoitalia.com\/de\/wp-json\/wp\/v2\/product\/80059","targetHints":{"allow":["GET"]}}],"collection":[{"href":"https:\/\/www.bagnoitalia.com\/de\/wp-json\/wp\/v2\/product"}],"about":[{"href":"https:\/\/www.bagnoitalia.com\/de\/wp-json\/wp\/v2\/types\/product"}],"replies":[{"embeddable":true,"href":"https:\/\/www.bagnoitalia.com\/de\/wp-json\/wp\/v2\/comments?post=80059"}],"version-history":[{"count":0,"href":"https:\/\/www.bagnoitalia.com\/de\/wp-json\/wp\/v2\/product\/80059\/revisions"}],"wp:featuredmedia":[{"embeddable":true,"href":"https:\/\/www.bagnoitalia.com\/de\/wp-json\/wp\/v2\/media\/31490"}],"wp:attachment":[{"href":"https:\/\/www.bagnoitalia.com\/de\/wp-json\/wp\/v2\/media?parent=80059"}],"wp:term":[{"taxonomy":"product_brand","embeddable":true,"href":"https:\/\/www.bagnoitalia.com\/de\/wp-json\/wp\/v2\/product_brand?post=80059"},{"taxonomy":"product_cat","embeddable":true,"href":"https:\/\/www.bagnoitalia.com\/de\/wp-json\/wp\/v2\/product_cat?post=80059"},{"taxonomy":"product_tag","embeddable":true,"href":"https:\/\/www.bagnoitalia.com\/de\/wp-json\/wp\/v2\/product_tag?post=80059"}],"curies":[{"name":"wp","href":"https:\/\/api.w.org\/{rel}","templated":true}]}}